{"id":4525,"date":"2025-07-20T17:36:52","date_gmt":"2025-07-20T15:36:52","guid":{"rendered":"https:\/\/kadence.nanoclean.dev\/produkt\/solution-nettoyante-et-desinfectante-pour-micro-ondes-nanocleanac8-home\/"},"modified":"2025-10-24T11:48:34","modified_gmt":"2025-10-24T09:48:34","slug":"solution-nettoyante-et-desinfectante-pour-micro-ondes-nanocleanac8-home","status":"publish","type":"product","link":"https:\/\/nanoclean24.com\/fr\/produit\/solution-nettoyante-et-desinfectante-pour-micro-ondes-nanocleanac8-home\/","title":{"rendered":"NANOCLEAN\u00ae AC8 HOME MICRO-ONDES liquide nettoyant et d\u00e9sinfectant en vaporisateur 490ML"},"content":{"rendered":"<p><strong>5in1 : Nettoyage, rafra\u00eechissement, d\u00e9senfumage, d\u00e9sinfection, protection<\/strong><\/p>\n<p>D\u00e9couvrez NANOCLEAN AC8 POUR MICRO-ONDES, une pr\u00e9paration innovante 5 en 1 qui offre un entretien complet de votre micro-ondes. Ce produit exceptionnel nettoie, rafra\u00eechit, \u00e9limine les moisissures, d\u00e9sinfecte et prot\u00e8ge contre le d\u00e9veloppement de moisissures et d&rsquo;odeurs d\u00e9sagr\u00e9ables, garantissant une propret\u00e9 et une hygi\u00e8ne impeccables. <\/p>\n<h3><b>Avantages d&rsquo;utilisation<\/b><\/h3>\n<ul>\n<li>Neutralisation Instantan\u00e9e des Odeurs : \u00c9limine toutes les odeurs d\u00e9sagr\u00e9ables, laissant le micro-ondes frais et pr\u00eat \u00e0 l&#8217;emploi.<\/li>\n<li>Nettoyage Efficace : \u00c9limine efficacement la graisse, les r\u00e9sidus alimentaires et les d\u00e9p\u00f4ts, en prenant soin de tous les \u00e9l\u00e9ments du micro-ondes.<\/li>\n<li>\u00c9limination des Moisissures et D\u00e9sinfection : La formule compl\u00e8te assure une \u00e9limination totale des moisissures et une d\u00e9sinfection en un seul processus, \u00e9liminant les risques biologiques.<\/li>\n<li>Protection Contre la Moisissure : Cr\u00e9e une barri\u00e8re protectrice qui emp\u00eache le d\u00e9veloppement de moisissures et de micro-organismes, assurant une hygi\u00e8ne durable, m\u00eame lorsque l&rsquo;appareil n&rsquo;est pas utilis\u00e9 pendant une longue p\u00e9riode.<\/li>\n<\/ul>\n<h3><b>Mode d&#8217;emploi <\/b><\/h3>\n<ol>\n<li>Attention : Suivez toujours les recommandations du manuel d&rsquo;utilisation du fabricant du micro-ondes.<\/li>\n<li>Videz le micro-ondes en retirant tous les plats et accessoires.<\/li>\n<li>Vaporisez NANOCLEAN AC8 POUR MICRO-ONDES sur toutes les surfaces int\u00e9rieures du micro-ondes, y compris le plateau tournant, la cavit\u00e9 et les joints de porte, et attendez 5 \u00e0 15 minutes pour d\u00e9sinfecter toutes les surfaces.<\/li>\n<li>Nettoyez m\u00e9caniquement le plateau tournant et les autres parties amovibles avec une brosse ou une \u00e9ponge et rincez-les \u00e0 l&rsquo;eau courante.<\/li>\n<li>Remettez en place les pi\u00e8ces nettoy\u00e9es dans le micro-ondes.<\/li>\n<li>Allumez le micro-ondes pour un court cycle sans nourriture pour terminer le processus de nettoyage et de d\u00e9sinfection.<\/li>\n<\/ol>\n<p>Note : NANOCLEAN AC8 est \u00e9galement efficace dans les situations d&rsquo;urgence. \u00c9limine instantan\u00e9ment toutes les odeurs d\u00e9sagr\u00e9ables, nettoie et d\u00e9sinfecte lorsque le micro-ondes a \u00e9t\u00e9 contamin\u00e9 par des restes de nourriture ou de la moisissure suite \u00e0 une mauvaise utilisation. <\/p>\n<p>Les produits biocides doivent \u00eatre utilis\u00e9s avec pr\u00e9caution. Lisez l&rsquo;\u00e9tiquette et les informations sur le produit avant chaque utilisation. <\/p>\n<h3><b>Agr\u00e9ments<\/b><\/h3>\n<ul>\n<li>Autorisation de mise sur le march\u00e9 de produits biocides : N\u00b0 7406\/18.<\/li>\n<li>Agr\u00e9ment PZH : n\u00b0 B.BK.60112.0333.2023.<\/li>\n<li>NON-INFLAMMABLE : formule \u00e0 base d&rsquo;eau, sans alcool, ininflammable, sans acides, sans ph\u00e9nols, sans solvants organiques.<\/li>\n<\/ul>\n","protected":false},"excerpt":{"rendered":"<p>\u2705 Formule innovante Sans Chlore et Sans Alcool : Utilisation sans vapeurs nocives, s\u00fbre pour la sant\u00e9.\u2705 Sans parfum ou d\u00e9licat parfum floral : Choisissez la version sans parfum ou un d\u00e9licat ar\u00f4me floral pour un rafra\u00eechissement suppl\u00e9mentaire.\u2705 \u00c9limination des moisissures et bact\u00e9ries : Le Spectre Biocide Complet est la seule solution sur le march\u00e9 qui \u00e9limine efficacement les bact\u00e9ries, virus, champignons, moisissures, spores et mycobact\u00e9ries, assurant le plus haut niveau d&rsquo;hygi\u00e8ne.\u2705 S\u00fbr pour les Plastiques, les Joints et les M\u00e9taux : Formule con\u00e7ue pour les \u00e9l\u00e9ments d\u00e9licats du micro-ondes, sans risque de dommages.<\/p>\n","protected":false},"featured_media":0,"template":"","meta":{"_kad_blocks_custom_css":"","_kad_blocks_head_custom_js":"","_kad_blocks_body_custom_js":"","_kad_blocks_footer_custom_js":"","_kad_post_transparent":"","_kad_post_title":"","_kad_post_layout":"","_kad_post_sidebar_id":"","_kad_post_content_style":"","_kad_post_vertical_padding":"","_kad_post_feature":"","_kad_post_feature_position":"","_kad_post_header":false,"_kad_post_footer":false,"_kad_post_classname":""},"product_brand":[],"product_cat":[84],"product_tag":[],"class_list":{"0":"post-4525","1":"product","2":"type-product","3":"status-publish","5":"product_cat-ac8-home","7":"first","8":"outofstock","9":"taxable","10":"shipping-taxable","11":"purchasable","12":"product-type-simple","13":"entry","14":"content-bg","15":"loop-entry"},"yoast_head":"<!-- This site is optimized with the Yoast SEO plugin v27.4 - https:\/\/yoast.com\/product\/yoast-seo-wordpress\/ -->\n<title>NANOCLEAN\u00ae AC8 HOME MICRO-ONDES liquide nettoyant et d\u00e9sinfectant en vaporisateur 490ML - NANOCLEAN<\/title>\n<meta name=\"robots\" content=\"index, follow, max-snippet:-1, max-image-preview:large, max-video-preview:-1\" \/>\n<link rel=\"canonical\" href=\"https:\/\/nanoclean24.com\/fr\/produit\/solution-nettoyante-et-desinfectante-pour-micro-ondes-nanocleanac8-home\/\" \/>\n<meta property=\"og:locale\" content=\"fr_FR\" \/>\n<meta property=\"og:type\" content=\"article\" \/>\n<meta property=\"og:title\" content=\"NANOCLEAN\u00ae AC8 HOME MICRO-ONDES liquide nettoyant et d\u00e9sinfectant en vaporisateur 490ML - NANOCLEAN\" \/>\n<meta property=\"og:description\" content=\"\u2705 Formule innovante Sans Chlore et Sans Alcool : Utilisation sans vapeurs nocives, s\u00fbre pour la sant\u00e9.\u2705 Sans parfum ou d\u00e9licat parfum floral : Choisissez la version sans parfum ou un d\u00e9licat ar\u00f4me floral pour un rafra\u00eechissement suppl\u00e9mentaire.\u2705 \u00c9limination des moisissures et bact\u00e9ries : Le Spectre Biocide Complet est la seule solution sur le march\u00e9 qui \u00e9limine efficacement les bact\u00e9ries, virus, champignons, moisissures, spores et mycobact\u00e9ries, assurant le plus haut niveau d&#039;hygi\u00e8ne.\u2705 S\u00fbr pour les Plastiques, les Joints et les M\u00e9taux : Formule con\u00e7ue pour les \u00e9l\u00e9ments d\u00e9licats du micro-ondes, sans risque de dommages.\" \/>\n<meta property=\"og:url\" content=\"https:\/\/nanoclean24.com\/fr\/produit\/solution-nettoyante-et-desinfectante-pour-micro-ondes-nanocleanac8-home\/\" \/>\n<meta property=\"og:site_name\" content=\"NANOCLEAN\" \/>\n<meta property=\"article:modified_time\" content=\"2025-10-24T09:48:34+00:00\" \/>\n<meta property=\"og:image\" content=\"https:\/\/nanoclean24.com\/wp-content\/uploads\/2025\/07\/Projekt-bez-nazwy.jpg\" \/>\n\t<meta property=\"og:image:width\" content=\"1280\" \/>\n\t<meta property=\"og:image:height\" content=\"1280\" \/>\n\t<meta property=\"og:image:type\" content=\"image\/jpeg\" \/>\n<meta name=\"twitter:card\" content=\"summary_large_image\" \/>\n<meta name=\"twitter:label1\" content=\"Dur\u00e9e de lecture estim\u00e9e\" \/>\n\t<meta name=\"twitter:data1\" content=\"2 minutes\" \/>\n<script type=\"application\/ld+json\" class=\"yoast-schema-graph\">{\"@context\":\"https:\\\/\\\/schema.org\",\"@graph\":[{\"@type\":\"WebPage\",\"@id\":\"https:\\\/\\\/nanoclean24.com\\\/fr\\\/produit\\\/solution-nettoyante-et-desinfectante-pour-micro-ondes-nanocleanac8-home\\\/\",\"url\":\"https:\\\/\\\/nanoclean24.com\\\/fr\\\/produit\\\/solution-nettoyante-et-desinfectante-pour-micro-ondes-nanocleanac8-home\\\/\",\"name\":\"NANOCLEAN\u00ae AC8 HOME MICRO-ONDES liquide nettoyant et d\u00e9sinfectant en vaporisateur 490ML - NANOCLEAN\",\"isPartOf\":{\"@id\":\"https:\\\/\\\/nanoclean24.com\\\/fr\\\/#website\"},\"datePublished\":\"2025-07-20T15:36:52+00:00\",\"dateModified\":\"2025-10-24T09:48:34+00:00\",\"breadcrumb\":{\"@id\":\"https:\\\/\\\/nanoclean24.com\\\/fr\\\/produit\\\/solution-nettoyante-et-desinfectante-pour-micro-ondes-nanocleanac8-home\\\/#breadcrumb\"},\"inLanguage\":\"fr-FR\",\"potentialAction\":[{\"@type\":\"ReadAction\",\"target\":[\"https:\\\/\\\/nanoclean24.com\\\/fr\\\/produit\\\/solution-nettoyante-et-desinfectante-pour-micro-ondes-nanocleanac8-home\\\/\"]}]},{\"@type\":\"BreadcrumbList\",\"@id\":\"https:\\\/\\\/nanoclean24.com\\\/fr\\\/produit\\\/solution-nettoyante-et-desinfectante-pour-micro-ondes-nanocleanac8-home\\\/#breadcrumb\",\"itemListElement\":[{\"@type\":\"ListItem\",\"position\":1,\"name\":\"Strona g\u0142\u00f3wna\",\"item\":\"https:\\\/\\\/nanoclean24.com\\\/fr\\\/\"},{\"@type\":\"ListItem\",\"position\":2,\"name\":\"Boutique\",\"item\":\"https:\\\/\\\/nanoclean24.com\\\/shop\\\/\"},{\"@type\":\"ListItem\",\"position\":3,\"name\":\"NANOCLEAN\u00ae AC8 HOME MICRO-ONDES liquide nettoyant et d\u00e9sinfectant en vaporisateur 490ML\"}]},{\"@type\":\"WebSite\",\"@id\":\"https:\\\/\\\/nanoclean24.com\\\/fr\\\/#website\",\"url\":\"https:\\\/\\\/nanoclean24.com\\\/fr\\\/\",\"name\":\"NanoClean\",\"description\":\"\",\"publisher\":{\"@id\":\"https:\\\/\\\/nanoclean24.com\\\/fr\\\/#organization\"},\"potentialAction\":[{\"@type\":\"SearchAction\",\"target\":{\"@type\":\"EntryPoint\",\"urlTemplate\":\"https:\\\/\\\/nanoclean24.com\\\/fr\\\/?s={search_term_string}\"},\"query-input\":{\"@type\":\"PropertyValueSpecification\",\"valueRequired\":true,\"valueName\":\"search_term_string\"}}],\"inLanguage\":\"fr-FR\"},{\"@type\":\"Organization\",\"@id\":\"https:\\\/\\\/nanoclean24.com\\\/fr\\\/#organization\",\"name\":\"NanoClean\",\"url\":\"https:\\\/\\\/nanoclean24.com\\\/fr\\\/\",\"logo\":{\"@type\":\"ImageObject\",\"inLanguage\":\"fr-FR\",\"@id\":\"https:\\\/\\\/nanoclean24.com\\\/fr\\\/#\\\/schema\\\/logo\\\/image\\\/\",\"url\":\"https:\\\/\\\/nanoclean24.com\\\/wp-content\\\/uploads\\\/2025\\\/07\\\/logo-2.jpg\",\"contentUrl\":\"https:\\\/\\\/nanoclean24.com\\\/wp-content\\\/uploads\\\/2025\\\/07\\\/logo-2.jpg\",\"width\":1068,\"height\":224,\"caption\":\"NanoClean\"},\"image\":{\"@id\":\"https:\\\/\\\/nanoclean24.com\\\/fr\\\/#\\\/schema\\\/logo\\\/image\\\/\"}}]}<\/script>\n<!-- \/ Yoast SEO plugin. -->","yoast_head_json":{"title":"NANOCLEAN\u00ae AC8 HOME MICRO-ONDES liquide nettoyant et d\u00e9sinfectant en vaporisateur 490ML - NANOCLEAN","robots":{"index":"index","follow":"follow","max-snippet":"max-snippet:-1","max-image-preview":"max-image-preview:large","max-video-preview":"max-video-preview:-1"},"canonical":"https:\/\/nanoclean24.com\/fr\/produit\/solution-nettoyante-et-desinfectante-pour-micro-ondes-nanocleanac8-home\/","og_locale":"fr_FR","og_type":"article","og_title":"NANOCLEAN\u00ae AC8 HOME MICRO-ONDES liquide nettoyant et d\u00e9sinfectant en vaporisateur 490ML - NANOCLEAN","og_description":"\u2705 Formule innovante Sans Chlore et Sans Alcool : Utilisation sans vapeurs nocives, s\u00fbre pour la sant\u00e9.\u2705 Sans parfum ou d\u00e9licat parfum floral : Choisissez la version sans parfum ou un d\u00e9licat ar\u00f4me floral pour un rafra\u00eechissement suppl\u00e9mentaire.\u2705 \u00c9limination des moisissures et bact\u00e9ries : Le Spectre Biocide Complet est la seule solution sur le march\u00e9 qui \u00e9limine efficacement les bact\u00e9ries, virus, champignons, moisissures, spores et mycobact\u00e9ries, assurant le plus haut niveau d'hygi\u00e8ne.\u2705 S\u00fbr pour les Plastiques, les Joints et les M\u00e9taux : Formule con\u00e7ue pour les \u00e9l\u00e9ments d\u00e9licats du micro-ondes, sans risque de dommages.","og_url":"https:\/\/nanoclean24.com\/fr\/produit\/solution-nettoyante-et-desinfectante-pour-micro-ondes-nanocleanac8-home\/","og_site_name":"NANOCLEAN","article_modified_time":"2025-10-24T09:48:34+00:00","og_image":[{"width":1280,"height":1280,"url":"https:\/\/nanoclean24.com\/wp-content\/uploads\/2025\/07\/Projekt-bez-nazwy.jpg","type":"image\/jpeg"}],"twitter_card":"summary_large_image","twitter_misc":{"Dur\u00e9e de lecture estim\u00e9e":"2 minutes"},"schema":{"@context":"https:\/\/schema.org","@graph":[{"@type":"WebPage","@id":"https:\/\/nanoclean24.com\/fr\/produit\/solution-nettoyante-et-desinfectante-pour-micro-ondes-nanocleanac8-home\/","url":"https:\/\/nanoclean24.com\/fr\/produit\/solution-nettoyante-et-desinfectante-pour-micro-ondes-nanocleanac8-home\/","name":"NANOCLEAN\u00ae AC8 HOME MICRO-ONDES liquide nettoyant et d\u00e9sinfectant en vaporisateur 490ML - NANOCLEAN","isPartOf":{"@id":"https:\/\/nanoclean24.com\/fr\/#website"},"datePublished":"2025-07-20T15:36:52+00:00","dateModified":"2025-10-24T09:48:34+00:00","breadcrumb":{"@id":"https:\/\/nanoclean24.com\/fr\/produit\/solution-nettoyante-et-desinfectante-pour-micro-ondes-nanocleanac8-home\/#breadcrumb"},"inLanguage":"fr-FR","potentialAction":[{"@type":"ReadAction","target":["https:\/\/nanoclean24.com\/fr\/produit\/solution-nettoyante-et-desinfectante-pour-micro-ondes-nanocleanac8-home\/"]}]},{"@type":"BreadcrumbList","@id":"https:\/\/nanoclean24.com\/fr\/produit\/solution-nettoyante-et-desinfectante-pour-micro-ondes-nanocleanac8-home\/#breadcrumb","itemListElement":[{"@type":"ListItem","position":1,"name":"Strona g\u0142\u00f3wna","item":"https:\/\/nanoclean24.com\/fr\/"},{"@type":"ListItem","position":2,"name":"Boutique","item":"https:\/\/nanoclean24.com\/shop\/"},{"@type":"ListItem","position":3,"name":"NANOCLEAN\u00ae AC8 HOME MICRO-ONDES liquide nettoyant et d\u00e9sinfectant en vaporisateur 490ML"}]},{"@type":"WebSite","@id":"https:\/\/nanoclean24.com\/fr\/#website","url":"https:\/\/nanoclean24.com\/fr\/","name":"NanoClean","description":"","publisher":{"@id":"https:\/\/nanoclean24.com\/fr\/#organization"},"potentialAction":[{"@type":"SearchAction","target":{"@type":"EntryPoint","urlTemplate":"https:\/\/nanoclean24.com\/fr\/?s={search_term_string}"},"query-input":{"@type":"PropertyValueSpecification","valueRequired":true,"valueName":"search_term_string"}}],"inLanguage":"fr-FR"},{"@type":"Organization","@id":"https:\/\/nanoclean24.com\/fr\/#organization","name":"NanoClean","url":"https:\/\/nanoclean24.com\/fr\/","logo":{"@type":"ImageObject","inLanguage":"fr-FR","@id":"https:\/\/nanoclean24.com\/fr\/#\/schema\/logo\/image\/","url":"https:\/\/nanoclean24.com\/wp-content\/uploads\/2025\/07\/logo-2.jpg","contentUrl":"https:\/\/nanoclean24.com\/wp-content\/uploads\/2025\/07\/logo-2.jpg","width":1068,"height":224,"caption":"NanoClean"},"image":{"@id":"https:\/\/nanoclean24.com\/fr\/#\/schema\/logo\/image\/"}}]}},"taxonomy_info":{"product_cat":[{"value":84,"label":"AC8 HOME"}]},"featured_image_src_large":false,"author_info":[],"comment_info":"","_links":{"self":[{"href":"https:\/\/nanoclean24.com\/fr\/wp-json\/wp\/v2\/product\/4525","targetHints":{"allow":["GET"]}}],"collection":[{"href":"https:\/\/nanoclean24.com\/fr\/wp-json\/wp\/v2\/product"}],"about":[{"href":"https:\/\/nanoclean24.com\/fr\/wp-json\/wp\/v2\/types\/product"}],"wp:attachment":[{"href":"https:\/\/nanoclean24.com\/fr\/wp-json\/wp\/v2\/media?parent=4525"}],"wp:term":[{"taxonomy":"product_brand","embeddable":true,"href":"https:\/\/nanoclean24.com\/fr\/wp-json\/wp\/v2\/product_brand?post=4525"},{"taxonomy":"product_cat","embeddable":true,"href":"https:\/\/nanoclean24.com\/fr\/wp-json\/wp\/v2\/product_cat?post=4525"},{"taxonomy":"product_tag","embeddable":true,"href":"https:\/\/nanoclean24.com\/fr\/wp-json\/wp\/v2\/product_tag?post=4525"}],"curies":[{"name":"wp","href":"https:\/\/api.w.org\/{rel}","templated":true}]}}