{"id":4512,"date":"2025-07-20T18:08:09","date_gmt":"2025-07-20T16:08:09","guid":{"rendered":"https:\/\/kadence.nanoclean.dev\/produkt\/tfe-200-mc-9333-500ml\/"},"modified":"2025-10-23T12:04:17","modified_gmt":"2025-10-23T10:04:17","slug":"tfe-200-mc-9333-500ml","status":"publish","type":"product","link":"https:\/\/nanoclean24.com\/fr\/produit\/tfe-200-mc-9333-500ml\/","title":{"rendered":"TFE-200 (MC-9333) 500ml"},"content":{"rendered":"<p>Graisse PTFE haute temp\u00e9rature pour cha\u00eenes, guides et m\u00e9canismes de pr\u00e9cision LONG-LIFE 20 x<\/p>\n<h3><b>Application<\/b><\/h3>\n<ul>\n<li>La graisse PTFE lubrifie durablement ou \u00e0 vie les cha\u00eenes, c\u00e2bles, m\u00e9canismes, roulements, rouleaux, suspensions, pivots, charni\u00e8res, bras oscillants, m\u00e9canismes plastique-m\u00e9tal, caoutchouc-m\u00e9tal, caoutchouc-plastique, pi\u00e8ces mobiles<br \/>\n dans les voitures, silent blocks, cha\u00eenes de machines, v\u00e9los, motos, karts, m\u00e9canismes de machines agricoles&#8230;<\/li>\n<li>Graisse PTFE haute temp\u00e9rature id\u00e9ale pour les convoyeurs, presses, ateliers de peinture, tunnels de s\u00e9chage, fours, fonctionnant en permanence \u00e0 des temp\u00e9ratures de 100 \u00e0 220\u00b0C<\/li>\n<li>Graisse PTFE pour la lubrification des endroits difficiles d&rsquo;acc\u00e8s, cha\u00eenes, m\u00e9canismes de pr\u00e9cision, guides, glissi\u00e8res, c\u00e2bles, vis \u00e0 billes, articulations, petits roulements \u00e0 billes et paliers lisses l\u00e9g\u00e8rement et moyennement charg\u00e9s, pistons, coussinets, douilles, joints, m\u00e9canismes de l\u00e8ve-vitres, t\u00e9lescopes, serrures, charni\u00e8res, armes, machines, robots, glissi\u00e8res m\u00e9tal-m\u00e9tal, m\u00e9tal-plastique, m\u00e9tal-caoutchouc, etc.<\/li>\n<li>Graisse PTFE id\u00e9ale pour les outils de coupe et de meulage, surfaces de glissement, roues et engrenages, serrures, cha\u00eenes, roulements.<\/li>\n<li>SMARMAX TFE-200 Graisse PTFE est indispensable dans toutes les industries, ateliers, services, production<br \/>\n et montage de pi\u00e8ces de m\u00e9canismes de pr\u00e9cision, c\u00e2bles, cha\u00eenes, guides, roulements lin\u00e9aires comme lubrifiant \u00e0 vie.<\/li>\n<li>La graisse PTFE facilite le montage et le d\u00e9montage des pi\u00e8ces ajust\u00e9es.<\/li>\n<li>Pour usage professionnel.<\/li>\n<\/ul>\n<p>&nbsp;<\/p>\n<h3><b>Mode d&#8217;emploi :<\/b><\/h3>\n<ol>\n<li>ATTENTION : Bien secouer l&rsquo;a\u00e9rosol pendant 5 secondes avant utilisation.<\/li>\n<li>Le produit p\u00e9n\u00e8tre fortement, puis s&rsquo;\u00e9vapore et forme un film lubrifiant durable.<\/li>\n<li>Le produit peut \u00eatre appliqu\u00e9 directement sur les pi\u00e8ces sales car il a des propri\u00e9t\u00e9s nettoyantes. Pour de meilleurs r\u00e9sultats, nous recommandons d&rsquo;appliquer sur des m\u00e9canismes nettoy\u00e9s avec un solvant de nettoyage, par exemple : CITRUS CLEANER. <\/li>\n<li>Apr\u00e8s application, essuyer l&rsquo;exc\u00e8s de graisse avec un chiffon.<\/li>\n<li>Lubrification des cha\u00eenes de moto et de v\u00e9lo : Appliquer la graisse, attendre qu&rsquo;elle p\u00e9n\u00e8tre et essuyer avec un chiffon. Appliquer directement sur le composant \u00e0 lubrifier. <\/li>\n<\/ol>\n","protected":false},"excerpt":{"rendered":"<p><strong><img decoding=\"async\" class=\"emoji\" role=\"img\" src=\"https:\/\/s.w.org\/images\/core\/emoji\/16.0.1\/svg\/2705.svg\" alt=\"\u2705\" \/> <\/strong>Graisse PTFE liquide pour cha\u00eenes, m\u00e9canismes, c\u00e2bles, pivots, guides, roulements \u00e0 billes, paliers lisses, stabilisateurs, la plupart des points de friction<\/p>\n<p><strong><img decoding=\"async\" class=\"emoji\" role=\"img\" src=\"https:\/\/s.w.org\/images\/core\/emoji\/16.0.1\/svg\/2705.svg\" alt=\"\u2705\" \/> <\/strong>Graisse PTFE p\u00e9n\u00e9trante \u00e0 action longue dur\u00e9e LONG LIFE<\/p>\n<p><strong><img decoding=\"async\" class=\"emoji\" role=\"img\" src=\"https:\/\/s.w.org\/images\/core\/emoji\/16.0.1\/svg\/2705.svg\" alt=\"\u2705\" \/> <\/strong>L&rsquo;huile ester synth\u00e9tique lubrifie 20 fois plus longtemps \u00e0 200\u00b0C par rapport aux huiles min\u00e9rales<\/p>\n<p><strong><img decoding=\"async\" class=\"emoji\" role=\"img\" src=\"https:\/\/s.w.org\/images\/core\/emoji\/16.0.1\/svg\/2705.svg\" alt=\"\u2705\" \/> <\/strong>La graisse PTFE prolonge jusqu&rsquo;\u00e0 5 fois la dur\u00e9e de vie des cha\u00eenes et des guides<\/p>\n<p><strong><img decoding=\"async\" class=\"emoji\" role=\"img\" src=\"https:\/\/s.w.org\/images\/core\/emoji\/16.0.1\/svg\/2705.svg\" alt=\"\u2705\" \/> <\/strong>Graisse haute temp\u00e9rature avec PTFE, ne se carbonise pas jusqu&rsquo;\u00e0 260\u00b0C, ne forme pas de d\u00e9p\u00f4ts<\/p>\n<p><strong><img decoding=\"async\" class=\"emoji\" role=\"img\" src=\"https:\/\/s.w.org\/images\/core\/emoji\/16.0.1\/svg\/2705.svg\" alt=\"\u2705\" \/> <\/strong>La graisse synth\u00e9tique liquide avec PTFE prot\u00e8ge contre la corrosion,<\/p>\n<p><strong><img decoding=\"async\" class=\"emoji\" role=\"img\" src=\"https:\/\/s.w.org\/images\/core\/emoji\/16.0.1\/svg\/2705.svg\" alt=\"\u2705\" \/> <\/strong>La graisse PTFE emp\u00eache le grippage, le collage, le blocage<\/p>\n<p><strong><img decoding=\"async\" class=\"emoji\" role=\"img\" src=\"https:\/\/s.w.org\/images\/core\/emoji\/16.0.1\/svg\/2705.svg\" alt=\"\u2705\" \/> <\/strong>La graisse PTFE lubrifie efficacement m\u00eame en pr\u00e9sence de poussi\u00e8re, de particules et de produits chimiques agressifs.<\/p>\n<p><strong><img decoding=\"async\" class=\"emoji\" role=\"img\" src=\"https:\/\/s.w.org\/images\/core\/emoji\/16.0.1\/svg\/2705.svg\" alt=\"\u2705\" \/> <\/strong>La graisse avec PTFE p\u00e9n\u00e8tre fortement, atteint les endroits inaccessibles<\/p>\n<p><strong><img decoding=\"async\" class=\"emoji\" role=\"img\" src=\"https:\/\/s.w.org\/images\/core\/emoji\/16.0.1\/svg\/2705.svg\" alt=\"\u2705\" \/> <\/strong>La graisse PTFE, apr\u00e8s \u00e9vaporation du support, est tr\u00e8s adh\u00e9rente au m\u00e9tal<\/p>\n<p><strong><img decoding=\"async\" class=\"emoji\" role=\"img\" src=\"https:\/\/s.w.org\/images\/core\/emoji\/16.0.1\/svg\/2705.svg\" alt=\"\u2705\" \/> <\/strong>La graisse haute temp\u00e9rature r\u00e9siste aux forces centrifuges, ne gicle pas et ne fuit pas<\/p>\n<p><strong><img decoding=\"async\" class=\"emoji\" role=\"img\" src=\"https:\/\/s.w.org\/images\/core\/emoji\/16.0.1\/svg\/2705.svg\" alt=\"\u2705\" \/> <\/strong>La graisse PTFE haute temp\u00e9rature r\u00e9siste au lavage \u00e0 l&rsquo;eau, aux saumures et aux milieux agressifs<\/p>\n<p><strong><img decoding=\"async\" class=\"emoji\" role=\"img\" src=\"https:\/\/s.w.org\/images\/core\/emoji\/16.0.1\/svg\/2705.svg\" alt=\"\u2705\" \/> <\/strong>La graisse haute temp\u00e9rature TFE-200 r\u00e9siste aux pressions extr\u00eames EP<\/p>\n<p><strong><img decoding=\"async\" class=\"emoji\" role=\"img\" src=\"https:\/\/s.w.org\/images\/core\/emoji\/16.0.1\/svg\/2705.svg\" alt=\"\u2705\" \/> <\/strong>Temp\u00e9rature de fonctionnement : (-50 \u00e0 260\u00b0C)<\/p>\n","protected":false},"featured_media":3809,"template":"","meta":{"_kad_blocks_custom_css":"","_kad_blocks_head_custom_js":"","_kad_blocks_body_custom_js":"","_kad_blocks_footer_custom_js":"","_kad_post_transparent":"","_kad_post_title":"","_kad_post_layout":"","_kad_post_sidebar_id":"","_kad_post_content_style":"","_kad_post_vertical_padding":"","_kad_post_feature":"","_kad_post_feature_position":"","_kad_post_header":false,"_kad_post_footer":false,"_kad_post_classname":""},"product_brand":[],"product_cat":[102],"product_tag":[],"class_list":{"0":"post-4512","1":"product","2":"type-product","3":"status-publish","4":"has-post-thumbnail","6":"product_cat-smarmax-fr","8":"first","9":"instock","10":"taxable","11":"shipping-taxable","12":"purchasable","13":"product-type-simple","14":"entry","15":"content-bg","16":"loop-entry"},"yoast_head":"<!-- This site is optimized with the Yoast SEO plugin v27.4 - https:\/\/yoast.com\/product\/yoast-seo-wordpress\/ -->\n<title>TFE-200 (MC-9333) 500ml - NANOCLEAN<\/title>\n<meta name=\"robots\" content=\"index, follow, max-snippet:-1, max-image-preview:large, max-video-preview:-1\" \/>\n<link rel=\"canonical\" href=\"https:\/\/nanoclean24.com\/fr\/produit\/tfe-200-mc-9333-500ml\/\" \/>\n<meta property=\"og:locale\" content=\"fr_FR\" \/>\n<meta property=\"og:type\" content=\"article\" \/>\n<meta property=\"og:title\" content=\"TFE-200 (MC-9333) 500ml - NANOCLEAN\" \/>\n<meta property=\"og:description\" content=\"Graisse PTFE liquide pour cha\u00eenes, m\u00e9canismes, c\u00e2bles, pivots, guides, roulements \u00e0 billes, paliers lisses, stabilisateurs, la plupart des points de friction   Graisse PTFE p\u00e9n\u00e9trante \u00e0 action longue dur\u00e9e LONG LIFE   L&#039;huile ester synth\u00e9tique lubrifie 20 fois plus longtemps \u00e0 200\u00b0C par rapport aux huiles min\u00e9rales   La graisse PTFE prolonge jusqu&#039;\u00e0 5 fois la dur\u00e9e de vie des cha\u00eenes et des guides   Graisse haute temp\u00e9rature avec PTFE, ne se carbonise pas jusqu&#039;\u00e0 260\u00b0C, ne forme pas de d\u00e9p\u00f4ts   La graisse synth\u00e9tique liquide avec PTFE prot\u00e8ge contre la corrosion,   La graisse PTFE emp\u00eache le grippage, le collage, le blocage   La graisse PTFE lubrifie efficacement m\u00eame en pr\u00e9sence de poussi\u00e8re, de particules et de produits chimiques agressifs.   La graisse avec PTFE p\u00e9n\u00e8tre fortement, atteint les endroits inaccessibles   La graisse PTFE, apr\u00e8s \u00e9vaporation du support, est tr\u00e8s adh\u00e9rente au m\u00e9tal   La graisse haute temp\u00e9rature r\u00e9siste aux forces centrifuges, ne gicle pas et ne fuit pas   La graisse PTFE haute temp\u00e9rature r\u00e9siste au lavage \u00e0 l&#039;eau, aux saumures et aux milieux agressifs   La graisse haute temp\u00e9rature TFE-200 r\u00e9siste aux pressions extr\u00eames EP   Temp\u00e9rature de fonctionnement : (-50 \u00e0 260\u00b0C)\" \/>\n<meta property=\"og:url\" content=\"https:\/\/nanoclean24.com\/fr\/produit\/tfe-200-mc-9333-500ml\/\" \/>\n<meta property=\"og:site_name\" content=\"NANOCLEAN\" \/>\n<meta property=\"article:modified_time\" content=\"2025-10-23T10:04:17+00:00\" \/>\n<meta property=\"og:image\" content=\"https:\/\/nanoclean24.com\/wp-content\/uploads\/2025\/07\/TFE-200-MC-9333-500ml.webp\" \/>\n\t<meta property=\"og:image:width\" content=\"900\" \/>\n\t<meta property=\"og:image:height\" content=\"900\" \/>\n\t<meta property=\"og:image:type\" content=\"image\/webp\" \/>\n<meta name=\"twitter:card\" content=\"summary_large_image\" \/>\n<meta name=\"twitter:label1\" content=\"Dur\u00e9e de lecture estim\u00e9e\" \/>\n\t<meta name=\"twitter:data1\" content=\"2 minutes\" \/>\n<script type=\"application\/ld+json\" class=\"yoast-schema-graph\">{\"@context\":\"https:\\\/\\\/schema.org\",\"@graph\":[{\"@type\":\"WebPage\",\"@id\":\"https:\\\/\\\/nanoclean24.com\\\/fr\\\/produit\\\/tfe-200-mc-9333-500ml\\\/\",\"url\":\"https:\\\/\\\/nanoclean24.com\\\/fr\\\/produit\\\/tfe-200-mc-9333-500ml\\\/\",\"name\":\"TFE-200 (MC-9333) 500ml - NANOCLEAN\",\"isPartOf\":{\"@id\":\"https:\\\/\\\/nanoclean24.com\\\/fr\\\/#website\"},\"primaryImageOfPage\":{\"@id\":\"https:\\\/\\\/nanoclean24.com\\\/fr\\\/produit\\\/tfe-200-mc-9333-500ml\\\/#primaryimage\"},\"image\":{\"@id\":\"https:\\\/\\\/nanoclean24.com\\\/fr\\\/produit\\\/tfe-200-mc-9333-500ml\\\/#primaryimage\"},\"thumbnailUrl\":\"https:\\\/\\\/nanoclean24.com\\\/wp-content\\\/uploads\\\/2025\\\/07\\\/TFE-200-MC-9333-500ml.webp\",\"datePublished\":\"2025-07-20T16:08:09+00:00\",\"dateModified\":\"2025-10-23T10:04:17+00:00\",\"breadcrumb\":{\"@id\":\"https:\\\/\\\/nanoclean24.com\\\/fr\\\/produit\\\/tfe-200-mc-9333-500ml\\\/#breadcrumb\"},\"inLanguage\":\"fr-FR\",\"potentialAction\":[{\"@type\":\"ReadAction\",\"target\":[\"https:\\\/\\\/nanoclean24.com\\\/fr\\\/produit\\\/tfe-200-mc-9333-500ml\\\/\"]}]},{\"@type\":\"ImageObject\",\"inLanguage\":\"fr-FR\",\"@id\":\"https:\\\/\\\/nanoclean24.com\\\/fr\\\/produit\\\/tfe-200-mc-9333-500ml\\\/#primaryimage\",\"url\":\"https:\\\/\\\/nanoclean24.com\\\/wp-content\\\/uploads\\\/2025\\\/07\\\/TFE-200-MC-9333-500ml.webp\",\"contentUrl\":\"https:\\\/\\\/nanoclean24.com\\\/wp-content\\\/uploads\\\/2025\\\/07\\\/TFE-200-MC-9333-500ml.webp\",\"width\":900,\"height\":900},{\"@type\":\"BreadcrumbList\",\"@id\":\"https:\\\/\\\/nanoclean24.com\\\/fr\\\/produit\\\/tfe-200-mc-9333-500ml\\\/#breadcrumb\",\"itemListElement\":[{\"@type\":\"ListItem\",\"position\":1,\"name\":\"Strona g\u0142\u00f3wna\",\"item\":\"https:\\\/\\\/nanoclean24.com\\\/fr\\\/\"},{\"@type\":\"ListItem\",\"position\":2,\"name\":\"Boutique\",\"item\":\"https:\\\/\\\/nanoclean24.com\\\/shop\\\/\"},{\"@type\":\"ListItem\",\"position\":3,\"name\":\"TFE-200 (MC-9333) 500ml\"}]},{\"@type\":\"WebSite\",\"@id\":\"https:\\\/\\\/nanoclean24.com\\\/fr\\\/#website\",\"url\":\"https:\\\/\\\/nanoclean24.com\\\/fr\\\/\",\"name\":\"NanoClean\",\"description\":\"\",\"publisher\":{\"@id\":\"https:\\\/\\\/nanoclean24.com\\\/fr\\\/#organization\"},\"potentialAction\":[{\"@type\":\"SearchAction\",\"target\":{\"@type\":\"EntryPoint\",\"urlTemplate\":\"https:\\\/\\\/nanoclean24.com\\\/fr\\\/?s={search_term_string}\"},\"query-input\":{\"@type\":\"PropertyValueSpecification\",\"valueRequired\":true,\"valueName\":\"search_term_string\"}}],\"inLanguage\":\"fr-FR\"},{\"@type\":\"Organization\",\"@id\":\"https:\\\/\\\/nanoclean24.com\\\/fr\\\/#organization\",\"name\":\"NanoClean\",\"url\":\"https:\\\/\\\/nanoclean24.com\\\/fr\\\/\",\"logo\":{\"@type\":\"ImageObject\",\"inLanguage\":\"fr-FR\",\"@id\":\"https:\\\/\\\/nanoclean24.com\\\/fr\\\/#\\\/schema\\\/logo\\\/image\\\/\",\"url\":\"https:\\\/\\\/nanoclean24.com\\\/wp-content\\\/uploads\\\/2025\\\/07\\\/logo-2.jpg\",\"contentUrl\":\"https:\\\/\\\/nanoclean24.com\\\/wp-content\\\/uploads\\\/2025\\\/07\\\/logo-2.jpg\",\"width\":1068,\"height\":224,\"caption\":\"NanoClean\"},\"image\":{\"@id\":\"https:\\\/\\\/nanoclean24.com\\\/fr\\\/#\\\/schema\\\/logo\\\/image\\\/\"}}]}<\/script>\n<!-- \/ Yoast SEO plugin. -->","yoast_head_json":{"title":"TFE-200 (MC-9333) 500ml - NANOCLEAN","robots":{"index":"index","follow":"follow","max-snippet":"max-snippet:-1","max-image-preview":"max-image-preview:large","max-video-preview":"max-video-preview:-1"},"canonical":"https:\/\/nanoclean24.com\/fr\/produit\/tfe-200-mc-9333-500ml\/","og_locale":"fr_FR","og_type":"article","og_title":"TFE-200 (MC-9333) 500ml - NANOCLEAN","og_description":"Graisse PTFE liquide pour cha\u00eenes, m\u00e9canismes, c\u00e2bles, pivots, guides, roulements \u00e0 billes, paliers lisses, stabilisateurs, la plupart des points de friction   Graisse PTFE p\u00e9n\u00e9trante \u00e0 action longue dur\u00e9e LONG LIFE   L'huile ester synth\u00e9tique lubrifie 20 fois plus longtemps \u00e0 200\u00b0C par rapport aux huiles min\u00e9rales   La graisse PTFE prolonge jusqu'\u00e0 5 fois la dur\u00e9e de vie des cha\u00eenes et des guides   Graisse haute temp\u00e9rature avec PTFE, ne se carbonise pas jusqu'\u00e0 260\u00b0C, ne forme pas de d\u00e9p\u00f4ts   La graisse synth\u00e9tique liquide avec PTFE prot\u00e8ge contre la corrosion,   La graisse PTFE emp\u00eache le grippage, le collage, le blocage   La graisse PTFE lubrifie efficacement m\u00eame en pr\u00e9sence de poussi\u00e8re, de particules et de produits chimiques agressifs.   La graisse avec PTFE p\u00e9n\u00e8tre fortement, atteint les endroits inaccessibles   La graisse PTFE, apr\u00e8s \u00e9vaporation du support, est tr\u00e8s adh\u00e9rente au m\u00e9tal   La graisse haute temp\u00e9rature r\u00e9siste aux forces centrifuges, ne gicle pas et ne fuit pas   La graisse PTFE haute temp\u00e9rature r\u00e9siste au lavage \u00e0 l'eau, aux saumures et aux milieux agressifs   La graisse haute temp\u00e9rature TFE-200 r\u00e9siste aux pressions extr\u00eames EP   Temp\u00e9rature de fonctionnement : (-50 \u00e0 260\u00b0C)","og_url":"https:\/\/nanoclean24.com\/fr\/produit\/tfe-200-mc-9333-500ml\/","og_site_name":"NANOCLEAN","article_modified_time":"2025-10-23T10:04:17+00:00","og_image":[{"width":900,"height":900,"url":"https:\/\/nanoclean24.com\/wp-content\/uploads\/2025\/07\/TFE-200-MC-9333-500ml.webp","type":"image\/webp"}],"twitter_card":"summary_large_image","twitter_misc":{"Dur\u00e9e de lecture estim\u00e9e":"2 minutes"},"schema":{"@context":"https:\/\/schema.org","@graph":[{"@type":"WebPage","@id":"https:\/\/nanoclean24.com\/fr\/produit\/tfe-200-mc-9333-500ml\/","url":"https:\/\/nanoclean24.com\/fr\/produit\/tfe-200-mc-9333-500ml\/","name":"TFE-200 (MC-9333) 500ml - NANOCLEAN","isPartOf":{"@id":"https:\/\/nanoclean24.com\/fr\/#website"},"primaryImageOfPage":{"@id":"https:\/\/nanoclean24.com\/fr\/produit\/tfe-200-mc-9333-500ml\/#primaryimage"},"image":{"@id":"https:\/\/nanoclean24.com\/fr\/produit\/tfe-200-mc-9333-500ml\/#primaryimage"},"thumbnailUrl":"https:\/\/nanoclean24.com\/wp-content\/uploads\/2025\/07\/TFE-200-MC-9333-500ml.webp","datePublished":"2025-07-20T16:08:09+00:00","dateModified":"2025-10-23T10:04:17+00:00","breadcrumb":{"@id":"https:\/\/nanoclean24.com\/fr\/produit\/tfe-200-mc-9333-500ml\/#breadcrumb"},"inLanguage":"fr-FR","potentialAction":[{"@type":"ReadAction","target":["https:\/\/nanoclean24.com\/fr\/produit\/tfe-200-mc-9333-500ml\/"]}]},{"@type":"ImageObject","inLanguage":"fr-FR","@id":"https:\/\/nanoclean24.com\/fr\/produit\/tfe-200-mc-9333-500ml\/#primaryimage","url":"https:\/\/nanoclean24.com\/wp-content\/uploads\/2025\/07\/TFE-200-MC-9333-500ml.webp","contentUrl":"https:\/\/nanoclean24.com\/wp-content\/uploads\/2025\/07\/TFE-200-MC-9333-500ml.webp","width":900,"height":900},{"@type":"BreadcrumbList","@id":"https:\/\/nanoclean24.com\/fr\/produit\/tfe-200-mc-9333-500ml\/#breadcrumb","itemListElement":[{"@type":"ListItem","position":1,"name":"Strona g\u0142\u00f3wna","item":"https:\/\/nanoclean24.com\/fr\/"},{"@type":"ListItem","position":2,"name":"Boutique","item":"https:\/\/nanoclean24.com\/shop\/"},{"@type":"ListItem","position":3,"name":"TFE-200 (MC-9333) 500ml"}]},{"@type":"WebSite","@id":"https:\/\/nanoclean24.com\/fr\/#website","url":"https:\/\/nanoclean24.com\/fr\/","name":"NanoClean","description":"","publisher":{"@id":"https:\/\/nanoclean24.com\/fr\/#organization"},"potentialAction":[{"@type":"SearchAction","target":{"@type":"EntryPoint","urlTemplate":"https:\/\/nanoclean24.com\/fr\/?s={search_term_string}"},"query-input":{"@type":"PropertyValueSpecification","valueRequired":true,"valueName":"search_term_string"}}],"inLanguage":"fr-FR"},{"@type":"Organization","@id":"https:\/\/nanoclean24.com\/fr\/#organization","name":"NanoClean","url":"https:\/\/nanoclean24.com\/fr\/","logo":{"@type":"ImageObject","inLanguage":"fr-FR","@id":"https:\/\/nanoclean24.com\/fr\/#\/schema\/logo\/image\/","url":"https:\/\/nanoclean24.com\/wp-content\/uploads\/2025\/07\/logo-2.jpg","contentUrl":"https:\/\/nanoclean24.com\/wp-content\/uploads\/2025\/07\/logo-2.jpg","width":1068,"height":224,"caption":"NanoClean"},"image":{"@id":"https:\/\/nanoclean24.com\/fr\/#\/schema\/logo\/image\/"}}]}},"taxonomy_info":{"product_cat":[{"value":102,"label":"SMARMAX"}]},"featured_image_src_large":["https:\/\/nanoclean24.com\/wp-content\/uploads\/2025\/07\/TFE-200-MC-9333-500ml.webp",900,900,false],"author_info":[],"comment_info":"","_links":{"self":[{"href":"https:\/\/nanoclean24.com\/fr\/wp-json\/wp\/v2\/product\/4512","targetHints":{"allow":["GET"]}}],"collection":[{"href":"https:\/\/nanoclean24.com\/fr\/wp-json\/wp\/v2\/product"}],"about":[{"href":"https:\/\/nanoclean24.com\/fr\/wp-json\/wp\/v2\/types\/product"}],"wp:featuredmedia":[{"embeddable":true,"href":"https:\/\/nanoclean24.com\/fr\/wp-json\/wp\/v2\/media\/3809"}],"wp:attachment":[{"href":"https:\/\/nanoclean24.com\/fr\/wp-json\/wp\/v2\/media?parent=4512"}],"wp:term":[{"taxonomy":"product_brand","embeddable":true,"href":"https:\/\/nanoclean24.com\/fr\/wp-json\/wp\/v2\/product_brand?post=4512"},{"taxonomy":"product_cat","embeddable":true,"href":"https:\/\/nanoclean24.com\/fr\/wp-json\/wp\/v2\/product_cat?post=4512"},{"taxonomy":"product_tag","embeddable":true,"href":"https:\/\/nanoclean24.com\/fr\/wp-json\/wp\/v2\/product_tag?post=4512"}],"curies":[{"name":"wp","href":"https:\/\/api.w.org\/{rel}","templated":true}]}}