{"id":4488,"date":"2025-07-20T21:43:33","date_gmt":"2025-07-20T19:43:33","guid":{"rendered":"https:\/\/kadence.nanoclean.dev\/produkt\/nanoclean-fumi-1\/"},"modified":"2026-01-13T10:27:17","modified_gmt":"2026-01-13T09:27:17","slug":"nanoclean-fumi-1","status":"publish","type":"product","link":"https:\/\/nanoclean24.com\/fr\/produit\/nanoclean-fumi-1\/","title":{"rendered":"NANOCLEAN\u00ae FUMI-1 Buse de pulv\u00e9risation"},"content":{"rendered":"<h3><strong>Application<\/strong><\/h3>\n<p>NANOCLEAN\u00ae GUN + NANOCLEAN\u00ae FUMI-1 + NANOCLEAN\u00ae AIR est une solution \u00e9prouv\u00e9e pour la n\u00e9bulisation des voitures et des pi\u00e8ces.<br \/>\nN\u00e9bulise, d\u00e9sinfecte et d\u00e9sodorise l&rsquo;int\u00e9rieur du v\u00e9hicule. Laisse un parfum agr\u00e9able dans l&rsquo;habitacle.<\/p>\n<h3 class=\"yikes-custom-woo-tab-title yikes-custom-woo-tab-title-sposob-uzycia\"><strong>Mode d&#8217;emploi<\/strong><\/h3>\n<ol>\n<li>D\u00e9vissez le r\u00e9servoir du pistolet \u00e0 pression (d&rsquo;une capacit\u00e9 de 1 L).<\/li>\n<li>Remplissez le r\u00e9servoir avec le liquide NANOCLEAN\u00ae AIR.<br \/>\n(solution de travail \u00e0 5 % pr\u00e9par\u00e9e \u00e0 partir du concentr\u00e9 ou pr\u00eate \u00e0 l&#8217;emploi).<\/li>\n<li>Vissez le r\u00e9servoir sur le pistolet \u00e0 pression.<\/li>\n<li>Pour d\u00e9sinfecter un v\u00e9hicule par n\u00e9bulisation, fixez la t\u00eate NANOCLEAN\u00ae FUMI-1 au pistolet \u00e0 pression NANOCLEAN\u00ae GUN \u00e0 l&rsquo;aide du raccord rapide.<\/li>\n<li>Raccordez l&rsquo;air comprim\u00e9 au pistolet avec une pression de travail de 5,5 \u00e0 10 bars.<\/li>\n<li>Le pistolet NANOCLEAN\u00ae GUN (AC-69GUN) est pr\u00eat \u00e0 l&#8217;emploi &#8211; ouvrez la valve du pistolet avant de distribuer le liquide.<\/li>\n<li>Fermez toutes les portes de la voiture.<\/li>\n<li>Ouvrez le coffre (pour les mod\u00e8les hatchback, break) ou laissez une porte arri\u00e8re passager ouverte pour les berlines.<\/li>\n<li>Maintenez une distance minimale de 1,5 m\u00e8tre entre le pistolet et la surface.<\/li>\n<li>Appuyez sur la g\u00e2chette du pistolet.<\/li>\n<li>Diffusez le brouillard sec dans l&rsquo;habitacle pendant environ 15 \u00e0 30 secondes.<\/li>\n<li>Fermez le coffre (hatchback, break) ou la porte (berline). Si vous souhaitez \u00e9galement d\u00e9sinfecter les conduits de ventilation, laissez la ventilation allum\u00e9e en mode recirculation.<\/li>\n<li>Attendez 15 minutes.<\/li>\n<\/ol>\n<p>Une fois le processus termin\u00e9, a\u00e9rez l&rsquo;int\u00e9rieur en ouvrant toutes les portes de la voiture.<\/p>\n","protected":false},"excerpt":{"rendered":"<h3>T\u00eate de n\u00e9bulisation Brouillard Sec<\/h3>\n<p><strong>\u2705 <\/strong>AC-69FUMI fix\u00e9 par raccord rapide au pistolet \u00e0 pression NANOCLEAN\u00ae GUN (AC-69GUN), en combinaison avec le produit NANOCLEAN AIR (concentr\u00e9 ou pr\u00eat \u00e0 l&#8217;emploi) garantit la s\u00e9curit\u00e9 du personnel et du client.<\/p>\n<p><strong>\u2705 <\/strong>Remplace l&rsquo;ozonation de l&rsquo;int\u00e9rieur.<\/p>\n","protected":false},"featured_media":4112,"template":"","meta":{"_kad_blocks_custom_css":"","_kad_blocks_head_custom_js":"","_kad_blocks_body_custom_js":"","_kad_blocks_footer_custom_js":"","_kad_post_transparent":"","_kad_post_title":"","_kad_post_layout":"","_kad_post_sidebar_id":"","_kad_post_content_style":"","_kad_post_vertical_padding":"","_kad_post_feature":"","_kad_post_feature_position":"","_kad_post_header":false,"_kad_post_footer":false,"_kad_post_classname":""},"product_brand":[],"product_cat":[177],"product_tag":[],"class_list":{"0":"post-4488","1":"product","2":"type-product","3":"status-publish","4":"has-post-thumbnail","6":"product_cat-car-ac-pro","8":"first","9":"instock","10":"taxable","11":"shipping-taxable","12":"purchasable","13":"product-type-simple","14":"entry","15":"content-bg","16":"loop-entry"},"yoast_head":"<!-- This site is optimized with the Yoast SEO plugin v27.4 - https:\/\/yoast.com\/product\/yoast-seo-wordpress\/ -->\n<title>NANOCLEAN\u00ae FUMI-1 Buse de pulv\u00e9risation - NANOCLEAN<\/title>\n<meta name=\"robots\" content=\"index, follow, max-snippet:-1, max-image-preview:large, max-video-preview:-1\" \/>\n<link rel=\"canonical\" href=\"https:\/\/nanoclean24.com\/fr\/produit\/nanoclean-fumi-1\/\" \/>\n<meta property=\"og:locale\" content=\"fr_FR\" \/>\n<meta property=\"og:type\" content=\"article\" \/>\n<meta property=\"og:title\" content=\"NANOCLEAN\u00ae FUMI-1 Buse de pulv\u00e9risation - NANOCLEAN\" \/>\n<meta property=\"og:description\" content=\"T\u00eate de n\u00e9bulisation Brouillard Sec \u2705 AC-69FUMI fix\u00e9 par raccord rapide au pistolet \u00e0 pression NANOCLEAN\u00ae GUN (AC-69GUN), en combinaison avec le produit NANOCLEAN AIR (concentr\u00e9 ou pr\u00eat \u00e0 l&#039;emploi) garantit la s\u00e9curit\u00e9 du personnel et du client.  \u2705 Remplace l&#039;ozonation de l&#039;int\u00e9rieur.\" \/>\n<meta property=\"og:url\" content=\"https:\/\/nanoclean24.com\/fr\/produit\/nanoclean-fumi-1\/\" \/>\n<meta property=\"og:site_name\" content=\"NANOCLEAN\" \/>\n<meta property=\"article:modified_time\" content=\"2026-01-13T09:27:17+00:00\" \/>\n<meta property=\"og:image\" content=\"https:\/\/nanoclean24.com\/wp-content\/uploads\/2025\/07\/AC-69FUMI-1.webp\" \/>\n\t<meta property=\"og:image:width\" content=\"900\" \/>\n\t<meta property=\"og:image:height\" content=\"900\" \/>\n\t<meta property=\"og:image:type\" content=\"image\/webp\" \/>\n<meta name=\"twitter:card\" content=\"summary_large_image\" \/>\n<meta name=\"twitter:label1\" content=\"Dur\u00e9e de lecture estim\u00e9e\" \/>\n\t<meta name=\"twitter:data1\" content=\"1 minute\" \/>\n<script type=\"application\/ld+json\" class=\"yoast-schema-graph\">{\"@context\":\"https:\\\/\\\/schema.org\",\"@graph\":[{\"@type\":\"WebPage\",\"@id\":\"https:\\\/\\\/nanoclean24.com\\\/fr\\\/produit\\\/nanoclean-fumi-1\\\/\",\"url\":\"https:\\\/\\\/nanoclean24.com\\\/fr\\\/produit\\\/nanoclean-fumi-1\\\/\",\"name\":\"NANOCLEAN\u00ae FUMI-1 Buse de pulv\u00e9risation - NANOCLEAN\",\"isPartOf\":{\"@id\":\"https:\\\/\\\/nanoclean24.com\\\/fr\\\/#website\"},\"primaryImageOfPage\":{\"@id\":\"https:\\\/\\\/nanoclean24.com\\\/fr\\\/produit\\\/nanoclean-fumi-1\\\/#primaryimage\"},\"image\":{\"@id\":\"https:\\\/\\\/nanoclean24.com\\\/fr\\\/produit\\\/nanoclean-fumi-1\\\/#primaryimage\"},\"thumbnailUrl\":\"https:\\\/\\\/nanoclean24.com\\\/wp-content\\\/uploads\\\/2025\\\/07\\\/AC-69FUMI-1.webp\",\"datePublished\":\"2025-07-20T19:43:33+00:00\",\"dateModified\":\"2026-01-13T09:27:17+00:00\",\"breadcrumb\":{\"@id\":\"https:\\\/\\\/nanoclean24.com\\\/fr\\\/produit\\\/nanoclean-fumi-1\\\/#breadcrumb\"},\"inLanguage\":\"fr-FR\",\"potentialAction\":[{\"@type\":\"ReadAction\",\"target\":[\"https:\\\/\\\/nanoclean24.com\\\/fr\\\/produit\\\/nanoclean-fumi-1\\\/\"]}]},{\"@type\":\"ImageObject\",\"inLanguage\":\"fr-FR\",\"@id\":\"https:\\\/\\\/nanoclean24.com\\\/fr\\\/produit\\\/nanoclean-fumi-1\\\/#primaryimage\",\"url\":\"https:\\\/\\\/nanoclean24.com\\\/wp-content\\\/uploads\\\/2025\\\/07\\\/AC-69FUMI-1.webp\",\"contentUrl\":\"https:\\\/\\\/nanoclean24.com\\\/wp-content\\\/uploads\\\/2025\\\/07\\\/AC-69FUMI-1.webp\",\"width\":900,\"height\":900},{\"@type\":\"BreadcrumbList\",\"@id\":\"https:\\\/\\\/nanoclean24.com\\\/fr\\\/produit\\\/nanoclean-fumi-1\\\/#breadcrumb\",\"itemListElement\":[{\"@type\":\"ListItem\",\"position\":1,\"name\":\"Strona g\u0142\u00f3wna\",\"item\":\"https:\\\/\\\/nanoclean24.com\\\/fr\\\/\"},{\"@type\":\"ListItem\",\"position\":2,\"name\":\"Boutique\",\"item\":\"https:\\\/\\\/nanoclean24.com\\\/shop\\\/\"},{\"@type\":\"ListItem\",\"position\":3,\"name\":\"NANOCLEAN\u00ae FUMI-1 Buse de pulv\u00e9risation\"}]},{\"@type\":\"WebSite\",\"@id\":\"https:\\\/\\\/nanoclean24.com\\\/fr\\\/#website\",\"url\":\"https:\\\/\\\/nanoclean24.com\\\/fr\\\/\",\"name\":\"NanoClean\",\"description\":\"\",\"publisher\":{\"@id\":\"https:\\\/\\\/nanoclean24.com\\\/fr\\\/#organization\"},\"potentialAction\":[{\"@type\":\"SearchAction\",\"target\":{\"@type\":\"EntryPoint\",\"urlTemplate\":\"https:\\\/\\\/nanoclean24.com\\\/fr\\\/?s={search_term_string}\"},\"query-input\":{\"@type\":\"PropertyValueSpecification\",\"valueRequired\":true,\"valueName\":\"search_term_string\"}}],\"inLanguage\":\"fr-FR\"},{\"@type\":\"Organization\",\"@id\":\"https:\\\/\\\/nanoclean24.com\\\/fr\\\/#organization\",\"name\":\"NanoClean\",\"url\":\"https:\\\/\\\/nanoclean24.com\\\/fr\\\/\",\"logo\":{\"@type\":\"ImageObject\",\"inLanguage\":\"fr-FR\",\"@id\":\"https:\\\/\\\/nanoclean24.com\\\/fr\\\/#\\\/schema\\\/logo\\\/image\\\/\",\"url\":\"https:\\\/\\\/nanoclean24.com\\\/wp-content\\\/uploads\\\/2025\\\/07\\\/logo-2.jpg\",\"contentUrl\":\"https:\\\/\\\/nanoclean24.com\\\/wp-content\\\/uploads\\\/2025\\\/07\\\/logo-2.jpg\",\"width\":1068,\"height\":224,\"caption\":\"NanoClean\"},\"image\":{\"@id\":\"https:\\\/\\\/nanoclean24.com\\\/fr\\\/#\\\/schema\\\/logo\\\/image\\\/\"}}]}<\/script>\n<!-- \/ Yoast SEO plugin. -->","yoast_head_json":{"title":"NANOCLEAN\u00ae FUMI-1 Buse de pulv\u00e9risation - NANOCLEAN","robots":{"index":"index","follow":"follow","max-snippet":"max-snippet:-1","max-image-preview":"max-image-preview:large","max-video-preview":"max-video-preview:-1"},"canonical":"https:\/\/nanoclean24.com\/fr\/produit\/nanoclean-fumi-1\/","og_locale":"fr_FR","og_type":"article","og_title":"NANOCLEAN\u00ae FUMI-1 Buse de pulv\u00e9risation - NANOCLEAN","og_description":"T\u00eate de n\u00e9bulisation Brouillard Sec \u2705 AC-69FUMI fix\u00e9 par raccord rapide au pistolet \u00e0 pression NANOCLEAN\u00ae GUN (AC-69GUN), en combinaison avec le produit NANOCLEAN AIR (concentr\u00e9 ou pr\u00eat \u00e0 l'emploi) garantit la s\u00e9curit\u00e9 du personnel et du client.  \u2705 Remplace l'ozonation de l'int\u00e9rieur.","og_url":"https:\/\/nanoclean24.com\/fr\/produit\/nanoclean-fumi-1\/","og_site_name":"NANOCLEAN","article_modified_time":"2026-01-13T09:27:17+00:00","og_image":[{"width":900,"height":900,"url":"https:\/\/nanoclean24.com\/wp-content\/uploads\/2025\/07\/AC-69FUMI-1.webp","type":"image\/webp"}],"twitter_card":"summary_large_image","twitter_misc":{"Dur\u00e9e de lecture estim\u00e9e":"1 minute"},"schema":{"@context":"https:\/\/schema.org","@graph":[{"@type":"WebPage","@id":"https:\/\/nanoclean24.com\/fr\/produit\/nanoclean-fumi-1\/","url":"https:\/\/nanoclean24.com\/fr\/produit\/nanoclean-fumi-1\/","name":"NANOCLEAN\u00ae FUMI-1 Buse de pulv\u00e9risation - NANOCLEAN","isPartOf":{"@id":"https:\/\/nanoclean24.com\/fr\/#website"},"primaryImageOfPage":{"@id":"https:\/\/nanoclean24.com\/fr\/produit\/nanoclean-fumi-1\/#primaryimage"},"image":{"@id":"https:\/\/nanoclean24.com\/fr\/produit\/nanoclean-fumi-1\/#primaryimage"},"thumbnailUrl":"https:\/\/nanoclean24.com\/wp-content\/uploads\/2025\/07\/AC-69FUMI-1.webp","datePublished":"2025-07-20T19:43:33+00:00","dateModified":"2026-01-13T09:27:17+00:00","breadcrumb":{"@id":"https:\/\/nanoclean24.com\/fr\/produit\/nanoclean-fumi-1\/#breadcrumb"},"inLanguage":"fr-FR","potentialAction":[{"@type":"ReadAction","target":["https:\/\/nanoclean24.com\/fr\/produit\/nanoclean-fumi-1\/"]}]},{"@type":"ImageObject","inLanguage":"fr-FR","@id":"https:\/\/nanoclean24.com\/fr\/produit\/nanoclean-fumi-1\/#primaryimage","url":"https:\/\/nanoclean24.com\/wp-content\/uploads\/2025\/07\/AC-69FUMI-1.webp","contentUrl":"https:\/\/nanoclean24.com\/wp-content\/uploads\/2025\/07\/AC-69FUMI-1.webp","width":900,"height":900},{"@type":"BreadcrumbList","@id":"https:\/\/nanoclean24.com\/fr\/produit\/nanoclean-fumi-1\/#breadcrumb","itemListElement":[{"@type":"ListItem","position":1,"name":"Strona g\u0142\u00f3wna","item":"https:\/\/nanoclean24.com\/fr\/"},{"@type":"ListItem","position":2,"name":"Boutique","item":"https:\/\/nanoclean24.com\/shop\/"},{"@type":"ListItem","position":3,"name":"NANOCLEAN\u00ae FUMI-1 Buse de pulv\u00e9risation"}]},{"@type":"WebSite","@id":"https:\/\/nanoclean24.com\/fr\/#website","url":"https:\/\/nanoclean24.com\/fr\/","name":"NanoClean","description":"","publisher":{"@id":"https:\/\/nanoclean24.com\/fr\/#organization"},"potentialAction":[{"@type":"SearchAction","target":{"@type":"EntryPoint","urlTemplate":"https:\/\/nanoclean24.com\/fr\/?s={search_term_string}"},"query-input":{"@type":"PropertyValueSpecification","valueRequired":true,"valueName":"search_term_string"}}],"inLanguage":"fr-FR"},{"@type":"Organization","@id":"https:\/\/nanoclean24.com\/fr\/#organization","name":"NanoClean","url":"https:\/\/nanoclean24.com\/fr\/","logo":{"@type":"ImageObject","inLanguage":"fr-FR","@id":"https:\/\/nanoclean24.com\/fr\/#\/schema\/logo\/image\/","url":"https:\/\/nanoclean24.com\/wp-content\/uploads\/2025\/07\/logo-2.jpg","contentUrl":"https:\/\/nanoclean24.com\/wp-content\/uploads\/2025\/07\/logo-2.jpg","width":1068,"height":224,"caption":"NanoClean"},"image":{"@id":"https:\/\/nanoclean24.com\/fr\/#\/schema\/logo\/image\/"}}]}},"taxonomy_info":{"product_cat":[{"value":177,"label":"CAR AC PRO"}]},"featured_image_src_large":["https:\/\/nanoclean24.com\/wp-content\/uploads\/2025\/07\/AC-69FUMI-1.webp",900,900,false],"author_info":[],"comment_info":"","_links":{"self":[{"href":"https:\/\/nanoclean24.com\/fr\/wp-json\/wp\/v2\/product\/4488","targetHints":{"allow":["GET"]}}],"collection":[{"href":"https:\/\/nanoclean24.com\/fr\/wp-json\/wp\/v2\/product"}],"about":[{"href":"https:\/\/nanoclean24.com\/fr\/wp-json\/wp\/v2\/types\/product"}],"wp:featuredmedia":[{"embeddable":true,"href":"https:\/\/nanoclean24.com\/fr\/wp-json\/wp\/v2\/media\/4112"}],"wp:attachment":[{"href":"https:\/\/nanoclean24.com\/fr\/wp-json\/wp\/v2\/media?parent=4488"}],"wp:term":[{"taxonomy":"product_brand","embeddable":true,"href":"https:\/\/nanoclean24.com\/fr\/wp-json\/wp\/v2\/product_brand?post=4488"},{"taxonomy":"product_cat","embeddable":true,"href":"https:\/\/nanoclean24.com\/fr\/wp-json\/wp\/v2\/product_cat?post=4488"},{"taxonomy":"product_tag","embeddable":true,"href":"https:\/\/nanoclean24.com\/fr\/wp-json\/wp\/v2\/product_tag?post=4488"}],"curies":[{"name":"wp","href":"https:\/\/api.w.org\/{rel}","templated":true}]}}