{"id":4462,"date":"2025-07-20T23:01:58","date_gmt":"2025-07-20T21:01:58","guid":{"rendered":"https:\/\/kadence.nanoclean.dev\/produkt\/ac-foamclean-500ml\/"},"modified":"2026-03-13T18:56:02","modified_gmt":"2026-03-13T17:56:02","slug":"ac-foamclean-500ml","status":"publish","type":"product","link":"https:\/\/nanoclean24.com\/fr\/produit\/ac-foamclean-500ml\/","title":{"rendered":"AC-FOAMCLEAN 500ml"},"content":{"rendered":"<h3><strong>Application :<\/strong><\/h3>\n<ul>\n<li>AC-FOAMCLEAN est l&rsquo;un des rares produits qui \u00e9limine facilement les salissures grasses incrust\u00e9es, les huiles, les graisses, la graisse br\u00fbl\u00e9e, la salet\u00e9 s\u00e9ch\u00e9e sur les surfaces dures et les anciennes taches alimentaires.<\/li>\n<li>\u00c9limine les salissures organiques : d\u00e9p\u00f4ts de mousse, rouille, huiles, boue, feuilles, r\u00e9sines, toutes les salissures sur le toit et la fa\u00e7ade.<\/li>\n<li>Nettoie les appareils de climatisation ext\u00e9rieurs, \u00e9claircit les lamelles des condenseurs, les filtres \u00e0 air \u00e9lectroniques, les grilles de ventilation, les \u00e9quipements huileux, les pi\u00e8ces m\u00e9caniques.<\/li>\n<li>Parfait pour nettoyer les conduits de ventilation des friteries, des cuisines de bars, des points de vente de kebab, de la restauration, etc.<\/li>\n<li>\u00c9galement recommand\u00e9 pour le lavage des v\u00e9hicules de transport routier et ferroviaire : voitures, camions, locomotives, wagons, etc.<\/li>\n<li>Nettoie parfaitement les moteurs, les jantes en aluminium, les transmissions, les ch\u00e2ssis, les carrosseries et les surfaces peintes.<\/li>\n<li>Utilis\u00e9 dans toutes les industries, notamment : pour \u00e9liminer les huiles, les graisses, les salissures routi\u00e8res, bitumineuses, la salet\u00e9, dans les stations-service, les ateliers, l&rsquo;ing\u00e9nierie.<\/li>\n<li>Nettoie les sols industriels, les surfaces asphalt\u00e9es huileuses, les \u00e9quipements industriels, les murs, les surfaces peintes, l&rsquo;\u00e9clairage, le verre, le bois, les plastiques, le carrelage, les stratifi\u00e9s, la terre cuite.<\/li>\n<\/ul>\n<h3><strong>Mode d&#8217;emploi :<\/strong><\/h3>\n<p>Excellent pour le lavage manuel, avec un embout moussant sp\u00e9cial qui facilite l&rsquo;application du produit et permet au produit de rester plus longtemps sur la surface \u00e0 nettoyer.<\/p>\n<ol>\n<li>Appliquer le produit sur la surface \u00e0 nettoyer, laver manuellement ou attendre 3-5 minutes que la salet\u00e9 s&rsquo;\u00e9coule et rincer \u00e0 l&rsquo;eau sous pression.<\/li>\n<li>R\u00e9p\u00e9ter le processus si n\u00e9cessaire.<\/li>\n<\/ol>\n<p><strong>Attention :<\/strong> Ne pas laisser le produit s\u00e9cher sur la surface. Il est recommand\u00e9 de rincer \u00e0 l&rsquo;eau \u00e0 la fin.<\/p>\n<p><strong>S\u00e9curit\u00e9 :<\/strong><br \/>\nPorter des v\u00eatements de protection en fonction du type de travail effectu\u00e9. Lire la fiche de donn\u00e9es de s\u00e9curit\u00e9 (FDS) avant utilisation.<\/p>\n","protected":false},"excerpt":{"rendered":"<h3>Mousse active et puissante alcaline pour le nettoyage<\/h3>\n<p>&nbsp;<\/p>\n<p><strong>\u2705 <\/strong>Nettoie et d\u00e9graisse puissamment la plupart des surfaces des \u00e9changeurs dans les appareils de climatisation. P\u00e9n\u00e8tre et d\u00e9tache la salet\u00e9 de la surface nettoy\u00e9e, puis la dissout.<\/p>\n<p><strong>\u2705 <\/strong>Dissout les graisses, huiles, cires, graisses, salissures routi\u00e8res et ferroviaires, r\u00e9sines, encre, salissures s\u00e9ch\u00e9es sur<br \/>\nla surface, salissures bitumineuses, de tabac, de sang, salissures sur les toits, d\u00e9p\u00f4ts d&rsquo;eau, salissures organiques : feuilles, herbe, \u00e9corce, etc.<\/p>\n<p><strong>\u2705 <\/strong>Tr\u00e8s \u00e9conomique \u00e0 l&rsquo;usage.<\/p>\n<p><strong>\u2705 <\/strong>La mousse active est tr\u00e8s adh\u00e9rente, ne coule pas des surfaces verticales pendant 5 minutes et permet un nettoyage sans contact plus efficace. Dispose d&rsquo;un embout moussant sp\u00e9cial.<\/p>\n<p><strong>\u2705 <\/strong>Nettoyant alcalin universel et polyvalent.<\/p>\n<p><strong>\u2705 <\/strong>Biod\u00e9gradable selon les normes OCDE.<\/p>\n<p><strong>\u2705 <\/strong>Compatible avec les peintures, plastiques, \u00e9lastom\u00e8res, tissus, bois, c\u00e9ramique et m\u00e9taux : (y compris les alliages d&rsquo;aluminium et de cuivre \u00e0 condition de rincer \u00e0 l&rsquo;eau apr\u00e8s le nettoyage).<\/p>\n","protected":false},"featured_media":9330,"template":"","meta":{"_kad_blocks_custom_css":"","_kad_blocks_head_custom_js":"","_kad_blocks_body_custom_js":"","_kad_blocks_footer_custom_js":"","_kad_post_transparent":"","_kad_post_title":"","_kad_post_layout":"","_kad_post_sidebar_id":"","_kad_post_content_style":"","_kad_post_vertical_padding":"","_kad_post_feature":"","_kad_post_feature_position":"","_kad_post_header":false,"_kad_post_footer":false,"_kad_post_classname":""},"product_brand":[],"product_cat":[],"product_tag":[],"class_list":{"0":"post-4462","1":"product","2":"type-product","3":"status-publish","4":"has-post-thumbnail","7":"first","8":"instock","9":"taxable","10":"shipping-taxable","11":"product-type-simple","12":"entry","13":"content-bg","14":"loop-entry"},"yoast_head":"<!-- This site is optimized with the Yoast SEO plugin v27.2 - https:\/\/yoast.com\/product\/yoast-seo-wordpress\/ -->\n<title>AC-FOAMCLEAN 500ml - NANOCLEAN<\/title>\n<meta name=\"robots\" content=\"index, follow, max-snippet:-1, max-image-preview:large, max-video-preview:-1\" \/>\n<link rel=\"canonical\" href=\"https:\/\/nanoclean24.com\/fr\/produit\/ac-foamclean-500ml\/\" \/>\n<meta property=\"og:locale\" content=\"fr_FR\" \/>\n<meta property=\"og:type\" content=\"article\" \/>\n<meta property=\"og:title\" content=\"AC-FOAMCLEAN 500ml - NANOCLEAN\" \/>\n<meta property=\"og:description\" content=\"Mousse active et puissante alcaline pour le nettoyage &nbsp; \u2705 Nettoie et d\u00e9graisse puissamment la plupart des surfaces des \u00e9changeurs dans les appareils de climatisation. P\u00e9n\u00e8tre et d\u00e9tache la salet\u00e9 de la surface nettoy\u00e9e, puis la dissout. \u2705 Dissout les graisses, huiles, cires, graisses, salissures routi\u00e8res et ferroviaires, r\u00e9sines, encre, salissures s\u00e9ch\u00e9es sur la surface, salissures bitumineuses, de tabac, de sang, salissures sur les toits, d\u00e9p\u00f4ts d&#039;eau, salissures organiques : feuilles, herbe, \u00e9corce, etc. \u2705 Tr\u00e8s \u00e9conomique \u00e0 l&#039;usage. \u2705 La mousse active est tr\u00e8s adh\u00e9rente, ne coule pas des surfaces verticales pendant 5 minutes et permet un nettoyage sans contact plus efficace. Dispose d&#039;un embout moussant sp\u00e9cial. \u2705 Nettoyant alcalin universel et polyvalent. \u2705 Biod\u00e9gradable selon les normes OCDE. \u2705 Compatible avec les peintures, plastiques, \u00e9lastom\u00e8res, tissus, bois, c\u00e9ramique et m\u00e9taux : (y compris les alliages d&#039;aluminium et de cuivre \u00e0 condition de rincer \u00e0 l&#039;eau apr\u00e8s le nettoyage).\" \/>\n<meta property=\"og:url\" content=\"https:\/\/nanoclean24.com\/fr\/produit\/ac-foamclean-500ml\/\" \/>\n<meta property=\"og:site_name\" content=\"NANOCLEAN\" \/>\n<meta property=\"article:modified_time\" content=\"2026-03-13T17:56:02+00:00\" \/>\n<meta property=\"og:image\" content=\"https:\/\/nanoclean24.com\/wp-content\/uploads\/2025\/07\/u801.png\" \/>\n\t<meta property=\"og:image:width\" content=\"1010\" \/>\n\t<meta property=\"og:image:height\" content=\"1010\" \/>\n\t<meta property=\"og:image:type\" content=\"image\/png\" \/>\n<meta name=\"twitter:card\" content=\"summary_large_image\" \/>\n<meta name=\"twitter:label1\" content=\"Dur\u00e9e de lecture estim\u00e9e\" \/>\n\t<meta name=\"twitter:data1\" content=\"2 minutes\" \/>\n<script type=\"application\/ld+json\" class=\"yoast-schema-graph\">{\"@context\":\"https:\/\/schema.org\",\"@graph\":[{\"@type\":\"WebPage\",\"@id\":\"https:\/\/nanoclean24.com\/fr\/produit\/ac-foamclean-500ml\/\",\"url\":\"https:\/\/nanoclean24.com\/fr\/produit\/ac-foamclean-500ml\/\",\"name\":\"AC-FOAMCLEAN 500ml - NANOCLEAN\",\"isPartOf\":{\"@id\":\"https:\/\/nanoclean24.com\/fr\/#website\"},\"primaryImageOfPage\":{\"@id\":\"https:\/\/nanoclean24.com\/fr\/produit\/ac-foamclean-500ml\/#primaryimage\"},\"image\":{\"@id\":\"https:\/\/nanoclean24.com\/fr\/produit\/ac-foamclean-500ml\/#primaryimage\"},\"thumbnailUrl\":\"https:\/\/nanoclean24.com\/wp-content\/uploads\/2025\/07\/u801.png\",\"datePublished\":\"2025-07-20T21:01:58+00:00\",\"dateModified\":\"2026-03-13T17:56:02+00:00\",\"breadcrumb\":{\"@id\":\"https:\/\/nanoclean24.com\/fr\/produit\/ac-foamclean-500ml\/#breadcrumb\"},\"inLanguage\":\"fr-FR\",\"potentialAction\":[{\"@type\":\"ReadAction\",\"target\":[\"https:\/\/nanoclean24.com\/fr\/produit\/ac-foamclean-500ml\/\"]}]},{\"@type\":\"ImageObject\",\"inLanguage\":\"fr-FR\",\"@id\":\"https:\/\/nanoclean24.com\/fr\/produit\/ac-foamclean-500ml\/#primaryimage\",\"url\":\"https:\/\/nanoclean24.com\/wp-content\/uploads\/2025\/07\/u801.png\",\"contentUrl\":\"https:\/\/nanoclean24.com\/wp-content\/uploads\/2025\/07\/u801.png\",\"width\":1010,\"height\":1010},{\"@type\":\"BreadcrumbList\",\"@id\":\"https:\/\/nanoclean24.com\/fr\/produit\/ac-foamclean-500ml\/#breadcrumb\",\"itemListElement\":[{\"@type\":\"ListItem\",\"position\":1,\"name\":\"Strona g\u0142\u00f3wna\",\"item\":\"https:\/\/nanoclean24.com\/fr\/\"},{\"@type\":\"ListItem\",\"position\":2,\"name\":\"Boutique\",\"item\":\"https:\/\/nanoclean24.com\/shop\/\"},{\"@type\":\"ListItem\",\"position\":3,\"name\":\"AC-FOAMCLEAN 500ml\"}]},{\"@type\":\"WebSite\",\"@id\":\"https:\/\/nanoclean24.com\/fr\/#website\",\"url\":\"https:\/\/nanoclean24.com\/fr\/\",\"name\":\"NanoClean\",\"description\":\"\",\"publisher\":{\"@id\":\"https:\/\/nanoclean24.com\/fr\/#organization\"},\"potentialAction\":[{\"@type\":\"SearchAction\",\"target\":{\"@type\":\"EntryPoint\",\"urlTemplate\":\"https:\/\/nanoclean24.com\/fr\/?s={search_term_string}\"},\"query-input\":{\"@type\":\"PropertyValueSpecification\",\"valueRequired\":true,\"valueName\":\"search_term_string\"}}],\"inLanguage\":\"fr-FR\"},{\"@type\":\"Organization\",\"@id\":\"https:\/\/nanoclean24.com\/fr\/#organization\",\"name\":\"NanoClean\",\"url\":\"https:\/\/nanoclean24.com\/fr\/\",\"logo\":{\"@type\":\"ImageObject\",\"inLanguage\":\"fr-FR\",\"@id\":\"https:\/\/nanoclean24.com\/fr\/#\/schema\/logo\/image\/\",\"url\":\"https:\/\/nanoclean24.com\/wp-content\/uploads\/2025\/07\/logo-2.jpg\",\"contentUrl\":\"https:\/\/nanoclean24.com\/wp-content\/uploads\/2025\/07\/logo-2.jpg\",\"width\":1068,\"height\":224,\"caption\":\"NanoClean\"},\"image\":{\"@id\":\"https:\/\/nanoclean24.com\/fr\/#\/schema\/logo\/image\/\"}}]}<\/script>\n<!-- \/ Yoast SEO plugin. -->","yoast_head_json":{"title":"AC-FOAMCLEAN 500ml - NANOCLEAN","robots":{"index":"index","follow":"follow","max-snippet":"max-snippet:-1","max-image-preview":"max-image-preview:large","max-video-preview":"max-video-preview:-1"},"canonical":"https:\/\/nanoclean24.com\/fr\/produit\/ac-foamclean-500ml\/","og_locale":"fr_FR","og_type":"article","og_title":"AC-FOAMCLEAN 500ml - NANOCLEAN","og_description":"Mousse active et puissante alcaline pour le nettoyage &nbsp; \u2705 Nettoie et d\u00e9graisse puissamment la plupart des surfaces des \u00e9changeurs dans les appareils de climatisation. P\u00e9n\u00e8tre et d\u00e9tache la salet\u00e9 de la surface nettoy\u00e9e, puis la dissout. \u2705 Dissout les graisses, huiles, cires, graisses, salissures routi\u00e8res et ferroviaires, r\u00e9sines, encre, salissures s\u00e9ch\u00e9es sur la surface, salissures bitumineuses, de tabac, de sang, salissures sur les toits, d\u00e9p\u00f4ts d'eau, salissures organiques : feuilles, herbe, \u00e9corce, etc. \u2705 Tr\u00e8s \u00e9conomique \u00e0 l'usage. \u2705 La mousse active est tr\u00e8s adh\u00e9rente, ne coule pas des surfaces verticales pendant 5 minutes et permet un nettoyage sans contact plus efficace. Dispose d'un embout moussant sp\u00e9cial. \u2705 Nettoyant alcalin universel et polyvalent. \u2705 Biod\u00e9gradable selon les normes OCDE. \u2705 Compatible avec les peintures, plastiques, \u00e9lastom\u00e8res, tissus, bois, c\u00e9ramique et m\u00e9taux : (y compris les alliages d'aluminium et de cuivre \u00e0 condition de rincer \u00e0 l'eau apr\u00e8s le nettoyage).","og_url":"https:\/\/nanoclean24.com\/fr\/produit\/ac-foamclean-500ml\/","og_site_name":"NANOCLEAN","article_modified_time":"2026-03-13T17:56:02+00:00","og_image":[{"width":1010,"height":1010,"url":"https:\/\/nanoclean24.com\/wp-content\/uploads\/2025\/07\/u801.png","type":"image\/png"}],"twitter_card":"summary_large_image","twitter_misc":{"Dur\u00e9e de lecture estim\u00e9e":"2 minutes"},"schema":{"@context":"https:\/\/schema.org","@graph":[{"@type":"WebPage","@id":"https:\/\/nanoclean24.com\/fr\/produit\/ac-foamclean-500ml\/","url":"https:\/\/nanoclean24.com\/fr\/produit\/ac-foamclean-500ml\/","name":"AC-FOAMCLEAN 500ml - NANOCLEAN","isPartOf":{"@id":"https:\/\/nanoclean24.com\/fr\/#website"},"primaryImageOfPage":{"@id":"https:\/\/nanoclean24.com\/fr\/produit\/ac-foamclean-500ml\/#primaryimage"},"image":{"@id":"https:\/\/nanoclean24.com\/fr\/produit\/ac-foamclean-500ml\/#primaryimage"},"thumbnailUrl":"https:\/\/nanoclean24.com\/wp-content\/uploads\/2025\/07\/u801.png","datePublished":"2025-07-20T21:01:58+00:00","dateModified":"2026-03-13T17:56:02+00:00","breadcrumb":{"@id":"https:\/\/nanoclean24.com\/fr\/produit\/ac-foamclean-500ml\/#breadcrumb"},"inLanguage":"fr-FR","potentialAction":[{"@type":"ReadAction","target":["https:\/\/nanoclean24.com\/fr\/produit\/ac-foamclean-500ml\/"]}]},{"@type":"ImageObject","inLanguage":"fr-FR","@id":"https:\/\/nanoclean24.com\/fr\/produit\/ac-foamclean-500ml\/#primaryimage","url":"https:\/\/nanoclean24.com\/wp-content\/uploads\/2025\/07\/u801.png","contentUrl":"https:\/\/nanoclean24.com\/wp-content\/uploads\/2025\/07\/u801.png","width":1010,"height":1010},{"@type":"BreadcrumbList","@id":"https:\/\/nanoclean24.com\/fr\/produit\/ac-foamclean-500ml\/#breadcrumb","itemListElement":[{"@type":"ListItem","position":1,"name":"Strona g\u0142\u00f3wna","item":"https:\/\/nanoclean24.com\/fr\/"},{"@type":"ListItem","position":2,"name":"Boutique","item":"https:\/\/nanoclean24.com\/shop\/"},{"@type":"ListItem","position":3,"name":"AC-FOAMCLEAN 500ml"}]},{"@type":"WebSite","@id":"https:\/\/nanoclean24.com\/fr\/#website","url":"https:\/\/nanoclean24.com\/fr\/","name":"NanoClean","description":"","publisher":{"@id":"https:\/\/nanoclean24.com\/fr\/#organization"},"potentialAction":[{"@type":"SearchAction","target":{"@type":"EntryPoint","urlTemplate":"https:\/\/nanoclean24.com\/fr\/?s={search_term_string}"},"query-input":{"@type":"PropertyValueSpecification","valueRequired":true,"valueName":"search_term_string"}}],"inLanguage":"fr-FR"},{"@type":"Organization","@id":"https:\/\/nanoclean24.com\/fr\/#organization","name":"NanoClean","url":"https:\/\/nanoclean24.com\/fr\/","logo":{"@type":"ImageObject","inLanguage":"fr-FR","@id":"https:\/\/nanoclean24.com\/fr\/#\/schema\/logo\/image\/","url":"https:\/\/nanoclean24.com\/wp-content\/uploads\/2025\/07\/logo-2.jpg","contentUrl":"https:\/\/nanoclean24.com\/wp-content\/uploads\/2025\/07\/logo-2.jpg","width":1068,"height":224,"caption":"NanoClean"},"image":{"@id":"https:\/\/nanoclean24.com\/fr\/#\/schema\/logo\/image\/"}}]}},"taxonomy_info":[],"featured_image_src_large":["https:\/\/nanoclean24.com\/wp-content\/uploads\/2025\/07\/u801.png",1010,1010,false],"author_info":[],"comment_info":"","_links":{"self":[{"href":"https:\/\/nanoclean24.com\/fr\/wp-json\/wp\/v2\/product\/4462","targetHints":{"allow":["GET"]}}],"collection":[{"href":"https:\/\/nanoclean24.com\/fr\/wp-json\/wp\/v2\/product"}],"about":[{"href":"https:\/\/nanoclean24.com\/fr\/wp-json\/wp\/v2\/types\/product"}],"wp:featuredmedia":[{"embeddable":true,"href":"https:\/\/nanoclean24.com\/fr\/wp-json\/wp\/v2\/media\/9330"}],"wp:attachment":[{"href":"https:\/\/nanoclean24.com\/fr\/wp-json\/wp\/v2\/media?parent=4462"}],"wp:term":[{"taxonomy":"product_brand","embeddable":true,"href":"https:\/\/nanoclean24.com\/fr\/wp-json\/wp\/v2\/product_brand?post=4462"},{"taxonomy":"product_cat","embeddable":true,"href":"https:\/\/nanoclean24.com\/fr\/wp-json\/wp\/v2\/product_cat?post=4462"},{"taxonomy":"product_tag","embeddable":true,"href":"https:\/\/nanoclean24.com\/fr\/wp-json\/wp\/v2\/product_tag?post=4462"}],"curies":[{"name":"wp","href":"https:\/\/api.w.org\/{rel}","templated":true}]}}