{"id":4455,"date":"2025-07-20T23:06:59","date_gmt":"2025-07-20T21:06:59","guid":{"rendered":"https:\/\/kadence.nanoclean.dev\/produkt\/ac-foamclean-concentre-1kg\/"},"modified":"2025-10-21T23:30:32","modified_gmt":"2025-10-21T21:30:32","slug":"ac-foamclean-concentre-1kg","status":"publish","type":"product","link":"https:\/\/nanoclean24.com\/fr\/produit\/ac-foamclean-concentre-1kg\/","title":{"rendered":"AC-FOAMCLEAN Concentr\u00e9 1kg"},"content":{"rendered":"<h3><strong>Application<\/strong><\/h3>\n<ul>\n<li>La solution de travail pr\u00e9par\u00e9e \u00e0 partir du concentr\u00e9 AC-FOAMCLEAN est l&rsquo;une des rares \u00e0 \u00e9liminer facilement les salissures grasses incrust\u00e9es, les huiles, les graisses, la graisse br\u00fbl\u00e9e, la salet\u00e9 s\u00e9ch\u00e9e sur les surfaces dures et les anciennes taches alimentaires.<\/li>\n<li>\u00c9limine les salissures organiques : d\u00e9p\u00f4ts de mousse, rouille, huiles, boue, feuilles, r\u00e9sines, toutes les salissures sur le toit et la fa\u00e7ade.<\/li>\n<li>Nettoie les appareils de climatisation ext\u00e9rieurs, \u00e9claircit les lamelles des condenseurs, les filtres \u00e0 air \u00e9lectroniques, les grilles de ventilation, les \u00e9quipements huileux, les pi\u00e8ces m\u00e9caniques.<\/li>\n<li>Parfait pour nettoyer les conduits de ventilation des friteries, des cuisines de bars, des points de vente de kebab, de la restauration, etc.<\/li>\n<li>\u00c9galement recommand\u00e9 pour le lavage des v\u00e9hicules de transport routier et ferroviaire : voitures, camions, locomotives, wagons, etc.<\/li>\n<li>Nettoie parfaitement les moteurs, les jantes en aluminium, les transmissions, les ch\u00e2ssis, les carrosseries et les surfaces peintes.<\/li>\n<li>Utilis\u00e9 dans toutes les industries, notamment : pour \u00e9liminer les huiles, les graisses, les salissures routi\u00e8res, bitumineuses, la salet\u00e9, dans les stations-service, les ateliers, l&rsquo;ing\u00e9nierie.<\/li>\n<li>Nettoie les sols industriels, les surfaces asphalt\u00e9es huileuses, les \u00e9quipements industriels, les murs, les surfaces peintes, l&rsquo;\u00e9clairage, le verre, le bois, les plastiques, le carrelage, les stratifi\u00e9s, la terre cuite.<\/li>\n<\/ul>\n<h3><strong>Mode d&#8217;emploi<\/strong><\/h3>\n<p>Excellent pour le lavage manuel, par immersion, sous pression et dans les nettoyeurs \u00e0 mousse.<br \/>\nDiluer avec de l&rsquo;eau avant utilisation selon l&rsquo;application et le niveau de salet\u00e9 &#8211; concentrations suivantes :<\/p>\n<ul>\n<li>Le plus souvent utilis\u00e9 \u00e0 une concentration de 5% (1:20).<\/li>\n<li>Nettoyage difficile (\u00e9limination des graisses et des huiles) : 1:10 \u00e0 1:4 (10-25%) avec de l&rsquo;eau froide ou chaude.<\/li>\n<li>Nettoyage g\u00e9n\u00e9ral : 1:50 \u00e0 1:10 (2-10%) avec de l&rsquo;eau chaude ou froide.<\/li>\n<li>Nettoyage sous pression : 1:200 \u00e0 1:20 (0,5-5%) avec de l&rsquo;eau froide ou chaude.<\/li>\n<li>Nettoyage des surfaces peintes : 1:100 \u00e0 1:20 (1-5%) avec de l&rsquo;eau.<\/li>\n<\/ul>\n<p>&nbsp;<\/p>\n<p>Appliquer le produit sur la surface \u00e0 nettoyer, laver manuellement ou attendre 3-5 minutes que la salet\u00e9 s&rsquo;\u00e9coule et rincer \u00e0 l&rsquo;eau sous pression. R\u00e9p\u00e9ter le processus si n\u00e9cessaire.<\/p>\n<p><strong>Attention :<\/strong> Ne pas laisser le produit s\u00e9cher sur la surface. Il est recommand\u00e9 de rincer \u00e0 l&rsquo;eau \u00e0 la fin.<\/p>\n<p><strong>S\u00e9curit\u00e9 :<\/strong><br \/>\nLes utilisateurs doivent \u00e9viter le contact direct avec la peau et porter des gants de protection et une protection oculaire. Lire la fiche de donn\u00e9es de s\u00e9curit\u00e9 (FDS) avant utilisation.<\/p>\n","protected":false},"excerpt":{"rendered":"<h3>Mousse alcaline active et puissante pour le nettoyage des unit\u00e9s de climatisation<\/h3>\n<p>&nbsp;<\/p>\n<p><strong>\u2705 Nettoie et d\u00e9graisse puissamment la plupart des surfaces<\/strong> des \u00e9changeurs dans les appareils de climatisation. P\u00e9n\u00e8tre et d\u00e9tache la salet\u00e9 de la surface nettoy\u00e9e, puis la dissout.<\/p>\n<p><strong>\u2705 Dissout<\/strong> les graisses, huiles, cires, graisses, salissures routi\u00e8res et ferroviaires, r\u00e9sines, encre, salissures s\u00e9ch\u00e9es sur<br \/>\nla surface, salissures bitumineuses, de tabac, de sang, salissures sur les toits, d\u00e9p\u00f4ts d&rsquo;eau, salissures organiques : feuilles, herbe, \u00e9corce, etc.<\/p>\n<p><strong>\u2705 Tr\u00e8s \u00e9conomique<\/strong> \u00e0 l&rsquo;usage, le plus souvent utilis\u00e9 avec de l&rsquo;eau \u00e0 une concentration de 5% (1:20).<\/p>\n<p><strong>\u2705 La mousse active est tr\u00e8s adh\u00e9rente<\/strong>, ne coule pas des surfaces verticales pendant 5 minutes et permet un nettoyage sans contact plus efficace.<\/p>\n<p><strong>\u2705 Nettoyant alcalin universel et polyvalent<\/strong>.<\/p>\n<p><strong>\u2705 Biod\u00e9gradable selon les normes OCDE.<\/strong><\/p>\n<p><strong>\u2705 Compatible avec les rev\u00eatements<\/strong> de peinture, les plastiques, les \u00e9lastom\u00e8res, les tissus, le bois, la c\u00e9ramique et les m\u00e9taux : (y compris les alliages d&rsquo;aluminium et de cuivre \u00e0 condition de rincer \u00e0 l&rsquo;eau apr\u00e8s le nettoyage).<\/p>\n","protected":false},"featured_media":14614,"template":"","meta":{"_kad_blocks_custom_css":"","_kad_blocks_head_custom_js":"","_kad_blocks_body_custom_js":"","_kad_blocks_footer_custom_js":"","_kad_post_transparent":"","_kad_post_title":"","_kad_post_layout":"","_kad_post_sidebar_id":"","_kad_post_content_style":"","_kad_post_vertical_padding":"","_kad_post_feature":"","_kad_post_feature_position":"","_kad_post_header":false,"_kad_post_footer":false,"_kad_post_classname":""},"product_brand":[],"product_cat":[123],"product_tag":[],"class_list":{"0":"post-4455","1":"product","2":"type-product","3":"status-publish","4":"has-post-thumbnail","6":"product_cat-hvac-fr","8":"first","9":"outofstock","10":"taxable","11":"shipping-taxable","12":"purchasable","13":"product-type-simple","14":"entry","15":"content-bg","16":"loop-entry"},"yoast_head":"<!-- This site is optimized with the Yoast SEO plugin v27.2 - https:\/\/yoast.com\/product\/yoast-seo-wordpress\/ -->\n<title>AC-FOAMCLEAN Concentr\u00e9 1kg - NANOCLEAN<\/title>\n<meta name=\"robots\" content=\"index, follow, max-snippet:-1, max-image-preview:large, max-video-preview:-1\" \/>\n<link rel=\"canonical\" href=\"https:\/\/nanoclean24.com\/fr\/produit\/ac-foamclean-concentre-1kg\/\" \/>\n<meta property=\"og:locale\" content=\"fr_FR\" \/>\n<meta property=\"og:type\" content=\"article\" \/>\n<meta property=\"og:title\" content=\"AC-FOAMCLEAN Concentr\u00e9 1kg - NANOCLEAN\" \/>\n<meta property=\"og:description\" content=\"Mousse alcaline active et puissante pour le nettoyage des unit\u00e9s de climatisation &nbsp;  \u2705 Nettoie et d\u00e9graisse puissamment la plupart des surfaces des \u00e9changeurs dans les appareils de climatisation. P\u00e9n\u00e8tre et d\u00e9tache la salet\u00e9 de la surface nettoy\u00e9e, puis la dissout.  \u2705 Dissout les graisses, huiles, cires, graisses, salissures routi\u00e8res et ferroviaires, r\u00e9sines, encre, salissures s\u00e9ch\u00e9es sur la surface, salissures bitumineuses, de tabac, de sang, salissures sur les toits, d\u00e9p\u00f4ts d&#039;eau, salissures organiques : feuilles, herbe, \u00e9corce, etc.  \u2705 Tr\u00e8s \u00e9conomique \u00e0 l&#039;usage, le plus souvent utilis\u00e9 avec de l&#039;eau \u00e0 une concentration de 5% (1:20).  \u2705 La mousse active est tr\u00e8s adh\u00e9rente, ne coule pas des surfaces verticales pendant 5 minutes et permet un nettoyage sans contact plus efficace.  \u2705 Nettoyant alcalin universel et polyvalent.  \u2705 Biod\u00e9gradable selon les normes OCDE.  \u2705 Compatible avec les rev\u00eatements de peinture, les plastiques, les \u00e9lastom\u00e8res, les tissus, le bois, la c\u00e9ramique et les m\u00e9taux : (y compris les alliages d&#039;aluminium et de cuivre \u00e0 condition de rincer \u00e0 l&#039;eau apr\u00e8s le nettoyage).\" \/>\n<meta property=\"og:url\" content=\"https:\/\/nanoclean24.com\/fr\/produit\/ac-foamclean-concentre-1kg\/\" \/>\n<meta property=\"og:site_name\" content=\"NANOCLEAN\" \/>\n<meta property=\"article:modified_time\" content=\"2025-10-21T21:30:32+00:00\" \/>\n<meta property=\"og:image\" content=\"https:\/\/nanoclean24.com\/wp-content\/uploads\/2025\/07\/MC6125-ACFOAMCLEAN-1L_mod-bez-tla-1.png\" \/>\n\t<meta property=\"og:image:width\" content=\"1030\" \/>\n\t<meta property=\"og:image:height\" content=\"1873\" \/>\n\t<meta property=\"og:image:type\" content=\"image\/png\" \/>\n<meta name=\"twitter:card\" content=\"summary_large_image\" \/>\n<meta name=\"twitter:label1\" content=\"Dur\u00e9e de lecture estim\u00e9e\" \/>\n\t<meta name=\"twitter:data1\" content=\"2 minutes\" \/>\n<script type=\"application\/ld+json\" class=\"yoast-schema-graph\">{\"@context\":\"https:\/\/schema.org\",\"@graph\":[{\"@type\":\"WebPage\",\"@id\":\"https:\/\/nanoclean24.com\/fr\/produit\/ac-foamclean-concentre-1kg\/\",\"url\":\"https:\/\/nanoclean24.com\/fr\/produit\/ac-foamclean-concentre-1kg\/\",\"name\":\"AC-FOAMCLEAN Concentr\u00e9 1kg - NANOCLEAN\",\"isPartOf\":{\"@id\":\"https:\/\/nanoclean24.com\/fr\/#website\"},\"primaryImageOfPage\":{\"@id\":\"https:\/\/nanoclean24.com\/fr\/produit\/ac-foamclean-concentre-1kg\/#primaryimage\"},\"image\":{\"@id\":\"https:\/\/nanoclean24.com\/fr\/produit\/ac-foamclean-concentre-1kg\/#primaryimage\"},\"thumbnailUrl\":\"https:\/\/nanoclean24.com\/wp-content\/uploads\/2025\/07\/MC6125-ACFOAMCLEAN-1L_mod-bez-tla-1-1.png\",\"datePublished\":\"2025-07-20T21:06:59+00:00\",\"dateModified\":\"2025-10-21T21:30:32+00:00\",\"breadcrumb\":{\"@id\":\"https:\/\/nanoclean24.com\/fr\/produit\/ac-foamclean-concentre-1kg\/#breadcrumb\"},\"inLanguage\":\"fr-FR\",\"potentialAction\":[{\"@type\":\"ReadAction\",\"target\":[\"https:\/\/nanoclean24.com\/fr\/produit\/ac-foamclean-concentre-1kg\/\"]}]},{\"@type\":\"ImageObject\",\"inLanguage\":\"fr-FR\",\"@id\":\"https:\/\/nanoclean24.com\/fr\/produit\/ac-foamclean-concentre-1kg\/#primaryimage\",\"url\":\"https:\/\/nanoclean24.com\/wp-content\/uploads\/2025\/07\/MC6125-ACFOAMCLEAN-1L_mod-bez-tla-1-1.png\",\"contentUrl\":\"https:\/\/nanoclean24.com\/wp-content\/uploads\/2025\/07\/MC6125-ACFOAMCLEAN-1L_mod-bez-tla-1-1.png\",\"width\":1874,\"height\":1873},{\"@type\":\"BreadcrumbList\",\"@id\":\"https:\/\/nanoclean24.com\/fr\/produit\/ac-foamclean-concentre-1kg\/#breadcrumb\",\"itemListElement\":[{\"@type\":\"ListItem\",\"position\":1,\"name\":\"Strona g\u0142\u00f3wna\",\"item\":\"https:\/\/nanoclean24.com\/fr\/\"},{\"@type\":\"ListItem\",\"position\":2,\"name\":\"Boutique\",\"item\":\"https:\/\/nanoclean24.com\/shop\/\"},{\"@type\":\"ListItem\",\"position\":3,\"name\":\"AC-FOAMCLEAN Concentr\u00e9 1kg\"}]},{\"@type\":\"WebSite\",\"@id\":\"https:\/\/nanoclean24.com\/fr\/#website\",\"url\":\"https:\/\/nanoclean24.com\/fr\/\",\"name\":\"NanoClean\",\"description\":\"\",\"publisher\":{\"@id\":\"https:\/\/nanoclean24.com\/fr\/#organization\"},\"potentialAction\":[{\"@type\":\"SearchAction\",\"target\":{\"@type\":\"EntryPoint\",\"urlTemplate\":\"https:\/\/nanoclean24.com\/fr\/?s={search_term_string}\"},\"query-input\":{\"@type\":\"PropertyValueSpecification\",\"valueRequired\":true,\"valueName\":\"search_term_string\"}}],\"inLanguage\":\"fr-FR\"},{\"@type\":\"Organization\",\"@id\":\"https:\/\/nanoclean24.com\/fr\/#organization\",\"name\":\"NanoClean\",\"url\":\"https:\/\/nanoclean24.com\/fr\/\",\"logo\":{\"@type\":\"ImageObject\",\"inLanguage\":\"fr-FR\",\"@id\":\"https:\/\/nanoclean24.com\/fr\/#\/schema\/logo\/image\/\",\"url\":\"https:\/\/nanoclean24.com\/wp-content\/uploads\/2025\/07\/logo-2.jpg\",\"contentUrl\":\"https:\/\/nanoclean24.com\/wp-content\/uploads\/2025\/07\/logo-2.jpg\",\"width\":1068,\"height\":224,\"caption\":\"NanoClean\"},\"image\":{\"@id\":\"https:\/\/nanoclean24.com\/fr\/#\/schema\/logo\/image\/\"}}]}<\/script>\n<!-- \/ Yoast SEO plugin. -->","yoast_head_json":{"title":"AC-FOAMCLEAN Concentr\u00e9 1kg - NANOCLEAN","robots":{"index":"index","follow":"follow","max-snippet":"max-snippet:-1","max-image-preview":"max-image-preview:large","max-video-preview":"max-video-preview:-1"},"canonical":"https:\/\/nanoclean24.com\/fr\/produit\/ac-foamclean-concentre-1kg\/","og_locale":"fr_FR","og_type":"article","og_title":"AC-FOAMCLEAN Concentr\u00e9 1kg - NANOCLEAN","og_description":"Mousse alcaline active et puissante pour le nettoyage des unit\u00e9s de climatisation &nbsp;  \u2705 Nettoie et d\u00e9graisse puissamment la plupart des surfaces des \u00e9changeurs dans les appareils de climatisation. P\u00e9n\u00e8tre et d\u00e9tache la salet\u00e9 de la surface nettoy\u00e9e, puis la dissout.  \u2705 Dissout les graisses, huiles, cires, graisses, salissures routi\u00e8res et ferroviaires, r\u00e9sines, encre, salissures s\u00e9ch\u00e9es sur la surface, salissures bitumineuses, de tabac, de sang, salissures sur les toits, d\u00e9p\u00f4ts d'eau, salissures organiques : feuilles, herbe, \u00e9corce, etc.  \u2705 Tr\u00e8s \u00e9conomique \u00e0 l'usage, le plus souvent utilis\u00e9 avec de l'eau \u00e0 une concentration de 5% (1:20).  \u2705 La mousse active est tr\u00e8s adh\u00e9rente, ne coule pas des surfaces verticales pendant 5 minutes et permet un nettoyage sans contact plus efficace.  \u2705 Nettoyant alcalin universel et polyvalent.  \u2705 Biod\u00e9gradable selon les normes OCDE.  \u2705 Compatible avec les rev\u00eatements de peinture, les plastiques, les \u00e9lastom\u00e8res, les tissus, le bois, la c\u00e9ramique et les m\u00e9taux : (y compris les alliages d'aluminium et de cuivre \u00e0 condition de rincer \u00e0 l'eau apr\u00e8s le nettoyage).","og_url":"https:\/\/nanoclean24.com\/fr\/produit\/ac-foamclean-concentre-1kg\/","og_site_name":"NANOCLEAN","article_modified_time":"2025-10-21T21:30:32+00:00","og_image":[{"width":1030,"height":1873,"url":"https:\/\/nanoclean24.com\/wp-content\/uploads\/2025\/07\/MC6125-ACFOAMCLEAN-1L_mod-bez-tla-1.png","type":"image\/png"}],"twitter_card":"summary_large_image","twitter_misc":{"Dur\u00e9e de lecture estim\u00e9e":"2 minutes"},"schema":{"@context":"https:\/\/schema.org","@graph":[{"@type":"WebPage","@id":"https:\/\/nanoclean24.com\/fr\/produit\/ac-foamclean-concentre-1kg\/","url":"https:\/\/nanoclean24.com\/fr\/produit\/ac-foamclean-concentre-1kg\/","name":"AC-FOAMCLEAN Concentr\u00e9 1kg - NANOCLEAN","isPartOf":{"@id":"https:\/\/nanoclean24.com\/fr\/#website"},"primaryImageOfPage":{"@id":"https:\/\/nanoclean24.com\/fr\/produit\/ac-foamclean-concentre-1kg\/#primaryimage"},"image":{"@id":"https:\/\/nanoclean24.com\/fr\/produit\/ac-foamclean-concentre-1kg\/#primaryimage"},"thumbnailUrl":"https:\/\/nanoclean24.com\/wp-content\/uploads\/2025\/07\/MC6125-ACFOAMCLEAN-1L_mod-bez-tla-1-1.png","datePublished":"2025-07-20T21:06:59+00:00","dateModified":"2025-10-21T21:30:32+00:00","breadcrumb":{"@id":"https:\/\/nanoclean24.com\/fr\/produit\/ac-foamclean-concentre-1kg\/#breadcrumb"},"inLanguage":"fr-FR","potentialAction":[{"@type":"ReadAction","target":["https:\/\/nanoclean24.com\/fr\/produit\/ac-foamclean-concentre-1kg\/"]}]},{"@type":"ImageObject","inLanguage":"fr-FR","@id":"https:\/\/nanoclean24.com\/fr\/produit\/ac-foamclean-concentre-1kg\/#primaryimage","url":"https:\/\/nanoclean24.com\/wp-content\/uploads\/2025\/07\/MC6125-ACFOAMCLEAN-1L_mod-bez-tla-1-1.png","contentUrl":"https:\/\/nanoclean24.com\/wp-content\/uploads\/2025\/07\/MC6125-ACFOAMCLEAN-1L_mod-bez-tla-1-1.png","width":1874,"height":1873},{"@type":"BreadcrumbList","@id":"https:\/\/nanoclean24.com\/fr\/produit\/ac-foamclean-concentre-1kg\/#breadcrumb","itemListElement":[{"@type":"ListItem","position":1,"name":"Strona g\u0142\u00f3wna","item":"https:\/\/nanoclean24.com\/fr\/"},{"@type":"ListItem","position":2,"name":"Boutique","item":"https:\/\/nanoclean24.com\/shop\/"},{"@type":"ListItem","position":3,"name":"AC-FOAMCLEAN Concentr\u00e9 1kg"}]},{"@type":"WebSite","@id":"https:\/\/nanoclean24.com\/fr\/#website","url":"https:\/\/nanoclean24.com\/fr\/","name":"NanoClean","description":"","publisher":{"@id":"https:\/\/nanoclean24.com\/fr\/#organization"},"potentialAction":[{"@type":"SearchAction","target":{"@type":"EntryPoint","urlTemplate":"https:\/\/nanoclean24.com\/fr\/?s={search_term_string}"},"query-input":{"@type":"PropertyValueSpecification","valueRequired":true,"valueName":"search_term_string"}}],"inLanguage":"fr-FR"},{"@type":"Organization","@id":"https:\/\/nanoclean24.com\/fr\/#organization","name":"NanoClean","url":"https:\/\/nanoclean24.com\/fr\/","logo":{"@type":"ImageObject","inLanguage":"fr-FR","@id":"https:\/\/nanoclean24.com\/fr\/#\/schema\/logo\/image\/","url":"https:\/\/nanoclean24.com\/wp-content\/uploads\/2025\/07\/logo-2.jpg","contentUrl":"https:\/\/nanoclean24.com\/wp-content\/uploads\/2025\/07\/logo-2.jpg","width":1068,"height":224,"caption":"NanoClean"},"image":{"@id":"https:\/\/nanoclean24.com\/fr\/#\/schema\/logo\/image\/"}}]}},"taxonomy_info":{"product_cat":[{"value":123,"label":"HVAC PRO"}]},"featured_image_src_large":["https:\/\/nanoclean24.com\/wp-content\/uploads\/2025\/07\/MC6125-ACFOAMCLEAN-1L_mod-bez-tla-1-1-1024x1024.png",1024,1024,true],"author_info":[],"comment_info":"","_links":{"self":[{"href":"https:\/\/nanoclean24.com\/fr\/wp-json\/wp\/v2\/product\/4455","targetHints":{"allow":["GET"]}}],"collection":[{"href":"https:\/\/nanoclean24.com\/fr\/wp-json\/wp\/v2\/product"}],"about":[{"href":"https:\/\/nanoclean24.com\/fr\/wp-json\/wp\/v2\/types\/product"}],"wp:featuredmedia":[{"embeddable":true,"href":"https:\/\/nanoclean24.com\/fr\/wp-json\/wp\/v2\/media\/14614"}],"wp:attachment":[{"href":"https:\/\/nanoclean24.com\/fr\/wp-json\/wp\/v2\/media?parent=4455"}],"wp:term":[{"taxonomy":"product_brand","embeddable":true,"href":"https:\/\/nanoclean24.com\/fr\/wp-json\/wp\/v2\/product_brand?post=4455"},{"taxonomy":"product_cat","embeddable":true,"href":"https:\/\/nanoclean24.com\/fr\/wp-json\/wp\/v2\/product_cat?post=4455"},{"taxonomy":"product_tag","embeddable":true,"href":"https:\/\/nanoclean24.com\/fr\/wp-json\/wp\/v2\/product_tag?post=4455"}],"curies":[{"name":"wp","href":"https:\/\/api.w.org\/{rel}","templated":true}]}}