{"id":4441,"date":"2025-07-20T18:37:16","date_gmt":"2025-07-20T16:37:16","guid":{"rendered":"https:\/\/kadence.nanoclean.dev\/produkt\/pcl9000-mc-1290-500ml\/"},"modified":"2025-10-23T12:00:06","modified_gmt":"2025-10-23T10:00:06","slug":"pcl9000-mc-1290-500ml","status":"publish","type":"product","link":"https:\/\/nanoclean24.com\/fr\/produit\/pcl9000-mc-1290-500ml\/","title":{"rendered":"PCL9000 (MC-1290) 500ml"},"content":{"rendered":"<p>Graisse polym\u00e8re adh\u00e9sive et imperm\u00e9able \u00e0 tr\u00e8s haute viscosit\u00e9 pour cha\u00eenes, pignons, c\u00e2bles, articulations, goupilles, charni\u00e8res et m\u00e9canismes fortement sollicit\u00e9s.<\/p>\n<p>&nbsp;<\/p>\n","protected":false},"excerpt":{"rendered":"<p><strong><img decoding=\"async\" class=\"emoji\" role=\"img\" src=\"https:\/\/s.w.org\/images\/core\/emoji\/16.0.1\/svg\/2705.svg\" alt=\"\u2705\" \/> <\/strong>PCL 9000 est une graisse polyvalente imperm\u00e9able, p\u00e9n\u00e9trante avec une structure tr\u00e8s visqueuse et filante apr\u00e8s \u00e9vaporation du support.<\/p>\n<p><strong><img decoding=\"async\" class=\"emoji\" role=\"img\" src=\"https:\/\/s.w.org\/images\/core\/emoji\/16.0.1\/svg\/2705.svg\" alt=\"\u2705\" \/> <\/strong>Lors de l&rsquo;application, elle p\u00e9n\u00e8tre rapidement, repousse l&rsquo;eau<br \/>\net prot\u00e8ge de l&rsquo;int\u00e9rieur les m\u00e9canismes, cha\u00eenes, pignons, c\u00e2bles, articulations, roulements \u00e0 rotation lente, goupilles, glissi\u00e8res&#8230;<\/p>\n<p><strong><img decoding=\"async\" class=\"emoji\" role=\"img\" src=\"https:\/\/s.w.org\/images\/core\/emoji\/16.0.1\/svg\/2705.svg\" alt=\"\u2705\" \/> <\/strong>Elle assure une lubrification polyvalente des cha\u00eenes, c\u00e2bles de tous types, charni\u00e8res, articulations et est id\u00e9ale dans les environnements humides, vaporeux et corrosifs.<\/p>\n<p><strong><img decoding=\"async\" class=\"emoji\" role=\"img\" src=\"https:\/\/s.w.org\/images\/core\/emoji\/16.0.1\/svg\/2705.svg\" alt=\"\u2705\" \/> <\/strong>Elle r\u00e9duit consid\u00e9rablement la friction et l&rsquo;usure des pi\u00e8ces en mouvement.<\/p>\n<p><strong><img decoding=\"async\" class=\"emoji\" role=\"img\" src=\"https:\/\/s.w.org\/images\/core\/emoji\/16.0.1\/svg\/2705.svg\" alt=\"\u2705\" \/> <\/strong>Excellent s\u00e9parateur pour les contacts m\u00e9tal-m\u00e9tal,<\/p>\n<p><strong><img decoding=\"async\" class=\"emoji\" role=\"img\" src=\"https:\/\/s.w.org\/images\/core\/emoji\/16.0.1\/svg\/2705.svg\" alt=\"\u2705\" \/> <\/strong>Att\u00e9nue les claquements et les grincements des m\u00e9canismes et des joints desserr\u00e9s dans les voitures, les motos et les v\u00e9los<\/p>\n<p><strong><img decoding=\"async\" class=\"emoji\" role=\"img\" src=\"https:\/\/s.w.org\/images\/core\/emoji\/16.0.1\/svg\/2705.svg\" alt=\"\u2705\" \/> <\/strong>Graisse tr\u00e8s visqueuse pour l&rsquo;insonorisation dans les ateliers automobiles et moto.<\/p>\n<p><strong><img decoding=\"async\" class=\"emoji\" role=\"img\" src=\"https:\/\/s.w.org\/images\/core\/emoji\/16.0.1\/svg\/2705.svg\" alt=\"\u2705\" \/> <\/strong>Utilis\u00e9e pour les charges lourdes et la protection anticorrosion dans toutes les industries \u00e9nerg\u00e9tiques, papeti\u00e8res, de construction, navales, chimiques, mini\u00e8res, de gravi\u00e8res, etc.<\/p>\n","protected":false},"featured_media":3854,"template":"","meta":{"_kad_blocks_custom_css":"","_kad_blocks_head_custom_js":"","_kad_blocks_body_custom_js":"","_kad_blocks_footer_custom_js":"","_kad_post_transparent":"","_kad_post_title":"","_kad_post_layout":"","_kad_post_sidebar_id":"","_kad_post_content_style":"","_kad_post_vertical_padding":"","_kad_post_feature":"","_kad_post_feature_position":"","_kad_post_header":false,"_kad_post_footer":false,"_kad_post_classname":""},"product_brand":[],"product_cat":[102],"product_tag":[],"class_list":{"0":"post-4441","1":"product","2":"type-product","3":"status-publish","4":"has-post-thumbnail","6":"product_cat-smarmax-fr","8":"first","9":"instock","10":"taxable","11":"shipping-taxable","12":"purchasable","13":"product-type-simple","14":"entry","15":"content-bg","16":"loop-entry"},"yoast_head":"<!-- This site is optimized with the Yoast SEO plugin v27.4 - https:\/\/yoast.com\/product\/yoast-seo-wordpress\/ -->\n<title>PCL9000 (MC-1290) 500ml - NANOCLEAN<\/title>\n<meta name=\"robots\" content=\"index, follow, max-snippet:-1, max-image-preview:large, max-video-preview:-1\" \/>\n<link rel=\"canonical\" href=\"https:\/\/nanoclean24.com\/fr\/produit\/pcl9000-mc-1290-500ml\/\" \/>\n<meta property=\"og:locale\" content=\"fr_FR\" \/>\n<meta property=\"og:type\" content=\"article\" \/>\n<meta property=\"og:title\" content=\"PCL9000 (MC-1290) 500ml - NANOCLEAN\" \/>\n<meta property=\"og:description\" content=\"PCL 9000 est une graisse polyvalente imperm\u00e9able, p\u00e9n\u00e9trante avec une structure tr\u00e8s visqueuse et filante apr\u00e8s \u00e9vaporation du support.   Lors de l&#039;application, elle p\u00e9n\u00e8tre rapidement, repousse l&#039;eau et prot\u00e8ge de l&#039;int\u00e9rieur les m\u00e9canismes, cha\u00eenes, pignons, c\u00e2bles, articulations, roulements \u00e0 rotation lente, goupilles, glissi\u00e8res...   Elle assure une lubrification polyvalente des cha\u00eenes, c\u00e2bles de tous types, charni\u00e8res, articulations et est id\u00e9ale dans les environnements humides, vaporeux et corrosifs.   Elle r\u00e9duit consid\u00e9rablement la friction et l&#039;usure des pi\u00e8ces en mouvement.   Excellent s\u00e9parateur pour les contacts m\u00e9tal-m\u00e9tal,   Att\u00e9nue les claquements et les grincements des m\u00e9canismes et des joints desserr\u00e9s dans les voitures, les motos et les v\u00e9los   Graisse tr\u00e8s visqueuse pour l&#039;insonorisation dans les ateliers automobiles et moto.   Utilis\u00e9e pour les charges lourdes et la protection anticorrosion dans toutes les industries \u00e9nerg\u00e9tiques, papeti\u00e8res, de construction, navales, chimiques, mini\u00e8res, de gravi\u00e8res, etc.\" \/>\n<meta property=\"og:url\" content=\"https:\/\/nanoclean24.com\/fr\/produit\/pcl9000-mc-1290-500ml\/\" \/>\n<meta property=\"og:site_name\" content=\"NANOCLEAN\" \/>\n<meta property=\"article:modified_time\" content=\"2025-10-23T10:00:06+00:00\" \/>\n<meta property=\"og:image\" content=\"https:\/\/nanoclean24.com\/wp-content\/uploads\/2025\/07\/PCL9000-MC-1290-500ml.webp\" \/>\n\t<meta property=\"og:image:width\" content=\"900\" \/>\n\t<meta property=\"og:image:height\" content=\"900\" \/>\n\t<meta property=\"og:image:type\" content=\"image\/webp\" \/>\n<meta name=\"twitter:card\" content=\"summary_large_image\" \/>\n<script type=\"application\/ld+json\" class=\"yoast-schema-graph\">{\"@context\":\"https:\\\/\\\/schema.org\",\"@graph\":[{\"@type\":\"WebPage\",\"@id\":\"https:\\\/\\\/nanoclean24.com\\\/fr\\\/produit\\\/pcl9000-mc-1290-500ml\\\/\",\"url\":\"https:\\\/\\\/nanoclean24.com\\\/fr\\\/produit\\\/pcl9000-mc-1290-500ml\\\/\",\"name\":\"PCL9000 (MC-1290) 500ml - NANOCLEAN\",\"isPartOf\":{\"@id\":\"https:\\\/\\\/nanoclean24.com\\\/fr\\\/#website\"},\"primaryImageOfPage\":{\"@id\":\"https:\\\/\\\/nanoclean24.com\\\/fr\\\/produit\\\/pcl9000-mc-1290-500ml\\\/#primaryimage\"},\"image\":{\"@id\":\"https:\\\/\\\/nanoclean24.com\\\/fr\\\/produit\\\/pcl9000-mc-1290-500ml\\\/#primaryimage\"},\"thumbnailUrl\":\"https:\\\/\\\/nanoclean24.com\\\/wp-content\\\/uploads\\\/2025\\\/07\\\/PCL9000-MC-1290-500ml.webp\",\"datePublished\":\"2025-07-20T16:37:16+00:00\",\"dateModified\":\"2025-10-23T10:00:06+00:00\",\"breadcrumb\":{\"@id\":\"https:\\\/\\\/nanoclean24.com\\\/fr\\\/produit\\\/pcl9000-mc-1290-500ml\\\/#breadcrumb\"},\"inLanguage\":\"fr-FR\",\"potentialAction\":[{\"@type\":\"ReadAction\",\"target\":[\"https:\\\/\\\/nanoclean24.com\\\/fr\\\/produit\\\/pcl9000-mc-1290-500ml\\\/\"]}]},{\"@type\":\"ImageObject\",\"inLanguage\":\"fr-FR\",\"@id\":\"https:\\\/\\\/nanoclean24.com\\\/fr\\\/produit\\\/pcl9000-mc-1290-500ml\\\/#primaryimage\",\"url\":\"https:\\\/\\\/nanoclean24.com\\\/wp-content\\\/uploads\\\/2025\\\/07\\\/PCL9000-MC-1290-500ml.webp\",\"contentUrl\":\"https:\\\/\\\/nanoclean24.com\\\/wp-content\\\/uploads\\\/2025\\\/07\\\/PCL9000-MC-1290-500ml.webp\",\"width\":900,\"height\":900},{\"@type\":\"BreadcrumbList\",\"@id\":\"https:\\\/\\\/nanoclean24.com\\\/fr\\\/produit\\\/pcl9000-mc-1290-500ml\\\/#breadcrumb\",\"itemListElement\":[{\"@type\":\"ListItem\",\"position\":1,\"name\":\"Strona g\u0142\u00f3wna\",\"item\":\"https:\\\/\\\/nanoclean24.com\\\/fr\\\/\"},{\"@type\":\"ListItem\",\"position\":2,\"name\":\"Boutique\",\"item\":\"https:\\\/\\\/nanoclean24.com\\\/shop\\\/\"},{\"@type\":\"ListItem\",\"position\":3,\"name\":\"PCL9000 (MC-1290) 500ml\"}]},{\"@type\":\"WebSite\",\"@id\":\"https:\\\/\\\/nanoclean24.com\\\/fr\\\/#website\",\"url\":\"https:\\\/\\\/nanoclean24.com\\\/fr\\\/\",\"name\":\"NanoClean\",\"description\":\"\",\"publisher\":{\"@id\":\"https:\\\/\\\/nanoclean24.com\\\/fr\\\/#organization\"},\"potentialAction\":[{\"@type\":\"SearchAction\",\"target\":{\"@type\":\"EntryPoint\",\"urlTemplate\":\"https:\\\/\\\/nanoclean24.com\\\/fr\\\/?s={search_term_string}\"},\"query-input\":{\"@type\":\"PropertyValueSpecification\",\"valueRequired\":true,\"valueName\":\"search_term_string\"}}],\"inLanguage\":\"fr-FR\"},{\"@type\":\"Organization\",\"@id\":\"https:\\\/\\\/nanoclean24.com\\\/fr\\\/#organization\",\"name\":\"NanoClean\",\"url\":\"https:\\\/\\\/nanoclean24.com\\\/fr\\\/\",\"logo\":{\"@type\":\"ImageObject\",\"inLanguage\":\"fr-FR\",\"@id\":\"https:\\\/\\\/nanoclean24.com\\\/fr\\\/#\\\/schema\\\/logo\\\/image\\\/\",\"url\":\"https:\\\/\\\/nanoclean24.com\\\/wp-content\\\/uploads\\\/2025\\\/07\\\/logo-2.jpg\",\"contentUrl\":\"https:\\\/\\\/nanoclean24.com\\\/wp-content\\\/uploads\\\/2025\\\/07\\\/logo-2.jpg\",\"width\":1068,\"height\":224,\"caption\":\"NanoClean\"},\"image\":{\"@id\":\"https:\\\/\\\/nanoclean24.com\\\/fr\\\/#\\\/schema\\\/logo\\\/image\\\/\"}}]}<\/script>\n<!-- \/ Yoast SEO plugin. -->","yoast_head_json":{"title":"PCL9000 (MC-1290) 500ml - NANOCLEAN","robots":{"index":"index","follow":"follow","max-snippet":"max-snippet:-1","max-image-preview":"max-image-preview:large","max-video-preview":"max-video-preview:-1"},"canonical":"https:\/\/nanoclean24.com\/fr\/produit\/pcl9000-mc-1290-500ml\/","og_locale":"fr_FR","og_type":"article","og_title":"PCL9000 (MC-1290) 500ml - NANOCLEAN","og_description":"PCL 9000 est une graisse polyvalente imperm\u00e9able, p\u00e9n\u00e9trante avec une structure tr\u00e8s visqueuse et filante apr\u00e8s \u00e9vaporation du support.   Lors de l'application, elle p\u00e9n\u00e8tre rapidement, repousse l'eau et prot\u00e8ge de l'int\u00e9rieur les m\u00e9canismes, cha\u00eenes, pignons, c\u00e2bles, articulations, roulements \u00e0 rotation lente, goupilles, glissi\u00e8res...   Elle assure une lubrification polyvalente des cha\u00eenes, c\u00e2bles de tous types, charni\u00e8res, articulations et est id\u00e9ale dans les environnements humides, vaporeux et corrosifs.   Elle r\u00e9duit consid\u00e9rablement la friction et l'usure des pi\u00e8ces en mouvement.   Excellent s\u00e9parateur pour les contacts m\u00e9tal-m\u00e9tal,   Att\u00e9nue les claquements et les grincements des m\u00e9canismes et des joints desserr\u00e9s dans les voitures, les motos et les v\u00e9los   Graisse tr\u00e8s visqueuse pour l'insonorisation dans les ateliers automobiles et moto.   Utilis\u00e9e pour les charges lourdes et la protection anticorrosion dans toutes les industries \u00e9nerg\u00e9tiques, papeti\u00e8res, de construction, navales, chimiques, mini\u00e8res, de gravi\u00e8res, etc.","og_url":"https:\/\/nanoclean24.com\/fr\/produit\/pcl9000-mc-1290-500ml\/","og_site_name":"NANOCLEAN","article_modified_time":"2025-10-23T10:00:06+00:00","og_image":[{"width":900,"height":900,"url":"https:\/\/nanoclean24.com\/wp-content\/uploads\/2025\/07\/PCL9000-MC-1290-500ml.webp","type":"image\/webp"}],"twitter_card":"summary_large_image","schema":{"@context":"https:\/\/schema.org","@graph":[{"@type":"WebPage","@id":"https:\/\/nanoclean24.com\/fr\/produit\/pcl9000-mc-1290-500ml\/","url":"https:\/\/nanoclean24.com\/fr\/produit\/pcl9000-mc-1290-500ml\/","name":"PCL9000 (MC-1290) 500ml - NANOCLEAN","isPartOf":{"@id":"https:\/\/nanoclean24.com\/fr\/#website"},"primaryImageOfPage":{"@id":"https:\/\/nanoclean24.com\/fr\/produit\/pcl9000-mc-1290-500ml\/#primaryimage"},"image":{"@id":"https:\/\/nanoclean24.com\/fr\/produit\/pcl9000-mc-1290-500ml\/#primaryimage"},"thumbnailUrl":"https:\/\/nanoclean24.com\/wp-content\/uploads\/2025\/07\/PCL9000-MC-1290-500ml.webp","datePublished":"2025-07-20T16:37:16+00:00","dateModified":"2025-10-23T10:00:06+00:00","breadcrumb":{"@id":"https:\/\/nanoclean24.com\/fr\/produit\/pcl9000-mc-1290-500ml\/#breadcrumb"},"inLanguage":"fr-FR","potentialAction":[{"@type":"ReadAction","target":["https:\/\/nanoclean24.com\/fr\/produit\/pcl9000-mc-1290-500ml\/"]}]},{"@type":"ImageObject","inLanguage":"fr-FR","@id":"https:\/\/nanoclean24.com\/fr\/produit\/pcl9000-mc-1290-500ml\/#primaryimage","url":"https:\/\/nanoclean24.com\/wp-content\/uploads\/2025\/07\/PCL9000-MC-1290-500ml.webp","contentUrl":"https:\/\/nanoclean24.com\/wp-content\/uploads\/2025\/07\/PCL9000-MC-1290-500ml.webp","width":900,"height":900},{"@type":"BreadcrumbList","@id":"https:\/\/nanoclean24.com\/fr\/produit\/pcl9000-mc-1290-500ml\/#breadcrumb","itemListElement":[{"@type":"ListItem","position":1,"name":"Strona g\u0142\u00f3wna","item":"https:\/\/nanoclean24.com\/fr\/"},{"@type":"ListItem","position":2,"name":"Boutique","item":"https:\/\/nanoclean24.com\/shop\/"},{"@type":"ListItem","position":3,"name":"PCL9000 (MC-1290) 500ml"}]},{"@type":"WebSite","@id":"https:\/\/nanoclean24.com\/fr\/#website","url":"https:\/\/nanoclean24.com\/fr\/","name":"NanoClean","description":"","publisher":{"@id":"https:\/\/nanoclean24.com\/fr\/#organization"},"potentialAction":[{"@type":"SearchAction","target":{"@type":"EntryPoint","urlTemplate":"https:\/\/nanoclean24.com\/fr\/?s={search_term_string}"},"query-input":{"@type":"PropertyValueSpecification","valueRequired":true,"valueName":"search_term_string"}}],"inLanguage":"fr-FR"},{"@type":"Organization","@id":"https:\/\/nanoclean24.com\/fr\/#organization","name":"NanoClean","url":"https:\/\/nanoclean24.com\/fr\/","logo":{"@type":"ImageObject","inLanguage":"fr-FR","@id":"https:\/\/nanoclean24.com\/fr\/#\/schema\/logo\/image\/","url":"https:\/\/nanoclean24.com\/wp-content\/uploads\/2025\/07\/logo-2.jpg","contentUrl":"https:\/\/nanoclean24.com\/wp-content\/uploads\/2025\/07\/logo-2.jpg","width":1068,"height":224,"caption":"NanoClean"},"image":{"@id":"https:\/\/nanoclean24.com\/fr\/#\/schema\/logo\/image\/"}}]}},"taxonomy_info":{"product_cat":[{"value":102,"label":"SMARMAX"}]},"featured_image_src_large":["https:\/\/nanoclean24.com\/wp-content\/uploads\/2025\/07\/PCL9000-MC-1290-500ml.webp",900,900,false],"author_info":[],"comment_info":"","_links":{"self":[{"href":"https:\/\/nanoclean24.com\/fr\/wp-json\/wp\/v2\/product\/4441","targetHints":{"allow":["GET"]}}],"collection":[{"href":"https:\/\/nanoclean24.com\/fr\/wp-json\/wp\/v2\/product"}],"about":[{"href":"https:\/\/nanoclean24.com\/fr\/wp-json\/wp\/v2\/types\/product"}],"wp:featuredmedia":[{"embeddable":true,"href":"https:\/\/nanoclean24.com\/fr\/wp-json\/wp\/v2\/media\/3854"}],"wp:attachment":[{"href":"https:\/\/nanoclean24.com\/fr\/wp-json\/wp\/v2\/media?parent=4441"}],"wp:term":[{"taxonomy":"product_brand","embeddable":true,"href":"https:\/\/nanoclean24.com\/fr\/wp-json\/wp\/v2\/product_brand?post=4441"},{"taxonomy":"product_cat","embeddable":true,"href":"https:\/\/nanoclean24.com\/fr\/wp-json\/wp\/v2\/product_cat?post=4441"},{"taxonomy":"product_tag","embeddable":true,"href":"https:\/\/nanoclean24.com\/fr\/wp-json\/wp\/v2\/product_tag?post=4441"}],"curies":[{"name":"wp","href":"https:\/\/api.w.org\/{rel}","templated":true}]}}