{"id":4419,"date":"2025-07-20T19:15:36","date_gmt":"2025-07-20T17:15:36","guid":{"rendered":"https:\/\/kadence.nanoclean.dev\/produkt\/cleaner-alfa-mc-6080-400ml\/"},"modified":"2025-10-23T11:58:53","modified_gmt":"2025-10-23T09:58:53","slug":"cleaner-alfa-mc-6080-400ml","status":"publish","type":"product","link":"https:\/\/nanoclean24.com\/fr\/produit\/cleaner-alfa-mc-6080-400ml\/","title":{"rendered":"CLEANER-ALFA (MC-6080) 400ml"},"content":{"rendered":"<p>Le dissolvant pour colle CLEANER-ALFA est utilis\u00e9 pour d\u00e9graisser avant le collage et la peinture, ainsi que pour nettoyer les vitres, la carrosserie, les pi\u00e8ces peintes<br \/>\net vernies.<\/p>\n<p>Le dissolvant pour colle CLEANER-ALFA est utilis\u00e9 pour nettoyer les contacts \u00e9lectriques, les pi\u00e8ces \u00e9lectriques<br \/>\net la plupart des composants \u00e9lectroniques d\u00e9connect\u00e9s du r\u00e9seau : nettoyage des circuits imprim\u00e9s, des capteurs, des processeurs, des contacts m\u00e9talliques, des broches, nettoyage des fiches, des prises, des prises \u00e9lectriques, des fiches \u00e0 broches, des bo\u00eetiers de distribution, des batteries, nettoyage des accumulateurs, nettoyage des installations \u00e9lectriques des v\u00e9hicules, des appareils \u00e9lectriques et \u00e9lectroniques.<\/p>\n","protected":false},"excerpt":{"rendered":"<p><strong><img decoding=\"async\" class=\"emoji\" role=\"img\" src=\"https:\/\/s.w.org\/images\/core\/emoji\/16.0.1\/svg\/2705.svg\" alt=\"\u2705\" \/> <\/strong>Un dissolvant s\u00fbr et universel pour la colle et le silicone sur les surfaces m\u00e9talliques et peintes, recommand\u00e9 dans tous les ateliers.<\/p>\n<p><strong><img decoding=\"async\" class=\"emoji\" role=\"img\" src=\"https:\/\/s.w.org\/images\/core\/emoji\/16.0.1\/svg\/2705.svg\" alt=\"\u2705\" \/> <\/strong>\u00c9limine les colles non s\u00e9ch\u00e9es, les silicones des surfaces peintes, du verre, des vitres de voiture, des fen\u00eatres, les colles thermofusibles lors de la r\u00e9paration des bosses et des irr\u00e9gularit\u00e9s de la carrosserie.<\/p>\n<p><strong><img decoding=\"async\" class=\"emoji\" role=\"img\" src=\"https:\/\/s.w.org\/images\/core\/emoji\/16.0.1\/svg\/2705.svg\" alt=\"\u2705\" \/> <\/strong>Nettoie la carrosserie des voitures sur la cha\u00eene de production.<\/p>\n<p><strong><img decoding=\"async\" class=\"emoji\" role=\"img\" src=\"https:\/\/s.w.org\/images\/core\/emoji\/16.0.1\/svg\/2705.svg\" alt=\"\u2705\" \/> <\/strong>D\u00e9graisse sans laisser de r\u00e9sidus ni de d\u00e9colorations.<\/p>\n<p><strong><img decoding=\"async\" class=\"emoji\" role=\"img\" src=\"https:\/\/s.w.org\/images\/core\/emoji\/16.0.1\/svg\/2705.svg\" alt=\"\u2705\" \/> <\/strong>D\u00e9graisse avant le collage et la peinture en production.<\/p>\n<p><strong><img decoding=\"async\" class=\"emoji\" role=\"img\" src=\"https:\/\/s.w.org\/images\/core\/emoji\/16.0.1\/svg\/2705.svg\" alt=\"\u2705\" \/> <\/strong>Ne contient pas de substances nocives, toxiques ou mutag\u00e8nes.<\/p>\n<p><strong><img decoding=\"async\" class=\"emoji\" role=\"img\" src=\"https:\/\/s.w.org\/images\/core\/emoji\/16.0.1\/svg\/2705.svg\" alt=\"\u2705\" \/> <\/strong>Il est s\u00fbr pour la plupart des m\u00e9taux, des plastiques*<br \/>\net des \u00e9lastom\u00e8res (*nous recommandons un test pr\u00e9alable)<\/p>\n<p><strong><img decoding=\"async\" class=\"emoji\" role=\"img\" src=\"https:\/\/s.w.org\/images\/core\/emoji\/16.0.1\/svg\/2705.svg\" alt=\"\u2705\" \/> <\/strong>Ne contient pas de silicone.<\/p>\n<p><strong><img decoding=\"async\" class=\"emoji\" role=\"img\" src=\"https:\/\/s.w.org\/images\/core\/emoji\/16.0.1\/svg\/2705.svg\" alt=\"\u2705\" \/> <\/strong>Id\u00e9al comme d\u00e9graissant dans les ateliers de peinture : N&rsquo;interf\u00e8re pas avec les processus de peinture, ne r\u00e9agit pas avec le substrat peint, pr\u00e9vient l&rsquo;effet de crat\u00e9risation.<\/p>\n<p><strong><img decoding=\"async\" class=\"emoji\" role=\"img\" src=\"https:\/\/s.w.org\/images\/core\/emoji\/16.0.1\/svg\/2705.svg\" alt=\"\u2705\" \/> <\/strong>Le dissolvant pour colle CLEANER-ALFA est destin\u00e9 \u00e0 un usage professionnel.<\/p>\n","protected":false},"featured_media":3900,"template":"","meta":{"_kad_blocks_custom_css":"","_kad_blocks_head_custom_js":"","_kad_blocks_body_custom_js":"","_kad_blocks_footer_custom_js":"","_kad_post_transparent":"","_kad_post_title":"","_kad_post_layout":"","_kad_post_sidebar_id":"","_kad_post_content_style":"","_kad_post_vertical_padding":"","_kad_post_feature":"","_kad_post_feature_position":"","_kad_post_header":false,"_kad_post_footer":false,"_kad_post_classname":""},"product_brand":[],"product_cat":[102],"product_tag":[],"class_list":{"0":"post-4419","1":"product","2":"type-product","3":"status-publish","4":"has-post-thumbnail","6":"product_cat-smarmax-fr","8":"first","9":"instock","10":"taxable","11":"shipping-taxable","12":"purchasable","13":"product-type-simple","14":"entry","15":"content-bg","16":"loop-entry"},"yoast_head":"<!-- This site is optimized with the Yoast SEO plugin v27.4 - https:\/\/yoast.com\/product\/yoast-seo-wordpress\/ -->\n<title>CLEANER-ALFA (MC-6080) 400ml - NANOCLEAN<\/title>\n<meta name=\"robots\" content=\"index, follow, max-snippet:-1, max-image-preview:large, max-video-preview:-1\" \/>\n<link rel=\"canonical\" href=\"https:\/\/nanoclean24.com\/fr\/produit\/cleaner-alfa-mc-6080-400ml\/\" \/>\n<meta property=\"og:locale\" content=\"fr_FR\" \/>\n<meta property=\"og:type\" content=\"article\" \/>\n<meta property=\"og:title\" content=\"CLEANER-ALFA (MC-6080) 400ml - NANOCLEAN\" \/>\n<meta property=\"og:description\" content=\"Un dissolvant s\u00fbr et universel pour la colle et le silicone sur les surfaces m\u00e9talliques et peintes, recommand\u00e9 dans tous les ateliers.   \u00c9limine les colles non s\u00e9ch\u00e9es, les silicones des surfaces peintes, du verre, des vitres de voiture, des fen\u00eatres, les colles thermofusibles lors de la r\u00e9paration des bosses et des irr\u00e9gularit\u00e9s de la carrosserie.   Nettoie la carrosserie des voitures sur la cha\u00eene de production.   D\u00e9graisse sans laisser de r\u00e9sidus ni de d\u00e9colorations.   D\u00e9graisse avant le collage et la peinture en production.   Ne contient pas de substances nocives, toxiques ou mutag\u00e8nes.   Il est s\u00fbr pour la plupart des m\u00e9taux, des plastiques* et des \u00e9lastom\u00e8res (*nous recommandons un test pr\u00e9alable)   Ne contient pas de silicone.   Id\u00e9al comme d\u00e9graissant dans les ateliers de peinture : N&#039;interf\u00e8re pas avec les processus de peinture, ne r\u00e9agit pas avec le substrat peint, pr\u00e9vient l&#039;effet de crat\u00e9risation.   Le dissolvant pour colle CLEANER-ALFA est destin\u00e9 \u00e0 un usage professionnel.\" \/>\n<meta property=\"og:url\" content=\"https:\/\/nanoclean24.com\/fr\/produit\/cleaner-alfa-mc-6080-400ml\/\" \/>\n<meta property=\"og:site_name\" content=\"NANOCLEAN\" \/>\n<meta property=\"article:modified_time\" content=\"2025-10-23T09:58:53+00:00\" \/>\n<meta property=\"og:image\" content=\"https:\/\/nanoclean24.com\/wp-content\/uploads\/2025\/07\/CLEANER-ALFA-MC-6080-400ml.webp\" \/>\n\t<meta property=\"og:image:width\" content=\"900\" \/>\n\t<meta property=\"og:image:height\" content=\"900\" \/>\n\t<meta property=\"og:image:type\" content=\"image\/webp\" \/>\n<meta name=\"twitter:card\" content=\"summary_large_image\" \/>\n<meta name=\"twitter:label1\" content=\"Dur\u00e9e de lecture estim\u00e9e\" \/>\n\t<meta name=\"twitter:data1\" content=\"1 minute\" \/>\n<script type=\"application\/ld+json\" class=\"yoast-schema-graph\">{\"@context\":\"https:\\\/\\\/schema.org\",\"@graph\":[{\"@type\":\"WebPage\",\"@id\":\"https:\\\/\\\/nanoclean24.com\\\/fr\\\/produit\\\/cleaner-alfa-mc-6080-400ml\\\/\",\"url\":\"https:\\\/\\\/nanoclean24.com\\\/fr\\\/produit\\\/cleaner-alfa-mc-6080-400ml\\\/\",\"name\":\"CLEANER-ALFA (MC-6080) 400ml - NANOCLEAN\",\"isPartOf\":{\"@id\":\"https:\\\/\\\/nanoclean24.com\\\/fr\\\/#website\"},\"primaryImageOfPage\":{\"@id\":\"https:\\\/\\\/nanoclean24.com\\\/fr\\\/produit\\\/cleaner-alfa-mc-6080-400ml\\\/#primaryimage\"},\"image\":{\"@id\":\"https:\\\/\\\/nanoclean24.com\\\/fr\\\/produit\\\/cleaner-alfa-mc-6080-400ml\\\/#primaryimage\"},\"thumbnailUrl\":\"https:\\\/\\\/nanoclean24.com\\\/wp-content\\\/uploads\\\/2025\\\/07\\\/CLEANER-ALFA-MC-6080-400ml.webp\",\"datePublished\":\"2025-07-20T17:15:36+00:00\",\"dateModified\":\"2025-10-23T09:58:53+00:00\",\"breadcrumb\":{\"@id\":\"https:\\\/\\\/nanoclean24.com\\\/fr\\\/produit\\\/cleaner-alfa-mc-6080-400ml\\\/#breadcrumb\"},\"inLanguage\":\"fr-FR\",\"potentialAction\":[{\"@type\":\"ReadAction\",\"target\":[\"https:\\\/\\\/nanoclean24.com\\\/fr\\\/produit\\\/cleaner-alfa-mc-6080-400ml\\\/\"]}]},{\"@type\":\"ImageObject\",\"inLanguage\":\"fr-FR\",\"@id\":\"https:\\\/\\\/nanoclean24.com\\\/fr\\\/produit\\\/cleaner-alfa-mc-6080-400ml\\\/#primaryimage\",\"url\":\"https:\\\/\\\/nanoclean24.com\\\/wp-content\\\/uploads\\\/2025\\\/07\\\/CLEANER-ALFA-MC-6080-400ml.webp\",\"contentUrl\":\"https:\\\/\\\/nanoclean24.com\\\/wp-content\\\/uploads\\\/2025\\\/07\\\/CLEANER-ALFA-MC-6080-400ml.webp\",\"width\":900,\"height\":900},{\"@type\":\"BreadcrumbList\",\"@id\":\"https:\\\/\\\/nanoclean24.com\\\/fr\\\/produit\\\/cleaner-alfa-mc-6080-400ml\\\/#breadcrumb\",\"itemListElement\":[{\"@type\":\"ListItem\",\"position\":1,\"name\":\"Strona g\u0142\u00f3wna\",\"item\":\"https:\\\/\\\/nanoclean24.com\\\/fr\\\/\"},{\"@type\":\"ListItem\",\"position\":2,\"name\":\"Boutique\",\"item\":\"https:\\\/\\\/nanoclean24.com\\\/shop\\\/\"},{\"@type\":\"ListItem\",\"position\":3,\"name\":\"CLEANER-ALFA (MC-6080) 400ml\"}]},{\"@type\":\"WebSite\",\"@id\":\"https:\\\/\\\/nanoclean24.com\\\/fr\\\/#website\",\"url\":\"https:\\\/\\\/nanoclean24.com\\\/fr\\\/\",\"name\":\"NanoClean\",\"description\":\"\",\"publisher\":{\"@id\":\"https:\\\/\\\/nanoclean24.com\\\/fr\\\/#organization\"},\"potentialAction\":[{\"@type\":\"SearchAction\",\"target\":{\"@type\":\"EntryPoint\",\"urlTemplate\":\"https:\\\/\\\/nanoclean24.com\\\/fr\\\/?s={search_term_string}\"},\"query-input\":{\"@type\":\"PropertyValueSpecification\",\"valueRequired\":true,\"valueName\":\"search_term_string\"}}],\"inLanguage\":\"fr-FR\"},{\"@type\":\"Organization\",\"@id\":\"https:\\\/\\\/nanoclean24.com\\\/fr\\\/#organization\",\"name\":\"NanoClean\",\"url\":\"https:\\\/\\\/nanoclean24.com\\\/fr\\\/\",\"logo\":{\"@type\":\"ImageObject\",\"inLanguage\":\"fr-FR\",\"@id\":\"https:\\\/\\\/nanoclean24.com\\\/fr\\\/#\\\/schema\\\/logo\\\/image\\\/\",\"url\":\"https:\\\/\\\/nanoclean24.com\\\/wp-content\\\/uploads\\\/2025\\\/07\\\/logo-2.jpg\",\"contentUrl\":\"https:\\\/\\\/nanoclean24.com\\\/wp-content\\\/uploads\\\/2025\\\/07\\\/logo-2.jpg\",\"width\":1068,\"height\":224,\"caption\":\"NanoClean\"},\"image\":{\"@id\":\"https:\\\/\\\/nanoclean24.com\\\/fr\\\/#\\\/schema\\\/logo\\\/image\\\/\"}}]}<\/script>\n<!-- \/ Yoast SEO plugin. -->","yoast_head_json":{"title":"CLEANER-ALFA (MC-6080) 400ml - NANOCLEAN","robots":{"index":"index","follow":"follow","max-snippet":"max-snippet:-1","max-image-preview":"max-image-preview:large","max-video-preview":"max-video-preview:-1"},"canonical":"https:\/\/nanoclean24.com\/fr\/produit\/cleaner-alfa-mc-6080-400ml\/","og_locale":"fr_FR","og_type":"article","og_title":"CLEANER-ALFA (MC-6080) 400ml - NANOCLEAN","og_description":"Un dissolvant s\u00fbr et universel pour la colle et le silicone sur les surfaces m\u00e9talliques et peintes, recommand\u00e9 dans tous les ateliers.   \u00c9limine les colles non s\u00e9ch\u00e9es, les silicones des surfaces peintes, du verre, des vitres de voiture, des fen\u00eatres, les colles thermofusibles lors de la r\u00e9paration des bosses et des irr\u00e9gularit\u00e9s de la carrosserie.   Nettoie la carrosserie des voitures sur la cha\u00eene de production.   D\u00e9graisse sans laisser de r\u00e9sidus ni de d\u00e9colorations.   D\u00e9graisse avant le collage et la peinture en production.   Ne contient pas de substances nocives, toxiques ou mutag\u00e8nes.   Il est s\u00fbr pour la plupart des m\u00e9taux, des plastiques* et des \u00e9lastom\u00e8res (*nous recommandons un test pr\u00e9alable)   Ne contient pas de silicone.   Id\u00e9al comme d\u00e9graissant dans les ateliers de peinture : N'interf\u00e8re pas avec les processus de peinture, ne r\u00e9agit pas avec le substrat peint, pr\u00e9vient l'effet de crat\u00e9risation.   Le dissolvant pour colle CLEANER-ALFA est destin\u00e9 \u00e0 un usage professionnel.","og_url":"https:\/\/nanoclean24.com\/fr\/produit\/cleaner-alfa-mc-6080-400ml\/","og_site_name":"NANOCLEAN","article_modified_time":"2025-10-23T09:58:53+00:00","og_image":[{"width":900,"height":900,"url":"https:\/\/nanoclean24.com\/wp-content\/uploads\/2025\/07\/CLEANER-ALFA-MC-6080-400ml.webp","type":"image\/webp"}],"twitter_card":"summary_large_image","twitter_misc":{"Dur\u00e9e de lecture estim\u00e9e":"1 minute"},"schema":{"@context":"https:\/\/schema.org","@graph":[{"@type":"WebPage","@id":"https:\/\/nanoclean24.com\/fr\/produit\/cleaner-alfa-mc-6080-400ml\/","url":"https:\/\/nanoclean24.com\/fr\/produit\/cleaner-alfa-mc-6080-400ml\/","name":"CLEANER-ALFA (MC-6080) 400ml - NANOCLEAN","isPartOf":{"@id":"https:\/\/nanoclean24.com\/fr\/#website"},"primaryImageOfPage":{"@id":"https:\/\/nanoclean24.com\/fr\/produit\/cleaner-alfa-mc-6080-400ml\/#primaryimage"},"image":{"@id":"https:\/\/nanoclean24.com\/fr\/produit\/cleaner-alfa-mc-6080-400ml\/#primaryimage"},"thumbnailUrl":"https:\/\/nanoclean24.com\/wp-content\/uploads\/2025\/07\/CLEANER-ALFA-MC-6080-400ml.webp","datePublished":"2025-07-20T17:15:36+00:00","dateModified":"2025-10-23T09:58:53+00:00","breadcrumb":{"@id":"https:\/\/nanoclean24.com\/fr\/produit\/cleaner-alfa-mc-6080-400ml\/#breadcrumb"},"inLanguage":"fr-FR","potentialAction":[{"@type":"ReadAction","target":["https:\/\/nanoclean24.com\/fr\/produit\/cleaner-alfa-mc-6080-400ml\/"]}]},{"@type":"ImageObject","inLanguage":"fr-FR","@id":"https:\/\/nanoclean24.com\/fr\/produit\/cleaner-alfa-mc-6080-400ml\/#primaryimage","url":"https:\/\/nanoclean24.com\/wp-content\/uploads\/2025\/07\/CLEANER-ALFA-MC-6080-400ml.webp","contentUrl":"https:\/\/nanoclean24.com\/wp-content\/uploads\/2025\/07\/CLEANER-ALFA-MC-6080-400ml.webp","width":900,"height":900},{"@type":"BreadcrumbList","@id":"https:\/\/nanoclean24.com\/fr\/produit\/cleaner-alfa-mc-6080-400ml\/#breadcrumb","itemListElement":[{"@type":"ListItem","position":1,"name":"Strona g\u0142\u00f3wna","item":"https:\/\/nanoclean24.com\/fr\/"},{"@type":"ListItem","position":2,"name":"Boutique","item":"https:\/\/nanoclean24.com\/shop\/"},{"@type":"ListItem","position":3,"name":"CLEANER-ALFA (MC-6080) 400ml"}]},{"@type":"WebSite","@id":"https:\/\/nanoclean24.com\/fr\/#website","url":"https:\/\/nanoclean24.com\/fr\/","name":"NanoClean","description":"","publisher":{"@id":"https:\/\/nanoclean24.com\/fr\/#organization"},"potentialAction":[{"@type":"SearchAction","target":{"@type":"EntryPoint","urlTemplate":"https:\/\/nanoclean24.com\/fr\/?s={search_term_string}"},"query-input":{"@type":"PropertyValueSpecification","valueRequired":true,"valueName":"search_term_string"}}],"inLanguage":"fr-FR"},{"@type":"Organization","@id":"https:\/\/nanoclean24.com\/fr\/#organization","name":"NanoClean","url":"https:\/\/nanoclean24.com\/fr\/","logo":{"@type":"ImageObject","inLanguage":"fr-FR","@id":"https:\/\/nanoclean24.com\/fr\/#\/schema\/logo\/image\/","url":"https:\/\/nanoclean24.com\/wp-content\/uploads\/2025\/07\/logo-2.jpg","contentUrl":"https:\/\/nanoclean24.com\/wp-content\/uploads\/2025\/07\/logo-2.jpg","width":1068,"height":224,"caption":"NanoClean"},"image":{"@id":"https:\/\/nanoclean24.com\/fr\/#\/schema\/logo\/image\/"}}]}},"taxonomy_info":{"product_cat":[{"value":102,"label":"SMARMAX"}]},"featured_image_src_large":["https:\/\/nanoclean24.com\/wp-content\/uploads\/2025\/07\/CLEANER-ALFA-MC-6080-400ml.webp",900,900,false],"author_info":[],"comment_info":"","_links":{"self":[{"href":"https:\/\/nanoclean24.com\/fr\/wp-json\/wp\/v2\/product\/4419","targetHints":{"allow":["GET"]}}],"collection":[{"href":"https:\/\/nanoclean24.com\/fr\/wp-json\/wp\/v2\/product"}],"about":[{"href":"https:\/\/nanoclean24.com\/fr\/wp-json\/wp\/v2\/types\/product"}],"wp:featuredmedia":[{"embeddable":true,"href":"https:\/\/nanoclean24.com\/fr\/wp-json\/wp\/v2\/media\/3900"}],"wp:attachment":[{"href":"https:\/\/nanoclean24.com\/fr\/wp-json\/wp\/v2\/media?parent=4419"}],"wp:term":[{"taxonomy":"product_brand","embeddable":true,"href":"https:\/\/nanoclean24.com\/fr\/wp-json\/wp\/v2\/product_brand?post=4419"},{"taxonomy":"product_cat","embeddable":true,"href":"https:\/\/nanoclean24.com\/fr\/wp-json\/wp\/v2\/product_cat?post=4419"},{"taxonomy":"product_tag","embeddable":true,"href":"https:\/\/nanoclean24.com\/fr\/wp-json\/wp\/v2\/product_tag?post=4419"}],"curies":[{"name":"wp","href":"https:\/\/api.w.org\/{rel}","templated":true}]}}