{"id":4401,"date":"2025-07-20T16:45:24","date_gmt":"2025-07-20T14:45:24","guid":{"rendered":"https:\/\/kadence.nanoclean.dev\/produkt\/nanoclean-air-pro-pour-surfaces-490ml-x12pcs-carton\/"},"modified":"2026-01-05T15:44:45","modified_gmt":"2026-01-05T14:44:45","slug":"nanoclean-air-pro-pour-surfaces-490ml-x12pcs-carton","status":"publish","type":"product","link":"https:\/\/nanoclean24.com\/fr\/produit\/nanoclean-air-pro-pour-surfaces-490ml-x12pcs-carton\/","title":{"rendered":"Nanoclean AIR PRO pour surfaces 490ml x12pcs. &#8211; carton"},"content":{"rendered":"<p>Nanoclean AIR PRO est un produit sp\u00e9cialis\u00e9 5 en 1, parfaitement adapt\u00e9 au nettoyage et \u00e0 la d\u00e9sinfection des surfaces apr\u00e8s une inondation. Gr\u00e2ce \u00e0 sa formule innovante, il \u00e9limine efficacement non seulement la salet\u00e9 et la moisissure, mais neutralise \u00e9galement les odeurs d\u00e9sagr\u00e9ables et prot\u00e8ge les surfaces contre le d\u00e9veloppement ult\u00e9rieur de micro-organismes. <\/p>\n<h3><strong>Applications apr\u00e8s une inondation<\/strong><\/h3>\n<ul>\n<li><strong>Nettoyage et d\u00e9sinfection des surfaces<\/strong> : Excellent pour le nettoyage en profondeur et la d\u00e9sinfection des surfaces apr\u00e8s une inondation, telles que les murs, les sols ou les meubles.<\/li>\n<li><strong>\u00c9limination des odeurs<\/strong> : \u00c9limine efficacement les odeurs d\u00e9sagr\u00e9ables d&rsquo;humidit\u00e9 et de moisissure qui peuvent persister apr\u00e8s une inondation.<\/li>\n<li><strong>D\u00e9sinfection des tissus d&rsquo;ameublement et des meubles<\/strong> : Doux pour les tissus tout en \u00e9tant efficace pour d\u00e9sinfecter les tissus d&rsquo;ameublement, les canap\u00e9s et autres meubles.<\/li>\n<li><strong>Protection contre la moisissure<\/strong> : Cr\u00e9e une barri\u00e8re protectrice qui emp\u00eache le d\u00e9veloppement de moisissures sur les surfaces et les mat\u00e9riaux apr\u00e8s une inondation.<\/li>\n<\/ul>\n<h3><strong>Avantages d&rsquo;utilisation<\/strong><\/h3>\n<ul>\n<li><strong>Neutralisation des odeurs apr\u00e8s inondation :<\/strong> \u00c9limine rapidement les odeurs tenaces d&rsquo;inondation, laissant une sensation de fra\u00eecheur.<\/li>\n<li><strong>Nettoyage et d\u00e9sinfection :<\/strong> \u00c9limine efficacement l&rsquo;humidit\u00e9, la salet\u00e9 et tous les d\u00e9p\u00f4ts post-inondation, assurant l&rsquo;hygi\u00e8ne et la s\u00e9curit\u00e9 des surfaces.<\/li>\n<li><strong>Protection des meubles et des tissus d&rsquo;ameublement :<\/strong> Doux mais efficace pour nettoyer et d\u00e9sinfecter les tissus et les tissus d&rsquo;ameublement sans les endommager.<\/li>\n<\/ul>\n<h3><strong>Mode d&#8217;emploi<\/strong><\/h3>\n<ol>\n<li>D\u00e9barrassez la surface des objets et des d\u00e9bris.<\/li>\n<li>Vaporisez Nanoclean AIR PRO sur toutes les surfaces touch\u00e9es, y compris les tissus d&rsquo;ameublement et les meubles.<\/li>\n<li>Attendez 5 \u00e0 15 minutes pour que le produit d\u00e9sinfecte efficacement les surfaces.<\/li>\n<li>Essuyez les surfaces avec un chiffon humide ou une microfibre, et si n\u00e9cessaire, essuyez \u00e0 nouveau pour \u00e9liminer les r\u00e9sidus.<\/li>\n<li>Laissez les surfaces s\u00e9cher avant de les utiliser \u00e0 nouveau.<\/li>\n<\/ol>\n<p>Nanoclean AIR PRO est une excellente solution pour \u00e9liminer les effets des inondations, assurant propret\u00e9, fra\u00eecheur et d\u00e9sinfection compl\u00e8te, m\u00eame sur les surfaces les plus d\u00e9licates comme les tissus d&rsquo;ameublement et les meubles.<\/p>\n<h3><strong>Homologations<\/strong><\/h3>\n<p>Autorisation de mise sur le march\u00e9 du produit biocide : N\u00b0 7406\/18.<br \/>\nCertification PZH : N\u00b0 B.BK.60112.0333.2023.<\/p>\n<p>Les produits biocides doivent \u00eatre utilis\u00e9s avec pr\u00e9caution. Avant toute utilisation, lisez l&rsquo;\u00e9tiquette et les informations concernant le produit. <\/p>\n","protected":false},"excerpt":{"rendered":"<p><strong>Propri\u00e9t\u00e9s uniques<\/strong><br \/>\n<strong>\u2705 <\/strong>Sans chlore ni alcool : S\u00fbr pour les mat\u00e9riaux et les utilisateurs, ne produit pas de vapeurs nocives.<br \/>\n<strong>\u2705 <\/strong>Spectre biocide complet : \u00c9limine efficacement les bact\u00e9ries, les virus, les champignons et les moisissures, prot\u00e9geant les surfaces apr\u00e8s une inondation.<\/p>\n","protected":false},"featured_media":3693,"template":"","meta":{"_kad_blocks_custom_css":"","_kad_blocks_head_custom_js":"","_kad_blocks_body_custom_js":"","_kad_blocks_footer_custom_js":"","_kad_post_transparent":"","_kad_post_title":"","_kad_post_layout":"","_kad_post_sidebar_id":"","_kad_post_content_style":"","_kad_post_vertical_padding":"","_kad_post_feature":"","_kad_post_feature_position":"","_kad_post_header":false,"_kad_post_footer":false,"_kad_post_classname":""},"product_brand":[],"product_cat":[129],"product_tag":[],"class_list":{"0":"post-4401","1":"product","2":"type-product","3":"status-publish","4":"has-post-thumbnail","6":"product_cat-med-fr","8":"first","9":"instock","10":"taxable","11":"shipping-taxable","12":"purchasable","13":"product-type-simple","14":"entry","15":"content-bg","16":"loop-entry"},"yoast_head":"<!-- This site is optimized with the Yoast SEO plugin v27.4 - https:\/\/yoast.com\/product\/yoast-seo-wordpress\/ -->\n<title>Nanoclean AIR PRO pour surfaces 490ml x12pcs. - carton - NANOCLEAN<\/title>\n<meta name=\"robots\" content=\"index, follow, max-snippet:-1, max-image-preview:large, max-video-preview:-1\" \/>\n<link rel=\"canonical\" href=\"https:\/\/nanoclean24.com\/fr\/produit\/nanoclean-air-pro-pour-surfaces-490ml-x12pcs-carton\/\" \/>\n<meta property=\"og:locale\" content=\"fr_FR\" \/>\n<meta property=\"og:type\" content=\"article\" \/>\n<meta property=\"og:title\" content=\"Nanoclean AIR PRO pour surfaces 490ml x12pcs. - carton - NANOCLEAN\" \/>\n<meta property=\"og:description\" content=\"Propri\u00e9t\u00e9s uniques \u2705 Sans chlore ni alcool : S\u00fbr pour les mat\u00e9riaux et les utilisateurs, ne produit pas de vapeurs nocives. \u2705 Spectre biocide complet : \u00c9limine efficacement les bact\u00e9ries, les virus, les champignons et les moisissures, prot\u00e9geant les surfaces apr\u00e8s une inondation.\" \/>\n<meta property=\"og:url\" content=\"https:\/\/nanoclean24.com\/fr\/produit\/nanoclean-air-pro-pour-surfaces-490ml-x12pcs-carton\/\" \/>\n<meta property=\"og:site_name\" content=\"NANOCLEAN\" \/>\n<meta property=\"article:modified_time\" content=\"2026-01-05T14:44:45+00:00\" \/>\n<meta property=\"og:image\" content=\"https:\/\/nanoclean24.com\/wp-content\/uploads\/2025\/07\/Nanoclean-AIR-PRO-do-powierzchni-490ml-x12szt.-\u2013-karton.webp\" \/>\n\t<meta property=\"og:image:width\" content=\"1080\" \/>\n\t<meta property=\"og:image:height\" content=\"1080\" \/>\n\t<meta property=\"og:image:type\" content=\"image\/webp\" \/>\n<meta name=\"twitter:card\" content=\"summary_large_image\" \/>\n<meta name=\"twitter:label1\" content=\"Dur\u00e9e de lecture estim\u00e9e\" \/>\n\t<meta name=\"twitter:data1\" content=\"2 minutes\" \/>\n<script type=\"application\/ld+json\" class=\"yoast-schema-graph\">{\"@context\":\"https:\\\/\\\/schema.org\",\"@graph\":[{\"@type\":\"WebPage\",\"@id\":\"https:\\\/\\\/nanoclean24.com\\\/fr\\\/produit\\\/nanoclean-air-pro-pour-surfaces-490ml-x12pcs-carton\\\/\",\"url\":\"https:\\\/\\\/nanoclean24.com\\\/fr\\\/produit\\\/nanoclean-air-pro-pour-surfaces-490ml-x12pcs-carton\\\/\",\"name\":\"Nanoclean AIR PRO pour surfaces 490ml x12pcs. - carton - NANOCLEAN\",\"isPartOf\":{\"@id\":\"https:\\\/\\\/nanoclean24.com\\\/fr\\\/#website\"},\"primaryImageOfPage\":{\"@id\":\"https:\\\/\\\/nanoclean24.com\\\/fr\\\/produit\\\/nanoclean-air-pro-pour-surfaces-490ml-x12pcs-carton\\\/#primaryimage\"},\"image\":{\"@id\":\"https:\\\/\\\/nanoclean24.com\\\/fr\\\/produit\\\/nanoclean-air-pro-pour-surfaces-490ml-x12pcs-carton\\\/#primaryimage\"},\"thumbnailUrl\":\"https:\\\/\\\/nanoclean24.com\\\/wp-content\\\/uploads\\\/2025\\\/07\\\/Nanoclean-AIR-PRO-do-powierzchni-490ml-x12szt.-\u2013-karton.webp\",\"datePublished\":\"2025-07-20T14:45:24+00:00\",\"dateModified\":\"2026-01-05T14:44:45+00:00\",\"breadcrumb\":{\"@id\":\"https:\\\/\\\/nanoclean24.com\\\/fr\\\/produit\\\/nanoclean-air-pro-pour-surfaces-490ml-x12pcs-carton\\\/#breadcrumb\"},\"inLanguage\":\"fr-FR\",\"potentialAction\":[{\"@type\":\"ReadAction\",\"target\":[\"https:\\\/\\\/nanoclean24.com\\\/fr\\\/produit\\\/nanoclean-air-pro-pour-surfaces-490ml-x12pcs-carton\\\/\"]}]},{\"@type\":\"ImageObject\",\"inLanguage\":\"fr-FR\",\"@id\":\"https:\\\/\\\/nanoclean24.com\\\/fr\\\/produit\\\/nanoclean-air-pro-pour-surfaces-490ml-x12pcs-carton\\\/#primaryimage\",\"url\":\"https:\\\/\\\/nanoclean24.com\\\/wp-content\\\/uploads\\\/2025\\\/07\\\/Nanoclean-AIR-PRO-do-powierzchni-490ml-x12szt.-\u2013-karton.webp\",\"contentUrl\":\"https:\\\/\\\/nanoclean24.com\\\/wp-content\\\/uploads\\\/2025\\\/07\\\/Nanoclean-AIR-PRO-do-powierzchni-490ml-x12szt.-\u2013-karton.webp\",\"width\":1080,\"height\":1080},{\"@type\":\"BreadcrumbList\",\"@id\":\"https:\\\/\\\/nanoclean24.com\\\/fr\\\/produit\\\/nanoclean-air-pro-pour-surfaces-490ml-x12pcs-carton\\\/#breadcrumb\",\"itemListElement\":[{\"@type\":\"ListItem\",\"position\":1,\"name\":\"Strona g\u0142\u00f3wna\",\"item\":\"https:\\\/\\\/nanoclean24.com\\\/fr\\\/\"},{\"@type\":\"ListItem\",\"position\":2,\"name\":\"Boutique\",\"item\":\"https:\\\/\\\/nanoclean24.com\\\/shop\\\/\"},{\"@type\":\"ListItem\",\"position\":3,\"name\":\"Nanoclean AIR PRO pour surfaces 490ml x12pcs. &#8211; carton\"}]},{\"@type\":\"WebSite\",\"@id\":\"https:\\\/\\\/nanoclean24.com\\\/fr\\\/#website\",\"url\":\"https:\\\/\\\/nanoclean24.com\\\/fr\\\/\",\"name\":\"NanoClean\",\"description\":\"\",\"publisher\":{\"@id\":\"https:\\\/\\\/nanoclean24.com\\\/fr\\\/#organization\"},\"potentialAction\":[{\"@type\":\"SearchAction\",\"target\":{\"@type\":\"EntryPoint\",\"urlTemplate\":\"https:\\\/\\\/nanoclean24.com\\\/fr\\\/?s={search_term_string}\"},\"query-input\":{\"@type\":\"PropertyValueSpecification\",\"valueRequired\":true,\"valueName\":\"search_term_string\"}}],\"inLanguage\":\"fr-FR\"},{\"@type\":\"Organization\",\"@id\":\"https:\\\/\\\/nanoclean24.com\\\/fr\\\/#organization\",\"name\":\"NanoClean\",\"url\":\"https:\\\/\\\/nanoclean24.com\\\/fr\\\/\",\"logo\":{\"@type\":\"ImageObject\",\"inLanguage\":\"fr-FR\",\"@id\":\"https:\\\/\\\/nanoclean24.com\\\/fr\\\/#\\\/schema\\\/logo\\\/image\\\/\",\"url\":\"https:\\\/\\\/nanoclean24.com\\\/wp-content\\\/uploads\\\/2025\\\/07\\\/logo-2.jpg\",\"contentUrl\":\"https:\\\/\\\/nanoclean24.com\\\/wp-content\\\/uploads\\\/2025\\\/07\\\/logo-2.jpg\",\"width\":1068,\"height\":224,\"caption\":\"NanoClean\"},\"image\":{\"@id\":\"https:\\\/\\\/nanoclean24.com\\\/fr\\\/#\\\/schema\\\/logo\\\/image\\\/\"}}]}<\/script>\n<!-- \/ Yoast SEO plugin. -->","yoast_head_json":{"title":"Nanoclean AIR PRO pour surfaces 490ml x12pcs. - carton - NANOCLEAN","robots":{"index":"index","follow":"follow","max-snippet":"max-snippet:-1","max-image-preview":"max-image-preview:large","max-video-preview":"max-video-preview:-1"},"canonical":"https:\/\/nanoclean24.com\/fr\/produit\/nanoclean-air-pro-pour-surfaces-490ml-x12pcs-carton\/","og_locale":"fr_FR","og_type":"article","og_title":"Nanoclean AIR PRO pour surfaces 490ml x12pcs. - carton - NANOCLEAN","og_description":"Propri\u00e9t\u00e9s uniques \u2705 Sans chlore ni alcool : S\u00fbr pour les mat\u00e9riaux et les utilisateurs, ne produit pas de vapeurs nocives. \u2705 Spectre biocide complet : \u00c9limine efficacement les bact\u00e9ries, les virus, les champignons et les moisissures, prot\u00e9geant les surfaces apr\u00e8s une inondation.","og_url":"https:\/\/nanoclean24.com\/fr\/produit\/nanoclean-air-pro-pour-surfaces-490ml-x12pcs-carton\/","og_site_name":"NANOCLEAN","article_modified_time":"2026-01-05T14:44:45+00:00","og_image":[{"width":1080,"height":1080,"url":"https:\/\/nanoclean24.com\/wp-content\/uploads\/2025\/07\/Nanoclean-AIR-PRO-do-powierzchni-490ml-x12szt.-\u2013-karton.webp","type":"image\/webp"}],"twitter_card":"summary_large_image","twitter_misc":{"Dur\u00e9e de lecture estim\u00e9e":"2 minutes"},"schema":{"@context":"https:\/\/schema.org","@graph":[{"@type":"WebPage","@id":"https:\/\/nanoclean24.com\/fr\/produit\/nanoclean-air-pro-pour-surfaces-490ml-x12pcs-carton\/","url":"https:\/\/nanoclean24.com\/fr\/produit\/nanoclean-air-pro-pour-surfaces-490ml-x12pcs-carton\/","name":"Nanoclean AIR PRO pour surfaces 490ml x12pcs. - carton - NANOCLEAN","isPartOf":{"@id":"https:\/\/nanoclean24.com\/fr\/#website"},"primaryImageOfPage":{"@id":"https:\/\/nanoclean24.com\/fr\/produit\/nanoclean-air-pro-pour-surfaces-490ml-x12pcs-carton\/#primaryimage"},"image":{"@id":"https:\/\/nanoclean24.com\/fr\/produit\/nanoclean-air-pro-pour-surfaces-490ml-x12pcs-carton\/#primaryimage"},"thumbnailUrl":"https:\/\/nanoclean24.com\/wp-content\/uploads\/2025\/07\/Nanoclean-AIR-PRO-do-powierzchni-490ml-x12szt.-\u2013-karton.webp","datePublished":"2025-07-20T14:45:24+00:00","dateModified":"2026-01-05T14:44:45+00:00","breadcrumb":{"@id":"https:\/\/nanoclean24.com\/fr\/produit\/nanoclean-air-pro-pour-surfaces-490ml-x12pcs-carton\/#breadcrumb"},"inLanguage":"fr-FR","potentialAction":[{"@type":"ReadAction","target":["https:\/\/nanoclean24.com\/fr\/produit\/nanoclean-air-pro-pour-surfaces-490ml-x12pcs-carton\/"]}]},{"@type":"ImageObject","inLanguage":"fr-FR","@id":"https:\/\/nanoclean24.com\/fr\/produit\/nanoclean-air-pro-pour-surfaces-490ml-x12pcs-carton\/#primaryimage","url":"https:\/\/nanoclean24.com\/wp-content\/uploads\/2025\/07\/Nanoclean-AIR-PRO-do-powierzchni-490ml-x12szt.-\u2013-karton.webp","contentUrl":"https:\/\/nanoclean24.com\/wp-content\/uploads\/2025\/07\/Nanoclean-AIR-PRO-do-powierzchni-490ml-x12szt.-\u2013-karton.webp","width":1080,"height":1080},{"@type":"BreadcrumbList","@id":"https:\/\/nanoclean24.com\/fr\/produit\/nanoclean-air-pro-pour-surfaces-490ml-x12pcs-carton\/#breadcrumb","itemListElement":[{"@type":"ListItem","position":1,"name":"Strona g\u0142\u00f3wna","item":"https:\/\/nanoclean24.com\/fr\/"},{"@type":"ListItem","position":2,"name":"Boutique","item":"https:\/\/nanoclean24.com\/shop\/"},{"@type":"ListItem","position":3,"name":"Nanoclean AIR PRO pour surfaces 490ml x12pcs. &#8211; carton"}]},{"@type":"WebSite","@id":"https:\/\/nanoclean24.com\/fr\/#website","url":"https:\/\/nanoclean24.com\/fr\/","name":"NanoClean","description":"","publisher":{"@id":"https:\/\/nanoclean24.com\/fr\/#organization"},"potentialAction":[{"@type":"SearchAction","target":{"@type":"EntryPoint","urlTemplate":"https:\/\/nanoclean24.com\/fr\/?s={search_term_string}"},"query-input":{"@type":"PropertyValueSpecification","valueRequired":true,"valueName":"search_term_string"}}],"inLanguage":"fr-FR"},{"@type":"Organization","@id":"https:\/\/nanoclean24.com\/fr\/#organization","name":"NanoClean","url":"https:\/\/nanoclean24.com\/fr\/","logo":{"@type":"ImageObject","inLanguage":"fr-FR","@id":"https:\/\/nanoclean24.com\/fr\/#\/schema\/logo\/image\/","url":"https:\/\/nanoclean24.com\/wp-content\/uploads\/2025\/07\/logo-2.jpg","contentUrl":"https:\/\/nanoclean24.com\/wp-content\/uploads\/2025\/07\/logo-2.jpg","width":1068,"height":224,"caption":"NanoClean"},"image":{"@id":"https:\/\/nanoclean24.com\/fr\/#\/schema\/logo\/image\/"}}]}},"taxonomy_info":{"product_cat":[{"value":129,"label":"MED PRO"}]},"featured_image_src_large":["https:\/\/nanoclean24.com\/wp-content\/uploads\/2025\/07\/Nanoclean-AIR-PRO-do-powierzchni-490ml-x12szt.-\u2013-karton-1024x1024.webp",1024,1024,true],"author_info":[],"comment_info":"","_links":{"self":[{"href":"https:\/\/nanoclean24.com\/fr\/wp-json\/wp\/v2\/product\/4401","targetHints":{"allow":["GET"]}}],"collection":[{"href":"https:\/\/nanoclean24.com\/fr\/wp-json\/wp\/v2\/product"}],"about":[{"href":"https:\/\/nanoclean24.com\/fr\/wp-json\/wp\/v2\/types\/product"}],"wp:featuredmedia":[{"embeddable":true,"href":"https:\/\/nanoclean24.com\/fr\/wp-json\/wp\/v2\/media\/3693"}],"wp:attachment":[{"href":"https:\/\/nanoclean24.com\/fr\/wp-json\/wp\/v2\/media?parent=4401"}],"wp:term":[{"taxonomy":"product_brand","embeddable":true,"href":"https:\/\/nanoclean24.com\/fr\/wp-json\/wp\/v2\/product_brand?post=4401"},{"taxonomy":"product_cat","embeddable":true,"href":"https:\/\/nanoclean24.com\/fr\/wp-json\/wp\/v2\/product_cat?post=4401"},{"taxonomy":"product_tag","embeddable":true,"href":"https:\/\/nanoclean24.com\/fr\/wp-json\/wp\/v2\/product_tag?post=4401"}],"curies":[{"name":"wp","href":"https:\/\/api.w.org\/{rel}","templated":true}]}}