{"id":4380,"date":"2025-07-20T23:37:32","date_gmt":"2025-07-20T21:37:32","guid":{"rendered":"https:\/\/kadence.nanoclean.dev\/produkt\/nanoclean-air-concentre-lavande\/"},"modified":"2025-11-08T14:43:13","modified_gmt":"2025-11-08T13:43:13","slug":"nanoclean-air-concentre-lavande","status":"publish","type":"product","link":"https:\/\/nanoclean24.com\/fr\/produit\/nanoclean-air-concentre-lavande\/","title":{"rendered":"NANOCLEAN\u00ae AIR Concentr\u00e9 lavande"},"content":{"rendered":"<h3><strong>NETTOYAGE, RAFRA\u00ceCHISSEMENT DE LA CLIMATISATION<\/strong><\/h3>\n<ul>\n<li>\u00c9limine efficacement toutes les impuret\u00e9s qui peuvent affecter la qualit\u00e9 de l&rsquo;air.<\/li>\n<li>\u00c9limine durablement les odeurs d\u00e9sagr\u00e9ables de moisissure et l&rsquo;odeur d\u00e9sagr\u00e9able d&rsquo;humidit\u00e9.<\/li>\n<li>Compatible avec les mat\u00e9riaux &#8211; la solution pr\u00e9par\u00e9e \u00e0 partir du concentr\u00e9 \u00e0 une concentration de travail de 5% (1:19) avec de l&rsquo;eau est compatible<br \/>\navec la plupart des m\u00e9taux, surfaces peintes, caoutchoucs, plastiques, tissus.<\/li>\n<li>Apr\u00e8s \u00e9vaporation, laisse une surface s\u00e8che et propre, r\u00e9sistante \u00e0 l&rsquo;attraction de la poussi\u00e8re.<\/li>\n<\/ul>\n<h3><strong>D\u00e9sinfection et \u00e9limination des moisissures dans la climatisation<\/strong><\/h3>\n<ul>\n<li>Le seul produit avec un <strong>SPECTRE BIOCIDE COMPLET<\/strong> (Virus, Bact\u00e9ries, Champignons, Mycobact\u00e9ries, Spores jusqu&rsquo;\u00e0 15 minutes).<\/li>\n<li>\u00c9limine <em>Legionella pneumophila<\/em> en 1 minute.<\/li>\n<li>Efficacit\u00e9 prouv\u00e9e par des tests selon les normes europ\u00e9ennes :<br \/>\nEN1040, EN13727, EN1276, EN13697, EN13623, EN1275, EN1650, EN14476, EN13704, EN14348.<\/li>\n<li>Autorisation de mise sur le march\u00e9 du produit biocide n\u00b0 7420\/18.<\/li>\n<li>Certificat PZH n\u00b0 B.BK.60112.0333.2023.<\/li>\n<li>C&rsquo;est une nouvelle norme de s\u00e9curit\u00e9 contre les infections et les contaminations transmises par l&rsquo;air.<\/li>\n<\/ul>\n<h3><b>\u00c9conomie<\/b><\/h3>\n<ul>\n<li>La d\u00e9sinfection la plus \u00e9conomique. Concentr\u00e9 utilis\u00e9 avec de l&rsquo;eau \u00e0 une concentration de 5% (1:19).<br \/>\n1L de concentr\u00e9 donne 20L de solution pr\u00eate \u00e0 l&#8217;emploi.<\/li>\n<\/ul>\n<h3><b>Satisfaction du client<\/b><\/h3>\n<ul>\n<li>Odeur agr\u00e9able et rafra\u00eechissante.<\/li>\n<li>Stockage et utilisation sans risque d&rsquo;incendie &#8211; produit ininflammable \u00e0 base d&rsquo;eau.<\/li>\n<li>Ne contient pas d&rsquo;acides, de ph\u00e9nols (dangereux pour les femmes enceintes, les animaux) ni de solvants organiques.<\/li>\n<li>Satisfaction totale du client &#8211; pas de r\u00e9clamations.<\/li>\n<\/ul>\n<p>Les produits biocides doivent \u00eatre utilis\u00e9s avec pr\u00e9caution. Avant chaque utilisation, lire l&rsquo;\u00e9tiquette et les informations concernant le produit.<\/p>\n","protected":false},"excerpt":{"rendered":"<h3>Produit pour le nettoyage, le rafra\u00eechissement, l&rsquo;\u00e9limination des moisissures et la d\u00e9sinfection des \u00e9vaporateurs et condenseurs de climatiseurs et autres \u00e9quipements de climatisation<br \/>\net de r\u00e9frig\u00e9ration HVAC<\/h3>\n<p>&nbsp;<\/p>\n<p><b><strong>\u2705 <\/strong>Fra\u00eecheur :<\/b> \u00c9limine les mauvaises odeurs en laissant un parfum agr\u00e9able plus longtemps.<\/p>\n<p><strong>\u2705 Fiabilit\u00e9, spectre biocide complet :<\/strong><br \/>\nvirus, champignons, bact\u00e9ries, spores, mycobact\u00e9ries.<br \/>\n<em>Legionella pneumophila<\/em> en 1 minute.<\/p>\n<p><b><strong>\u2705 <\/strong>Efficacit\u00e9 :<\/b> Prouv\u00e9e par des tests selon les normes europ\u00e9ennes :<br \/>\nEN1040, EN13727, EN1276, EN13697, EN13623, EN1275, EN1650, EN14476, EN13704, EN14348<\/p>\n<p><b><strong>\u2705 <\/strong>Efficacit\u00e9 de nettoyage :<\/b> Gr\u00e2ce \u00e0 sa base active multi-composants.<\/p>\n<p><b><strong>\u2705 <\/strong>Clients satisfaits :<\/b> Gr\u00e2ce \u00e0 un nettoyage et une d\u00e9sinfection efficaces.<\/p>\n","protected":false},"featured_media":14519,"template":"","meta":{"_kad_blocks_custom_css":"","_kad_blocks_head_custom_js":"","_kad_blocks_body_custom_js":"","_kad_blocks_footer_custom_js":"","_kad_post_transparent":"","_kad_post_title":"","_kad_post_layout":"","_kad_post_sidebar_id":"","_kad_post_content_style":"","_kad_post_vertical_padding":"","_kad_post_feature":"","_kad_post_feature_position":"","_kad_post_header":false,"_kad_post_footer":false,"_kad_post_classname":""},"product_brand":[],"product_cat":[123],"product_tag":[],"class_list":{"0":"post-4380","1":"product","2":"type-product","3":"status-publish","4":"has-post-thumbnail","6":"product_cat-hvac-fr","8":"first","9":"instock","10":"taxable","11":"shipping-taxable","12":"purchasable","13":"product-type-simple","14":"entry","15":"content-bg","16":"loop-entry"},"yoast_head":"<!-- This site is optimized with the Yoast SEO plugin v27.4 - https:\/\/yoast.com\/product\/yoast-seo-wordpress\/ -->\n<title>NANOCLEAN\u00ae AIR Concentr\u00e9 lavande - NANOCLEAN<\/title>\n<meta name=\"robots\" content=\"index, follow, max-snippet:-1, max-image-preview:large, max-video-preview:-1\" \/>\n<link rel=\"canonical\" href=\"https:\/\/nanoclean24.com\/fr\/produit\/nanoclean-air-concentre-lavande\/\" \/>\n<meta property=\"og:locale\" content=\"fr_FR\" \/>\n<meta property=\"og:type\" content=\"article\" \/>\n<meta property=\"og:title\" content=\"NANOCLEAN\u00ae AIR Concentr\u00e9 lavande - NANOCLEAN\" \/>\n<meta property=\"og:description\" content=\"Produit pour le nettoyage, le rafra\u00eechissement, l&#039;\u00e9limination des moisissures et la d\u00e9sinfection des \u00e9vaporateurs et condenseurs de climatiseurs et autres \u00e9quipements de climatisation et de r\u00e9frig\u00e9ration HVAC &nbsp; \u2705 Fra\u00eecheur : \u00c9limine les mauvaises odeurs en laissant un parfum agr\u00e9able plus longtemps. \u2705 Fiabilit\u00e9, spectre biocide complet : virus, champignons, bact\u00e9ries, spores, mycobact\u00e9ries. Legionella pneumophila en 1 minute. \u2705 Efficacit\u00e9 : Prouv\u00e9e par des tests selon les normes europ\u00e9ennes : EN1040, EN13727, EN1276, EN13697, EN13623, EN1275, EN1650, EN14476, EN13704, EN14348 \u2705 Efficacit\u00e9 de nettoyage : Gr\u00e2ce \u00e0 sa base active multi-composants. \u2705 Clients satisfaits : Gr\u00e2ce \u00e0 un nettoyage et une d\u00e9sinfection efficaces.\" \/>\n<meta property=\"og:url\" content=\"https:\/\/nanoclean24.com\/fr\/produit\/nanoclean-air-concentre-lavande\/\" \/>\n<meta property=\"og:site_name\" content=\"NANOCLEAN\" \/>\n<meta property=\"article:modified_time\" content=\"2025-11-08T13:43:13+00:00\" \/>\n<meta property=\"og:image\" content=\"https:\/\/nanoclean24.com\/wp-content\/uploads\/2025\/07\/NANOCLEAN\u00ae-AIR-Koncentrat-do-czyszczenia-odswiezania-odgrzybiania-i-dezynfekcji-klimatyzacji-i-wentylacji-lawendowy.webp\" \/>\n\t<meta property=\"og:image:width\" content=\"1080\" \/>\n\t<meta property=\"og:image:height\" content=\"1080\" \/>\n\t<meta property=\"og:image:type\" content=\"image\/webp\" \/>\n<meta name=\"twitter:card\" content=\"summary_large_image\" \/>\n<meta name=\"twitter:label1\" content=\"Dur\u00e9e de lecture estim\u00e9e\" \/>\n\t<meta name=\"twitter:data1\" content=\"1 minute\" \/>\n<script type=\"application\/ld+json\" class=\"yoast-schema-graph\">{\"@context\":\"https:\\\/\\\/schema.org\",\"@graph\":[{\"@type\":\"WebPage\",\"@id\":\"https:\\\/\\\/nanoclean24.com\\\/fr\\\/produit\\\/nanoclean-air-concentre-lavande\\\/\",\"url\":\"https:\\\/\\\/nanoclean24.com\\\/fr\\\/produit\\\/nanoclean-air-concentre-lavande\\\/\",\"name\":\"NANOCLEAN\u00ae AIR Concentr\u00e9 lavande - NANOCLEAN\",\"isPartOf\":{\"@id\":\"https:\\\/\\\/nanoclean24.com\\\/fr\\\/#website\"},\"primaryImageOfPage\":{\"@id\":\"https:\\\/\\\/nanoclean24.com\\\/fr\\\/produit\\\/nanoclean-air-concentre-lavande\\\/#primaryimage\"},\"image\":{\"@id\":\"https:\\\/\\\/nanoclean24.com\\\/fr\\\/produit\\\/nanoclean-air-concentre-lavande\\\/#primaryimage\"},\"thumbnailUrl\":\"https:\\\/\\\/nanoclean24.com\\\/wp-content\\\/uploads\\\/2025\\\/07\\\/28-1.png\",\"datePublished\":\"2025-07-20T21:37:32+00:00\",\"dateModified\":\"2025-11-08T13:43:13+00:00\",\"breadcrumb\":{\"@id\":\"https:\\\/\\\/nanoclean24.com\\\/fr\\\/produit\\\/nanoclean-air-concentre-lavande\\\/#breadcrumb\"},\"inLanguage\":\"fr-FR\",\"potentialAction\":[{\"@type\":\"ReadAction\",\"target\":[\"https:\\\/\\\/nanoclean24.com\\\/fr\\\/produit\\\/nanoclean-air-concentre-lavande\\\/\"]}]},{\"@type\":\"ImageObject\",\"inLanguage\":\"fr-FR\",\"@id\":\"https:\\\/\\\/nanoclean24.com\\\/fr\\\/produit\\\/nanoclean-air-concentre-lavande\\\/#primaryimage\",\"url\":\"https:\\\/\\\/nanoclean24.com\\\/wp-content\\\/uploads\\\/2025\\\/07\\\/28-1.png\",\"contentUrl\":\"https:\\\/\\\/nanoclean24.com\\\/wp-content\\\/uploads\\\/2025\\\/07\\\/28-1.png\",\"width\":600,\"height\":600},{\"@type\":\"BreadcrumbList\",\"@id\":\"https:\\\/\\\/nanoclean24.com\\\/fr\\\/produit\\\/nanoclean-air-concentre-lavande\\\/#breadcrumb\",\"itemListElement\":[{\"@type\":\"ListItem\",\"position\":1,\"name\":\"Strona g\u0142\u00f3wna\",\"item\":\"https:\\\/\\\/nanoclean24.com\\\/fr\\\/\"},{\"@type\":\"ListItem\",\"position\":2,\"name\":\"Boutique\",\"item\":\"https:\\\/\\\/nanoclean24.com\\\/shop\\\/\"},{\"@type\":\"ListItem\",\"position\":3,\"name\":\"NANOCLEAN\u00ae AIR Concentr\u00e9 lavande\"}]},{\"@type\":\"WebSite\",\"@id\":\"https:\\\/\\\/nanoclean24.com\\\/fr\\\/#website\",\"url\":\"https:\\\/\\\/nanoclean24.com\\\/fr\\\/\",\"name\":\"NanoClean\",\"description\":\"\",\"publisher\":{\"@id\":\"https:\\\/\\\/nanoclean24.com\\\/fr\\\/#organization\"},\"potentialAction\":[{\"@type\":\"SearchAction\",\"target\":{\"@type\":\"EntryPoint\",\"urlTemplate\":\"https:\\\/\\\/nanoclean24.com\\\/fr\\\/?s={search_term_string}\"},\"query-input\":{\"@type\":\"PropertyValueSpecification\",\"valueRequired\":true,\"valueName\":\"search_term_string\"}}],\"inLanguage\":\"fr-FR\"},{\"@type\":\"Organization\",\"@id\":\"https:\\\/\\\/nanoclean24.com\\\/fr\\\/#organization\",\"name\":\"NanoClean\",\"url\":\"https:\\\/\\\/nanoclean24.com\\\/fr\\\/\",\"logo\":{\"@type\":\"ImageObject\",\"inLanguage\":\"fr-FR\",\"@id\":\"https:\\\/\\\/nanoclean24.com\\\/fr\\\/#\\\/schema\\\/logo\\\/image\\\/\",\"url\":\"https:\\\/\\\/nanoclean24.com\\\/wp-content\\\/uploads\\\/2025\\\/07\\\/logo-2.jpg\",\"contentUrl\":\"https:\\\/\\\/nanoclean24.com\\\/wp-content\\\/uploads\\\/2025\\\/07\\\/logo-2.jpg\",\"width\":1068,\"height\":224,\"caption\":\"NanoClean\"},\"image\":{\"@id\":\"https:\\\/\\\/nanoclean24.com\\\/fr\\\/#\\\/schema\\\/logo\\\/image\\\/\"}}]}<\/script>\n<!-- \/ Yoast SEO plugin. -->","yoast_head_json":{"title":"NANOCLEAN\u00ae AIR Concentr\u00e9 lavande - NANOCLEAN","robots":{"index":"index","follow":"follow","max-snippet":"max-snippet:-1","max-image-preview":"max-image-preview:large","max-video-preview":"max-video-preview:-1"},"canonical":"https:\/\/nanoclean24.com\/fr\/produit\/nanoclean-air-concentre-lavande\/","og_locale":"fr_FR","og_type":"article","og_title":"NANOCLEAN\u00ae AIR Concentr\u00e9 lavande - NANOCLEAN","og_description":"Produit pour le nettoyage, le rafra\u00eechissement, l'\u00e9limination des moisissures et la d\u00e9sinfection des \u00e9vaporateurs et condenseurs de climatiseurs et autres \u00e9quipements de climatisation et de r\u00e9frig\u00e9ration HVAC &nbsp; \u2705 Fra\u00eecheur : \u00c9limine les mauvaises odeurs en laissant un parfum agr\u00e9able plus longtemps. \u2705 Fiabilit\u00e9, spectre biocide complet : virus, champignons, bact\u00e9ries, spores, mycobact\u00e9ries. Legionella pneumophila en 1 minute. \u2705 Efficacit\u00e9 : Prouv\u00e9e par des tests selon les normes europ\u00e9ennes : EN1040, EN13727, EN1276, EN13697, EN13623, EN1275, EN1650, EN14476, EN13704, EN14348 \u2705 Efficacit\u00e9 de nettoyage : Gr\u00e2ce \u00e0 sa base active multi-composants. \u2705 Clients satisfaits : Gr\u00e2ce \u00e0 un nettoyage et une d\u00e9sinfection efficaces.","og_url":"https:\/\/nanoclean24.com\/fr\/produit\/nanoclean-air-concentre-lavande\/","og_site_name":"NANOCLEAN","article_modified_time":"2025-11-08T13:43:13+00:00","og_image":[{"width":1080,"height":1080,"url":"https:\/\/nanoclean24.com\/wp-content\/uploads\/2025\/07\/NANOCLEAN\u00ae-AIR-Koncentrat-do-czyszczenia-odswiezania-odgrzybiania-i-dezynfekcji-klimatyzacji-i-wentylacji-lawendowy.webp","type":"image\/webp"}],"twitter_card":"summary_large_image","twitter_misc":{"Dur\u00e9e de lecture estim\u00e9e":"1 minute"},"schema":{"@context":"https:\/\/schema.org","@graph":[{"@type":"WebPage","@id":"https:\/\/nanoclean24.com\/fr\/produit\/nanoclean-air-concentre-lavande\/","url":"https:\/\/nanoclean24.com\/fr\/produit\/nanoclean-air-concentre-lavande\/","name":"NANOCLEAN\u00ae AIR Concentr\u00e9 lavande - NANOCLEAN","isPartOf":{"@id":"https:\/\/nanoclean24.com\/fr\/#website"},"primaryImageOfPage":{"@id":"https:\/\/nanoclean24.com\/fr\/produit\/nanoclean-air-concentre-lavande\/#primaryimage"},"image":{"@id":"https:\/\/nanoclean24.com\/fr\/produit\/nanoclean-air-concentre-lavande\/#primaryimage"},"thumbnailUrl":"https:\/\/nanoclean24.com\/wp-content\/uploads\/2025\/07\/28-1.png","datePublished":"2025-07-20T21:37:32+00:00","dateModified":"2025-11-08T13:43:13+00:00","breadcrumb":{"@id":"https:\/\/nanoclean24.com\/fr\/produit\/nanoclean-air-concentre-lavande\/#breadcrumb"},"inLanguage":"fr-FR","potentialAction":[{"@type":"ReadAction","target":["https:\/\/nanoclean24.com\/fr\/produit\/nanoclean-air-concentre-lavande\/"]}]},{"@type":"ImageObject","inLanguage":"fr-FR","@id":"https:\/\/nanoclean24.com\/fr\/produit\/nanoclean-air-concentre-lavande\/#primaryimage","url":"https:\/\/nanoclean24.com\/wp-content\/uploads\/2025\/07\/28-1.png","contentUrl":"https:\/\/nanoclean24.com\/wp-content\/uploads\/2025\/07\/28-1.png","width":600,"height":600},{"@type":"BreadcrumbList","@id":"https:\/\/nanoclean24.com\/fr\/produit\/nanoclean-air-concentre-lavande\/#breadcrumb","itemListElement":[{"@type":"ListItem","position":1,"name":"Strona g\u0142\u00f3wna","item":"https:\/\/nanoclean24.com\/fr\/"},{"@type":"ListItem","position":2,"name":"Boutique","item":"https:\/\/nanoclean24.com\/shop\/"},{"@type":"ListItem","position":3,"name":"NANOCLEAN\u00ae AIR Concentr\u00e9 lavande"}]},{"@type":"WebSite","@id":"https:\/\/nanoclean24.com\/fr\/#website","url":"https:\/\/nanoclean24.com\/fr\/","name":"NanoClean","description":"","publisher":{"@id":"https:\/\/nanoclean24.com\/fr\/#organization"},"potentialAction":[{"@type":"SearchAction","target":{"@type":"EntryPoint","urlTemplate":"https:\/\/nanoclean24.com\/fr\/?s={search_term_string}"},"query-input":{"@type":"PropertyValueSpecification","valueRequired":true,"valueName":"search_term_string"}}],"inLanguage":"fr-FR"},{"@type":"Organization","@id":"https:\/\/nanoclean24.com\/fr\/#organization","name":"NanoClean","url":"https:\/\/nanoclean24.com\/fr\/","logo":{"@type":"ImageObject","inLanguage":"fr-FR","@id":"https:\/\/nanoclean24.com\/fr\/#\/schema\/logo\/image\/","url":"https:\/\/nanoclean24.com\/wp-content\/uploads\/2025\/07\/logo-2.jpg","contentUrl":"https:\/\/nanoclean24.com\/wp-content\/uploads\/2025\/07\/logo-2.jpg","width":1068,"height":224,"caption":"NanoClean"},"image":{"@id":"https:\/\/nanoclean24.com\/fr\/#\/schema\/logo\/image\/"}}]}},"taxonomy_info":{"product_cat":[{"value":123,"label":"HVAC PRO"}]},"featured_image_src_large":["https:\/\/nanoclean24.com\/wp-content\/uploads\/2025\/07\/28-1.png",600,600,false],"author_info":[],"comment_info":"","_links":{"self":[{"href":"https:\/\/nanoclean24.com\/fr\/wp-json\/wp\/v2\/product\/4380","targetHints":{"allow":["GET"]}}],"collection":[{"href":"https:\/\/nanoclean24.com\/fr\/wp-json\/wp\/v2\/product"}],"about":[{"href":"https:\/\/nanoclean24.com\/fr\/wp-json\/wp\/v2\/types\/product"}],"wp:featuredmedia":[{"embeddable":true,"href":"https:\/\/nanoclean24.com\/fr\/wp-json\/wp\/v2\/media\/14519"}],"wp:attachment":[{"href":"https:\/\/nanoclean24.com\/fr\/wp-json\/wp\/v2\/media?parent=4380"}],"wp:term":[{"taxonomy":"product_brand","embeddable":true,"href":"https:\/\/nanoclean24.com\/fr\/wp-json\/wp\/v2\/product_brand?post=4380"},{"taxonomy":"product_cat","embeddable":true,"href":"https:\/\/nanoclean24.com\/fr\/wp-json\/wp\/v2\/product_cat?post=4380"},{"taxonomy":"product_tag","embeddable":true,"href":"https:\/\/nanoclean24.com\/fr\/wp-json\/wp\/v2\/product_tag?post=4380"}],"curies":[{"name":"wp","href":"https:\/\/api.w.org\/{rel}","templated":true}]}}