{"id":15727,"date":"2026-04-17T14:09:16","date_gmt":"2026-04-17T12:09:16","guid":{"rendered":"https:\/\/nanoclean24.com\/?post_type=product&#038;p=15727"},"modified":"2026-04-17T14:09:17","modified_gmt":"2026-04-17T12:09:17","slug":"nanoclean-u777-hvac-pro-cleaning-system-set-nu777","status":"publish","type":"product","link":"https:\/\/nanoclean24.com\/fr\/produit\/nanoclean-u777-hvac-pro-cleaning-system-set-nu777\/","title":{"rendered":"NANOCLEAN U777 HVAC PRO CLEANING SYSTEM SET NU777"},"content":{"rendered":"\n<p><span lang=\"en-US\">Syst\u00e8me complet pour techniciens HVAC permettant le nettoyage et la d\u00e9sinfection des climatisations sans d\u00e9montage. <\/span>Garantit un r\u00e9sultat rapide, professionnel et reproductible.<\/p>\n<style>.wp-block-kadence-advancedheading.kt-adv-heading15721_78adba-e3, .wp-block-kadence-advancedheading.kt-adv-heading15721_78adba-e3[data-kb-block=\"kb-adv-heading15721_78adba-e3\"]{font-style:normal;}.wp-block-kadence-advancedheading.kt-adv-heading15721_78adba-e3 mark.kt-highlight, .wp-block-kadence-advancedheading.kt-adv-heading15721_78adba-e3[data-kb-block=\"kb-adv-heading15721_78adba-e3\"] mark.kt-highlight{font-style:normal;color:#f76a0c;-webkit-box-decoration-break:clone;box-decoration-break:clone;padding-top:0px;padding-right:0px;padding-bottom:0px;padding-left:0px;}.wp-block-kadence-advancedheading.kt-adv-heading15721_78adba-e3 img.kb-inline-image, .wp-block-kadence-advancedheading.kt-adv-heading15721_78adba-e3[data-kb-block=\"kb-adv-heading15721_78adba-e3\"] img.kb-inline-image{width:150px;vertical-align:baseline;}<\/style>\n<p class=\"kt-adv-heading15721_78adba-e3 wp-block-kadence-advancedheading\" data-kb-block=\"kb-adv-heading15721_78adba-e3\"><b>SYST\u00c8ME \u2013 5 \u00c9L\u00c9MENTS<\/b>&#13;\n<ol>&#13;\n \t<li><span lang=\"en-US\">NETTOYEUR HAUTE PRESSION 12V Application rapide et facile des produits <\/span><\/li>&#13;\n \t<li><span lang=\"en-US\">ACCESSOIRES + SYST\u00c8ME MOBILE sacs, lance, sac de transport, seau <\/span><\/li>&#13;\n \t<li><span lang=\"en-US\">SYST\u00c8ME DE NETTOYAGE EXT\u00c9RIEUR \u2013 UNIT\u00c9S EXT\u00c9RIEURES Produits : d\u00e9tartrage U810X et nettoyage U801X <\/span><\/li>&#13;\n \t<li><span lang=\"en-US\">SYST\u00c8ME DE NETTOYAGE INT\u00c9RIEUR \u2013 UNIT\u00c9S INT\u00c9RIEURES Produits : nettoyage + d\u00e9sinfection AC79X et nettoyage sans eau avec mousse U702 <\/span><\/li>&#13;\n \t<li><span lang=\"en-US\">PROC\u00c9DURE DE TRAVAIL PR\u00caTE (Instructions, formation et certification) <\/span><\/li>&#13;\n<\/ol><br\/>&#13;\n<span lang=\"en-US\"><b>COMMENT FONCTIONNE LE SYST\u00c8ME ? (2 \u00c9TAPES)<\/b><\/span>&#13;\n<br\/><br\/>&#13;\n<span lang=\"en-US\">EXT\u00c9RIEUR \u2013 D\u00c9TARTRAGE ET NETTOYAGE :<br\/>&#13;\n\u2022 \u00e9limination du tartre et des salissures <br\/>&#13;\n\u2022 restauration de l\u2019efficacit\u00e9 de l\u2019\u00e9changeur<\/span><br\/><br\/>&#13;\n&#13;\nINT\u00c9RIEUR \u2013 PROCESSUS TOUT-EN-UN :<br\/>&#13;\n&#13;\n<span lang=\"en-US\">\u2022 nettoyage + rafra\u00eechissement + traitement anti-moisissures + d\u00e9sinfection en un seul processus<br\/>&#13;\n\u2022 \u00e9limination durable des odeurs (ODOR STOP)<br\/>&#13;\n\u2022 spectre biocide complet (S5+PRO) <\/span><br\/><br\/>&#13;\n&#13;\n<span lang=\"en-US\"><b>AVANTAGES POUR LE TECHNICIEN<\/b><\/span><span lang=\"en-US\"><br\/>&#13;\n\u2022 intervention rapide sans d\u00e9montage<br\/>&#13;\n\u2022 travail propre et confortable<br\/>&#13;\n\u2022 r\u00e9sultat professionnel et reproductible \u2022 service premium = marge plus \u00e9lev\u00e9e<\/span><br\/><br\/>&#13;\n&#13;\n<span lang=\"en-US\"><b>1 SYST\u00c8ME | 2 \u00c9TAPES | PERFORMANCE HVAC PRO COMPL\u00c8TE<\/b><\/span><\/p>\n","protected":false},"excerpt":{"rendered":"<p>Syst\u00e8me complet pour techniciens HVAC permettant le nettoyage et la d\u00e9sinfection des climatisations sans d\u00e9montage. Garantit un r\u00e9sultat rapide, professionnel et reproductible. SYST\u00c8ME \u2013 5 \u00c9L\u00c9MENTS&#13; &#13; NETTOYEUR HAUTE PRESSION 12V Application rapide et facile des produits &#13; ACCESSOIRES + SYST\u00c8ME MOBILE sacs, lance, sac de transport, seau &#13; SYST\u00c8ME DE NETTOYAGE EXT\u00c9RIEUR \u2013 UNIT\u00c9S&#8230;<\/p>\n","protected":false},"featured_media":15724,"template":"","meta":{"_kad_blocks_custom_css":"","_kad_blocks_head_custom_js":"","_kad_blocks_body_custom_js":"","_kad_blocks_footer_custom_js":"","_kad_post_transparent":"","_kad_post_title":"","_kad_post_layout":"","_kad_post_sidebar_id":"","_kad_post_content_style":"","_kad_post_vertical_padding":"","_kad_post_feature":"","_kad_post_feature_position":"","_kad_post_header":false,"_kad_post_footer":false,"_kad_post_classname":""},"product_brand":[],"product_cat":[123],"product_tag":[],"class_list":{"0":"post-15727","1":"product","2":"type-product","3":"status-publish","4":"has-post-thumbnail","6":"product_cat-hvac-fr","8":"first","9":"instock","10":"taxable","11":"shipping-taxable","12":"purchasable","13":"product-type-simple","14":"entry","15":"content-bg","16":"loop-entry"},"yoast_head":"<!-- This site is optimized with the Yoast SEO plugin v27.4 - https:\/\/yoast.com\/product\/yoast-seo-wordpress\/ -->\n<title>NANOCLEAN U777 HVAC PRO CLEANING SYSTEM SET NU777 - NANOCLEAN<\/title>\n<meta name=\"robots\" content=\"index, follow, max-snippet:-1, max-image-preview:large, max-video-preview:-1\" \/>\n<link rel=\"canonical\" href=\"https:\/\/nanoclean24.com\/fr\/produit\/nanoclean-u777-hvac-pro-cleaning-system-set-nu777\/\" \/>\n<meta property=\"og:locale\" content=\"fr_FR\" \/>\n<meta property=\"og:type\" content=\"article\" \/>\n<meta property=\"og:title\" content=\"NANOCLEAN U777 HVAC PRO CLEANING SYSTEM SET NU777 - NANOCLEAN\" \/>\n<meta property=\"og:description\" content=\"Syst\u00e8me complet pour techniciens HVAC permettant le nettoyage et la d\u00e9sinfection des climatisations sans d\u00e9montage. Garantit un r\u00e9sultat rapide, professionnel et reproductible. SYST\u00c8ME \u2013 5 \u00c9L\u00c9MENTS&#013; &#013; NETTOYEUR HAUTE PRESSION 12V Application rapide et facile des produits &#013; ACCESSOIRES + SYST\u00c8ME MOBILE sacs, lance, sac de transport, seau &#013; SYST\u00c8ME DE NETTOYAGE EXT\u00c9RIEUR \u2013 UNIT\u00c9S...\" \/>\n<meta property=\"og:url\" content=\"https:\/\/nanoclean24.com\/fr\/produit\/nanoclean-u777-hvac-pro-cleaning-system-set-nu777\/\" \/>\n<meta property=\"og:site_name\" content=\"NANOCLEAN\" \/>\n<meta property=\"article:modified_time\" content=\"2026-04-17T12:09:17+00:00\" \/>\n<meta property=\"og:image\" content=\"https:\/\/nanoclean24.com\/wp-content\/uploads\/2026\/04\/Hvac-myjka.webp\" \/>\n\t<meta property=\"og:image:width\" content=\"1000\" \/>\n\t<meta property=\"og:image:height\" content=\"1000\" \/>\n\t<meta property=\"og:image:type\" content=\"image\/webp\" \/>\n<meta name=\"twitter:card\" content=\"summary_large_image\" \/>\n<meta name=\"twitter:label1\" content=\"Dur\u00e9e de lecture estim\u00e9e\" \/>\n\t<meta name=\"twitter:data1\" content=\"1 minute\" \/>\n<script type=\"application\/ld+json\" class=\"yoast-schema-graph\">{\"@context\":\"https:\\\/\\\/schema.org\",\"@graph\":[{\"@type\":\"WebPage\",\"@id\":\"https:\\\/\\\/nanoclean24.com\\\/fr\\\/produit\\\/nanoclean-u777-hvac-pro-cleaning-system-set-nu777\\\/\",\"url\":\"https:\\\/\\\/nanoclean24.com\\\/fr\\\/produit\\\/nanoclean-u777-hvac-pro-cleaning-system-set-nu777\\\/\",\"name\":\"NANOCLEAN U777 HVAC PRO CLEANING SYSTEM SET NU777 - NANOCLEAN\",\"isPartOf\":{\"@id\":\"https:\\\/\\\/nanoclean24.com\\\/fr\\\/#website\"},\"primaryImageOfPage\":{\"@id\":\"https:\\\/\\\/nanoclean24.com\\\/fr\\\/produit\\\/nanoclean-u777-hvac-pro-cleaning-system-set-nu777\\\/#primaryimage\"},\"image\":{\"@id\":\"https:\\\/\\\/nanoclean24.com\\\/fr\\\/produit\\\/nanoclean-u777-hvac-pro-cleaning-system-set-nu777\\\/#primaryimage\"},\"thumbnailUrl\":\"https:\\\/\\\/nanoclean24.com\\\/wp-content\\\/uploads\\\/2026\\\/04\\\/Hvac-myjka.webp\",\"datePublished\":\"2026-04-17T12:09:16+00:00\",\"dateModified\":\"2026-04-17T12:09:17+00:00\",\"breadcrumb\":{\"@id\":\"https:\\\/\\\/nanoclean24.com\\\/fr\\\/produit\\\/nanoclean-u777-hvac-pro-cleaning-system-set-nu777\\\/#breadcrumb\"},\"inLanguage\":\"fr-FR\",\"potentialAction\":[{\"@type\":\"ReadAction\",\"target\":[\"https:\\\/\\\/nanoclean24.com\\\/fr\\\/produit\\\/nanoclean-u777-hvac-pro-cleaning-system-set-nu777\\\/\"]}]},{\"@type\":\"ImageObject\",\"inLanguage\":\"fr-FR\",\"@id\":\"https:\\\/\\\/nanoclean24.com\\\/fr\\\/produit\\\/nanoclean-u777-hvac-pro-cleaning-system-set-nu777\\\/#primaryimage\",\"url\":\"https:\\\/\\\/nanoclean24.com\\\/wp-content\\\/uploads\\\/2026\\\/04\\\/Hvac-myjka.webp\",\"contentUrl\":\"https:\\\/\\\/nanoclean24.com\\\/wp-content\\\/uploads\\\/2026\\\/04\\\/Hvac-myjka.webp\",\"width\":1000,\"height\":1000},{\"@type\":\"BreadcrumbList\",\"@id\":\"https:\\\/\\\/nanoclean24.com\\\/fr\\\/produit\\\/nanoclean-u777-hvac-pro-cleaning-system-set-nu777\\\/#breadcrumb\",\"itemListElement\":[{\"@type\":\"ListItem\",\"position\":1,\"name\":\"Strona g\u0142\u00f3wna\",\"item\":\"https:\\\/\\\/nanoclean24.com\\\/fr\\\/\"},{\"@type\":\"ListItem\",\"position\":2,\"name\":\"Boutique\",\"item\":\"https:\\\/\\\/nanoclean24.com\\\/shop\\\/\"},{\"@type\":\"ListItem\",\"position\":3,\"name\":\"NANOCLEAN U777 HVAC PRO CLEANING SYSTEM SET NU777\"}]},{\"@type\":\"WebSite\",\"@id\":\"https:\\\/\\\/nanoclean24.com\\\/fr\\\/#website\",\"url\":\"https:\\\/\\\/nanoclean24.com\\\/fr\\\/\",\"name\":\"NanoClean\",\"description\":\"\",\"publisher\":{\"@id\":\"https:\\\/\\\/nanoclean24.com\\\/fr\\\/#organization\"},\"potentialAction\":[{\"@type\":\"SearchAction\",\"target\":{\"@type\":\"EntryPoint\",\"urlTemplate\":\"https:\\\/\\\/nanoclean24.com\\\/fr\\\/?s={search_term_string}\"},\"query-input\":{\"@type\":\"PropertyValueSpecification\",\"valueRequired\":true,\"valueName\":\"search_term_string\"}}],\"inLanguage\":\"fr-FR\"},{\"@type\":\"Organization\",\"@id\":\"https:\\\/\\\/nanoclean24.com\\\/fr\\\/#organization\",\"name\":\"NanoClean\",\"url\":\"https:\\\/\\\/nanoclean24.com\\\/fr\\\/\",\"logo\":{\"@type\":\"ImageObject\",\"inLanguage\":\"fr-FR\",\"@id\":\"https:\\\/\\\/nanoclean24.com\\\/fr\\\/#\\\/schema\\\/logo\\\/image\\\/\",\"url\":\"https:\\\/\\\/nanoclean24.com\\\/wp-content\\\/uploads\\\/2025\\\/07\\\/logo-2.jpg\",\"contentUrl\":\"https:\\\/\\\/nanoclean24.com\\\/wp-content\\\/uploads\\\/2025\\\/07\\\/logo-2.jpg\",\"width\":1068,\"height\":224,\"caption\":\"NanoClean\"},\"image\":{\"@id\":\"https:\\\/\\\/nanoclean24.com\\\/fr\\\/#\\\/schema\\\/logo\\\/image\\\/\"}}]}<\/script>\n<!-- \/ Yoast SEO plugin. -->","yoast_head_json":{"title":"NANOCLEAN U777 HVAC PRO CLEANING SYSTEM SET NU777 - NANOCLEAN","robots":{"index":"index","follow":"follow","max-snippet":"max-snippet:-1","max-image-preview":"max-image-preview:large","max-video-preview":"max-video-preview:-1"},"canonical":"https:\/\/nanoclean24.com\/fr\/produit\/nanoclean-u777-hvac-pro-cleaning-system-set-nu777\/","og_locale":"fr_FR","og_type":"article","og_title":"NANOCLEAN U777 HVAC PRO CLEANING SYSTEM SET NU777 - NANOCLEAN","og_description":"Syst\u00e8me complet pour techniciens HVAC permettant le nettoyage et la d\u00e9sinfection des climatisations sans d\u00e9montage. Garantit un r\u00e9sultat rapide, professionnel et reproductible. SYST\u00c8ME \u2013 5 \u00c9L\u00c9MENTS&#13; &#13; NETTOYEUR HAUTE PRESSION 12V Application rapide et facile des produits &#13; ACCESSOIRES + SYST\u00c8ME MOBILE sacs, lance, sac de transport, seau &#13; SYST\u00c8ME DE NETTOYAGE EXT\u00c9RIEUR \u2013 UNIT\u00c9S...","og_url":"https:\/\/nanoclean24.com\/fr\/produit\/nanoclean-u777-hvac-pro-cleaning-system-set-nu777\/","og_site_name":"NANOCLEAN","article_modified_time":"2026-04-17T12:09:17+00:00","og_image":[{"width":1000,"height":1000,"url":"https:\/\/nanoclean24.com\/wp-content\/uploads\/2026\/04\/Hvac-myjka.webp","type":"image\/webp"}],"twitter_card":"summary_large_image","twitter_misc":{"Dur\u00e9e de lecture estim\u00e9e":"1 minute"},"schema":{"@context":"https:\/\/schema.org","@graph":[{"@type":"WebPage","@id":"https:\/\/nanoclean24.com\/fr\/produit\/nanoclean-u777-hvac-pro-cleaning-system-set-nu777\/","url":"https:\/\/nanoclean24.com\/fr\/produit\/nanoclean-u777-hvac-pro-cleaning-system-set-nu777\/","name":"NANOCLEAN U777 HVAC PRO CLEANING SYSTEM SET NU777 - NANOCLEAN","isPartOf":{"@id":"https:\/\/nanoclean24.com\/fr\/#website"},"primaryImageOfPage":{"@id":"https:\/\/nanoclean24.com\/fr\/produit\/nanoclean-u777-hvac-pro-cleaning-system-set-nu777\/#primaryimage"},"image":{"@id":"https:\/\/nanoclean24.com\/fr\/produit\/nanoclean-u777-hvac-pro-cleaning-system-set-nu777\/#primaryimage"},"thumbnailUrl":"https:\/\/nanoclean24.com\/wp-content\/uploads\/2026\/04\/Hvac-myjka.webp","datePublished":"2026-04-17T12:09:16+00:00","dateModified":"2026-04-17T12:09:17+00:00","breadcrumb":{"@id":"https:\/\/nanoclean24.com\/fr\/produit\/nanoclean-u777-hvac-pro-cleaning-system-set-nu777\/#breadcrumb"},"inLanguage":"fr-FR","potentialAction":[{"@type":"ReadAction","target":["https:\/\/nanoclean24.com\/fr\/produit\/nanoclean-u777-hvac-pro-cleaning-system-set-nu777\/"]}]},{"@type":"ImageObject","inLanguage":"fr-FR","@id":"https:\/\/nanoclean24.com\/fr\/produit\/nanoclean-u777-hvac-pro-cleaning-system-set-nu777\/#primaryimage","url":"https:\/\/nanoclean24.com\/wp-content\/uploads\/2026\/04\/Hvac-myjka.webp","contentUrl":"https:\/\/nanoclean24.com\/wp-content\/uploads\/2026\/04\/Hvac-myjka.webp","width":1000,"height":1000},{"@type":"BreadcrumbList","@id":"https:\/\/nanoclean24.com\/fr\/produit\/nanoclean-u777-hvac-pro-cleaning-system-set-nu777\/#breadcrumb","itemListElement":[{"@type":"ListItem","position":1,"name":"Strona g\u0142\u00f3wna","item":"https:\/\/nanoclean24.com\/fr\/"},{"@type":"ListItem","position":2,"name":"Boutique","item":"https:\/\/nanoclean24.com\/shop\/"},{"@type":"ListItem","position":3,"name":"NANOCLEAN U777 HVAC PRO CLEANING SYSTEM SET NU777"}]},{"@type":"WebSite","@id":"https:\/\/nanoclean24.com\/fr\/#website","url":"https:\/\/nanoclean24.com\/fr\/","name":"NanoClean","description":"","publisher":{"@id":"https:\/\/nanoclean24.com\/fr\/#organization"},"potentialAction":[{"@type":"SearchAction","target":{"@type":"EntryPoint","urlTemplate":"https:\/\/nanoclean24.com\/fr\/?s={search_term_string}"},"query-input":{"@type":"PropertyValueSpecification","valueRequired":true,"valueName":"search_term_string"}}],"inLanguage":"fr-FR"},{"@type":"Organization","@id":"https:\/\/nanoclean24.com\/fr\/#organization","name":"NanoClean","url":"https:\/\/nanoclean24.com\/fr\/","logo":{"@type":"ImageObject","inLanguage":"fr-FR","@id":"https:\/\/nanoclean24.com\/fr\/#\/schema\/logo\/image\/","url":"https:\/\/nanoclean24.com\/wp-content\/uploads\/2025\/07\/logo-2.jpg","contentUrl":"https:\/\/nanoclean24.com\/wp-content\/uploads\/2025\/07\/logo-2.jpg","width":1068,"height":224,"caption":"NanoClean"},"image":{"@id":"https:\/\/nanoclean24.com\/fr\/#\/schema\/logo\/image\/"}}]}},"taxonomy_info":{"product_cat":[{"value":123,"label":"HVAC PRO"}]},"featured_image_src_large":["https:\/\/nanoclean24.com\/wp-content\/uploads\/2026\/04\/Hvac-myjka.webp",1000,1000,false],"author_info":[],"comment_info":"","_links":{"self":[{"href":"https:\/\/nanoclean24.com\/fr\/wp-json\/wp\/v2\/product\/15727","targetHints":{"allow":["GET"]}}],"collection":[{"href":"https:\/\/nanoclean24.com\/fr\/wp-json\/wp\/v2\/product"}],"about":[{"href":"https:\/\/nanoclean24.com\/fr\/wp-json\/wp\/v2\/types\/product"}],"wp:featuredmedia":[{"embeddable":true,"href":"https:\/\/nanoclean24.com\/fr\/wp-json\/wp\/v2\/media\/15724"}],"wp:attachment":[{"href":"https:\/\/nanoclean24.com\/fr\/wp-json\/wp\/v2\/media?parent=15727"}],"wp:term":[{"taxonomy":"product_brand","embeddable":true,"href":"https:\/\/nanoclean24.com\/fr\/wp-json\/wp\/v2\/product_brand?post=15727"},{"taxonomy":"product_cat","embeddable":true,"href":"https:\/\/nanoclean24.com\/fr\/wp-json\/wp\/v2\/product_cat?post=15727"},{"taxonomy":"product_tag","embeddable":true,"href":"https:\/\/nanoclean24.com\/fr\/wp-json\/wp\/v2\/product_tag?post=15727"}],"curies":[{"name":"wp","href":"https:\/\/api.w.org\/{rel}","templated":true}]}}