{"id":13108,"date":"2026-02-19T11:02:53","date_gmt":"2026-02-19T10:02:53","guid":{"rendered":"https:\/\/nanoclean24.com\/?post_type=product&#038;p=13108"},"modified":"2026-02-19T11:04:48","modified_gmt":"2026-02-19T10:04:48","slug":"nanoclean-b01-rapid-brake-cleaner-750-ml-kopia","status":"publish","type":"product","link":"https:\/\/nanoclean24.com\/fr\/produit\/nanoclean-b01-rapid-brake-cleaner-750-ml-kopia\/","title":{"rendered":"NANOCLEAN B01 RAPID BRAKE CLEANER 750 ml (Kopia)"},"content":{"rendered":"\n<p>RAPID BRAKE CLEANER est un puissant d\u00e9graissant \u00e0 \u00e9vaporation rapide con\u00e7u pour \u00e9liminer la graisse, l&rsquo;huile et les autres contaminants des composants m\u00e9caniques. Il est id\u00e9al pour nettoyer les cha\u00eenes, les disques de frein, les pignons, les d\u00e9railleurs et les pi\u00e8ces \u00e9lectriques. Sa formule sans ac\u00e9tone permet de l&rsquo;utiliser sur la plupart des mat\u00e9riaux, y compris le m\u00e9tal et le plastique.  <\/p>\n","protected":false},"excerpt":{"rendered":"<h3>D\u00e9graissant rapide et efficace pour les v\u00e9los et les motos<\/h3>\n<p><strong>\u2705 \u00c9vaporation rapide<\/strong> &#8211; Ne laisse aucun r\u00e9sidu graisseux, garantissant des pi\u00e8ces propres et pr\u00eates \u00e0 \u00eatre utilis\u00e9es imm\u00e9diatement <strong>.<\/strong>  \u2705 <strong>Sans danger pour le plastique<\/strong> &#8211; La formule sans ac\u00e9tone r\u00e9duit le risque d&rsquo;endommager les surfaces d\u00e9licates. <strong>\u2705 \u00c9limination efficace de la salet\u00e9<\/strong> &#8211; Dissout la graisse, l&rsquo;huile et la salet\u00e9, atteignant m\u00eame les zones difficiles d&rsquo;acc\u00e8s. \u2705 <strong>Application polyvalente<\/strong> &#8211; Convient pour le nettoyage des syst\u00e8mes de freinage, d&rsquo;entra\u00eenement et \u00e9lectriques. \u2705 <strong>Facile \u00e0 utiliser<\/strong> &#8211; L&rsquo;applicateur en a\u00e9rosol permet une pulv\u00e9risation pr\u00e9cise et un nettoyage rapide sans d\u00e9montage.<\/p>\n","protected":false},"featured_media":2923,"template":"","meta":{"_kad_blocks_custom_css":"","_kad_blocks_head_custom_js":"","_kad_blocks_body_custom_js":"","_kad_blocks_footer_custom_js":"","_kad_post_transparent":"","_kad_post_title":"","_kad_post_layout":"","_kad_post_sidebar_id":"","_kad_post_content_style":"","_kad_post_vertical_padding":"","_kad_post_feature":"","_kad_post_feature_position":"","_kad_post_header":false,"_kad_post_footer":false,"_kad_post_classname":""},"product_brand":[],"product_cat":[109],"product_tag":[],"class_list":{"0":"post-13108","1":"product","2":"type-product","3":"status-publish","4":"has-post-thumbnail","6":"product_cat-moto-fr","8":"first","9":"instock","10":"taxable","11":"shipping-taxable","12":"purchasable","13":"product-type-simple","14":"entry","15":"content-bg","16":"loop-entry"},"yoast_head":"<!-- This site is optimized with the Yoast SEO plugin v27.4 - https:\/\/yoast.com\/product\/yoast-seo-wordpress\/ -->\n<title>NANOCLEAN B01 RAPID BRAKE CLEANER 750 ml (Kopia) - NANOCLEAN<\/title>\n<meta name=\"robots\" content=\"index, follow, max-snippet:-1, max-image-preview:large, max-video-preview:-1\" \/>\n<link rel=\"canonical\" href=\"https:\/\/nanoclean24.com\/fr\/produit\/nanoclean-b01-rapid-brake-cleaner-750-ml-kopia\/\" \/>\n<meta property=\"og:locale\" content=\"fr_FR\" \/>\n<meta property=\"og:type\" content=\"article\" \/>\n<meta property=\"og:title\" content=\"NANOCLEAN B01 RAPID BRAKE CLEANER 750 ml (Kopia) - NANOCLEAN\" \/>\n<meta property=\"og:description\" content=\"D\u00e9graissant rapide et efficace pour les v\u00e9los et les motos \u2705 \u00c9vaporation rapide - Ne laisse aucun r\u00e9sidu graisseux, garantissant des pi\u00e8ces propres et pr\u00eates \u00e0 \u00eatre utilis\u00e9es imm\u00e9diatement . \u2705 Sans danger pour le plastique - La formule sans ac\u00e9tone r\u00e9duit le risque d&#039;endommager les surfaces d\u00e9licates. \u2705 \u00c9limination efficace de la salet\u00e9 - Dissout la graisse, l&#039;huile et la salet\u00e9, atteignant m\u00eame les zones difficiles d&#039;acc\u00e8s. \u2705 Application polyvalente - Convient pour le nettoyage des syst\u00e8mes de freinage, d&#039;entra\u00eenement et \u00e9lectriques. \u2705 Facile \u00e0 utiliser - L&#039;applicateur en a\u00e9rosol permet une pulv\u00e9risation pr\u00e9cise et un nettoyage rapide sans d\u00e9montage.\" \/>\n<meta property=\"og:url\" content=\"https:\/\/nanoclean24.com\/fr\/produit\/nanoclean-b01-rapid-brake-cleaner-750-ml-kopia\/\" \/>\n<meta property=\"og:site_name\" content=\"NANOCLEAN\" \/>\n<meta property=\"article:modified_time\" content=\"2026-02-19T10:04:48+00:00\" \/>\n<meta property=\"og:image\" content=\"https:\/\/nanoclean24.com\/wp-content\/uploads\/2025\/07\/B01.jpg\" \/>\n\t<meta property=\"og:image:width\" content=\"1200\" \/>\n\t<meta property=\"og:image:height\" content=\"1200\" \/>\n\t<meta property=\"og:image:type\" content=\"image\/jpeg\" \/>\n<meta name=\"twitter:card\" content=\"summary_large_image\" \/>\n<script type=\"application\/ld+json\" class=\"yoast-schema-graph\">{\"@context\":\"https:\\\/\\\/schema.org\",\"@graph\":[{\"@type\":\"WebPage\",\"@id\":\"https:\\\/\\\/nanoclean24.com\\\/fr\\\/produit\\\/nanoclean-b01-rapid-brake-cleaner-750-ml-kopia\\\/\",\"url\":\"https:\\\/\\\/nanoclean24.com\\\/fr\\\/produit\\\/nanoclean-b01-rapid-brake-cleaner-750-ml-kopia\\\/\",\"name\":\"NANOCLEAN B01 RAPID BRAKE CLEANER 750 ml (Kopia) - NANOCLEAN\",\"isPartOf\":{\"@id\":\"https:\\\/\\\/nanoclean24.com\\\/fr\\\/#website\"},\"primaryImageOfPage\":{\"@id\":\"https:\\\/\\\/nanoclean24.com\\\/fr\\\/produit\\\/nanoclean-b01-rapid-brake-cleaner-750-ml-kopia\\\/#primaryimage\"},\"image\":{\"@id\":\"https:\\\/\\\/nanoclean24.com\\\/fr\\\/produit\\\/nanoclean-b01-rapid-brake-cleaner-750-ml-kopia\\\/#primaryimage\"},\"thumbnailUrl\":\"https:\\\/\\\/nanoclean24.com\\\/wp-content\\\/uploads\\\/2025\\\/07\\\/B01.jpg\",\"datePublished\":\"2026-02-19T10:02:53+00:00\",\"dateModified\":\"2026-02-19T10:04:48+00:00\",\"breadcrumb\":{\"@id\":\"https:\\\/\\\/nanoclean24.com\\\/fr\\\/produit\\\/nanoclean-b01-rapid-brake-cleaner-750-ml-kopia\\\/#breadcrumb\"},\"inLanguage\":\"fr-FR\",\"potentialAction\":[{\"@type\":\"ReadAction\",\"target\":[\"https:\\\/\\\/nanoclean24.com\\\/fr\\\/produit\\\/nanoclean-b01-rapid-brake-cleaner-750-ml-kopia\\\/\"]}]},{\"@type\":\"ImageObject\",\"inLanguage\":\"fr-FR\",\"@id\":\"https:\\\/\\\/nanoclean24.com\\\/fr\\\/produit\\\/nanoclean-b01-rapid-brake-cleaner-750-ml-kopia\\\/#primaryimage\",\"url\":\"https:\\\/\\\/nanoclean24.com\\\/wp-content\\\/uploads\\\/2025\\\/07\\\/B01.jpg\",\"contentUrl\":\"https:\\\/\\\/nanoclean24.com\\\/wp-content\\\/uploads\\\/2025\\\/07\\\/B01.jpg\",\"width\":1200,\"height\":1200},{\"@type\":\"BreadcrumbList\",\"@id\":\"https:\\\/\\\/nanoclean24.com\\\/fr\\\/produit\\\/nanoclean-b01-rapid-brake-cleaner-750-ml-kopia\\\/#breadcrumb\",\"itemListElement\":[{\"@type\":\"ListItem\",\"position\":1,\"name\":\"Strona g\u0142\u00f3wna\",\"item\":\"https:\\\/\\\/nanoclean24.com\\\/fr\\\/\"},{\"@type\":\"ListItem\",\"position\":2,\"name\":\"Boutique\",\"item\":\"https:\\\/\\\/nanoclean24.com\\\/shop\\\/\"},{\"@type\":\"ListItem\",\"position\":3,\"name\":\"NANOCLEAN B01 RAPID BRAKE CLEANER 750 ml (Kopia)\"}]},{\"@type\":\"WebSite\",\"@id\":\"https:\\\/\\\/nanoclean24.com\\\/fr\\\/#website\",\"url\":\"https:\\\/\\\/nanoclean24.com\\\/fr\\\/\",\"name\":\"NanoClean\",\"description\":\"\",\"publisher\":{\"@id\":\"https:\\\/\\\/nanoclean24.com\\\/fr\\\/#organization\"},\"potentialAction\":[{\"@type\":\"SearchAction\",\"target\":{\"@type\":\"EntryPoint\",\"urlTemplate\":\"https:\\\/\\\/nanoclean24.com\\\/fr\\\/?s={search_term_string}\"},\"query-input\":{\"@type\":\"PropertyValueSpecification\",\"valueRequired\":true,\"valueName\":\"search_term_string\"}}],\"inLanguage\":\"fr-FR\"},{\"@type\":\"Organization\",\"@id\":\"https:\\\/\\\/nanoclean24.com\\\/fr\\\/#organization\",\"name\":\"NanoClean\",\"url\":\"https:\\\/\\\/nanoclean24.com\\\/fr\\\/\",\"logo\":{\"@type\":\"ImageObject\",\"inLanguage\":\"fr-FR\",\"@id\":\"https:\\\/\\\/nanoclean24.com\\\/fr\\\/#\\\/schema\\\/logo\\\/image\\\/\",\"url\":\"https:\\\/\\\/nanoclean24.com\\\/wp-content\\\/uploads\\\/2025\\\/07\\\/logo-2.jpg\",\"contentUrl\":\"https:\\\/\\\/nanoclean24.com\\\/wp-content\\\/uploads\\\/2025\\\/07\\\/logo-2.jpg\",\"width\":1068,\"height\":224,\"caption\":\"NanoClean\"},\"image\":{\"@id\":\"https:\\\/\\\/nanoclean24.com\\\/fr\\\/#\\\/schema\\\/logo\\\/image\\\/\"}}]}<\/script>\n<!-- \/ Yoast SEO plugin. -->","yoast_head_json":{"title":"NANOCLEAN B01 RAPID BRAKE CLEANER 750 ml (Kopia) - NANOCLEAN","robots":{"index":"index","follow":"follow","max-snippet":"max-snippet:-1","max-image-preview":"max-image-preview:large","max-video-preview":"max-video-preview:-1"},"canonical":"https:\/\/nanoclean24.com\/fr\/produit\/nanoclean-b01-rapid-brake-cleaner-750-ml-kopia\/","og_locale":"fr_FR","og_type":"article","og_title":"NANOCLEAN B01 RAPID BRAKE CLEANER 750 ml (Kopia) - NANOCLEAN","og_description":"D\u00e9graissant rapide et efficace pour les v\u00e9los et les motos \u2705 \u00c9vaporation rapide - Ne laisse aucun r\u00e9sidu graisseux, garantissant des pi\u00e8ces propres et pr\u00eates \u00e0 \u00eatre utilis\u00e9es imm\u00e9diatement . \u2705 Sans danger pour le plastique - La formule sans ac\u00e9tone r\u00e9duit le risque d'endommager les surfaces d\u00e9licates. \u2705 \u00c9limination efficace de la salet\u00e9 - Dissout la graisse, l'huile et la salet\u00e9, atteignant m\u00eame les zones difficiles d'acc\u00e8s. \u2705 Application polyvalente - Convient pour le nettoyage des syst\u00e8mes de freinage, d'entra\u00eenement et \u00e9lectriques. \u2705 Facile \u00e0 utiliser - L'applicateur en a\u00e9rosol permet une pulv\u00e9risation pr\u00e9cise et un nettoyage rapide sans d\u00e9montage.","og_url":"https:\/\/nanoclean24.com\/fr\/produit\/nanoclean-b01-rapid-brake-cleaner-750-ml-kopia\/","og_site_name":"NANOCLEAN","article_modified_time":"2026-02-19T10:04:48+00:00","og_image":[{"width":1200,"height":1200,"url":"https:\/\/nanoclean24.com\/wp-content\/uploads\/2025\/07\/B01.jpg","type":"image\/jpeg"}],"twitter_card":"summary_large_image","schema":{"@context":"https:\/\/schema.org","@graph":[{"@type":"WebPage","@id":"https:\/\/nanoclean24.com\/fr\/produit\/nanoclean-b01-rapid-brake-cleaner-750-ml-kopia\/","url":"https:\/\/nanoclean24.com\/fr\/produit\/nanoclean-b01-rapid-brake-cleaner-750-ml-kopia\/","name":"NANOCLEAN B01 RAPID BRAKE CLEANER 750 ml (Kopia) - NANOCLEAN","isPartOf":{"@id":"https:\/\/nanoclean24.com\/fr\/#website"},"primaryImageOfPage":{"@id":"https:\/\/nanoclean24.com\/fr\/produit\/nanoclean-b01-rapid-brake-cleaner-750-ml-kopia\/#primaryimage"},"image":{"@id":"https:\/\/nanoclean24.com\/fr\/produit\/nanoclean-b01-rapid-brake-cleaner-750-ml-kopia\/#primaryimage"},"thumbnailUrl":"https:\/\/nanoclean24.com\/wp-content\/uploads\/2025\/07\/B01.jpg","datePublished":"2026-02-19T10:02:53+00:00","dateModified":"2026-02-19T10:04:48+00:00","breadcrumb":{"@id":"https:\/\/nanoclean24.com\/fr\/produit\/nanoclean-b01-rapid-brake-cleaner-750-ml-kopia\/#breadcrumb"},"inLanguage":"fr-FR","potentialAction":[{"@type":"ReadAction","target":["https:\/\/nanoclean24.com\/fr\/produit\/nanoclean-b01-rapid-brake-cleaner-750-ml-kopia\/"]}]},{"@type":"ImageObject","inLanguage":"fr-FR","@id":"https:\/\/nanoclean24.com\/fr\/produit\/nanoclean-b01-rapid-brake-cleaner-750-ml-kopia\/#primaryimage","url":"https:\/\/nanoclean24.com\/wp-content\/uploads\/2025\/07\/B01.jpg","contentUrl":"https:\/\/nanoclean24.com\/wp-content\/uploads\/2025\/07\/B01.jpg","width":1200,"height":1200},{"@type":"BreadcrumbList","@id":"https:\/\/nanoclean24.com\/fr\/produit\/nanoclean-b01-rapid-brake-cleaner-750-ml-kopia\/#breadcrumb","itemListElement":[{"@type":"ListItem","position":1,"name":"Strona g\u0142\u00f3wna","item":"https:\/\/nanoclean24.com\/fr\/"},{"@type":"ListItem","position":2,"name":"Boutique","item":"https:\/\/nanoclean24.com\/shop\/"},{"@type":"ListItem","position":3,"name":"NANOCLEAN B01 RAPID BRAKE CLEANER 750 ml (Kopia)"}]},{"@type":"WebSite","@id":"https:\/\/nanoclean24.com\/fr\/#website","url":"https:\/\/nanoclean24.com\/fr\/","name":"NanoClean","description":"","publisher":{"@id":"https:\/\/nanoclean24.com\/fr\/#organization"},"potentialAction":[{"@type":"SearchAction","target":{"@type":"EntryPoint","urlTemplate":"https:\/\/nanoclean24.com\/fr\/?s={search_term_string}"},"query-input":{"@type":"PropertyValueSpecification","valueRequired":true,"valueName":"search_term_string"}}],"inLanguage":"fr-FR"},{"@type":"Organization","@id":"https:\/\/nanoclean24.com\/fr\/#organization","name":"NanoClean","url":"https:\/\/nanoclean24.com\/fr\/","logo":{"@type":"ImageObject","inLanguage":"fr-FR","@id":"https:\/\/nanoclean24.com\/fr\/#\/schema\/logo\/image\/","url":"https:\/\/nanoclean24.com\/wp-content\/uploads\/2025\/07\/logo-2.jpg","contentUrl":"https:\/\/nanoclean24.com\/wp-content\/uploads\/2025\/07\/logo-2.jpg","width":1068,"height":224,"caption":"NanoClean"},"image":{"@id":"https:\/\/nanoclean24.com\/fr\/#\/schema\/logo\/image\/"}}]}},"taxonomy_info":{"product_cat":[{"value":109,"label":"BIKE&amp;MOTO"}]},"featured_image_src_large":["https:\/\/nanoclean24.com\/wp-content\/uploads\/2025\/07\/B01-1024x1024.jpg",1024,1024,true],"author_info":[],"comment_info":"","_links":{"self":[{"href":"https:\/\/nanoclean24.com\/fr\/wp-json\/wp\/v2\/product\/13108","targetHints":{"allow":["GET"]}}],"collection":[{"href":"https:\/\/nanoclean24.com\/fr\/wp-json\/wp\/v2\/product"}],"about":[{"href":"https:\/\/nanoclean24.com\/fr\/wp-json\/wp\/v2\/types\/product"}],"wp:featuredmedia":[{"embeddable":true,"href":"https:\/\/nanoclean24.com\/fr\/wp-json\/wp\/v2\/media\/2923"}],"wp:attachment":[{"href":"https:\/\/nanoclean24.com\/fr\/wp-json\/wp\/v2\/media?parent=13108"}],"wp:term":[{"taxonomy":"product_brand","embeddable":true,"href":"https:\/\/nanoclean24.com\/fr\/wp-json\/wp\/v2\/product_brand?post=13108"},{"taxonomy":"product_cat","embeddable":true,"href":"https:\/\/nanoclean24.com\/fr\/wp-json\/wp\/v2\/product_cat?post=13108"},{"taxonomy":"product_tag","embeddable":true,"href":"https:\/\/nanoclean24.com\/fr\/wp-json\/wp\/v2\/product_tag?post=13108"}],"curies":[{"name":"wp","href":"https:\/\/api.w.org\/{rel}","templated":true}]}}