{"id":9723,"date":"2025-10-22T16:39:15","date_gmt":"2025-10-22T14:39:15","guid":{"rendered":"https:\/\/nanoclean24.com\/?post_type=product&#038;p=9723"},"modified":"2026-02-27T13:17:38","modified_gmt":"2026-02-27T12:17:38","slug":"u807x-ac-waschkonzentrat-5kg","status":"publish","type":"product","link":"https:\/\/nanoclean24.com\/de\/produkte\/u807x-ac-waschkonzentrat-5kg\/","title":{"rendered":"U807X AC WASCHKONZENTRAT 5KG"},"content":{"rendered":"","protected":false},"excerpt":{"rendered":"<h3 class=\"text-xl font-bold text-text-100 mt-1 -mb-0.5\">Vorteile<\/h3>\n<p class=\"whitespace-normal break-words\"><strong>SUPER CONCENTRATED FORMULA<\/strong> &#8211; Eine wirtschaftliche L\u00f6sung f\u00fcr hohe Leistung bei minimalem Produktverbrauch.<\/p>\n<p class=\"whitespace-normal break-words\">\u2705 VIELSEITIGE <strong>AUSSEN- UND INNENREINIGUNG<\/strong> &#8211; Ideal f\u00fcr eine Vielzahl von Anwendungen, die eine effektive Reinigung erm\u00f6glichen.<\/p>\n<p class=\"whitespace-normal break-words\"><strong>\u2705 WIRKSAM F\u00dcR KLIMAANLAGEN<\/strong> &#8211; Speziell f\u00fcr die Reinigung von L\u00fcftungs- und Klimaanlagen entwickelt.<\/p>\n<p class=\"whitespace-normal break-words\">\u2705 <strong>KEINE ABF\u00c4LLE ODER R\u00dcCKST\u00c4NDE<\/strong> &#8211; Garantiert saubere Oberfl\u00e4chen ohne unerw\u00fcnschte R\u00fcckst\u00e4nde.<\/p>\n<p class=\"whitespace-normal break-words\">\u2705 <strong>KOMFORTABEL MIT MEHREREN<\/strong> UNTERGR\u00dcNDEN &#8211; Sicherer Einsatz auf einer Vielzahl von Materialien ohne Risiko einer Besch\u00e4digung.<\/p>\n<p class=\"whitespace-normal break-words\">\u2705 <strong>ENTH\u00c4LT KORROSIONSHEMMEN<\/strong> &#8211; Sch\u00fctzt Metalloberfl\u00e4chen w\u00e4hrend der Reinigung vor Rost und Korrosion.<\/p>\n<p class=\"whitespace-normal break-words\">\u2705 <strong>MISCHEN MIT WASSER in einer Konzentration von 1-25%<\/strong> &#8211; Flexible Dosierung je nach Grad der Verschmutzung.<\/p>\n<p class=\"whitespace-normal break-words\">\u2705 <strong>ERFORDERT<\/strong> WASSERSP\u00dcLUNG &#8211; F\u00fcr optimale Ergebnisse nach der Anwendung gr\u00fcndlich mit klarem Wasser absp\u00fclen.<\/p>\n","protected":false},"featured_media":9392,"template":"","meta":{"_kad_blocks_custom_css":"","_kad_blocks_head_custom_js":"","_kad_blocks_body_custom_js":"","_kad_blocks_footer_custom_js":"","_kad_post_transparent":"","_kad_post_title":"","_kad_post_layout":"","_kad_post_sidebar_id":"","_kad_post_content_style":"","_kad_post_vertical_padding":"","_kad_post_feature":"","_kad_post_feature_position":"","_kad_post_header":false,"_kad_post_footer":false,"_kad_post_classname":""},"product_brand":[],"product_cat":[122],"product_tag":[],"class_list":{"0":"post-9723","1":"product","2":"type-product","3":"status-publish","4":"has-post-thumbnail","6":"product_cat-hvac-de","8":"first","9":"instock","10":"taxable","11":"shipping-taxable","12":"product-type-simple","13":"entry","14":"content-bg","15":"loop-entry"},"yoast_head":"<!-- This site is optimized with the Yoast SEO plugin v27.4 - https:\/\/yoast.com\/product\/yoast-seo-wordpress\/ -->\n<title>U807X AC WASCHKONZENTRAT 5KG - NANOCLEAN<\/title>\n<meta name=\"robots\" content=\"index, follow, max-snippet:-1, max-image-preview:large, max-video-preview:-1\" \/>\n<link rel=\"canonical\" href=\"https:\/\/nanoclean24.com\/de\/produkte\/u807x-ac-waschkonzentrat-5kg\/\" \/>\n<meta property=\"og:locale\" content=\"de_DE\" \/>\n<meta property=\"og:type\" content=\"article\" \/>\n<meta property=\"og:title\" content=\"U807X AC WASCHKONZENTRAT 5KG - NANOCLEAN\" \/>\n<meta property=\"og:description\" content=\"Vorteile SUPER CONCENTRATED FORMULA - Eine wirtschaftliche L\u00f6sung f\u00fcr hohe Leistung bei minimalem Produktverbrauch. \u2705 VIELSEITIGE AUSSEN- UND INNENREINIGUNG - Ideal f\u00fcr eine Vielzahl von Anwendungen, die eine effektive Reinigung erm\u00f6glichen. \u2705 WIRKSAM F\u00dcR KLIMAANLAGEN - Speziell f\u00fcr die Reinigung von L\u00fcftungs- und Klimaanlagen entwickelt. \u2705 KEINE ABF\u00c4LLE ODER R\u00dcCKST\u00c4NDE - Garantiert saubere Oberfl\u00e4chen ohne unerw\u00fcnschte R\u00fcckst\u00e4nde. \u2705 KOMFORTABEL MIT MEHREREN UNTERGR\u00dcNDEN - Sicherer Einsatz auf einer Vielzahl von Materialien ohne Risiko einer Besch\u00e4digung. \u2705 ENTH\u00c4LT KORROSIONSHEMMEN - Sch\u00fctzt Metalloberfl\u00e4chen w\u00e4hrend der Reinigung vor Rost und Korrosion. \u2705 MISCHEN MIT WASSER in einer Konzentration von 1-25% - Flexible Dosierung je nach Grad der Verschmutzung. \u2705 ERFORDERT WASSERSP\u00dcLUNG - F\u00fcr optimale Ergebnisse nach der Anwendung gr\u00fcndlich mit klarem Wasser absp\u00fclen.\" \/>\n<meta property=\"og:url\" content=\"https:\/\/nanoclean24.com\/de\/produkte\/u807x-ac-waschkonzentrat-5kg\/\" \/>\n<meta property=\"og:site_name\" content=\"NANOCLEAN\" \/>\n<meta property=\"article:modified_time\" content=\"2026-02-27T12:17:38+00:00\" \/>\n<meta property=\"og:image\" content=\"https:\/\/nanoclean24.com\/wp-content\/uploads\/2025\/10\/u807x-1.png\" \/>\n\t<meta property=\"og:image:width\" content=\"1010\" \/>\n\t<meta property=\"og:image:height\" content=\"1010\" \/>\n\t<meta property=\"og:image:type\" content=\"image\/png\" \/>\n<meta name=\"twitter:card\" content=\"summary_large_image\" \/>\n<script type=\"application\/ld+json\" class=\"yoast-schema-graph\">{\"@context\":\"https:\\\/\\\/schema.org\",\"@graph\":[{\"@type\":\"WebPage\",\"@id\":\"https:\\\/\\\/nanoclean24.com\\\/de\\\/produkte\\\/u807x-ac-waschkonzentrat-5kg\\\/\",\"url\":\"https:\\\/\\\/nanoclean24.com\\\/de\\\/produkte\\\/u807x-ac-waschkonzentrat-5kg\\\/\",\"name\":\"U807X AC WASCHKONZENTRAT 5KG - NANOCLEAN\",\"isPartOf\":{\"@id\":\"https:\\\/\\\/nanoclean24.com\\\/de\\\/#website\"},\"primaryImageOfPage\":{\"@id\":\"https:\\\/\\\/nanoclean24.com\\\/de\\\/produkte\\\/u807x-ac-waschkonzentrat-5kg\\\/#primaryimage\"},\"image\":{\"@id\":\"https:\\\/\\\/nanoclean24.com\\\/de\\\/produkte\\\/u807x-ac-waschkonzentrat-5kg\\\/#primaryimage\"},\"thumbnailUrl\":\"https:\\\/\\\/nanoclean24.com\\\/wp-content\\\/uploads\\\/2025\\\/10\\\/u807x-1.png\",\"datePublished\":\"2025-10-22T14:39:15+00:00\",\"dateModified\":\"2026-02-27T12:17:38+00:00\",\"breadcrumb\":{\"@id\":\"https:\\\/\\\/nanoclean24.com\\\/de\\\/produkte\\\/u807x-ac-waschkonzentrat-5kg\\\/#breadcrumb\"},\"inLanguage\":\"de\",\"potentialAction\":[{\"@type\":\"ReadAction\",\"target\":[\"https:\\\/\\\/nanoclean24.com\\\/de\\\/produkte\\\/u807x-ac-waschkonzentrat-5kg\\\/\"]}]},{\"@type\":\"ImageObject\",\"inLanguage\":\"de\",\"@id\":\"https:\\\/\\\/nanoclean24.com\\\/de\\\/produkte\\\/u807x-ac-waschkonzentrat-5kg\\\/#primaryimage\",\"url\":\"https:\\\/\\\/nanoclean24.com\\\/wp-content\\\/uploads\\\/2025\\\/10\\\/u807x-1.png\",\"contentUrl\":\"https:\\\/\\\/nanoclean24.com\\\/wp-content\\\/uploads\\\/2025\\\/10\\\/u807x-1.png\",\"width\":1010,\"height\":1010},{\"@type\":\"BreadcrumbList\",\"@id\":\"https:\\\/\\\/nanoclean24.com\\\/de\\\/produkte\\\/u807x-ac-waschkonzentrat-5kg\\\/#breadcrumb\",\"itemListElement\":[{\"@type\":\"ListItem\",\"position\":1,\"name\":\"Strona g\u0142\u00f3wna\",\"item\":\"https:\\\/\\\/nanoclean24.com\\\/de\\\/\"},{\"@type\":\"ListItem\",\"position\":2,\"name\":\"Shop\",\"item\":\"https:\\\/\\\/nanoclean24.com\\\/de\\\/shop\\\/\"},{\"@type\":\"ListItem\",\"position\":3,\"name\":\"U807X AC WASCHKONZENTRAT 5KG\"}]},{\"@type\":\"WebSite\",\"@id\":\"https:\\\/\\\/nanoclean24.com\\\/de\\\/#website\",\"url\":\"https:\\\/\\\/nanoclean24.com\\\/de\\\/\",\"name\":\"NanoClean\",\"description\":\"\",\"publisher\":{\"@id\":\"https:\\\/\\\/nanoclean24.com\\\/de\\\/#organization\"},\"potentialAction\":[{\"@type\":\"SearchAction\",\"target\":{\"@type\":\"EntryPoint\",\"urlTemplate\":\"https:\\\/\\\/nanoclean24.com\\\/de\\\/?s={search_term_string}\"},\"query-input\":{\"@type\":\"PropertyValueSpecification\",\"valueRequired\":true,\"valueName\":\"search_term_string\"}}],\"inLanguage\":\"de\"},{\"@type\":\"Organization\",\"@id\":\"https:\\\/\\\/nanoclean24.com\\\/de\\\/#organization\",\"name\":\"NanoClean\",\"url\":\"https:\\\/\\\/nanoclean24.com\\\/de\\\/\",\"logo\":{\"@type\":\"ImageObject\",\"inLanguage\":\"de\",\"@id\":\"https:\\\/\\\/nanoclean24.com\\\/de\\\/#\\\/schema\\\/logo\\\/image\\\/\",\"url\":\"https:\\\/\\\/nanoclean24.com\\\/wp-content\\\/uploads\\\/2025\\\/07\\\/logo-2.jpg\",\"contentUrl\":\"https:\\\/\\\/nanoclean24.com\\\/wp-content\\\/uploads\\\/2025\\\/07\\\/logo-2.jpg\",\"width\":1068,\"height\":224,\"caption\":\"NanoClean\"},\"image\":{\"@id\":\"https:\\\/\\\/nanoclean24.com\\\/de\\\/#\\\/schema\\\/logo\\\/image\\\/\"}}]}<\/script>\n<!-- \/ Yoast SEO plugin. -->","yoast_head_json":{"title":"U807X AC WASCHKONZENTRAT 5KG - NANOCLEAN","robots":{"index":"index","follow":"follow","max-snippet":"max-snippet:-1","max-image-preview":"max-image-preview:large","max-video-preview":"max-video-preview:-1"},"canonical":"https:\/\/nanoclean24.com\/de\/produkte\/u807x-ac-waschkonzentrat-5kg\/","og_locale":"de_DE","og_type":"article","og_title":"U807X AC WASCHKONZENTRAT 5KG - NANOCLEAN","og_description":"Vorteile SUPER CONCENTRATED FORMULA - Eine wirtschaftliche L\u00f6sung f\u00fcr hohe Leistung bei minimalem Produktverbrauch. \u2705 VIELSEITIGE AUSSEN- UND INNENREINIGUNG - Ideal f\u00fcr eine Vielzahl von Anwendungen, die eine effektive Reinigung erm\u00f6glichen. \u2705 WIRKSAM F\u00dcR KLIMAANLAGEN - Speziell f\u00fcr die Reinigung von L\u00fcftungs- und Klimaanlagen entwickelt. \u2705 KEINE ABF\u00c4LLE ODER R\u00dcCKST\u00c4NDE - Garantiert saubere Oberfl\u00e4chen ohne unerw\u00fcnschte R\u00fcckst\u00e4nde. \u2705 KOMFORTABEL MIT MEHREREN UNTERGR\u00dcNDEN - Sicherer Einsatz auf einer Vielzahl von Materialien ohne Risiko einer Besch\u00e4digung. \u2705 ENTH\u00c4LT KORROSIONSHEMMEN - Sch\u00fctzt Metalloberfl\u00e4chen w\u00e4hrend der Reinigung vor Rost und Korrosion. \u2705 MISCHEN MIT WASSER in einer Konzentration von 1-25% - Flexible Dosierung je nach Grad der Verschmutzung. \u2705 ERFORDERT WASSERSP\u00dcLUNG - F\u00fcr optimale Ergebnisse nach der Anwendung gr\u00fcndlich mit klarem Wasser absp\u00fclen.","og_url":"https:\/\/nanoclean24.com\/de\/produkte\/u807x-ac-waschkonzentrat-5kg\/","og_site_name":"NANOCLEAN","article_modified_time":"2026-02-27T12:17:38+00:00","og_image":[{"width":1010,"height":1010,"url":"https:\/\/nanoclean24.com\/wp-content\/uploads\/2025\/10\/u807x-1.png","type":"image\/png"}],"twitter_card":"summary_large_image","schema":{"@context":"https:\/\/schema.org","@graph":[{"@type":"WebPage","@id":"https:\/\/nanoclean24.com\/de\/produkte\/u807x-ac-waschkonzentrat-5kg\/","url":"https:\/\/nanoclean24.com\/de\/produkte\/u807x-ac-waschkonzentrat-5kg\/","name":"U807X AC WASCHKONZENTRAT 5KG - NANOCLEAN","isPartOf":{"@id":"https:\/\/nanoclean24.com\/de\/#website"},"primaryImageOfPage":{"@id":"https:\/\/nanoclean24.com\/de\/produkte\/u807x-ac-waschkonzentrat-5kg\/#primaryimage"},"image":{"@id":"https:\/\/nanoclean24.com\/de\/produkte\/u807x-ac-waschkonzentrat-5kg\/#primaryimage"},"thumbnailUrl":"https:\/\/nanoclean24.com\/wp-content\/uploads\/2025\/10\/u807x-1.png","datePublished":"2025-10-22T14:39:15+00:00","dateModified":"2026-02-27T12:17:38+00:00","breadcrumb":{"@id":"https:\/\/nanoclean24.com\/de\/produkte\/u807x-ac-waschkonzentrat-5kg\/#breadcrumb"},"inLanguage":"de","potentialAction":[{"@type":"ReadAction","target":["https:\/\/nanoclean24.com\/de\/produkte\/u807x-ac-waschkonzentrat-5kg\/"]}]},{"@type":"ImageObject","inLanguage":"de","@id":"https:\/\/nanoclean24.com\/de\/produkte\/u807x-ac-waschkonzentrat-5kg\/#primaryimage","url":"https:\/\/nanoclean24.com\/wp-content\/uploads\/2025\/10\/u807x-1.png","contentUrl":"https:\/\/nanoclean24.com\/wp-content\/uploads\/2025\/10\/u807x-1.png","width":1010,"height":1010},{"@type":"BreadcrumbList","@id":"https:\/\/nanoclean24.com\/de\/produkte\/u807x-ac-waschkonzentrat-5kg\/#breadcrumb","itemListElement":[{"@type":"ListItem","position":1,"name":"Strona g\u0142\u00f3wna","item":"https:\/\/nanoclean24.com\/de\/"},{"@type":"ListItem","position":2,"name":"Shop","item":"https:\/\/nanoclean24.com\/de\/shop\/"},{"@type":"ListItem","position":3,"name":"U807X AC WASCHKONZENTRAT 5KG"}]},{"@type":"WebSite","@id":"https:\/\/nanoclean24.com\/de\/#website","url":"https:\/\/nanoclean24.com\/de\/","name":"NanoClean","description":"","publisher":{"@id":"https:\/\/nanoclean24.com\/de\/#organization"},"potentialAction":[{"@type":"SearchAction","target":{"@type":"EntryPoint","urlTemplate":"https:\/\/nanoclean24.com\/de\/?s={search_term_string}"},"query-input":{"@type":"PropertyValueSpecification","valueRequired":true,"valueName":"search_term_string"}}],"inLanguage":"de"},{"@type":"Organization","@id":"https:\/\/nanoclean24.com\/de\/#organization","name":"NanoClean","url":"https:\/\/nanoclean24.com\/de\/","logo":{"@type":"ImageObject","inLanguage":"de","@id":"https:\/\/nanoclean24.com\/de\/#\/schema\/logo\/image\/","url":"https:\/\/nanoclean24.com\/wp-content\/uploads\/2025\/07\/logo-2.jpg","contentUrl":"https:\/\/nanoclean24.com\/wp-content\/uploads\/2025\/07\/logo-2.jpg","width":1068,"height":224,"caption":"NanoClean"},"image":{"@id":"https:\/\/nanoclean24.com\/de\/#\/schema\/logo\/image\/"}}]}},"taxonomy_info":{"product_cat":[{"value":122,"label":"HVAC PRO"}]},"featured_image_src_large":["https:\/\/nanoclean24.com\/wp-content\/uploads\/2025\/10\/u807x-1.png",1010,1010,false],"author_info":[],"comment_info":"","_links":{"self":[{"href":"https:\/\/nanoclean24.com\/de\/wp-json\/wp\/v2\/product\/9723","targetHints":{"allow":["GET"]}}],"collection":[{"href":"https:\/\/nanoclean24.com\/de\/wp-json\/wp\/v2\/product"}],"about":[{"href":"https:\/\/nanoclean24.com\/de\/wp-json\/wp\/v2\/types\/product"}],"wp:featuredmedia":[{"embeddable":true,"href":"https:\/\/nanoclean24.com\/de\/wp-json\/wp\/v2\/media\/9392"}],"wp:attachment":[{"href":"https:\/\/nanoclean24.com\/de\/wp-json\/wp\/v2\/media?parent=9723"}],"wp:term":[{"taxonomy":"product_brand","embeddable":true,"href":"https:\/\/nanoclean24.com\/de\/wp-json\/wp\/v2\/product_brand?post=9723"},{"taxonomy":"product_cat","embeddable":true,"href":"https:\/\/nanoclean24.com\/de\/wp-json\/wp\/v2\/product_cat?post=9723"},{"taxonomy":"product_tag","embeddable":true,"href":"https:\/\/nanoclean24.com\/de\/wp-json\/wp\/v2\/product_tag?post=9723"}],"curies":[{"name":"wp","href":"https:\/\/api.w.org\/{rel}","templated":true}]}}