{"id":9190,"date":"2025-10-17T20:43:03","date_gmt":"2025-10-17T18:43:03","guid":{"rendered":"https:\/\/nanoclean24.com\/produkt\/nanoclean-home-h40-toilet-power-gel\/"},"modified":"2025-11-02T15:31:37","modified_gmt":"2025-11-02T14:31:37","slug":"nanoclean-home-h40-toilet-power-gel","status":"publish","type":"product","link":"https:\/\/nanoclean24.com\/de\/produkte\/nanoclean-home-h40-toilet-power-gel\/","title":{"rendered":"NANOCLEAN HOME H40 TOILET POWER GEL"},"content":{"rendered":"\n<p>NANOCLEAN TOILET POWER GEL ist ein \u00e4u\u00dferst wirksames Kalk- und Rostentfernungsgel, das dank seiner dichten Formel an der Oberfl\u00e4che der Toilettensch\u00fcssel haftet und so eine maximale Reinigungswirkung erzielt. Es beseitigt effektiv Kalkablagerungen, Rostflecken und Urinstein und hinterl\u00e4sst die Toilette sauber, hygienisch und frisch. <\/p>\n","protected":false},"excerpt":{"rendered":"<h3>Vorteile<\/h3>\n<p class=\"whitespace-normal break-words\">\u2705 <strong>Haftet dort, wo es gebraucht wird<\/strong> &#8211; Die dicke Gelformel haftet perfekt an vertikalen Oberfl\u00e4chen und wirkt genau dort, wo der Schmutz ist.<\/p>\n<p class=\"whitespace-normal break-words\">\u2705 <strong>L\u00f6st die hartn\u00e4ckigsten Ablagerungen<\/strong> &#8211; Entfernt wirksam hartn\u00e4ckige Wasserablagerungen, Rost und Urinstein und beseitigt selbst den \u00e4ltesten Schmutz.<\/p>\n<p class=\"whitespace-normal break-words\"><strong>\u2705 Erneuert und erfrischt<\/strong> &#8211; Stellt die kristalline Sauberkeit und lang anhaltende Frische der Toilette wieder her und l\u00e4sst sie wie neu aussehen.<\/p>\n<p class=\"whitespace-normal break-words\"><strong>\u2705 Von zu Hause bis zu \u00f6ffentlichen R\u00e4umen<\/strong> &#8211; Perfekt f\u00fcr Haus-, Hotel- und \u00f6ffentliche Toiletten, die \u00fcberall die h\u00f6chsten Hygienestandards erf\u00fcllen.<\/p>\n","protected":false},"featured_media":10225,"template":"","meta":{"_kad_blocks_custom_css":"","_kad_blocks_head_custom_js":"","_kad_blocks_body_custom_js":"","_kad_blocks_footer_custom_js":"","_kad_post_transparent":"","_kad_post_title":"","_kad_post_layout":"","_kad_post_sidebar_id":"","_kad_post_content_style":"","_kad_post_vertical_padding":"","_kad_post_feature":"","_kad_post_feature_position":"","_kad_post_header":false,"_kad_post_footer":false,"_kad_post_classname":""},"product_brand":[],"product_cat":[172],"product_tag":[],"class_list":{"0":"post-9190","1":"product","2":"type-product","3":"status-publish","4":"has-post-thumbnail","6":"product_cat-home","8":"first","9":"outofstock","10":"taxable","11":"shipping-taxable","12":"product-type-simple","13":"entry","14":"content-bg","15":"loop-entry"},"yoast_head":"<!-- This site is optimized with the Yoast SEO plugin v27.4 - https:\/\/yoast.com\/product\/yoast-seo-wordpress\/ -->\n<title>NANOCLEAN HOME H40 TOILET POWER GEL - NANOCLEAN<\/title>\n<meta name=\"robots\" content=\"index, follow, max-snippet:-1, max-image-preview:large, max-video-preview:-1\" \/>\n<link rel=\"canonical\" href=\"https:\/\/nanoclean24.com\/de\/produkte\/nanoclean-home-h40-toilet-power-gel\/\" \/>\n<meta property=\"og:locale\" content=\"de_DE\" \/>\n<meta property=\"og:type\" content=\"article\" \/>\n<meta property=\"og:title\" content=\"NANOCLEAN HOME H40 TOILET POWER GEL - NANOCLEAN\" \/>\n<meta property=\"og:description\" content=\"Vorteile \u2705 Haftet dort, wo es gebraucht wird - Die dicke Gelformel haftet perfekt an vertikalen Oberfl\u00e4chen und wirkt genau dort, wo der Schmutz ist. \u2705 L\u00f6st die hartn\u00e4ckigsten Ablagerungen - Entfernt wirksam hartn\u00e4ckige Wasserablagerungen, Rost und Urinstein und beseitigt selbst den \u00e4ltesten Schmutz. \u2705 Erneuert und erfrischt - Stellt die kristalline Sauberkeit und lang anhaltende Frische der Toilette wieder her und l\u00e4sst sie wie neu aussehen. \u2705 Von zu Hause bis zu \u00f6ffentlichen R\u00e4umen - Perfekt f\u00fcr Haus-, Hotel- und \u00f6ffentliche Toiletten, die \u00fcberall die h\u00f6chsten Hygienestandards erf\u00fcllen.\" \/>\n<meta property=\"og:url\" content=\"https:\/\/nanoclean24.com\/de\/produkte\/nanoclean-home-h40-toilet-power-gel\/\" \/>\n<meta property=\"og:site_name\" content=\"NANOCLEAN\" \/>\n<meta property=\"article:modified_time\" content=\"2025-11-02T14:31:37+00:00\" \/>\n<meta property=\"og:image\" content=\"https:\/\/nanoclean24.com\/wp-content\/uploads\/2025\/10\/h40-1.png\" \/>\n\t<meta property=\"og:image:width\" content=\"1010\" \/>\n\t<meta property=\"og:image:height\" content=\"1010\" \/>\n\t<meta property=\"og:image:type\" content=\"image\/png\" \/>\n<meta name=\"twitter:card\" content=\"summary_large_image\" \/>\n<script type=\"application\/ld+json\" class=\"yoast-schema-graph\">{\"@context\":\"https:\\\/\\\/schema.org\",\"@graph\":[{\"@type\":\"WebPage\",\"@id\":\"https:\\\/\\\/nanoclean24.com\\\/de\\\/produkte\\\/nanoclean-home-h40-toilet-power-gel\\\/\",\"url\":\"https:\\\/\\\/nanoclean24.com\\\/de\\\/produkte\\\/nanoclean-home-h40-toilet-power-gel\\\/\",\"name\":\"NANOCLEAN HOME H40 TOILET POWER GEL - NANOCLEAN\",\"isPartOf\":{\"@id\":\"https:\\\/\\\/nanoclean24.com\\\/de\\\/#website\"},\"primaryImageOfPage\":{\"@id\":\"https:\\\/\\\/nanoclean24.com\\\/de\\\/produkte\\\/nanoclean-home-h40-toilet-power-gel\\\/#primaryimage\"},\"image\":{\"@id\":\"https:\\\/\\\/nanoclean24.com\\\/de\\\/produkte\\\/nanoclean-home-h40-toilet-power-gel\\\/#primaryimage\"},\"thumbnailUrl\":\"https:\\\/\\\/nanoclean24.com\\\/wp-content\\\/uploads\\\/2025\\\/10\\\/h40-1.png\",\"datePublished\":\"2025-10-17T18:43:03+00:00\",\"dateModified\":\"2025-11-02T14:31:37+00:00\",\"breadcrumb\":{\"@id\":\"https:\\\/\\\/nanoclean24.com\\\/de\\\/produkte\\\/nanoclean-home-h40-toilet-power-gel\\\/#breadcrumb\"},\"inLanguage\":\"de\",\"potentialAction\":[{\"@type\":\"ReadAction\",\"target\":[\"https:\\\/\\\/nanoclean24.com\\\/de\\\/produkte\\\/nanoclean-home-h40-toilet-power-gel\\\/\"]}]},{\"@type\":\"ImageObject\",\"inLanguage\":\"de\",\"@id\":\"https:\\\/\\\/nanoclean24.com\\\/de\\\/produkte\\\/nanoclean-home-h40-toilet-power-gel\\\/#primaryimage\",\"url\":\"https:\\\/\\\/nanoclean24.com\\\/wp-content\\\/uploads\\\/2025\\\/10\\\/h40-1.png\",\"contentUrl\":\"https:\\\/\\\/nanoclean24.com\\\/wp-content\\\/uploads\\\/2025\\\/10\\\/h40-1.png\",\"width\":1010,\"height\":1010},{\"@type\":\"BreadcrumbList\",\"@id\":\"https:\\\/\\\/nanoclean24.com\\\/de\\\/produkte\\\/nanoclean-home-h40-toilet-power-gel\\\/#breadcrumb\",\"itemListElement\":[{\"@type\":\"ListItem\",\"position\":1,\"name\":\"Strona g\u0142\u00f3wna\",\"item\":\"https:\\\/\\\/nanoclean24.com\\\/de\\\/\"},{\"@type\":\"ListItem\",\"position\":2,\"name\":\"Shop\",\"item\":\"https:\\\/\\\/nanoclean24.com\\\/de\\\/shop\\\/\"},{\"@type\":\"ListItem\",\"position\":3,\"name\":\"NANOCLEAN HOME H40 TOILET POWER GEL\"}]},{\"@type\":\"WebSite\",\"@id\":\"https:\\\/\\\/nanoclean24.com\\\/de\\\/#website\",\"url\":\"https:\\\/\\\/nanoclean24.com\\\/de\\\/\",\"name\":\"NanoClean\",\"description\":\"\",\"publisher\":{\"@id\":\"https:\\\/\\\/nanoclean24.com\\\/de\\\/#organization\"},\"potentialAction\":[{\"@type\":\"SearchAction\",\"target\":{\"@type\":\"EntryPoint\",\"urlTemplate\":\"https:\\\/\\\/nanoclean24.com\\\/de\\\/?s={search_term_string}\"},\"query-input\":{\"@type\":\"PropertyValueSpecification\",\"valueRequired\":true,\"valueName\":\"search_term_string\"}}],\"inLanguage\":\"de\"},{\"@type\":\"Organization\",\"@id\":\"https:\\\/\\\/nanoclean24.com\\\/de\\\/#organization\",\"name\":\"NanoClean\",\"url\":\"https:\\\/\\\/nanoclean24.com\\\/de\\\/\",\"logo\":{\"@type\":\"ImageObject\",\"inLanguage\":\"de\",\"@id\":\"https:\\\/\\\/nanoclean24.com\\\/de\\\/#\\\/schema\\\/logo\\\/image\\\/\",\"url\":\"https:\\\/\\\/nanoclean24.com\\\/wp-content\\\/uploads\\\/2025\\\/07\\\/logo-2.jpg\",\"contentUrl\":\"https:\\\/\\\/nanoclean24.com\\\/wp-content\\\/uploads\\\/2025\\\/07\\\/logo-2.jpg\",\"width\":1068,\"height\":224,\"caption\":\"NanoClean\"},\"image\":{\"@id\":\"https:\\\/\\\/nanoclean24.com\\\/de\\\/#\\\/schema\\\/logo\\\/image\\\/\"}}]}<\/script>\n<!-- \/ Yoast SEO plugin. -->","yoast_head_json":{"title":"NANOCLEAN HOME H40 TOILET POWER GEL - NANOCLEAN","robots":{"index":"index","follow":"follow","max-snippet":"max-snippet:-1","max-image-preview":"max-image-preview:large","max-video-preview":"max-video-preview:-1"},"canonical":"https:\/\/nanoclean24.com\/de\/produkte\/nanoclean-home-h40-toilet-power-gel\/","og_locale":"de_DE","og_type":"article","og_title":"NANOCLEAN HOME H40 TOILET POWER GEL - NANOCLEAN","og_description":"Vorteile \u2705 Haftet dort, wo es gebraucht wird - Die dicke Gelformel haftet perfekt an vertikalen Oberfl\u00e4chen und wirkt genau dort, wo der Schmutz ist. \u2705 L\u00f6st die hartn\u00e4ckigsten Ablagerungen - Entfernt wirksam hartn\u00e4ckige Wasserablagerungen, Rost und Urinstein und beseitigt selbst den \u00e4ltesten Schmutz. \u2705 Erneuert und erfrischt - Stellt die kristalline Sauberkeit und lang anhaltende Frische der Toilette wieder her und l\u00e4sst sie wie neu aussehen. \u2705 Von zu Hause bis zu \u00f6ffentlichen R\u00e4umen - Perfekt f\u00fcr Haus-, Hotel- und \u00f6ffentliche Toiletten, die \u00fcberall die h\u00f6chsten Hygienestandards erf\u00fcllen.","og_url":"https:\/\/nanoclean24.com\/de\/produkte\/nanoclean-home-h40-toilet-power-gel\/","og_site_name":"NANOCLEAN","article_modified_time":"2025-11-02T14:31:37+00:00","og_image":[{"width":1010,"height":1010,"url":"https:\/\/nanoclean24.com\/wp-content\/uploads\/2025\/10\/h40-1.png","type":"image\/png"}],"twitter_card":"summary_large_image","schema":{"@context":"https:\/\/schema.org","@graph":[{"@type":"WebPage","@id":"https:\/\/nanoclean24.com\/de\/produkte\/nanoclean-home-h40-toilet-power-gel\/","url":"https:\/\/nanoclean24.com\/de\/produkte\/nanoclean-home-h40-toilet-power-gel\/","name":"NANOCLEAN HOME H40 TOILET POWER GEL - NANOCLEAN","isPartOf":{"@id":"https:\/\/nanoclean24.com\/de\/#website"},"primaryImageOfPage":{"@id":"https:\/\/nanoclean24.com\/de\/produkte\/nanoclean-home-h40-toilet-power-gel\/#primaryimage"},"image":{"@id":"https:\/\/nanoclean24.com\/de\/produkte\/nanoclean-home-h40-toilet-power-gel\/#primaryimage"},"thumbnailUrl":"https:\/\/nanoclean24.com\/wp-content\/uploads\/2025\/10\/h40-1.png","datePublished":"2025-10-17T18:43:03+00:00","dateModified":"2025-11-02T14:31:37+00:00","breadcrumb":{"@id":"https:\/\/nanoclean24.com\/de\/produkte\/nanoclean-home-h40-toilet-power-gel\/#breadcrumb"},"inLanguage":"de","potentialAction":[{"@type":"ReadAction","target":["https:\/\/nanoclean24.com\/de\/produkte\/nanoclean-home-h40-toilet-power-gel\/"]}]},{"@type":"ImageObject","inLanguage":"de","@id":"https:\/\/nanoclean24.com\/de\/produkte\/nanoclean-home-h40-toilet-power-gel\/#primaryimage","url":"https:\/\/nanoclean24.com\/wp-content\/uploads\/2025\/10\/h40-1.png","contentUrl":"https:\/\/nanoclean24.com\/wp-content\/uploads\/2025\/10\/h40-1.png","width":1010,"height":1010},{"@type":"BreadcrumbList","@id":"https:\/\/nanoclean24.com\/de\/produkte\/nanoclean-home-h40-toilet-power-gel\/#breadcrumb","itemListElement":[{"@type":"ListItem","position":1,"name":"Strona g\u0142\u00f3wna","item":"https:\/\/nanoclean24.com\/de\/"},{"@type":"ListItem","position":2,"name":"Shop","item":"https:\/\/nanoclean24.com\/de\/shop\/"},{"@type":"ListItem","position":3,"name":"NANOCLEAN HOME H40 TOILET POWER GEL"}]},{"@type":"WebSite","@id":"https:\/\/nanoclean24.com\/de\/#website","url":"https:\/\/nanoclean24.com\/de\/","name":"NanoClean","description":"","publisher":{"@id":"https:\/\/nanoclean24.com\/de\/#organization"},"potentialAction":[{"@type":"SearchAction","target":{"@type":"EntryPoint","urlTemplate":"https:\/\/nanoclean24.com\/de\/?s={search_term_string}"},"query-input":{"@type":"PropertyValueSpecification","valueRequired":true,"valueName":"search_term_string"}}],"inLanguage":"de"},{"@type":"Organization","@id":"https:\/\/nanoclean24.com\/de\/#organization","name":"NanoClean","url":"https:\/\/nanoclean24.com\/de\/","logo":{"@type":"ImageObject","inLanguage":"de","@id":"https:\/\/nanoclean24.com\/de\/#\/schema\/logo\/image\/","url":"https:\/\/nanoclean24.com\/wp-content\/uploads\/2025\/07\/logo-2.jpg","contentUrl":"https:\/\/nanoclean24.com\/wp-content\/uploads\/2025\/07\/logo-2.jpg","width":1068,"height":224,"caption":"NanoClean"},"image":{"@id":"https:\/\/nanoclean24.com\/de\/#\/schema\/logo\/image\/"}}]}},"taxonomy_info":{"product_cat":[{"value":172,"label":"HOME"}]},"featured_image_src_large":["https:\/\/nanoclean24.com\/wp-content\/uploads\/2025\/10\/h40-1.png",1010,1010,false],"author_info":[],"comment_info":"","_links":{"self":[{"href":"https:\/\/nanoclean24.com\/de\/wp-json\/wp\/v2\/product\/9190","targetHints":{"allow":["GET"]}}],"collection":[{"href":"https:\/\/nanoclean24.com\/de\/wp-json\/wp\/v2\/product"}],"about":[{"href":"https:\/\/nanoclean24.com\/de\/wp-json\/wp\/v2\/types\/product"}],"wp:featuredmedia":[{"embeddable":true,"href":"https:\/\/nanoclean24.com\/de\/wp-json\/wp\/v2\/media\/10225"}],"wp:attachment":[{"href":"https:\/\/nanoclean24.com\/de\/wp-json\/wp\/v2\/media?parent=9190"}],"wp:term":[{"taxonomy":"product_brand","embeddable":true,"href":"https:\/\/nanoclean24.com\/de\/wp-json\/wp\/v2\/product_brand?post=9190"},{"taxonomy":"product_cat","embeddable":true,"href":"https:\/\/nanoclean24.com\/de\/wp-json\/wp\/v2\/product_cat?post=9190"},{"taxonomy":"product_tag","embeddable":true,"href":"https:\/\/nanoclean24.com\/de\/wp-json\/wp\/v2\/product_tag?post=9190"}],"curies":[{"name":"wp","href":"https:\/\/api.w.org\/{rel}","templated":true}]}}