{"id":9166,"date":"2025-10-17T20:53:42","date_gmt":"2025-10-17T18:53:42","guid":{"rendered":"https:\/\/nanoclean24.com\/produkt\/nanoclean-home-h48-rohrkraft\/"},"modified":"2025-11-02T15:41:38","modified_gmt":"2025-11-02T14:41:38","slug":"nanoclean-home-h48-rohrkraft","status":"publish","type":"product","link":"https:\/\/nanoclean24.com\/de\/produkte\/nanoclean-home-h48-rohrkraft\/","title":{"rendered":"NANOCLEAN HOME H48 ROHRKRAFT"},"content":{"rendered":"\n<p>NANOCLEAN PIPE POWER ist ein leistungsstarker, hochalkalischer Rohrreiniger, der Verstopfungen, Fett, Haare und organische Ablagerungen in Rohren, Siphons und Toilettenabfl\u00fcssen aufl\u00f6st. Ideal f\u00fcr die Beseitigung von Verstopfungen im Notfall und die regelm\u00e4\u00dfige Wartung von Abfl\u00fcssen in K\u00fcche, Bad und Toilette. <\/p>\n\n<p><\/p>\n","protected":false},"excerpt":{"rendered":"<h3>Vorteile<\/h3>\n<p class=\"whitespace-normal break-words\">\u2705 S <strong>tarke L\u00f6sungskraft<\/strong> &#8211; L\u00f6st effektiv die schwierigsten Verstopfungen: Fett, Haare, Speisereste und andere organische Verunreinigungen.<\/p>\n<p class=\"whitespace-normal break-words\">\u2705 S <strong>tellt den freien Durchfluss wieder her<\/strong> &#8211; Befreit Waschbecken, Duschabfl\u00fcsse und Toiletten von Verstopfungen und macht sie wieder voll funktionsf\u00e4hig und durchl\u00e4ssig.<\/p>\n<p class=\"whitespace-normal break-words\">\u2705 <strong>Verhindert Probleme<\/strong> &#8211; Ideal f\u00fcr die regelm\u00e4\u00dfige, vorbeugende Wartung von Anlagen, um die Bildung neuer Verstopfungen zu verhindern.<\/p>\n<p class=\"whitespace-normal break-words\">\u2705 <strong>Verbesserte Wirkung mit hei\u00dfem Wasser<\/strong> &#8211; Wirkt synergetisch mit kochendem Wasser f\u00fcr eine tiefere und effektivere Rohrreinigung.<\/p>\n<p class=\"whitespace-normal break-words\">\u2705 <strong>Sicher f\u00fcr verschiedene Materialien<\/strong> &#8211; Geeignet f\u00fcr die Verwendung in PVC-, Keramik- und Metallrohren (es wird empfohlen, die Kompatibilit\u00e4t vor der Verwendung zu pr\u00fcfen).<\/p>\n","protected":false},"featured_media":10237,"template":"","meta":{"_kad_blocks_custom_css":"","_kad_blocks_head_custom_js":"","_kad_blocks_body_custom_js":"","_kad_blocks_footer_custom_js":"","_kad_post_transparent":"","_kad_post_title":"","_kad_post_layout":"","_kad_post_sidebar_id":"","_kad_post_content_style":"","_kad_post_vertical_padding":"","_kad_post_feature":"","_kad_post_feature_position":"","_kad_post_header":false,"_kad_post_footer":false,"_kad_post_classname":""},"product_brand":[],"product_cat":[172],"product_tag":[],"class_list":{"0":"post-9166","1":"product","2":"type-product","3":"status-publish","4":"has-post-thumbnail","6":"product_cat-home","8":"first","9":"outofstock","10":"taxable","11":"shipping-taxable","12":"product-type-simple","13":"entry","14":"content-bg","15":"loop-entry"},"yoast_head":"<!-- This site is optimized with the Yoast SEO plugin v27.4 - https:\/\/yoast.com\/product\/yoast-seo-wordpress\/ -->\n<title>NANOCLEAN HOME H48 ROHRKRAFT - NANOCLEAN<\/title>\n<meta name=\"robots\" content=\"index, follow, max-snippet:-1, max-image-preview:large, max-video-preview:-1\" \/>\n<link rel=\"canonical\" href=\"https:\/\/nanoclean24.com\/de\/produkte\/nanoclean-home-h48-rohrkraft\/\" \/>\n<meta property=\"og:locale\" content=\"de_DE\" \/>\n<meta property=\"og:type\" content=\"article\" \/>\n<meta property=\"og:title\" content=\"NANOCLEAN HOME H48 ROHRKRAFT - NANOCLEAN\" \/>\n<meta property=\"og:description\" content=\"Vorteile \u2705 S tarke L\u00f6sungskraft - L\u00f6st effektiv die schwierigsten Verstopfungen: Fett, Haare, Speisereste und andere organische Verunreinigungen. \u2705 S tellt den freien Durchfluss wieder her - Befreit Waschbecken, Duschabfl\u00fcsse und Toiletten von Verstopfungen und macht sie wieder voll funktionsf\u00e4hig und durchl\u00e4ssig. \u2705 Verhindert Probleme - Ideal f\u00fcr die regelm\u00e4\u00dfige, vorbeugende Wartung von Anlagen, um die Bildung neuer Verstopfungen zu verhindern. \u2705 Verbesserte Wirkung mit hei\u00dfem Wasser - Wirkt synergetisch mit kochendem Wasser f\u00fcr eine tiefere und effektivere Rohrreinigung. \u2705 Sicher f\u00fcr verschiedene Materialien - Geeignet f\u00fcr die Verwendung in PVC-, Keramik- und Metallrohren (es wird empfohlen, die Kompatibilit\u00e4t vor der Verwendung zu pr\u00fcfen).\" \/>\n<meta property=\"og:url\" content=\"https:\/\/nanoclean24.com\/de\/produkte\/nanoclean-home-h48-rohrkraft\/\" \/>\n<meta property=\"og:site_name\" content=\"NANOCLEAN\" \/>\n<meta property=\"article:modified_time\" content=\"2025-11-02T14:41:38+00:00\" \/>\n<meta property=\"og:image\" content=\"https:\/\/nanoclean24.com\/wp-content\/uploads\/2025\/10\/h48-1.png\" \/>\n\t<meta property=\"og:image:width\" content=\"1010\" \/>\n\t<meta property=\"og:image:height\" content=\"1010\" \/>\n\t<meta property=\"og:image:type\" content=\"image\/png\" \/>\n<meta name=\"twitter:card\" content=\"summary_large_image\" \/>\n<script type=\"application\/ld+json\" class=\"yoast-schema-graph\">{\"@context\":\"https:\\\/\\\/schema.org\",\"@graph\":[{\"@type\":\"WebPage\",\"@id\":\"https:\\\/\\\/nanoclean24.com\\\/de\\\/produkte\\\/nanoclean-home-h48-rohrkraft\\\/\",\"url\":\"https:\\\/\\\/nanoclean24.com\\\/de\\\/produkte\\\/nanoclean-home-h48-rohrkraft\\\/\",\"name\":\"NANOCLEAN HOME H48 ROHRKRAFT - NANOCLEAN\",\"isPartOf\":{\"@id\":\"https:\\\/\\\/nanoclean24.com\\\/de\\\/#website\"},\"primaryImageOfPage\":{\"@id\":\"https:\\\/\\\/nanoclean24.com\\\/de\\\/produkte\\\/nanoclean-home-h48-rohrkraft\\\/#primaryimage\"},\"image\":{\"@id\":\"https:\\\/\\\/nanoclean24.com\\\/de\\\/produkte\\\/nanoclean-home-h48-rohrkraft\\\/#primaryimage\"},\"thumbnailUrl\":\"https:\\\/\\\/nanoclean24.com\\\/wp-content\\\/uploads\\\/2025\\\/10\\\/h48-1.png\",\"datePublished\":\"2025-10-17T18:53:42+00:00\",\"dateModified\":\"2025-11-02T14:41:38+00:00\",\"breadcrumb\":{\"@id\":\"https:\\\/\\\/nanoclean24.com\\\/de\\\/produkte\\\/nanoclean-home-h48-rohrkraft\\\/#breadcrumb\"},\"inLanguage\":\"de\",\"potentialAction\":[{\"@type\":\"ReadAction\",\"target\":[\"https:\\\/\\\/nanoclean24.com\\\/de\\\/produkte\\\/nanoclean-home-h48-rohrkraft\\\/\"]}]},{\"@type\":\"ImageObject\",\"inLanguage\":\"de\",\"@id\":\"https:\\\/\\\/nanoclean24.com\\\/de\\\/produkte\\\/nanoclean-home-h48-rohrkraft\\\/#primaryimage\",\"url\":\"https:\\\/\\\/nanoclean24.com\\\/wp-content\\\/uploads\\\/2025\\\/10\\\/h48-1.png\",\"contentUrl\":\"https:\\\/\\\/nanoclean24.com\\\/wp-content\\\/uploads\\\/2025\\\/10\\\/h48-1.png\",\"width\":1010,\"height\":1010},{\"@type\":\"BreadcrumbList\",\"@id\":\"https:\\\/\\\/nanoclean24.com\\\/de\\\/produkte\\\/nanoclean-home-h48-rohrkraft\\\/#breadcrumb\",\"itemListElement\":[{\"@type\":\"ListItem\",\"position\":1,\"name\":\"Strona g\u0142\u00f3wna\",\"item\":\"https:\\\/\\\/nanoclean24.com\\\/de\\\/\"},{\"@type\":\"ListItem\",\"position\":2,\"name\":\"Shop\",\"item\":\"https:\\\/\\\/nanoclean24.com\\\/de\\\/shop\\\/\"},{\"@type\":\"ListItem\",\"position\":3,\"name\":\"NANOCLEAN HOME H48 ROHRKRAFT\"}]},{\"@type\":\"WebSite\",\"@id\":\"https:\\\/\\\/nanoclean24.com\\\/de\\\/#website\",\"url\":\"https:\\\/\\\/nanoclean24.com\\\/de\\\/\",\"name\":\"NanoClean\",\"description\":\"\",\"publisher\":{\"@id\":\"https:\\\/\\\/nanoclean24.com\\\/de\\\/#organization\"},\"potentialAction\":[{\"@type\":\"SearchAction\",\"target\":{\"@type\":\"EntryPoint\",\"urlTemplate\":\"https:\\\/\\\/nanoclean24.com\\\/de\\\/?s={search_term_string}\"},\"query-input\":{\"@type\":\"PropertyValueSpecification\",\"valueRequired\":true,\"valueName\":\"search_term_string\"}}],\"inLanguage\":\"de\"},{\"@type\":\"Organization\",\"@id\":\"https:\\\/\\\/nanoclean24.com\\\/de\\\/#organization\",\"name\":\"NanoClean\",\"url\":\"https:\\\/\\\/nanoclean24.com\\\/de\\\/\",\"logo\":{\"@type\":\"ImageObject\",\"inLanguage\":\"de\",\"@id\":\"https:\\\/\\\/nanoclean24.com\\\/de\\\/#\\\/schema\\\/logo\\\/image\\\/\",\"url\":\"https:\\\/\\\/nanoclean24.com\\\/wp-content\\\/uploads\\\/2025\\\/07\\\/logo-2.jpg\",\"contentUrl\":\"https:\\\/\\\/nanoclean24.com\\\/wp-content\\\/uploads\\\/2025\\\/07\\\/logo-2.jpg\",\"width\":1068,\"height\":224,\"caption\":\"NanoClean\"},\"image\":{\"@id\":\"https:\\\/\\\/nanoclean24.com\\\/de\\\/#\\\/schema\\\/logo\\\/image\\\/\"}}]}<\/script>\n<!-- \/ Yoast SEO plugin. -->","yoast_head_json":{"title":"NANOCLEAN HOME H48 ROHRKRAFT - NANOCLEAN","robots":{"index":"index","follow":"follow","max-snippet":"max-snippet:-1","max-image-preview":"max-image-preview:large","max-video-preview":"max-video-preview:-1"},"canonical":"https:\/\/nanoclean24.com\/de\/produkte\/nanoclean-home-h48-rohrkraft\/","og_locale":"de_DE","og_type":"article","og_title":"NANOCLEAN HOME H48 ROHRKRAFT - NANOCLEAN","og_description":"Vorteile \u2705 S tarke L\u00f6sungskraft - L\u00f6st effektiv die schwierigsten Verstopfungen: Fett, Haare, Speisereste und andere organische Verunreinigungen. \u2705 S tellt den freien Durchfluss wieder her - Befreit Waschbecken, Duschabfl\u00fcsse und Toiletten von Verstopfungen und macht sie wieder voll funktionsf\u00e4hig und durchl\u00e4ssig. \u2705 Verhindert Probleme - Ideal f\u00fcr die regelm\u00e4\u00dfige, vorbeugende Wartung von Anlagen, um die Bildung neuer Verstopfungen zu verhindern. \u2705 Verbesserte Wirkung mit hei\u00dfem Wasser - Wirkt synergetisch mit kochendem Wasser f\u00fcr eine tiefere und effektivere Rohrreinigung. \u2705 Sicher f\u00fcr verschiedene Materialien - Geeignet f\u00fcr die Verwendung in PVC-, Keramik- und Metallrohren (es wird empfohlen, die Kompatibilit\u00e4t vor der Verwendung zu pr\u00fcfen).","og_url":"https:\/\/nanoclean24.com\/de\/produkte\/nanoclean-home-h48-rohrkraft\/","og_site_name":"NANOCLEAN","article_modified_time":"2025-11-02T14:41:38+00:00","og_image":[{"width":1010,"height":1010,"url":"https:\/\/nanoclean24.com\/wp-content\/uploads\/2025\/10\/h48-1.png","type":"image\/png"}],"twitter_card":"summary_large_image","schema":{"@context":"https:\/\/schema.org","@graph":[{"@type":"WebPage","@id":"https:\/\/nanoclean24.com\/de\/produkte\/nanoclean-home-h48-rohrkraft\/","url":"https:\/\/nanoclean24.com\/de\/produkte\/nanoclean-home-h48-rohrkraft\/","name":"NANOCLEAN HOME H48 ROHRKRAFT - NANOCLEAN","isPartOf":{"@id":"https:\/\/nanoclean24.com\/de\/#website"},"primaryImageOfPage":{"@id":"https:\/\/nanoclean24.com\/de\/produkte\/nanoclean-home-h48-rohrkraft\/#primaryimage"},"image":{"@id":"https:\/\/nanoclean24.com\/de\/produkte\/nanoclean-home-h48-rohrkraft\/#primaryimage"},"thumbnailUrl":"https:\/\/nanoclean24.com\/wp-content\/uploads\/2025\/10\/h48-1.png","datePublished":"2025-10-17T18:53:42+00:00","dateModified":"2025-11-02T14:41:38+00:00","breadcrumb":{"@id":"https:\/\/nanoclean24.com\/de\/produkte\/nanoclean-home-h48-rohrkraft\/#breadcrumb"},"inLanguage":"de","potentialAction":[{"@type":"ReadAction","target":["https:\/\/nanoclean24.com\/de\/produkte\/nanoclean-home-h48-rohrkraft\/"]}]},{"@type":"ImageObject","inLanguage":"de","@id":"https:\/\/nanoclean24.com\/de\/produkte\/nanoclean-home-h48-rohrkraft\/#primaryimage","url":"https:\/\/nanoclean24.com\/wp-content\/uploads\/2025\/10\/h48-1.png","contentUrl":"https:\/\/nanoclean24.com\/wp-content\/uploads\/2025\/10\/h48-1.png","width":1010,"height":1010},{"@type":"BreadcrumbList","@id":"https:\/\/nanoclean24.com\/de\/produkte\/nanoclean-home-h48-rohrkraft\/#breadcrumb","itemListElement":[{"@type":"ListItem","position":1,"name":"Strona g\u0142\u00f3wna","item":"https:\/\/nanoclean24.com\/de\/"},{"@type":"ListItem","position":2,"name":"Shop","item":"https:\/\/nanoclean24.com\/de\/shop\/"},{"@type":"ListItem","position":3,"name":"NANOCLEAN HOME H48 ROHRKRAFT"}]},{"@type":"WebSite","@id":"https:\/\/nanoclean24.com\/de\/#website","url":"https:\/\/nanoclean24.com\/de\/","name":"NanoClean","description":"","publisher":{"@id":"https:\/\/nanoclean24.com\/de\/#organization"},"potentialAction":[{"@type":"SearchAction","target":{"@type":"EntryPoint","urlTemplate":"https:\/\/nanoclean24.com\/de\/?s={search_term_string}"},"query-input":{"@type":"PropertyValueSpecification","valueRequired":true,"valueName":"search_term_string"}}],"inLanguage":"de"},{"@type":"Organization","@id":"https:\/\/nanoclean24.com\/de\/#organization","name":"NanoClean","url":"https:\/\/nanoclean24.com\/de\/","logo":{"@type":"ImageObject","inLanguage":"de","@id":"https:\/\/nanoclean24.com\/de\/#\/schema\/logo\/image\/","url":"https:\/\/nanoclean24.com\/wp-content\/uploads\/2025\/07\/logo-2.jpg","contentUrl":"https:\/\/nanoclean24.com\/wp-content\/uploads\/2025\/07\/logo-2.jpg","width":1068,"height":224,"caption":"NanoClean"},"image":{"@id":"https:\/\/nanoclean24.com\/de\/#\/schema\/logo\/image\/"}}]}},"taxonomy_info":{"product_cat":[{"value":172,"label":"HOME"}]},"featured_image_src_large":["https:\/\/nanoclean24.com\/wp-content\/uploads\/2025\/10\/h48-1.png",1010,1010,false],"author_info":[],"comment_info":"","_links":{"self":[{"href":"https:\/\/nanoclean24.com\/de\/wp-json\/wp\/v2\/product\/9166","targetHints":{"allow":["GET"]}}],"collection":[{"href":"https:\/\/nanoclean24.com\/de\/wp-json\/wp\/v2\/product"}],"about":[{"href":"https:\/\/nanoclean24.com\/de\/wp-json\/wp\/v2\/types\/product"}],"wp:featuredmedia":[{"embeddable":true,"href":"https:\/\/nanoclean24.com\/de\/wp-json\/wp\/v2\/media\/10237"}],"wp:attachment":[{"href":"https:\/\/nanoclean24.com\/de\/wp-json\/wp\/v2\/media?parent=9166"}],"wp:term":[{"taxonomy":"product_brand","embeddable":true,"href":"https:\/\/nanoclean24.com\/de\/wp-json\/wp\/v2\/product_brand?post=9166"},{"taxonomy":"product_cat","embeddable":true,"href":"https:\/\/nanoclean24.com\/de\/wp-json\/wp\/v2\/product_cat?post=9166"},{"taxonomy":"product_tag","embeddable":true,"href":"https:\/\/nanoclean24.com\/de\/wp-json\/wp\/v2\/product_tag?post=9166"}],"curies":[{"name":"wp","href":"https:\/\/api.w.org\/{rel}","templated":true}]}}