{"id":9153,"date":"2025-10-17T19:44:20","date_gmt":"2025-10-17T17:44:20","guid":{"rendered":"https:\/\/nanoclean24.com\/produkt\/nanoclean-home-h02-matratze-frisch\/"},"modified":"2025-11-02T14:18:09","modified_gmt":"2025-11-02T13:18:09","slug":"nanoclean-home-h02-matratze-frisch","status":"publish","type":"product","link":"https:\/\/nanoclean24.com\/de\/produkte\/nanoclean-home-h02-matratze-frisch\/","title":{"rendered":"NANOCLEAN HOME H02 MATRATZE FRISCH"},"content":{"rendered":"\n<p>Eine leistungsstarke L\u00f6sung zur Reinigung, Desinfektion und Geruchsbeseitigung von Matratzen, Stoffen und Polsterm\u00f6beln. Entfernt wirksam Flecken, Schwei\u00df, Sekrete und unangenehme Ger\u00fcche f\u00fcr hygienische Sauberkeit, Frische und lang anhaltenden Komfort. F\u00f6rdert die Hygiene und hilft, das Vorkommen von Hausstaubmilben und anderen Allergenen zu reduzieren. Innovative Formel: frei von Chlor, Alkohol und Aldehyden &#8211; sanft und dennoch \u00e4u\u00dferst wirksam.   <\/p>\n","protected":false},"excerpt":{"rendered":"<h3 class=\"whitespace-normal break-words\">Anwendung<\/h3>\n<p class=\"whitespace-normal break-words\">\u2705 <strong>Matratzen und Polsterauflagen:<\/strong> Erfrischt und reinigt Matratzen und Matratzenauflagen wirkungsvoll und beseitigt Staubmilben und Allergene.<\/p>\n<p class=\"whitespace-normal break-words\">\u2705 <strong>Polsterm\u00f6bel:<\/strong> Entfernt sicher Schmutz von gepolsterten Kopfteilen, Sofas und Sesseln und gibt ihnen ihre Frische zur\u00fcck.<\/p>\n<p class=\"whitespace-normal break-words\">\u2705 Teppiche <strong>und Vorleger:<\/strong> Reinigt Teppiche, Vorleger und M\u00f6belbez\u00fcge gr\u00fcndlich und entfernt Flecken und unangenehme Ger\u00fcche.<\/p>\n<p class=\"whitespace-normal break-words\">\u2705 <strong>Babyzubeh\u00f6r:<\/strong> ideal f\u00fcr die Reinigung von Kinderbetten und Laufgittermatratzen, um eine sichere und hygienische Umgebung f\u00fcr Kleinkinder zu schaffen.<\/p>\n","protected":false},"featured_media":10143,"template":"","meta":{"_kad_blocks_custom_css":"","_kad_blocks_head_custom_js":"","_kad_blocks_body_custom_js":"","_kad_blocks_footer_custom_js":"","_kad_post_transparent":"","_kad_post_title":"","_kad_post_layout":"","_kad_post_sidebar_id":"","_kad_post_content_style":"","_kad_post_vertical_padding":"","_kad_post_feature":"","_kad_post_feature_position":"","_kad_post_header":false,"_kad_post_footer":false,"_kad_post_classname":""},"product_brand":[],"product_cat":[172],"product_tag":[],"class_list":{"0":"post-9153","1":"product","2":"type-product","3":"status-publish","4":"has-post-thumbnail","6":"product_cat-home","8":"first","9":"outofstock","10":"taxable","11":"shipping-taxable","12":"product-type-simple","13":"entry","14":"content-bg","15":"loop-entry"},"yoast_head":"<!-- This site is optimized with the Yoast SEO plugin v27.4 - https:\/\/yoast.com\/product\/yoast-seo-wordpress\/ -->\n<title>NANOCLEAN HOME H02 MATRATZE FRISCH - NANOCLEAN<\/title>\n<meta name=\"robots\" content=\"index, follow, max-snippet:-1, max-image-preview:large, max-video-preview:-1\" \/>\n<link rel=\"canonical\" href=\"https:\/\/nanoclean24.com\/de\/produkte\/nanoclean-home-h02-matratze-frisch\/\" \/>\n<meta property=\"og:locale\" content=\"de_DE\" \/>\n<meta property=\"og:type\" content=\"article\" \/>\n<meta property=\"og:title\" content=\"NANOCLEAN HOME H02 MATRATZE FRISCH - NANOCLEAN\" \/>\n<meta property=\"og:description\" content=\"Anwendung \u2705 Matratzen und Polsterauflagen: Erfrischt und reinigt Matratzen und Matratzenauflagen wirkungsvoll und beseitigt Staubmilben und Allergene. \u2705 Polsterm\u00f6bel: Entfernt sicher Schmutz von gepolsterten Kopfteilen, Sofas und Sesseln und gibt ihnen ihre Frische zur\u00fcck. \u2705 Teppiche und Vorleger: Reinigt Teppiche, Vorleger und M\u00f6belbez\u00fcge gr\u00fcndlich und entfernt Flecken und unangenehme Ger\u00fcche. \u2705 Babyzubeh\u00f6r: ideal f\u00fcr die Reinigung von Kinderbetten und Laufgittermatratzen, um eine sichere und hygienische Umgebung f\u00fcr Kleinkinder zu schaffen.\" \/>\n<meta property=\"og:url\" content=\"https:\/\/nanoclean24.com\/de\/produkte\/nanoclean-home-h02-matratze-frisch\/\" \/>\n<meta property=\"og:site_name\" content=\"NANOCLEAN\" \/>\n<meta property=\"article:modified_time\" content=\"2025-11-02T13:18:09+00:00\" \/>\n<meta property=\"og:image\" content=\"https:\/\/nanoclean24.com\/wp-content\/uploads\/2025\/10\/h02-1.png\" \/>\n\t<meta property=\"og:image:width\" content=\"1010\" \/>\n\t<meta property=\"og:image:height\" content=\"1010\" \/>\n\t<meta property=\"og:image:type\" content=\"image\/png\" \/>\n<meta name=\"twitter:card\" content=\"summary_large_image\" \/>\n<script type=\"application\/ld+json\" class=\"yoast-schema-graph\">{\"@context\":\"https:\\\/\\\/schema.org\",\"@graph\":[{\"@type\":\"WebPage\",\"@id\":\"https:\\\/\\\/nanoclean24.com\\\/de\\\/produkte\\\/nanoclean-home-h02-matratze-frisch\\\/\",\"url\":\"https:\\\/\\\/nanoclean24.com\\\/de\\\/produkte\\\/nanoclean-home-h02-matratze-frisch\\\/\",\"name\":\"NANOCLEAN HOME H02 MATRATZE FRISCH - NANOCLEAN\",\"isPartOf\":{\"@id\":\"https:\\\/\\\/nanoclean24.com\\\/de\\\/#website\"},\"primaryImageOfPage\":{\"@id\":\"https:\\\/\\\/nanoclean24.com\\\/de\\\/produkte\\\/nanoclean-home-h02-matratze-frisch\\\/#primaryimage\"},\"image\":{\"@id\":\"https:\\\/\\\/nanoclean24.com\\\/de\\\/produkte\\\/nanoclean-home-h02-matratze-frisch\\\/#primaryimage\"},\"thumbnailUrl\":\"https:\\\/\\\/nanoclean24.com\\\/wp-content\\\/uploads\\\/2025\\\/10\\\/h02-1.png\",\"datePublished\":\"2025-10-17T17:44:20+00:00\",\"dateModified\":\"2025-11-02T13:18:09+00:00\",\"breadcrumb\":{\"@id\":\"https:\\\/\\\/nanoclean24.com\\\/de\\\/produkte\\\/nanoclean-home-h02-matratze-frisch\\\/#breadcrumb\"},\"inLanguage\":\"de\",\"potentialAction\":[{\"@type\":\"ReadAction\",\"target\":[\"https:\\\/\\\/nanoclean24.com\\\/de\\\/produkte\\\/nanoclean-home-h02-matratze-frisch\\\/\"]}]},{\"@type\":\"ImageObject\",\"inLanguage\":\"de\",\"@id\":\"https:\\\/\\\/nanoclean24.com\\\/de\\\/produkte\\\/nanoclean-home-h02-matratze-frisch\\\/#primaryimage\",\"url\":\"https:\\\/\\\/nanoclean24.com\\\/wp-content\\\/uploads\\\/2025\\\/10\\\/h02-1.png\",\"contentUrl\":\"https:\\\/\\\/nanoclean24.com\\\/wp-content\\\/uploads\\\/2025\\\/10\\\/h02-1.png\",\"width\":1010,\"height\":1010},{\"@type\":\"BreadcrumbList\",\"@id\":\"https:\\\/\\\/nanoclean24.com\\\/de\\\/produkte\\\/nanoclean-home-h02-matratze-frisch\\\/#breadcrumb\",\"itemListElement\":[{\"@type\":\"ListItem\",\"position\":1,\"name\":\"Strona g\u0142\u00f3wna\",\"item\":\"https:\\\/\\\/nanoclean24.com\\\/de\\\/\"},{\"@type\":\"ListItem\",\"position\":2,\"name\":\"Shop\",\"item\":\"https:\\\/\\\/nanoclean24.com\\\/de\\\/shop\\\/\"},{\"@type\":\"ListItem\",\"position\":3,\"name\":\"NANOCLEAN HOME H02 MATRATZE FRISCH\"}]},{\"@type\":\"WebSite\",\"@id\":\"https:\\\/\\\/nanoclean24.com\\\/de\\\/#website\",\"url\":\"https:\\\/\\\/nanoclean24.com\\\/de\\\/\",\"name\":\"NanoClean\",\"description\":\"\",\"publisher\":{\"@id\":\"https:\\\/\\\/nanoclean24.com\\\/de\\\/#organization\"},\"potentialAction\":[{\"@type\":\"SearchAction\",\"target\":{\"@type\":\"EntryPoint\",\"urlTemplate\":\"https:\\\/\\\/nanoclean24.com\\\/de\\\/?s={search_term_string}\"},\"query-input\":{\"@type\":\"PropertyValueSpecification\",\"valueRequired\":true,\"valueName\":\"search_term_string\"}}],\"inLanguage\":\"de\"},{\"@type\":\"Organization\",\"@id\":\"https:\\\/\\\/nanoclean24.com\\\/de\\\/#organization\",\"name\":\"NanoClean\",\"url\":\"https:\\\/\\\/nanoclean24.com\\\/de\\\/\",\"logo\":{\"@type\":\"ImageObject\",\"inLanguage\":\"de\",\"@id\":\"https:\\\/\\\/nanoclean24.com\\\/de\\\/#\\\/schema\\\/logo\\\/image\\\/\",\"url\":\"https:\\\/\\\/nanoclean24.com\\\/wp-content\\\/uploads\\\/2025\\\/07\\\/logo-2.jpg\",\"contentUrl\":\"https:\\\/\\\/nanoclean24.com\\\/wp-content\\\/uploads\\\/2025\\\/07\\\/logo-2.jpg\",\"width\":1068,\"height\":224,\"caption\":\"NanoClean\"},\"image\":{\"@id\":\"https:\\\/\\\/nanoclean24.com\\\/de\\\/#\\\/schema\\\/logo\\\/image\\\/\"}}]}<\/script>\n<!-- \/ Yoast SEO plugin. -->","yoast_head_json":{"title":"NANOCLEAN HOME H02 MATRATZE FRISCH - NANOCLEAN","robots":{"index":"index","follow":"follow","max-snippet":"max-snippet:-1","max-image-preview":"max-image-preview:large","max-video-preview":"max-video-preview:-1"},"canonical":"https:\/\/nanoclean24.com\/de\/produkte\/nanoclean-home-h02-matratze-frisch\/","og_locale":"de_DE","og_type":"article","og_title":"NANOCLEAN HOME H02 MATRATZE FRISCH - NANOCLEAN","og_description":"Anwendung \u2705 Matratzen und Polsterauflagen: Erfrischt und reinigt Matratzen und Matratzenauflagen wirkungsvoll und beseitigt Staubmilben und Allergene. \u2705 Polsterm\u00f6bel: Entfernt sicher Schmutz von gepolsterten Kopfteilen, Sofas und Sesseln und gibt ihnen ihre Frische zur\u00fcck. \u2705 Teppiche und Vorleger: Reinigt Teppiche, Vorleger und M\u00f6belbez\u00fcge gr\u00fcndlich und entfernt Flecken und unangenehme Ger\u00fcche. \u2705 Babyzubeh\u00f6r: ideal f\u00fcr die Reinigung von Kinderbetten und Laufgittermatratzen, um eine sichere und hygienische Umgebung f\u00fcr Kleinkinder zu schaffen.","og_url":"https:\/\/nanoclean24.com\/de\/produkte\/nanoclean-home-h02-matratze-frisch\/","og_site_name":"NANOCLEAN","article_modified_time":"2025-11-02T13:18:09+00:00","og_image":[{"width":1010,"height":1010,"url":"https:\/\/nanoclean24.com\/wp-content\/uploads\/2025\/10\/h02-1.png","type":"image\/png"}],"twitter_card":"summary_large_image","schema":{"@context":"https:\/\/schema.org","@graph":[{"@type":"WebPage","@id":"https:\/\/nanoclean24.com\/de\/produkte\/nanoclean-home-h02-matratze-frisch\/","url":"https:\/\/nanoclean24.com\/de\/produkte\/nanoclean-home-h02-matratze-frisch\/","name":"NANOCLEAN HOME H02 MATRATZE FRISCH - NANOCLEAN","isPartOf":{"@id":"https:\/\/nanoclean24.com\/de\/#website"},"primaryImageOfPage":{"@id":"https:\/\/nanoclean24.com\/de\/produkte\/nanoclean-home-h02-matratze-frisch\/#primaryimage"},"image":{"@id":"https:\/\/nanoclean24.com\/de\/produkte\/nanoclean-home-h02-matratze-frisch\/#primaryimage"},"thumbnailUrl":"https:\/\/nanoclean24.com\/wp-content\/uploads\/2025\/10\/h02-1.png","datePublished":"2025-10-17T17:44:20+00:00","dateModified":"2025-11-02T13:18:09+00:00","breadcrumb":{"@id":"https:\/\/nanoclean24.com\/de\/produkte\/nanoclean-home-h02-matratze-frisch\/#breadcrumb"},"inLanguage":"de","potentialAction":[{"@type":"ReadAction","target":["https:\/\/nanoclean24.com\/de\/produkte\/nanoclean-home-h02-matratze-frisch\/"]}]},{"@type":"ImageObject","inLanguage":"de","@id":"https:\/\/nanoclean24.com\/de\/produkte\/nanoclean-home-h02-matratze-frisch\/#primaryimage","url":"https:\/\/nanoclean24.com\/wp-content\/uploads\/2025\/10\/h02-1.png","contentUrl":"https:\/\/nanoclean24.com\/wp-content\/uploads\/2025\/10\/h02-1.png","width":1010,"height":1010},{"@type":"BreadcrumbList","@id":"https:\/\/nanoclean24.com\/de\/produkte\/nanoclean-home-h02-matratze-frisch\/#breadcrumb","itemListElement":[{"@type":"ListItem","position":1,"name":"Strona g\u0142\u00f3wna","item":"https:\/\/nanoclean24.com\/de\/"},{"@type":"ListItem","position":2,"name":"Shop","item":"https:\/\/nanoclean24.com\/de\/shop\/"},{"@type":"ListItem","position":3,"name":"NANOCLEAN HOME H02 MATRATZE FRISCH"}]},{"@type":"WebSite","@id":"https:\/\/nanoclean24.com\/de\/#website","url":"https:\/\/nanoclean24.com\/de\/","name":"NanoClean","description":"","publisher":{"@id":"https:\/\/nanoclean24.com\/de\/#organization"},"potentialAction":[{"@type":"SearchAction","target":{"@type":"EntryPoint","urlTemplate":"https:\/\/nanoclean24.com\/de\/?s={search_term_string}"},"query-input":{"@type":"PropertyValueSpecification","valueRequired":true,"valueName":"search_term_string"}}],"inLanguage":"de"},{"@type":"Organization","@id":"https:\/\/nanoclean24.com\/de\/#organization","name":"NanoClean","url":"https:\/\/nanoclean24.com\/de\/","logo":{"@type":"ImageObject","inLanguage":"de","@id":"https:\/\/nanoclean24.com\/de\/#\/schema\/logo\/image\/","url":"https:\/\/nanoclean24.com\/wp-content\/uploads\/2025\/07\/logo-2.jpg","contentUrl":"https:\/\/nanoclean24.com\/wp-content\/uploads\/2025\/07\/logo-2.jpg","width":1068,"height":224,"caption":"NanoClean"},"image":{"@id":"https:\/\/nanoclean24.com\/de\/#\/schema\/logo\/image\/"}}]}},"taxonomy_info":{"product_cat":[{"value":172,"label":"HOME"}]},"featured_image_src_large":["https:\/\/nanoclean24.com\/wp-content\/uploads\/2025\/10\/h02-1.png",1010,1010,false],"author_info":[],"comment_info":"","_links":{"self":[{"href":"https:\/\/nanoclean24.com\/de\/wp-json\/wp\/v2\/product\/9153","targetHints":{"allow":["GET"]}}],"collection":[{"href":"https:\/\/nanoclean24.com\/de\/wp-json\/wp\/v2\/product"}],"about":[{"href":"https:\/\/nanoclean24.com\/de\/wp-json\/wp\/v2\/types\/product"}],"wp:featuredmedia":[{"embeddable":true,"href":"https:\/\/nanoclean24.com\/de\/wp-json\/wp\/v2\/media\/10143"}],"wp:attachment":[{"href":"https:\/\/nanoclean24.com\/de\/wp-json\/wp\/v2\/media?parent=9153"}],"wp:term":[{"taxonomy":"product_brand","embeddable":true,"href":"https:\/\/nanoclean24.com\/de\/wp-json\/wp\/v2\/product_brand?post=9153"},{"taxonomy":"product_cat","embeddable":true,"href":"https:\/\/nanoclean24.com\/de\/wp-json\/wp\/v2\/product_cat?post=9153"},{"taxonomy":"product_tag","embeddable":true,"href":"https:\/\/nanoclean24.com\/de\/wp-json\/wp\/v2\/product_tag?post=9153"}],"curies":[{"name":"wp","href":"https:\/\/api.w.org\/{rel}","templated":true}]}}