{"id":9151,"date":"2025-10-17T20:00:42","date_gmt":"2025-10-17T18:00:42","guid":{"rendered":"https:\/\/nanoclean24.com\/produkt\/nanoclean-home-h21-entkalker-fuer-kaffeemaschinen-und-wasserkocher\/"},"modified":"2025-11-02T14:58:50","modified_gmt":"2025-11-02T13:58:50","slug":"nanoclean-home-h21-entkalker-fuer-kaffeemaschinen-und-wasserkocher","status":"publish","type":"product","link":"https:\/\/nanoclean24.com\/de\/produkte\/nanoclean-home-h21-entkalker-fuer-kaffeemaschinen-und-wasserkocher\/","title":{"rendered":"NANOCLEAN HOME H21 ENTKALKER F\u00dcR KAFFEEMASCHINEN UND WASSERKOCHER"},"content":{"rendered":"\n<p>NANOCLEAN H21 ist ein professionelles Konzentrat zur Entfernung von Kalkablagerungen in Wasserkochern, Kaffee- und Espressomaschinen. Es entfernt schnell und sicher hartn\u00e4ckige Kalkablagerungen und Mineralien. Ideal f\u00fcr den privaten und gewerblichen Gebrauch.  <\/p>\n","protected":false},"excerpt":{"rendered":"<h3 class=\"whitespace-normal break-words\">Anwendung<\/h3>\n<p class=\"whitespace-normal break-words\">\u2705 S <strong>tellt die Effizienz wieder her <\/strong>&#8211; Entfernt wirksam Kalkablagerungen, die die Effizienz von Ger\u00e4ten verringern, und stellt ihre urspr\u00fcngliche Heizleistung wieder her.<\/p>\n<p class=\"whitespace-normal break-words\">\u2705 <strong>Universell einsetzbar <\/strong>&#8211; Geeignet f\u00fcr alle Arten von Wasserkochern, Kaffeemaschinen und anderen Ger\u00e4ten mit Ablagerungen.<\/p>\n<p class=\"whitespace-normal break-words\">\u2705 <strong>Verl\u00e4ngert die Lebensdauer<\/strong> &#8211; Verbessert die Betriebseffizienz und verl\u00e4ngert die Lebensdauer Ihrer Ger\u00e4te erheblich, indem es sie vor Sch\u00e4den sch\u00fctzt.<\/p>\n<p class=\"whitespace-normal break-words\">\u2705 <strong>Sicher und praktisch<\/strong> &#8211; Leicht abzusp\u00fclen, sicher f\u00fcr den Kontakt mit Lebensmitteln nach der Reinigung, hinterl\u00e4sst keine sch\u00e4dlichen R\u00fcckst\u00e4nde.<\/p>\n","protected":false},"featured_media":10187,"template":"","meta":{"_kad_blocks_custom_css":"","_kad_blocks_head_custom_js":"","_kad_blocks_body_custom_js":"","_kad_blocks_footer_custom_js":"","_kad_post_transparent":"","_kad_post_title":"","_kad_post_layout":"","_kad_post_sidebar_id":"","_kad_post_content_style":"","_kad_post_vertical_padding":"","_kad_post_feature":"","_kad_post_feature_position":"","_kad_post_header":false,"_kad_post_footer":false,"_kad_post_classname":""},"product_brand":[],"product_cat":[172],"product_tag":[],"class_list":{"0":"post-9151","1":"product","2":"type-product","3":"status-publish","4":"has-post-thumbnail","6":"product_cat-home","8":"first","9":"outofstock","10":"taxable","11":"shipping-taxable","12":"product-type-simple","13":"entry","14":"content-bg","15":"loop-entry"},"yoast_head":"<!-- This site is optimized with the Yoast SEO plugin v27.4 - https:\/\/yoast.com\/product\/yoast-seo-wordpress\/ -->\n<title>NANOCLEAN HOME H21 ENTKALKER F\u00dcR KAFFEEMASCHINEN UND WASSERKOCHER - NANOCLEAN<\/title>\n<meta name=\"robots\" content=\"index, follow, max-snippet:-1, max-image-preview:large, max-video-preview:-1\" \/>\n<link rel=\"canonical\" href=\"https:\/\/nanoclean24.com\/de\/produkte\/nanoclean-home-h21-entkalker-fuer-kaffeemaschinen-und-wasserkocher\/\" \/>\n<meta property=\"og:locale\" content=\"de_DE\" \/>\n<meta property=\"og:type\" content=\"article\" \/>\n<meta property=\"og:title\" content=\"NANOCLEAN HOME H21 ENTKALKER F\u00dcR KAFFEEMASCHINEN UND WASSERKOCHER - NANOCLEAN\" \/>\n<meta property=\"og:description\" content=\"Anwendung \u2705 S tellt die Effizienz wieder her - Entfernt wirksam Kalkablagerungen, die die Effizienz von Ger\u00e4ten verringern, und stellt ihre urspr\u00fcngliche Heizleistung wieder her. \u2705 Universell einsetzbar - Geeignet f\u00fcr alle Arten von Wasserkochern, Kaffeemaschinen und anderen Ger\u00e4ten mit Ablagerungen. \u2705 Verl\u00e4ngert die Lebensdauer - Verbessert die Betriebseffizienz und verl\u00e4ngert die Lebensdauer Ihrer Ger\u00e4te erheblich, indem es sie vor Sch\u00e4den sch\u00fctzt. \u2705 Sicher und praktisch - Leicht abzusp\u00fclen, sicher f\u00fcr den Kontakt mit Lebensmitteln nach der Reinigung, hinterl\u00e4sst keine sch\u00e4dlichen R\u00fcckst\u00e4nde.\" \/>\n<meta property=\"og:url\" content=\"https:\/\/nanoclean24.com\/de\/produkte\/nanoclean-home-h21-entkalker-fuer-kaffeemaschinen-und-wasserkocher\/\" \/>\n<meta property=\"og:site_name\" content=\"NANOCLEAN\" \/>\n<meta property=\"article:modified_time\" content=\"2025-11-02T13:58:50+00:00\" \/>\n<meta property=\"og:image\" content=\"https:\/\/nanoclean24.com\/wp-content\/uploads\/2025\/10\/h21-1.png\" \/>\n\t<meta property=\"og:image:width\" content=\"1010\" \/>\n\t<meta property=\"og:image:height\" content=\"1010\" \/>\n\t<meta property=\"og:image:type\" content=\"image\/png\" \/>\n<meta name=\"twitter:card\" content=\"summary_large_image\" \/>\n<script type=\"application\/ld+json\" class=\"yoast-schema-graph\">{\"@context\":\"https:\\\/\\\/schema.org\",\"@graph\":[{\"@type\":\"WebPage\",\"@id\":\"https:\\\/\\\/nanoclean24.com\\\/de\\\/produkte\\\/nanoclean-home-h21-entkalker-fuer-kaffeemaschinen-und-wasserkocher\\\/\",\"url\":\"https:\\\/\\\/nanoclean24.com\\\/de\\\/produkte\\\/nanoclean-home-h21-entkalker-fuer-kaffeemaschinen-und-wasserkocher\\\/\",\"name\":\"NANOCLEAN HOME H21 ENTKALKER F\u00dcR KAFFEEMASCHINEN UND WASSERKOCHER - NANOCLEAN\",\"isPartOf\":{\"@id\":\"https:\\\/\\\/nanoclean24.com\\\/de\\\/#website\"},\"primaryImageOfPage\":{\"@id\":\"https:\\\/\\\/nanoclean24.com\\\/de\\\/produkte\\\/nanoclean-home-h21-entkalker-fuer-kaffeemaschinen-und-wasserkocher\\\/#primaryimage\"},\"image\":{\"@id\":\"https:\\\/\\\/nanoclean24.com\\\/de\\\/produkte\\\/nanoclean-home-h21-entkalker-fuer-kaffeemaschinen-und-wasserkocher\\\/#primaryimage\"},\"thumbnailUrl\":\"https:\\\/\\\/nanoclean24.com\\\/wp-content\\\/uploads\\\/2025\\\/10\\\/h21-1.png\",\"datePublished\":\"2025-10-17T18:00:42+00:00\",\"dateModified\":\"2025-11-02T13:58:50+00:00\",\"breadcrumb\":{\"@id\":\"https:\\\/\\\/nanoclean24.com\\\/de\\\/produkte\\\/nanoclean-home-h21-entkalker-fuer-kaffeemaschinen-und-wasserkocher\\\/#breadcrumb\"},\"inLanguage\":\"de\",\"potentialAction\":[{\"@type\":\"ReadAction\",\"target\":[\"https:\\\/\\\/nanoclean24.com\\\/de\\\/produkte\\\/nanoclean-home-h21-entkalker-fuer-kaffeemaschinen-und-wasserkocher\\\/\"]}]},{\"@type\":\"ImageObject\",\"inLanguage\":\"de\",\"@id\":\"https:\\\/\\\/nanoclean24.com\\\/de\\\/produkte\\\/nanoclean-home-h21-entkalker-fuer-kaffeemaschinen-und-wasserkocher\\\/#primaryimage\",\"url\":\"https:\\\/\\\/nanoclean24.com\\\/wp-content\\\/uploads\\\/2025\\\/10\\\/h21-1.png\",\"contentUrl\":\"https:\\\/\\\/nanoclean24.com\\\/wp-content\\\/uploads\\\/2025\\\/10\\\/h21-1.png\",\"width\":1010,\"height\":1010},{\"@type\":\"BreadcrumbList\",\"@id\":\"https:\\\/\\\/nanoclean24.com\\\/de\\\/produkte\\\/nanoclean-home-h21-entkalker-fuer-kaffeemaschinen-und-wasserkocher\\\/#breadcrumb\",\"itemListElement\":[{\"@type\":\"ListItem\",\"position\":1,\"name\":\"Strona g\u0142\u00f3wna\",\"item\":\"https:\\\/\\\/nanoclean24.com\\\/de\\\/\"},{\"@type\":\"ListItem\",\"position\":2,\"name\":\"Shop\",\"item\":\"https:\\\/\\\/nanoclean24.com\\\/de\\\/shop\\\/\"},{\"@type\":\"ListItem\",\"position\":3,\"name\":\"NANOCLEAN HOME H21 ENTKALKER F\u00dcR KAFFEEMASCHINEN UND WASSERKOCHER\"}]},{\"@type\":\"WebSite\",\"@id\":\"https:\\\/\\\/nanoclean24.com\\\/de\\\/#website\",\"url\":\"https:\\\/\\\/nanoclean24.com\\\/de\\\/\",\"name\":\"NanoClean\",\"description\":\"\",\"publisher\":{\"@id\":\"https:\\\/\\\/nanoclean24.com\\\/de\\\/#organization\"},\"potentialAction\":[{\"@type\":\"SearchAction\",\"target\":{\"@type\":\"EntryPoint\",\"urlTemplate\":\"https:\\\/\\\/nanoclean24.com\\\/de\\\/?s={search_term_string}\"},\"query-input\":{\"@type\":\"PropertyValueSpecification\",\"valueRequired\":true,\"valueName\":\"search_term_string\"}}],\"inLanguage\":\"de\"},{\"@type\":\"Organization\",\"@id\":\"https:\\\/\\\/nanoclean24.com\\\/de\\\/#organization\",\"name\":\"NanoClean\",\"url\":\"https:\\\/\\\/nanoclean24.com\\\/de\\\/\",\"logo\":{\"@type\":\"ImageObject\",\"inLanguage\":\"de\",\"@id\":\"https:\\\/\\\/nanoclean24.com\\\/de\\\/#\\\/schema\\\/logo\\\/image\\\/\",\"url\":\"https:\\\/\\\/nanoclean24.com\\\/wp-content\\\/uploads\\\/2025\\\/07\\\/logo-2.jpg\",\"contentUrl\":\"https:\\\/\\\/nanoclean24.com\\\/wp-content\\\/uploads\\\/2025\\\/07\\\/logo-2.jpg\",\"width\":1068,\"height\":224,\"caption\":\"NanoClean\"},\"image\":{\"@id\":\"https:\\\/\\\/nanoclean24.com\\\/de\\\/#\\\/schema\\\/logo\\\/image\\\/\"}}]}<\/script>\n<!-- \/ Yoast SEO plugin. -->","yoast_head_json":{"title":"NANOCLEAN HOME H21 ENTKALKER F\u00dcR KAFFEEMASCHINEN UND WASSERKOCHER - NANOCLEAN","robots":{"index":"index","follow":"follow","max-snippet":"max-snippet:-1","max-image-preview":"max-image-preview:large","max-video-preview":"max-video-preview:-1"},"canonical":"https:\/\/nanoclean24.com\/de\/produkte\/nanoclean-home-h21-entkalker-fuer-kaffeemaschinen-und-wasserkocher\/","og_locale":"de_DE","og_type":"article","og_title":"NANOCLEAN HOME H21 ENTKALKER F\u00dcR KAFFEEMASCHINEN UND WASSERKOCHER - NANOCLEAN","og_description":"Anwendung \u2705 S tellt die Effizienz wieder her - Entfernt wirksam Kalkablagerungen, die die Effizienz von Ger\u00e4ten verringern, und stellt ihre urspr\u00fcngliche Heizleistung wieder her. \u2705 Universell einsetzbar - Geeignet f\u00fcr alle Arten von Wasserkochern, Kaffeemaschinen und anderen Ger\u00e4ten mit Ablagerungen. \u2705 Verl\u00e4ngert die Lebensdauer - Verbessert die Betriebseffizienz und verl\u00e4ngert die Lebensdauer Ihrer Ger\u00e4te erheblich, indem es sie vor Sch\u00e4den sch\u00fctzt. \u2705 Sicher und praktisch - Leicht abzusp\u00fclen, sicher f\u00fcr den Kontakt mit Lebensmitteln nach der Reinigung, hinterl\u00e4sst keine sch\u00e4dlichen R\u00fcckst\u00e4nde.","og_url":"https:\/\/nanoclean24.com\/de\/produkte\/nanoclean-home-h21-entkalker-fuer-kaffeemaschinen-und-wasserkocher\/","og_site_name":"NANOCLEAN","article_modified_time":"2025-11-02T13:58:50+00:00","og_image":[{"width":1010,"height":1010,"url":"https:\/\/nanoclean24.com\/wp-content\/uploads\/2025\/10\/h21-1.png","type":"image\/png"}],"twitter_card":"summary_large_image","schema":{"@context":"https:\/\/schema.org","@graph":[{"@type":"WebPage","@id":"https:\/\/nanoclean24.com\/de\/produkte\/nanoclean-home-h21-entkalker-fuer-kaffeemaschinen-und-wasserkocher\/","url":"https:\/\/nanoclean24.com\/de\/produkte\/nanoclean-home-h21-entkalker-fuer-kaffeemaschinen-und-wasserkocher\/","name":"NANOCLEAN HOME H21 ENTKALKER F\u00dcR KAFFEEMASCHINEN UND WASSERKOCHER - NANOCLEAN","isPartOf":{"@id":"https:\/\/nanoclean24.com\/de\/#website"},"primaryImageOfPage":{"@id":"https:\/\/nanoclean24.com\/de\/produkte\/nanoclean-home-h21-entkalker-fuer-kaffeemaschinen-und-wasserkocher\/#primaryimage"},"image":{"@id":"https:\/\/nanoclean24.com\/de\/produkte\/nanoclean-home-h21-entkalker-fuer-kaffeemaschinen-und-wasserkocher\/#primaryimage"},"thumbnailUrl":"https:\/\/nanoclean24.com\/wp-content\/uploads\/2025\/10\/h21-1.png","datePublished":"2025-10-17T18:00:42+00:00","dateModified":"2025-11-02T13:58:50+00:00","breadcrumb":{"@id":"https:\/\/nanoclean24.com\/de\/produkte\/nanoclean-home-h21-entkalker-fuer-kaffeemaschinen-und-wasserkocher\/#breadcrumb"},"inLanguage":"de","potentialAction":[{"@type":"ReadAction","target":["https:\/\/nanoclean24.com\/de\/produkte\/nanoclean-home-h21-entkalker-fuer-kaffeemaschinen-und-wasserkocher\/"]}]},{"@type":"ImageObject","inLanguage":"de","@id":"https:\/\/nanoclean24.com\/de\/produkte\/nanoclean-home-h21-entkalker-fuer-kaffeemaschinen-und-wasserkocher\/#primaryimage","url":"https:\/\/nanoclean24.com\/wp-content\/uploads\/2025\/10\/h21-1.png","contentUrl":"https:\/\/nanoclean24.com\/wp-content\/uploads\/2025\/10\/h21-1.png","width":1010,"height":1010},{"@type":"BreadcrumbList","@id":"https:\/\/nanoclean24.com\/de\/produkte\/nanoclean-home-h21-entkalker-fuer-kaffeemaschinen-und-wasserkocher\/#breadcrumb","itemListElement":[{"@type":"ListItem","position":1,"name":"Strona g\u0142\u00f3wna","item":"https:\/\/nanoclean24.com\/de\/"},{"@type":"ListItem","position":2,"name":"Shop","item":"https:\/\/nanoclean24.com\/de\/shop\/"},{"@type":"ListItem","position":3,"name":"NANOCLEAN HOME H21 ENTKALKER F\u00dcR KAFFEEMASCHINEN UND WASSERKOCHER"}]},{"@type":"WebSite","@id":"https:\/\/nanoclean24.com\/de\/#website","url":"https:\/\/nanoclean24.com\/de\/","name":"NanoClean","description":"","publisher":{"@id":"https:\/\/nanoclean24.com\/de\/#organization"},"potentialAction":[{"@type":"SearchAction","target":{"@type":"EntryPoint","urlTemplate":"https:\/\/nanoclean24.com\/de\/?s={search_term_string}"},"query-input":{"@type":"PropertyValueSpecification","valueRequired":true,"valueName":"search_term_string"}}],"inLanguage":"de"},{"@type":"Organization","@id":"https:\/\/nanoclean24.com\/de\/#organization","name":"NanoClean","url":"https:\/\/nanoclean24.com\/de\/","logo":{"@type":"ImageObject","inLanguage":"de","@id":"https:\/\/nanoclean24.com\/de\/#\/schema\/logo\/image\/","url":"https:\/\/nanoclean24.com\/wp-content\/uploads\/2025\/07\/logo-2.jpg","contentUrl":"https:\/\/nanoclean24.com\/wp-content\/uploads\/2025\/07\/logo-2.jpg","width":1068,"height":224,"caption":"NanoClean"},"image":{"@id":"https:\/\/nanoclean24.com\/de\/#\/schema\/logo\/image\/"}}]}},"taxonomy_info":{"product_cat":[{"value":172,"label":"HOME"}]},"featured_image_src_large":["https:\/\/nanoclean24.com\/wp-content\/uploads\/2025\/10\/h21-1.png",1010,1010,false],"author_info":[],"comment_info":"","_links":{"self":[{"href":"https:\/\/nanoclean24.com\/de\/wp-json\/wp\/v2\/product\/9151","targetHints":{"allow":["GET"]}}],"collection":[{"href":"https:\/\/nanoclean24.com\/de\/wp-json\/wp\/v2\/product"}],"about":[{"href":"https:\/\/nanoclean24.com\/de\/wp-json\/wp\/v2\/types\/product"}],"wp:featuredmedia":[{"embeddable":true,"href":"https:\/\/nanoclean24.com\/de\/wp-json\/wp\/v2\/media\/10187"}],"wp:attachment":[{"href":"https:\/\/nanoclean24.com\/de\/wp-json\/wp\/v2\/media?parent=9151"}],"wp:term":[{"taxonomy":"product_brand","embeddable":true,"href":"https:\/\/nanoclean24.com\/de\/wp-json\/wp\/v2\/product_brand?post=9151"},{"taxonomy":"product_cat","embeddable":true,"href":"https:\/\/nanoclean24.com\/de\/wp-json\/wp\/v2\/product_cat?post=9151"},{"taxonomy":"product_tag","embeddable":true,"href":"https:\/\/nanoclean24.com\/de\/wp-json\/wp\/v2\/product_tag?post=9151"}],"curies":[{"name":"wp","href":"https:\/\/api.w.org\/{rel}","templated":true}]}}