{"id":9121,"date":"2025-10-17T21:18:10","date_gmt":"2025-10-17T19:18:10","guid":{"rendered":"https:\/\/nanoclean24.com\/produkt\/nanoclean-home-h12-ac-power-clean\/"},"modified":"2025-11-02T14:47:42","modified_gmt":"2025-11-02T13:47:42","slug":"nanoclean-home-h12-ac-power-clean","status":"publish","type":"product","link":"https:\/\/nanoclean24.com\/de\/produkte\/nanoclean-home-h12-ac-power-clean\/","title":{"rendered":"NANOCLEAN HOME H12 AC POWER CLEAN"},"content":{"rendered":"\n<p>NANOCLEAN AC POWER CLEAN ist ein professioneller Reiniger, der speziell f\u00fcr die Reinigung von Au\u00dfeneinheiten von Klimaanlagen und Kondensatoren von W\u00e4rmepumpen entwickelt wurde. Diese hochpenetrierende Formel entfernt schnell Schmutz, Fett, Ablagerungen, Pollen, Insekten und Umweltr\u00fcckst\u00e4nde, die die K\u00fchlleistung verringern. Stellt den optimalen Luftstrom wieder her, verhindert \u00dcberhitzung und verl\u00e4ngert die Lebensdauer des Ger\u00e4ts. Unbedenklich f\u00fcr Aluminiumlamellen, L\u00fcfterabdeckungen und Au\u00dfengeh\u00e4use. Regelm\u00e4\u00dfige Anwendung gew\u00e4hrleistet Spitzenleistung bei hohen Temperaturen. S\u00e4ure-, alkohol- und chlorfreies Produkt &#8211; sicher f\u00fcr Metalloberfl\u00e4chen und die Umwelt.     <\/p>\n","protected":false},"excerpt":{"rendered":"<h3>Vorteile<\/h3>\n<p class=\"whitespace-normal break-words\">\u2705 <strong>Pr\u00e4zisionsreinigung von Komponenten<\/strong> &#8211; Reinigt Kondensatorlamellen, Spulen und L\u00fcftergeh\u00e4use gr\u00fcndlich und entfernt selbst hartn\u00e4ckigen Schmutz.<\/p>\n<p class=\"whitespace-normal break-words\">\u2705 <strong>Maximiert die Systemeffizienz<\/strong> &#8211; Verbessert die W\u00e4rme\u00fcbertragungseffizienz und verhindert Energieverluste, wodurch die Betriebskosten gesenkt werden.<\/p>\n<p class=\"whitespace-normal break-words\">\u2705 S <strong>ch\u00fctzt vor Ausf\u00e4llen<\/strong> &#8211; Verhindert wirksam \u00dcberhitzung und vorzeitige Systemausf\u00e4lle und verl\u00e4ngert so die Lebensdauer des Ger\u00e4ts.<\/p>\n<p class=\"whitespace-normal break-words\">\u2705 <strong>Schnelles und sicheres Absp\u00fclen<\/strong> &#8211; Die leicht aussp\u00fclbare Formel hinterl\u00e4sst keine R\u00fcckst\u00e4nde und besch\u00e4digt keine empfindlichen Oberfl\u00e4chen.<\/p>\n<p class=\"whitespace-normal break-words\"><strong>\u2705 Von der Heim- bis zur Industrieanwendung<\/strong> &#8211; Ideal f\u00fcr Au\u00dfenklimager\u00e4te im privaten und gewerblichen Bereich, die professionellen Standards entsprechen.<\/p>\n<p class=\"whitespace-normal break-words\">\u2705 <strong>Optimiert den Luftstrom<\/strong> &#8211; Stellt den freien Luftstrom wieder her und reduziert die Kompressorlast f\u00fcr einen leiseren und effizienteren Betrieb.<\/p>\n","protected":false},"featured_media":10175,"template":"","meta":{"_kad_blocks_custom_css":"","_kad_blocks_head_custom_js":"","_kad_blocks_body_custom_js":"","_kad_blocks_footer_custom_js":"","_kad_post_transparent":"","_kad_post_title":"","_kad_post_layout":"","_kad_post_sidebar_id":"","_kad_post_content_style":"","_kad_post_vertical_padding":"","_kad_post_feature":"","_kad_post_feature_position":"","_kad_post_header":false,"_kad_post_footer":false,"_kad_post_classname":""},"product_brand":[],"product_cat":[172],"product_tag":[],"class_list":{"0":"post-9121","1":"product","2":"type-product","3":"status-publish","4":"has-post-thumbnail","6":"product_cat-home","8":"first","9":"outofstock","10":"taxable","11":"shipping-taxable","12":"product-type-simple","13":"entry","14":"content-bg","15":"loop-entry"},"yoast_head":"<!-- This site is optimized with the Yoast SEO plugin v27.2 - https:\/\/yoast.com\/product\/yoast-seo-wordpress\/ -->\n<title>NANOCLEAN HOME H12 AC POWER CLEAN - NANOCLEAN<\/title>\n<meta name=\"robots\" content=\"index, follow, max-snippet:-1, max-image-preview:large, max-video-preview:-1\" \/>\n<link rel=\"canonical\" href=\"https:\/\/nanoclean24.com\/de\/produkte\/nanoclean-home-h12-ac-power-clean\/\" \/>\n<meta property=\"og:locale\" content=\"de_DE\" \/>\n<meta property=\"og:type\" content=\"article\" \/>\n<meta property=\"og:title\" content=\"NANOCLEAN HOME H12 AC POWER CLEAN - NANOCLEAN\" \/>\n<meta property=\"og:description\" content=\"Vorteile \u2705 Pr\u00e4zisionsreinigung von Komponenten - Reinigt Kondensatorlamellen, Spulen und L\u00fcftergeh\u00e4use gr\u00fcndlich und entfernt selbst hartn\u00e4ckigen Schmutz. \u2705 Maximiert die Systemeffizienz - Verbessert die W\u00e4rme\u00fcbertragungseffizienz und verhindert Energieverluste, wodurch die Betriebskosten gesenkt werden. \u2705 S ch\u00fctzt vor Ausf\u00e4llen - Verhindert wirksam \u00dcberhitzung und vorzeitige Systemausf\u00e4lle und verl\u00e4ngert so die Lebensdauer des Ger\u00e4ts. \u2705 Schnelles und sicheres Absp\u00fclen - Die leicht aussp\u00fclbare Formel hinterl\u00e4sst keine R\u00fcckst\u00e4nde und besch\u00e4digt keine empfindlichen Oberfl\u00e4chen. \u2705 Von der Heim- bis zur Industrieanwendung - Ideal f\u00fcr Au\u00dfenklimager\u00e4te im privaten und gewerblichen Bereich, die professionellen Standards entsprechen. \u2705 Optimiert den Luftstrom - Stellt den freien Luftstrom wieder her und reduziert die Kompressorlast f\u00fcr einen leiseren und effizienteren Betrieb.\" \/>\n<meta property=\"og:url\" content=\"https:\/\/nanoclean24.com\/de\/produkte\/nanoclean-home-h12-ac-power-clean\/\" \/>\n<meta property=\"og:site_name\" content=\"NANOCLEAN\" \/>\n<meta property=\"article:modified_time\" content=\"2025-11-02T13:47:42+00:00\" \/>\n<meta property=\"og:image\" content=\"https:\/\/nanoclean24.com\/wp-content\/uploads\/2025\/10\/h12-1.png\" \/>\n\t<meta property=\"og:image:width\" content=\"1010\" \/>\n\t<meta property=\"og:image:height\" content=\"1010\" \/>\n\t<meta property=\"og:image:type\" content=\"image\/png\" \/>\n<meta name=\"twitter:card\" content=\"summary_large_image\" \/>\n<script type=\"application\/ld+json\" class=\"yoast-schema-graph\">{\"@context\":\"https:\/\/schema.org\",\"@graph\":[{\"@type\":\"WebPage\",\"@id\":\"https:\/\/nanoclean24.com\/de\/produkte\/nanoclean-home-h12-ac-power-clean\/\",\"url\":\"https:\/\/nanoclean24.com\/de\/produkte\/nanoclean-home-h12-ac-power-clean\/\",\"name\":\"NANOCLEAN HOME H12 AC POWER CLEAN - NANOCLEAN\",\"isPartOf\":{\"@id\":\"https:\/\/nanoclean24.com\/de\/#website\"},\"primaryImageOfPage\":{\"@id\":\"https:\/\/nanoclean24.com\/de\/produkte\/nanoclean-home-h12-ac-power-clean\/#primaryimage\"},\"image\":{\"@id\":\"https:\/\/nanoclean24.com\/de\/produkte\/nanoclean-home-h12-ac-power-clean\/#primaryimage\"},\"thumbnailUrl\":\"https:\/\/nanoclean24.com\/wp-content\/uploads\/2025\/10\/h12-1.png\",\"datePublished\":\"2025-10-17T19:18:10+00:00\",\"dateModified\":\"2025-11-02T13:47:42+00:00\",\"breadcrumb\":{\"@id\":\"https:\/\/nanoclean24.com\/de\/produkte\/nanoclean-home-h12-ac-power-clean\/#breadcrumb\"},\"inLanguage\":\"de\",\"potentialAction\":[{\"@type\":\"ReadAction\",\"target\":[\"https:\/\/nanoclean24.com\/de\/produkte\/nanoclean-home-h12-ac-power-clean\/\"]}]},{\"@type\":\"ImageObject\",\"inLanguage\":\"de\",\"@id\":\"https:\/\/nanoclean24.com\/de\/produkte\/nanoclean-home-h12-ac-power-clean\/#primaryimage\",\"url\":\"https:\/\/nanoclean24.com\/wp-content\/uploads\/2025\/10\/h12-1.png\",\"contentUrl\":\"https:\/\/nanoclean24.com\/wp-content\/uploads\/2025\/10\/h12-1.png\",\"width\":1010,\"height\":1010},{\"@type\":\"BreadcrumbList\",\"@id\":\"https:\/\/nanoclean24.com\/de\/produkte\/nanoclean-home-h12-ac-power-clean\/#breadcrumb\",\"itemListElement\":[{\"@type\":\"ListItem\",\"position\":1,\"name\":\"Strona g\u0142\u00f3wna\",\"item\":\"https:\/\/nanoclean24.com\/de\/\"},{\"@type\":\"ListItem\",\"position\":2,\"name\":\"Shop\",\"item\":\"https:\/\/nanoclean24.com\/de\/shop\/\"},{\"@type\":\"ListItem\",\"position\":3,\"name\":\"NANOCLEAN HOME H12 AC POWER CLEAN\"}]},{\"@type\":\"WebSite\",\"@id\":\"https:\/\/nanoclean24.com\/de\/#website\",\"url\":\"https:\/\/nanoclean24.com\/de\/\",\"name\":\"NanoClean\",\"description\":\"\",\"publisher\":{\"@id\":\"https:\/\/nanoclean24.com\/de\/#organization\"},\"potentialAction\":[{\"@type\":\"SearchAction\",\"target\":{\"@type\":\"EntryPoint\",\"urlTemplate\":\"https:\/\/nanoclean24.com\/de\/?s={search_term_string}\"},\"query-input\":{\"@type\":\"PropertyValueSpecification\",\"valueRequired\":true,\"valueName\":\"search_term_string\"}}],\"inLanguage\":\"de\"},{\"@type\":\"Organization\",\"@id\":\"https:\/\/nanoclean24.com\/de\/#organization\",\"name\":\"NanoClean\",\"url\":\"https:\/\/nanoclean24.com\/de\/\",\"logo\":{\"@type\":\"ImageObject\",\"inLanguage\":\"de\",\"@id\":\"https:\/\/nanoclean24.com\/de\/#\/schema\/logo\/image\/\",\"url\":\"https:\/\/nanoclean24.com\/wp-content\/uploads\/2025\/07\/logo-2.jpg\",\"contentUrl\":\"https:\/\/nanoclean24.com\/wp-content\/uploads\/2025\/07\/logo-2.jpg\",\"width\":1068,\"height\":224,\"caption\":\"NanoClean\"},\"image\":{\"@id\":\"https:\/\/nanoclean24.com\/de\/#\/schema\/logo\/image\/\"}}]}<\/script>\n<!-- \/ Yoast SEO plugin. -->","yoast_head_json":{"title":"NANOCLEAN HOME H12 AC POWER CLEAN - NANOCLEAN","robots":{"index":"index","follow":"follow","max-snippet":"max-snippet:-1","max-image-preview":"max-image-preview:large","max-video-preview":"max-video-preview:-1"},"canonical":"https:\/\/nanoclean24.com\/de\/produkte\/nanoclean-home-h12-ac-power-clean\/","og_locale":"de_DE","og_type":"article","og_title":"NANOCLEAN HOME H12 AC POWER CLEAN - NANOCLEAN","og_description":"Vorteile \u2705 Pr\u00e4zisionsreinigung von Komponenten - Reinigt Kondensatorlamellen, Spulen und L\u00fcftergeh\u00e4use gr\u00fcndlich und entfernt selbst hartn\u00e4ckigen Schmutz. \u2705 Maximiert die Systemeffizienz - Verbessert die W\u00e4rme\u00fcbertragungseffizienz und verhindert Energieverluste, wodurch die Betriebskosten gesenkt werden. \u2705 S ch\u00fctzt vor Ausf\u00e4llen - Verhindert wirksam \u00dcberhitzung und vorzeitige Systemausf\u00e4lle und verl\u00e4ngert so die Lebensdauer des Ger\u00e4ts. \u2705 Schnelles und sicheres Absp\u00fclen - Die leicht aussp\u00fclbare Formel hinterl\u00e4sst keine R\u00fcckst\u00e4nde und besch\u00e4digt keine empfindlichen Oberfl\u00e4chen. \u2705 Von der Heim- bis zur Industrieanwendung - Ideal f\u00fcr Au\u00dfenklimager\u00e4te im privaten und gewerblichen Bereich, die professionellen Standards entsprechen. \u2705 Optimiert den Luftstrom - Stellt den freien Luftstrom wieder her und reduziert die Kompressorlast f\u00fcr einen leiseren und effizienteren Betrieb.","og_url":"https:\/\/nanoclean24.com\/de\/produkte\/nanoclean-home-h12-ac-power-clean\/","og_site_name":"NANOCLEAN","article_modified_time":"2025-11-02T13:47:42+00:00","og_image":[{"width":1010,"height":1010,"url":"https:\/\/nanoclean24.com\/wp-content\/uploads\/2025\/10\/h12-1.png","type":"image\/png"}],"twitter_card":"summary_large_image","schema":{"@context":"https:\/\/schema.org","@graph":[{"@type":"WebPage","@id":"https:\/\/nanoclean24.com\/de\/produkte\/nanoclean-home-h12-ac-power-clean\/","url":"https:\/\/nanoclean24.com\/de\/produkte\/nanoclean-home-h12-ac-power-clean\/","name":"NANOCLEAN HOME H12 AC POWER CLEAN - NANOCLEAN","isPartOf":{"@id":"https:\/\/nanoclean24.com\/de\/#website"},"primaryImageOfPage":{"@id":"https:\/\/nanoclean24.com\/de\/produkte\/nanoclean-home-h12-ac-power-clean\/#primaryimage"},"image":{"@id":"https:\/\/nanoclean24.com\/de\/produkte\/nanoclean-home-h12-ac-power-clean\/#primaryimage"},"thumbnailUrl":"https:\/\/nanoclean24.com\/wp-content\/uploads\/2025\/10\/h12-1.png","datePublished":"2025-10-17T19:18:10+00:00","dateModified":"2025-11-02T13:47:42+00:00","breadcrumb":{"@id":"https:\/\/nanoclean24.com\/de\/produkte\/nanoclean-home-h12-ac-power-clean\/#breadcrumb"},"inLanguage":"de","potentialAction":[{"@type":"ReadAction","target":["https:\/\/nanoclean24.com\/de\/produkte\/nanoclean-home-h12-ac-power-clean\/"]}]},{"@type":"ImageObject","inLanguage":"de","@id":"https:\/\/nanoclean24.com\/de\/produkte\/nanoclean-home-h12-ac-power-clean\/#primaryimage","url":"https:\/\/nanoclean24.com\/wp-content\/uploads\/2025\/10\/h12-1.png","contentUrl":"https:\/\/nanoclean24.com\/wp-content\/uploads\/2025\/10\/h12-1.png","width":1010,"height":1010},{"@type":"BreadcrumbList","@id":"https:\/\/nanoclean24.com\/de\/produkte\/nanoclean-home-h12-ac-power-clean\/#breadcrumb","itemListElement":[{"@type":"ListItem","position":1,"name":"Strona g\u0142\u00f3wna","item":"https:\/\/nanoclean24.com\/de\/"},{"@type":"ListItem","position":2,"name":"Shop","item":"https:\/\/nanoclean24.com\/de\/shop\/"},{"@type":"ListItem","position":3,"name":"NANOCLEAN HOME H12 AC POWER CLEAN"}]},{"@type":"WebSite","@id":"https:\/\/nanoclean24.com\/de\/#website","url":"https:\/\/nanoclean24.com\/de\/","name":"NanoClean","description":"","publisher":{"@id":"https:\/\/nanoclean24.com\/de\/#organization"},"potentialAction":[{"@type":"SearchAction","target":{"@type":"EntryPoint","urlTemplate":"https:\/\/nanoclean24.com\/de\/?s={search_term_string}"},"query-input":{"@type":"PropertyValueSpecification","valueRequired":true,"valueName":"search_term_string"}}],"inLanguage":"de"},{"@type":"Organization","@id":"https:\/\/nanoclean24.com\/de\/#organization","name":"NanoClean","url":"https:\/\/nanoclean24.com\/de\/","logo":{"@type":"ImageObject","inLanguage":"de","@id":"https:\/\/nanoclean24.com\/de\/#\/schema\/logo\/image\/","url":"https:\/\/nanoclean24.com\/wp-content\/uploads\/2025\/07\/logo-2.jpg","contentUrl":"https:\/\/nanoclean24.com\/wp-content\/uploads\/2025\/07\/logo-2.jpg","width":1068,"height":224,"caption":"NanoClean"},"image":{"@id":"https:\/\/nanoclean24.com\/de\/#\/schema\/logo\/image\/"}}]}},"taxonomy_info":{"product_cat":[{"value":172,"label":"HOME"}]},"featured_image_src_large":["https:\/\/nanoclean24.com\/wp-content\/uploads\/2025\/10\/h12-1.png",1010,1010,false],"author_info":[],"comment_info":"","_links":{"self":[{"href":"https:\/\/nanoclean24.com\/de\/wp-json\/wp\/v2\/product\/9121","targetHints":{"allow":["GET"]}}],"collection":[{"href":"https:\/\/nanoclean24.com\/de\/wp-json\/wp\/v2\/product"}],"about":[{"href":"https:\/\/nanoclean24.com\/de\/wp-json\/wp\/v2\/types\/product"}],"wp:featuredmedia":[{"embeddable":true,"href":"https:\/\/nanoclean24.com\/de\/wp-json\/wp\/v2\/media\/10175"}],"wp:attachment":[{"href":"https:\/\/nanoclean24.com\/de\/wp-json\/wp\/v2\/media?parent=9121"}],"wp:term":[{"taxonomy":"product_brand","embeddable":true,"href":"https:\/\/nanoclean24.com\/de\/wp-json\/wp\/v2\/product_brand?post=9121"},{"taxonomy":"product_cat","embeddable":true,"href":"https:\/\/nanoclean24.com\/de\/wp-json\/wp\/v2\/product_cat?post=9121"},{"taxonomy":"product_tag","embeddable":true,"href":"https:\/\/nanoclean24.com\/de\/wp-json\/wp\/v2\/product_tag?post=9121"}],"curies":[{"name":"wp","href":"https:\/\/api.w.org\/{rel}","templated":true}]}}