{"id":9120,"date":"2025-10-17T21:43:46","date_gmt":"2025-10-17T19:43:46","guid":{"rendered":"https:\/\/nanoclean24.com\/produkt\/nanoclean-home-h53-gewebe-bleachpower\/"},"modified":"2025-11-02T15:55:45","modified_gmt":"2025-11-02T14:55:45","slug":"nanoclean-home-h53-gewebe-bleachpower","status":"publish","type":"product","link":"https:\/\/nanoclean24.com\/de\/produkte\/nanoclean-home-h53-gewebe-bleachpower\/","title":{"rendered":"NANOCLEAN HOME H53 GEWEBE BLEACHPOWER"},"content":{"rendered":"\n<p>NANOCLEAN HOME H53 FABRIC BLEACH POWER ist ein gebrauchsfertiges Aufhellungsspray f\u00fcr helle Stoffe und Polster. Entfernt sicher Vergilbungen, Vergrauungen, organische Flecken und Anzeichen von Mattheit, die durch Schwei\u00df, Lebensmittel, Schimmel oder Alterung verursacht werden. Die fortschrittliche Formel stellt die nat\u00fcrliche Farbe von Sofas, Kissen, Autositzen, Vorh\u00e4ngen und anderen Textiloberfl\u00e4chen wieder her \u2013 ohne Fasern zu besch\u00e4digen und ohne R\u00fcckst\u00e4nde zu hinterlassen. Sicher f\u00fcr Baumwolle, Polyester und Mischgewebe.   <\/p>\n","protected":false},"excerpt":{"rendered":"<h3>Vorteile<\/h3>\n<p class=\"whitespace-normal break-words\"><strong>\u2705 Stellt die Wei\u00dfe wieder her und beseitigt gelbe Verf\u00e4rbungen<\/strong> &#8211; Stellt die urspr\u00fcngliche Helligkeit von Textilien wieder her und beseitigt unansehnliche, durch die Zeit verursachte Vergilbungen.<\/p>\n<p class=\"whitespace-normal break-words\">\u2705 <strong>Praktisch in der Anwendung<\/strong> &#8211; Sofort einsatzbereit, ohne Verd\u00fcnnung oder Vorbereitung der Mischung.<\/p>\n<p class=\"whitespace-normal break-words\">\u2705 S<strong>chonend f\u00fcr helle Stoffe &#8211; Sicher f\u00fcr die<\/strong> meisten hellen Stoffe, Polster und empfindliche Fasern, ohne sie zu besch\u00e4digen.<\/p>\n<p class=\"whitespace-normal break-words\">\u2705 <strong>Bek\u00e4mpft eine Vielzahl von Flecken<\/strong> &#8211; Entfernt wirksam Flecken von Lebensmitteln, Schimmel, Schwei\u00df und Verf\u00e4rbungen, die durch die nat\u00fcrliche Alterung von Materialien entstehen.<\/p>\n<p class=\"whitespace-normal break-words\">\u2705 S<strong>auberes Finish ohne R\u00fcckst\u00e4nde<\/strong> &#8211; Hinterl\u00e4sst keine R\u00fcckst\u00e4nde oder einen klebrigen Film und sorgt f\u00fcr ein frisches und hygienisches Finish der Textilien.<\/p>\n","protected":false},"featured_media":10254,"template":"","meta":{"_kad_blocks_custom_css":"","_kad_blocks_head_custom_js":"","_kad_blocks_body_custom_js":"","_kad_blocks_footer_custom_js":"","_kad_post_transparent":"","_kad_post_title":"","_kad_post_layout":"","_kad_post_sidebar_id":"","_kad_post_content_style":"","_kad_post_vertical_padding":"","_kad_post_feature":"","_kad_post_feature_position":"","_kad_post_header":false,"_kad_post_footer":false,"_kad_post_classname":""},"product_brand":[],"product_cat":[172],"product_tag":[],"class_list":{"0":"post-9120","1":"product","2":"type-product","3":"status-publish","4":"has-post-thumbnail","6":"product_cat-home","8":"first","9":"outofstock","10":"taxable","11":"shipping-taxable","12":"product-type-simple","13":"entry","14":"content-bg","15":"loop-entry"},"yoast_head":"<!-- This site is optimized with the Yoast SEO plugin v27.4 - https:\/\/yoast.com\/product\/yoast-seo-wordpress\/ -->\n<title>NANOCLEAN HOME H53 GEWEBE BLEACHPOWER - NANOCLEAN<\/title>\n<meta name=\"robots\" content=\"index, follow, max-snippet:-1, max-image-preview:large, max-video-preview:-1\" \/>\n<link rel=\"canonical\" href=\"https:\/\/nanoclean24.com\/de\/produkte\/nanoclean-home-h53-gewebe-bleachpower\/\" \/>\n<meta property=\"og:locale\" content=\"de_DE\" \/>\n<meta property=\"og:type\" content=\"article\" \/>\n<meta property=\"og:title\" content=\"NANOCLEAN HOME H53 GEWEBE BLEACHPOWER - NANOCLEAN\" \/>\n<meta property=\"og:description\" content=\"Vorteile \u2705 Stellt die Wei\u00dfe wieder her und beseitigt gelbe Verf\u00e4rbungen - Stellt die urspr\u00fcngliche Helligkeit von Textilien wieder her und beseitigt unansehnliche, durch die Zeit verursachte Vergilbungen. \u2705 Praktisch in der Anwendung - Sofort einsatzbereit, ohne Verd\u00fcnnung oder Vorbereitung der Mischung. \u2705 Schonend f\u00fcr helle Stoffe - Sicher f\u00fcr die meisten hellen Stoffe, Polster und empfindliche Fasern, ohne sie zu besch\u00e4digen. \u2705 Bek\u00e4mpft eine Vielzahl von Flecken - Entfernt wirksam Flecken von Lebensmitteln, Schimmel, Schwei\u00df und Verf\u00e4rbungen, die durch die nat\u00fcrliche Alterung von Materialien entstehen. \u2705 Sauberes Finish ohne R\u00fcckst\u00e4nde - Hinterl\u00e4sst keine R\u00fcckst\u00e4nde oder einen klebrigen Film und sorgt f\u00fcr ein frisches und hygienisches Finish der Textilien.\" \/>\n<meta property=\"og:url\" content=\"https:\/\/nanoclean24.com\/de\/produkte\/nanoclean-home-h53-gewebe-bleachpower\/\" \/>\n<meta property=\"og:site_name\" content=\"NANOCLEAN\" \/>\n<meta property=\"article:modified_time\" content=\"2025-11-02T14:55:45+00:00\" \/>\n<meta property=\"og:image\" content=\"https:\/\/nanoclean24.com\/wp-content\/uploads\/2025\/10\/h53-1.png\" \/>\n\t<meta property=\"og:image:width\" content=\"1010\" \/>\n\t<meta property=\"og:image:height\" content=\"1010\" \/>\n\t<meta property=\"og:image:type\" content=\"image\/png\" \/>\n<meta name=\"twitter:card\" content=\"summary_large_image\" \/>\n<script type=\"application\/ld+json\" class=\"yoast-schema-graph\">{\"@context\":\"https:\\\/\\\/schema.org\",\"@graph\":[{\"@type\":\"WebPage\",\"@id\":\"https:\\\/\\\/nanoclean24.com\\\/de\\\/produkte\\\/nanoclean-home-h53-gewebe-bleachpower\\\/\",\"url\":\"https:\\\/\\\/nanoclean24.com\\\/de\\\/produkte\\\/nanoclean-home-h53-gewebe-bleachpower\\\/\",\"name\":\"NANOCLEAN HOME H53 GEWEBE BLEACHPOWER - NANOCLEAN\",\"isPartOf\":{\"@id\":\"https:\\\/\\\/nanoclean24.com\\\/de\\\/#website\"},\"primaryImageOfPage\":{\"@id\":\"https:\\\/\\\/nanoclean24.com\\\/de\\\/produkte\\\/nanoclean-home-h53-gewebe-bleachpower\\\/#primaryimage\"},\"image\":{\"@id\":\"https:\\\/\\\/nanoclean24.com\\\/de\\\/produkte\\\/nanoclean-home-h53-gewebe-bleachpower\\\/#primaryimage\"},\"thumbnailUrl\":\"https:\\\/\\\/nanoclean24.com\\\/wp-content\\\/uploads\\\/2025\\\/10\\\/h53-1.png\",\"datePublished\":\"2025-10-17T19:43:46+00:00\",\"dateModified\":\"2025-11-02T14:55:45+00:00\",\"breadcrumb\":{\"@id\":\"https:\\\/\\\/nanoclean24.com\\\/de\\\/produkte\\\/nanoclean-home-h53-gewebe-bleachpower\\\/#breadcrumb\"},\"inLanguage\":\"de\",\"potentialAction\":[{\"@type\":\"ReadAction\",\"target\":[\"https:\\\/\\\/nanoclean24.com\\\/de\\\/produkte\\\/nanoclean-home-h53-gewebe-bleachpower\\\/\"]}]},{\"@type\":\"ImageObject\",\"inLanguage\":\"de\",\"@id\":\"https:\\\/\\\/nanoclean24.com\\\/de\\\/produkte\\\/nanoclean-home-h53-gewebe-bleachpower\\\/#primaryimage\",\"url\":\"https:\\\/\\\/nanoclean24.com\\\/wp-content\\\/uploads\\\/2025\\\/10\\\/h53-1.png\",\"contentUrl\":\"https:\\\/\\\/nanoclean24.com\\\/wp-content\\\/uploads\\\/2025\\\/10\\\/h53-1.png\",\"width\":1010,\"height\":1010},{\"@type\":\"BreadcrumbList\",\"@id\":\"https:\\\/\\\/nanoclean24.com\\\/de\\\/produkte\\\/nanoclean-home-h53-gewebe-bleachpower\\\/#breadcrumb\",\"itemListElement\":[{\"@type\":\"ListItem\",\"position\":1,\"name\":\"Strona g\u0142\u00f3wna\",\"item\":\"https:\\\/\\\/nanoclean24.com\\\/de\\\/\"},{\"@type\":\"ListItem\",\"position\":2,\"name\":\"Shop\",\"item\":\"https:\\\/\\\/nanoclean24.com\\\/de\\\/shop\\\/\"},{\"@type\":\"ListItem\",\"position\":3,\"name\":\"NANOCLEAN HOME H53 GEWEBE BLEACHPOWER\"}]},{\"@type\":\"WebSite\",\"@id\":\"https:\\\/\\\/nanoclean24.com\\\/de\\\/#website\",\"url\":\"https:\\\/\\\/nanoclean24.com\\\/de\\\/\",\"name\":\"NanoClean\",\"description\":\"\",\"publisher\":{\"@id\":\"https:\\\/\\\/nanoclean24.com\\\/de\\\/#organization\"},\"potentialAction\":[{\"@type\":\"SearchAction\",\"target\":{\"@type\":\"EntryPoint\",\"urlTemplate\":\"https:\\\/\\\/nanoclean24.com\\\/de\\\/?s={search_term_string}\"},\"query-input\":{\"@type\":\"PropertyValueSpecification\",\"valueRequired\":true,\"valueName\":\"search_term_string\"}}],\"inLanguage\":\"de\"},{\"@type\":\"Organization\",\"@id\":\"https:\\\/\\\/nanoclean24.com\\\/de\\\/#organization\",\"name\":\"NanoClean\",\"url\":\"https:\\\/\\\/nanoclean24.com\\\/de\\\/\",\"logo\":{\"@type\":\"ImageObject\",\"inLanguage\":\"de\",\"@id\":\"https:\\\/\\\/nanoclean24.com\\\/de\\\/#\\\/schema\\\/logo\\\/image\\\/\",\"url\":\"https:\\\/\\\/nanoclean24.com\\\/wp-content\\\/uploads\\\/2025\\\/07\\\/logo-2.jpg\",\"contentUrl\":\"https:\\\/\\\/nanoclean24.com\\\/wp-content\\\/uploads\\\/2025\\\/07\\\/logo-2.jpg\",\"width\":1068,\"height\":224,\"caption\":\"NanoClean\"},\"image\":{\"@id\":\"https:\\\/\\\/nanoclean24.com\\\/de\\\/#\\\/schema\\\/logo\\\/image\\\/\"}}]}<\/script>\n<!-- \/ Yoast SEO plugin. -->","yoast_head_json":{"title":"NANOCLEAN HOME H53 GEWEBE BLEACHPOWER - NANOCLEAN","robots":{"index":"index","follow":"follow","max-snippet":"max-snippet:-1","max-image-preview":"max-image-preview:large","max-video-preview":"max-video-preview:-1"},"canonical":"https:\/\/nanoclean24.com\/de\/produkte\/nanoclean-home-h53-gewebe-bleachpower\/","og_locale":"de_DE","og_type":"article","og_title":"NANOCLEAN HOME H53 GEWEBE BLEACHPOWER - NANOCLEAN","og_description":"Vorteile \u2705 Stellt die Wei\u00dfe wieder her und beseitigt gelbe Verf\u00e4rbungen - Stellt die urspr\u00fcngliche Helligkeit von Textilien wieder her und beseitigt unansehnliche, durch die Zeit verursachte Vergilbungen. \u2705 Praktisch in der Anwendung - Sofort einsatzbereit, ohne Verd\u00fcnnung oder Vorbereitung der Mischung. \u2705 Schonend f\u00fcr helle Stoffe - Sicher f\u00fcr die meisten hellen Stoffe, Polster und empfindliche Fasern, ohne sie zu besch\u00e4digen. \u2705 Bek\u00e4mpft eine Vielzahl von Flecken - Entfernt wirksam Flecken von Lebensmitteln, Schimmel, Schwei\u00df und Verf\u00e4rbungen, die durch die nat\u00fcrliche Alterung von Materialien entstehen. \u2705 Sauberes Finish ohne R\u00fcckst\u00e4nde - Hinterl\u00e4sst keine R\u00fcckst\u00e4nde oder einen klebrigen Film und sorgt f\u00fcr ein frisches und hygienisches Finish der Textilien.","og_url":"https:\/\/nanoclean24.com\/de\/produkte\/nanoclean-home-h53-gewebe-bleachpower\/","og_site_name":"NANOCLEAN","article_modified_time":"2025-11-02T14:55:45+00:00","og_image":[{"width":1010,"height":1010,"url":"https:\/\/nanoclean24.com\/wp-content\/uploads\/2025\/10\/h53-1.png","type":"image\/png"}],"twitter_card":"summary_large_image","schema":{"@context":"https:\/\/schema.org","@graph":[{"@type":"WebPage","@id":"https:\/\/nanoclean24.com\/de\/produkte\/nanoclean-home-h53-gewebe-bleachpower\/","url":"https:\/\/nanoclean24.com\/de\/produkte\/nanoclean-home-h53-gewebe-bleachpower\/","name":"NANOCLEAN HOME H53 GEWEBE BLEACHPOWER - NANOCLEAN","isPartOf":{"@id":"https:\/\/nanoclean24.com\/de\/#website"},"primaryImageOfPage":{"@id":"https:\/\/nanoclean24.com\/de\/produkte\/nanoclean-home-h53-gewebe-bleachpower\/#primaryimage"},"image":{"@id":"https:\/\/nanoclean24.com\/de\/produkte\/nanoclean-home-h53-gewebe-bleachpower\/#primaryimage"},"thumbnailUrl":"https:\/\/nanoclean24.com\/wp-content\/uploads\/2025\/10\/h53-1.png","datePublished":"2025-10-17T19:43:46+00:00","dateModified":"2025-11-02T14:55:45+00:00","breadcrumb":{"@id":"https:\/\/nanoclean24.com\/de\/produkte\/nanoclean-home-h53-gewebe-bleachpower\/#breadcrumb"},"inLanguage":"de","potentialAction":[{"@type":"ReadAction","target":["https:\/\/nanoclean24.com\/de\/produkte\/nanoclean-home-h53-gewebe-bleachpower\/"]}]},{"@type":"ImageObject","inLanguage":"de","@id":"https:\/\/nanoclean24.com\/de\/produkte\/nanoclean-home-h53-gewebe-bleachpower\/#primaryimage","url":"https:\/\/nanoclean24.com\/wp-content\/uploads\/2025\/10\/h53-1.png","contentUrl":"https:\/\/nanoclean24.com\/wp-content\/uploads\/2025\/10\/h53-1.png","width":1010,"height":1010},{"@type":"BreadcrumbList","@id":"https:\/\/nanoclean24.com\/de\/produkte\/nanoclean-home-h53-gewebe-bleachpower\/#breadcrumb","itemListElement":[{"@type":"ListItem","position":1,"name":"Strona g\u0142\u00f3wna","item":"https:\/\/nanoclean24.com\/de\/"},{"@type":"ListItem","position":2,"name":"Shop","item":"https:\/\/nanoclean24.com\/de\/shop\/"},{"@type":"ListItem","position":3,"name":"NANOCLEAN HOME H53 GEWEBE BLEACHPOWER"}]},{"@type":"WebSite","@id":"https:\/\/nanoclean24.com\/de\/#website","url":"https:\/\/nanoclean24.com\/de\/","name":"NanoClean","description":"","publisher":{"@id":"https:\/\/nanoclean24.com\/de\/#organization"},"potentialAction":[{"@type":"SearchAction","target":{"@type":"EntryPoint","urlTemplate":"https:\/\/nanoclean24.com\/de\/?s={search_term_string}"},"query-input":{"@type":"PropertyValueSpecification","valueRequired":true,"valueName":"search_term_string"}}],"inLanguage":"de"},{"@type":"Organization","@id":"https:\/\/nanoclean24.com\/de\/#organization","name":"NanoClean","url":"https:\/\/nanoclean24.com\/de\/","logo":{"@type":"ImageObject","inLanguage":"de","@id":"https:\/\/nanoclean24.com\/de\/#\/schema\/logo\/image\/","url":"https:\/\/nanoclean24.com\/wp-content\/uploads\/2025\/07\/logo-2.jpg","contentUrl":"https:\/\/nanoclean24.com\/wp-content\/uploads\/2025\/07\/logo-2.jpg","width":1068,"height":224,"caption":"NanoClean"},"image":{"@id":"https:\/\/nanoclean24.com\/de\/#\/schema\/logo\/image\/"}}]}},"taxonomy_info":{"product_cat":[{"value":172,"label":"HOME"}]},"featured_image_src_large":["https:\/\/nanoclean24.com\/wp-content\/uploads\/2025\/10\/h53-1.png",1010,1010,false],"author_info":[],"comment_info":"","_links":{"self":[{"href":"https:\/\/nanoclean24.com\/de\/wp-json\/wp\/v2\/product\/9120","targetHints":{"allow":["GET"]}}],"collection":[{"href":"https:\/\/nanoclean24.com\/de\/wp-json\/wp\/v2\/product"}],"about":[{"href":"https:\/\/nanoclean24.com\/de\/wp-json\/wp\/v2\/types\/product"}],"wp:featuredmedia":[{"embeddable":true,"href":"https:\/\/nanoclean24.com\/de\/wp-json\/wp\/v2\/media\/10254"}],"wp:attachment":[{"href":"https:\/\/nanoclean24.com\/de\/wp-json\/wp\/v2\/media?parent=9120"}],"wp:term":[{"taxonomy":"product_brand","embeddable":true,"href":"https:\/\/nanoclean24.com\/de\/wp-json\/wp\/v2\/product_brand?post=9120"},{"taxonomy":"product_cat","embeddable":true,"href":"https:\/\/nanoclean24.com\/de\/wp-json\/wp\/v2\/product_cat?post=9120"},{"taxonomy":"product_tag","embeddable":true,"href":"https:\/\/nanoclean24.com\/de\/wp-json\/wp\/v2\/product_tag?post=9120"}],"curies":[{"name":"wp","href":"https:\/\/api.w.org\/{rel}","templated":true}]}}