{"id":9107,"date":"2025-10-17T21:21:05","date_gmt":"2025-10-17T19:21:05","guid":{"rendered":"https:\/\/nanoclean24.com\/produkt\/nanoclean-home-h13-ac-rost-und-kalkentferner\/"},"modified":"2025-11-02T14:51:08","modified_gmt":"2025-11-02T13:51:08","slug":"nanoclean-home-h13-ac-rost-und-kalkentferner","status":"publish","type":"product","link":"https:\/\/nanoclean24.com\/de\/produkte\/nanoclean-home-h13-ac-rost-und-kalkentferner\/","title":{"rendered":"NANOCLEAN HOME H13 AC ROST- UND KALKENTFERNER"},"content":{"rendered":"\n<p>NANOCLEAN AC RUST &amp; SCALE REMOVER ist eine leistungsstarke, s\u00e4urehaltige Formel zur Entfernung von Rostflecken, Kalkablagerungen und Umweltverschmutzungen von Klimaanlagen im Au\u00dfenbereich, Metallkonstruktionen, glasierten B\u00f6den und Terrassen. Ideal zur Wiederherstellung der Sauberkeit von vernachl\u00e4ssigten oder verschmutzten Klimager\u00e4tegeh\u00e4usen und tragenden Komponenten. Nur auf s\u00e4urebest\u00e4ndigen Oberfl\u00e4chen verwenden. Nach der Anwendung immer gr\u00fcndlich mit klarem Wasser absp\u00fclen.   <\/p>\n","protected":false},"excerpt":{"rendered":"<h3>Vorteile<\/h3>\n<p class=\"whitespace-normal break-words\"><strong>\u2705 Entfernt wirksam hartn\u00e4ckige Ablagerungen<\/strong> &#8211; L\u00f6st wirksam hartn\u00e4ckige Rostflecken und Mineralablagerungen und gibt Oberfl\u00e4chen ihr urspr\u00fcngliches Aussehen zur\u00fcck.<\/p>\n<p class=\"whitespace-normal break-words\"><strong>\u2705 Erneuert das \u00c4u\u00dfere von Klimaanlagen<\/strong> &#8211; Stellt die Sauberkeit und das \u00e4sthetische Aussehen der Geh\u00e4use und Sockel von Au\u00dfenklimaanlagen wieder her.<\/p>\n<p class=\"whitespace-normal break-words\">\u2705 <strong>Vielseitiger Einsatz im Au\u00dfenbereich<\/strong> &#8211; Ideal f\u00fcr Klimager\u00e4tegeh\u00e4use, Metallst\u00fctzen, Betonb\u00f6den, Fliesen und Terrassen.<\/p>\n<p class=\"whitespace-normal break-words\">\u2705 <strong>Professionelle Reinigungskraft<\/strong> &#8211; Schnell wirkende, s\u00e4urehaltige Formulierung mit professioneller St\u00e4rke, entwickelt f\u00fcr anspruchsvolle technische Anwendungen.<\/p>\n","protected":false},"featured_media":10179,"template":"","meta":{"_kad_blocks_custom_css":"","_kad_blocks_head_custom_js":"","_kad_blocks_body_custom_js":"","_kad_blocks_footer_custom_js":"","_kad_post_transparent":"","_kad_post_title":"","_kad_post_layout":"","_kad_post_sidebar_id":"","_kad_post_content_style":"","_kad_post_vertical_padding":"","_kad_post_feature":"","_kad_post_feature_position":"","_kad_post_header":false,"_kad_post_footer":false,"_kad_post_classname":""},"product_brand":[],"product_cat":[172],"product_tag":[],"class_list":{"0":"post-9107","1":"product","2":"type-product","3":"status-publish","4":"has-post-thumbnail","6":"product_cat-home","8":"first","9":"outofstock","10":"taxable","11":"shipping-taxable","12":"product-type-simple","13":"entry","14":"content-bg","15":"loop-entry"},"yoast_head":"<!-- This site is optimized with the Yoast SEO plugin v27.4 - https:\/\/yoast.com\/product\/yoast-seo-wordpress\/ -->\n<title>NANOCLEAN HOME H13 AC ROST- UND KALKENTFERNER - NANOCLEAN<\/title>\n<meta name=\"robots\" content=\"index, follow, max-snippet:-1, max-image-preview:large, max-video-preview:-1\" \/>\n<link rel=\"canonical\" href=\"https:\/\/nanoclean24.com\/de\/produkte\/nanoclean-home-h13-ac-rost-und-kalkentferner\/\" \/>\n<meta property=\"og:locale\" content=\"de_DE\" \/>\n<meta property=\"og:type\" content=\"article\" \/>\n<meta property=\"og:title\" content=\"NANOCLEAN HOME H13 AC ROST- UND KALKENTFERNER - NANOCLEAN\" \/>\n<meta property=\"og:description\" content=\"Vorteile \u2705 Entfernt wirksam hartn\u00e4ckige Ablagerungen - L\u00f6st wirksam hartn\u00e4ckige Rostflecken und Mineralablagerungen und gibt Oberfl\u00e4chen ihr urspr\u00fcngliches Aussehen zur\u00fcck. \u2705 Erneuert das \u00c4u\u00dfere von Klimaanlagen - Stellt die Sauberkeit und das \u00e4sthetische Aussehen der Geh\u00e4use und Sockel von Au\u00dfenklimaanlagen wieder her. \u2705 Vielseitiger Einsatz im Au\u00dfenbereich - Ideal f\u00fcr Klimager\u00e4tegeh\u00e4use, Metallst\u00fctzen, Betonb\u00f6den, Fliesen und Terrassen. \u2705 Professionelle Reinigungskraft - Schnell wirkende, s\u00e4urehaltige Formulierung mit professioneller St\u00e4rke, entwickelt f\u00fcr anspruchsvolle technische Anwendungen.\" \/>\n<meta property=\"og:url\" content=\"https:\/\/nanoclean24.com\/de\/produkte\/nanoclean-home-h13-ac-rost-und-kalkentferner\/\" \/>\n<meta property=\"og:site_name\" content=\"NANOCLEAN\" \/>\n<meta property=\"article:modified_time\" content=\"2025-11-02T13:51:08+00:00\" \/>\n<meta property=\"og:image\" content=\"https:\/\/nanoclean24.com\/wp-content\/uploads\/2025\/10\/h13-1.png\" \/>\n\t<meta property=\"og:image:width\" content=\"1010\" \/>\n\t<meta property=\"og:image:height\" content=\"1010\" \/>\n\t<meta property=\"og:image:type\" content=\"image\/png\" \/>\n<meta name=\"twitter:card\" content=\"summary_large_image\" \/>\n<script type=\"application\/ld+json\" class=\"yoast-schema-graph\">{\"@context\":\"https:\\\/\\\/schema.org\",\"@graph\":[{\"@type\":\"WebPage\",\"@id\":\"https:\\\/\\\/nanoclean24.com\\\/de\\\/produkte\\\/nanoclean-home-h13-ac-rost-und-kalkentferner\\\/\",\"url\":\"https:\\\/\\\/nanoclean24.com\\\/de\\\/produkte\\\/nanoclean-home-h13-ac-rost-und-kalkentferner\\\/\",\"name\":\"NANOCLEAN HOME H13 AC ROST- UND KALKENTFERNER - NANOCLEAN\",\"isPartOf\":{\"@id\":\"https:\\\/\\\/nanoclean24.com\\\/de\\\/#website\"},\"primaryImageOfPage\":{\"@id\":\"https:\\\/\\\/nanoclean24.com\\\/de\\\/produkte\\\/nanoclean-home-h13-ac-rost-und-kalkentferner\\\/#primaryimage\"},\"image\":{\"@id\":\"https:\\\/\\\/nanoclean24.com\\\/de\\\/produkte\\\/nanoclean-home-h13-ac-rost-und-kalkentferner\\\/#primaryimage\"},\"thumbnailUrl\":\"https:\\\/\\\/nanoclean24.com\\\/wp-content\\\/uploads\\\/2025\\\/10\\\/h13-1.png\",\"datePublished\":\"2025-10-17T19:21:05+00:00\",\"dateModified\":\"2025-11-02T13:51:08+00:00\",\"breadcrumb\":{\"@id\":\"https:\\\/\\\/nanoclean24.com\\\/de\\\/produkte\\\/nanoclean-home-h13-ac-rost-und-kalkentferner\\\/#breadcrumb\"},\"inLanguage\":\"de\",\"potentialAction\":[{\"@type\":\"ReadAction\",\"target\":[\"https:\\\/\\\/nanoclean24.com\\\/de\\\/produkte\\\/nanoclean-home-h13-ac-rost-und-kalkentferner\\\/\"]}]},{\"@type\":\"ImageObject\",\"inLanguage\":\"de\",\"@id\":\"https:\\\/\\\/nanoclean24.com\\\/de\\\/produkte\\\/nanoclean-home-h13-ac-rost-und-kalkentferner\\\/#primaryimage\",\"url\":\"https:\\\/\\\/nanoclean24.com\\\/wp-content\\\/uploads\\\/2025\\\/10\\\/h13-1.png\",\"contentUrl\":\"https:\\\/\\\/nanoclean24.com\\\/wp-content\\\/uploads\\\/2025\\\/10\\\/h13-1.png\",\"width\":1010,\"height\":1010},{\"@type\":\"BreadcrumbList\",\"@id\":\"https:\\\/\\\/nanoclean24.com\\\/de\\\/produkte\\\/nanoclean-home-h13-ac-rost-und-kalkentferner\\\/#breadcrumb\",\"itemListElement\":[{\"@type\":\"ListItem\",\"position\":1,\"name\":\"Strona g\u0142\u00f3wna\",\"item\":\"https:\\\/\\\/nanoclean24.com\\\/de\\\/\"},{\"@type\":\"ListItem\",\"position\":2,\"name\":\"Shop\",\"item\":\"https:\\\/\\\/nanoclean24.com\\\/de\\\/shop\\\/\"},{\"@type\":\"ListItem\",\"position\":3,\"name\":\"NANOCLEAN HOME H13 AC ROST- UND KALKENTFERNER\"}]},{\"@type\":\"WebSite\",\"@id\":\"https:\\\/\\\/nanoclean24.com\\\/de\\\/#website\",\"url\":\"https:\\\/\\\/nanoclean24.com\\\/de\\\/\",\"name\":\"NanoClean\",\"description\":\"\",\"publisher\":{\"@id\":\"https:\\\/\\\/nanoclean24.com\\\/de\\\/#organization\"},\"potentialAction\":[{\"@type\":\"SearchAction\",\"target\":{\"@type\":\"EntryPoint\",\"urlTemplate\":\"https:\\\/\\\/nanoclean24.com\\\/de\\\/?s={search_term_string}\"},\"query-input\":{\"@type\":\"PropertyValueSpecification\",\"valueRequired\":true,\"valueName\":\"search_term_string\"}}],\"inLanguage\":\"de\"},{\"@type\":\"Organization\",\"@id\":\"https:\\\/\\\/nanoclean24.com\\\/de\\\/#organization\",\"name\":\"NanoClean\",\"url\":\"https:\\\/\\\/nanoclean24.com\\\/de\\\/\",\"logo\":{\"@type\":\"ImageObject\",\"inLanguage\":\"de\",\"@id\":\"https:\\\/\\\/nanoclean24.com\\\/de\\\/#\\\/schema\\\/logo\\\/image\\\/\",\"url\":\"https:\\\/\\\/nanoclean24.com\\\/wp-content\\\/uploads\\\/2025\\\/07\\\/logo-2.jpg\",\"contentUrl\":\"https:\\\/\\\/nanoclean24.com\\\/wp-content\\\/uploads\\\/2025\\\/07\\\/logo-2.jpg\",\"width\":1068,\"height\":224,\"caption\":\"NanoClean\"},\"image\":{\"@id\":\"https:\\\/\\\/nanoclean24.com\\\/de\\\/#\\\/schema\\\/logo\\\/image\\\/\"}}]}<\/script>\n<!-- \/ Yoast SEO plugin. -->","yoast_head_json":{"title":"NANOCLEAN HOME H13 AC ROST- UND KALKENTFERNER - NANOCLEAN","robots":{"index":"index","follow":"follow","max-snippet":"max-snippet:-1","max-image-preview":"max-image-preview:large","max-video-preview":"max-video-preview:-1"},"canonical":"https:\/\/nanoclean24.com\/de\/produkte\/nanoclean-home-h13-ac-rost-und-kalkentferner\/","og_locale":"de_DE","og_type":"article","og_title":"NANOCLEAN HOME H13 AC ROST- UND KALKENTFERNER - NANOCLEAN","og_description":"Vorteile \u2705 Entfernt wirksam hartn\u00e4ckige Ablagerungen - L\u00f6st wirksam hartn\u00e4ckige Rostflecken und Mineralablagerungen und gibt Oberfl\u00e4chen ihr urspr\u00fcngliches Aussehen zur\u00fcck. \u2705 Erneuert das \u00c4u\u00dfere von Klimaanlagen - Stellt die Sauberkeit und das \u00e4sthetische Aussehen der Geh\u00e4use und Sockel von Au\u00dfenklimaanlagen wieder her. \u2705 Vielseitiger Einsatz im Au\u00dfenbereich - Ideal f\u00fcr Klimager\u00e4tegeh\u00e4use, Metallst\u00fctzen, Betonb\u00f6den, Fliesen und Terrassen. \u2705 Professionelle Reinigungskraft - Schnell wirkende, s\u00e4urehaltige Formulierung mit professioneller St\u00e4rke, entwickelt f\u00fcr anspruchsvolle technische Anwendungen.","og_url":"https:\/\/nanoclean24.com\/de\/produkte\/nanoclean-home-h13-ac-rost-und-kalkentferner\/","og_site_name":"NANOCLEAN","article_modified_time":"2025-11-02T13:51:08+00:00","og_image":[{"width":1010,"height":1010,"url":"https:\/\/nanoclean24.com\/wp-content\/uploads\/2025\/10\/h13-1.png","type":"image\/png"}],"twitter_card":"summary_large_image","schema":{"@context":"https:\/\/schema.org","@graph":[{"@type":"WebPage","@id":"https:\/\/nanoclean24.com\/de\/produkte\/nanoclean-home-h13-ac-rost-und-kalkentferner\/","url":"https:\/\/nanoclean24.com\/de\/produkte\/nanoclean-home-h13-ac-rost-und-kalkentferner\/","name":"NANOCLEAN HOME H13 AC ROST- UND KALKENTFERNER - NANOCLEAN","isPartOf":{"@id":"https:\/\/nanoclean24.com\/de\/#website"},"primaryImageOfPage":{"@id":"https:\/\/nanoclean24.com\/de\/produkte\/nanoclean-home-h13-ac-rost-und-kalkentferner\/#primaryimage"},"image":{"@id":"https:\/\/nanoclean24.com\/de\/produkte\/nanoclean-home-h13-ac-rost-und-kalkentferner\/#primaryimage"},"thumbnailUrl":"https:\/\/nanoclean24.com\/wp-content\/uploads\/2025\/10\/h13-1.png","datePublished":"2025-10-17T19:21:05+00:00","dateModified":"2025-11-02T13:51:08+00:00","breadcrumb":{"@id":"https:\/\/nanoclean24.com\/de\/produkte\/nanoclean-home-h13-ac-rost-und-kalkentferner\/#breadcrumb"},"inLanguage":"de","potentialAction":[{"@type":"ReadAction","target":["https:\/\/nanoclean24.com\/de\/produkte\/nanoclean-home-h13-ac-rost-und-kalkentferner\/"]}]},{"@type":"ImageObject","inLanguage":"de","@id":"https:\/\/nanoclean24.com\/de\/produkte\/nanoclean-home-h13-ac-rost-und-kalkentferner\/#primaryimage","url":"https:\/\/nanoclean24.com\/wp-content\/uploads\/2025\/10\/h13-1.png","contentUrl":"https:\/\/nanoclean24.com\/wp-content\/uploads\/2025\/10\/h13-1.png","width":1010,"height":1010},{"@type":"BreadcrumbList","@id":"https:\/\/nanoclean24.com\/de\/produkte\/nanoclean-home-h13-ac-rost-und-kalkentferner\/#breadcrumb","itemListElement":[{"@type":"ListItem","position":1,"name":"Strona g\u0142\u00f3wna","item":"https:\/\/nanoclean24.com\/de\/"},{"@type":"ListItem","position":2,"name":"Shop","item":"https:\/\/nanoclean24.com\/de\/shop\/"},{"@type":"ListItem","position":3,"name":"NANOCLEAN HOME H13 AC ROST- UND KALKENTFERNER"}]},{"@type":"WebSite","@id":"https:\/\/nanoclean24.com\/de\/#website","url":"https:\/\/nanoclean24.com\/de\/","name":"NanoClean","description":"","publisher":{"@id":"https:\/\/nanoclean24.com\/de\/#organization"},"potentialAction":[{"@type":"SearchAction","target":{"@type":"EntryPoint","urlTemplate":"https:\/\/nanoclean24.com\/de\/?s={search_term_string}"},"query-input":{"@type":"PropertyValueSpecification","valueRequired":true,"valueName":"search_term_string"}}],"inLanguage":"de"},{"@type":"Organization","@id":"https:\/\/nanoclean24.com\/de\/#organization","name":"NanoClean","url":"https:\/\/nanoclean24.com\/de\/","logo":{"@type":"ImageObject","inLanguage":"de","@id":"https:\/\/nanoclean24.com\/de\/#\/schema\/logo\/image\/","url":"https:\/\/nanoclean24.com\/wp-content\/uploads\/2025\/07\/logo-2.jpg","contentUrl":"https:\/\/nanoclean24.com\/wp-content\/uploads\/2025\/07\/logo-2.jpg","width":1068,"height":224,"caption":"NanoClean"},"image":{"@id":"https:\/\/nanoclean24.com\/de\/#\/schema\/logo\/image\/"}}]}},"taxonomy_info":{"product_cat":[{"value":172,"label":"HOME"}]},"featured_image_src_large":["https:\/\/nanoclean24.com\/wp-content\/uploads\/2025\/10\/h13-1.png",1010,1010,false],"author_info":[],"comment_info":"","_links":{"self":[{"href":"https:\/\/nanoclean24.com\/de\/wp-json\/wp\/v2\/product\/9107","targetHints":{"allow":["GET"]}}],"collection":[{"href":"https:\/\/nanoclean24.com\/de\/wp-json\/wp\/v2\/product"}],"about":[{"href":"https:\/\/nanoclean24.com\/de\/wp-json\/wp\/v2\/types\/product"}],"wp:featuredmedia":[{"embeddable":true,"href":"https:\/\/nanoclean24.com\/de\/wp-json\/wp\/v2\/media\/10179"}],"wp:attachment":[{"href":"https:\/\/nanoclean24.com\/de\/wp-json\/wp\/v2\/media?parent=9107"}],"wp:term":[{"taxonomy":"product_brand","embeddable":true,"href":"https:\/\/nanoclean24.com\/de\/wp-json\/wp\/v2\/product_brand?post=9107"},{"taxonomy":"product_cat","embeddable":true,"href":"https:\/\/nanoclean24.com\/de\/wp-json\/wp\/v2\/product_cat?post=9107"},{"taxonomy":"product_tag","embeddable":true,"href":"https:\/\/nanoclean24.com\/de\/wp-json\/wp\/v2\/product_tag?post=9107"}],"curies":[{"name":"wp","href":"https:\/\/api.w.org\/{rel}","templated":true}]}}