{"id":9097,"date":"2025-10-17T21:24:07","date_gmt":"2025-10-17T19:24:07","guid":{"rendered":"https:\/\/nanoclean24.com\/produkt\/nanoclean-home-h20-luftbefeuchterdescaler-mint\/"},"modified":"2025-11-02T14:55:15","modified_gmt":"2025-11-02T13:55:15","slug":"nanoclean-home-h20-luftbefeuchterdescaler-mint","status":"publish","type":"product","link":"https:\/\/nanoclean24.com\/de\/produkte\/nanoclean-home-h20-luftbefeuchterdescaler-mint\/","title":{"rendered":"NANOCLEAN HOME H20 LUFTBEFEUCHTERDESCALER MINT"},"content":{"rendered":"\n<p>NANOCLEAN H20 ist ein schnell wirkender Entkalker f\u00fcr Luftbefeuchter. Er l\u00f6st Kalkablagerungen und Mineralien auf, die die Leistung des Ger\u00e4ts blockieren und unangenehme Ger\u00fcche verursachen. Der erfrischende Minzduft l\u00e4sst das Ger\u00e4t sauber und frisch erscheinen. Sicher f\u00fcr den regelm\u00e4\u00dfigen Gebrauch.   <\/p>\n","protected":false},"excerpt":{"rendered":"<h3>Vorteile<\/h3>\n<p class=\"whitespace-normal break-words\">\u2705 <strong>Beseitigt mineralische Ablagerungen<\/strong> &#8211; Entfernt wirksam hartn\u00e4ckige Kalkablagerungen und andere R\u00fcckst\u00e4nde aus Wassertanks und stellt deren Sauberkeit wieder her.<\/p>\n<p class=\"whitespace-normal break-words\">\u2705 <strong>Verhindert Bakterien und Ger\u00fcche<\/strong> &#8211; Wirkt aktiv dem Wachstum von Bakterien und der Bildung von unangenehmen Ger\u00fcchen im Befeuchtungssystem entgegen.<\/p>\n<p class=\"whitespace-normal break-words\">\u2705 S <strong>tellt die volle Leistung wieder her<\/strong> &#8211; Erneuert die korrekte Funktion des feinen Spr\u00fchnebels und garantiert lang anhaltende frische Luft.<\/p>\n<p class=\"whitespace-normal break-words\"><strong>\u2705 Erfrischendes Minzaroma<\/strong> &#8211; Hinterl\u00e4sst einen angenehmen, nat\u00fcrlichen Duft von frischer Minze, der den ganzen Raum erfrischt.<\/p>\n","protected":false},"featured_media":10183,"template":"","meta":{"_kad_blocks_custom_css":"","_kad_blocks_head_custom_js":"","_kad_blocks_body_custom_js":"","_kad_blocks_footer_custom_js":"","_kad_post_transparent":"","_kad_post_title":"","_kad_post_layout":"","_kad_post_sidebar_id":"","_kad_post_content_style":"","_kad_post_vertical_padding":"","_kad_post_feature":"","_kad_post_feature_position":"","_kad_post_header":false,"_kad_post_footer":false,"_kad_post_classname":""},"product_brand":[],"product_cat":[172],"product_tag":[],"class_list":{"0":"post-9097","1":"product","2":"type-product","3":"status-publish","4":"has-post-thumbnail","6":"product_cat-home","8":"first","9":"outofstock","10":"taxable","11":"shipping-taxable","12":"product-type-simple","13":"entry","14":"content-bg","15":"loop-entry"},"yoast_head":"<!-- This site is optimized with the Yoast SEO plugin v27.2 - https:\/\/yoast.com\/product\/yoast-seo-wordpress\/ -->\n<title>NANOCLEAN HOME H20 LUFTBEFEUCHTERDESCALER MINT - NANOCLEAN<\/title>\n<meta name=\"robots\" content=\"index, follow, max-snippet:-1, max-image-preview:large, max-video-preview:-1\" \/>\n<link rel=\"canonical\" href=\"https:\/\/nanoclean24.com\/de\/produkte\/nanoclean-home-h20-luftbefeuchterdescaler-mint\/\" \/>\n<meta property=\"og:locale\" content=\"de_DE\" \/>\n<meta property=\"og:type\" content=\"article\" \/>\n<meta property=\"og:title\" content=\"NANOCLEAN HOME H20 LUFTBEFEUCHTERDESCALER MINT - NANOCLEAN\" \/>\n<meta property=\"og:description\" content=\"Vorteile \u2705 Beseitigt mineralische Ablagerungen - Entfernt wirksam hartn\u00e4ckige Kalkablagerungen und andere R\u00fcckst\u00e4nde aus Wassertanks und stellt deren Sauberkeit wieder her. \u2705 Verhindert Bakterien und Ger\u00fcche - Wirkt aktiv dem Wachstum von Bakterien und der Bildung von unangenehmen Ger\u00fcchen im Befeuchtungssystem entgegen. \u2705 S tellt die volle Leistung wieder her - Erneuert die korrekte Funktion des feinen Spr\u00fchnebels und garantiert lang anhaltende frische Luft. \u2705 Erfrischendes Minzaroma - Hinterl\u00e4sst einen angenehmen, nat\u00fcrlichen Duft von frischer Minze, der den ganzen Raum erfrischt.\" \/>\n<meta property=\"og:url\" content=\"https:\/\/nanoclean24.com\/de\/produkte\/nanoclean-home-h20-luftbefeuchterdescaler-mint\/\" \/>\n<meta property=\"og:site_name\" content=\"NANOCLEAN\" \/>\n<meta property=\"article:modified_time\" content=\"2025-11-02T13:55:15+00:00\" \/>\n<meta property=\"og:image\" content=\"https:\/\/nanoclean24.com\/wp-content\/uploads\/2025\/10\/h20-1.png\" \/>\n\t<meta property=\"og:image:width\" content=\"1010\" \/>\n\t<meta property=\"og:image:height\" content=\"1010\" \/>\n\t<meta property=\"og:image:type\" content=\"image\/png\" \/>\n<meta name=\"twitter:card\" content=\"summary_large_image\" \/>\n<script type=\"application\/ld+json\" class=\"yoast-schema-graph\">{\"@context\":\"https:\/\/schema.org\",\"@graph\":[{\"@type\":\"WebPage\",\"@id\":\"https:\/\/nanoclean24.com\/de\/produkte\/nanoclean-home-h20-luftbefeuchterdescaler-mint\/\",\"url\":\"https:\/\/nanoclean24.com\/de\/produkte\/nanoclean-home-h20-luftbefeuchterdescaler-mint\/\",\"name\":\"NANOCLEAN HOME H20 LUFTBEFEUCHTERDESCALER MINT - NANOCLEAN\",\"isPartOf\":{\"@id\":\"https:\/\/nanoclean24.com\/de\/#website\"},\"primaryImageOfPage\":{\"@id\":\"https:\/\/nanoclean24.com\/de\/produkte\/nanoclean-home-h20-luftbefeuchterdescaler-mint\/#primaryimage\"},\"image\":{\"@id\":\"https:\/\/nanoclean24.com\/de\/produkte\/nanoclean-home-h20-luftbefeuchterdescaler-mint\/#primaryimage\"},\"thumbnailUrl\":\"https:\/\/nanoclean24.com\/wp-content\/uploads\/2025\/10\/h20-1.png\",\"datePublished\":\"2025-10-17T19:24:07+00:00\",\"dateModified\":\"2025-11-02T13:55:15+00:00\",\"breadcrumb\":{\"@id\":\"https:\/\/nanoclean24.com\/de\/produkte\/nanoclean-home-h20-luftbefeuchterdescaler-mint\/#breadcrumb\"},\"inLanguage\":\"de\",\"potentialAction\":[{\"@type\":\"ReadAction\",\"target\":[\"https:\/\/nanoclean24.com\/de\/produkte\/nanoclean-home-h20-luftbefeuchterdescaler-mint\/\"]}]},{\"@type\":\"ImageObject\",\"inLanguage\":\"de\",\"@id\":\"https:\/\/nanoclean24.com\/de\/produkte\/nanoclean-home-h20-luftbefeuchterdescaler-mint\/#primaryimage\",\"url\":\"https:\/\/nanoclean24.com\/wp-content\/uploads\/2025\/10\/h20-1.png\",\"contentUrl\":\"https:\/\/nanoclean24.com\/wp-content\/uploads\/2025\/10\/h20-1.png\",\"width\":1010,\"height\":1010},{\"@type\":\"BreadcrumbList\",\"@id\":\"https:\/\/nanoclean24.com\/de\/produkte\/nanoclean-home-h20-luftbefeuchterdescaler-mint\/#breadcrumb\",\"itemListElement\":[{\"@type\":\"ListItem\",\"position\":1,\"name\":\"Strona g\u0142\u00f3wna\",\"item\":\"https:\/\/nanoclean24.com\/de\/\"},{\"@type\":\"ListItem\",\"position\":2,\"name\":\"Shop\",\"item\":\"https:\/\/nanoclean24.com\/de\/shop\/\"},{\"@type\":\"ListItem\",\"position\":3,\"name\":\"NANOCLEAN HOME H20 LUFTBEFEUCHTERDESCALER MINT\"}]},{\"@type\":\"WebSite\",\"@id\":\"https:\/\/nanoclean24.com\/de\/#website\",\"url\":\"https:\/\/nanoclean24.com\/de\/\",\"name\":\"NanoClean\",\"description\":\"\",\"publisher\":{\"@id\":\"https:\/\/nanoclean24.com\/de\/#organization\"},\"potentialAction\":[{\"@type\":\"SearchAction\",\"target\":{\"@type\":\"EntryPoint\",\"urlTemplate\":\"https:\/\/nanoclean24.com\/de\/?s={search_term_string}\"},\"query-input\":{\"@type\":\"PropertyValueSpecification\",\"valueRequired\":true,\"valueName\":\"search_term_string\"}}],\"inLanguage\":\"de\"},{\"@type\":\"Organization\",\"@id\":\"https:\/\/nanoclean24.com\/de\/#organization\",\"name\":\"NanoClean\",\"url\":\"https:\/\/nanoclean24.com\/de\/\",\"logo\":{\"@type\":\"ImageObject\",\"inLanguage\":\"de\",\"@id\":\"https:\/\/nanoclean24.com\/de\/#\/schema\/logo\/image\/\",\"url\":\"https:\/\/nanoclean24.com\/wp-content\/uploads\/2025\/07\/logo-2.jpg\",\"contentUrl\":\"https:\/\/nanoclean24.com\/wp-content\/uploads\/2025\/07\/logo-2.jpg\",\"width\":1068,\"height\":224,\"caption\":\"NanoClean\"},\"image\":{\"@id\":\"https:\/\/nanoclean24.com\/de\/#\/schema\/logo\/image\/\"}}]}<\/script>\n<!-- \/ Yoast SEO plugin. -->","yoast_head_json":{"title":"NANOCLEAN HOME H20 LUFTBEFEUCHTERDESCALER MINT - NANOCLEAN","robots":{"index":"index","follow":"follow","max-snippet":"max-snippet:-1","max-image-preview":"max-image-preview:large","max-video-preview":"max-video-preview:-1"},"canonical":"https:\/\/nanoclean24.com\/de\/produkte\/nanoclean-home-h20-luftbefeuchterdescaler-mint\/","og_locale":"de_DE","og_type":"article","og_title":"NANOCLEAN HOME H20 LUFTBEFEUCHTERDESCALER MINT - NANOCLEAN","og_description":"Vorteile \u2705 Beseitigt mineralische Ablagerungen - Entfernt wirksam hartn\u00e4ckige Kalkablagerungen und andere R\u00fcckst\u00e4nde aus Wassertanks und stellt deren Sauberkeit wieder her. \u2705 Verhindert Bakterien und Ger\u00fcche - Wirkt aktiv dem Wachstum von Bakterien und der Bildung von unangenehmen Ger\u00fcchen im Befeuchtungssystem entgegen. \u2705 S tellt die volle Leistung wieder her - Erneuert die korrekte Funktion des feinen Spr\u00fchnebels und garantiert lang anhaltende frische Luft. \u2705 Erfrischendes Minzaroma - Hinterl\u00e4sst einen angenehmen, nat\u00fcrlichen Duft von frischer Minze, der den ganzen Raum erfrischt.","og_url":"https:\/\/nanoclean24.com\/de\/produkte\/nanoclean-home-h20-luftbefeuchterdescaler-mint\/","og_site_name":"NANOCLEAN","article_modified_time":"2025-11-02T13:55:15+00:00","og_image":[{"width":1010,"height":1010,"url":"https:\/\/nanoclean24.com\/wp-content\/uploads\/2025\/10\/h20-1.png","type":"image\/png"}],"twitter_card":"summary_large_image","schema":{"@context":"https:\/\/schema.org","@graph":[{"@type":"WebPage","@id":"https:\/\/nanoclean24.com\/de\/produkte\/nanoclean-home-h20-luftbefeuchterdescaler-mint\/","url":"https:\/\/nanoclean24.com\/de\/produkte\/nanoclean-home-h20-luftbefeuchterdescaler-mint\/","name":"NANOCLEAN HOME H20 LUFTBEFEUCHTERDESCALER MINT - NANOCLEAN","isPartOf":{"@id":"https:\/\/nanoclean24.com\/de\/#website"},"primaryImageOfPage":{"@id":"https:\/\/nanoclean24.com\/de\/produkte\/nanoclean-home-h20-luftbefeuchterdescaler-mint\/#primaryimage"},"image":{"@id":"https:\/\/nanoclean24.com\/de\/produkte\/nanoclean-home-h20-luftbefeuchterdescaler-mint\/#primaryimage"},"thumbnailUrl":"https:\/\/nanoclean24.com\/wp-content\/uploads\/2025\/10\/h20-1.png","datePublished":"2025-10-17T19:24:07+00:00","dateModified":"2025-11-02T13:55:15+00:00","breadcrumb":{"@id":"https:\/\/nanoclean24.com\/de\/produkte\/nanoclean-home-h20-luftbefeuchterdescaler-mint\/#breadcrumb"},"inLanguage":"de","potentialAction":[{"@type":"ReadAction","target":["https:\/\/nanoclean24.com\/de\/produkte\/nanoclean-home-h20-luftbefeuchterdescaler-mint\/"]}]},{"@type":"ImageObject","inLanguage":"de","@id":"https:\/\/nanoclean24.com\/de\/produkte\/nanoclean-home-h20-luftbefeuchterdescaler-mint\/#primaryimage","url":"https:\/\/nanoclean24.com\/wp-content\/uploads\/2025\/10\/h20-1.png","contentUrl":"https:\/\/nanoclean24.com\/wp-content\/uploads\/2025\/10\/h20-1.png","width":1010,"height":1010},{"@type":"BreadcrumbList","@id":"https:\/\/nanoclean24.com\/de\/produkte\/nanoclean-home-h20-luftbefeuchterdescaler-mint\/#breadcrumb","itemListElement":[{"@type":"ListItem","position":1,"name":"Strona g\u0142\u00f3wna","item":"https:\/\/nanoclean24.com\/de\/"},{"@type":"ListItem","position":2,"name":"Shop","item":"https:\/\/nanoclean24.com\/de\/shop\/"},{"@type":"ListItem","position":3,"name":"NANOCLEAN HOME H20 LUFTBEFEUCHTERDESCALER MINT"}]},{"@type":"WebSite","@id":"https:\/\/nanoclean24.com\/de\/#website","url":"https:\/\/nanoclean24.com\/de\/","name":"NanoClean","description":"","publisher":{"@id":"https:\/\/nanoclean24.com\/de\/#organization"},"potentialAction":[{"@type":"SearchAction","target":{"@type":"EntryPoint","urlTemplate":"https:\/\/nanoclean24.com\/de\/?s={search_term_string}"},"query-input":{"@type":"PropertyValueSpecification","valueRequired":true,"valueName":"search_term_string"}}],"inLanguage":"de"},{"@type":"Organization","@id":"https:\/\/nanoclean24.com\/de\/#organization","name":"NanoClean","url":"https:\/\/nanoclean24.com\/de\/","logo":{"@type":"ImageObject","inLanguage":"de","@id":"https:\/\/nanoclean24.com\/de\/#\/schema\/logo\/image\/","url":"https:\/\/nanoclean24.com\/wp-content\/uploads\/2025\/07\/logo-2.jpg","contentUrl":"https:\/\/nanoclean24.com\/wp-content\/uploads\/2025\/07\/logo-2.jpg","width":1068,"height":224,"caption":"NanoClean"},"image":{"@id":"https:\/\/nanoclean24.com\/de\/#\/schema\/logo\/image\/"}}]}},"taxonomy_info":{"product_cat":[{"value":172,"label":"HOME"}]},"featured_image_src_large":["https:\/\/nanoclean24.com\/wp-content\/uploads\/2025\/10\/h20-1.png",1010,1010,false],"author_info":[],"comment_info":"","_links":{"self":[{"href":"https:\/\/nanoclean24.com\/de\/wp-json\/wp\/v2\/product\/9097","targetHints":{"allow":["GET"]}}],"collection":[{"href":"https:\/\/nanoclean24.com\/de\/wp-json\/wp\/v2\/product"}],"about":[{"href":"https:\/\/nanoclean24.com\/de\/wp-json\/wp\/v2\/types\/product"}],"wp:featuredmedia":[{"embeddable":true,"href":"https:\/\/nanoclean24.com\/de\/wp-json\/wp\/v2\/media\/10183"}],"wp:attachment":[{"href":"https:\/\/nanoclean24.com\/de\/wp-json\/wp\/v2\/media?parent=9097"}],"wp:term":[{"taxonomy":"product_brand","embeddable":true,"href":"https:\/\/nanoclean24.com\/de\/wp-json\/wp\/v2\/product_brand?post=9097"},{"taxonomy":"product_cat","embeddable":true,"href":"https:\/\/nanoclean24.com\/de\/wp-json\/wp\/v2\/product_cat?post=9097"},{"taxonomy":"product_tag","embeddable":true,"href":"https:\/\/nanoclean24.com\/de\/wp-json\/wp\/v2\/product_tag?post=9097"}],"curies":[{"name":"wp","href":"https:\/\/api.w.org\/{rel}","templated":true}]}}