{"id":9096,"date":"2025-10-17T21:10:19","date_gmt":"2025-10-17T19:10:19","guid":{"rendered":"https:\/\/nanoclean24.com\/produkt\/nanoclean-home-h10-pet-fresh\/"},"modified":"2025-11-02T14:44:26","modified_gmt":"2025-11-02T13:44:26","slug":"nanoclean-home-h10-pet-fresh","status":"publish","type":"product","link":"https:\/\/nanoclean24.com\/de\/produkte\/nanoclean-home-h10-pet-fresh\/","title":{"rendered":"NANOCLEAN HOME H10 PET FRESH"},"content":{"rendered":"\n<p>NANOCLEAN HOME PET FRESH ist ein leistungsstarkes Hygienespray, das f\u00fcr die Reinigung von K\u00e4figen, Gehegen, B\u00e4dern und Zubeh\u00f6r f\u00fcr Kleintiere und V\u00f6gel entwickelt wurde. Es entfernt effektiv Flecken von Kot, Urin und organischen Abf\u00e4llen und neutralisiert unangenehme Ger\u00fcche und sorgt f\u00fcr eine saubere und sichere Umgebung. Die milde Formel ist frei von Chlor, Alkohol und Aldehyden und somit sicher f\u00fcr den t\u00e4glichen Gebrauch.  <\/p>\n","protected":false},"excerpt":{"rendered":"<h3>Vorteile<\/h3>\n<p class=\"whitespace-normal break-words\">\u2705 <strong>Umfassende Reinigung von Vogelzubeh\u00f6r<\/strong> &#8211; Reinigt und desinfiziert effektiv K\u00e4fige, Wannen, Sitze, Einstreubeh\u00e4lter und s\u00e4mtliches Vogelzubeh\u00f6r.<\/p>\n<p class=\"whitespace-normal break-words\">\u2705 <strong>Entfernt organischen Schmutz<\/strong> &#8211; Entfernt effektiv F\u00e4kalienr\u00fcckst\u00e4nde, Urin und anderen organischen Schmutz und stellt die hygienische Sauberkeit wieder her.<\/p>\n<p class=\"whitespace-normal break-words\">\u2705 <strong>Echte Geruchsneutralisierung<\/strong> &#8211; Neutralisiert unangenehme Ger\u00fcche an der Quelle und \u00fcberdeckt sie nicht nur, sondern beseitigt sie vollst\u00e4ndig.<\/p>\n<p class=\"whitespace-normal break-words\"><strong>\u2705 Von zu Hause bis zu professionellen Einrichtungen<\/strong> &#8211; Sicherer Einsatz in Privathaushalten, Volieren, Tierheimen und Zoohandlungen, da vielseitig einsetzbar.<\/p>\n<p class=\"whitespace-normal break-words\">\u2705 <strong>Eliminiert Gesundheitsrisiken<\/strong> &#8211; Entfernt Bakterien, Allergene und intensiven Ammoniakgeruch und sch\u00fctzt so die Gesundheit der V\u00f6gel und ihrer Pfleger.<\/p>\n","protected":false},"featured_media":10171,"template":"","meta":{"_kad_blocks_custom_css":"","_kad_blocks_head_custom_js":"","_kad_blocks_body_custom_js":"","_kad_blocks_footer_custom_js":"","_kad_post_transparent":"","_kad_post_title":"","_kad_post_layout":"","_kad_post_sidebar_id":"","_kad_post_content_style":"","_kad_post_vertical_padding":"","_kad_post_feature":"","_kad_post_feature_position":"","_kad_post_header":false,"_kad_post_footer":false,"_kad_post_classname":""},"product_brand":[],"product_cat":[172],"product_tag":[],"class_list":{"0":"post-9096","1":"product","2":"type-product","3":"status-publish","4":"has-post-thumbnail","6":"product_cat-home","8":"first","9":"outofstock","10":"taxable","11":"shipping-taxable","12":"product-type-simple","13":"entry","14":"content-bg","15":"loop-entry"},"yoast_head":"<!-- This site is optimized with the Yoast SEO plugin v27.4 - https:\/\/yoast.com\/product\/yoast-seo-wordpress\/ -->\n<title>NANOCLEAN HOME H10 PET FRESH - NANOCLEAN<\/title>\n<meta name=\"robots\" content=\"index, follow, max-snippet:-1, max-image-preview:large, max-video-preview:-1\" \/>\n<link rel=\"canonical\" href=\"https:\/\/nanoclean24.com\/de\/produkte\/nanoclean-home-h10-pet-fresh\/\" \/>\n<meta property=\"og:locale\" content=\"de_DE\" \/>\n<meta property=\"og:type\" content=\"article\" \/>\n<meta property=\"og:title\" content=\"NANOCLEAN HOME H10 PET FRESH - NANOCLEAN\" \/>\n<meta property=\"og:description\" content=\"Vorteile \u2705 Umfassende Reinigung von Vogelzubeh\u00f6r - Reinigt und desinfiziert effektiv K\u00e4fige, Wannen, Sitze, Einstreubeh\u00e4lter und s\u00e4mtliches Vogelzubeh\u00f6r. \u2705 Entfernt organischen Schmutz - Entfernt effektiv F\u00e4kalienr\u00fcckst\u00e4nde, Urin und anderen organischen Schmutz und stellt die hygienische Sauberkeit wieder her. \u2705 Echte Geruchsneutralisierung - Neutralisiert unangenehme Ger\u00fcche an der Quelle und \u00fcberdeckt sie nicht nur, sondern beseitigt sie vollst\u00e4ndig. \u2705 Von zu Hause bis zu professionellen Einrichtungen - Sicherer Einsatz in Privathaushalten, Volieren, Tierheimen und Zoohandlungen, da vielseitig einsetzbar. \u2705 Eliminiert Gesundheitsrisiken - Entfernt Bakterien, Allergene und intensiven Ammoniakgeruch und sch\u00fctzt so die Gesundheit der V\u00f6gel und ihrer Pfleger.\" \/>\n<meta property=\"og:url\" content=\"https:\/\/nanoclean24.com\/de\/produkte\/nanoclean-home-h10-pet-fresh\/\" \/>\n<meta property=\"og:site_name\" content=\"NANOCLEAN\" \/>\n<meta property=\"article:modified_time\" content=\"2025-11-02T13:44:26+00:00\" \/>\n<meta property=\"og:image\" content=\"https:\/\/nanoclean24.com\/wp-content\/uploads\/2025\/10\/h10-1.png\" \/>\n\t<meta property=\"og:image:width\" content=\"1010\" \/>\n\t<meta property=\"og:image:height\" content=\"1010\" \/>\n\t<meta property=\"og:image:type\" content=\"image\/png\" \/>\n<meta name=\"twitter:card\" content=\"summary_large_image\" \/>\n<script type=\"application\/ld+json\" class=\"yoast-schema-graph\">{\"@context\":\"https:\\\/\\\/schema.org\",\"@graph\":[{\"@type\":\"WebPage\",\"@id\":\"https:\\\/\\\/nanoclean24.com\\\/de\\\/produkte\\\/nanoclean-home-h10-pet-fresh\\\/\",\"url\":\"https:\\\/\\\/nanoclean24.com\\\/de\\\/produkte\\\/nanoclean-home-h10-pet-fresh\\\/\",\"name\":\"NANOCLEAN HOME H10 PET FRESH - NANOCLEAN\",\"isPartOf\":{\"@id\":\"https:\\\/\\\/nanoclean24.com\\\/de\\\/#website\"},\"primaryImageOfPage\":{\"@id\":\"https:\\\/\\\/nanoclean24.com\\\/de\\\/produkte\\\/nanoclean-home-h10-pet-fresh\\\/#primaryimage\"},\"image\":{\"@id\":\"https:\\\/\\\/nanoclean24.com\\\/de\\\/produkte\\\/nanoclean-home-h10-pet-fresh\\\/#primaryimage\"},\"thumbnailUrl\":\"https:\\\/\\\/nanoclean24.com\\\/wp-content\\\/uploads\\\/2025\\\/10\\\/h10-1.png\",\"datePublished\":\"2025-10-17T19:10:19+00:00\",\"dateModified\":\"2025-11-02T13:44:26+00:00\",\"breadcrumb\":{\"@id\":\"https:\\\/\\\/nanoclean24.com\\\/de\\\/produkte\\\/nanoclean-home-h10-pet-fresh\\\/#breadcrumb\"},\"inLanguage\":\"de\",\"potentialAction\":[{\"@type\":\"ReadAction\",\"target\":[\"https:\\\/\\\/nanoclean24.com\\\/de\\\/produkte\\\/nanoclean-home-h10-pet-fresh\\\/\"]}]},{\"@type\":\"ImageObject\",\"inLanguage\":\"de\",\"@id\":\"https:\\\/\\\/nanoclean24.com\\\/de\\\/produkte\\\/nanoclean-home-h10-pet-fresh\\\/#primaryimage\",\"url\":\"https:\\\/\\\/nanoclean24.com\\\/wp-content\\\/uploads\\\/2025\\\/10\\\/h10-1.png\",\"contentUrl\":\"https:\\\/\\\/nanoclean24.com\\\/wp-content\\\/uploads\\\/2025\\\/10\\\/h10-1.png\",\"width\":1010,\"height\":1010},{\"@type\":\"BreadcrumbList\",\"@id\":\"https:\\\/\\\/nanoclean24.com\\\/de\\\/produkte\\\/nanoclean-home-h10-pet-fresh\\\/#breadcrumb\",\"itemListElement\":[{\"@type\":\"ListItem\",\"position\":1,\"name\":\"Strona g\u0142\u00f3wna\",\"item\":\"https:\\\/\\\/nanoclean24.com\\\/de\\\/\"},{\"@type\":\"ListItem\",\"position\":2,\"name\":\"Shop\",\"item\":\"https:\\\/\\\/nanoclean24.com\\\/de\\\/shop\\\/\"},{\"@type\":\"ListItem\",\"position\":3,\"name\":\"NANOCLEAN HOME H10 PET FRESH\"}]},{\"@type\":\"WebSite\",\"@id\":\"https:\\\/\\\/nanoclean24.com\\\/de\\\/#website\",\"url\":\"https:\\\/\\\/nanoclean24.com\\\/de\\\/\",\"name\":\"NanoClean\",\"description\":\"\",\"publisher\":{\"@id\":\"https:\\\/\\\/nanoclean24.com\\\/de\\\/#organization\"},\"potentialAction\":[{\"@type\":\"SearchAction\",\"target\":{\"@type\":\"EntryPoint\",\"urlTemplate\":\"https:\\\/\\\/nanoclean24.com\\\/de\\\/?s={search_term_string}\"},\"query-input\":{\"@type\":\"PropertyValueSpecification\",\"valueRequired\":true,\"valueName\":\"search_term_string\"}}],\"inLanguage\":\"de\"},{\"@type\":\"Organization\",\"@id\":\"https:\\\/\\\/nanoclean24.com\\\/de\\\/#organization\",\"name\":\"NanoClean\",\"url\":\"https:\\\/\\\/nanoclean24.com\\\/de\\\/\",\"logo\":{\"@type\":\"ImageObject\",\"inLanguage\":\"de\",\"@id\":\"https:\\\/\\\/nanoclean24.com\\\/de\\\/#\\\/schema\\\/logo\\\/image\\\/\",\"url\":\"https:\\\/\\\/nanoclean24.com\\\/wp-content\\\/uploads\\\/2025\\\/07\\\/logo-2.jpg\",\"contentUrl\":\"https:\\\/\\\/nanoclean24.com\\\/wp-content\\\/uploads\\\/2025\\\/07\\\/logo-2.jpg\",\"width\":1068,\"height\":224,\"caption\":\"NanoClean\"},\"image\":{\"@id\":\"https:\\\/\\\/nanoclean24.com\\\/de\\\/#\\\/schema\\\/logo\\\/image\\\/\"}}]}<\/script>\n<!-- \/ Yoast SEO plugin. -->","yoast_head_json":{"title":"NANOCLEAN HOME H10 PET FRESH - NANOCLEAN","robots":{"index":"index","follow":"follow","max-snippet":"max-snippet:-1","max-image-preview":"max-image-preview:large","max-video-preview":"max-video-preview:-1"},"canonical":"https:\/\/nanoclean24.com\/de\/produkte\/nanoclean-home-h10-pet-fresh\/","og_locale":"de_DE","og_type":"article","og_title":"NANOCLEAN HOME H10 PET FRESH - NANOCLEAN","og_description":"Vorteile \u2705 Umfassende Reinigung von Vogelzubeh\u00f6r - Reinigt und desinfiziert effektiv K\u00e4fige, Wannen, Sitze, Einstreubeh\u00e4lter und s\u00e4mtliches Vogelzubeh\u00f6r. \u2705 Entfernt organischen Schmutz - Entfernt effektiv F\u00e4kalienr\u00fcckst\u00e4nde, Urin und anderen organischen Schmutz und stellt die hygienische Sauberkeit wieder her. \u2705 Echte Geruchsneutralisierung - Neutralisiert unangenehme Ger\u00fcche an der Quelle und \u00fcberdeckt sie nicht nur, sondern beseitigt sie vollst\u00e4ndig. \u2705 Von zu Hause bis zu professionellen Einrichtungen - Sicherer Einsatz in Privathaushalten, Volieren, Tierheimen und Zoohandlungen, da vielseitig einsetzbar. \u2705 Eliminiert Gesundheitsrisiken - Entfernt Bakterien, Allergene und intensiven Ammoniakgeruch und sch\u00fctzt so die Gesundheit der V\u00f6gel und ihrer Pfleger.","og_url":"https:\/\/nanoclean24.com\/de\/produkte\/nanoclean-home-h10-pet-fresh\/","og_site_name":"NANOCLEAN","article_modified_time":"2025-11-02T13:44:26+00:00","og_image":[{"width":1010,"height":1010,"url":"https:\/\/nanoclean24.com\/wp-content\/uploads\/2025\/10\/h10-1.png","type":"image\/png"}],"twitter_card":"summary_large_image","schema":{"@context":"https:\/\/schema.org","@graph":[{"@type":"WebPage","@id":"https:\/\/nanoclean24.com\/de\/produkte\/nanoclean-home-h10-pet-fresh\/","url":"https:\/\/nanoclean24.com\/de\/produkte\/nanoclean-home-h10-pet-fresh\/","name":"NANOCLEAN HOME H10 PET FRESH - NANOCLEAN","isPartOf":{"@id":"https:\/\/nanoclean24.com\/de\/#website"},"primaryImageOfPage":{"@id":"https:\/\/nanoclean24.com\/de\/produkte\/nanoclean-home-h10-pet-fresh\/#primaryimage"},"image":{"@id":"https:\/\/nanoclean24.com\/de\/produkte\/nanoclean-home-h10-pet-fresh\/#primaryimage"},"thumbnailUrl":"https:\/\/nanoclean24.com\/wp-content\/uploads\/2025\/10\/h10-1.png","datePublished":"2025-10-17T19:10:19+00:00","dateModified":"2025-11-02T13:44:26+00:00","breadcrumb":{"@id":"https:\/\/nanoclean24.com\/de\/produkte\/nanoclean-home-h10-pet-fresh\/#breadcrumb"},"inLanguage":"de","potentialAction":[{"@type":"ReadAction","target":["https:\/\/nanoclean24.com\/de\/produkte\/nanoclean-home-h10-pet-fresh\/"]}]},{"@type":"ImageObject","inLanguage":"de","@id":"https:\/\/nanoclean24.com\/de\/produkte\/nanoclean-home-h10-pet-fresh\/#primaryimage","url":"https:\/\/nanoclean24.com\/wp-content\/uploads\/2025\/10\/h10-1.png","contentUrl":"https:\/\/nanoclean24.com\/wp-content\/uploads\/2025\/10\/h10-1.png","width":1010,"height":1010},{"@type":"BreadcrumbList","@id":"https:\/\/nanoclean24.com\/de\/produkte\/nanoclean-home-h10-pet-fresh\/#breadcrumb","itemListElement":[{"@type":"ListItem","position":1,"name":"Strona g\u0142\u00f3wna","item":"https:\/\/nanoclean24.com\/de\/"},{"@type":"ListItem","position":2,"name":"Shop","item":"https:\/\/nanoclean24.com\/de\/shop\/"},{"@type":"ListItem","position":3,"name":"NANOCLEAN HOME H10 PET FRESH"}]},{"@type":"WebSite","@id":"https:\/\/nanoclean24.com\/de\/#website","url":"https:\/\/nanoclean24.com\/de\/","name":"NanoClean","description":"","publisher":{"@id":"https:\/\/nanoclean24.com\/de\/#organization"},"potentialAction":[{"@type":"SearchAction","target":{"@type":"EntryPoint","urlTemplate":"https:\/\/nanoclean24.com\/de\/?s={search_term_string}"},"query-input":{"@type":"PropertyValueSpecification","valueRequired":true,"valueName":"search_term_string"}}],"inLanguage":"de"},{"@type":"Organization","@id":"https:\/\/nanoclean24.com\/de\/#organization","name":"NanoClean","url":"https:\/\/nanoclean24.com\/de\/","logo":{"@type":"ImageObject","inLanguage":"de","@id":"https:\/\/nanoclean24.com\/de\/#\/schema\/logo\/image\/","url":"https:\/\/nanoclean24.com\/wp-content\/uploads\/2025\/07\/logo-2.jpg","contentUrl":"https:\/\/nanoclean24.com\/wp-content\/uploads\/2025\/07\/logo-2.jpg","width":1068,"height":224,"caption":"NanoClean"},"image":{"@id":"https:\/\/nanoclean24.com\/de\/#\/schema\/logo\/image\/"}}]}},"taxonomy_info":{"product_cat":[{"value":172,"label":"HOME"}]},"featured_image_src_large":["https:\/\/nanoclean24.com\/wp-content\/uploads\/2025\/10\/h10-1.png",1010,1010,false],"author_info":[],"comment_info":"","_links":{"self":[{"href":"https:\/\/nanoclean24.com\/de\/wp-json\/wp\/v2\/product\/9096","targetHints":{"allow":["GET"]}}],"collection":[{"href":"https:\/\/nanoclean24.com\/de\/wp-json\/wp\/v2\/product"}],"about":[{"href":"https:\/\/nanoclean24.com\/de\/wp-json\/wp\/v2\/types\/product"}],"wp:featuredmedia":[{"embeddable":true,"href":"https:\/\/nanoclean24.com\/de\/wp-json\/wp\/v2\/media\/10171"}],"wp:attachment":[{"href":"https:\/\/nanoclean24.com\/de\/wp-json\/wp\/v2\/media?parent=9096"}],"wp:term":[{"taxonomy":"product_brand","embeddable":true,"href":"https:\/\/nanoclean24.com\/de\/wp-json\/wp\/v2\/product_brand?post=9096"},{"taxonomy":"product_cat","embeddable":true,"href":"https:\/\/nanoclean24.com\/de\/wp-json\/wp\/v2\/product_cat?post=9096"},{"taxonomy":"product_tag","embeddable":true,"href":"https:\/\/nanoclean24.com\/de\/wp-json\/wp\/v2\/product_tag?post=9096"}],"curies":[{"name":"wp","href":"https:\/\/api.w.org\/{rel}","templated":true}]}}