{"id":9088,"date":"2025-10-17T20:10:26","date_gmt":"2025-10-17T18:10:26","guid":{"rendered":"https:\/\/nanoclean24.com\/produkt\/nanoclean-home-h30-kuechenkraft\/"},"modified":"2025-11-02T15:05:45","modified_gmt":"2025-11-02T14:05:45","slug":"nanoclean-home-h30-kuechenkraft","status":"publish","type":"product","link":"https:\/\/nanoclean24.com\/de\/produkte\/nanoclean-home-h30-kuechenkraft\/","title":{"rendered":"NANOCLEAN HOME H30 K\u00dcCHENKRAFT"},"content":{"rendered":"\n<p>NANOCLEAN H30 ist ein kraftvoller Allzweckreiniger f\u00fcr die K\u00fcche, der Fett, Lebensmittelflecken und allt\u00e4glichen Schmutz von Arbeitsplatten, Schr\u00e4nken und Fliesen wirksam entfernt. Er ist sicher f\u00fcr den t\u00e4glichen Gebrauch und hinterl\u00e4sst einen angenehmen Duft. <\/p>\n","protected":false},"excerpt":{"rendered":"<h3>Vorteile<\/h3>\n<p class=\"whitespace-normal break-words\">\u2705 <strong>Bek\u00e4mpft Fett <\/strong>&#8211; Entfernt selbst hartn\u00e4ckigsten <strong>fettigen <\/strong> Schmutz und K\u00fcchenflecken und macht die Oberfl\u00e4chen wieder sauber.<\/p>\n<p class=\"whitespace-normal break-words\">\u2705 <strong>Lang anhaltende Frische <\/strong>&#8211; Hinterl\u00e4sst nicht nur perfekt saubere Oberfl\u00e4chen, sondern umgibt die K\u00fcche mit einer angenehmen, frischen Atmosph\u00e4re.<\/p>\n<p class=\"whitespace-normal break-words\">\u2705 <strong>Materialschonend<\/strong> &#8211; Sicher <strong>f\u00fcr<\/strong> Fliesen, Arbeitsplatten, Schr\u00e4nke und andere K\u00fcchenoberfl\u00e4chen, verursacht keine Sch\u00e4den.<\/p>\n<p class=\"whitespace-normal break-words\"><strong>\u2705 Erfrischendes Aroma<\/strong> &#8211; Ein zarter Zitrusduft macht die Reinigung zum Vergn\u00fcgen und die K\u00fcche duftet frisch.<\/p>\n","protected":false},"featured_media":10195,"template":"","meta":{"_kad_blocks_custom_css":"","_kad_blocks_head_custom_js":"","_kad_blocks_body_custom_js":"","_kad_blocks_footer_custom_js":"","_kad_post_transparent":"","_kad_post_title":"","_kad_post_layout":"","_kad_post_sidebar_id":"","_kad_post_content_style":"","_kad_post_vertical_padding":"","_kad_post_feature":"","_kad_post_feature_position":"","_kad_post_header":false,"_kad_post_footer":false,"_kad_post_classname":""},"product_brand":[],"product_cat":[172],"product_tag":[],"class_list":{"0":"post-9088","1":"product","2":"type-product","3":"status-publish","4":"has-post-thumbnail","6":"product_cat-home","8":"first","9":"outofstock","10":"taxable","11":"shipping-taxable","12":"product-type-simple","13":"entry","14":"content-bg","15":"loop-entry"},"yoast_head":"<!-- This site is optimized with the Yoast SEO plugin v27.4 - https:\/\/yoast.com\/product\/yoast-seo-wordpress\/ -->\n<title>NANOCLEAN HOME H30 K\u00dcCHENKRAFT - NANOCLEAN<\/title>\n<meta name=\"robots\" content=\"index, follow, max-snippet:-1, max-image-preview:large, max-video-preview:-1\" \/>\n<link rel=\"canonical\" href=\"https:\/\/nanoclean24.com\/de\/produkte\/nanoclean-home-h30-kuechenkraft\/\" \/>\n<meta property=\"og:locale\" content=\"de_DE\" \/>\n<meta property=\"og:type\" content=\"article\" \/>\n<meta property=\"og:title\" content=\"NANOCLEAN HOME H30 K\u00dcCHENKRAFT - NANOCLEAN\" \/>\n<meta property=\"og:description\" content=\"Vorteile \u2705 Bek\u00e4mpft Fett - Entfernt selbst hartn\u00e4ckigsten fettigen Schmutz und K\u00fcchenflecken und macht die Oberfl\u00e4chen wieder sauber. \u2705 Lang anhaltende Frische - Hinterl\u00e4sst nicht nur perfekt saubere Oberfl\u00e4chen, sondern umgibt die K\u00fcche mit einer angenehmen, frischen Atmosph\u00e4re. \u2705 Materialschonend - Sicher f\u00fcr Fliesen, Arbeitsplatten, Schr\u00e4nke und andere K\u00fcchenoberfl\u00e4chen, verursacht keine Sch\u00e4den. \u2705 Erfrischendes Aroma - Ein zarter Zitrusduft macht die Reinigung zum Vergn\u00fcgen und die K\u00fcche duftet frisch.\" \/>\n<meta property=\"og:url\" content=\"https:\/\/nanoclean24.com\/de\/produkte\/nanoclean-home-h30-kuechenkraft\/\" \/>\n<meta property=\"og:site_name\" content=\"NANOCLEAN\" \/>\n<meta property=\"article:modified_time\" content=\"2025-11-02T14:05:45+00:00\" \/>\n<meta property=\"og:image\" content=\"https:\/\/nanoclean24.com\/wp-content\/uploads\/2025\/10\/h30-1.png\" \/>\n\t<meta property=\"og:image:width\" content=\"1010\" \/>\n\t<meta property=\"og:image:height\" content=\"1010\" \/>\n\t<meta property=\"og:image:type\" content=\"image\/png\" \/>\n<meta name=\"twitter:card\" content=\"summary_large_image\" \/>\n<script type=\"application\/ld+json\" class=\"yoast-schema-graph\">{\"@context\":\"https:\\\/\\\/schema.org\",\"@graph\":[{\"@type\":\"WebPage\",\"@id\":\"https:\\\/\\\/nanoclean24.com\\\/de\\\/produkte\\\/nanoclean-home-h30-kuechenkraft\\\/\",\"url\":\"https:\\\/\\\/nanoclean24.com\\\/de\\\/produkte\\\/nanoclean-home-h30-kuechenkraft\\\/\",\"name\":\"NANOCLEAN HOME H30 K\u00dcCHENKRAFT - NANOCLEAN\",\"isPartOf\":{\"@id\":\"https:\\\/\\\/nanoclean24.com\\\/de\\\/#website\"},\"primaryImageOfPage\":{\"@id\":\"https:\\\/\\\/nanoclean24.com\\\/de\\\/produkte\\\/nanoclean-home-h30-kuechenkraft\\\/#primaryimage\"},\"image\":{\"@id\":\"https:\\\/\\\/nanoclean24.com\\\/de\\\/produkte\\\/nanoclean-home-h30-kuechenkraft\\\/#primaryimage\"},\"thumbnailUrl\":\"https:\\\/\\\/nanoclean24.com\\\/wp-content\\\/uploads\\\/2025\\\/10\\\/h30-1.png\",\"datePublished\":\"2025-10-17T18:10:26+00:00\",\"dateModified\":\"2025-11-02T14:05:45+00:00\",\"breadcrumb\":{\"@id\":\"https:\\\/\\\/nanoclean24.com\\\/de\\\/produkte\\\/nanoclean-home-h30-kuechenkraft\\\/#breadcrumb\"},\"inLanguage\":\"de\",\"potentialAction\":[{\"@type\":\"ReadAction\",\"target\":[\"https:\\\/\\\/nanoclean24.com\\\/de\\\/produkte\\\/nanoclean-home-h30-kuechenkraft\\\/\"]}]},{\"@type\":\"ImageObject\",\"inLanguage\":\"de\",\"@id\":\"https:\\\/\\\/nanoclean24.com\\\/de\\\/produkte\\\/nanoclean-home-h30-kuechenkraft\\\/#primaryimage\",\"url\":\"https:\\\/\\\/nanoclean24.com\\\/wp-content\\\/uploads\\\/2025\\\/10\\\/h30-1.png\",\"contentUrl\":\"https:\\\/\\\/nanoclean24.com\\\/wp-content\\\/uploads\\\/2025\\\/10\\\/h30-1.png\",\"width\":1010,\"height\":1010},{\"@type\":\"BreadcrumbList\",\"@id\":\"https:\\\/\\\/nanoclean24.com\\\/de\\\/produkte\\\/nanoclean-home-h30-kuechenkraft\\\/#breadcrumb\",\"itemListElement\":[{\"@type\":\"ListItem\",\"position\":1,\"name\":\"Strona g\u0142\u00f3wna\",\"item\":\"https:\\\/\\\/nanoclean24.com\\\/de\\\/\"},{\"@type\":\"ListItem\",\"position\":2,\"name\":\"Shop\",\"item\":\"https:\\\/\\\/nanoclean24.com\\\/de\\\/shop\\\/\"},{\"@type\":\"ListItem\",\"position\":3,\"name\":\"NANOCLEAN HOME H30 K\u00dcCHENKRAFT\"}]},{\"@type\":\"WebSite\",\"@id\":\"https:\\\/\\\/nanoclean24.com\\\/de\\\/#website\",\"url\":\"https:\\\/\\\/nanoclean24.com\\\/de\\\/\",\"name\":\"NanoClean\",\"description\":\"\",\"publisher\":{\"@id\":\"https:\\\/\\\/nanoclean24.com\\\/de\\\/#organization\"},\"potentialAction\":[{\"@type\":\"SearchAction\",\"target\":{\"@type\":\"EntryPoint\",\"urlTemplate\":\"https:\\\/\\\/nanoclean24.com\\\/de\\\/?s={search_term_string}\"},\"query-input\":{\"@type\":\"PropertyValueSpecification\",\"valueRequired\":true,\"valueName\":\"search_term_string\"}}],\"inLanguage\":\"de\"},{\"@type\":\"Organization\",\"@id\":\"https:\\\/\\\/nanoclean24.com\\\/de\\\/#organization\",\"name\":\"NanoClean\",\"url\":\"https:\\\/\\\/nanoclean24.com\\\/de\\\/\",\"logo\":{\"@type\":\"ImageObject\",\"inLanguage\":\"de\",\"@id\":\"https:\\\/\\\/nanoclean24.com\\\/de\\\/#\\\/schema\\\/logo\\\/image\\\/\",\"url\":\"https:\\\/\\\/nanoclean24.com\\\/wp-content\\\/uploads\\\/2025\\\/07\\\/logo-2.jpg\",\"contentUrl\":\"https:\\\/\\\/nanoclean24.com\\\/wp-content\\\/uploads\\\/2025\\\/07\\\/logo-2.jpg\",\"width\":1068,\"height\":224,\"caption\":\"NanoClean\"},\"image\":{\"@id\":\"https:\\\/\\\/nanoclean24.com\\\/de\\\/#\\\/schema\\\/logo\\\/image\\\/\"}}]}<\/script>\n<!-- \/ Yoast SEO plugin. -->","yoast_head_json":{"title":"NANOCLEAN HOME H30 K\u00dcCHENKRAFT - NANOCLEAN","robots":{"index":"index","follow":"follow","max-snippet":"max-snippet:-1","max-image-preview":"max-image-preview:large","max-video-preview":"max-video-preview:-1"},"canonical":"https:\/\/nanoclean24.com\/de\/produkte\/nanoclean-home-h30-kuechenkraft\/","og_locale":"de_DE","og_type":"article","og_title":"NANOCLEAN HOME H30 K\u00dcCHENKRAFT - NANOCLEAN","og_description":"Vorteile \u2705 Bek\u00e4mpft Fett - Entfernt selbst hartn\u00e4ckigsten fettigen Schmutz und K\u00fcchenflecken und macht die Oberfl\u00e4chen wieder sauber. \u2705 Lang anhaltende Frische - Hinterl\u00e4sst nicht nur perfekt saubere Oberfl\u00e4chen, sondern umgibt die K\u00fcche mit einer angenehmen, frischen Atmosph\u00e4re. \u2705 Materialschonend - Sicher f\u00fcr Fliesen, Arbeitsplatten, Schr\u00e4nke und andere K\u00fcchenoberfl\u00e4chen, verursacht keine Sch\u00e4den. \u2705 Erfrischendes Aroma - Ein zarter Zitrusduft macht die Reinigung zum Vergn\u00fcgen und die K\u00fcche duftet frisch.","og_url":"https:\/\/nanoclean24.com\/de\/produkte\/nanoclean-home-h30-kuechenkraft\/","og_site_name":"NANOCLEAN","article_modified_time":"2025-11-02T14:05:45+00:00","og_image":[{"width":1010,"height":1010,"url":"https:\/\/nanoclean24.com\/wp-content\/uploads\/2025\/10\/h30-1.png","type":"image\/png"}],"twitter_card":"summary_large_image","schema":{"@context":"https:\/\/schema.org","@graph":[{"@type":"WebPage","@id":"https:\/\/nanoclean24.com\/de\/produkte\/nanoclean-home-h30-kuechenkraft\/","url":"https:\/\/nanoclean24.com\/de\/produkte\/nanoclean-home-h30-kuechenkraft\/","name":"NANOCLEAN HOME H30 K\u00dcCHENKRAFT - NANOCLEAN","isPartOf":{"@id":"https:\/\/nanoclean24.com\/de\/#website"},"primaryImageOfPage":{"@id":"https:\/\/nanoclean24.com\/de\/produkte\/nanoclean-home-h30-kuechenkraft\/#primaryimage"},"image":{"@id":"https:\/\/nanoclean24.com\/de\/produkte\/nanoclean-home-h30-kuechenkraft\/#primaryimage"},"thumbnailUrl":"https:\/\/nanoclean24.com\/wp-content\/uploads\/2025\/10\/h30-1.png","datePublished":"2025-10-17T18:10:26+00:00","dateModified":"2025-11-02T14:05:45+00:00","breadcrumb":{"@id":"https:\/\/nanoclean24.com\/de\/produkte\/nanoclean-home-h30-kuechenkraft\/#breadcrumb"},"inLanguage":"de","potentialAction":[{"@type":"ReadAction","target":["https:\/\/nanoclean24.com\/de\/produkte\/nanoclean-home-h30-kuechenkraft\/"]}]},{"@type":"ImageObject","inLanguage":"de","@id":"https:\/\/nanoclean24.com\/de\/produkte\/nanoclean-home-h30-kuechenkraft\/#primaryimage","url":"https:\/\/nanoclean24.com\/wp-content\/uploads\/2025\/10\/h30-1.png","contentUrl":"https:\/\/nanoclean24.com\/wp-content\/uploads\/2025\/10\/h30-1.png","width":1010,"height":1010},{"@type":"BreadcrumbList","@id":"https:\/\/nanoclean24.com\/de\/produkte\/nanoclean-home-h30-kuechenkraft\/#breadcrumb","itemListElement":[{"@type":"ListItem","position":1,"name":"Strona g\u0142\u00f3wna","item":"https:\/\/nanoclean24.com\/de\/"},{"@type":"ListItem","position":2,"name":"Shop","item":"https:\/\/nanoclean24.com\/de\/shop\/"},{"@type":"ListItem","position":3,"name":"NANOCLEAN HOME H30 K\u00dcCHENKRAFT"}]},{"@type":"WebSite","@id":"https:\/\/nanoclean24.com\/de\/#website","url":"https:\/\/nanoclean24.com\/de\/","name":"NanoClean","description":"","publisher":{"@id":"https:\/\/nanoclean24.com\/de\/#organization"},"potentialAction":[{"@type":"SearchAction","target":{"@type":"EntryPoint","urlTemplate":"https:\/\/nanoclean24.com\/de\/?s={search_term_string}"},"query-input":{"@type":"PropertyValueSpecification","valueRequired":true,"valueName":"search_term_string"}}],"inLanguage":"de"},{"@type":"Organization","@id":"https:\/\/nanoclean24.com\/de\/#organization","name":"NanoClean","url":"https:\/\/nanoclean24.com\/de\/","logo":{"@type":"ImageObject","inLanguage":"de","@id":"https:\/\/nanoclean24.com\/de\/#\/schema\/logo\/image\/","url":"https:\/\/nanoclean24.com\/wp-content\/uploads\/2025\/07\/logo-2.jpg","contentUrl":"https:\/\/nanoclean24.com\/wp-content\/uploads\/2025\/07\/logo-2.jpg","width":1068,"height":224,"caption":"NanoClean"},"image":{"@id":"https:\/\/nanoclean24.com\/de\/#\/schema\/logo\/image\/"}}]}},"taxonomy_info":{"product_cat":[{"value":172,"label":"HOME"}]},"featured_image_src_large":["https:\/\/nanoclean24.com\/wp-content\/uploads\/2025\/10\/h30-1.png",1010,1010,false],"author_info":[],"comment_info":"","_links":{"self":[{"href":"https:\/\/nanoclean24.com\/de\/wp-json\/wp\/v2\/product\/9088","targetHints":{"allow":["GET"]}}],"collection":[{"href":"https:\/\/nanoclean24.com\/de\/wp-json\/wp\/v2\/product"}],"about":[{"href":"https:\/\/nanoclean24.com\/de\/wp-json\/wp\/v2\/types\/product"}],"wp:featuredmedia":[{"embeddable":true,"href":"https:\/\/nanoclean24.com\/de\/wp-json\/wp\/v2\/media\/10195"}],"wp:attachment":[{"href":"https:\/\/nanoclean24.com\/de\/wp-json\/wp\/v2\/media?parent=9088"}],"wp:term":[{"taxonomy":"product_brand","embeddable":true,"href":"https:\/\/nanoclean24.com\/de\/wp-json\/wp\/v2\/product_brand?post=9088"},{"taxonomy":"product_cat","embeddable":true,"href":"https:\/\/nanoclean24.com\/de\/wp-json\/wp\/v2\/product_cat?post=9088"},{"taxonomy":"product_tag","embeddable":true,"href":"https:\/\/nanoclean24.com\/de\/wp-json\/wp\/v2\/product_tag?post=9088"}],"curies":[{"name":"wp","href":"https:\/\/api.w.org\/{rel}","templated":true}]}}