{"id":9079,"date":"2025-10-15T22:10:37","date_gmt":"2025-10-15T20:10:37","guid":{"rendered":"https:\/\/nanoclean24.com\/produkt\/nanoclean-b08-waschen-glaenzen-500-ml\/"},"modified":"2025-10-21T12:43:15","modified_gmt":"2025-10-21T10:43:15","slug":"nanoclean-b08-waschen-glaenzen-500-ml","status":"publish","type":"product","link":"https:\/\/nanoclean24.com\/de\/produkte\/nanoclean-b08-waschen-glaenzen-500-ml\/","title":{"rendered":"NANOCLEAN B08 WASCHEN &amp; GL\u00c4NZEN 500 ML"},"content":{"rendered":"\n<h4 class=\"wp-block-heading\">Reinigen und Gl\u00e4nzen in einem Arbeitsgang<\/h4>\n\n<p class=\"has-text-align-left\"><br\/>B08 WASH &amp; SHINE ist ein hochwertiger Motorradreiniger zum Spr\u00fchen und Wischen, angereichert mit Nano-Glanz-Additiven f\u00fcr ein perfektes Finish. Der neutrale pH-Wert (7,0) macht das Produkt sicher f\u00fcr alle Arten von Lacken, einschlie\u00dflich matter und folierter Oberfl\u00e4chen. Die 2-in-1-Formel entfernt effektiv Schmutz, verleiht Glanz und erfrischt das Aussehen des Motorrads, hinterl\u00e4sst einen angenehmen Duft und bietet lang anhaltenden Schutz.  <\/p>\n","protected":false},"excerpt":{"rendered":"<h3>Wichtigste Vorteile<\/h3>\n<p>\u2705 <strong>Reinigt und gl\u00e4nzt in einem Schritt<\/strong> &#8211; entfernt Schmutz und verst\u00e4rkt den Glanz<\/p>\n<p><strong> pH-neutral<\/strong> &#8211; sicher f\u00fcr alle Arten von Lacken, einschlie\u00dflich Matt- und Lacklacken<\/p>\n<p>\u2705 <strong>Nano-Glanz-Technologie<\/strong> &#8211; <strong>lang anhaltender<\/strong> Schutz<\/p>\n<p>\u2705 <strong>Frischer Geruch<\/strong> &#8211; das Motorrad sieht aus und riecht wie neu<\/p>\n<p>\u2705 <strong>Schnelle und einfache Anwendung<\/strong> &#8211; spr\u00fchen, wischen, fertig<\/p>\n","protected":false},"featured_media":15785,"template":"","meta":{"_kad_blocks_custom_css":"","_kad_blocks_head_custom_js":"","_kad_blocks_body_custom_js":"","_kad_blocks_footer_custom_js":"","_kad_post_transparent":"","_kad_post_title":"","_kad_post_layout":"","_kad_post_sidebar_id":"","_kad_post_content_style":"","_kad_post_vertical_padding":"","_kad_post_feature":"","_kad_post_feature_position":"","_kad_post_header":false,"_kad_post_footer":false,"_kad_post_classname":""},"product_brand":[],"product_cat":[111],"product_tag":[],"class_list":{"0":"post-9079","1":"product","2":"type-product","3":"status-publish","4":"has-post-thumbnail","6":"product_cat-moto-de","8":"first","9":"instock","10":"taxable","11":"shipping-taxable","12":"purchasable","13":"product-type-simple","14":"entry","15":"content-bg","16":"loop-entry"},"yoast_head":"<!-- This site is optimized with the Yoast SEO plugin v27.4 - https:\/\/yoast.com\/product\/yoast-seo-wordpress\/ -->\n<title>NANOCLEAN B08 WASCHEN &amp; GL\u00c4NZEN 500 ML - NANOCLEAN<\/title>\n<meta name=\"robots\" content=\"index, follow, max-snippet:-1, max-image-preview:large, max-video-preview:-1\" \/>\n<link rel=\"canonical\" href=\"https:\/\/nanoclean24.com\/de\/produkte\/nanoclean-b08-waschen-glaenzen-500-ml\/\" \/>\n<meta property=\"og:locale\" content=\"de_DE\" \/>\n<meta property=\"og:type\" content=\"article\" \/>\n<meta property=\"og:title\" content=\"NANOCLEAN B08 WASCHEN &amp; GL\u00c4NZEN 500 ML - NANOCLEAN\" \/>\n<meta property=\"og:description\" content=\"Wichtigste Vorteile \u2705 Reinigt und gl\u00e4nzt in einem Schritt - entfernt Schmutz und verst\u00e4rkt den Glanz pH-neutral - sicher f\u00fcr alle Arten von Lacken, einschlie\u00dflich Matt- und Lacklacken \u2705 Nano-Glanz-Technologie - lang anhaltender Schutz \u2705 Frischer Geruch - das Motorrad sieht aus und riecht wie neu \u2705 Schnelle und einfache Anwendung - spr\u00fchen, wischen, fertig\" \/>\n<meta property=\"og:url\" content=\"https:\/\/nanoclean24.com\/de\/produkte\/nanoclean-b08-waschen-glaenzen-500-ml\/\" \/>\n<meta property=\"og:site_name\" content=\"NANOCLEAN\" \/>\n<meta property=\"article:modified_time\" content=\"2025-10-21T10:43:15+00:00\" \/>\n<meta property=\"og:image\" content=\"https:\/\/nanoclean24.com\/wp-content\/uploads\/2025\/10\/B08.webp\" \/>\n\t<meta property=\"og:image:width\" content=\"1200\" \/>\n\t<meta property=\"og:image:height\" content=\"1200\" \/>\n\t<meta property=\"og:image:type\" content=\"image\/webp\" \/>\n<meta name=\"twitter:card\" content=\"summary_large_image\" \/>\n<script type=\"application\/ld+json\" class=\"yoast-schema-graph\">{\"@context\":\"https:\\\/\\\/schema.org\",\"@graph\":[{\"@type\":\"WebPage\",\"@id\":\"https:\\\/\\\/nanoclean24.com\\\/de\\\/produkte\\\/nanoclean-b08-waschen-glaenzen-500-ml\\\/\",\"url\":\"https:\\\/\\\/nanoclean24.com\\\/de\\\/produkte\\\/nanoclean-b08-waschen-glaenzen-500-ml\\\/\",\"name\":\"NANOCLEAN B08 WASCHEN &amp; GL\u00c4NZEN 500 ML - NANOCLEAN\",\"isPartOf\":{\"@id\":\"https:\\\/\\\/nanoclean24.com\\\/de\\\/#website\"},\"primaryImageOfPage\":{\"@id\":\"https:\\\/\\\/nanoclean24.com\\\/de\\\/produkte\\\/nanoclean-b08-waschen-glaenzen-500-ml\\\/#primaryimage\"},\"image\":{\"@id\":\"https:\\\/\\\/nanoclean24.com\\\/de\\\/produkte\\\/nanoclean-b08-waschen-glaenzen-500-ml\\\/#primaryimage\"},\"thumbnailUrl\":\"https:\\\/\\\/nanoclean24.com\\\/wp-content\\\/uploads\\\/2025\\\/10\\\/B08.webp\",\"datePublished\":\"2025-10-15T20:10:37+00:00\",\"dateModified\":\"2025-10-21T10:43:15+00:00\",\"breadcrumb\":{\"@id\":\"https:\\\/\\\/nanoclean24.com\\\/de\\\/produkte\\\/nanoclean-b08-waschen-glaenzen-500-ml\\\/#breadcrumb\"},\"inLanguage\":\"de\",\"potentialAction\":[{\"@type\":\"ReadAction\",\"target\":[\"https:\\\/\\\/nanoclean24.com\\\/de\\\/produkte\\\/nanoclean-b08-waschen-glaenzen-500-ml\\\/\"]}]},{\"@type\":\"ImageObject\",\"inLanguage\":\"de\",\"@id\":\"https:\\\/\\\/nanoclean24.com\\\/de\\\/produkte\\\/nanoclean-b08-waschen-glaenzen-500-ml\\\/#primaryimage\",\"url\":\"https:\\\/\\\/nanoclean24.com\\\/wp-content\\\/uploads\\\/2025\\\/10\\\/B08.webp\",\"contentUrl\":\"https:\\\/\\\/nanoclean24.com\\\/wp-content\\\/uploads\\\/2025\\\/10\\\/B08.webp\",\"width\":1200,\"height\":1200},{\"@type\":\"BreadcrumbList\",\"@id\":\"https:\\\/\\\/nanoclean24.com\\\/de\\\/produkte\\\/nanoclean-b08-waschen-glaenzen-500-ml\\\/#breadcrumb\",\"itemListElement\":[{\"@type\":\"ListItem\",\"position\":1,\"name\":\"Strona g\u0142\u00f3wna\",\"item\":\"https:\\\/\\\/nanoclean24.com\\\/de\\\/\"},{\"@type\":\"ListItem\",\"position\":2,\"name\":\"Shop\",\"item\":\"https:\\\/\\\/nanoclean24.com\\\/de\\\/shop\\\/\"},{\"@type\":\"ListItem\",\"position\":3,\"name\":\"NANOCLEAN B08 WASCHEN &amp; GL\u00c4NZEN 500 ML\"}]},{\"@type\":\"WebSite\",\"@id\":\"https:\\\/\\\/nanoclean24.com\\\/de\\\/#website\",\"url\":\"https:\\\/\\\/nanoclean24.com\\\/de\\\/\",\"name\":\"NanoClean\",\"description\":\"\",\"publisher\":{\"@id\":\"https:\\\/\\\/nanoclean24.com\\\/de\\\/#organization\"},\"potentialAction\":[{\"@type\":\"SearchAction\",\"target\":{\"@type\":\"EntryPoint\",\"urlTemplate\":\"https:\\\/\\\/nanoclean24.com\\\/de\\\/?s={search_term_string}\"},\"query-input\":{\"@type\":\"PropertyValueSpecification\",\"valueRequired\":true,\"valueName\":\"search_term_string\"}}],\"inLanguage\":\"de\"},{\"@type\":\"Organization\",\"@id\":\"https:\\\/\\\/nanoclean24.com\\\/de\\\/#organization\",\"name\":\"NanoClean\",\"url\":\"https:\\\/\\\/nanoclean24.com\\\/de\\\/\",\"logo\":{\"@type\":\"ImageObject\",\"inLanguage\":\"de\",\"@id\":\"https:\\\/\\\/nanoclean24.com\\\/de\\\/#\\\/schema\\\/logo\\\/image\\\/\",\"url\":\"https:\\\/\\\/nanoclean24.com\\\/wp-content\\\/uploads\\\/2025\\\/07\\\/logo-2.jpg\",\"contentUrl\":\"https:\\\/\\\/nanoclean24.com\\\/wp-content\\\/uploads\\\/2025\\\/07\\\/logo-2.jpg\",\"width\":1068,\"height\":224,\"caption\":\"NanoClean\"},\"image\":{\"@id\":\"https:\\\/\\\/nanoclean24.com\\\/de\\\/#\\\/schema\\\/logo\\\/image\\\/\"}}]}<\/script>\n<!-- \/ Yoast SEO plugin. -->","yoast_head_json":{"title":"NANOCLEAN B08 WASCHEN &amp; GL\u00c4NZEN 500 ML - NANOCLEAN","robots":{"index":"index","follow":"follow","max-snippet":"max-snippet:-1","max-image-preview":"max-image-preview:large","max-video-preview":"max-video-preview:-1"},"canonical":"https:\/\/nanoclean24.com\/de\/produkte\/nanoclean-b08-waschen-glaenzen-500-ml\/","og_locale":"de_DE","og_type":"article","og_title":"NANOCLEAN B08 WASCHEN &amp; GL\u00c4NZEN 500 ML - NANOCLEAN","og_description":"Wichtigste Vorteile \u2705 Reinigt und gl\u00e4nzt in einem Schritt - entfernt Schmutz und verst\u00e4rkt den Glanz pH-neutral - sicher f\u00fcr alle Arten von Lacken, einschlie\u00dflich Matt- und Lacklacken \u2705 Nano-Glanz-Technologie - lang anhaltender Schutz \u2705 Frischer Geruch - das Motorrad sieht aus und riecht wie neu \u2705 Schnelle und einfache Anwendung - spr\u00fchen, wischen, fertig","og_url":"https:\/\/nanoclean24.com\/de\/produkte\/nanoclean-b08-waschen-glaenzen-500-ml\/","og_site_name":"NANOCLEAN","article_modified_time":"2025-10-21T10:43:15+00:00","og_image":[{"width":1200,"height":1200,"url":"https:\/\/nanoclean24.com\/wp-content\/uploads\/2025\/10\/B08.webp","type":"image\/webp"}],"twitter_card":"summary_large_image","schema":{"@context":"https:\/\/schema.org","@graph":[{"@type":"WebPage","@id":"https:\/\/nanoclean24.com\/de\/produkte\/nanoclean-b08-waschen-glaenzen-500-ml\/","url":"https:\/\/nanoclean24.com\/de\/produkte\/nanoclean-b08-waschen-glaenzen-500-ml\/","name":"NANOCLEAN B08 WASCHEN &amp; GL\u00c4NZEN 500 ML - NANOCLEAN","isPartOf":{"@id":"https:\/\/nanoclean24.com\/de\/#website"},"primaryImageOfPage":{"@id":"https:\/\/nanoclean24.com\/de\/produkte\/nanoclean-b08-waschen-glaenzen-500-ml\/#primaryimage"},"image":{"@id":"https:\/\/nanoclean24.com\/de\/produkte\/nanoclean-b08-waschen-glaenzen-500-ml\/#primaryimage"},"thumbnailUrl":"https:\/\/nanoclean24.com\/wp-content\/uploads\/2025\/10\/B08.webp","datePublished":"2025-10-15T20:10:37+00:00","dateModified":"2025-10-21T10:43:15+00:00","breadcrumb":{"@id":"https:\/\/nanoclean24.com\/de\/produkte\/nanoclean-b08-waschen-glaenzen-500-ml\/#breadcrumb"},"inLanguage":"de","potentialAction":[{"@type":"ReadAction","target":["https:\/\/nanoclean24.com\/de\/produkte\/nanoclean-b08-waschen-glaenzen-500-ml\/"]}]},{"@type":"ImageObject","inLanguage":"de","@id":"https:\/\/nanoclean24.com\/de\/produkte\/nanoclean-b08-waschen-glaenzen-500-ml\/#primaryimage","url":"https:\/\/nanoclean24.com\/wp-content\/uploads\/2025\/10\/B08.webp","contentUrl":"https:\/\/nanoclean24.com\/wp-content\/uploads\/2025\/10\/B08.webp","width":1200,"height":1200},{"@type":"BreadcrumbList","@id":"https:\/\/nanoclean24.com\/de\/produkte\/nanoclean-b08-waschen-glaenzen-500-ml\/#breadcrumb","itemListElement":[{"@type":"ListItem","position":1,"name":"Strona g\u0142\u00f3wna","item":"https:\/\/nanoclean24.com\/de\/"},{"@type":"ListItem","position":2,"name":"Shop","item":"https:\/\/nanoclean24.com\/de\/shop\/"},{"@type":"ListItem","position":3,"name":"NANOCLEAN B08 WASCHEN &amp; GL\u00c4NZEN 500 ML"}]},{"@type":"WebSite","@id":"https:\/\/nanoclean24.com\/de\/#website","url":"https:\/\/nanoclean24.com\/de\/","name":"NanoClean","description":"","publisher":{"@id":"https:\/\/nanoclean24.com\/de\/#organization"},"potentialAction":[{"@type":"SearchAction","target":{"@type":"EntryPoint","urlTemplate":"https:\/\/nanoclean24.com\/de\/?s={search_term_string}"},"query-input":{"@type":"PropertyValueSpecification","valueRequired":true,"valueName":"search_term_string"}}],"inLanguage":"de"},{"@type":"Organization","@id":"https:\/\/nanoclean24.com\/de\/#organization","name":"NanoClean","url":"https:\/\/nanoclean24.com\/de\/","logo":{"@type":"ImageObject","inLanguage":"de","@id":"https:\/\/nanoclean24.com\/de\/#\/schema\/logo\/image\/","url":"https:\/\/nanoclean24.com\/wp-content\/uploads\/2025\/07\/logo-2.jpg","contentUrl":"https:\/\/nanoclean24.com\/wp-content\/uploads\/2025\/07\/logo-2.jpg","width":1068,"height":224,"caption":"NanoClean"},"image":{"@id":"https:\/\/nanoclean24.com\/de\/#\/schema\/logo\/image\/"}}]}},"taxonomy_info":{"product_cat":[{"value":111,"label":"BIKE&amp;MOTO"}]},"featured_image_src_large":["https:\/\/nanoclean24.com\/wp-content\/uploads\/2025\/10\/B08-1024x1024.webp",1024,1024,true],"author_info":[],"comment_info":"","_links":{"self":[{"href":"https:\/\/nanoclean24.com\/de\/wp-json\/wp\/v2\/product\/9079","targetHints":{"allow":["GET"]}}],"collection":[{"href":"https:\/\/nanoclean24.com\/de\/wp-json\/wp\/v2\/product"}],"about":[{"href":"https:\/\/nanoclean24.com\/de\/wp-json\/wp\/v2\/types\/product"}],"wp:featuredmedia":[{"embeddable":true,"href":"https:\/\/nanoclean24.com\/de\/wp-json\/wp\/v2\/media\/15785"}],"wp:attachment":[{"href":"https:\/\/nanoclean24.com\/de\/wp-json\/wp\/v2\/media?parent=9079"}],"wp:term":[{"taxonomy":"product_brand","embeddable":true,"href":"https:\/\/nanoclean24.com\/de\/wp-json\/wp\/v2\/product_brand?post=9079"},{"taxonomy":"product_cat","embeddable":true,"href":"https:\/\/nanoclean24.com\/de\/wp-json\/wp\/v2\/product_cat?post=9079"},{"taxonomy":"product_tag","embeddable":true,"href":"https:\/\/nanoclean24.com\/de\/wp-json\/wp\/v2\/product_tag?post=9079"}],"curies":[{"name":"wp","href":"https:\/\/api.w.org\/{rel}","templated":true}]}}