{"id":8357,"date":"2025-07-19T22:38:01","date_gmt":"2025-07-19T20:38:01","guid":{"rendered":"https:\/\/nanoclean24.com\/produkt\/b40-bio-multilube\/"},"modified":"2025-10-23T12:40:02","modified_gmt":"2025-10-23T10:40:02","slug":"b40-bio-multilube","status":"publish","type":"product","link":"https:\/\/nanoclean24.com\/de\/produkte\/b40-bio-multilube\/","title":{"rendered":"B40 MULTILUBE BIO 50ML"},"content":{"rendered":"<p>B40 BIO MULTILUBE ist ein fortschrittliches, umweltfreundliches Fahrradschmiermittel, das Innovation, Zuverl\u00e4ssigkeit und Umweltfreundlichkeit vereint. Dieses auf pflanzlicher Basis hergestellte Schmiermittel mit organischem Molybd\u00e4n OMX8 ist eine L\u00f6sung, die Ihrem Fahrrad auch unter den anspruchsvollsten Bedingungen eine au\u00dfergew\u00f6hnliche Leistung und einen lang anhaltenden Schutz bietet. <\/p>\n<h3><strong>\ud83d\udccb Wie wird B40 BIO MULTILUBE verwendet?<\/strong><\/h3>\n<ol>\n<li>Sch\u00fctteln Sie die Flasche vor Gebrauch 5 Sekunden lang.<\/li>\n<li>Tragen Sie das Produkt auf die zu schmierenden Teile (Seile, Griffe, Schieber) auf.<\/li>\n<li>Nach 3 Minuten wischen Sie das \u00fcbersch\u00fcssige \u00d6l mit einem sauberen Tuch ab.<\/li>\n<\/ol>\n<p>B40 BIO MULTILUBE ist die erste Wahl f\u00fcr Radfahrer, die hervorragende Leistung und Umweltfreundlichkeit erwarten. Vertrauen Sie auf moderne Technologie und geben Sie Ihrem Fahrrad optimalen Schutz und Leistung auf jeder Strecke <\/p>\n","protected":false},"excerpt":{"rendered":"<h3>Premium-Schmiermittel f\u00fcr Fahrr\u00e4der: Zuverl\u00e4ssiger Schutz und Leistung<\/h3>\n<p>\u2705 <strong>Hohe Penetration und schnelle Wirkung<\/strong> &#8211; B40 BIO MULTILUBE dringt sofort in Mechanismen ein, verbessert die Leistung und erh\u00f6ht die Haltbarkeit. Ideal zum Schmieren von Kabeln, Griffen, Schiebern und kleinen Pr\u00e4zisionsmechanismen. <\/p>\n<p>\u2705 <strong>Reinigung, Schmierung und Wartung in einem<\/strong> &#8211; Das Produkt reinigt, schmiert und pflegt perfekt, selbst bei Sand oder anderem Schmutz, ohne dass die Oberfl\u00e4che vorher gereinigt werden muss.<\/p>\n<p>\u2705 <strong>Wasserdichtigkeit und Korrosionsschutz<\/strong> &#8211; B40 BIO MULTILUBE verdr\u00e4ngt effektiv Wasser und Feuchtigkeit und bietet einen hervorragenden Schutz vor Frost und Korrosion. Selbst bei rauen Witterungsbedingungen wird Ihr Fahrrad vollst\u00e4ndig gesch\u00fctzt sein. <\/p>\n<p>\u2705 <strong>Minimierung der Staub- und Ger\u00e4uschanziehung<\/strong> &#8211; Die Schmiermittelformel sorgt f\u00fcr eine hervorragende Gleitf\u00e4higkeit, reduziert die Anziehung von Staub und Schmutz und d\u00e4mpft Quietschen und Ger\u00e4usche f\u00fcr eine komfortablere Fahrt.<\/p>\n<p>\u2705 S <strong>aubere Anwendung und \u00f6kologische Inhaltsstoffe<\/strong> &#8211; B40 BIO MULTILUBE macht keine Flecken, spritzt nicht und tropft nicht.<\/p>\n<p><strong>Das Produkt ist umweltvertr\u00e4glich<\/strong> &#8211; es enth\u00e4lt weder PTFE noch PFAS und ist damit eine umweltfreundliche Alternative zu herk\u00f6mmlichen Schmiermitteln.<\/p>\n<p>\u2705 <strong>Universelle Anwendung<\/strong> &#8211; Ein Produkt, viele M\u00f6glichkeiten. B40 BIO MULTILUBE funktioniert nicht nur f\u00fcr Z\u00fcge und Griffe, sondern auch f\u00fcr Schieber und kleine Pr\u00e4zisionsmechanismen an Ihrem Fahrrad. <\/p>\n","protected":false},"featured_media":3171,"template":"","meta":{"_kad_blocks_custom_css":"","_kad_blocks_head_custom_js":"","_kad_blocks_body_custom_js":"","_kad_blocks_footer_custom_js":"","_kad_post_transparent":"","_kad_post_title":"","_kad_post_layout":"","_kad_post_sidebar_id":"","_kad_post_content_style":"","_kad_post_vertical_padding":"","_kad_post_feature":"","_kad_post_feature_position":"","_kad_post_header":false,"_kad_post_footer":false,"_kad_post_classname":""},"product_brand":[],"product_cat":[112],"product_tag":[],"class_list":{"0":"post-8357","1":"product","2":"type-product","3":"status-publish","4":"has-post-thumbnail","6":"product_cat-bike-de","8":"first","9":"instock","10":"featured","11":"taxable","12":"shipping-taxable","13":"purchasable","14":"product-type-simple","15":"entry","16":"content-bg","17":"loop-entry"},"yoast_head":"<!-- This site is optimized with the Yoast SEO plugin v27.4 - https:\/\/yoast.com\/product\/yoast-seo-wordpress\/ -->\n<title>B40 MULTILUBE BIO 50ML - NANOCLEAN<\/title>\n<meta name=\"robots\" content=\"index, follow, max-snippet:-1, max-image-preview:large, max-video-preview:-1\" \/>\n<link rel=\"canonical\" href=\"https:\/\/nanoclean24.com\/de\/produkte\/b40-bio-multilube\/\" \/>\n<meta property=\"og:locale\" content=\"de_DE\" \/>\n<meta property=\"og:type\" content=\"article\" \/>\n<meta property=\"og:title\" content=\"B40 MULTILUBE BIO 50ML - NANOCLEAN\" \/>\n<meta property=\"og:description\" content=\"Premium-Schmiermittel f\u00fcr Fahrr\u00e4der: Zuverl\u00e4ssiger Schutz und Leistung \u2705 Hohe Penetration und schnelle Wirkung - B40 BIO MULTILUBE dringt sofort in Mechanismen ein, verbessert die Leistung und erh\u00f6ht die Haltbarkeit. Ideal zum Schmieren von Kabeln, Griffen, Schiebern und kleinen Pr\u00e4zisionsmechanismen.  \u2705 Reinigung, Schmierung und Wartung in einem - Das Produkt reinigt, schmiert und pflegt perfekt, selbst bei Sand oder anderem Schmutz, ohne dass die Oberfl\u00e4che vorher gereinigt werden muss. \u2705 Wasserdichtigkeit und Korrosionsschutz - B40 BIO MULTILUBE verdr\u00e4ngt effektiv Wasser und Feuchtigkeit und bietet einen hervorragenden Schutz vor Frost und Korrosion. Selbst bei rauen Witterungsbedingungen wird Ihr Fahrrad vollst\u00e4ndig gesch\u00fctzt sein.  \u2705 Minimierung der Staub- und Ger\u00e4uschanziehung - Die Schmiermittelformel sorgt f\u00fcr eine hervorragende Gleitf\u00e4higkeit, reduziert die Anziehung von Staub und Schmutz und d\u00e4mpft Quietschen und Ger\u00e4usche f\u00fcr eine komfortablere Fahrt. \u2705 S aubere Anwendung und \u00f6kologische Inhaltsstoffe - B40 BIO MULTILUBE macht keine Flecken, spritzt nicht und tropft nicht. Das Produkt ist umweltvertr\u00e4glich - es enth\u00e4lt weder PTFE noch PFAS und ist damit eine umweltfreundliche Alternative zu herk\u00f6mmlichen Schmiermitteln. \u2705 Universelle Anwendung - Ein Produkt, viele M\u00f6glichkeiten. B40 BIO MULTILUBE funktioniert nicht nur f\u00fcr Z\u00fcge und Griffe, sondern auch f\u00fcr Schieber und kleine Pr\u00e4zisionsmechanismen an Ihrem Fahrrad.\" \/>\n<meta property=\"og:url\" content=\"https:\/\/nanoclean24.com\/de\/produkte\/b40-bio-multilube\/\" \/>\n<meta property=\"og:site_name\" content=\"NANOCLEAN\" \/>\n<meta property=\"article:modified_time\" content=\"2025-10-23T10:40:02+00:00\" \/>\n<meta property=\"og:image\" content=\"https:\/\/nanoclean24.com\/wp-content\/uploads\/2025\/07\/b40.jpg\" \/>\n\t<meta property=\"og:image:width\" content=\"1200\" \/>\n\t<meta property=\"og:image:height\" content=\"1200\" \/>\n\t<meta property=\"og:image:type\" content=\"image\/jpeg\" \/>\n<meta name=\"twitter:card\" content=\"summary_large_image\" \/>\n<meta name=\"twitter:label1\" content=\"Gesch\u00e4tzte Lesezeit\" \/>\n\t<meta name=\"twitter:data1\" content=\"1\u00a0Minute\" \/>\n<script type=\"application\/ld+json\" class=\"yoast-schema-graph\">{\"@context\":\"https:\\\/\\\/schema.org\",\"@graph\":[{\"@type\":\"WebPage\",\"@id\":\"https:\\\/\\\/nanoclean24.com\\\/de\\\/produkte\\\/b40-bio-multilube\\\/\",\"url\":\"https:\\\/\\\/nanoclean24.com\\\/de\\\/produkte\\\/b40-bio-multilube\\\/\",\"name\":\"B40 MULTILUBE BIO 50ML - NANOCLEAN\",\"isPartOf\":{\"@id\":\"https:\\\/\\\/nanoclean24.com\\\/de\\\/#website\"},\"primaryImageOfPage\":{\"@id\":\"https:\\\/\\\/nanoclean24.com\\\/de\\\/produkte\\\/b40-bio-multilube\\\/#primaryimage\"},\"image\":{\"@id\":\"https:\\\/\\\/nanoclean24.com\\\/de\\\/produkte\\\/b40-bio-multilube\\\/#primaryimage\"},\"thumbnailUrl\":\"https:\\\/\\\/nanoclean24.com\\\/wp-content\\\/uploads\\\/2025\\\/07\\\/b40.jpg\",\"datePublished\":\"2025-07-19T20:38:01+00:00\",\"dateModified\":\"2025-10-23T10:40:02+00:00\",\"breadcrumb\":{\"@id\":\"https:\\\/\\\/nanoclean24.com\\\/de\\\/produkte\\\/b40-bio-multilube\\\/#breadcrumb\"},\"inLanguage\":\"de\",\"potentialAction\":[{\"@type\":\"ReadAction\",\"target\":[\"https:\\\/\\\/nanoclean24.com\\\/de\\\/produkte\\\/b40-bio-multilube\\\/\"]}]},{\"@type\":\"ImageObject\",\"inLanguage\":\"de\",\"@id\":\"https:\\\/\\\/nanoclean24.com\\\/de\\\/produkte\\\/b40-bio-multilube\\\/#primaryimage\",\"url\":\"https:\\\/\\\/nanoclean24.com\\\/wp-content\\\/uploads\\\/2025\\\/07\\\/b40.jpg\",\"contentUrl\":\"https:\\\/\\\/nanoclean24.com\\\/wp-content\\\/uploads\\\/2025\\\/07\\\/b40.jpg\",\"width\":1200,\"height\":1200},{\"@type\":\"BreadcrumbList\",\"@id\":\"https:\\\/\\\/nanoclean24.com\\\/de\\\/produkte\\\/b40-bio-multilube\\\/#breadcrumb\",\"itemListElement\":[{\"@type\":\"ListItem\",\"position\":1,\"name\":\"Strona g\u0142\u00f3wna\",\"item\":\"https:\\\/\\\/nanoclean24.com\\\/de\\\/\"},{\"@type\":\"ListItem\",\"position\":2,\"name\":\"Shop\",\"item\":\"https:\\\/\\\/nanoclean24.com\\\/de\\\/shop\\\/\"},{\"@type\":\"ListItem\",\"position\":3,\"name\":\"B40 MULTILUBE BIO 50ML\"}]},{\"@type\":\"WebSite\",\"@id\":\"https:\\\/\\\/nanoclean24.com\\\/de\\\/#website\",\"url\":\"https:\\\/\\\/nanoclean24.com\\\/de\\\/\",\"name\":\"NanoClean\",\"description\":\"\",\"publisher\":{\"@id\":\"https:\\\/\\\/nanoclean24.com\\\/de\\\/#organization\"},\"potentialAction\":[{\"@type\":\"SearchAction\",\"target\":{\"@type\":\"EntryPoint\",\"urlTemplate\":\"https:\\\/\\\/nanoclean24.com\\\/de\\\/?s={search_term_string}\"},\"query-input\":{\"@type\":\"PropertyValueSpecification\",\"valueRequired\":true,\"valueName\":\"search_term_string\"}}],\"inLanguage\":\"de\"},{\"@type\":\"Organization\",\"@id\":\"https:\\\/\\\/nanoclean24.com\\\/de\\\/#organization\",\"name\":\"NanoClean\",\"url\":\"https:\\\/\\\/nanoclean24.com\\\/de\\\/\",\"logo\":{\"@type\":\"ImageObject\",\"inLanguage\":\"de\",\"@id\":\"https:\\\/\\\/nanoclean24.com\\\/de\\\/#\\\/schema\\\/logo\\\/image\\\/\",\"url\":\"https:\\\/\\\/nanoclean24.com\\\/wp-content\\\/uploads\\\/2025\\\/07\\\/logo-2.jpg\",\"contentUrl\":\"https:\\\/\\\/nanoclean24.com\\\/wp-content\\\/uploads\\\/2025\\\/07\\\/logo-2.jpg\",\"width\":1068,\"height\":224,\"caption\":\"NanoClean\"},\"image\":{\"@id\":\"https:\\\/\\\/nanoclean24.com\\\/de\\\/#\\\/schema\\\/logo\\\/image\\\/\"}}]}<\/script>\n<!-- \/ Yoast SEO plugin. -->","yoast_head_json":{"title":"B40 MULTILUBE BIO 50ML - NANOCLEAN","robots":{"index":"index","follow":"follow","max-snippet":"max-snippet:-1","max-image-preview":"max-image-preview:large","max-video-preview":"max-video-preview:-1"},"canonical":"https:\/\/nanoclean24.com\/de\/produkte\/b40-bio-multilube\/","og_locale":"de_DE","og_type":"article","og_title":"B40 MULTILUBE BIO 50ML - NANOCLEAN","og_description":"Premium-Schmiermittel f\u00fcr Fahrr\u00e4der: Zuverl\u00e4ssiger Schutz und Leistung \u2705 Hohe Penetration und schnelle Wirkung - B40 BIO MULTILUBE dringt sofort in Mechanismen ein, verbessert die Leistung und erh\u00f6ht die Haltbarkeit. Ideal zum Schmieren von Kabeln, Griffen, Schiebern und kleinen Pr\u00e4zisionsmechanismen.  \u2705 Reinigung, Schmierung und Wartung in einem - Das Produkt reinigt, schmiert und pflegt perfekt, selbst bei Sand oder anderem Schmutz, ohne dass die Oberfl\u00e4che vorher gereinigt werden muss. \u2705 Wasserdichtigkeit und Korrosionsschutz - B40 BIO MULTILUBE verdr\u00e4ngt effektiv Wasser und Feuchtigkeit und bietet einen hervorragenden Schutz vor Frost und Korrosion. Selbst bei rauen Witterungsbedingungen wird Ihr Fahrrad vollst\u00e4ndig gesch\u00fctzt sein.  \u2705 Minimierung der Staub- und Ger\u00e4uschanziehung - Die Schmiermittelformel sorgt f\u00fcr eine hervorragende Gleitf\u00e4higkeit, reduziert die Anziehung von Staub und Schmutz und d\u00e4mpft Quietschen und Ger\u00e4usche f\u00fcr eine komfortablere Fahrt. \u2705 S aubere Anwendung und \u00f6kologische Inhaltsstoffe - B40 BIO MULTILUBE macht keine Flecken, spritzt nicht und tropft nicht. Das Produkt ist umweltvertr\u00e4glich - es enth\u00e4lt weder PTFE noch PFAS und ist damit eine umweltfreundliche Alternative zu herk\u00f6mmlichen Schmiermitteln. \u2705 Universelle Anwendung - Ein Produkt, viele M\u00f6glichkeiten. B40 BIO MULTILUBE funktioniert nicht nur f\u00fcr Z\u00fcge und Griffe, sondern auch f\u00fcr Schieber und kleine Pr\u00e4zisionsmechanismen an Ihrem Fahrrad.","og_url":"https:\/\/nanoclean24.com\/de\/produkte\/b40-bio-multilube\/","og_site_name":"NANOCLEAN","article_modified_time":"2025-10-23T10:40:02+00:00","og_image":[{"width":1200,"height":1200,"url":"https:\/\/nanoclean24.com\/wp-content\/uploads\/2025\/07\/b40.jpg","type":"image\/jpeg"}],"twitter_card":"summary_large_image","twitter_misc":{"Gesch\u00e4tzte Lesezeit":"1\u00a0Minute"},"schema":{"@context":"https:\/\/schema.org","@graph":[{"@type":"WebPage","@id":"https:\/\/nanoclean24.com\/de\/produkte\/b40-bio-multilube\/","url":"https:\/\/nanoclean24.com\/de\/produkte\/b40-bio-multilube\/","name":"B40 MULTILUBE BIO 50ML - NANOCLEAN","isPartOf":{"@id":"https:\/\/nanoclean24.com\/de\/#website"},"primaryImageOfPage":{"@id":"https:\/\/nanoclean24.com\/de\/produkte\/b40-bio-multilube\/#primaryimage"},"image":{"@id":"https:\/\/nanoclean24.com\/de\/produkte\/b40-bio-multilube\/#primaryimage"},"thumbnailUrl":"https:\/\/nanoclean24.com\/wp-content\/uploads\/2025\/07\/b40.jpg","datePublished":"2025-07-19T20:38:01+00:00","dateModified":"2025-10-23T10:40:02+00:00","breadcrumb":{"@id":"https:\/\/nanoclean24.com\/de\/produkte\/b40-bio-multilube\/#breadcrumb"},"inLanguage":"de","potentialAction":[{"@type":"ReadAction","target":["https:\/\/nanoclean24.com\/de\/produkte\/b40-bio-multilube\/"]}]},{"@type":"ImageObject","inLanguage":"de","@id":"https:\/\/nanoclean24.com\/de\/produkte\/b40-bio-multilube\/#primaryimage","url":"https:\/\/nanoclean24.com\/wp-content\/uploads\/2025\/07\/b40.jpg","contentUrl":"https:\/\/nanoclean24.com\/wp-content\/uploads\/2025\/07\/b40.jpg","width":1200,"height":1200},{"@type":"BreadcrumbList","@id":"https:\/\/nanoclean24.com\/de\/produkte\/b40-bio-multilube\/#breadcrumb","itemListElement":[{"@type":"ListItem","position":1,"name":"Strona g\u0142\u00f3wna","item":"https:\/\/nanoclean24.com\/de\/"},{"@type":"ListItem","position":2,"name":"Shop","item":"https:\/\/nanoclean24.com\/de\/shop\/"},{"@type":"ListItem","position":3,"name":"B40 MULTILUBE BIO 50ML"}]},{"@type":"WebSite","@id":"https:\/\/nanoclean24.com\/de\/#website","url":"https:\/\/nanoclean24.com\/de\/","name":"NanoClean","description":"","publisher":{"@id":"https:\/\/nanoclean24.com\/de\/#organization"},"potentialAction":[{"@type":"SearchAction","target":{"@type":"EntryPoint","urlTemplate":"https:\/\/nanoclean24.com\/de\/?s={search_term_string}"},"query-input":{"@type":"PropertyValueSpecification","valueRequired":true,"valueName":"search_term_string"}}],"inLanguage":"de"},{"@type":"Organization","@id":"https:\/\/nanoclean24.com\/de\/#organization","name":"NanoClean","url":"https:\/\/nanoclean24.com\/de\/","logo":{"@type":"ImageObject","inLanguage":"de","@id":"https:\/\/nanoclean24.com\/de\/#\/schema\/logo\/image\/","url":"https:\/\/nanoclean24.com\/wp-content\/uploads\/2025\/07\/logo-2.jpg","contentUrl":"https:\/\/nanoclean24.com\/wp-content\/uploads\/2025\/07\/logo-2.jpg","width":1068,"height":224,"caption":"NanoClean"},"image":{"@id":"https:\/\/nanoclean24.com\/de\/#\/schema\/logo\/image\/"}}]}},"taxonomy_info":{"product_cat":[{"value":112,"label":"BICYCLE"}]},"featured_image_src_large":["https:\/\/nanoclean24.com\/wp-content\/uploads\/2025\/07\/b40-1024x1024.jpg",1024,1024,true],"author_info":[],"comment_info":"","_links":{"self":[{"href":"https:\/\/nanoclean24.com\/de\/wp-json\/wp\/v2\/product\/8357","targetHints":{"allow":["GET"]}}],"collection":[{"href":"https:\/\/nanoclean24.com\/de\/wp-json\/wp\/v2\/product"}],"about":[{"href":"https:\/\/nanoclean24.com\/de\/wp-json\/wp\/v2\/types\/product"}],"wp:featuredmedia":[{"embeddable":true,"href":"https:\/\/nanoclean24.com\/de\/wp-json\/wp\/v2\/media\/3171"}],"wp:attachment":[{"href":"https:\/\/nanoclean24.com\/de\/wp-json\/wp\/v2\/media?parent=8357"}],"wp:term":[{"taxonomy":"product_brand","embeddable":true,"href":"https:\/\/nanoclean24.com\/de\/wp-json\/wp\/v2\/product_brand?post=8357"},{"taxonomy":"product_cat","embeddable":true,"href":"https:\/\/nanoclean24.com\/de\/wp-json\/wp\/v2\/product_cat?post=8357"},{"taxonomy":"product_tag","embeddable":true,"href":"https:\/\/nanoclean24.com\/de\/wp-json\/wp\/v2\/product_tag?post=8357"}],"curies":[{"name":"wp","href":"https:\/\/api.w.org\/{rel}","templated":true}]}}