{"id":8338,"date":"2025-07-19T22:05:11","date_gmt":"2025-07-19T20:05:11","guid":{"rendered":"https:\/\/nanoclean24.com\/produkt\/b04-bio-wash-easy\/"},"modified":"2025-10-23T12:27:23","modified_gmt":"2025-10-23T10:27:23","slug":"b04-bio-wash-easy","status":"publish","type":"product","link":"https:\/\/nanoclean24.com\/de\/produkte\/b04-bio-wash-easy\/","title":{"rendered":"B04 LEICHTES WISCHEN 500ML"},"content":{"rendered":"<p>Pflegen Sie Ihr Fahrrad auf professionelle und umweltfreundliche Weise mit B04 BIO WASH EASY, einem einzigartigen Reiniger, der Schmutz, Fett und Schlamm wirksam entfernt und Ihr Fahrrad tadellos und frisch aussehen l\u00e4sst. Dank seiner einzigartigen Formel garantiert dieses Produkt nicht nur eine hervorragende Leistung, sondern schont auch die Umwelt, was es zur idealen Wahl f\u00fcr jeden Radfahrer macht, der sowohl auf Effizienz als auch auf \u00d6kologie Wert legt. <\/p>\n<h3><strong>\ud83d\udccb Art der Anwendung<\/strong><\/h3>\n<p>Sch\u00fctteln Sie die Flasche vor Gebrauch gr\u00fcndlich, um die Inhaltsstoffe zu mischen. Spr\u00fchen Sie die Oberfl\u00e4che des Fahrrads mit dem Reiniger ein und wischen Sie sie dann mit einem feuchten Schwamm ab. Zum Schluss sp\u00fclen Sie das Fahrrad mit Wasser ab oder trocknen es mit einem Mikrofasertuch ab, um eine perfekt saubere und trockene Oberfl\u00e4che zu erhalten.  <\/p>\n<p>Wenn Sie sich f\u00fcr B04 BIO WASH EASY entscheiden, schonen Sie gleichzeitig Ihr Fahrrad und die Umwelt, indem Sie in Produkte investieren, die h\u00f6chste Qualit\u00e4t bieten und den Planeten schonen. Vertrauen Sie Nanoclean und genie\u00dfen Sie die perfekte Pflege Ihres Fahrrads die ganze Saison \u00fcber! <\/p>\n","protected":false},"excerpt":{"rendered":"<h3>Premium-Reiniger f\u00fcr Fahrr\u00e4der<\/h3>\n<p><strong> \u2705 Effektive Reinigung:<\/strong> Die B04 BIO WASH EASY entfernt Schmutz, Fett und Schlamm, damit Ihr Fahrrad wieder gl\u00e4nzt und wie neu aussieht.<br \/>\n\u2705 <strong>Sicher f\u00fcr das Fahrrad:<\/strong> Das Produkt kann auf allen Fahrradoberfl\u00e4chen &#8211; Rahmen, Reifen und Metallteilen &#8211; sicher verwendet werden, ohne diese zu besch\u00e4digen.<br \/>\n\u2705<strong> Umweltfreundliche Wahl:<\/strong> Die Formel ist biologisch abbaubar und somit umweltfreundlich und sch\u00fctzt sowohl Ihr Fahrrad als auch den Planeten.<br \/>\n\u2705 <strong>Angenehmer Duft:<\/strong> Die nach Minze und Zitrusfr\u00fcchten duftende Formel hinterl\u00e4sst eine angenehme Frische, die Sie auf jedem Kilometer begleitet.<br \/>\n\u2705<strong> Hochwirksam:<\/strong> Das gebrauchsfertige Produkt beseitigt den Schmutz in wenigen einfachen Schritten, spart Zeit und bietet maximalen Komfort.<\/p>\n","protected":false},"featured_media":3117,"template":"","meta":{"_kad_blocks_custom_css":"","_kad_blocks_head_custom_js":"","_kad_blocks_body_custom_js":"","_kad_blocks_footer_custom_js":"","_kad_post_transparent":"","_kad_post_title":"","_kad_post_layout":"","_kad_post_sidebar_id":"","_kad_post_content_style":"","_kad_post_vertical_padding":"","_kad_post_feature":"","_kad_post_feature_position":"","_kad_post_header":false,"_kad_post_footer":false,"_kad_post_classname":""},"product_brand":[],"product_cat":[112],"product_tag":[],"class_list":{"0":"post-8338","1":"product","2":"type-product","3":"status-publish","4":"has-post-thumbnail","6":"product_cat-bike-de","8":"first","9":"instock","10":"featured","11":"taxable","12":"shipping-taxable","13":"purchasable","14":"product-type-simple","15":"entry","16":"content-bg","17":"loop-entry"},"yoast_head":"<!-- This site is optimized with the Yoast SEO plugin v27.4 - https:\/\/yoast.com\/product\/yoast-seo-wordpress\/ -->\n<title>B04 LEICHTES WISCHEN 500ML - NANOCLEAN<\/title>\n<meta name=\"robots\" content=\"index, follow, max-snippet:-1, max-image-preview:large, max-video-preview:-1\" \/>\n<link rel=\"canonical\" href=\"https:\/\/nanoclean24.com\/de\/produkte\/b04-bio-wash-easy\/\" \/>\n<meta property=\"og:locale\" content=\"de_DE\" \/>\n<meta property=\"og:type\" content=\"article\" \/>\n<meta property=\"og:title\" content=\"B04 LEICHTES WISCHEN 500ML - NANOCLEAN\" \/>\n<meta property=\"og:description\" content=\"Premium-Reiniger f\u00fcr Fahrr\u00e4der \u2705 Effektive Reinigung: Die B04 BIO WASH EASY entfernt Schmutz, Fett und Schlamm, damit Ihr Fahrrad wieder gl\u00e4nzt und wie neu aussieht. \u2705 Sicher f\u00fcr das Fahrrad: Das Produkt kann auf allen Fahrradoberfl\u00e4chen - Rahmen, Reifen und Metallteilen - sicher verwendet werden, ohne diese zu besch\u00e4digen. \u2705 Umweltfreundliche Wahl: Die Formel ist biologisch abbaubar und somit umweltfreundlich und sch\u00fctzt sowohl Ihr Fahrrad als auch den Planeten. \u2705 Angenehmer Duft: Die nach Minze und Zitrusfr\u00fcchten duftende Formel hinterl\u00e4sst eine angenehme Frische, die Sie auf jedem Kilometer begleitet. \u2705 Hochwirksam: Das gebrauchsfertige Produkt beseitigt den Schmutz in wenigen einfachen Schritten, spart Zeit und bietet maximalen Komfort.\" \/>\n<meta property=\"og:url\" content=\"https:\/\/nanoclean24.com\/de\/produkte\/b04-bio-wash-easy\/\" \/>\n<meta property=\"og:site_name\" content=\"NANOCLEAN\" \/>\n<meta property=\"article:modified_time\" content=\"2025-10-23T10:27:23+00:00\" \/>\n<meta property=\"og:image\" content=\"https:\/\/nanoclean24.com\/wp-content\/uploads\/2025\/07\/b04.jpg\" \/>\n\t<meta property=\"og:image:width\" content=\"1200\" \/>\n\t<meta property=\"og:image:height\" content=\"1200\" \/>\n\t<meta property=\"og:image:type\" content=\"image\/jpeg\" \/>\n<meta name=\"twitter:card\" content=\"summary_large_image\" \/>\n<meta name=\"twitter:label1\" content=\"Gesch\u00e4tzte Lesezeit\" \/>\n\t<meta name=\"twitter:data1\" content=\"1\u00a0Minute\" \/>\n<script type=\"application\/ld+json\" class=\"yoast-schema-graph\">{\"@context\":\"https:\\\/\\\/schema.org\",\"@graph\":[{\"@type\":\"WebPage\",\"@id\":\"https:\\\/\\\/nanoclean24.com\\\/de\\\/produkte\\\/b04-bio-wash-easy\\\/\",\"url\":\"https:\\\/\\\/nanoclean24.com\\\/de\\\/produkte\\\/b04-bio-wash-easy\\\/\",\"name\":\"B04 LEICHTES WISCHEN 500ML - NANOCLEAN\",\"isPartOf\":{\"@id\":\"https:\\\/\\\/nanoclean24.com\\\/de\\\/#website\"},\"primaryImageOfPage\":{\"@id\":\"https:\\\/\\\/nanoclean24.com\\\/de\\\/produkte\\\/b04-bio-wash-easy\\\/#primaryimage\"},\"image\":{\"@id\":\"https:\\\/\\\/nanoclean24.com\\\/de\\\/produkte\\\/b04-bio-wash-easy\\\/#primaryimage\"},\"thumbnailUrl\":\"https:\\\/\\\/nanoclean24.com\\\/wp-content\\\/uploads\\\/2025\\\/07\\\/b04.jpg\",\"datePublished\":\"2025-07-19T20:05:11+00:00\",\"dateModified\":\"2025-10-23T10:27:23+00:00\",\"breadcrumb\":{\"@id\":\"https:\\\/\\\/nanoclean24.com\\\/de\\\/produkte\\\/b04-bio-wash-easy\\\/#breadcrumb\"},\"inLanguage\":\"de\",\"potentialAction\":[{\"@type\":\"ReadAction\",\"target\":[\"https:\\\/\\\/nanoclean24.com\\\/de\\\/produkte\\\/b04-bio-wash-easy\\\/\"]}]},{\"@type\":\"ImageObject\",\"inLanguage\":\"de\",\"@id\":\"https:\\\/\\\/nanoclean24.com\\\/de\\\/produkte\\\/b04-bio-wash-easy\\\/#primaryimage\",\"url\":\"https:\\\/\\\/nanoclean24.com\\\/wp-content\\\/uploads\\\/2025\\\/07\\\/b04.jpg\",\"contentUrl\":\"https:\\\/\\\/nanoclean24.com\\\/wp-content\\\/uploads\\\/2025\\\/07\\\/b04.jpg\",\"width\":1200,\"height\":1200},{\"@type\":\"BreadcrumbList\",\"@id\":\"https:\\\/\\\/nanoclean24.com\\\/de\\\/produkte\\\/b04-bio-wash-easy\\\/#breadcrumb\",\"itemListElement\":[{\"@type\":\"ListItem\",\"position\":1,\"name\":\"Strona g\u0142\u00f3wna\",\"item\":\"https:\\\/\\\/nanoclean24.com\\\/de\\\/\"},{\"@type\":\"ListItem\",\"position\":2,\"name\":\"Shop\",\"item\":\"https:\\\/\\\/nanoclean24.com\\\/de\\\/shop\\\/\"},{\"@type\":\"ListItem\",\"position\":3,\"name\":\"B04 LEICHTES WISCHEN 500ML\"}]},{\"@type\":\"WebSite\",\"@id\":\"https:\\\/\\\/nanoclean24.com\\\/de\\\/#website\",\"url\":\"https:\\\/\\\/nanoclean24.com\\\/de\\\/\",\"name\":\"NanoClean\",\"description\":\"\",\"publisher\":{\"@id\":\"https:\\\/\\\/nanoclean24.com\\\/de\\\/#organization\"},\"potentialAction\":[{\"@type\":\"SearchAction\",\"target\":{\"@type\":\"EntryPoint\",\"urlTemplate\":\"https:\\\/\\\/nanoclean24.com\\\/de\\\/?s={search_term_string}\"},\"query-input\":{\"@type\":\"PropertyValueSpecification\",\"valueRequired\":true,\"valueName\":\"search_term_string\"}}],\"inLanguage\":\"de\"},{\"@type\":\"Organization\",\"@id\":\"https:\\\/\\\/nanoclean24.com\\\/de\\\/#organization\",\"name\":\"NanoClean\",\"url\":\"https:\\\/\\\/nanoclean24.com\\\/de\\\/\",\"logo\":{\"@type\":\"ImageObject\",\"inLanguage\":\"de\",\"@id\":\"https:\\\/\\\/nanoclean24.com\\\/de\\\/#\\\/schema\\\/logo\\\/image\\\/\",\"url\":\"https:\\\/\\\/nanoclean24.com\\\/wp-content\\\/uploads\\\/2025\\\/07\\\/logo-2.jpg\",\"contentUrl\":\"https:\\\/\\\/nanoclean24.com\\\/wp-content\\\/uploads\\\/2025\\\/07\\\/logo-2.jpg\",\"width\":1068,\"height\":224,\"caption\":\"NanoClean\"},\"image\":{\"@id\":\"https:\\\/\\\/nanoclean24.com\\\/de\\\/#\\\/schema\\\/logo\\\/image\\\/\"}}]}<\/script>\n<!-- \/ Yoast SEO plugin. -->","yoast_head_json":{"title":"B04 LEICHTES WISCHEN 500ML - NANOCLEAN","robots":{"index":"index","follow":"follow","max-snippet":"max-snippet:-1","max-image-preview":"max-image-preview:large","max-video-preview":"max-video-preview:-1"},"canonical":"https:\/\/nanoclean24.com\/de\/produkte\/b04-bio-wash-easy\/","og_locale":"de_DE","og_type":"article","og_title":"B04 LEICHTES WISCHEN 500ML - NANOCLEAN","og_description":"Premium-Reiniger f\u00fcr Fahrr\u00e4der \u2705 Effektive Reinigung: Die B04 BIO WASH EASY entfernt Schmutz, Fett und Schlamm, damit Ihr Fahrrad wieder gl\u00e4nzt und wie neu aussieht. \u2705 Sicher f\u00fcr das Fahrrad: Das Produkt kann auf allen Fahrradoberfl\u00e4chen - Rahmen, Reifen und Metallteilen - sicher verwendet werden, ohne diese zu besch\u00e4digen. \u2705 Umweltfreundliche Wahl: Die Formel ist biologisch abbaubar und somit umweltfreundlich und sch\u00fctzt sowohl Ihr Fahrrad als auch den Planeten. \u2705 Angenehmer Duft: Die nach Minze und Zitrusfr\u00fcchten duftende Formel hinterl\u00e4sst eine angenehme Frische, die Sie auf jedem Kilometer begleitet. \u2705 Hochwirksam: Das gebrauchsfertige Produkt beseitigt den Schmutz in wenigen einfachen Schritten, spart Zeit und bietet maximalen Komfort.","og_url":"https:\/\/nanoclean24.com\/de\/produkte\/b04-bio-wash-easy\/","og_site_name":"NANOCLEAN","article_modified_time":"2025-10-23T10:27:23+00:00","og_image":[{"width":1200,"height":1200,"url":"https:\/\/nanoclean24.com\/wp-content\/uploads\/2025\/07\/b04.jpg","type":"image\/jpeg"}],"twitter_card":"summary_large_image","twitter_misc":{"Gesch\u00e4tzte Lesezeit":"1\u00a0Minute"},"schema":{"@context":"https:\/\/schema.org","@graph":[{"@type":"WebPage","@id":"https:\/\/nanoclean24.com\/de\/produkte\/b04-bio-wash-easy\/","url":"https:\/\/nanoclean24.com\/de\/produkte\/b04-bio-wash-easy\/","name":"B04 LEICHTES WISCHEN 500ML - NANOCLEAN","isPartOf":{"@id":"https:\/\/nanoclean24.com\/de\/#website"},"primaryImageOfPage":{"@id":"https:\/\/nanoclean24.com\/de\/produkte\/b04-bio-wash-easy\/#primaryimage"},"image":{"@id":"https:\/\/nanoclean24.com\/de\/produkte\/b04-bio-wash-easy\/#primaryimage"},"thumbnailUrl":"https:\/\/nanoclean24.com\/wp-content\/uploads\/2025\/07\/b04.jpg","datePublished":"2025-07-19T20:05:11+00:00","dateModified":"2025-10-23T10:27:23+00:00","breadcrumb":{"@id":"https:\/\/nanoclean24.com\/de\/produkte\/b04-bio-wash-easy\/#breadcrumb"},"inLanguage":"de","potentialAction":[{"@type":"ReadAction","target":["https:\/\/nanoclean24.com\/de\/produkte\/b04-bio-wash-easy\/"]}]},{"@type":"ImageObject","inLanguage":"de","@id":"https:\/\/nanoclean24.com\/de\/produkte\/b04-bio-wash-easy\/#primaryimage","url":"https:\/\/nanoclean24.com\/wp-content\/uploads\/2025\/07\/b04.jpg","contentUrl":"https:\/\/nanoclean24.com\/wp-content\/uploads\/2025\/07\/b04.jpg","width":1200,"height":1200},{"@type":"BreadcrumbList","@id":"https:\/\/nanoclean24.com\/de\/produkte\/b04-bio-wash-easy\/#breadcrumb","itemListElement":[{"@type":"ListItem","position":1,"name":"Strona g\u0142\u00f3wna","item":"https:\/\/nanoclean24.com\/de\/"},{"@type":"ListItem","position":2,"name":"Shop","item":"https:\/\/nanoclean24.com\/de\/shop\/"},{"@type":"ListItem","position":3,"name":"B04 LEICHTES WISCHEN 500ML"}]},{"@type":"WebSite","@id":"https:\/\/nanoclean24.com\/de\/#website","url":"https:\/\/nanoclean24.com\/de\/","name":"NanoClean","description":"","publisher":{"@id":"https:\/\/nanoclean24.com\/de\/#organization"},"potentialAction":[{"@type":"SearchAction","target":{"@type":"EntryPoint","urlTemplate":"https:\/\/nanoclean24.com\/de\/?s={search_term_string}"},"query-input":{"@type":"PropertyValueSpecification","valueRequired":true,"valueName":"search_term_string"}}],"inLanguage":"de"},{"@type":"Organization","@id":"https:\/\/nanoclean24.com\/de\/#organization","name":"NanoClean","url":"https:\/\/nanoclean24.com\/de\/","logo":{"@type":"ImageObject","inLanguage":"de","@id":"https:\/\/nanoclean24.com\/de\/#\/schema\/logo\/image\/","url":"https:\/\/nanoclean24.com\/wp-content\/uploads\/2025\/07\/logo-2.jpg","contentUrl":"https:\/\/nanoclean24.com\/wp-content\/uploads\/2025\/07\/logo-2.jpg","width":1068,"height":224,"caption":"NanoClean"},"image":{"@id":"https:\/\/nanoclean24.com\/de\/#\/schema\/logo\/image\/"}}]}},"taxonomy_info":{"product_cat":[{"value":112,"label":"BICYCLE"}]},"featured_image_src_large":["https:\/\/nanoclean24.com\/wp-content\/uploads\/2025\/07\/b04-1024x1024.jpg",1024,1024,true],"author_info":[],"comment_info":"","_links":{"self":[{"href":"https:\/\/nanoclean24.com\/de\/wp-json\/wp\/v2\/product\/8338","targetHints":{"allow":["GET"]}}],"collection":[{"href":"https:\/\/nanoclean24.com\/de\/wp-json\/wp\/v2\/product"}],"about":[{"href":"https:\/\/nanoclean24.com\/de\/wp-json\/wp\/v2\/types\/product"}],"wp:featuredmedia":[{"embeddable":true,"href":"https:\/\/nanoclean24.com\/de\/wp-json\/wp\/v2\/media\/3117"}],"wp:attachment":[{"href":"https:\/\/nanoclean24.com\/de\/wp-json\/wp\/v2\/media?parent=8338"}],"wp:term":[{"taxonomy":"product_brand","embeddable":true,"href":"https:\/\/nanoclean24.com\/de\/wp-json\/wp\/v2\/product_brand?post=8338"},{"taxonomy":"product_cat","embeddable":true,"href":"https:\/\/nanoclean24.com\/de\/wp-json\/wp\/v2\/product_cat?post=8338"},{"taxonomy":"product_tag","embeddable":true,"href":"https:\/\/nanoclean24.com\/de\/wp-json\/wp\/v2\/product_tag?post=8338"}],"curies":[{"name":"wp","href":"https:\/\/api.w.org\/{rel}","templated":true}]}}