{"id":8333,"date":"2025-07-20T14:16:09","date_gmt":"2025-07-20T12:16:09","guid":{"rendered":"https:\/\/nanoclean24.com\/produkt\/nanoclean-home-taper-cleaner-mit-lavendelduft-in-spruehflasche-490ml\/"},"modified":"2025-10-24T15:52:40","modified_gmt":"2025-10-24T13:52:40","slug":"nanoclean-home-taper-cleaner-mit-lavendelduft-in-spruehflasche-490ml","status":"publish","type":"product","link":"https:\/\/nanoclean24.com\/de\/produkte\/nanoclean-home-taper-cleaner-mit-lavendelduft-in-spruehflasche-490ml\/","title":{"rendered":"NANOCLEAN\u00aeAC8 HOME Polsterreiniger und Desinfektionsmittel in einem nach Lavendel duftenden Spray 490ML"},"content":{"rendered":"<p>Entdecken Sie NANOCLEAN AC8 ZUR REINIGUNG UND DESINFEKTION VON POLSTERN UND M\u00d6BELN, ein innovatives 5-in-1-Produkt, das eine umfassende Pflege Ihrer Polsterm\u00f6bel bietet. Dieses einzigartige Produkt reinigt, erfrischt, entpilzt, desinfiziert und sch\u00fctzt vor Schimmelbildung und unangenehmen Ger\u00fcchen und garantiert so tadellose Sauberkeit und Hygiene. <\/p>\n<div class=\"entry-content-asset videofit\"><iframe title=\"Instrukcja u\u017cytkowania preparatu Nanoclean do czyszczenia tapicerki\" width=\"720\" height=\"405\" src=\"https:\/\/www.youtube.com\/embed\/w_6_17nLBgc?feature=oembed\" frameborder=\"0\" allow=\"accelerometer; autoplay; clipboard-write; encrypted-media; gyroscope; picture-in-picture; web-share\" referrerpolicy=\"strict-origin-when-cross-origin\" allowfullscreen><\/iframe><\/div>\n<p>&nbsp;<\/p>\n<section id=\"section_1661579168\" class=\"section\">\n<div class=\"section-content relative\">\n<div id=\"row-1810575849\" class=\"row\">\n<div id=\"col-1562555510\" class=\"col small-12 large-12\">\n<div class=\"col-inner\">\n<h3><strong>Anweisungen f\u00fcr den Gebrauch<\/strong><\/h3>\n<ol>\n<li>Hinweis: Beachten Sie immer die Anweisungen des M\u00f6bel- und Polsterherstellers.<\/li>\n<li>Saugen Sie Polster und M\u00f6beloberfl\u00e4chen ab, um losen Staub und R\u00fcckst\u00e4nde zu entfernen.<\/li>\n<li>Spr\u00fchen Sie NANOCLEAN AC8 Upholstery &amp; FURNITURE CLEANER &amp; DISINFECTOR auf alle Polster- und M\u00f6beloberfl\u00e4chen, auch auf schwer zug\u00e4ngliche Stellen, und warten Sie 5-15 Minuten, um alle Oberfl\u00e4chen zu dekontaminieren.<\/li>\n<li>Falls erforderlich, wischen Sie Polster und M\u00f6beloberfl\u00e4chen mit einem sauberen, feuchten Tuch ab, um Produktr\u00fcckst\u00e4nde zu entfernen.<\/li>\n<li>Lassen Sie Polster und M\u00f6bel vor der erneuten Verwendung gr\u00fcndlich trocknen.<\/li>\n<\/ol>\n<div id=\"image_1103434118\" class=\"img has-hover x md-x lg-x y md-y lg-y\">\n<div class=\"img-inner dark\"><img fetchpriority=\"high\" decoding=\"async\" class=\"attachment-large size-large lazy-load-active\" src=\"https:\/\/ac8.pl\/wp-content\/uploads\/2024\/06\/tapicerka-1024x512.png\" alt=\"\" width=\"1020\" height=\"510\" data-src=\"https:\/\/ac8.pl\/wp-content\/uploads\/2024\/06\/tapicerka-1024x512.png\" data-srcset=\"https:\/\/ac8.pl\/wp-content\/uploads\/2024\/06\/tapicerka-1024x512.png 1024w, https:\/\/ac8.pl\/wp-content\/uploads\/2024\/06\/tapicerka-300x150.png 300w, https:\/\/ac8.pl\/wp-content\/uploads\/2024\/06\/tapicerka-768x384.png 768w, https:\/\/ac8.pl\/wp-content\/uploads\/2024\/06\/tapicerka-1320x660.png 1320w, https:\/\/ac8.pl\/wp-content\/uploads\/2024\/06\/tapicerka-510x255.png 510w, https:\/\/ac8.pl\/wp-content\/uploads\/2024\/06\/tapicerka.png 1382w\"><\/div>\n<\/div>\n<\/div>\n<\/div>\n<\/div>\n<\/div>\n<\/section>\n<section id=\"section_872752541\" class=\"section\">\n<div class=\"section-bg fill\"><\/div>\n<div class=\"section-content relative\">\n<div id=\"row-3121112\" class=\"row\">\n<div id=\"col-798518571\" class=\"col small-12 large-12\">\n<div class=\"col-inner\">\n<p>Hinweis: NANOCLEAN AC8 eignet sich auch f\u00fcr Notf\u00e4lle. Es beseitigt sofort unangenehme Ger\u00fcche, reinigt und desinfiziert, wenn Polster oder M\u00f6bel durch Haushaltsunf\u00e4lle oder \u00dcberschwemmungen verunreinigt wurden. <\/p>\n<p>Biozidprodukte sollten mit Vorsicht verwendet werden. Lesen Sie vor jeder Anwendung das Etikett und die Produktinformationen. <\/p>\n<h3><strong>Zulassungen<\/strong><\/h3>\n<ul>\n<li>Genehmigung f\u00fcr das Inverkehrbringen von Biozid-Produkten: Nr. 7406\/18.<\/li>\n<li>PZH-Zulassung: Nr. B.BK.60112.0333.2023.<\/li>\n<li>NICHT entflammbar: alkoholfreie Formel auf Wasserbasis, nicht entflammbar, frei von S\u00e4uren, Phenolen, frei von organischen L\u00f6sungsmitteln.<\/li>\n<\/ul>\n<h3><strong>Ratschl\u00e4ge f\u00fcr M\u00f6belnutzer<\/strong><\/h3>\n<ul>\n<li>Regelm\u00e4\u00dfige Reinigung: Regelm\u00e4\u00dfige Reinigung von Polstern und M\u00f6beln, um die Ansammlung von Staub und Allergenen zu verhindern und so eine bessere Luftqualit\u00e4t und eine l\u00e4ngere Lebensdauer der M\u00f6bel zu gew\u00e4hrleisten.<\/li>\n<li>Verwenden Sie Schutzauflagen: Schutzauflagen sch\u00fctzen Ihre Polsterung vor Flecken und Schmutz und erleichtern die Reinigung.<\/li>\n<li>Vermeiden Sie \u00dcberladung: Eine \u00dcberladung der M\u00f6bel kann zu Materialsch\u00e4den und Schmutzansammlungen f\u00fchren, die unangenehme Ger\u00fcche verursachen k\u00f6nnen.<\/li>\n<li>Bel\u00fcftung: L\u00fcften Sie die M\u00f6belr\u00e4ume regelm\u00e4\u00dfig, um Feuchtigkeitsstau und Schimmelbildung zu vermeiden.<\/li>\n<\/ul>\n<p>Entscheiden Sie sich f\u00fcr NANOCLEAN AC8 ZUR REINIGUNG UND DESINFEKTION VON POLSTERN UND M\u00d6BELN und geben Sie Ihren M\u00f6beln eine umfassende Pflege und ein H\u00f6chstma\u00df an Hygiene. Pflegen Sie Ihre M\u00f6bel mit NANOCLEAN AC8 und genie\u00dfen Sie jeden Tag Sauberkeit und Frische. <\/p>\n<p>Kaufen Sie jetzt und erleben Sie den Unterschied.<\/p>\n<\/div>\n<\/div>\n<\/div>\n<\/div>\n<\/section>\n","protected":false},"excerpt":{"rendered":"<h3>5in1: Reinigung, Erfrischung, Entr\u00e4ucherung, Desinfektion, Schutz<\/h3>\n<p>\u2705 <strong>So <\/strong>fortige Geruchsneutralisierung: Entfernt alle unangenehmen Ger\u00fcche und macht die M\u00f6bel frisch und einsatzbereit.<\/p>\n<p><strong>\u2705 <\/strong>Effektive Reinigung: Entfernt effektiv Blutflecken, Lebensmittelflecken, Kaffeeflecken, Staub, Hausstaubmilben, Ablagerungen und h\u00e4lt alle Polster und M\u00f6bel sauber.<\/p>\n<p><strong>\u2705 <\/strong>Entr\u00e4ucherung und Desinfektion: Die umfassende Formel erm\u00f6glicht eine vollst\u00e4ndige Entr\u00e4ucherung und Desinfektion in einem einzigen Prozess und eliminiert so biologische Gefahren.<\/p>\n<p>\u2705 <strong>S <\/strong>chimmelschutz: Schafft eine Schutzbarriere, die das Wachstum von Schimmel und Mikroorganismen verhindert und so f\u00fcr lang anhaltende Hygiene sorgt.<\/p>\n<p><strong>\u2705 <\/strong>Verl\u00e4ngert die Lebensdauer von Polsterm\u00f6beln: Ideal zum Waschen von Polsterm\u00f6beln mit einem Staubsauger, verhindert unangenehme Ger\u00fcche und Flecken<\/p>\n","protected":false},"featured_media":10363,"template":"","meta":{"_kad_blocks_custom_css":"","_kad_blocks_head_custom_js":"","_kad_blocks_body_custom_js":"","_kad_blocks_footer_custom_js":"","_kad_post_transparent":"","_kad_post_title":"","_kad_post_layout":"","_kad_post_sidebar_id":"","_kad_post_content_style":"","_kad_post_vertical_padding":"","_kad_post_feature":"","_kad_post_feature_position":"","_kad_post_header":false,"_kad_post_footer":false,"_kad_post_classname":""},"product_brand":[],"product_cat":[97],"product_tag":[],"class_list":{"0":"post-8333","1":"product","2":"type-product","3":"status-publish","4":"has-post-thumbnail","6":"product_cat-home-de","8":"first","9":"instock","10":"taxable","11":"shipping-taxable","12":"purchasable","13":"product-type-simple","14":"entry","15":"content-bg","16":"loop-entry"},"yoast_head":"<!-- This site is optimized with the Yoast SEO plugin v27.4 - https:\/\/yoast.com\/product\/yoast-seo-wordpress\/ -->\n<title>NANOCLEAN\u00aeAC8 HOME Polsterreiniger und Desinfektionsmittel in einem nach Lavendel duftenden Spray 490ML - NANOCLEAN<\/title>\n<meta name=\"robots\" content=\"index, follow, max-snippet:-1, max-image-preview:large, max-video-preview:-1\" \/>\n<link rel=\"canonical\" href=\"https:\/\/nanoclean24.com\/de\/produkte\/nanoclean-home-taper-cleaner-mit-lavendelduft-in-spruehflasche-490ml\/\" \/>\n<meta property=\"og:locale\" content=\"de_DE\" \/>\n<meta property=\"og:type\" content=\"article\" \/>\n<meta property=\"og:title\" content=\"NANOCLEAN\u00aeAC8 HOME Polsterreiniger und Desinfektionsmittel in einem nach Lavendel duftenden Spray 490ML - NANOCLEAN\" \/>\n<meta property=\"og:description\" content=\"5in1: Reinigung, Erfrischung, Entr\u00e4ucherung, Desinfektion, Schutz \u2705 So fortige Geruchsneutralisierung: Entfernt alle unangenehmen Ger\u00fcche und macht die M\u00f6bel frisch und einsatzbereit. \u2705 Effektive Reinigung: Entfernt effektiv Blutflecken, Lebensmittelflecken, Kaffeeflecken, Staub, Hausstaubmilben, Ablagerungen und h\u00e4lt alle Polster und M\u00f6bel sauber. \u2705 Entr\u00e4ucherung und Desinfektion: Die umfassende Formel erm\u00f6glicht eine vollst\u00e4ndige Entr\u00e4ucherung und Desinfektion in einem einzigen Prozess und eliminiert so biologische Gefahren. \u2705 S chimmelschutz: Schafft eine Schutzbarriere, die das Wachstum von Schimmel und Mikroorganismen verhindert und so f\u00fcr lang anhaltende Hygiene sorgt. \u2705 Verl\u00e4ngert die Lebensdauer von Polsterm\u00f6beln: Ideal zum Waschen von Polsterm\u00f6beln mit einem Staubsauger, verhindert unangenehme Ger\u00fcche und Flecken\" \/>\n<meta property=\"og:url\" content=\"https:\/\/nanoclean24.com\/de\/produkte\/nanoclean-home-taper-cleaner-mit-lavendelduft-in-spruehflasche-490ml\/\" \/>\n<meta property=\"og:site_name\" content=\"NANOCLEAN\" \/>\n<meta property=\"article:modified_time\" content=\"2025-10-24T13:52:40+00:00\" \/>\n<meta property=\"og:image\" content=\"https:\/\/nanoclean24.com\/wp-content\/uploads\/2025\/07\/ac8-TAPICERKA.jpg\" \/>\n\t<meta property=\"og:image:width\" content=\"1280\" \/>\n\t<meta property=\"og:image:height\" content=\"1280\" \/>\n\t<meta property=\"og:image:type\" content=\"image\/jpeg\" \/>\n<meta name=\"twitter:card\" content=\"summary_large_image\" \/>\n<meta name=\"twitter:label1\" content=\"Gesch\u00e4tzte Lesezeit\" \/>\n\t<meta name=\"twitter:data1\" content=\"2\u00a0Minuten\" \/>\n<script type=\"application\/ld+json\" class=\"yoast-schema-graph\">{\"@context\":\"https:\\\/\\\/schema.org\",\"@graph\":[{\"@type\":\"WebPage\",\"@id\":\"https:\\\/\\\/nanoclean24.com\\\/de\\\/produkte\\\/nanoclean-home-taper-cleaner-mit-lavendelduft-in-spruehflasche-490ml\\\/\",\"url\":\"https:\\\/\\\/nanoclean24.com\\\/de\\\/produkte\\\/nanoclean-home-taper-cleaner-mit-lavendelduft-in-spruehflasche-490ml\\\/\",\"name\":\"NANOCLEAN\u00aeAC8 HOME Polsterreiniger und Desinfektionsmittel in einem nach Lavendel duftenden Spray 490ML - NANOCLEAN\",\"isPartOf\":{\"@id\":\"https:\\\/\\\/nanoclean24.com\\\/de\\\/#website\"},\"primaryImageOfPage\":{\"@id\":\"https:\\\/\\\/nanoclean24.com\\\/de\\\/produkte\\\/nanoclean-home-taper-cleaner-mit-lavendelduft-in-spruehflasche-490ml\\\/#primaryimage\"},\"image\":{\"@id\":\"https:\\\/\\\/nanoclean24.com\\\/de\\\/produkte\\\/nanoclean-home-taper-cleaner-mit-lavendelduft-in-spruehflasche-490ml\\\/#primaryimage\"},\"thumbnailUrl\":\"https:\\\/\\\/nanoclean24.com\\\/wp-content\\\/uploads\\\/2025\\\/07\\\/ac8-TAPICERKA.jpg\",\"datePublished\":\"2025-07-20T12:16:09+00:00\",\"dateModified\":\"2025-10-24T13:52:40+00:00\",\"breadcrumb\":{\"@id\":\"https:\\\/\\\/nanoclean24.com\\\/de\\\/produkte\\\/nanoclean-home-taper-cleaner-mit-lavendelduft-in-spruehflasche-490ml\\\/#breadcrumb\"},\"inLanguage\":\"de\",\"potentialAction\":[{\"@type\":\"ReadAction\",\"target\":[\"https:\\\/\\\/nanoclean24.com\\\/de\\\/produkte\\\/nanoclean-home-taper-cleaner-mit-lavendelduft-in-spruehflasche-490ml\\\/\"]}]},{\"@type\":\"ImageObject\",\"inLanguage\":\"de\",\"@id\":\"https:\\\/\\\/nanoclean24.com\\\/de\\\/produkte\\\/nanoclean-home-taper-cleaner-mit-lavendelduft-in-spruehflasche-490ml\\\/#primaryimage\",\"url\":\"https:\\\/\\\/nanoclean24.com\\\/wp-content\\\/uploads\\\/2025\\\/07\\\/ac8-TAPICERKA.jpg\",\"contentUrl\":\"https:\\\/\\\/nanoclean24.com\\\/wp-content\\\/uploads\\\/2025\\\/07\\\/ac8-TAPICERKA.jpg\",\"width\":1280,\"height\":1280},{\"@type\":\"BreadcrumbList\",\"@id\":\"https:\\\/\\\/nanoclean24.com\\\/de\\\/produkte\\\/nanoclean-home-taper-cleaner-mit-lavendelduft-in-spruehflasche-490ml\\\/#breadcrumb\",\"itemListElement\":[{\"@type\":\"ListItem\",\"position\":1,\"name\":\"Strona g\u0142\u00f3wna\",\"item\":\"https:\\\/\\\/nanoclean24.com\\\/de\\\/\"},{\"@type\":\"ListItem\",\"position\":2,\"name\":\"Shop\",\"item\":\"https:\\\/\\\/nanoclean24.com\\\/de\\\/shop\\\/\"},{\"@type\":\"ListItem\",\"position\":3,\"name\":\"NANOCLEAN\u00aeAC8 HOME Polsterreiniger und Desinfektionsmittel in einem nach Lavendel duftenden Spray 490ML\"}]},{\"@type\":\"WebSite\",\"@id\":\"https:\\\/\\\/nanoclean24.com\\\/de\\\/#website\",\"url\":\"https:\\\/\\\/nanoclean24.com\\\/de\\\/\",\"name\":\"NanoClean\",\"description\":\"\",\"publisher\":{\"@id\":\"https:\\\/\\\/nanoclean24.com\\\/de\\\/#organization\"},\"potentialAction\":[{\"@type\":\"SearchAction\",\"target\":{\"@type\":\"EntryPoint\",\"urlTemplate\":\"https:\\\/\\\/nanoclean24.com\\\/de\\\/?s={search_term_string}\"},\"query-input\":{\"@type\":\"PropertyValueSpecification\",\"valueRequired\":true,\"valueName\":\"search_term_string\"}}],\"inLanguage\":\"de\"},{\"@type\":\"Organization\",\"@id\":\"https:\\\/\\\/nanoclean24.com\\\/de\\\/#organization\",\"name\":\"NanoClean\",\"url\":\"https:\\\/\\\/nanoclean24.com\\\/de\\\/\",\"logo\":{\"@type\":\"ImageObject\",\"inLanguage\":\"de\",\"@id\":\"https:\\\/\\\/nanoclean24.com\\\/de\\\/#\\\/schema\\\/logo\\\/image\\\/\",\"url\":\"https:\\\/\\\/nanoclean24.com\\\/wp-content\\\/uploads\\\/2025\\\/07\\\/logo-2.jpg\",\"contentUrl\":\"https:\\\/\\\/nanoclean24.com\\\/wp-content\\\/uploads\\\/2025\\\/07\\\/logo-2.jpg\",\"width\":1068,\"height\":224,\"caption\":\"NanoClean\"},\"image\":{\"@id\":\"https:\\\/\\\/nanoclean24.com\\\/de\\\/#\\\/schema\\\/logo\\\/image\\\/\"}}]}<\/script>\n<!-- \/ Yoast SEO plugin. -->","yoast_head_json":{"title":"NANOCLEAN\u00aeAC8 HOME Polsterreiniger und Desinfektionsmittel in einem nach Lavendel duftenden Spray 490ML - NANOCLEAN","robots":{"index":"index","follow":"follow","max-snippet":"max-snippet:-1","max-image-preview":"max-image-preview:large","max-video-preview":"max-video-preview:-1"},"canonical":"https:\/\/nanoclean24.com\/de\/produkte\/nanoclean-home-taper-cleaner-mit-lavendelduft-in-spruehflasche-490ml\/","og_locale":"de_DE","og_type":"article","og_title":"NANOCLEAN\u00aeAC8 HOME Polsterreiniger und Desinfektionsmittel in einem nach Lavendel duftenden Spray 490ML - NANOCLEAN","og_description":"5in1: Reinigung, Erfrischung, Entr\u00e4ucherung, Desinfektion, Schutz \u2705 So fortige Geruchsneutralisierung: Entfernt alle unangenehmen Ger\u00fcche und macht die M\u00f6bel frisch und einsatzbereit. \u2705 Effektive Reinigung: Entfernt effektiv Blutflecken, Lebensmittelflecken, Kaffeeflecken, Staub, Hausstaubmilben, Ablagerungen und h\u00e4lt alle Polster und M\u00f6bel sauber. \u2705 Entr\u00e4ucherung und Desinfektion: Die umfassende Formel erm\u00f6glicht eine vollst\u00e4ndige Entr\u00e4ucherung und Desinfektion in einem einzigen Prozess und eliminiert so biologische Gefahren. \u2705 S chimmelschutz: Schafft eine Schutzbarriere, die das Wachstum von Schimmel und Mikroorganismen verhindert und so f\u00fcr lang anhaltende Hygiene sorgt. \u2705 Verl\u00e4ngert die Lebensdauer von Polsterm\u00f6beln: Ideal zum Waschen von Polsterm\u00f6beln mit einem Staubsauger, verhindert unangenehme Ger\u00fcche und Flecken","og_url":"https:\/\/nanoclean24.com\/de\/produkte\/nanoclean-home-taper-cleaner-mit-lavendelduft-in-spruehflasche-490ml\/","og_site_name":"NANOCLEAN","article_modified_time":"2025-10-24T13:52:40+00:00","og_image":[{"width":1280,"height":1280,"url":"https:\/\/nanoclean24.com\/wp-content\/uploads\/2025\/07\/ac8-TAPICERKA.jpg","type":"image\/jpeg"}],"twitter_card":"summary_large_image","twitter_misc":{"Gesch\u00e4tzte Lesezeit":"2\u00a0Minuten"},"schema":{"@context":"https:\/\/schema.org","@graph":[{"@type":"WebPage","@id":"https:\/\/nanoclean24.com\/de\/produkte\/nanoclean-home-taper-cleaner-mit-lavendelduft-in-spruehflasche-490ml\/","url":"https:\/\/nanoclean24.com\/de\/produkte\/nanoclean-home-taper-cleaner-mit-lavendelduft-in-spruehflasche-490ml\/","name":"NANOCLEAN\u00aeAC8 HOME Polsterreiniger und Desinfektionsmittel in einem nach Lavendel duftenden Spray 490ML - NANOCLEAN","isPartOf":{"@id":"https:\/\/nanoclean24.com\/de\/#website"},"primaryImageOfPage":{"@id":"https:\/\/nanoclean24.com\/de\/produkte\/nanoclean-home-taper-cleaner-mit-lavendelduft-in-spruehflasche-490ml\/#primaryimage"},"image":{"@id":"https:\/\/nanoclean24.com\/de\/produkte\/nanoclean-home-taper-cleaner-mit-lavendelduft-in-spruehflasche-490ml\/#primaryimage"},"thumbnailUrl":"https:\/\/nanoclean24.com\/wp-content\/uploads\/2025\/07\/ac8-TAPICERKA.jpg","datePublished":"2025-07-20T12:16:09+00:00","dateModified":"2025-10-24T13:52:40+00:00","breadcrumb":{"@id":"https:\/\/nanoclean24.com\/de\/produkte\/nanoclean-home-taper-cleaner-mit-lavendelduft-in-spruehflasche-490ml\/#breadcrumb"},"inLanguage":"de","potentialAction":[{"@type":"ReadAction","target":["https:\/\/nanoclean24.com\/de\/produkte\/nanoclean-home-taper-cleaner-mit-lavendelduft-in-spruehflasche-490ml\/"]}]},{"@type":"ImageObject","inLanguage":"de","@id":"https:\/\/nanoclean24.com\/de\/produkte\/nanoclean-home-taper-cleaner-mit-lavendelduft-in-spruehflasche-490ml\/#primaryimage","url":"https:\/\/nanoclean24.com\/wp-content\/uploads\/2025\/07\/ac8-TAPICERKA.jpg","contentUrl":"https:\/\/nanoclean24.com\/wp-content\/uploads\/2025\/07\/ac8-TAPICERKA.jpg","width":1280,"height":1280},{"@type":"BreadcrumbList","@id":"https:\/\/nanoclean24.com\/de\/produkte\/nanoclean-home-taper-cleaner-mit-lavendelduft-in-spruehflasche-490ml\/#breadcrumb","itemListElement":[{"@type":"ListItem","position":1,"name":"Strona g\u0142\u00f3wna","item":"https:\/\/nanoclean24.com\/de\/"},{"@type":"ListItem","position":2,"name":"Shop","item":"https:\/\/nanoclean24.com\/de\/shop\/"},{"@type":"ListItem","position":3,"name":"NANOCLEAN\u00aeAC8 HOME Polsterreiniger und Desinfektionsmittel in einem nach Lavendel duftenden Spray 490ML"}]},{"@type":"WebSite","@id":"https:\/\/nanoclean24.com\/de\/#website","url":"https:\/\/nanoclean24.com\/de\/","name":"NanoClean","description":"","publisher":{"@id":"https:\/\/nanoclean24.com\/de\/#organization"},"potentialAction":[{"@type":"SearchAction","target":{"@type":"EntryPoint","urlTemplate":"https:\/\/nanoclean24.com\/de\/?s={search_term_string}"},"query-input":{"@type":"PropertyValueSpecification","valueRequired":true,"valueName":"search_term_string"}}],"inLanguage":"de"},{"@type":"Organization","@id":"https:\/\/nanoclean24.com\/de\/#organization","name":"NanoClean","url":"https:\/\/nanoclean24.com\/de\/","logo":{"@type":"ImageObject","inLanguage":"de","@id":"https:\/\/nanoclean24.com\/de\/#\/schema\/logo\/image\/","url":"https:\/\/nanoclean24.com\/wp-content\/uploads\/2025\/07\/logo-2.jpg","contentUrl":"https:\/\/nanoclean24.com\/wp-content\/uploads\/2025\/07\/logo-2.jpg","width":1068,"height":224,"caption":"NanoClean"},"image":{"@id":"https:\/\/nanoclean24.com\/de\/#\/schema\/logo\/image\/"}}]}},"taxonomy_info":{"product_cat":[{"value":97,"label":"AC8 HOME"}]},"featured_image_src_large":["https:\/\/nanoclean24.com\/wp-content\/uploads\/2025\/07\/ac8-TAPICERKA-1024x1024.jpg",1024,1024,true],"author_info":[],"comment_info":"","_links":{"self":[{"href":"https:\/\/nanoclean24.com\/de\/wp-json\/wp\/v2\/product\/8333","targetHints":{"allow":["GET"]}}],"collection":[{"href":"https:\/\/nanoclean24.com\/de\/wp-json\/wp\/v2\/product"}],"about":[{"href":"https:\/\/nanoclean24.com\/de\/wp-json\/wp\/v2\/types\/product"}],"wp:featuredmedia":[{"embeddable":true,"href":"https:\/\/nanoclean24.com\/de\/wp-json\/wp\/v2\/media\/10363"}],"wp:attachment":[{"href":"https:\/\/nanoclean24.com\/de\/wp-json\/wp\/v2\/media?parent=8333"}],"wp:term":[{"taxonomy":"product_brand","embeddable":true,"href":"https:\/\/nanoclean24.com\/de\/wp-json\/wp\/v2\/product_brand?post=8333"},{"taxonomy":"product_cat","embeddable":true,"href":"https:\/\/nanoclean24.com\/de\/wp-json\/wp\/v2\/product_cat?post=8333"},{"taxonomy":"product_tag","embeddable":true,"href":"https:\/\/nanoclean24.com\/de\/wp-json\/wp\/v2\/product_tag?post=8333"}],"curies":[{"name":"wp","href":"https:\/\/api.w.org\/{rel}","templated":true}]}}