{"id":8327,"date":"2025-07-20T14:45:47","date_gmt":"2025-07-20T12:45:47","guid":{"rendered":"https:\/\/nanoclean24.com\/produkt\/nanoclean-ac8-home-wc-reiniger-und-desinfektionsmittel-mit-blumigem-duft-in-der-1l-flasche\/"},"modified":"2025-10-24T16:02:35","modified_gmt":"2025-10-24T14:02:35","slug":"nanoclean-ac8-home-wc-reiniger-und-desinfektionsmittel-mit-blumigem-duft-in-der-1l-flasche","status":"publish","type":"product","link":"https:\/\/nanoclean24.com\/de\/produkte\/nanoclean-ac8-home-wc-reiniger-und-desinfektionsmittel-mit-blumigem-duft-in-der-1l-flasche\/","title":{"rendered":"NANOCLEAN\u00ae AC8 HOME WC Reinigungs- und Desinfektionsfl\u00fcssigkeit in Flasche mit Lavendelduft 1L"},"content":{"rendered":"<p>Entdecken Sie NANOCLEAN AC8 FOR CLEANING AND DISINFECTING toilets and urinals, ein innovatives 5-in-1-Produkt, das Ihre Toilette umfassend pflegt. Dieses einzigartige Produkt reinigt, erfrischt, entpilzt, desinfiziert und sch\u00fctzt vor Schimmelbildung und unangenehmen Ger\u00fcchen und garantiert makellose Sauberkeit und Hygiene. <\/p>\n<div class=\"entry-content-asset videofit\"><iframe title=\"NanoClean - Instrukcja Czyszczenia Toalety\" width=\"720\" height=\"405\" src=\"https:\/\/www.youtube.com\/embed\/XfIdKr2hDaM?feature=oembed\" frameborder=\"0\" allow=\"accelerometer; autoplay; clipboard-write; encrypted-media; gyroscope; picture-in-picture; web-share\" referrerpolicy=\"strict-origin-when-cross-origin\" allowfullscreen><\/iframe><\/div>\n<p>&nbsp;<\/p>\n<section id=\"section_614663262\" class=\"section\">\n<div class=\"section-content relative\">\n<div id=\"row-301158267\" class=\"row\">\n<div id=\"col-1550908579\" class=\"col small-12 large-12\">\n<div class=\"col-inner\">\n<h3><strong>Einzigartige Eigenschaften<\/strong><\/h3>\n<ul>\n<li>Innovative chlorfreie und alkoholfreie Formel: Arbeiten ohne sch\u00e4dliche D\u00e4mpfe, sicher f\u00fcr die Gesundheit.<\/li>\n<li>Zarter Bl\u00fctenduft: W\u00e4hlen Sie eine Version mit zartem Bl\u00fctenduft f\u00fcr zus\u00e4tzliche Erfrischung.<\/li>\n<li>Beseitigung von Schimmel und Bakterien: Full Biocidal Spectrum ist die einzige L\u00f6sung auf dem Markt, die Bakterien, Viren, Pilze, Schimmel, Sporen und Mykobakterien wirksam beseitigt und so ein H\u00f6chstma\u00df an Hygiene gew\u00e4hrleistet.<\/li>\n<li>Sicher f\u00fcr Badezimmeroberfl\u00e4chen: Formuliert f\u00fcr empfindliche Toilettenteile, ohne das Risiko einer Besch\u00e4digung.<\/li>\n<\/ul>\n<div id=\"image_616905311\" class=\"img has-hover x md-x lg-x y md-y lg-y\">\n<div class=\"img-inner dark\"><img fetchpriority=\"high\" decoding=\"async\" class=\"attachment-large size-large lazy-load-active\" src=\"https:\/\/ac8.pl\/wp-content\/uploads\/2024\/06\/toaleta-1024x512.png\" alt=\"\" width=\"1020\" height=\"510\" data-src=\"https:\/\/ac8.pl\/wp-content\/uploads\/2024\/06\/toaleta-1024x512.png\" data-srcset=\"https:\/\/ac8.pl\/wp-content\/uploads\/2024\/06\/toaleta-1024x512.png 1024w, https:\/\/ac8.pl\/wp-content\/uploads\/2024\/06\/toaleta-300x150.png 300w, https:\/\/ac8.pl\/wp-content\/uploads\/2024\/06\/toaleta-768x384.png 768w, https:\/\/ac8.pl\/wp-content\/uploads\/2024\/06\/toaleta-1320x660.png 1320w, https:\/\/ac8.pl\/wp-content\/uploads\/2024\/06\/toaleta-510x255.png 510w, https:\/\/ac8.pl\/wp-content\/uploads\/2024\/06\/toaleta.png 1382w\"><\/div>\n<\/div>\n<\/div>\n<\/div>\n<\/div>\n<\/div>\n<\/section>\n<section id=\"section_392251199\" class=\"section\">\n<div class=\"section-bg fill\"><\/div>\n<div class=\"section-content relative\">\n<div id=\"row-1540376933\" class=\"row\">\n<div id=\"col-626866988\" class=\"col small-12 large-12\">\n<div class=\"col-inner\">\n<p>Hinweis: NANOCLEAN AC8 funktioniert auch in Notf\u00e4llen gut. Es beseitigt sofort unangenehme Ger\u00fcche, reinigt und desinfiziert, wenn die Toilette durch Schimmel oder anderen organischen Schmutz verunreinigt wurde. <\/p>\n<p>Biozidprodukte sollten mit Vorsicht verwendet werden. Lesen Sie vor jeder Anwendung das Etikett und die Produktinformationen. <\/p>\n<h3><strong>Anweisungen f\u00fcr den Gebrauch<\/strong><\/h3>\n<ol>\n<li>Hinweis: Befolgen Sie stets die Anweisungen des Herstellers der Toilettenanlage.<\/li>\n<li>Leeren Sie die Toilette von Gegenst\u00e4nden, die die Reinigung behindern k\u00f6nnten.<\/li>\n<li>Spr\u00fchen Sie NANOCLEAN AC8 FOR WC CLEANING AND DISINFECTION auf alle Oberfl\u00e4chen der Toilette, einschlie\u00dflich der Toilettensch\u00fcssel, des Toilettensitzes, der Kn\u00f6pfe des Sp\u00fclkastens und der Fugen, und warten Sie 5-15 Minuten, um alle Oberfl\u00e4chen zu dekontaminieren.<\/li>\n<li>Falls erforderlich, wischen Sie die Oberfl\u00e4chen der Toilette mit einem sauberen, feuchten Tuch ab, um Produktreste zu entfernen.<\/li>\n<li>Lassen Sie die Oberfl\u00e4chen vor der Wiederverwendung gr\u00fcndlich trocknen.<\/li>\n<\/ol>\n<h3><strong>Zulassungen<\/strong><\/h3>\n<p>&#8211; Genehmigung f\u00fcr das Inverkehrbringen von Biozid-Produkten: Nr. 7406\/18.<\/p>\n<p>&#8211; PZH-Zulassung: Nr. B.BK.60112.0333.2023.<\/p>\n<p>&#8211; NICHT entflammbar: alkoholfreie Formel auf Wasserbasis, nicht entflammbar, frei von S\u00e4uren, Phenolen, frei von organischen L\u00f6sungsmitteln.<\/p>\n<h3><strong>Hinweise f\u00fcr Toilettenbenutzer  <\/strong><\/h3>\n<p>&#8211; Regelm\u00e4\u00dfige Reinigung: Regelm\u00e4\u00dfige Reinigung der Toilettensch\u00fcssel, des Toilettensitzes, der Kn\u00f6pfe des Sp\u00fclkastens und anderer Oberfl\u00e4chen der Toilette, um die Ansammlung von Schmutz und Ablagerungen zu verhindern und so die Leistung und Lebensdauer Ihrer Toilette zu erh\u00f6hen.<\/p>\n<p>&#8211; Verwenden Sie die richtigen Produkte: Die Verwendung der richtigen Produkte f\u00fcr die Reinigung Ihrer Toilette tr\u00e4gt dazu bei, dass sie in perfektem Zustand bleibt und das Risiko von Sch\u00e4den minimiert wird.<\/p>\n<p>&#8211; Vermeiden Sie \u00dcberl\u00e4ufe: Eine \u00dcberf\u00fcllung der Toilette kann zu ungenauer Reinigung und Schmutzansammlungen f\u00fchren, die unangenehme Ger\u00fcche verursachen k\u00f6nnen.<\/p>\n<p>&#8211; \u00dcberpr\u00fcfung der Dichtungen: \u00dcberpr\u00fcfen und reinigen Sie die Dichtungen und Fugen regelm\u00e4\u00dfig, um die Ansammlung von Schmutz und Schimmel zu verhindern.<\/p>\n<p>Entscheiden Sie sich f\u00fcr NANOCLEAN AC8 ZUR REINIGUNG UND DESINFEKTION Ihrer Toilette und bieten Sie Ihrer Toilette eine umfassende Pflege und ein H\u00f6chstma\u00df an Hygiene. Pflegen Sie Ihre Toilette mit NANOCLEAN AC8 und genie\u00dfen Sie jeden Tag Sauberkeit und Frische. <\/p>\n<p>Kaufen Sie jetzt und erleben Sie den Unterschied.<\/p>\n<\/div>\n<\/div>\n<\/div>\n<\/div>\n<\/section>\n","protected":false},"excerpt":{"rendered":"<h3>5in1: Reinigung, Erfrischung, Entr\u00e4ucherung, Desinfektion, Schutz<\/h3>\n<p>\u2705 <strong>So <\/strong>fortiger Geruchsneutralisierer: Entfernt alle unangenehmen Ger\u00fcche und macht die Toilette frisch und einsatzbereit.<\/p>\n<p><strong>\u2705 <\/strong>Effektive Reinigung: Entfernt wirkungsvoll Kalkablagerungen, Schmutz und andere Verunreinigungen und h\u00e4lt alle Teile der Toilette sauber.<\/p>\n<p><strong>\u2705 <\/strong>Entr\u00e4ucherung und Desinfektion: Die umfassende Formel erm\u00f6glicht eine vollst\u00e4ndige Entr\u00e4ucherung und Desinfektion in einem einzigen Prozess und eliminiert so biologische Gefahren.<\/p>\n<p>\u2705 <strong>S <\/strong>chimmelschutz: Schafft eine Schutzbarriere, die das Wachstum von Schimmel und Mikroorganismen verhindert und so f\u00fcr lang anhaltende Hygiene sorgt.<\/p>\n","protected":false},"featured_media":10367,"template":"","meta":{"_kad_blocks_custom_css":"","_kad_blocks_head_custom_js":"","_kad_blocks_body_custom_js":"","_kad_blocks_footer_custom_js":"","_kad_post_transparent":"","_kad_post_title":"","_kad_post_layout":"","_kad_post_sidebar_id":"","_kad_post_content_style":"","_kad_post_vertical_padding":"","_kad_post_feature":"","_kad_post_feature_position":"","_kad_post_header":false,"_kad_post_footer":false,"_kad_post_classname":""},"product_brand":[],"product_cat":[97],"product_tag":[],"class_list":{"0":"post-8327","1":"product","2":"type-product","3":"status-publish","4":"has-post-thumbnail","6":"product_cat-home-de","8":"first","9":"instock","10":"taxable","11":"shipping-taxable","12":"purchasable","13":"product-type-simple","14":"entry","15":"content-bg","16":"loop-entry"},"yoast_head":"<!-- This site is optimized with the Yoast SEO plugin v27.4 - https:\/\/yoast.com\/product\/yoast-seo-wordpress\/ -->\n<title>NANOCLEAN\u00ae AC8 HOME WC Reinigungs- und Desinfektionsfl\u00fcssigkeit in Flasche mit Lavendelduft 1L - NANOCLEAN<\/title>\n<meta name=\"robots\" content=\"index, follow, max-snippet:-1, max-image-preview:large, max-video-preview:-1\" \/>\n<link rel=\"canonical\" href=\"https:\/\/nanoclean24.com\/de\/produkte\/nanoclean-ac8-home-wc-reiniger-und-desinfektionsmittel-mit-blumigem-duft-in-der-1l-flasche\/\" \/>\n<meta property=\"og:locale\" content=\"de_DE\" \/>\n<meta property=\"og:type\" content=\"article\" \/>\n<meta property=\"og:title\" content=\"NANOCLEAN\u00ae AC8 HOME WC Reinigungs- und Desinfektionsfl\u00fcssigkeit in Flasche mit Lavendelduft 1L - NANOCLEAN\" \/>\n<meta property=\"og:description\" content=\"5in1: Reinigung, Erfrischung, Entr\u00e4ucherung, Desinfektion, Schutz \u2705 So fortiger Geruchsneutralisierer: Entfernt alle unangenehmen Ger\u00fcche und macht die Toilette frisch und einsatzbereit. \u2705 Effektive Reinigung: Entfernt wirkungsvoll Kalkablagerungen, Schmutz und andere Verunreinigungen und h\u00e4lt alle Teile der Toilette sauber. \u2705 Entr\u00e4ucherung und Desinfektion: Die umfassende Formel erm\u00f6glicht eine vollst\u00e4ndige Entr\u00e4ucherung und Desinfektion in einem einzigen Prozess und eliminiert so biologische Gefahren. \u2705 S chimmelschutz: Schafft eine Schutzbarriere, die das Wachstum von Schimmel und Mikroorganismen verhindert und so f\u00fcr lang anhaltende Hygiene sorgt.\" \/>\n<meta property=\"og:url\" content=\"https:\/\/nanoclean24.com\/de\/produkte\/nanoclean-ac8-home-wc-reiniger-und-desinfektionsmittel-mit-blumigem-duft-in-der-1l-flasche\/\" \/>\n<meta property=\"og:site_name\" content=\"NANOCLEAN\" \/>\n<meta property=\"article:modified_time\" content=\"2025-10-24T14:02:35+00:00\" \/>\n<meta property=\"og:image\" content=\"https:\/\/nanoclean24.com\/wp-content\/uploads\/2025\/07\/ac8-WC-1L.jpg\" \/>\n\t<meta property=\"og:image:width\" content=\"1280\" \/>\n\t<meta property=\"og:image:height\" content=\"1280\" \/>\n\t<meta property=\"og:image:type\" content=\"image\/jpeg\" \/>\n<meta name=\"twitter:card\" content=\"summary_large_image\" \/>\n<meta name=\"twitter:label1\" content=\"Gesch\u00e4tzte Lesezeit\" \/>\n\t<meta name=\"twitter:data1\" content=\"2\u00a0Minuten\" \/>\n<script type=\"application\/ld+json\" class=\"yoast-schema-graph\">{\"@context\":\"https:\\\/\\\/schema.org\",\"@graph\":[{\"@type\":\"WebPage\",\"@id\":\"https:\\\/\\\/nanoclean24.com\\\/de\\\/produkte\\\/nanoclean-ac8-home-wc-reiniger-und-desinfektionsmittel-mit-blumigem-duft-in-der-1l-flasche\\\/\",\"url\":\"https:\\\/\\\/nanoclean24.com\\\/de\\\/produkte\\\/nanoclean-ac8-home-wc-reiniger-und-desinfektionsmittel-mit-blumigem-duft-in-der-1l-flasche\\\/\",\"name\":\"NANOCLEAN\u00ae AC8 HOME WC Reinigungs- und Desinfektionsfl\u00fcssigkeit in Flasche mit Lavendelduft 1L - NANOCLEAN\",\"isPartOf\":{\"@id\":\"https:\\\/\\\/nanoclean24.com\\\/de\\\/#website\"},\"primaryImageOfPage\":{\"@id\":\"https:\\\/\\\/nanoclean24.com\\\/de\\\/produkte\\\/nanoclean-ac8-home-wc-reiniger-und-desinfektionsmittel-mit-blumigem-duft-in-der-1l-flasche\\\/#primaryimage\"},\"image\":{\"@id\":\"https:\\\/\\\/nanoclean24.com\\\/de\\\/produkte\\\/nanoclean-ac8-home-wc-reiniger-und-desinfektionsmittel-mit-blumigem-duft-in-der-1l-flasche\\\/#primaryimage\"},\"thumbnailUrl\":\"https:\\\/\\\/nanoclean24.com\\\/wp-content\\\/uploads\\\/2025\\\/07\\\/ac8-WC-1L.jpg\",\"datePublished\":\"2025-07-20T12:45:47+00:00\",\"dateModified\":\"2025-10-24T14:02:35+00:00\",\"breadcrumb\":{\"@id\":\"https:\\\/\\\/nanoclean24.com\\\/de\\\/produkte\\\/nanoclean-ac8-home-wc-reiniger-und-desinfektionsmittel-mit-blumigem-duft-in-der-1l-flasche\\\/#breadcrumb\"},\"inLanguage\":\"de\",\"potentialAction\":[{\"@type\":\"ReadAction\",\"target\":[\"https:\\\/\\\/nanoclean24.com\\\/de\\\/produkte\\\/nanoclean-ac8-home-wc-reiniger-und-desinfektionsmittel-mit-blumigem-duft-in-der-1l-flasche\\\/\"]}]},{\"@type\":\"ImageObject\",\"inLanguage\":\"de\",\"@id\":\"https:\\\/\\\/nanoclean24.com\\\/de\\\/produkte\\\/nanoclean-ac8-home-wc-reiniger-und-desinfektionsmittel-mit-blumigem-duft-in-der-1l-flasche\\\/#primaryimage\",\"url\":\"https:\\\/\\\/nanoclean24.com\\\/wp-content\\\/uploads\\\/2025\\\/07\\\/ac8-WC-1L.jpg\",\"contentUrl\":\"https:\\\/\\\/nanoclean24.com\\\/wp-content\\\/uploads\\\/2025\\\/07\\\/ac8-WC-1L.jpg\",\"width\":1280,\"height\":1280},{\"@type\":\"BreadcrumbList\",\"@id\":\"https:\\\/\\\/nanoclean24.com\\\/de\\\/produkte\\\/nanoclean-ac8-home-wc-reiniger-und-desinfektionsmittel-mit-blumigem-duft-in-der-1l-flasche\\\/#breadcrumb\",\"itemListElement\":[{\"@type\":\"ListItem\",\"position\":1,\"name\":\"Strona g\u0142\u00f3wna\",\"item\":\"https:\\\/\\\/nanoclean24.com\\\/de\\\/\"},{\"@type\":\"ListItem\",\"position\":2,\"name\":\"Shop\",\"item\":\"https:\\\/\\\/nanoclean24.com\\\/de\\\/shop\\\/\"},{\"@type\":\"ListItem\",\"position\":3,\"name\":\"NANOCLEAN\u00ae AC8 HOME WC Reinigungs- und Desinfektionsfl\u00fcssigkeit in Flasche mit Lavendelduft 1L\"}]},{\"@type\":\"WebSite\",\"@id\":\"https:\\\/\\\/nanoclean24.com\\\/de\\\/#website\",\"url\":\"https:\\\/\\\/nanoclean24.com\\\/de\\\/\",\"name\":\"NanoClean\",\"description\":\"\",\"publisher\":{\"@id\":\"https:\\\/\\\/nanoclean24.com\\\/de\\\/#organization\"},\"potentialAction\":[{\"@type\":\"SearchAction\",\"target\":{\"@type\":\"EntryPoint\",\"urlTemplate\":\"https:\\\/\\\/nanoclean24.com\\\/de\\\/?s={search_term_string}\"},\"query-input\":{\"@type\":\"PropertyValueSpecification\",\"valueRequired\":true,\"valueName\":\"search_term_string\"}}],\"inLanguage\":\"de\"},{\"@type\":\"Organization\",\"@id\":\"https:\\\/\\\/nanoclean24.com\\\/de\\\/#organization\",\"name\":\"NanoClean\",\"url\":\"https:\\\/\\\/nanoclean24.com\\\/de\\\/\",\"logo\":{\"@type\":\"ImageObject\",\"inLanguage\":\"de\",\"@id\":\"https:\\\/\\\/nanoclean24.com\\\/de\\\/#\\\/schema\\\/logo\\\/image\\\/\",\"url\":\"https:\\\/\\\/nanoclean24.com\\\/wp-content\\\/uploads\\\/2025\\\/07\\\/logo-2.jpg\",\"contentUrl\":\"https:\\\/\\\/nanoclean24.com\\\/wp-content\\\/uploads\\\/2025\\\/07\\\/logo-2.jpg\",\"width\":1068,\"height\":224,\"caption\":\"NanoClean\"},\"image\":{\"@id\":\"https:\\\/\\\/nanoclean24.com\\\/de\\\/#\\\/schema\\\/logo\\\/image\\\/\"}}]}<\/script>\n<!-- \/ Yoast SEO plugin. -->","yoast_head_json":{"title":"NANOCLEAN\u00ae AC8 HOME WC Reinigungs- und Desinfektionsfl\u00fcssigkeit in Flasche mit Lavendelduft 1L - NANOCLEAN","robots":{"index":"index","follow":"follow","max-snippet":"max-snippet:-1","max-image-preview":"max-image-preview:large","max-video-preview":"max-video-preview:-1"},"canonical":"https:\/\/nanoclean24.com\/de\/produkte\/nanoclean-ac8-home-wc-reiniger-und-desinfektionsmittel-mit-blumigem-duft-in-der-1l-flasche\/","og_locale":"de_DE","og_type":"article","og_title":"NANOCLEAN\u00ae AC8 HOME WC Reinigungs- und Desinfektionsfl\u00fcssigkeit in Flasche mit Lavendelduft 1L - NANOCLEAN","og_description":"5in1: Reinigung, Erfrischung, Entr\u00e4ucherung, Desinfektion, Schutz \u2705 So fortiger Geruchsneutralisierer: Entfernt alle unangenehmen Ger\u00fcche und macht die Toilette frisch und einsatzbereit. \u2705 Effektive Reinigung: Entfernt wirkungsvoll Kalkablagerungen, Schmutz und andere Verunreinigungen und h\u00e4lt alle Teile der Toilette sauber. \u2705 Entr\u00e4ucherung und Desinfektion: Die umfassende Formel erm\u00f6glicht eine vollst\u00e4ndige Entr\u00e4ucherung und Desinfektion in einem einzigen Prozess und eliminiert so biologische Gefahren. \u2705 S chimmelschutz: Schafft eine Schutzbarriere, die das Wachstum von Schimmel und Mikroorganismen verhindert und so f\u00fcr lang anhaltende Hygiene sorgt.","og_url":"https:\/\/nanoclean24.com\/de\/produkte\/nanoclean-ac8-home-wc-reiniger-und-desinfektionsmittel-mit-blumigem-duft-in-der-1l-flasche\/","og_site_name":"NANOCLEAN","article_modified_time":"2025-10-24T14:02:35+00:00","og_image":[{"width":1280,"height":1280,"url":"https:\/\/nanoclean24.com\/wp-content\/uploads\/2025\/07\/ac8-WC-1L.jpg","type":"image\/jpeg"}],"twitter_card":"summary_large_image","twitter_misc":{"Gesch\u00e4tzte Lesezeit":"2\u00a0Minuten"},"schema":{"@context":"https:\/\/schema.org","@graph":[{"@type":"WebPage","@id":"https:\/\/nanoclean24.com\/de\/produkte\/nanoclean-ac8-home-wc-reiniger-und-desinfektionsmittel-mit-blumigem-duft-in-der-1l-flasche\/","url":"https:\/\/nanoclean24.com\/de\/produkte\/nanoclean-ac8-home-wc-reiniger-und-desinfektionsmittel-mit-blumigem-duft-in-der-1l-flasche\/","name":"NANOCLEAN\u00ae AC8 HOME WC Reinigungs- und Desinfektionsfl\u00fcssigkeit in Flasche mit Lavendelduft 1L - NANOCLEAN","isPartOf":{"@id":"https:\/\/nanoclean24.com\/de\/#website"},"primaryImageOfPage":{"@id":"https:\/\/nanoclean24.com\/de\/produkte\/nanoclean-ac8-home-wc-reiniger-und-desinfektionsmittel-mit-blumigem-duft-in-der-1l-flasche\/#primaryimage"},"image":{"@id":"https:\/\/nanoclean24.com\/de\/produkte\/nanoclean-ac8-home-wc-reiniger-und-desinfektionsmittel-mit-blumigem-duft-in-der-1l-flasche\/#primaryimage"},"thumbnailUrl":"https:\/\/nanoclean24.com\/wp-content\/uploads\/2025\/07\/ac8-WC-1L.jpg","datePublished":"2025-07-20T12:45:47+00:00","dateModified":"2025-10-24T14:02:35+00:00","breadcrumb":{"@id":"https:\/\/nanoclean24.com\/de\/produkte\/nanoclean-ac8-home-wc-reiniger-und-desinfektionsmittel-mit-blumigem-duft-in-der-1l-flasche\/#breadcrumb"},"inLanguage":"de","potentialAction":[{"@type":"ReadAction","target":["https:\/\/nanoclean24.com\/de\/produkte\/nanoclean-ac8-home-wc-reiniger-und-desinfektionsmittel-mit-blumigem-duft-in-der-1l-flasche\/"]}]},{"@type":"ImageObject","inLanguage":"de","@id":"https:\/\/nanoclean24.com\/de\/produkte\/nanoclean-ac8-home-wc-reiniger-und-desinfektionsmittel-mit-blumigem-duft-in-der-1l-flasche\/#primaryimage","url":"https:\/\/nanoclean24.com\/wp-content\/uploads\/2025\/07\/ac8-WC-1L.jpg","contentUrl":"https:\/\/nanoclean24.com\/wp-content\/uploads\/2025\/07\/ac8-WC-1L.jpg","width":1280,"height":1280},{"@type":"BreadcrumbList","@id":"https:\/\/nanoclean24.com\/de\/produkte\/nanoclean-ac8-home-wc-reiniger-und-desinfektionsmittel-mit-blumigem-duft-in-der-1l-flasche\/#breadcrumb","itemListElement":[{"@type":"ListItem","position":1,"name":"Strona g\u0142\u00f3wna","item":"https:\/\/nanoclean24.com\/de\/"},{"@type":"ListItem","position":2,"name":"Shop","item":"https:\/\/nanoclean24.com\/de\/shop\/"},{"@type":"ListItem","position":3,"name":"NANOCLEAN\u00ae AC8 HOME WC Reinigungs- und Desinfektionsfl\u00fcssigkeit in Flasche mit Lavendelduft 1L"}]},{"@type":"WebSite","@id":"https:\/\/nanoclean24.com\/de\/#website","url":"https:\/\/nanoclean24.com\/de\/","name":"NanoClean","description":"","publisher":{"@id":"https:\/\/nanoclean24.com\/de\/#organization"},"potentialAction":[{"@type":"SearchAction","target":{"@type":"EntryPoint","urlTemplate":"https:\/\/nanoclean24.com\/de\/?s={search_term_string}"},"query-input":{"@type":"PropertyValueSpecification","valueRequired":true,"valueName":"search_term_string"}}],"inLanguage":"de"},{"@type":"Organization","@id":"https:\/\/nanoclean24.com\/de\/#organization","name":"NanoClean","url":"https:\/\/nanoclean24.com\/de\/","logo":{"@type":"ImageObject","inLanguage":"de","@id":"https:\/\/nanoclean24.com\/de\/#\/schema\/logo\/image\/","url":"https:\/\/nanoclean24.com\/wp-content\/uploads\/2025\/07\/logo-2.jpg","contentUrl":"https:\/\/nanoclean24.com\/wp-content\/uploads\/2025\/07\/logo-2.jpg","width":1068,"height":224,"caption":"NanoClean"},"image":{"@id":"https:\/\/nanoclean24.com\/de\/#\/schema\/logo\/image\/"}}]}},"taxonomy_info":{"product_cat":[{"value":97,"label":"AC8 HOME"}]},"featured_image_src_large":["https:\/\/nanoclean24.com\/wp-content\/uploads\/2025\/07\/ac8-WC-1L-1024x1024.jpg",1024,1024,true],"author_info":[],"comment_info":"","_links":{"self":[{"href":"https:\/\/nanoclean24.com\/de\/wp-json\/wp\/v2\/product\/8327","targetHints":{"allow":["GET"]}}],"collection":[{"href":"https:\/\/nanoclean24.com\/de\/wp-json\/wp\/v2\/product"}],"about":[{"href":"https:\/\/nanoclean24.com\/de\/wp-json\/wp\/v2\/types\/product"}],"wp:featuredmedia":[{"embeddable":true,"href":"https:\/\/nanoclean24.com\/de\/wp-json\/wp\/v2\/media\/10367"}],"wp:attachment":[{"href":"https:\/\/nanoclean24.com\/de\/wp-json\/wp\/v2\/media?parent=8327"}],"wp:term":[{"taxonomy":"product_brand","embeddable":true,"href":"https:\/\/nanoclean24.com\/de\/wp-json\/wp\/v2\/product_brand?post=8327"},{"taxonomy":"product_cat","embeddable":true,"href":"https:\/\/nanoclean24.com\/de\/wp-json\/wp\/v2\/product_cat?post=8327"},{"taxonomy":"product_tag","embeddable":true,"href":"https:\/\/nanoclean24.com\/de\/wp-json\/wp\/v2\/product_tag?post=8327"}],"curies":[{"name":"wp","href":"https:\/\/api.w.org\/{rel}","templated":true}]}}