{"id":8322,"date":"2025-07-20T12:32:32","date_gmt":"2025-07-20T10:32:32","guid":{"rendered":"https:\/\/nanoclean24.com\/produkt\/klimaanlagenreiniger-und-desinfektionsmittel-nanocleanac8-home\/"},"modified":"2025-10-24T11:23:21","modified_gmt":"2025-10-24T09:23:21","slug":"klimaanlagenreiniger-und-desinfektionsmittel-nanocleanac8-home","status":"publish","type":"product","link":"https:\/\/nanoclean24.com\/de\/produkte\/klimaanlagenreiniger-und-desinfektionsmittel-nanocleanac8-home\/","title":{"rendered":"NANOCLEAN\u00ae AC8 HOME KLIMAANLAGE Reinigungs- und Desinfektionsfl\u00fcssigkeit in Spr\u00fchflasche 490ML"},"content":{"rendered":"<p>Nanoclean AC8 ist ein hochentwickeltes Reinigungs-, Fungizid- und Desinfektionsmittel f\u00fcr HVAC-Klimaanlagen im Haushalt. Seine spezielle Formel wurde entwickelt, um hartn\u00e4ckige Ablagerungen, Schimmel, Pilze, Bakterien und unangenehme Ger\u00fcche wirksam zu entfernen und so f\u00fcr lang anhaltende Frische und Sauberkeit der Luft in klimatisierten R\u00e4umen zu sorgen. Das Produkt zeichnet sich durch eine sichere, alkohol- und chlorfreie Formel aus, die schonend zu den Komponenten der Klimaanlage ist, aber dennoch effektiv wirkt. Es t\u00f6tet Legionella-Pneumophila-Bakterien in 1 Minute ab (Norm EN1276).   <\/p>\n<div class=\"entry-content-asset videofit\"><iframe title=\"Instrukcja u\u017cytkowania Nanoclean do czyszczenia i dezynfekcji klimatyzacji\" width=\"720\" height=\"405\" src=\"https:\/\/www.youtube.com\/embed\/BJai3CZpQ-U?feature=oembed\" frameborder=\"0\" allow=\"accelerometer; autoplay; clipboard-write; encrypted-media; gyroscope; picture-in-picture; web-share\" referrerpolicy=\"strict-origin-when-cross-origin\" allowfullscreen><\/iframe><\/div>\n<p>&nbsp;<\/p>\n<section id=\"section_742689029\" class=\"section\">\n<div class=\"section-content relative\">\n<div id=\"row-1544619315\" class=\"row\">\n<div id=\"col-97590911\" class=\"col small-12 large-12\">\n<div class=\"col-inner\">\n<h3><strong>Anweisungen f\u00fcr den Gebrauch<\/strong><\/h3>\n<ol>\n<li>Klimaanlage ausschalten und Innenger\u00e4t \u00f6ffnen.<\/li>\n<li>Filter demontieren, absaugen, unter flie\u00dfendem Wasser absp\u00fclen (Badewanne, Dusche).<\/li>\n<li>Den gewaschenen Filter mit NANOCLEAN\u00ae AC8 f\u00fcr die Klimatisierung bespr\u00fchen und 15 Minuten einwirken lassen, mit Wasser absp\u00fclen und trocknen.<\/li>\n<li>Spr\u00fchen Sie den Verdampfer im Inneren der Klimaanlage gr\u00fcndlich mit NANOCLEAN\u00ae AC8 f\u00fcr Klimaanlagen ein. 15 Minuten warten. Das Pr\u00e4parat flie\u00dft \u00fcber die Lamellen in die Kondensatwanne, von wo es zum Abfluss geleitet wird.<\/li>\n<li>Filter in die Klimaanlage einbauen, Innenger\u00e4t schlie\u00dfen und Klimaanlage einschalten, um den Vorgang abzuschlie\u00dfen.<\/li>\n<\/ol>\n<div id=\"image_1957270362\" class=\"img has-hover x md-x lg-x y md-y lg-y\">\n<div class=\"img-inner dark\"><img fetchpriority=\"high\" decoding=\"async\" class=\"attachment-large size-large lazy-load-active\" src=\"https:\/\/ac8.pl\/wp-content\/uploads\/2024\/06\/pies-1024x512.png\" alt=\"\" width=\"1020\" height=\"510\" data-src=\"https:\/\/ac8.pl\/wp-content\/uploads\/2024\/06\/pies-1024x512.png\" data-srcset=\"https:\/\/ac8.pl\/wp-content\/uploads\/2024\/06\/pies-1024x512.png 1024w, https:\/\/ac8.pl\/wp-content\/uploads\/2024\/06\/pies-300x150.png 300w, https:\/\/ac8.pl\/wp-content\/uploads\/2024\/06\/pies-768x384.png 768w, https:\/\/ac8.pl\/wp-content\/uploads\/2024\/06\/pies-1320x660.png 1320w, https:\/\/ac8.pl\/wp-content\/uploads\/2024\/06\/pies-510x255.png 510w, https:\/\/ac8.pl\/wp-content\/uploads\/2024\/06\/pies.png 1382w\"><\/div>\n<\/div>\n<\/div>\n<\/div>\n<\/div>\n<\/div>\n<\/section>\n<section id=\"section_428775352\" class=\"section\">\n<div class=\"section-bg fill\"><\/div>\n<div class=\"section-content relative\">\n<div id=\"row-178987437\" class=\"row\">\n<div id=\"col-2100042424\" class=\"col small-12 large-12\">\n<div class=\"col-inner\">\n<p>Nanoclean AC8 ist eine unverzichtbare L\u00f6sung zur Aufrechterhaltung der Sauberkeit und Hygiene von Klimaanlagen. Die regelm\u00e4\u00dfige Anwendung dieses Produkts sorgt f\u00fcr saubere, frische und gesunde Luft in jedem klimatisierten Raum und erh\u00f6ht den Komfort der Nutzer und die Effizienz der Anlagen. <\/p>\n<p>Biozidprodukte sollten mit Vorsicht verwendet werden. Lesen Sie vor jeder Anwendung das Etikett und die Produktinformationen. <\/p>\n<\/div>\n<\/div>\n<\/div>\n<\/div>\n<\/section>\n","protected":false},"excerpt":{"rendered":"<h3>Nanoclean AC8 f\u00fcr Klimaanlagen<\/h3>\n<p><strong>\u2705 Reinigung von Klimaanlagen<\/strong>: Nanoclean AC8 entfernt effektiv Ablagerungen und Verunreinigungen aus dem Inneren von Klimaanlagen und sorgt so f\u00fcr eine optimale Leistung. Das Produkt durchdringt und reinigt Filter und andere Systemkomponenten. <\/p>\n<p><strong>\u2705 Entfettung<\/strong>: Das Produkt bek\u00e4mpft Schimmel und Pilze, die sich in feuchten Teilen der Klimaanlage bilden k\u00f6nnen. Die regelm\u00e4\u00dfige Anwendung von Nanoclean AC8 verhindert die Schimmelbildung, was f\u00fcr die Gesundheit und den Komfort der Nutzer entscheidend ist. <\/p>\n<p><strong>Desinfektion<\/strong>: Nanoclean AC8 hat starke antibakterielle Eigenschaften und beseitigt Bakterien und Mikroorganismen, die die Raumluftqualit\u00e4t beeintr\u00e4chtigen k\u00f6nnen. Das Produkt ist ideal f\u00fcr den Einsatz in Bereichen, die von immungeschw\u00e4chten Menschen, Allergikern und Kindern frequentiert werden. <\/p>\n<p><strong>\u2705 Beseitigung von unangenehmen Ger\u00fcchen<\/strong>: Das Produkt neutralisiert unangenehme Ger\u00fcche wie den Geruch von Schimmel, Tabakrauch oder anderen Quellen, so dass die Luft frisch und angenehm zu atmen ist.<\/p>\n<p>\u2705 <strong>Sichere Formel<\/strong>: Dank seiner alkoholfreien Formel ist Nanoclean AC8 sicher f\u00fcr alle Komponenten von Klimaanlagen. Es verursacht keine Korrosion oder Sch\u00e4den und eignet sich daher f\u00fcr den Einsatz in verschiedenen Arten von Klimaanlagen, sowohl in privaten als auch in gewerblichen Anlagen. <\/p>\n","protected":false},"featured_media":3358,"template":"","meta":{"_kad_blocks_custom_css":"","_kad_blocks_head_custom_js":"","_kad_blocks_body_custom_js":"","_kad_blocks_footer_custom_js":"","_kad_post_transparent":"","_kad_post_title":"","_kad_post_layout":"","_kad_post_sidebar_id":"","_kad_post_content_style":"","_kad_post_vertical_padding":"","_kad_post_feature":"","_kad_post_feature_position":"","_kad_post_header":false,"_kad_post_footer":false,"_kad_post_classname":""},"product_brand":[],"product_cat":[97],"product_tag":[],"class_list":{"0":"post-8322","1":"product","2":"type-product","3":"status-publish","4":"has-post-thumbnail","6":"product_cat-home-de","8":"first","9":"instock","10":"taxable","11":"shipping-taxable","12":"purchasable","13":"product-type-simple","14":"entry","15":"content-bg","16":"loop-entry"},"yoast_head":"<!-- This site is optimized with the Yoast SEO plugin v27.4 - https:\/\/yoast.com\/product\/yoast-seo-wordpress\/ -->\n<title>NANOCLEAN\u00ae AC8 HOME KLIMAANLAGE Reinigungs- und Desinfektionsfl\u00fcssigkeit in Spr\u00fchflasche 490ML - NANOCLEAN<\/title>\n<meta name=\"robots\" content=\"index, follow, max-snippet:-1, max-image-preview:large, max-video-preview:-1\" \/>\n<link rel=\"canonical\" href=\"https:\/\/nanoclean24.com\/de\/produkte\/klimaanlagenreiniger-und-desinfektionsmittel-nanocleanac8-home\/\" \/>\n<meta property=\"og:locale\" content=\"de_DE\" \/>\n<meta property=\"og:type\" content=\"article\" \/>\n<meta property=\"og:title\" content=\"NANOCLEAN\u00ae AC8 HOME KLIMAANLAGE Reinigungs- und Desinfektionsfl\u00fcssigkeit in Spr\u00fchflasche 490ML - NANOCLEAN\" \/>\n<meta property=\"og:description\" content=\"Nanoclean AC8 f\u00fcr Klimaanlagen \u2705 Reinigung von Klimaanlagen: Nanoclean AC8 entfernt effektiv Ablagerungen und Verunreinigungen aus dem Inneren von Klimaanlagen und sorgt so f\u00fcr eine optimale Leistung. Das Produkt durchdringt und reinigt Filter und andere Systemkomponenten.  \u2705 Entfettung: Das Produkt bek\u00e4mpft Schimmel und Pilze, die sich in feuchten Teilen der Klimaanlage bilden k\u00f6nnen. Die regelm\u00e4\u00dfige Anwendung von Nanoclean AC8 verhindert die Schimmelbildung, was f\u00fcr die Gesundheit und den Komfort der Nutzer entscheidend ist.  Desinfektion: Nanoclean AC8 hat starke antibakterielle Eigenschaften und beseitigt Bakterien und Mikroorganismen, die die Raumluftqualit\u00e4t beeintr\u00e4chtigen k\u00f6nnen. Das Produkt ist ideal f\u00fcr den Einsatz in Bereichen, die von immungeschw\u00e4chten Menschen, Allergikern und Kindern frequentiert werden.  \u2705 Beseitigung von unangenehmen Ger\u00fcchen: Das Produkt neutralisiert unangenehme Ger\u00fcche wie den Geruch von Schimmel, Tabakrauch oder anderen Quellen, so dass die Luft frisch und angenehm zu atmen ist. \u2705 Sichere Formel: Dank seiner alkoholfreien Formel ist Nanoclean AC8 sicher f\u00fcr alle Komponenten von Klimaanlagen. Es verursacht keine Korrosion oder Sch\u00e4den und eignet sich daher f\u00fcr den Einsatz in verschiedenen Arten von Klimaanlagen, sowohl in privaten als auch in gewerblichen Anlagen.\" \/>\n<meta property=\"og:url\" content=\"https:\/\/nanoclean24.com\/de\/produkte\/klimaanlagenreiniger-und-desinfektionsmittel-nanocleanac8-home\/\" \/>\n<meta property=\"og:site_name\" content=\"NANOCLEAN\" \/>\n<meta property=\"article:modified_time\" content=\"2025-10-24T09:23:21+00:00\" \/>\n<meta property=\"og:image\" content=\"https:\/\/nanoclean24.com\/wp-content\/uploads\/2025\/07\/ac8-do-kilmatyzacji.webp\" \/>\n\t<meta property=\"og:image:width\" content=\"2560\" \/>\n\t<meta property=\"og:image:height\" content=\"2560\" \/>\n\t<meta property=\"og:image:type\" content=\"image\/webp\" \/>\n<meta name=\"twitter:card\" content=\"summary_large_image\" \/>\n<meta name=\"twitter:label1\" content=\"Gesch\u00e4tzte Lesezeit\" \/>\n\t<meta name=\"twitter:data1\" content=\"1\u00a0Minute\" \/>\n<script type=\"application\/ld+json\" class=\"yoast-schema-graph\">{\"@context\":\"https:\\\/\\\/schema.org\",\"@graph\":[{\"@type\":\"WebPage\",\"@id\":\"https:\\\/\\\/nanoclean24.com\\\/de\\\/produkte\\\/klimaanlagenreiniger-und-desinfektionsmittel-nanocleanac8-home\\\/\",\"url\":\"https:\\\/\\\/nanoclean24.com\\\/de\\\/produkte\\\/klimaanlagenreiniger-und-desinfektionsmittel-nanocleanac8-home\\\/\",\"name\":\"NANOCLEAN\u00ae AC8 HOME KLIMAANLAGE Reinigungs- und Desinfektionsfl\u00fcssigkeit in Spr\u00fchflasche 490ML - NANOCLEAN\",\"isPartOf\":{\"@id\":\"https:\\\/\\\/nanoclean24.com\\\/de\\\/#website\"},\"primaryImageOfPage\":{\"@id\":\"https:\\\/\\\/nanoclean24.com\\\/de\\\/produkte\\\/klimaanlagenreiniger-und-desinfektionsmittel-nanocleanac8-home\\\/#primaryimage\"},\"image\":{\"@id\":\"https:\\\/\\\/nanoclean24.com\\\/de\\\/produkte\\\/klimaanlagenreiniger-und-desinfektionsmittel-nanocleanac8-home\\\/#primaryimage\"},\"thumbnailUrl\":\"https:\\\/\\\/nanoclean24.com\\\/wp-content\\\/uploads\\\/2025\\\/07\\\/ac8-do-kilmatyzacji.webp\",\"datePublished\":\"2025-07-20T10:32:32+00:00\",\"dateModified\":\"2025-10-24T09:23:21+00:00\",\"breadcrumb\":{\"@id\":\"https:\\\/\\\/nanoclean24.com\\\/de\\\/produkte\\\/klimaanlagenreiniger-und-desinfektionsmittel-nanocleanac8-home\\\/#breadcrumb\"},\"inLanguage\":\"de\",\"potentialAction\":[{\"@type\":\"ReadAction\",\"target\":[\"https:\\\/\\\/nanoclean24.com\\\/de\\\/produkte\\\/klimaanlagenreiniger-und-desinfektionsmittel-nanocleanac8-home\\\/\"]}]},{\"@type\":\"ImageObject\",\"inLanguage\":\"de\",\"@id\":\"https:\\\/\\\/nanoclean24.com\\\/de\\\/produkte\\\/klimaanlagenreiniger-und-desinfektionsmittel-nanocleanac8-home\\\/#primaryimage\",\"url\":\"https:\\\/\\\/nanoclean24.com\\\/wp-content\\\/uploads\\\/2025\\\/07\\\/ac8-do-kilmatyzacji.webp\",\"contentUrl\":\"https:\\\/\\\/nanoclean24.com\\\/wp-content\\\/uploads\\\/2025\\\/07\\\/ac8-do-kilmatyzacji.webp\",\"width\":2560,\"height\":2560},{\"@type\":\"BreadcrumbList\",\"@id\":\"https:\\\/\\\/nanoclean24.com\\\/de\\\/produkte\\\/klimaanlagenreiniger-und-desinfektionsmittel-nanocleanac8-home\\\/#breadcrumb\",\"itemListElement\":[{\"@type\":\"ListItem\",\"position\":1,\"name\":\"Strona g\u0142\u00f3wna\",\"item\":\"https:\\\/\\\/nanoclean24.com\\\/de\\\/\"},{\"@type\":\"ListItem\",\"position\":2,\"name\":\"Shop\",\"item\":\"https:\\\/\\\/nanoclean24.com\\\/de\\\/shop\\\/\"},{\"@type\":\"ListItem\",\"position\":3,\"name\":\"NANOCLEAN\u00ae AC8 HOME KLIMAANLAGE Reinigungs- und Desinfektionsfl\u00fcssigkeit in Spr\u00fchflasche 490ML\"}]},{\"@type\":\"WebSite\",\"@id\":\"https:\\\/\\\/nanoclean24.com\\\/de\\\/#website\",\"url\":\"https:\\\/\\\/nanoclean24.com\\\/de\\\/\",\"name\":\"NanoClean\",\"description\":\"\",\"publisher\":{\"@id\":\"https:\\\/\\\/nanoclean24.com\\\/de\\\/#organization\"},\"potentialAction\":[{\"@type\":\"SearchAction\",\"target\":{\"@type\":\"EntryPoint\",\"urlTemplate\":\"https:\\\/\\\/nanoclean24.com\\\/de\\\/?s={search_term_string}\"},\"query-input\":{\"@type\":\"PropertyValueSpecification\",\"valueRequired\":true,\"valueName\":\"search_term_string\"}}],\"inLanguage\":\"de\"},{\"@type\":\"Organization\",\"@id\":\"https:\\\/\\\/nanoclean24.com\\\/de\\\/#organization\",\"name\":\"NanoClean\",\"url\":\"https:\\\/\\\/nanoclean24.com\\\/de\\\/\",\"logo\":{\"@type\":\"ImageObject\",\"inLanguage\":\"de\",\"@id\":\"https:\\\/\\\/nanoclean24.com\\\/de\\\/#\\\/schema\\\/logo\\\/image\\\/\",\"url\":\"https:\\\/\\\/nanoclean24.com\\\/wp-content\\\/uploads\\\/2025\\\/07\\\/logo-2.jpg\",\"contentUrl\":\"https:\\\/\\\/nanoclean24.com\\\/wp-content\\\/uploads\\\/2025\\\/07\\\/logo-2.jpg\",\"width\":1068,\"height\":224,\"caption\":\"NanoClean\"},\"image\":{\"@id\":\"https:\\\/\\\/nanoclean24.com\\\/de\\\/#\\\/schema\\\/logo\\\/image\\\/\"}}]}<\/script>\n<!-- \/ Yoast SEO plugin. -->","yoast_head_json":{"title":"NANOCLEAN\u00ae AC8 HOME KLIMAANLAGE Reinigungs- und Desinfektionsfl\u00fcssigkeit in Spr\u00fchflasche 490ML - NANOCLEAN","robots":{"index":"index","follow":"follow","max-snippet":"max-snippet:-1","max-image-preview":"max-image-preview:large","max-video-preview":"max-video-preview:-1"},"canonical":"https:\/\/nanoclean24.com\/de\/produkte\/klimaanlagenreiniger-und-desinfektionsmittel-nanocleanac8-home\/","og_locale":"de_DE","og_type":"article","og_title":"NANOCLEAN\u00ae AC8 HOME KLIMAANLAGE Reinigungs- und Desinfektionsfl\u00fcssigkeit in Spr\u00fchflasche 490ML - NANOCLEAN","og_description":"Nanoclean AC8 f\u00fcr Klimaanlagen \u2705 Reinigung von Klimaanlagen: Nanoclean AC8 entfernt effektiv Ablagerungen und Verunreinigungen aus dem Inneren von Klimaanlagen und sorgt so f\u00fcr eine optimale Leistung. Das Produkt durchdringt und reinigt Filter und andere Systemkomponenten.  \u2705 Entfettung: Das Produkt bek\u00e4mpft Schimmel und Pilze, die sich in feuchten Teilen der Klimaanlage bilden k\u00f6nnen. Die regelm\u00e4\u00dfige Anwendung von Nanoclean AC8 verhindert die Schimmelbildung, was f\u00fcr die Gesundheit und den Komfort der Nutzer entscheidend ist.  Desinfektion: Nanoclean AC8 hat starke antibakterielle Eigenschaften und beseitigt Bakterien und Mikroorganismen, die die Raumluftqualit\u00e4t beeintr\u00e4chtigen k\u00f6nnen. Das Produkt ist ideal f\u00fcr den Einsatz in Bereichen, die von immungeschw\u00e4chten Menschen, Allergikern und Kindern frequentiert werden.  \u2705 Beseitigung von unangenehmen Ger\u00fcchen: Das Produkt neutralisiert unangenehme Ger\u00fcche wie den Geruch von Schimmel, Tabakrauch oder anderen Quellen, so dass die Luft frisch und angenehm zu atmen ist. \u2705 Sichere Formel: Dank seiner alkoholfreien Formel ist Nanoclean AC8 sicher f\u00fcr alle Komponenten von Klimaanlagen. Es verursacht keine Korrosion oder Sch\u00e4den und eignet sich daher f\u00fcr den Einsatz in verschiedenen Arten von Klimaanlagen, sowohl in privaten als auch in gewerblichen Anlagen.","og_url":"https:\/\/nanoclean24.com\/de\/produkte\/klimaanlagenreiniger-und-desinfektionsmittel-nanocleanac8-home\/","og_site_name":"NANOCLEAN","article_modified_time":"2025-10-24T09:23:21+00:00","og_image":[{"width":2560,"height":2560,"url":"https:\/\/nanoclean24.com\/wp-content\/uploads\/2025\/07\/ac8-do-kilmatyzacji.webp","type":"image\/webp"}],"twitter_card":"summary_large_image","twitter_misc":{"Gesch\u00e4tzte Lesezeit":"1\u00a0Minute"},"schema":{"@context":"https:\/\/schema.org","@graph":[{"@type":"WebPage","@id":"https:\/\/nanoclean24.com\/de\/produkte\/klimaanlagenreiniger-und-desinfektionsmittel-nanocleanac8-home\/","url":"https:\/\/nanoclean24.com\/de\/produkte\/klimaanlagenreiniger-und-desinfektionsmittel-nanocleanac8-home\/","name":"NANOCLEAN\u00ae AC8 HOME KLIMAANLAGE Reinigungs- und Desinfektionsfl\u00fcssigkeit in Spr\u00fchflasche 490ML - NANOCLEAN","isPartOf":{"@id":"https:\/\/nanoclean24.com\/de\/#website"},"primaryImageOfPage":{"@id":"https:\/\/nanoclean24.com\/de\/produkte\/klimaanlagenreiniger-und-desinfektionsmittel-nanocleanac8-home\/#primaryimage"},"image":{"@id":"https:\/\/nanoclean24.com\/de\/produkte\/klimaanlagenreiniger-und-desinfektionsmittel-nanocleanac8-home\/#primaryimage"},"thumbnailUrl":"https:\/\/nanoclean24.com\/wp-content\/uploads\/2025\/07\/ac8-do-kilmatyzacji.webp","datePublished":"2025-07-20T10:32:32+00:00","dateModified":"2025-10-24T09:23:21+00:00","breadcrumb":{"@id":"https:\/\/nanoclean24.com\/de\/produkte\/klimaanlagenreiniger-und-desinfektionsmittel-nanocleanac8-home\/#breadcrumb"},"inLanguage":"de","potentialAction":[{"@type":"ReadAction","target":["https:\/\/nanoclean24.com\/de\/produkte\/klimaanlagenreiniger-und-desinfektionsmittel-nanocleanac8-home\/"]}]},{"@type":"ImageObject","inLanguage":"de","@id":"https:\/\/nanoclean24.com\/de\/produkte\/klimaanlagenreiniger-und-desinfektionsmittel-nanocleanac8-home\/#primaryimage","url":"https:\/\/nanoclean24.com\/wp-content\/uploads\/2025\/07\/ac8-do-kilmatyzacji.webp","contentUrl":"https:\/\/nanoclean24.com\/wp-content\/uploads\/2025\/07\/ac8-do-kilmatyzacji.webp","width":2560,"height":2560},{"@type":"BreadcrumbList","@id":"https:\/\/nanoclean24.com\/de\/produkte\/klimaanlagenreiniger-und-desinfektionsmittel-nanocleanac8-home\/#breadcrumb","itemListElement":[{"@type":"ListItem","position":1,"name":"Strona g\u0142\u00f3wna","item":"https:\/\/nanoclean24.com\/de\/"},{"@type":"ListItem","position":2,"name":"Shop","item":"https:\/\/nanoclean24.com\/de\/shop\/"},{"@type":"ListItem","position":3,"name":"NANOCLEAN\u00ae AC8 HOME KLIMAANLAGE Reinigungs- und Desinfektionsfl\u00fcssigkeit in Spr\u00fchflasche 490ML"}]},{"@type":"WebSite","@id":"https:\/\/nanoclean24.com\/de\/#website","url":"https:\/\/nanoclean24.com\/de\/","name":"NanoClean","description":"","publisher":{"@id":"https:\/\/nanoclean24.com\/de\/#organization"},"potentialAction":[{"@type":"SearchAction","target":{"@type":"EntryPoint","urlTemplate":"https:\/\/nanoclean24.com\/de\/?s={search_term_string}"},"query-input":{"@type":"PropertyValueSpecification","valueRequired":true,"valueName":"search_term_string"}}],"inLanguage":"de"},{"@type":"Organization","@id":"https:\/\/nanoclean24.com\/de\/#organization","name":"NanoClean","url":"https:\/\/nanoclean24.com\/de\/","logo":{"@type":"ImageObject","inLanguage":"de","@id":"https:\/\/nanoclean24.com\/de\/#\/schema\/logo\/image\/","url":"https:\/\/nanoclean24.com\/wp-content\/uploads\/2025\/07\/logo-2.jpg","contentUrl":"https:\/\/nanoclean24.com\/wp-content\/uploads\/2025\/07\/logo-2.jpg","width":1068,"height":224,"caption":"NanoClean"},"image":{"@id":"https:\/\/nanoclean24.com\/de\/#\/schema\/logo\/image\/"}}]}},"taxonomy_info":{"product_cat":[{"value":97,"label":"AC8 HOME"}]},"featured_image_src_large":["https:\/\/nanoclean24.com\/wp-content\/uploads\/2025\/07\/ac8-do-kilmatyzacji-1024x1024.webp",1024,1024,true],"author_info":[],"comment_info":"","_links":{"self":[{"href":"https:\/\/nanoclean24.com\/de\/wp-json\/wp\/v2\/product\/8322","targetHints":{"allow":["GET"]}}],"collection":[{"href":"https:\/\/nanoclean24.com\/de\/wp-json\/wp\/v2\/product"}],"about":[{"href":"https:\/\/nanoclean24.com\/de\/wp-json\/wp\/v2\/types\/product"}],"wp:featuredmedia":[{"embeddable":true,"href":"https:\/\/nanoclean24.com\/de\/wp-json\/wp\/v2\/media\/3358"}],"wp:attachment":[{"href":"https:\/\/nanoclean24.com\/de\/wp-json\/wp\/v2\/media?parent=8322"}],"wp:term":[{"taxonomy":"product_brand","embeddable":true,"href":"https:\/\/nanoclean24.com\/de\/wp-json\/wp\/v2\/product_brand?post=8322"},{"taxonomy":"product_cat","embeddable":true,"href":"https:\/\/nanoclean24.com\/de\/wp-json\/wp\/v2\/product_cat?post=8322"},{"taxonomy":"product_tag","embeddable":true,"href":"https:\/\/nanoclean24.com\/de\/wp-json\/wp\/v2\/product_tag?post=8322"}],"curies":[{"name":"wp","href":"https:\/\/api.w.org\/{rel}","templated":true}]}}