{"id":8316,"date":"2025-07-20T11:59:08","date_gmt":"2025-07-20T09:59:08","guid":{"rendered":"https:\/\/nanoclean24.com\/produkt\/reinigungs-und-desinfektionsmittel-fuer-kuehlschraenke-nanoclean-ac8-home\/"},"modified":"2025-10-24T11:27:10","modified_gmt":"2025-10-24T09:27:10","slug":"reinigungs-und-desinfektionsmittel-fuer-kuehlschraenke-nanoclean-ac8-home","status":"publish","type":"product","link":"https:\/\/nanoclean24.com\/de\/produkte\/reinigungs-und-desinfektionsmittel-fuer-kuehlschraenke-nanoclean-ac8-home\/","title":{"rendered":"NANOCLEAN\u00ae AC8 HOME K\u00dcHLSCHRANK Reinigungs- und Desinfektionsfl\u00fcssigkeit in Spr\u00fchflasche mit Blumenduft 490MLRetry"},"content":{"rendered":"<p>Nanoclean AC8 ist ein fortschrittlicher K\u00fchlschrankreiniger, Entferner von Schimmelpilzen und Desinfektionsmittel. Seine spezielle Formel wurde entwickelt, um hartn\u00e4ckige Flecken, Schimmel, Bakterien und unangenehme Ger\u00fcche wirksam zu entfernen und f\u00fcr lang anhaltende Frische im K\u00fchlschrank zu sorgen. Das Produkt verf\u00fcgt \u00fcber eine einzigartige, alkoholfreie Formel.  <\/p>\n<div class=\"entry-content-asset videofit\"><iframe title=\"Jak czy\u015bci\u0107 lod\u00f3wk\u0119 p\u0142ynem Nanoclean - instrukcja\" width=\"720\" height=\"405\" src=\"https:\/\/www.youtube.com\/embed\/LmgCI3EQ7wE?feature=oembed\" frameborder=\"0\" allow=\"accelerometer; autoplay; clipboard-write; encrypted-media; gyroscope; picture-in-picture; web-share\" referrerpolicy=\"strict-origin-when-cross-origin\" allowfullscreen><\/iframe><\/div>\n<section id=\"section_379561498\" class=\"section\">\n<div class=\"section-content relative\">\n<div id=\"row-253051709\" class=\"row\">\n<div id=\"col-1202760835\" class=\"col small-12 large-12\">\n<div class=\"col-inner\">\n<p style=\"margin-bottom: 32px\">Nanoclean AC8 ist eine unverzichtbare L\u00f6sung, um K\u00fchlschr\u00e4nke sauber und hygienisch zu halten. Die regelm\u00e4\u00dfige Anwendung dieses Produkts sorgt f\u00fcr Frische, Hygiene und sichere Bedingungen f\u00fcr die Lagerung von Lebensmitteln in Ihrem K\u00fchlschrank, was zu einer besseren Qualit\u00e4t und l\u00e4ngeren Haltbarkeit von Lebensmitteln f\u00fchrt. <\/p>\n<h3><span style=\"font-size: 19px\">Biozidprodukte sollten mit Vorsicht verwendet werden. Lesen Sie vor jeder Anwendung das Etikett und die Produktinformationen. <\/span><\/h3>\n<p>&nbsp;<\/p>\n<h3><strong>Anweisungen f\u00fcr den Gebrauch<\/strong><\/h3>\n<p>Hinweis: Beachten Sie stets die Anweisungen des K\u00fchlschrankherstellers.<br \/>\n2. den K\u00fchlschrank entleeren und alle Lebensmittel herausnehmen.<br \/>\n3. alle Oberfl\u00e4chen im Inneren des K\u00fchlschranks mit NANOCLEAN AIR FOR fridge einspr\u00fchen.<br \/>\n4. 5-15 Minuten zur Entrauchung und Desinfektion warten.<br \/>\n5. Die bespr\u00fchten Fl\u00e4chen mit einem sauberen Schwamm oder Mikrofasertuch abwischen, dann mit Wasser absp\u00fclen und alle Fl\u00e4chen, die mit Lebensmitteln in Ber\u00fchrung kommen, trocken wischen.<br \/>\n6 Falls erforderlich, sp\u00fclen Sie die Einlegeb\u00f6den und andere abnehmbare Teile unter flie\u00dfendem Wasser ab und wischen Sie sie trocken.<br \/>\n7 Bauen Sie alle Teile wieder in den K\u00fchlschrank ein und legen Sie die Lebensmittel hinein.<\/p>\n<div id=\"image_391028612\" class=\"img has-hover x md-x lg-x y md-y lg-y\">\n<div class=\"img-inner dark\"><img fetchpriority=\"high\" decoding=\"async\" class=\"attachment-large size-large lazy-load-active\" src=\"https:\/\/ac8.pl\/wp-content\/uploads\/2024\/05\/lodowka-1024x512.png\" alt=\"\" width=\"1020\" height=\"510\" data-src=\"https:\/\/ac8.pl\/wp-content\/uploads\/2024\/05\/lodowka-1024x512.png\" data-srcset=\"https:\/\/ac8.pl\/wp-content\/uploads\/2024\/05\/lodowka-1024x512.png 1024w, https:\/\/ac8.pl\/wp-content\/uploads\/2024\/05\/lodowka-510x255.png 510w, https:\/\/ac8.pl\/wp-content\/uploads\/2024\/05\/lodowka-300x150.png 300w, https:\/\/ac8.pl\/wp-content\/uploads\/2024\/05\/lodowka-768x384.png 768w, https:\/\/ac8.pl\/wp-content\/uploads\/2024\/05\/lodowka-1536x768.png 1536w, https:\/\/ac8.pl\/wp-content\/uploads\/2024\/05\/lodowka-2048x1024.png 2048w, https:\/\/ac8.pl\/wp-content\/uploads\/2024\/05\/lodowka-1320x660.png 1320w\"><\/div>\n<\/div>\n<\/div>\n<\/div>\n<\/div>\n<\/div>\n<\/section>\n","protected":false},"excerpt":{"rendered":"<h3>Nanoclean AC8 f\u00fcr K\u00fchlschr\u00e4nke<\/h3>\n<p><strong>\u2705 Reinigung des K\u00fchlschranks:<\/strong> Nanoclean AC8 entfernt effektiv hartn\u00e4ckige Flecken und Verschmutzungen aus dem Inneren des K\u00fchlschranks, einschlie\u00dflich Lebensmittelresten, klebrigen Substanzen und Ablagerungen. Das Produkt dringt leicht in die Oberfl\u00e4chen ein und sorgt f\u00fcr eine gr\u00fcndliche Reinigung. <\/p>\n<p><strong>\u2705 Entfettung:<\/strong> Das Produkt bek\u00e4mpft Schimmel und Pilze, die sich in der feuchten Umgebung des K\u00fchlschranks entwickeln k\u00f6nnen. Die regelm\u00e4\u00dfige Anwendung von Nanoclean AC8 hilft, Schimmel vorzubeugen, was f\u00fcr die Erhaltung gesunder Lagerbedingungen f\u00fcr Lebensmittel von entscheidender Bedeutung ist. <\/p>\n<p><strong>Desinfektion:<\/strong> Nanoclean AC8 hat starke antibakterielle Eigenschaften und beseitigt Bakterien und Mikroorganismen, die Lebensmittel kontaminieren und ihre Frische beeintr\u00e4chtigen k\u00f6nnen. Dies ist besonders wichtig f\u00fcr die Erhaltung der Qualit\u00e4t und Sicherheit gelagerter Lebensmittel. <\/p>\n<p><strong>\u2705 Geruchsbeseitigung:<\/strong> Das Produkt neutralisiert unangenehme Ger\u00fcche, z. B. von verdorbenen Lebensmitteln, und sorgt so f\u00fcr einen frischen und angenehmen Innenraum des K\u00fchlschranks.<\/p>\n","protected":false},"featured_media":9869,"template":"","meta":{"_kad_blocks_custom_css":"","_kad_blocks_head_custom_js":"","_kad_blocks_body_custom_js":"","_kad_blocks_footer_custom_js":"","_kad_post_transparent":"","_kad_post_title":"","_kad_post_layout":"","_kad_post_sidebar_id":"","_kad_post_content_style":"","_kad_post_vertical_padding":"","_kad_post_feature":"","_kad_post_feature_position":"","_kad_post_header":false,"_kad_post_footer":false,"_kad_post_classname":""},"product_brand":[],"product_cat":[97],"product_tag":[],"class_list":{"0":"post-8316","1":"product","2":"type-product","3":"status-publish","4":"has-post-thumbnail","6":"product_cat-home-de","8":"first","9":"instock","10":"taxable","11":"shipping-taxable","12":"purchasable","13":"product-type-simple","14":"entry","15":"content-bg","16":"loop-entry"},"yoast_head":"<!-- This site is optimized with the Yoast SEO plugin v27.2 - https:\/\/yoast.com\/product\/yoast-seo-wordpress\/ -->\n<title>NANOCLEAN\u00ae AC8 HOME K\u00dcHLSCHRANK Reinigungs- und Desinfektionsfl\u00fcssigkeit in Spr\u00fchflasche mit Blumenduft 490MLRetry - NANOCLEAN<\/title>\n<meta name=\"robots\" content=\"index, follow, max-snippet:-1, max-image-preview:large, max-video-preview:-1\" \/>\n<link rel=\"canonical\" href=\"https:\/\/nanoclean24.com\/de\/produkte\/reinigungs-und-desinfektionsmittel-fuer-kuehlschraenke-nanoclean-ac8-home\/\" \/>\n<meta property=\"og:locale\" content=\"de_DE\" \/>\n<meta property=\"og:type\" content=\"article\" \/>\n<meta property=\"og:title\" content=\"NANOCLEAN\u00ae AC8 HOME K\u00dcHLSCHRANK Reinigungs- und Desinfektionsfl\u00fcssigkeit in Spr\u00fchflasche mit Blumenduft 490MLRetry - NANOCLEAN\" \/>\n<meta property=\"og:description\" content=\"Nanoclean AC8 f\u00fcr K\u00fchlschr\u00e4nke \u2705 Reinigung des K\u00fchlschranks: Nanoclean AC8 entfernt effektiv hartn\u00e4ckige Flecken und Verschmutzungen aus dem Inneren des K\u00fchlschranks, einschlie\u00dflich Lebensmittelresten, klebrigen Substanzen und Ablagerungen. Das Produkt dringt leicht in die Oberfl\u00e4chen ein und sorgt f\u00fcr eine gr\u00fcndliche Reinigung.  \u2705 Entfettung: Das Produkt bek\u00e4mpft Schimmel und Pilze, die sich in der feuchten Umgebung des K\u00fchlschranks entwickeln k\u00f6nnen. Die regelm\u00e4\u00dfige Anwendung von Nanoclean AC8 hilft, Schimmel vorzubeugen, was f\u00fcr die Erhaltung gesunder Lagerbedingungen f\u00fcr Lebensmittel von entscheidender Bedeutung ist.  Desinfektion: Nanoclean AC8 hat starke antibakterielle Eigenschaften und beseitigt Bakterien und Mikroorganismen, die Lebensmittel kontaminieren und ihre Frische beeintr\u00e4chtigen k\u00f6nnen. Dies ist besonders wichtig f\u00fcr die Erhaltung der Qualit\u00e4t und Sicherheit gelagerter Lebensmittel.  \u2705 Geruchsbeseitigung: Das Produkt neutralisiert unangenehme Ger\u00fcche, z. B. von verdorbenen Lebensmitteln, und sorgt so f\u00fcr einen frischen und angenehmen Innenraum des K\u00fchlschranks.\" \/>\n<meta property=\"og:url\" content=\"https:\/\/nanoclean24.com\/de\/produkte\/reinigungs-und-desinfektionsmittel-fuer-kuehlschraenke-nanoclean-ac8-home\/\" \/>\n<meta property=\"og:site_name\" content=\"NANOCLEAN\" \/>\n<meta property=\"article:modified_time\" content=\"2025-10-24T09:27:10+00:00\" \/>\n<meta property=\"og:image\" content=\"https:\/\/nanoclean24.com\/wp-content\/uploads\/2025\/07\/ac8-lodowka-1.png\" \/>\n\t<meta property=\"og:image:width\" content=\"1010\" \/>\n\t<meta property=\"og:image:height\" content=\"1010\" \/>\n\t<meta property=\"og:image:type\" content=\"image\/png\" \/>\n<meta name=\"twitter:card\" content=\"summary_large_image\" \/>\n<meta name=\"twitter:label1\" content=\"Gesch\u00e4tzte Lesezeit\" \/>\n\t<meta name=\"twitter:data1\" content=\"1\u00a0Minute\" \/>\n<script type=\"application\/ld+json\" class=\"yoast-schema-graph\">{\"@context\":\"https:\/\/schema.org\",\"@graph\":[{\"@type\":\"WebPage\",\"@id\":\"https:\/\/nanoclean24.com\/de\/produkte\/reinigungs-und-desinfektionsmittel-fuer-kuehlschraenke-nanoclean-ac8-home\/\",\"url\":\"https:\/\/nanoclean24.com\/de\/produkte\/reinigungs-und-desinfektionsmittel-fuer-kuehlschraenke-nanoclean-ac8-home\/\",\"name\":\"NANOCLEAN\u00ae AC8 HOME K\u00dcHLSCHRANK Reinigungs- und Desinfektionsfl\u00fcssigkeit in Spr\u00fchflasche mit Blumenduft 490MLRetry - NANOCLEAN\",\"isPartOf\":{\"@id\":\"https:\/\/nanoclean24.com\/de\/#website\"},\"primaryImageOfPage\":{\"@id\":\"https:\/\/nanoclean24.com\/de\/produkte\/reinigungs-und-desinfektionsmittel-fuer-kuehlschraenke-nanoclean-ac8-home\/#primaryimage\"},\"image\":{\"@id\":\"https:\/\/nanoclean24.com\/de\/produkte\/reinigungs-und-desinfektionsmittel-fuer-kuehlschraenke-nanoclean-ac8-home\/#primaryimage\"},\"thumbnailUrl\":\"https:\/\/nanoclean24.com\/wp-content\/uploads\/2025\/07\/ac8-lodowka-1.png\",\"datePublished\":\"2025-07-20T09:59:08+00:00\",\"dateModified\":\"2025-10-24T09:27:10+00:00\",\"breadcrumb\":{\"@id\":\"https:\/\/nanoclean24.com\/de\/produkte\/reinigungs-und-desinfektionsmittel-fuer-kuehlschraenke-nanoclean-ac8-home\/#breadcrumb\"},\"inLanguage\":\"de\",\"potentialAction\":[{\"@type\":\"ReadAction\",\"target\":[\"https:\/\/nanoclean24.com\/de\/produkte\/reinigungs-und-desinfektionsmittel-fuer-kuehlschraenke-nanoclean-ac8-home\/\"]}]},{\"@type\":\"ImageObject\",\"inLanguage\":\"de\",\"@id\":\"https:\/\/nanoclean24.com\/de\/produkte\/reinigungs-und-desinfektionsmittel-fuer-kuehlschraenke-nanoclean-ac8-home\/#primaryimage\",\"url\":\"https:\/\/nanoclean24.com\/wp-content\/uploads\/2025\/07\/ac8-lodowka-1.png\",\"contentUrl\":\"https:\/\/nanoclean24.com\/wp-content\/uploads\/2025\/07\/ac8-lodowka-1.png\",\"width\":1010,\"height\":1010},{\"@type\":\"BreadcrumbList\",\"@id\":\"https:\/\/nanoclean24.com\/de\/produkte\/reinigungs-und-desinfektionsmittel-fuer-kuehlschraenke-nanoclean-ac8-home\/#breadcrumb\",\"itemListElement\":[{\"@type\":\"ListItem\",\"position\":1,\"name\":\"Strona g\u0142\u00f3wna\",\"item\":\"https:\/\/nanoclean24.com\/de\/\"},{\"@type\":\"ListItem\",\"position\":2,\"name\":\"Shop\",\"item\":\"https:\/\/nanoclean24.com\/de\/shop\/\"},{\"@type\":\"ListItem\",\"position\":3,\"name\":\"NANOCLEAN\u00ae AC8 HOME K\u00dcHLSCHRANK Reinigungs- und Desinfektionsfl\u00fcssigkeit in Spr\u00fchflasche mit Blumenduft 490MLRetry\"}]},{\"@type\":\"WebSite\",\"@id\":\"https:\/\/nanoclean24.com\/de\/#website\",\"url\":\"https:\/\/nanoclean24.com\/de\/\",\"name\":\"NanoClean\",\"description\":\"\",\"publisher\":{\"@id\":\"https:\/\/nanoclean24.com\/de\/#organization\"},\"potentialAction\":[{\"@type\":\"SearchAction\",\"target\":{\"@type\":\"EntryPoint\",\"urlTemplate\":\"https:\/\/nanoclean24.com\/de\/?s={search_term_string}\"},\"query-input\":{\"@type\":\"PropertyValueSpecification\",\"valueRequired\":true,\"valueName\":\"search_term_string\"}}],\"inLanguage\":\"de\"},{\"@type\":\"Organization\",\"@id\":\"https:\/\/nanoclean24.com\/de\/#organization\",\"name\":\"NanoClean\",\"url\":\"https:\/\/nanoclean24.com\/de\/\",\"logo\":{\"@type\":\"ImageObject\",\"inLanguage\":\"de\",\"@id\":\"https:\/\/nanoclean24.com\/de\/#\/schema\/logo\/image\/\",\"url\":\"https:\/\/nanoclean24.com\/wp-content\/uploads\/2025\/07\/logo-2.jpg\",\"contentUrl\":\"https:\/\/nanoclean24.com\/wp-content\/uploads\/2025\/07\/logo-2.jpg\",\"width\":1068,\"height\":224,\"caption\":\"NanoClean\"},\"image\":{\"@id\":\"https:\/\/nanoclean24.com\/de\/#\/schema\/logo\/image\/\"}}]}<\/script>\n<!-- \/ Yoast SEO plugin. -->","yoast_head_json":{"title":"NANOCLEAN\u00ae AC8 HOME K\u00dcHLSCHRANK Reinigungs- und Desinfektionsfl\u00fcssigkeit in Spr\u00fchflasche mit Blumenduft 490MLRetry - NANOCLEAN","robots":{"index":"index","follow":"follow","max-snippet":"max-snippet:-1","max-image-preview":"max-image-preview:large","max-video-preview":"max-video-preview:-1"},"canonical":"https:\/\/nanoclean24.com\/de\/produkte\/reinigungs-und-desinfektionsmittel-fuer-kuehlschraenke-nanoclean-ac8-home\/","og_locale":"de_DE","og_type":"article","og_title":"NANOCLEAN\u00ae AC8 HOME K\u00dcHLSCHRANK Reinigungs- und Desinfektionsfl\u00fcssigkeit in Spr\u00fchflasche mit Blumenduft 490MLRetry - NANOCLEAN","og_description":"Nanoclean AC8 f\u00fcr K\u00fchlschr\u00e4nke \u2705 Reinigung des K\u00fchlschranks: Nanoclean AC8 entfernt effektiv hartn\u00e4ckige Flecken und Verschmutzungen aus dem Inneren des K\u00fchlschranks, einschlie\u00dflich Lebensmittelresten, klebrigen Substanzen und Ablagerungen. Das Produkt dringt leicht in die Oberfl\u00e4chen ein und sorgt f\u00fcr eine gr\u00fcndliche Reinigung.  \u2705 Entfettung: Das Produkt bek\u00e4mpft Schimmel und Pilze, die sich in der feuchten Umgebung des K\u00fchlschranks entwickeln k\u00f6nnen. Die regelm\u00e4\u00dfige Anwendung von Nanoclean AC8 hilft, Schimmel vorzubeugen, was f\u00fcr die Erhaltung gesunder Lagerbedingungen f\u00fcr Lebensmittel von entscheidender Bedeutung ist.  Desinfektion: Nanoclean AC8 hat starke antibakterielle Eigenschaften und beseitigt Bakterien und Mikroorganismen, die Lebensmittel kontaminieren und ihre Frische beeintr\u00e4chtigen k\u00f6nnen. Dies ist besonders wichtig f\u00fcr die Erhaltung der Qualit\u00e4t und Sicherheit gelagerter Lebensmittel.  \u2705 Geruchsbeseitigung: Das Produkt neutralisiert unangenehme Ger\u00fcche, z. B. von verdorbenen Lebensmitteln, und sorgt so f\u00fcr einen frischen und angenehmen Innenraum des K\u00fchlschranks.","og_url":"https:\/\/nanoclean24.com\/de\/produkte\/reinigungs-und-desinfektionsmittel-fuer-kuehlschraenke-nanoclean-ac8-home\/","og_site_name":"NANOCLEAN","article_modified_time":"2025-10-24T09:27:10+00:00","og_image":[{"width":1010,"height":1010,"url":"https:\/\/nanoclean24.com\/wp-content\/uploads\/2025\/07\/ac8-lodowka-1.png","type":"image\/png"}],"twitter_card":"summary_large_image","twitter_misc":{"Gesch\u00e4tzte Lesezeit":"1\u00a0Minute"},"schema":{"@context":"https:\/\/schema.org","@graph":[{"@type":"WebPage","@id":"https:\/\/nanoclean24.com\/de\/produkte\/reinigungs-und-desinfektionsmittel-fuer-kuehlschraenke-nanoclean-ac8-home\/","url":"https:\/\/nanoclean24.com\/de\/produkte\/reinigungs-und-desinfektionsmittel-fuer-kuehlschraenke-nanoclean-ac8-home\/","name":"NANOCLEAN\u00ae AC8 HOME K\u00dcHLSCHRANK Reinigungs- und Desinfektionsfl\u00fcssigkeit in Spr\u00fchflasche mit Blumenduft 490MLRetry - NANOCLEAN","isPartOf":{"@id":"https:\/\/nanoclean24.com\/de\/#website"},"primaryImageOfPage":{"@id":"https:\/\/nanoclean24.com\/de\/produkte\/reinigungs-und-desinfektionsmittel-fuer-kuehlschraenke-nanoclean-ac8-home\/#primaryimage"},"image":{"@id":"https:\/\/nanoclean24.com\/de\/produkte\/reinigungs-und-desinfektionsmittel-fuer-kuehlschraenke-nanoclean-ac8-home\/#primaryimage"},"thumbnailUrl":"https:\/\/nanoclean24.com\/wp-content\/uploads\/2025\/07\/ac8-lodowka-1.png","datePublished":"2025-07-20T09:59:08+00:00","dateModified":"2025-10-24T09:27:10+00:00","breadcrumb":{"@id":"https:\/\/nanoclean24.com\/de\/produkte\/reinigungs-und-desinfektionsmittel-fuer-kuehlschraenke-nanoclean-ac8-home\/#breadcrumb"},"inLanguage":"de","potentialAction":[{"@type":"ReadAction","target":["https:\/\/nanoclean24.com\/de\/produkte\/reinigungs-und-desinfektionsmittel-fuer-kuehlschraenke-nanoclean-ac8-home\/"]}]},{"@type":"ImageObject","inLanguage":"de","@id":"https:\/\/nanoclean24.com\/de\/produkte\/reinigungs-und-desinfektionsmittel-fuer-kuehlschraenke-nanoclean-ac8-home\/#primaryimage","url":"https:\/\/nanoclean24.com\/wp-content\/uploads\/2025\/07\/ac8-lodowka-1.png","contentUrl":"https:\/\/nanoclean24.com\/wp-content\/uploads\/2025\/07\/ac8-lodowka-1.png","width":1010,"height":1010},{"@type":"BreadcrumbList","@id":"https:\/\/nanoclean24.com\/de\/produkte\/reinigungs-und-desinfektionsmittel-fuer-kuehlschraenke-nanoclean-ac8-home\/#breadcrumb","itemListElement":[{"@type":"ListItem","position":1,"name":"Strona g\u0142\u00f3wna","item":"https:\/\/nanoclean24.com\/de\/"},{"@type":"ListItem","position":2,"name":"Shop","item":"https:\/\/nanoclean24.com\/de\/shop\/"},{"@type":"ListItem","position":3,"name":"NANOCLEAN\u00ae AC8 HOME K\u00dcHLSCHRANK Reinigungs- und Desinfektionsfl\u00fcssigkeit in Spr\u00fchflasche mit Blumenduft 490MLRetry"}]},{"@type":"WebSite","@id":"https:\/\/nanoclean24.com\/de\/#website","url":"https:\/\/nanoclean24.com\/de\/","name":"NanoClean","description":"","publisher":{"@id":"https:\/\/nanoclean24.com\/de\/#organization"},"potentialAction":[{"@type":"SearchAction","target":{"@type":"EntryPoint","urlTemplate":"https:\/\/nanoclean24.com\/de\/?s={search_term_string}"},"query-input":{"@type":"PropertyValueSpecification","valueRequired":true,"valueName":"search_term_string"}}],"inLanguage":"de"},{"@type":"Organization","@id":"https:\/\/nanoclean24.com\/de\/#organization","name":"NanoClean","url":"https:\/\/nanoclean24.com\/de\/","logo":{"@type":"ImageObject","inLanguage":"de","@id":"https:\/\/nanoclean24.com\/de\/#\/schema\/logo\/image\/","url":"https:\/\/nanoclean24.com\/wp-content\/uploads\/2025\/07\/logo-2.jpg","contentUrl":"https:\/\/nanoclean24.com\/wp-content\/uploads\/2025\/07\/logo-2.jpg","width":1068,"height":224,"caption":"NanoClean"},"image":{"@id":"https:\/\/nanoclean24.com\/de\/#\/schema\/logo\/image\/"}}]}},"taxonomy_info":{"product_cat":[{"value":97,"label":"AC8 HOME"}]},"featured_image_src_large":["https:\/\/nanoclean24.com\/wp-content\/uploads\/2025\/07\/ac8-lodowka-1.png",1010,1010,false],"author_info":[],"comment_info":"","_links":{"self":[{"href":"https:\/\/nanoclean24.com\/de\/wp-json\/wp\/v2\/product\/8316","targetHints":{"allow":["GET"]}}],"collection":[{"href":"https:\/\/nanoclean24.com\/de\/wp-json\/wp\/v2\/product"}],"about":[{"href":"https:\/\/nanoclean24.com\/de\/wp-json\/wp\/v2\/types\/product"}],"wp:featuredmedia":[{"embeddable":true,"href":"https:\/\/nanoclean24.com\/de\/wp-json\/wp\/v2\/media\/9869"}],"wp:attachment":[{"href":"https:\/\/nanoclean24.com\/de\/wp-json\/wp\/v2\/media?parent=8316"}],"wp:term":[{"taxonomy":"product_brand","embeddable":true,"href":"https:\/\/nanoclean24.com\/de\/wp-json\/wp\/v2\/product_brand?post=8316"},{"taxonomy":"product_cat","embeddable":true,"href":"https:\/\/nanoclean24.com\/de\/wp-json\/wp\/v2\/product_cat?post=8316"},{"taxonomy":"product_tag","embeddable":true,"href":"https:\/\/nanoclean24.com\/de\/wp-json\/wp\/v2\/product_tag?post=8316"}],"curies":[{"name":"wp","href":"https:\/\/api.w.org\/{rel}","templated":true}]}}