{"id":8310,"date":"2025-07-20T10:14:15","date_gmt":"2025-07-20T08:14:15","guid":{"rendered":"https:\/\/nanoclean24.com\/produkt\/nanocleanac8-haus-fuer-katzen\/"},"modified":"2025-10-24T12:14:19","modified_gmt":"2025-10-24T10:14:19","slug":"nanocleanac8-haus-fuer-katzen","status":"publish","type":"product","link":"https:\/\/nanoclean24.com\/de\/produkte\/nanocleanac8-haus-fuer-katzen\/","title":{"rendered":"NANOCLEAN\u00ae AC8 HOME KATZE Reinigungs- und Desinfektionsfl\u00fcssigkeit in Spr\u00fchflasche 490ML"},"content":{"rendered":"<p>Halten Sie Ihre Katze sauber und hygienisch, indem Sie unangenehme Ger\u00fcche und F\u00e4kalien beseitigen. Desinfizieren Sie das Zubeh\u00f6r Ihrer Katze regelm\u00e4\u00dfig mit einem sicheren, nicht brennbaren Reiniger, der schonend zu Materialien und Oberfl\u00e4chen ist. Entfernen Sie Schmutz, Bakterien und organisches Material von den folgenden Gegenst\u00e4nden:  <\/p>\n<ul>\n<li>FUTTER- UND WASSERN\u00c4PFE<\/li>\n<li>TOYS<\/li>\n<li>LEGISLATION<\/li>\n<li>KATZENTOILETTE<\/li>\n<li>TRANSPORTER<\/li>\n<li>B\u00dcRSTEN UND K\u00c4MME<\/li>\n<\/ul>\n<div class=\"entry-content-asset videofit\"><iframe title=\"Nanoclean - Czyszczenie plam i zapach\u00f3w po zwierz\u0119tach\" width=\"720\" height=\"405\" src=\"https:\/\/www.youtube.com\/embed\/_ura0T4_D5c?feature=oembed\" frameborder=\"0\" allow=\"accelerometer; autoplay; clipboard-write; encrypted-media; gyroscope; picture-in-picture; web-share\" referrerpolicy=\"strict-origin-when-cross-origin\" allowfullscreen><\/iframe><\/div>\n<h3><strong>Einzigartige Eigenschaften<\/strong><\/h3>\n<ul>\n<li><strong>Innovative chlorfreie und alkoholfreie Formel:<\/strong> Arbeitet ohne sch\u00e4dliche D\u00e4mpfe, sicher f\u00fcr die Gesundheit Ihrer Katze.<\/li>\n<li><strong>Beseitigung von Schimmel und Bakterien:<\/strong> Full Biocidal Spectrum ist die einzige L\u00f6sung auf dem Markt, die Bakterien, Viren, Pilze, Schimmel, Sporen und Mykobakterien wirksam beseitigt und so ein H\u00f6chstma\u00df an Hygiene gew\u00e4hrleistet.<\/li>\n<li><strong>Sicher f\u00fcr die Verwendung auf Oberfl\u00e4chen:<\/strong> Formuliert, um die empfindlichen Elemente des Katzenraums zu behandeln, ohne das Risiko einer Besch\u00e4digung.<\/li>\n<\/ul>\n<p><img fetchpriority=\"high\" decoding=\"async\" class=\"alignnone size-full wp-image-3186\" src=\"https:\/\/nanoclean24.com\/wp-content\/uploads\/2025\/07\/nanoclean8-home-dla-kota.png\" alt=\"\" width=\"1382\" height=\"691\" srcset=\"https:\/\/nanoclean24.com\/wp-content\/uploads\/2025\/07\/nanoclean8-home-dla-kota.png 1382w, https:\/\/nanoclean24.com\/wp-content\/uploads\/2025\/07\/nanoclean8-home-dla-kota-300x150.png 300w, https:\/\/nanoclean24.com\/wp-content\/uploads\/2025\/07\/nanoclean8-home-dla-kota-1024x512.png 1024w, https:\/\/nanoclean24.com\/wp-content\/uploads\/2025\/07\/nanoclean8-home-dla-kota-768x384.png 768w, https:\/\/nanoclean24.com\/wp-content\/uploads\/2025\/07\/nanoclean8-home-dla-kota-600x300.png 600w\" sizes=\"(max-width: 1382px) 100vw, 1382px\" \/><\/p>\n<p>Hinweis: NANOCLEAN AC8 eignet sich auch f\u00fcr Notf\u00e4lle. Es beseitigt sofort unangenehme Ger\u00fcche, reinigt und desinfiziert, wenn der Raum der Katze mit Schimmel oder anderem organischen Schmutz kontaminiert ist. <\/p>\n<p>Biozidprodukte sollten mit Vorsicht verwendet werden. Lesen Sie vor jeder Anwendung das Etikett und die Produktinformationen. <\/p>\n<h3><strong>Anweisungen f\u00fcr den Gebrauch<\/strong><\/h3>\n<p>Hinweis: Befolgen Sie stets die Anweisungen des Herstellers der Tierausr\u00fcstung.<\/p>\n<ol>\n<li>R\u00e4umen Sie den Platz der Katze von Gegenst\u00e4nden frei, die die Reinigung behindern k\u00f6nnten.<\/li>\n<li>Spr\u00fchen Sie NANOCLEAN AC8 FOR CAT auf alle Oberfl\u00e4chen, einschlie\u00dflich Katzenbett, Spielzeug, N\u00e4pfe und andere Bereiche, und warten Sie 5-15 Minuten, um alle Oberfl\u00e4chen zu dekontaminieren.<\/li>\n<li>Falls erforderlich, wischen Sie die Oberfl\u00e4chen mit einem sauberen, feuchten Tuch ab, um Produktreste zu entfernen.<\/li>\n<li>Lassen Sie die Oberfl\u00e4chen vor der Wiederverwendung gr\u00fcndlich trocknen.<\/li>\n<\/ol>\n<h3><strong>Zulassungen<\/strong><\/h3>\n<ul>\n<li>Genehmigung f\u00fcr das Inverkehrbringen von Biozid-Produkten: Nr. 7406\/18.<\/li>\n<li>PZH-Zulassung: Nr. B.BK.60112.0333.2023.<\/li>\n<li>NICHT entflammbar: alkoholfreie Formel auf Wasserbasis, nicht entflammbar, frei von S\u00e4uren, Phenolen, frei von organischen L\u00f6sungsmitteln.<\/li>\n<\/ul>\n<h3><strong>Ratschl\u00e4ge f\u00fcr Benutzer<\/strong><\/h3>\n<ul>\n<li><strong>Regelm\u00e4\u00dfige Reinigung:<\/strong> Reinigen Sie regelm\u00e4\u00dfig das Bett, das Spielzeug, die N\u00e4pfe und andere Oberfl\u00e4chen Ihrer Katze, um die Ansammlung von Schmutz und Ablagerungen zu verhindern und so die Hygiene und Gesundheit Ihres Tieres zu verbessern.<\/li>\n<li><strong>Verwenden Sie die richtigen Produkte:<\/strong> Die Verwendung der richtigen Produkte zur Reinigung des Katzenplatzes tr\u00e4gt dazu bei, diesen in perfektem Zustand zu halten und das Risiko von Sch\u00e4den und Krankheiten zu minimieren.<\/li>\n<li><strong>Vermeiden Sie \u00dcberbelegung:<\/strong> Eine \u00dcberbelegung des Katzenplatzes kann zu ungenauer Reinigung und Schmutzansammlungen f\u00fchren, die unangenehme Ger\u00fcche verursachen k\u00f6nnen.<\/li>\n<li><strong>Kontrolle der Ohren:<\/strong> Kontrollieren und reinigen Sie regelm\u00e4\u00dfig die Betten, N\u00e4pfe und andere Gegenst\u00e4nde, um die Ansammlung von Schmutz und Schimmel zu verhindern.<\/li>\n<\/ul>\n<p>Entscheiden Sie sich f\u00fcr NANOCLEAN AC8 FOR CAT und bieten Sie Ihrem Haustier eine umfassende Pflege und ein H\u00f6chstma\u00df an Hygiene. Pflegen Sie Ihre Katze mit NANOCLEAN AC8 und genie\u00dfen Sie jeden Tag Sauberkeit und Frische. <\/p>\n<p>Kaufen Sie jetzt und erleben Sie den Unterschied.<\/p>\n","protected":false},"excerpt":{"rendered":"<h3>5in1: Reinigung, Erfrischung, Entr\u00e4ucherung, Desinfektion, Schutz<\/h3>\n<p><strong>\u2705 Sofortiger Geruchsneutralisierer:<\/strong> Entfernt alle unangenehmen Ger\u00fcche und l\u00e4sst die Umgebung Ihrer Katze frisch und angenehm.<\/p>\n<p><strong>\u2705 Effektive Reinigung:<\/strong> Entfernt effektiv Schmutz, Haare und andere Verunreinigungen und h\u00e4lt das Bett, Spielzeug und andere Gegenst\u00e4nde sauber.<\/p>\n<p><strong>\u2705 Entr\u00e4ucherung und Desinfektion:<\/strong> Die umfassende Formel erm\u00f6glicht eine vollst\u00e4ndige Entr\u00e4ucherung und Desinfektion in einem einzigen Prozess und eliminiert so biologische Gefahren.<\/p>\n<p>\u2705 <strong>Schimmelschutz:<\/strong> Schafft eine Schutzbarriere, die das Wachstum von Schimmel und Mikroorganismen verhindert und so f\u00fcr lang anhaltende Hygiene sorgt.<\/p>\n","protected":false},"featured_media":3193,"template":"","meta":{"_kad_blocks_custom_css":"","_kad_blocks_head_custom_js":"","_kad_blocks_body_custom_js":"","_kad_blocks_footer_custom_js":"","_kad_post_transparent":"","_kad_post_title":"","_kad_post_layout":"","_kad_post_sidebar_id":"","_kad_post_content_style":"","_kad_post_vertical_padding":"","_kad_post_feature":"","_kad_post_feature_position":"","_kad_post_header":false,"_kad_post_footer":false,"_kad_post_classname":""},"product_brand":[],"product_cat":[97],"product_tag":[],"class_list":{"0":"post-8310","1":"product","2":"type-product","3":"status-publish","4":"has-post-thumbnail","6":"product_cat-home-de","8":"first","9":"instock","10":"taxable","11":"shipping-taxable","12":"purchasable","13":"product-type-simple","14":"entry","15":"content-bg","16":"loop-entry"},"yoast_head":"<!-- This site is optimized with the Yoast SEO plugin v27.4 - https:\/\/yoast.com\/product\/yoast-seo-wordpress\/ -->\n<title>NANOCLEAN\u00ae AC8 HOME KATZE Reinigungs- und Desinfektionsfl\u00fcssigkeit in Spr\u00fchflasche 490ML - NANOCLEAN<\/title>\n<meta name=\"robots\" content=\"index, follow, max-snippet:-1, max-image-preview:large, max-video-preview:-1\" \/>\n<link rel=\"canonical\" href=\"https:\/\/nanoclean24.com\/de\/produkte\/nanocleanac8-haus-fuer-katzen\/\" \/>\n<meta property=\"og:locale\" content=\"de_DE\" \/>\n<meta property=\"og:type\" content=\"article\" \/>\n<meta property=\"og:title\" content=\"NANOCLEAN\u00ae AC8 HOME KATZE Reinigungs- und Desinfektionsfl\u00fcssigkeit in Spr\u00fchflasche 490ML - NANOCLEAN\" \/>\n<meta property=\"og:description\" content=\"5in1: Reinigung, Erfrischung, Entr\u00e4ucherung, Desinfektion, Schutz \u2705 Sofortiger Geruchsneutralisierer: Entfernt alle unangenehmen Ger\u00fcche und l\u00e4sst die Umgebung Ihrer Katze frisch und angenehm. \u2705 Effektive Reinigung: Entfernt effektiv Schmutz, Haare und andere Verunreinigungen und h\u00e4lt das Bett, Spielzeug und andere Gegenst\u00e4nde sauber. \u2705 Entr\u00e4ucherung und Desinfektion: Die umfassende Formel erm\u00f6glicht eine vollst\u00e4ndige Entr\u00e4ucherung und Desinfektion in einem einzigen Prozess und eliminiert so biologische Gefahren. \u2705 Schimmelschutz: Schafft eine Schutzbarriere, die das Wachstum von Schimmel und Mikroorganismen verhindert und so f\u00fcr lang anhaltende Hygiene sorgt.\" \/>\n<meta property=\"og:url\" content=\"https:\/\/nanoclean24.com\/de\/produkte\/nanocleanac8-haus-fuer-katzen\/\" \/>\n<meta property=\"og:site_name\" content=\"NANOCLEAN\" \/>\n<meta property=\"article:modified_time\" content=\"2025-10-24T10:14:19+00:00\" \/>\n<meta property=\"og:image\" content=\"https:\/\/nanoclean24.com\/wp-content\/uploads\/2025\/07\/ac8-kot.webp\" \/>\n\t<meta property=\"og:image:width\" content=\"900\" \/>\n\t<meta property=\"og:image:height\" content=\"900\" \/>\n\t<meta property=\"og:image:type\" content=\"image\/webp\" \/>\n<meta name=\"twitter:card\" content=\"summary_large_image\" \/>\n<meta name=\"twitter:label1\" content=\"Gesch\u00e4tzte Lesezeit\" \/>\n\t<meta name=\"twitter:data1\" content=\"2\u00a0Minuten\" \/>\n<script type=\"application\/ld+json\" class=\"yoast-schema-graph\">{\"@context\":\"https:\\\/\\\/schema.org\",\"@graph\":[{\"@type\":\"WebPage\",\"@id\":\"https:\\\/\\\/nanoclean24.com\\\/de\\\/produkte\\\/nanocleanac8-haus-fuer-katzen\\\/\",\"url\":\"https:\\\/\\\/nanoclean24.com\\\/de\\\/produkte\\\/nanocleanac8-haus-fuer-katzen\\\/\",\"name\":\"NANOCLEAN\u00ae AC8 HOME KATZE Reinigungs- und Desinfektionsfl\u00fcssigkeit in Spr\u00fchflasche 490ML - NANOCLEAN\",\"isPartOf\":{\"@id\":\"https:\\\/\\\/nanoclean24.com\\\/de\\\/#website\"},\"primaryImageOfPage\":{\"@id\":\"https:\\\/\\\/nanoclean24.com\\\/de\\\/produkte\\\/nanocleanac8-haus-fuer-katzen\\\/#primaryimage\"},\"image\":{\"@id\":\"https:\\\/\\\/nanoclean24.com\\\/de\\\/produkte\\\/nanocleanac8-haus-fuer-katzen\\\/#primaryimage\"},\"thumbnailUrl\":\"https:\\\/\\\/nanoclean24.com\\\/wp-content\\\/uploads\\\/2025\\\/07\\\/ac8-kot.webp\",\"datePublished\":\"2025-07-20T08:14:15+00:00\",\"dateModified\":\"2025-10-24T10:14:19+00:00\",\"breadcrumb\":{\"@id\":\"https:\\\/\\\/nanoclean24.com\\\/de\\\/produkte\\\/nanocleanac8-haus-fuer-katzen\\\/#breadcrumb\"},\"inLanguage\":\"de\",\"potentialAction\":[{\"@type\":\"ReadAction\",\"target\":[\"https:\\\/\\\/nanoclean24.com\\\/de\\\/produkte\\\/nanocleanac8-haus-fuer-katzen\\\/\"]}]},{\"@type\":\"ImageObject\",\"inLanguage\":\"de\",\"@id\":\"https:\\\/\\\/nanoclean24.com\\\/de\\\/produkte\\\/nanocleanac8-haus-fuer-katzen\\\/#primaryimage\",\"url\":\"https:\\\/\\\/nanoclean24.com\\\/wp-content\\\/uploads\\\/2025\\\/07\\\/ac8-kot.webp\",\"contentUrl\":\"https:\\\/\\\/nanoclean24.com\\\/wp-content\\\/uploads\\\/2025\\\/07\\\/ac8-kot.webp\",\"width\":900,\"height\":900},{\"@type\":\"BreadcrumbList\",\"@id\":\"https:\\\/\\\/nanoclean24.com\\\/de\\\/produkte\\\/nanocleanac8-haus-fuer-katzen\\\/#breadcrumb\",\"itemListElement\":[{\"@type\":\"ListItem\",\"position\":1,\"name\":\"Strona g\u0142\u00f3wna\",\"item\":\"https:\\\/\\\/nanoclean24.com\\\/de\\\/\"},{\"@type\":\"ListItem\",\"position\":2,\"name\":\"Shop\",\"item\":\"https:\\\/\\\/nanoclean24.com\\\/de\\\/shop\\\/\"},{\"@type\":\"ListItem\",\"position\":3,\"name\":\"NANOCLEAN\u00ae AC8 HOME KATZE Reinigungs- und Desinfektionsfl\u00fcssigkeit in Spr\u00fchflasche 490ML\"}]},{\"@type\":\"WebSite\",\"@id\":\"https:\\\/\\\/nanoclean24.com\\\/de\\\/#website\",\"url\":\"https:\\\/\\\/nanoclean24.com\\\/de\\\/\",\"name\":\"NanoClean\",\"description\":\"\",\"publisher\":{\"@id\":\"https:\\\/\\\/nanoclean24.com\\\/de\\\/#organization\"},\"potentialAction\":[{\"@type\":\"SearchAction\",\"target\":{\"@type\":\"EntryPoint\",\"urlTemplate\":\"https:\\\/\\\/nanoclean24.com\\\/de\\\/?s={search_term_string}\"},\"query-input\":{\"@type\":\"PropertyValueSpecification\",\"valueRequired\":true,\"valueName\":\"search_term_string\"}}],\"inLanguage\":\"de\"},{\"@type\":\"Organization\",\"@id\":\"https:\\\/\\\/nanoclean24.com\\\/de\\\/#organization\",\"name\":\"NanoClean\",\"url\":\"https:\\\/\\\/nanoclean24.com\\\/de\\\/\",\"logo\":{\"@type\":\"ImageObject\",\"inLanguage\":\"de\",\"@id\":\"https:\\\/\\\/nanoclean24.com\\\/de\\\/#\\\/schema\\\/logo\\\/image\\\/\",\"url\":\"https:\\\/\\\/nanoclean24.com\\\/wp-content\\\/uploads\\\/2025\\\/07\\\/logo-2.jpg\",\"contentUrl\":\"https:\\\/\\\/nanoclean24.com\\\/wp-content\\\/uploads\\\/2025\\\/07\\\/logo-2.jpg\",\"width\":1068,\"height\":224,\"caption\":\"NanoClean\"},\"image\":{\"@id\":\"https:\\\/\\\/nanoclean24.com\\\/de\\\/#\\\/schema\\\/logo\\\/image\\\/\"}}]}<\/script>\n<!-- \/ Yoast SEO plugin. -->","yoast_head_json":{"title":"NANOCLEAN\u00ae AC8 HOME KATZE Reinigungs- und Desinfektionsfl\u00fcssigkeit in Spr\u00fchflasche 490ML - NANOCLEAN","robots":{"index":"index","follow":"follow","max-snippet":"max-snippet:-1","max-image-preview":"max-image-preview:large","max-video-preview":"max-video-preview:-1"},"canonical":"https:\/\/nanoclean24.com\/de\/produkte\/nanocleanac8-haus-fuer-katzen\/","og_locale":"de_DE","og_type":"article","og_title":"NANOCLEAN\u00ae AC8 HOME KATZE Reinigungs- und Desinfektionsfl\u00fcssigkeit in Spr\u00fchflasche 490ML - NANOCLEAN","og_description":"5in1: Reinigung, Erfrischung, Entr\u00e4ucherung, Desinfektion, Schutz \u2705 Sofortiger Geruchsneutralisierer: Entfernt alle unangenehmen Ger\u00fcche und l\u00e4sst die Umgebung Ihrer Katze frisch und angenehm. \u2705 Effektive Reinigung: Entfernt effektiv Schmutz, Haare und andere Verunreinigungen und h\u00e4lt das Bett, Spielzeug und andere Gegenst\u00e4nde sauber. \u2705 Entr\u00e4ucherung und Desinfektion: Die umfassende Formel erm\u00f6glicht eine vollst\u00e4ndige Entr\u00e4ucherung und Desinfektion in einem einzigen Prozess und eliminiert so biologische Gefahren. \u2705 Schimmelschutz: Schafft eine Schutzbarriere, die das Wachstum von Schimmel und Mikroorganismen verhindert und so f\u00fcr lang anhaltende Hygiene sorgt.","og_url":"https:\/\/nanoclean24.com\/de\/produkte\/nanocleanac8-haus-fuer-katzen\/","og_site_name":"NANOCLEAN","article_modified_time":"2025-10-24T10:14:19+00:00","og_image":[{"width":900,"height":900,"url":"https:\/\/nanoclean24.com\/wp-content\/uploads\/2025\/07\/ac8-kot.webp","type":"image\/webp"}],"twitter_card":"summary_large_image","twitter_misc":{"Gesch\u00e4tzte Lesezeit":"2\u00a0Minuten"},"schema":{"@context":"https:\/\/schema.org","@graph":[{"@type":"WebPage","@id":"https:\/\/nanoclean24.com\/de\/produkte\/nanocleanac8-haus-fuer-katzen\/","url":"https:\/\/nanoclean24.com\/de\/produkte\/nanocleanac8-haus-fuer-katzen\/","name":"NANOCLEAN\u00ae AC8 HOME KATZE Reinigungs- und Desinfektionsfl\u00fcssigkeit in Spr\u00fchflasche 490ML - NANOCLEAN","isPartOf":{"@id":"https:\/\/nanoclean24.com\/de\/#website"},"primaryImageOfPage":{"@id":"https:\/\/nanoclean24.com\/de\/produkte\/nanocleanac8-haus-fuer-katzen\/#primaryimage"},"image":{"@id":"https:\/\/nanoclean24.com\/de\/produkte\/nanocleanac8-haus-fuer-katzen\/#primaryimage"},"thumbnailUrl":"https:\/\/nanoclean24.com\/wp-content\/uploads\/2025\/07\/ac8-kot.webp","datePublished":"2025-07-20T08:14:15+00:00","dateModified":"2025-10-24T10:14:19+00:00","breadcrumb":{"@id":"https:\/\/nanoclean24.com\/de\/produkte\/nanocleanac8-haus-fuer-katzen\/#breadcrumb"},"inLanguage":"de","potentialAction":[{"@type":"ReadAction","target":["https:\/\/nanoclean24.com\/de\/produkte\/nanocleanac8-haus-fuer-katzen\/"]}]},{"@type":"ImageObject","inLanguage":"de","@id":"https:\/\/nanoclean24.com\/de\/produkte\/nanocleanac8-haus-fuer-katzen\/#primaryimage","url":"https:\/\/nanoclean24.com\/wp-content\/uploads\/2025\/07\/ac8-kot.webp","contentUrl":"https:\/\/nanoclean24.com\/wp-content\/uploads\/2025\/07\/ac8-kot.webp","width":900,"height":900},{"@type":"BreadcrumbList","@id":"https:\/\/nanoclean24.com\/de\/produkte\/nanocleanac8-haus-fuer-katzen\/#breadcrumb","itemListElement":[{"@type":"ListItem","position":1,"name":"Strona g\u0142\u00f3wna","item":"https:\/\/nanoclean24.com\/de\/"},{"@type":"ListItem","position":2,"name":"Shop","item":"https:\/\/nanoclean24.com\/de\/shop\/"},{"@type":"ListItem","position":3,"name":"NANOCLEAN\u00ae AC8 HOME KATZE Reinigungs- und Desinfektionsfl\u00fcssigkeit in Spr\u00fchflasche 490ML"}]},{"@type":"WebSite","@id":"https:\/\/nanoclean24.com\/de\/#website","url":"https:\/\/nanoclean24.com\/de\/","name":"NanoClean","description":"","publisher":{"@id":"https:\/\/nanoclean24.com\/de\/#organization"},"potentialAction":[{"@type":"SearchAction","target":{"@type":"EntryPoint","urlTemplate":"https:\/\/nanoclean24.com\/de\/?s={search_term_string}"},"query-input":{"@type":"PropertyValueSpecification","valueRequired":true,"valueName":"search_term_string"}}],"inLanguage":"de"},{"@type":"Organization","@id":"https:\/\/nanoclean24.com\/de\/#organization","name":"NanoClean","url":"https:\/\/nanoclean24.com\/de\/","logo":{"@type":"ImageObject","inLanguage":"de","@id":"https:\/\/nanoclean24.com\/de\/#\/schema\/logo\/image\/","url":"https:\/\/nanoclean24.com\/wp-content\/uploads\/2025\/07\/logo-2.jpg","contentUrl":"https:\/\/nanoclean24.com\/wp-content\/uploads\/2025\/07\/logo-2.jpg","width":1068,"height":224,"caption":"NanoClean"},"image":{"@id":"https:\/\/nanoclean24.com\/de\/#\/schema\/logo\/image\/"}}]}},"taxonomy_info":{"product_cat":[{"value":97,"label":"AC8 HOME"}]},"featured_image_src_large":["https:\/\/nanoclean24.com\/wp-content\/uploads\/2025\/07\/ac8-kot.webp",900,900,false],"author_info":[],"comment_info":"","_links":{"self":[{"href":"https:\/\/nanoclean24.com\/de\/wp-json\/wp\/v2\/product\/8310","targetHints":{"allow":["GET"]}}],"collection":[{"href":"https:\/\/nanoclean24.com\/de\/wp-json\/wp\/v2\/product"}],"about":[{"href":"https:\/\/nanoclean24.com\/de\/wp-json\/wp\/v2\/types\/product"}],"wp:featuredmedia":[{"embeddable":true,"href":"https:\/\/nanoclean24.com\/de\/wp-json\/wp\/v2\/media\/3193"}],"wp:attachment":[{"href":"https:\/\/nanoclean24.com\/de\/wp-json\/wp\/v2\/media?parent=8310"}],"wp:term":[{"taxonomy":"product_brand","embeddable":true,"href":"https:\/\/nanoclean24.com\/de\/wp-json\/wp\/v2\/product_brand?post=8310"},{"taxonomy":"product_cat","embeddable":true,"href":"https:\/\/nanoclean24.com\/de\/wp-json\/wp\/v2\/product_cat?post=8310"},{"taxonomy":"product_tag","embeddable":true,"href":"https:\/\/nanoclean24.com\/de\/wp-json\/wp\/v2\/product_tag?post=8310"}],"curies":[{"name":"wp","href":"https:\/\/api.w.org\/{rel}","templated":true}]}}