{"id":8283,"date":"2025-07-20T11:31:16","date_gmt":"2025-07-20T09:31:16","guid":{"rendered":"https:\/\/nanoclean24.com\/produkt\/eisschmelzer-3x-5kg\/"},"modified":"2025-07-20T11:31:16","modified_gmt":"2025-07-20T09:31:16","slug":"eisschmelzer-3x-5kg","status":"publish","type":"product","link":"https:\/\/nanoclean24.com\/de\/produkte\/eisschmelzer-3x-5kg\/","title":{"rendered":"Eisschmelzer 3x 5kg"},"content":{"rendered":"<h3><strong>Warum Nanoclean \u00ae Eisschmelzer w\u00e4hlen?<\/strong><\/h3>\n<p>Herk\u00f6mmliche Eisschmelzmittel, wie z. B. Steinsalz, k\u00f6nnen sehr sch\u00e4dlich f\u00fcr B\u00f6den, Wasserl\u00e4ufe und Pflanzen sein. Viele von ihnen sind au\u00dferdem stark korrosiv gegen\u00fcber Metallen und verlieren ihre Schmelzwirkung bereits bei -9 \u00b0C. Andere g\u00e4ngige Eisschmelzmittel k\u00f6nnen bei Menschen und Haustieren schwere Hautverbrennungen oder -ausschl\u00e4ge verursachen und bei N\u00e4sse rutschig sein.  <\/p>\n<p>Nanoclean\u00ae-Eisschmelzer enth\u00e4lt keine hohen Salzkonzentrationen, hat eine sehr geringe korrosive Wirkung und ist sicherer f\u00fcr Sie und die Umwelt. Im Gegensatz zu Kalziumchlorid wird Nanoclean\u00ae-Eisschmelzer bei N\u00e4sse nicht rutschig und verringert somit das Verletzungsrisiko bei St\u00fcrzen. Ob 0\u00b0C oder -27\u00b0C, Nanoclean\u00ae Ice Melter \u00fcbertrifft herk\u00f6mmliche Eisschmelzmittel in vielerlei Hinsicht.  <\/p>\n<p><img fetchpriority=\"high\" decoding=\"async\" class=\"alignnone size-full wp-image-3224\" src=\"https:\/\/nanoclean24.com\/wp-content\/uploads\/2025\/07\/icemelter-3.webp\" alt=\"\" width=\"1280\" height=\"773\" srcset=\"https:\/\/nanoclean24.com\/wp-content\/uploads\/2025\/07\/icemelter-3.webp 1280w, https:\/\/nanoclean24.com\/wp-content\/uploads\/2025\/07\/icemelter-3-300x181.webp 300w, https:\/\/nanoclean24.com\/wp-content\/uploads\/2025\/07\/icemelter-3-1024x618.webp 1024w, https:\/\/nanoclean24.com\/wp-content\/uploads\/2025\/07\/icemelter-3-768x464.webp 768w, https:\/\/nanoclean24.com\/wp-content\/uploads\/2025\/07\/icemelter-3-600x362.webp 600w\" sizes=\"(max-width: 1280px) 100vw, 1280px\" \/><\/p>\n<h3><strong>Leistung<\/strong><\/h3>\n<ul style=\"margin: 0px 0px 32px\">\n<li>1 kg Granulat reicht aus, um eine Fl\u00e4che von 10-15 m\u00b2 zu bedecken und bis zu 50 m\u00b2 Eis effektiv aufzutauen.<\/li>\n<\/ul>\n<h3><strong>Anwendung<\/strong><\/h3>\n<ol>\n<li>Verteilen Sie das Ice Melter-Granulat gleichm\u00e4\u00dfig auf einer gefrorenen Oberfl\u00e4che, wie z. B. einer Einfahrt, einem Gehweg, einem Parkplatz oder anderen Bereichen, die aufgetaut werden m\u00fcssen.<\/li>\n<li>Das Produkt beginnt in wenigen Minuten zu wirken und l\u00f6st Eis und Schnee dank seiner leistungsstarken Formel, die auch bei Temperaturen von bis zu -40 \u00b0C funktioniert, schnell auf.<\/li>\n<li>Bei einer besonders dicken Eisschicht oder extremen Witterungsbedingungen sollten Sie in Erw\u00e4gung ziehen, das Produkt erneut aufzutragen, um eine maximale Wirksamkeit zu erzielen.<\/li>\n<li>Das Granulat bleibt nach der Anwendung mehrere Tage lang aktiv und sorgt daf\u00fcr, dass die Oberfl\u00e4che nach dem Aufl\u00f6sen des Eises nicht schnell wieder gefriert.<img decoding=\"async\" class=\"alignnone size-full wp-image-3232\" src=\"https:\/\/nanoclean24.com\/wp-content\/uploads\/2025\/07\/icemelter-6.webp\" alt=\"\" width=\"1024\" height=\"768\" srcset=\"https:\/\/nanoclean24.com\/wp-content\/uploads\/2025\/07\/icemelter-6.webp 1024w, https:\/\/nanoclean24.com\/wp-content\/uploads\/2025\/07\/icemelter-6-300x225.webp 300w, https:\/\/nanoclean24.com\/wp-content\/uploads\/2025\/07\/icemelter-6-768x576.webp 768w, https:\/\/nanoclean24.com\/wp-content\/uploads\/2025\/07\/icemelter-6-600x450.webp 600w\" sizes=\"(max-width: 1024px) 100vw, 1024px\" \/><br \/>\n<h3><strong><span style=\"font-size: 19px\">Mit seiner hohen Leistung und seiner Umwelt- und Gehwegsicherheit ist der Eisschmelzer eine ausgezeichnete Wahl f\u00fcr den t\u00e4glichen Wintereinsatz.<\/span><\/strong><\/h3>\n<\/li>\n<\/ol>\n","protected":false},"excerpt":{"rendered":"<h3>Es ist ein Mittel zum Schmelzen von Eis<\/h3>\n<p><strong>\u2705<\/strong> L\u00f6st Eis <strong>schnell<\/strong> auf und funktioniert bis zu -40\u00b0C<\/p>\n<p><strong>\u2705 Widerstandsf\u00e4hig<\/strong> gegen Wiedereinfrieren<\/p>\n<p><strong>\u2705 Ben\u00f6tigt weniger<\/strong> Produkt als Steinsalz<\/p>\n<p>\u2705 <strong>Sanft<\/strong> zu Beton<\/p>\n<p>\u2705 <strong>Sicher f\u00fcr<\/strong> B\u00e4ume, Str\u00e4ucher und Vegetation<\/p>\n<p><strong>\u2705 L\u00e4ngere<\/strong> Haltbarkeitsdauer<\/p>\n<p><strong>\u2705 Biologisch abbaubar und ungiftig<\/strong> (sicherer f\u00fcr Fische und Haustiere)<\/p>\n","protected":false},"featured_media":3251,"template":"","meta":{"_kad_blocks_custom_css":"","_kad_blocks_head_custom_js":"","_kad_blocks_body_custom_js":"","_kad_blocks_footer_custom_js":"","_kad_post_transparent":"","_kad_post_title":"","_kad_post_layout":"","_kad_post_sidebar_id":"","_kad_post_content_style":"","_kad_post_vertical_padding":"","_kad_post_feature":"","_kad_post_feature_position":"","_kad_post_header":false,"_kad_post_footer":false,"_kad_post_classname":""},"product_brand":[],"product_cat":[127],"product_tag":[],"class_list":{"0":"post-8283","1":"product","2":"type-product","3":"status-publish","4":"has-post-thumbnail","6":"product_cat-ice-melter-de","8":"first","9":"instock","10":"taxable","11":"shipping-taxable","12":"purchasable","13":"product-type-simple","14":"entry","15":"content-bg","16":"loop-entry"},"yoast_head":"<!-- This site is optimized with the Yoast SEO plugin v27.2 - https:\/\/yoast.com\/product\/yoast-seo-wordpress\/ -->\n<title>Eisschmelzer 3x 5kg - NANOCLEAN<\/title>\n<meta name=\"robots\" content=\"index, follow, max-snippet:-1, max-image-preview:large, max-video-preview:-1\" \/>\n<link rel=\"canonical\" href=\"https:\/\/nanoclean24.com\/de\/produkte\/eisschmelzer-3x-5kg\/\" \/>\n<meta property=\"og:locale\" content=\"de_DE\" \/>\n<meta property=\"og:type\" content=\"article\" \/>\n<meta property=\"og:title\" content=\"Eisschmelzer 3x 5kg - NANOCLEAN\" \/>\n<meta property=\"og:description\" content=\"Es ist ein Mittel zum Schmelzen von Eis \u2705 L\u00f6st Eis schnell auf und funktioniert bis zu -40\u00b0C \u2705 Widerstandsf\u00e4hig gegen Wiedereinfrieren \u2705 Ben\u00f6tigt weniger Produkt als Steinsalz \u2705 Sanft zu Beton \u2705 Sicher f\u00fcr B\u00e4ume, Str\u00e4ucher und Vegetation \u2705 L\u00e4ngere Haltbarkeitsdauer \u2705 Biologisch abbaubar und ungiftig (sicherer f\u00fcr Fische und Haustiere)\" \/>\n<meta property=\"og:url\" content=\"https:\/\/nanoclean24.com\/de\/produkte\/eisschmelzer-3x-5kg\/\" \/>\n<meta property=\"og:site_name\" content=\"NANOCLEAN\" \/>\n<meta property=\"og:image\" content=\"https:\/\/nanoclean24.com\/wp-content\/uploads\/2025\/07\/3xmelter.webp\" \/>\n\t<meta property=\"og:image:width\" content=\"900\" \/>\n\t<meta property=\"og:image:height\" content=\"900\" \/>\n\t<meta property=\"og:image:type\" content=\"image\/webp\" \/>\n<meta name=\"twitter:card\" content=\"summary_large_image\" \/>\n<meta name=\"twitter:label1\" content=\"Gesch\u00e4tzte Lesezeit\" \/>\n\t<meta name=\"twitter:data1\" content=\"1\u00a0Minute\" \/>\n<script type=\"application\/ld+json\" class=\"yoast-schema-graph\">{\"@context\":\"https:\/\/schema.org\",\"@graph\":[{\"@type\":\"WebPage\",\"@id\":\"https:\/\/nanoclean24.com\/de\/produkte\/eisschmelzer-3x-5kg\/\",\"url\":\"https:\/\/nanoclean24.com\/de\/produkte\/eisschmelzer-3x-5kg\/\",\"name\":\"Eisschmelzer 3x 5kg - NANOCLEAN\",\"isPartOf\":{\"@id\":\"https:\/\/nanoclean24.com\/de\/#website\"},\"primaryImageOfPage\":{\"@id\":\"https:\/\/nanoclean24.com\/de\/produkte\/eisschmelzer-3x-5kg\/#primaryimage\"},\"image\":{\"@id\":\"https:\/\/nanoclean24.com\/de\/produkte\/eisschmelzer-3x-5kg\/#primaryimage\"},\"thumbnailUrl\":\"https:\/\/nanoclean24.com\/wp-content\/uploads\/2025\/07\/3xmelter.webp\",\"datePublished\":\"2025-07-20T09:31:16+00:00\",\"breadcrumb\":{\"@id\":\"https:\/\/nanoclean24.com\/de\/produkte\/eisschmelzer-3x-5kg\/#breadcrumb\"},\"inLanguage\":\"de\",\"potentialAction\":[{\"@type\":\"ReadAction\",\"target\":[\"https:\/\/nanoclean24.com\/de\/produkte\/eisschmelzer-3x-5kg\/\"]}]},{\"@type\":\"ImageObject\",\"inLanguage\":\"de\",\"@id\":\"https:\/\/nanoclean24.com\/de\/produkte\/eisschmelzer-3x-5kg\/#primaryimage\",\"url\":\"https:\/\/nanoclean24.com\/wp-content\/uploads\/2025\/07\/3xmelter.webp\",\"contentUrl\":\"https:\/\/nanoclean24.com\/wp-content\/uploads\/2025\/07\/3xmelter.webp\",\"width\":900,\"height\":900},{\"@type\":\"BreadcrumbList\",\"@id\":\"https:\/\/nanoclean24.com\/de\/produkte\/eisschmelzer-3x-5kg\/#breadcrumb\",\"itemListElement\":[{\"@type\":\"ListItem\",\"position\":1,\"name\":\"Strona g\u0142\u00f3wna\",\"item\":\"https:\/\/nanoclean24.com\/de\/\"},{\"@type\":\"ListItem\",\"position\":2,\"name\":\"Shop\",\"item\":\"https:\/\/nanoclean24.com\/de\/shop\/\"},{\"@type\":\"ListItem\",\"position\":3,\"name\":\"Eisschmelzer 3x 5kg\"}]},{\"@type\":\"WebSite\",\"@id\":\"https:\/\/nanoclean24.com\/de\/#website\",\"url\":\"https:\/\/nanoclean24.com\/de\/\",\"name\":\"NanoClean\",\"description\":\"\",\"publisher\":{\"@id\":\"https:\/\/nanoclean24.com\/de\/#organization\"},\"potentialAction\":[{\"@type\":\"SearchAction\",\"target\":{\"@type\":\"EntryPoint\",\"urlTemplate\":\"https:\/\/nanoclean24.com\/de\/?s={search_term_string}\"},\"query-input\":{\"@type\":\"PropertyValueSpecification\",\"valueRequired\":true,\"valueName\":\"search_term_string\"}}],\"inLanguage\":\"de\"},{\"@type\":\"Organization\",\"@id\":\"https:\/\/nanoclean24.com\/de\/#organization\",\"name\":\"NanoClean\",\"url\":\"https:\/\/nanoclean24.com\/de\/\",\"logo\":{\"@type\":\"ImageObject\",\"inLanguage\":\"de\",\"@id\":\"https:\/\/nanoclean24.com\/de\/#\/schema\/logo\/image\/\",\"url\":\"https:\/\/nanoclean24.com\/wp-content\/uploads\/2025\/07\/logo-2.jpg\",\"contentUrl\":\"https:\/\/nanoclean24.com\/wp-content\/uploads\/2025\/07\/logo-2.jpg\",\"width\":1068,\"height\":224,\"caption\":\"NanoClean\"},\"image\":{\"@id\":\"https:\/\/nanoclean24.com\/de\/#\/schema\/logo\/image\/\"}}]}<\/script>\n<!-- \/ Yoast SEO plugin. -->","yoast_head_json":{"title":"Eisschmelzer 3x 5kg - NANOCLEAN","robots":{"index":"index","follow":"follow","max-snippet":"max-snippet:-1","max-image-preview":"max-image-preview:large","max-video-preview":"max-video-preview:-1"},"canonical":"https:\/\/nanoclean24.com\/de\/produkte\/eisschmelzer-3x-5kg\/","og_locale":"de_DE","og_type":"article","og_title":"Eisschmelzer 3x 5kg - NANOCLEAN","og_description":"Es ist ein Mittel zum Schmelzen von Eis \u2705 L\u00f6st Eis schnell auf und funktioniert bis zu -40\u00b0C \u2705 Widerstandsf\u00e4hig gegen Wiedereinfrieren \u2705 Ben\u00f6tigt weniger Produkt als Steinsalz \u2705 Sanft zu Beton \u2705 Sicher f\u00fcr B\u00e4ume, Str\u00e4ucher und Vegetation \u2705 L\u00e4ngere Haltbarkeitsdauer \u2705 Biologisch abbaubar und ungiftig (sicherer f\u00fcr Fische und Haustiere)","og_url":"https:\/\/nanoclean24.com\/de\/produkte\/eisschmelzer-3x-5kg\/","og_site_name":"NANOCLEAN","og_image":[{"width":900,"height":900,"url":"https:\/\/nanoclean24.com\/wp-content\/uploads\/2025\/07\/3xmelter.webp","type":"image\/webp"}],"twitter_card":"summary_large_image","twitter_misc":{"Gesch\u00e4tzte Lesezeit":"1\u00a0Minute"},"schema":{"@context":"https:\/\/schema.org","@graph":[{"@type":"WebPage","@id":"https:\/\/nanoclean24.com\/de\/produkte\/eisschmelzer-3x-5kg\/","url":"https:\/\/nanoclean24.com\/de\/produkte\/eisschmelzer-3x-5kg\/","name":"Eisschmelzer 3x 5kg - NANOCLEAN","isPartOf":{"@id":"https:\/\/nanoclean24.com\/de\/#website"},"primaryImageOfPage":{"@id":"https:\/\/nanoclean24.com\/de\/produkte\/eisschmelzer-3x-5kg\/#primaryimage"},"image":{"@id":"https:\/\/nanoclean24.com\/de\/produkte\/eisschmelzer-3x-5kg\/#primaryimage"},"thumbnailUrl":"https:\/\/nanoclean24.com\/wp-content\/uploads\/2025\/07\/3xmelter.webp","datePublished":"2025-07-20T09:31:16+00:00","breadcrumb":{"@id":"https:\/\/nanoclean24.com\/de\/produkte\/eisschmelzer-3x-5kg\/#breadcrumb"},"inLanguage":"de","potentialAction":[{"@type":"ReadAction","target":["https:\/\/nanoclean24.com\/de\/produkte\/eisschmelzer-3x-5kg\/"]}]},{"@type":"ImageObject","inLanguage":"de","@id":"https:\/\/nanoclean24.com\/de\/produkte\/eisschmelzer-3x-5kg\/#primaryimage","url":"https:\/\/nanoclean24.com\/wp-content\/uploads\/2025\/07\/3xmelter.webp","contentUrl":"https:\/\/nanoclean24.com\/wp-content\/uploads\/2025\/07\/3xmelter.webp","width":900,"height":900},{"@type":"BreadcrumbList","@id":"https:\/\/nanoclean24.com\/de\/produkte\/eisschmelzer-3x-5kg\/#breadcrumb","itemListElement":[{"@type":"ListItem","position":1,"name":"Strona g\u0142\u00f3wna","item":"https:\/\/nanoclean24.com\/de\/"},{"@type":"ListItem","position":2,"name":"Shop","item":"https:\/\/nanoclean24.com\/de\/shop\/"},{"@type":"ListItem","position":3,"name":"Eisschmelzer 3x 5kg"}]},{"@type":"WebSite","@id":"https:\/\/nanoclean24.com\/de\/#website","url":"https:\/\/nanoclean24.com\/de\/","name":"NanoClean","description":"","publisher":{"@id":"https:\/\/nanoclean24.com\/de\/#organization"},"potentialAction":[{"@type":"SearchAction","target":{"@type":"EntryPoint","urlTemplate":"https:\/\/nanoclean24.com\/de\/?s={search_term_string}"},"query-input":{"@type":"PropertyValueSpecification","valueRequired":true,"valueName":"search_term_string"}}],"inLanguage":"de"},{"@type":"Organization","@id":"https:\/\/nanoclean24.com\/de\/#organization","name":"NanoClean","url":"https:\/\/nanoclean24.com\/de\/","logo":{"@type":"ImageObject","inLanguage":"de","@id":"https:\/\/nanoclean24.com\/de\/#\/schema\/logo\/image\/","url":"https:\/\/nanoclean24.com\/wp-content\/uploads\/2025\/07\/logo-2.jpg","contentUrl":"https:\/\/nanoclean24.com\/wp-content\/uploads\/2025\/07\/logo-2.jpg","width":1068,"height":224,"caption":"NanoClean"},"image":{"@id":"https:\/\/nanoclean24.com\/de\/#\/schema\/logo\/image\/"}}]}},"taxonomy_info":{"product_cat":[{"value":127,"label":"ICE MELTER"}]},"featured_image_src_large":["https:\/\/nanoclean24.com\/wp-content\/uploads\/2025\/07\/3xmelter.webp",900,900,false],"author_info":[],"comment_info":"","_links":{"self":[{"href":"https:\/\/nanoclean24.com\/de\/wp-json\/wp\/v2\/product\/8283","targetHints":{"allow":["GET"]}}],"collection":[{"href":"https:\/\/nanoclean24.com\/de\/wp-json\/wp\/v2\/product"}],"about":[{"href":"https:\/\/nanoclean24.com\/de\/wp-json\/wp\/v2\/types\/product"}],"wp:featuredmedia":[{"embeddable":true,"href":"https:\/\/nanoclean24.com\/de\/wp-json\/wp\/v2\/media\/3251"}],"wp:attachment":[{"href":"https:\/\/nanoclean24.com\/de\/wp-json\/wp\/v2\/media?parent=8283"}],"wp:term":[{"taxonomy":"product_brand","embeddable":true,"href":"https:\/\/nanoclean24.com\/de\/wp-json\/wp\/v2\/product_brand?post=8283"},{"taxonomy":"product_cat","embeddable":true,"href":"https:\/\/nanoclean24.com\/de\/wp-json\/wp\/v2\/product_cat?post=8283"},{"taxonomy":"product_tag","embeddable":true,"href":"https:\/\/nanoclean24.com\/de\/wp-json\/wp\/v2\/product_tag?post=8283"}],"curies":[{"name":"wp","href":"https:\/\/api.w.org\/{rel}","templated":true}]}}