{"id":8275,"date":"2025-07-19T21:53:08","date_gmt":"2025-07-19T19:53:08","guid":{"rendered":"https:\/\/nanoclean24.com\/produkt\/b12-kettenreiniger-ebike\/"},"modified":"2025-10-23T12:35:43","modified_gmt":"2025-10-23T10:35:43","slug":"b12-kettenreiniger-ebike","status":"publish","type":"product","link":"https:\/\/nanoclean24.com\/de\/produkte\/b12-kettenreiniger-ebike\/","title":{"rendered":"B11 EASY WIPE EBIKE 500ML"},"content":{"rendered":"<p>Entdecken Sie eine hochmoderne L\u00f6sung, um die perfekte Leistung Ihres Elektrofahrrads zu gew\u00e4hrleisten. Der B12 CHAIN CLEANER von EBIKE ist ein professionelles, ungiftiges Reinigungsmittel, das speziell f\u00fcr Elektrofahrr\u00e4der entwickelt wurde, um die sichere und effektive Entfernung von Fett, Wachs und \u00d6l von wichtigen Antriebskomponenten zu gew\u00e4hrleisten. <\/p>\n<h3><strong>\ud83d\udccb Gebrauchsanweisung<\/strong><\/h3>\n<ol>\n<li>Vor Gebrauch sch\u00fctteln.<\/li>\n<li>Bespr\u00fchen Sie die zu reinigende Fl\u00e4che oder tauchen Sie das verschmutzte Teil in eine Schale mit Fl\u00fcssigkeit.<\/li>\n<li>Wischen Sie nach ein paar Sekunden mit einem sauberen Tuch nach oder wischen Sie das zu reinigende Teil gr\u00fcndlich ab.<\/li>\n<li>Erledigt! Ihr Elektrofahrrad l\u00e4uft wieder wie neu. <\/li>\n<\/ol>\n<p>Setzen Sie auf Qualit\u00e4t, setzen Sie auf B12 CHAIN CLEANER EBIKE &#8211; Premium-Reinigung f\u00fcr Elektrofahrr\u00e4der. Pflegen Sie Ihren Antrieb und machen Sie Ihre Fahrt noch angenehmer und sicherer! <\/p>\n","protected":false},"excerpt":{"rendered":"<h3>Premium-Sauberkeit f\u00fcr Ihr Elektrofahrrad<\/h3>\n<p>\u2705<strong> Moderne Formel:<\/strong> Basierend auf einer innovativen, nicht brennbaren und ungiftigen Technologie, bietet es eine effektive Reinigung ohne Risiko f\u00fcr Sie oder Ihr Fahrrad.<\/p>\n<p><strong>\u2705 Wirksamkeit:<\/strong> Entfernt hervorragend hartn\u00e4ckigen Schmutz, Fett, Wachs und \u00d6l und sorgt so f\u00fcr perfekte Sauberkeit der Fahrradantriebe.<\/p>\n<p>\u2705 <strong>Sicher und einfach in der Anwendung:<\/strong> Dank seiner langsamen Verdunstung gew\u00e4hrleistet es eine sichere Anwendung unter allen Bedingungen. Ideal f\u00fcr die Reinigung von Ketten, Ritzeln, Lagern, Achsen und Schaltwerken. <\/p>\n<p>\u2705<strong> Mehrzweckeinsatz:<\/strong> Kann sowohl zum Spr\u00fchen als auch zum Eintauchen verschmutzter Teile in die Fl\u00fcssigkeit verwendet werden, was bequem und effizient ist.<\/p>\n","protected":false},"featured_media":3090,"template":"","meta":{"_kad_blocks_custom_css":"","_kad_blocks_head_custom_js":"","_kad_blocks_body_custom_js":"","_kad_blocks_footer_custom_js":"","_kad_post_transparent":"","_kad_post_title":"","_kad_post_layout":"","_kad_post_sidebar_id":"","_kad_post_content_style":"","_kad_post_vertical_padding":"","_kad_post_feature":"","_kad_post_feature_position":"","_kad_post_header":false,"_kad_post_footer":false,"_kad_post_classname":""},"product_brand":[],"product_cat":[112],"product_tag":[],"class_list":{"0":"post-8275","1":"product","2":"type-product","3":"status-publish","4":"has-post-thumbnail","6":"product_cat-bike-de","8":"first","9":"instock","10":"featured","11":"taxable","12":"shipping-taxable","13":"purchasable","14":"product-type-simple","15":"entry","16":"content-bg","17":"loop-entry"},"yoast_head":"<!-- This site is optimized with the Yoast SEO plugin v27.4 - https:\/\/yoast.com\/product\/yoast-seo-wordpress\/ -->\n<title>B11 EASY WIPE EBIKE 500ML - NANOCLEAN<\/title>\n<meta name=\"robots\" content=\"index, follow, max-snippet:-1, max-image-preview:large, max-video-preview:-1\" \/>\n<link rel=\"canonical\" href=\"https:\/\/nanoclean24.com\/de\/produkte\/b12-kettenreiniger-ebike\/\" \/>\n<meta property=\"og:locale\" content=\"de_DE\" \/>\n<meta property=\"og:type\" content=\"article\" \/>\n<meta property=\"og:title\" content=\"B11 EASY WIPE EBIKE 500ML - NANOCLEAN\" \/>\n<meta property=\"og:description\" content=\"Premium-Sauberkeit f\u00fcr Ihr Elektrofahrrad \u2705 Moderne Formel: Basierend auf einer innovativen, nicht brennbaren und ungiftigen Technologie, bietet es eine effektive Reinigung ohne Risiko f\u00fcr Sie oder Ihr Fahrrad. \u2705 Wirksamkeit: Entfernt hervorragend hartn\u00e4ckigen Schmutz, Fett, Wachs und \u00d6l und sorgt so f\u00fcr perfekte Sauberkeit der Fahrradantriebe. \u2705 Sicher und einfach in der Anwendung: Dank seiner langsamen Verdunstung gew\u00e4hrleistet es eine sichere Anwendung unter allen Bedingungen. Ideal f\u00fcr die Reinigung von Ketten, Ritzeln, Lagern, Achsen und Schaltwerken.  \u2705 Mehrzweckeinsatz: Kann sowohl zum Spr\u00fchen als auch zum Eintauchen verschmutzter Teile in die Fl\u00fcssigkeit verwendet werden, was bequem und effizient ist.\" \/>\n<meta property=\"og:url\" content=\"https:\/\/nanoclean24.com\/de\/produkte\/b12-kettenreiniger-ebike\/\" \/>\n<meta property=\"og:site_name\" content=\"NANOCLEAN\" \/>\n<meta property=\"article:modified_time\" content=\"2025-10-23T10:35:43+00:00\" \/>\n<meta property=\"og:image\" content=\"https:\/\/nanoclean24.com\/wp-content\/uploads\/2025\/07\/b12.jpg\" \/>\n\t<meta property=\"og:image:width\" content=\"1200\" \/>\n\t<meta property=\"og:image:height\" content=\"1200\" \/>\n\t<meta property=\"og:image:type\" content=\"image\/jpeg\" \/>\n<meta name=\"twitter:card\" content=\"summary_large_image\" \/>\n<meta name=\"twitter:label1\" content=\"Gesch\u00e4tzte Lesezeit\" \/>\n\t<meta name=\"twitter:data1\" content=\"1\u00a0Minute\" \/>\n<script type=\"application\/ld+json\" class=\"yoast-schema-graph\">{\"@context\":\"https:\\\/\\\/schema.org\",\"@graph\":[{\"@type\":\"WebPage\",\"@id\":\"https:\\\/\\\/nanoclean24.com\\\/de\\\/produkte\\\/b12-kettenreiniger-ebike\\\/\",\"url\":\"https:\\\/\\\/nanoclean24.com\\\/de\\\/produkte\\\/b12-kettenreiniger-ebike\\\/\",\"name\":\"B11 EASY WIPE EBIKE 500ML - NANOCLEAN\",\"isPartOf\":{\"@id\":\"https:\\\/\\\/nanoclean24.com\\\/de\\\/#website\"},\"primaryImageOfPage\":{\"@id\":\"https:\\\/\\\/nanoclean24.com\\\/de\\\/produkte\\\/b12-kettenreiniger-ebike\\\/#primaryimage\"},\"image\":{\"@id\":\"https:\\\/\\\/nanoclean24.com\\\/de\\\/produkte\\\/b12-kettenreiniger-ebike\\\/#primaryimage\"},\"thumbnailUrl\":\"https:\\\/\\\/nanoclean24.com\\\/wp-content\\\/uploads\\\/2025\\\/07\\\/b12.jpg\",\"datePublished\":\"2025-07-19T19:53:08+00:00\",\"dateModified\":\"2025-10-23T10:35:43+00:00\",\"breadcrumb\":{\"@id\":\"https:\\\/\\\/nanoclean24.com\\\/de\\\/produkte\\\/b12-kettenreiniger-ebike\\\/#breadcrumb\"},\"inLanguage\":\"de\",\"potentialAction\":[{\"@type\":\"ReadAction\",\"target\":[\"https:\\\/\\\/nanoclean24.com\\\/de\\\/produkte\\\/b12-kettenreiniger-ebike\\\/\"]}]},{\"@type\":\"ImageObject\",\"inLanguage\":\"de\",\"@id\":\"https:\\\/\\\/nanoclean24.com\\\/de\\\/produkte\\\/b12-kettenreiniger-ebike\\\/#primaryimage\",\"url\":\"https:\\\/\\\/nanoclean24.com\\\/wp-content\\\/uploads\\\/2025\\\/07\\\/b12.jpg\",\"contentUrl\":\"https:\\\/\\\/nanoclean24.com\\\/wp-content\\\/uploads\\\/2025\\\/07\\\/b12.jpg\",\"width\":1200,\"height\":1200},{\"@type\":\"BreadcrumbList\",\"@id\":\"https:\\\/\\\/nanoclean24.com\\\/de\\\/produkte\\\/b12-kettenreiniger-ebike\\\/#breadcrumb\",\"itemListElement\":[{\"@type\":\"ListItem\",\"position\":1,\"name\":\"Strona g\u0142\u00f3wna\",\"item\":\"https:\\\/\\\/nanoclean24.com\\\/de\\\/\"},{\"@type\":\"ListItem\",\"position\":2,\"name\":\"Shop\",\"item\":\"https:\\\/\\\/nanoclean24.com\\\/de\\\/shop\\\/\"},{\"@type\":\"ListItem\",\"position\":3,\"name\":\"B11 EASY WIPE EBIKE 500ML\"}]},{\"@type\":\"WebSite\",\"@id\":\"https:\\\/\\\/nanoclean24.com\\\/de\\\/#website\",\"url\":\"https:\\\/\\\/nanoclean24.com\\\/de\\\/\",\"name\":\"NanoClean\",\"description\":\"\",\"publisher\":{\"@id\":\"https:\\\/\\\/nanoclean24.com\\\/de\\\/#organization\"},\"potentialAction\":[{\"@type\":\"SearchAction\",\"target\":{\"@type\":\"EntryPoint\",\"urlTemplate\":\"https:\\\/\\\/nanoclean24.com\\\/de\\\/?s={search_term_string}\"},\"query-input\":{\"@type\":\"PropertyValueSpecification\",\"valueRequired\":true,\"valueName\":\"search_term_string\"}}],\"inLanguage\":\"de\"},{\"@type\":\"Organization\",\"@id\":\"https:\\\/\\\/nanoclean24.com\\\/de\\\/#organization\",\"name\":\"NanoClean\",\"url\":\"https:\\\/\\\/nanoclean24.com\\\/de\\\/\",\"logo\":{\"@type\":\"ImageObject\",\"inLanguage\":\"de\",\"@id\":\"https:\\\/\\\/nanoclean24.com\\\/de\\\/#\\\/schema\\\/logo\\\/image\\\/\",\"url\":\"https:\\\/\\\/nanoclean24.com\\\/wp-content\\\/uploads\\\/2025\\\/07\\\/logo-2.jpg\",\"contentUrl\":\"https:\\\/\\\/nanoclean24.com\\\/wp-content\\\/uploads\\\/2025\\\/07\\\/logo-2.jpg\",\"width\":1068,\"height\":224,\"caption\":\"NanoClean\"},\"image\":{\"@id\":\"https:\\\/\\\/nanoclean24.com\\\/de\\\/#\\\/schema\\\/logo\\\/image\\\/\"}}]}<\/script>\n<!-- \/ Yoast SEO plugin. -->","yoast_head_json":{"title":"B11 EASY WIPE EBIKE 500ML - NANOCLEAN","robots":{"index":"index","follow":"follow","max-snippet":"max-snippet:-1","max-image-preview":"max-image-preview:large","max-video-preview":"max-video-preview:-1"},"canonical":"https:\/\/nanoclean24.com\/de\/produkte\/b12-kettenreiniger-ebike\/","og_locale":"de_DE","og_type":"article","og_title":"B11 EASY WIPE EBIKE 500ML - NANOCLEAN","og_description":"Premium-Sauberkeit f\u00fcr Ihr Elektrofahrrad \u2705 Moderne Formel: Basierend auf einer innovativen, nicht brennbaren und ungiftigen Technologie, bietet es eine effektive Reinigung ohne Risiko f\u00fcr Sie oder Ihr Fahrrad. \u2705 Wirksamkeit: Entfernt hervorragend hartn\u00e4ckigen Schmutz, Fett, Wachs und \u00d6l und sorgt so f\u00fcr perfekte Sauberkeit der Fahrradantriebe. \u2705 Sicher und einfach in der Anwendung: Dank seiner langsamen Verdunstung gew\u00e4hrleistet es eine sichere Anwendung unter allen Bedingungen. Ideal f\u00fcr die Reinigung von Ketten, Ritzeln, Lagern, Achsen und Schaltwerken.  \u2705 Mehrzweckeinsatz: Kann sowohl zum Spr\u00fchen als auch zum Eintauchen verschmutzter Teile in die Fl\u00fcssigkeit verwendet werden, was bequem und effizient ist.","og_url":"https:\/\/nanoclean24.com\/de\/produkte\/b12-kettenreiniger-ebike\/","og_site_name":"NANOCLEAN","article_modified_time":"2025-10-23T10:35:43+00:00","og_image":[{"width":1200,"height":1200,"url":"https:\/\/nanoclean24.com\/wp-content\/uploads\/2025\/07\/b12.jpg","type":"image\/jpeg"}],"twitter_card":"summary_large_image","twitter_misc":{"Gesch\u00e4tzte Lesezeit":"1\u00a0Minute"},"schema":{"@context":"https:\/\/schema.org","@graph":[{"@type":"WebPage","@id":"https:\/\/nanoclean24.com\/de\/produkte\/b12-kettenreiniger-ebike\/","url":"https:\/\/nanoclean24.com\/de\/produkte\/b12-kettenreiniger-ebike\/","name":"B11 EASY WIPE EBIKE 500ML - NANOCLEAN","isPartOf":{"@id":"https:\/\/nanoclean24.com\/de\/#website"},"primaryImageOfPage":{"@id":"https:\/\/nanoclean24.com\/de\/produkte\/b12-kettenreiniger-ebike\/#primaryimage"},"image":{"@id":"https:\/\/nanoclean24.com\/de\/produkte\/b12-kettenreiniger-ebike\/#primaryimage"},"thumbnailUrl":"https:\/\/nanoclean24.com\/wp-content\/uploads\/2025\/07\/b12.jpg","datePublished":"2025-07-19T19:53:08+00:00","dateModified":"2025-10-23T10:35:43+00:00","breadcrumb":{"@id":"https:\/\/nanoclean24.com\/de\/produkte\/b12-kettenreiniger-ebike\/#breadcrumb"},"inLanguage":"de","potentialAction":[{"@type":"ReadAction","target":["https:\/\/nanoclean24.com\/de\/produkte\/b12-kettenreiniger-ebike\/"]}]},{"@type":"ImageObject","inLanguage":"de","@id":"https:\/\/nanoclean24.com\/de\/produkte\/b12-kettenreiniger-ebike\/#primaryimage","url":"https:\/\/nanoclean24.com\/wp-content\/uploads\/2025\/07\/b12.jpg","contentUrl":"https:\/\/nanoclean24.com\/wp-content\/uploads\/2025\/07\/b12.jpg","width":1200,"height":1200},{"@type":"BreadcrumbList","@id":"https:\/\/nanoclean24.com\/de\/produkte\/b12-kettenreiniger-ebike\/#breadcrumb","itemListElement":[{"@type":"ListItem","position":1,"name":"Strona g\u0142\u00f3wna","item":"https:\/\/nanoclean24.com\/de\/"},{"@type":"ListItem","position":2,"name":"Shop","item":"https:\/\/nanoclean24.com\/de\/shop\/"},{"@type":"ListItem","position":3,"name":"B11 EASY WIPE EBIKE 500ML"}]},{"@type":"WebSite","@id":"https:\/\/nanoclean24.com\/de\/#website","url":"https:\/\/nanoclean24.com\/de\/","name":"NanoClean","description":"","publisher":{"@id":"https:\/\/nanoclean24.com\/de\/#organization"},"potentialAction":[{"@type":"SearchAction","target":{"@type":"EntryPoint","urlTemplate":"https:\/\/nanoclean24.com\/de\/?s={search_term_string}"},"query-input":{"@type":"PropertyValueSpecification","valueRequired":true,"valueName":"search_term_string"}}],"inLanguage":"de"},{"@type":"Organization","@id":"https:\/\/nanoclean24.com\/de\/#organization","name":"NanoClean","url":"https:\/\/nanoclean24.com\/de\/","logo":{"@type":"ImageObject","inLanguage":"de","@id":"https:\/\/nanoclean24.com\/de\/#\/schema\/logo\/image\/","url":"https:\/\/nanoclean24.com\/wp-content\/uploads\/2025\/07\/logo-2.jpg","contentUrl":"https:\/\/nanoclean24.com\/wp-content\/uploads\/2025\/07\/logo-2.jpg","width":1068,"height":224,"caption":"NanoClean"},"image":{"@id":"https:\/\/nanoclean24.com\/de\/#\/schema\/logo\/image\/"}}]}},"taxonomy_info":{"product_cat":[{"value":112,"label":"BICYCLE"}]},"featured_image_src_large":["https:\/\/nanoclean24.com\/wp-content\/uploads\/2025\/07\/b12-1024x1024.jpg",1024,1024,true],"author_info":[],"comment_info":"","_links":{"self":[{"href":"https:\/\/nanoclean24.com\/de\/wp-json\/wp\/v2\/product\/8275","targetHints":{"allow":["GET"]}}],"collection":[{"href":"https:\/\/nanoclean24.com\/de\/wp-json\/wp\/v2\/product"}],"about":[{"href":"https:\/\/nanoclean24.com\/de\/wp-json\/wp\/v2\/types\/product"}],"wp:featuredmedia":[{"embeddable":true,"href":"https:\/\/nanoclean24.com\/de\/wp-json\/wp\/v2\/media\/3090"}],"wp:attachment":[{"href":"https:\/\/nanoclean24.com\/de\/wp-json\/wp\/v2\/media?parent=8275"}],"wp:term":[{"taxonomy":"product_brand","embeddable":true,"href":"https:\/\/nanoclean24.com\/de\/wp-json\/wp\/v2\/product_brand?post=8275"},{"taxonomy":"product_cat","embeddable":true,"href":"https:\/\/nanoclean24.com\/de\/wp-json\/wp\/v2\/product_cat?post=8275"},{"taxonomy":"product_tag","embeddable":true,"href":"https:\/\/nanoclean24.com\/de\/wp-json\/wp\/v2\/product_tag?post=8275"}],"curies":[{"name":"wp","href":"https:\/\/api.w.org\/{rel}","templated":true}]}}