{"id":8204,"date":"2025-09-26T10:19:39","date_gmt":"2025-09-26T08:19:39","guid":{"rendered":"https:\/\/nanoclean24.com\/produkt\/z31-cockpitpro\/"},"modified":"2025-09-26T10:19:39","modified_gmt":"2025-09-26T08:19:39","slug":"z31-cockpitpro","status":"publish","type":"product","link":"https:\/\/nanoclean24.com\/de\/produkte\/z31-cockpitpro\/","title":{"rendered":"Z31 COCKPITPRO"},"content":{"rendered":"<p>Entdecken Sie ein neues Ma\u00df an Sauberkeit und Komfort mit Z31 COCKPITPRO &#8211; einer speziellen Formel f\u00fcr Wohnmobile und Nutzfahrzeuge. Unsere Formel wurde entwickelt, um den Innenraum Ihres Fahrzeugs effektiv zu reinigen, zu erneuern und zu pflegen und ihm ein nat\u00fcrliches, neues Aussehen zu verleihen. Mit Z31 erh\u00e4lt der Innenraum Ihres Wohnmobils ein frisches Aussehen und einen angenehmen Duft, der Sie auf jeder Reise begleitet.  <\/p>\n<h3><strong>Wie wird es verwendet?<\/strong><\/h3>\n<ol>\n<li>Tr\u00e4nken Sie ein Mikrofasertuch mit Z31 COCKPITPRO oder spr\u00fchen Sie es direkt auf die zu reinigende Oberfl\u00e4che.<\/li>\n<li>Wischen Sie die Oberfl\u00e4che vorsichtig ab und achten Sie darauf, das Produkt gleichm\u00e4\u00dfig zu verteilen.<\/li>\n<li>Bei st\u00e4rkeren Verschmutzungen empfiehlt es sich, vorher Z31 COCKPITPRO zu verwenden, um die Oberfl\u00e4che f\u00fcr die weitere Behandlung vorzubereiten.<\/li>\n<\/ol>\n<p>Z31 COCKPITPRO ist die ideale Wahl f\u00fcr jeden Wohnmobilbesitzer, der den Innenraum seines Fahrzeugs in einem ausgezeichneten Zustand halten m\u00f6chte, um ihm ein frisches Aussehen und einen lang anhaltenden Schutz zu verleihen. Vertrauen Sie auf moderne Reinigungs- und Pflegetechnik &#8211; Ihr Wohnmobil verdient die beste Pflege. <\/p>\n","protected":false},"excerpt":{"rendered":"<h3>Premium-Vorbereitung f\u00fcr die Pflege des Caravan-Cockpits<\/h3>\n<p>\u2705 S <strong>auberkeit und Pflege in einem:<\/strong> Z31 entfernt effektiv Staub, Schmutz und Flecken von Cockpit, Armaturenbrett, Mittelkonsole, T\u00fcren und anderen Kunststoffoberfl\u00e4chen und pflegt deren Aussehen.<\/p>\n<p><strong>\u2705 Wiederherstellung und Schutz:<\/strong> Das Produkt entfernt nicht nur Schmutz, sondern beseitigt auch wirksam kleinere Kratzer und gibt den Oberfl\u00e4chen ihren urspr\u00fcnglichen Glanz zur\u00fcck.<\/p>\n<p>\u2705<strong> Sicher und einfach in der Anwendung:<\/strong> Es kann ohne Angst vor Besch\u00e4digung der Oberfl\u00e4che verwendet werden &#8211; es ist sicher f\u00fcr die Kunststoffteile des Wohnmobilinnenraums. Tragen Sie das Produkt einfach auf die Mikrofaser oder direkt auf die Oberfl\u00e4che auf, um schnell ein zufriedenstellendes Ergebnis zu erzielen. <\/p>\n<p>\u2705 <strong>Angenehmer Duft:<\/strong> Das Produkt hinterl\u00e4sst im Innenraum des Wohnmobils einen zarten, frischen Duft, der lange anh\u00e4lt und zum Komfort w\u00e4hrend der Fahrt beitr\u00e4gt.<\/p>\n","protected":false},"featured_media":2977,"template":"","meta":{"_kad_blocks_custom_css":"","_kad_blocks_head_custom_js":"","_kad_blocks_body_custom_js":"","_kad_blocks_footer_custom_js":"","_kad_post_transparent":"","_kad_post_title":"","_kad_post_layout":"","_kad_post_sidebar_id":"","_kad_post_content_style":"","_kad_post_vertical_padding":"","_kad_post_feature":"","_kad_post_feature_position":"","_kad_post_header":false,"_kad_post_footer":false,"_kad_post_classname":""},"product_brand":[],"product_cat":[115],"product_tag":[],"class_list":{"0":"post-8204","1":"product","2":"type-product","3":"status-publish","4":"has-post-thumbnail","6":"product_cat-camper-de","8":"first","9":"outofstock","10":"taxable","11":"shipping-taxable","12":"product-type-simple","13":"entry","14":"content-bg","15":"loop-entry"},"yoast_head":"<!-- This site is optimized with the Yoast SEO plugin v27.4 - https:\/\/yoast.com\/product\/yoast-seo-wordpress\/ -->\n<title>Z31 COCKPITPRO - NANOCLEAN<\/title>\n<meta name=\"robots\" content=\"index, follow, max-snippet:-1, max-image-preview:large, max-video-preview:-1\" \/>\n<link rel=\"canonical\" href=\"https:\/\/nanoclean24.com\/de\/produkte\/z31-cockpitpro\/\" \/>\n<meta property=\"og:locale\" content=\"de_DE\" \/>\n<meta property=\"og:type\" content=\"article\" \/>\n<meta property=\"og:title\" content=\"Z31 COCKPITPRO - NANOCLEAN\" \/>\n<meta property=\"og:description\" content=\"Premium-Vorbereitung f\u00fcr die Pflege des Caravan-Cockpits \u2705 S auberkeit und Pflege in einem: Z31 entfernt effektiv Staub, Schmutz und Flecken von Cockpit, Armaturenbrett, Mittelkonsole, T\u00fcren und anderen Kunststoffoberfl\u00e4chen und pflegt deren Aussehen. \u2705 Wiederherstellung und Schutz: Das Produkt entfernt nicht nur Schmutz, sondern beseitigt auch wirksam kleinere Kratzer und gibt den Oberfl\u00e4chen ihren urspr\u00fcnglichen Glanz zur\u00fcck. \u2705 Sicher und einfach in der Anwendung: Es kann ohne Angst vor Besch\u00e4digung der Oberfl\u00e4che verwendet werden - es ist sicher f\u00fcr die Kunststoffteile des Wohnmobilinnenraums. Tragen Sie das Produkt einfach auf die Mikrofaser oder direkt auf die Oberfl\u00e4che auf, um schnell ein zufriedenstellendes Ergebnis zu erzielen.  \u2705 Angenehmer Duft: Das Produkt hinterl\u00e4sst im Innenraum des Wohnmobils einen zarten, frischen Duft, der lange anh\u00e4lt und zum Komfort w\u00e4hrend der Fahrt beitr\u00e4gt.\" \/>\n<meta property=\"og:url\" content=\"https:\/\/nanoclean24.com\/de\/produkte\/z31-cockpitpro\/\" \/>\n<meta property=\"og:site_name\" content=\"NANOCLEAN\" \/>\n<meta property=\"og:image\" content=\"https:\/\/nanoclean24.com\/wp-content\/uploads\/2025\/07\/z31.jpg\" \/>\n\t<meta property=\"og:image:width\" content=\"1200\" \/>\n\t<meta property=\"og:image:height\" content=\"1200\" \/>\n\t<meta property=\"og:image:type\" content=\"image\/jpeg\" \/>\n<meta name=\"twitter:card\" content=\"summary_large_image\" \/>\n<meta name=\"twitter:label1\" content=\"Gesch\u00e4tzte Lesezeit\" \/>\n\t<meta name=\"twitter:data1\" content=\"1\u00a0Minute\" \/>\n<script type=\"application\/ld+json\" class=\"yoast-schema-graph\">{\"@context\":\"https:\\\/\\\/schema.org\",\"@graph\":[{\"@type\":\"WebPage\",\"@id\":\"https:\\\/\\\/nanoclean24.com\\\/de\\\/produkte\\\/z31-cockpitpro\\\/\",\"url\":\"https:\\\/\\\/nanoclean24.com\\\/de\\\/produkte\\\/z31-cockpitpro\\\/\",\"name\":\"Z31 COCKPITPRO - NANOCLEAN\",\"isPartOf\":{\"@id\":\"https:\\\/\\\/nanoclean24.com\\\/de\\\/#website\"},\"primaryImageOfPage\":{\"@id\":\"https:\\\/\\\/nanoclean24.com\\\/de\\\/produkte\\\/z31-cockpitpro\\\/#primaryimage\"},\"image\":{\"@id\":\"https:\\\/\\\/nanoclean24.com\\\/de\\\/produkte\\\/z31-cockpitpro\\\/#primaryimage\"},\"thumbnailUrl\":\"https:\\\/\\\/nanoclean24.com\\\/wp-content\\\/uploads\\\/2025\\\/07\\\/z31.jpg\",\"datePublished\":\"2025-09-26T08:19:39+00:00\",\"breadcrumb\":{\"@id\":\"https:\\\/\\\/nanoclean24.com\\\/de\\\/produkte\\\/z31-cockpitpro\\\/#breadcrumb\"},\"inLanguage\":\"de\",\"potentialAction\":[{\"@type\":\"ReadAction\",\"target\":[\"https:\\\/\\\/nanoclean24.com\\\/de\\\/produkte\\\/z31-cockpitpro\\\/\"]}]},{\"@type\":\"ImageObject\",\"inLanguage\":\"de\",\"@id\":\"https:\\\/\\\/nanoclean24.com\\\/de\\\/produkte\\\/z31-cockpitpro\\\/#primaryimage\",\"url\":\"https:\\\/\\\/nanoclean24.com\\\/wp-content\\\/uploads\\\/2025\\\/07\\\/z31.jpg\",\"contentUrl\":\"https:\\\/\\\/nanoclean24.com\\\/wp-content\\\/uploads\\\/2025\\\/07\\\/z31.jpg\",\"width\":1200,\"height\":1200},{\"@type\":\"BreadcrumbList\",\"@id\":\"https:\\\/\\\/nanoclean24.com\\\/de\\\/produkte\\\/z31-cockpitpro\\\/#breadcrumb\",\"itemListElement\":[{\"@type\":\"ListItem\",\"position\":1,\"name\":\"Strona g\u0142\u00f3wna\",\"item\":\"https:\\\/\\\/nanoclean24.com\\\/de\\\/\"},{\"@type\":\"ListItem\",\"position\":2,\"name\":\"Shop\",\"item\":\"https:\\\/\\\/nanoclean24.com\\\/de\\\/shop\\\/\"},{\"@type\":\"ListItem\",\"position\":3,\"name\":\"Z31 COCKPITPRO\"}]},{\"@type\":\"WebSite\",\"@id\":\"https:\\\/\\\/nanoclean24.com\\\/de\\\/#website\",\"url\":\"https:\\\/\\\/nanoclean24.com\\\/de\\\/\",\"name\":\"NanoClean\",\"description\":\"\",\"publisher\":{\"@id\":\"https:\\\/\\\/nanoclean24.com\\\/de\\\/#organization\"},\"potentialAction\":[{\"@type\":\"SearchAction\",\"target\":{\"@type\":\"EntryPoint\",\"urlTemplate\":\"https:\\\/\\\/nanoclean24.com\\\/de\\\/?s={search_term_string}\"},\"query-input\":{\"@type\":\"PropertyValueSpecification\",\"valueRequired\":true,\"valueName\":\"search_term_string\"}}],\"inLanguage\":\"de\"},{\"@type\":\"Organization\",\"@id\":\"https:\\\/\\\/nanoclean24.com\\\/de\\\/#organization\",\"name\":\"NanoClean\",\"url\":\"https:\\\/\\\/nanoclean24.com\\\/de\\\/\",\"logo\":{\"@type\":\"ImageObject\",\"inLanguage\":\"de\",\"@id\":\"https:\\\/\\\/nanoclean24.com\\\/de\\\/#\\\/schema\\\/logo\\\/image\\\/\",\"url\":\"https:\\\/\\\/nanoclean24.com\\\/wp-content\\\/uploads\\\/2025\\\/07\\\/logo-2.jpg\",\"contentUrl\":\"https:\\\/\\\/nanoclean24.com\\\/wp-content\\\/uploads\\\/2025\\\/07\\\/logo-2.jpg\",\"width\":1068,\"height\":224,\"caption\":\"NanoClean\"},\"image\":{\"@id\":\"https:\\\/\\\/nanoclean24.com\\\/de\\\/#\\\/schema\\\/logo\\\/image\\\/\"}}]}<\/script>\n<!-- \/ Yoast SEO plugin. -->","yoast_head_json":{"title":"Z31 COCKPITPRO - NANOCLEAN","robots":{"index":"index","follow":"follow","max-snippet":"max-snippet:-1","max-image-preview":"max-image-preview:large","max-video-preview":"max-video-preview:-1"},"canonical":"https:\/\/nanoclean24.com\/de\/produkte\/z31-cockpitpro\/","og_locale":"de_DE","og_type":"article","og_title":"Z31 COCKPITPRO - NANOCLEAN","og_description":"Premium-Vorbereitung f\u00fcr die Pflege des Caravan-Cockpits \u2705 S auberkeit und Pflege in einem: Z31 entfernt effektiv Staub, Schmutz und Flecken von Cockpit, Armaturenbrett, Mittelkonsole, T\u00fcren und anderen Kunststoffoberfl\u00e4chen und pflegt deren Aussehen. \u2705 Wiederherstellung und Schutz: Das Produkt entfernt nicht nur Schmutz, sondern beseitigt auch wirksam kleinere Kratzer und gibt den Oberfl\u00e4chen ihren urspr\u00fcnglichen Glanz zur\u00fcck. \u2705 Sicher und einfach in der Anwendung: Es kann ohne Angst vor Besch\u00e4digung der Oberfl\u00e4che verwendet werden - es ist sicher f\u00fcr die Kunststoffteile des Wohnmobilinnenraums. Tragen Sie das Produkt einfach auf die Mikrofaser oder direkt auf die Oberfl\u00e4che auf, um schnell ein zufriedenstellendes Ergebnis zu erzielen.  \u2705 Angenehmer Duft: Das Produkt hinterl\u00e4sst im Innenraum des Wohnmobils einen zarten, frischen Duft, der lange anh\u00e4lt und zum Komfort w\u00e4hrend der Fahrt beitr\u00e4gt.","og_url":"https:\/\/nanoclean24.com\/de\/produkte\/z31-cockpitpro\/","og_site_name":"NANOCLEAN","og_image":[{"width":1200,"height":1200,"url":"https:\/\/nanoclean24.com\/wp-content\/uploads\/2025\/07\/z31.jpg","type":"image\/jpeg"}],"twitter_card":"summary_large_image","twitter_misc":{"Gesch\u00e4tzte Lesezeit":"1\u00a0Minute"},"schema":{"@context":"https:\/\/schema.org","@graph":[{"@type":"WebPage","@id":"https:\/\/nanoclean24.com\/de\/produkte\/z31-cockpitpro\/","url":"https:\/\/nanoclean24.com\/de\/produkte\/z31-cockpitpro\/","name":"Z31 COCKPITPRO - NANOCLEAN","isPartOf":{"@id":"https:\/\/nanoclean24.com\/de\/#website"},"primaryImageOfPage":{"@id":"https:\/\/nanoclean24.com\/de\/produkte\/z31-cockpitpro\/#primaryimage"},"image":{"@id":"https:\/\/nanoclean24.com\/de\/produkte\/z31-cockpitpro\/#primaryimage"},"thumbnailUrl":"https:\/\/nanoclean24.com\/wp-content\/uploads\/2025\/07\/z31.jpg","datePublished":"2025-09-26T08:19:39+00:00","breadcrumb":{"@id":"https:\/\/nanoclean24.com\/de\/produkte\/z31-cockpitpro\/#breadcrumb"},"inLanguage":"de","potentialAction":[{"@type":"ReadAction","target":["https:\/\/nanoclean24.com\/de\/produkte\/z31-cockpitpro\/"]}]},{"@type":"ImageObject","inLanguage":"de","@id":"https:\/\/nanoclean24.com\/de\/produkte\/z31-cockpitpro\/#primaryimage","url":"https:\/\/nanoclean24.com\/wp-content\/uploads\/2025\/07\/z31.jpg","contentUrl":"https:\/\/nanoclean24.com\/wp-content\/uploads\/2025\/07\/z31.jpg","width":1200,"height":1200},{"@type":"BreadcrumbList","@id":"https:\/\/nanoclean24.com\/de\/produkte\/z31-cockpitpro\/#breadcrumb","itemListElement":[{"@type":"ListItem","position":1,"name":"Strona g\u0142\u00f3wna","item":"https:\/\/nanoclean24.com\/de\/"},{"@type":"ListItem","position":2,"name":"Shop","item":"https:\/\/nanoclean24.com\/de\/shop\/"},{"@type":"ListItem","position":3,"name":"Z31 COCKPITPRO"}]},{"@type":"WebSite","@id":"https:\/\/nanoclean24.com\/de\/#website","url":"https:\/\/nanoclean24.com\/de\/","name":"NanoClean","description":"","publisher":{"@id":"https:\/\/nanoclean24.com\/de\/#organization"},"potentialAction":[{"@type":"SearchAction","target":{"@type":"EntryPoint","urlTemplate":"https:\/\/nanoclean24.com\/de\/?s={search_term_string}"},"query-input":{"@type":"PropertyValueSpecification","valueRequired":true,"valueName":"search_term_string"}}],"inLanguage":"de"},{"@type":"Organization","@id":"https:\/\/nanoclean24.com\/de\/#organization","name":"NanoClean","url":"https:\/\/nanoclean24.com\/de\/","logo":{"@type":"ImageObject","inLanguage":"de","@id":"https:\/\/nanoclean24.com\/de\/#\/schema\/logo\/image\/","url":"https:\/\/nanoclean24.com\/wp-content\/uploads\/2025\/07\/logo-2.jpg","contentUrl":"https:\/\/nanoclean24.com\/wp-content\/uploads\/2025\/07\/logo-2.jpg","width":1068,"height":224,"caption":"NanoClean"},"image":{"@id":"https:\/\/nanoclean24.com\/de\/#\/schema\/logo\/image\/"}}]}},"taxonomy_info":{"product_cat":[{"value":115,"label":"CAMPER"}]},"featured_image_src_large":["https:\/\/nanoclean24.com\/wp-content\/uploads\/2025\/07\/z31-1024x1024.jpg",1024,1024,true],"author_info":[],"comment_info":"","_links":{"self":[{"href":"https:\/\/nanoclean24.com\/de\/wp-json\/wp\/v2\/product\/8204","targetHints":{"allow":["GET"]}}],"collection":[{"href":"https:\/\/nanoclean24.com\/de\/wp-json\/wp\/v2\/product"}],"about":[{"href":"https:\/\/nanoclean24.com\/de\/wp-json\/wp\/v2\/types\/product"}],"wp:featuredmedia":[{"embeddable":true,"href":"https:\/\/nanoclean24.com\/de\/wp-json\/wp\/v2\/media\/2977"}],"wp:attachment":[{"href":"https:\/\/nanoclean24.com\/de\/wp-json\/wp\/v2\/media?parent=8204"}],"wp:term":[{"taxonomy":"product_brand","embeddable":true,"href":"https:\/\/nanoclean24.com\/de\/wp-json\/wp\/v2\/product_brand?post=8204"},{"taxonomy":"product_cat","embeddable":true,"href":"https:\/\/nanoclean24.com\/de\/wp-json\/wp\/v2\/product_cat?post=8204"},{"taxonomy":"product_tag","embeddable":true,"href":"https:\/\/nanoclean24.com\/de\/wp-json\/wp\/v2\/product_tag?post=8204"}],"curies":[{"name":"wp","href":"https:\/\/api.w.org\/{rel}","templated":true}]}}