{"id":8177,"date":"2025-10-28T16:04:48","date_gmt":"2025-10-28T15:04:48","guid":{"rendered":"https:\/\/nanoclean24.com\/produkt\/nanoclean-air-20l-zitrusfruechte\/"},"modified":"2025-10-28T16:04:49","modified_gmt":"2025-10-28T15:04:49","slug":"nanoclean-air-20l-zitrusfruechte","status":"publish","type":"product","link":"https:\/\/nanoclean24.com\/de\/produkte\/nanoclean-air-20l-zitrusfruechte\/","title":{"rendered":"NANOCLEAN\u00ae AIR 20l Zitrusfr\u00fcchte"},"content":{"rendered":"\n<p>Das einzige Produkt auf dem Markt f\u00fcr die Reinigung, Auffrischung, Entrauchung und Desinfektion von Verdampfern und Kondensatoren von Klimaanlagen und anderen Klimaanlagen<br\/>und k\u00e4ltetechnischen HVAC-Ger\u00e4ten mit einem VOLLEN BIOBODIFIZIERENDEN SPECTRE in bis zu 15 Minuten.<br\/>Entfernt wirksam alle Verunreinigungen, die die Qualit\u00e4t der Luft selbst beeintr\u00e4chtigen k\u00f6nnen. Hinterl\u00e4sst einen erfrischenden Duft.<\/p>\n\n<p><strong>REINIGUNG, KLIMAANLAGEN-ERFRISCHUNG<\/strong><\/p>\n\n<ul class=\"wp-block-list\">\n<li>Entfernt effektiv alle Verunreinigungen, die die Luftqualit\u00e4t selbst beeintr\u00e4chtigen k\u00f6nnen.<\/li>\n\n\n\n<li>Beseitigt dauerhaft unangenehmen Pilzgeruch und muffigen Feuchtigkeitsgeruch.<\/li>\n\n\n\n<li>Materialvertr\u00e4glich \u2013 das gebrauchsfertige Pr\u00e4parat ist sicher f\u00fcr die meisten Metalle, lackierten Oberfl\u00e4chen, Gummis, Kunststoffe und Textilien.<\/li>\n\n\n\n<li>Nach dem Verdunsten hinterl\u00e4sst es eine trockene und saubere, staubabweisende Oberfl\u00e4che.<\/li>\n<\/ul>\n\n<p><strong>KLIMAANLAGEN-DESINFEKTION UND -REINIGUNG <\/strong><\/p>\n\n<ul class=\"wp-block-list\">\n<li>Das einzige Pr\u00e4parat mit VOLLEM BIOZIDEN SPEKTRUM (Viren, Bakterien, Pilze, Mykobakterien, Sporen in bis zu 15 Minuten).<\/li>\n\n\n\n<li>Entfernt <em>Legionella pneumophila<\/em> in 1 Minute.<\/li>\n\n\n\n<li>Die Wirksamkeit wurde gem\u00e4\u00df den europ\u00e4ischen Normen getestet:<br\/>EN1040, EN13727, EN1276, EN13697, EN13623, EN1275, EN1650, EN14476, EN13704, EN14348.<\/li>\n\n\n\n<li>Zulassung als Biozidprodukt Nr. 7406\/18.<\/li>\n\n\n\n<li>PZH-Zertifikat Nr. B.BK.60112.0333.2023.<\/li>\n\n\n\n<li>Neuer Sicherheitsstandard gegen \u00fcber die Luft \u00fcbertragene Infektionen und Ansteckungen.<\/li>\n<\/ul>\n\n<p><strong>ZEITERSPARNIS<\/strong><\/p>\n\n<ul class=\"wp-block-list\">\n<li>Reinigt, erfrischt, entpilzt, desinfiziert, sch\u00fctzt.<\/li>\n<\/ul>\n\n<p><strong>KUNDENZUFRIEDENHEIT<\/strong><\/p>\n\n<ul class=\"wp-block-list\">\n<li>Angenehmer, langanhaltender Duft.<\/li>\n\n\n\n<li>Kein Brandrisiko bei der Lagerung \u2013 nicht brennbares Produkt auf Wasserbasis.<\/li>\n\n\n\n<li>Enth\u00e4lt keine S\u00e4uren, Phenole (gef\u00e4hrlich f\u00fcr Schwangere, Tiere) sowie organische L\u00f6sungsmittel.<\/li>\n\n\n\n<li>Volle Kundenzufriedenheit \u2013 keine Reklamationen.<\/li>\n<\/ul>\n\n<p>Biozidprodukte sollten mit Vorsicht verwendet werden. Lesen Sie vor jeder Anwendung das Etikett und die Produktinformationen. <\/p>\n","protected":false},"excerpt":{"rendered":"<p>Das einzige Produkt auf dem Markt f\u00fcr die Reinigung, Auffrischung, Entrauchung und Desinfektion von Verdampfern und Kondensatoren von Klimaanlagen und anderen Klimaanlagenund k\u00e4ltetechnischen HVAC-Ger\u00e4ten mit einem VOLLEN BIOBODIFIZIERENDEN SPECTRE in bis zu 15 Minuten.Entfernt wirksam alle Verunreinigungen, die die Qualit\u00e4t der Luft selbst beeintr\u00e4chtigen k\u00f6nnen. Hinterl\u00e4sst einen erfrischenden Duft. REINIGUNG, KLIMAANLAGEN-ERFRISCHUNG KLIMAANLAGEN-DESINFEKTION UND -REINIGUNG ZEITERSPARNIS&#8230;<\/p>\n","protected":false},"featured_media":13976,"template":"","meta":{"_kad_blocks_custom_css":"","_kad_blocks_head_custom_js":"","_kad_blocks_body_custom_js":"","_kad_blocks_footer_custom_js":"","_kad_post_transparent":"","_kad_post_title":"","_kad_post_layout":"","_kad_post_sidebar_id":"","_kad_post_content_style":"","_kad_post_vertical_padding":"","_kad_post_feature":"","_kad_post_feature_position":"","_kad_post_header":false,"_kad_post_footer":false,"_kad_post_classname":""},"product_brand":[],"product_cat":[122],"product_tag":[],"class_list":{"0":"post-8177","1":"product","2":"type-product","3":"status-publish","4":"has-post-thumbnail","6":"product_cat-hvac-de","8":"first","9":"outofstock","10":"taxable","11":"shipping-taxable","12":"purchasable","13":"product-type-simple","14":"entry","15":"content-bg","16":"loop-entry"},"yoast_head":"<!-- This site is optimized with the Yoast SEO plugin v27.4 - https:\/\/yoast.com\/product\/yoast-seo-wordpress\/ -->\n<title>NANOCLEAN\u00ae AIR 20l Zitrusfr\u00fcchte - NANOCLEAN<\/title>\n<meta name=\"robots\" content=\"index, follow, max-snippet:-1, max-image-preview:large, max-video-preview:-1\" \/>\n<link rel=\"canonical\" href=\"https:\/\/nanoclean24.com\/de\/produkte\/nanoclean-air-20l-zitrusfruechte\/\" \/>\n<meta property=\"og:locale\" content=\"de_DE\" \/>\n<meta property=\"og:type\" content=\"article\" \/>\n<meta property=\"og:title\" content=\"NANOCLEAN\u00ae AIR 20l Zitrusfr\u00fcchte - NANOCLEAN\" \/>\n<meta property=\"og:description\" content=\"Das einzige Produkt auf dem Markt f\u00fcr die Reinigung, Auffrischung, Entrauchung und Desinfektion von Verdampfern und Kondensatoren von Klimaanlagen und anderen Klimaanlagenund k\u00e4ltetechnischen HVAC-Ger\u00e4ten mit einem VOLLEN BIOBODIFIZIERENDEN SPECTRE in bis zu 15 Minuten.Entfernt wirksam alle Verunreinigungen, die die Qualit\u00e4t der Luft selbst beeintr\u00e4chtigen k\u00f6nnen. Hinterl\u00e4sst einen erfrischenden Duft. REINIGUNG, KLIMAANLAGEN-ERFRISCHUNG KLIMAANLAGEN-DESINFEKTION UND -REINIGUNG ZEITERSPARNIS...\" \/>\n<meta property=\"og:url\" content=\"https:\/\/nanoclean24.com\/de\/produkte\/nanoclean-air-20l-zitrusfruechte\/\" \/>\n<meta property=\"og:site_name\" content=\"NANOCLEAN\" \/>\n<meta property=\"article:modified_time\" content=\"2025-10-28T15:04:49+00:00\" \/>\n<meta name=\"twitter:card\" content=\"summary_large_image\" \/>\n<meta name=\"twitter:label1\" content=\"Gesch\u00e4tzte Lesezeit\" \/>\n\t<meta name=\"twitter:data1\" content=\"1\u00a0Minute\" \/>\n<script type=\"application\/ld+json\" class=\"yoast-schema-graph\">{\"@context\":\"https:\\\/\\\/schema.org\",\"@graph\":[{\"@type\":\"WebPage\",\"@id\":\"https:\\\/\\\/nanoclean24.com\\\/de\\\/produkte\\\/nanoclean-air-20l-zitrusfruechte\\\/\",\"url\":\"https:\\\/\\\/nanoclean24.com\\\/de\\\/produkte\\\/nanoclean-air-20l-zitrusfruechte\\\/\",\"name\":\"NANOCLEAN\u00ae AIR 20l Zitrusfr\u00fcchte - NANOCLEAN\",\"isPartOf\":{\"@id\":\"https:\\\/\\\/nanoclean24.com\\\/de\\\/#website\"},\"primaryImageOfPage\":{\"@id\":\"https:\\\/\\\/nanoclean24.com\\\/de\\\/produkte\\\/nanoclean-air-20l-zitrusfruechte\\\/#primaryimage\"},\"image\":{\"@id\":\"https:\\\/\\\/nanoclean24.com\\\/de\\\/produkte\\\/nanoclean-air-20l-zitrusfruechte\\\/#primaryimage\"},\"thumbnailUrl\":\"https:\\\/\\\/nanoclean24.com\\\/wp-content\\\/uploads\\\/2025\\\/10\\\/20l-granatowe1.png\",\"datePublished\":\"2025-10-28T15:04:48+00:00\",\"dateModified\":\"2025-10-28T15:04:49+00:00\",\"breadcrumb\":{\"@id\":\"https:\\\/\\\/nanoclean24.com\\\/de\\\/produkte\\\/nanoclean-air-20l-zitrusfruechte\\\/#breadcrumb\"},\"inLanguage\":\"de\",\"potentialAction\":[{\"@type\":\"ReadAction\",\"target\":[\"https:\\\/\\\/nanoclean24.com\\\/de\\\/produkte\\\/nanoclean-air-20l-zitrusfruechte\\\/\"]}]},{\"@type\":\"ImageObject\",\"inLanguage\":\"de\",\"@id\":\"https:\\\/\\\/nanoclean24.com\\\/de\\\/produkte\\\/nanoclean-air-20l-zitrusfruechte\\\/#primaryimage\",\"url\":\"https:\\\/\\\/nanoclean24.com\\\/wp-content\\\/uploads\\\/2025\\\/10\\\/20l-granatowe1.png\",\"contentUrl\":\"https:\\\/\\\/nanoclean24.com\\\/wp-content\\\/uploads\\\/2025\\\/10\\\/20l-granatowe1.png\",\"width\":2048,\"height\":2048},{\"@type\":\"BreadcrumbList\",\"@id\":\"https:\\\/\\\/nanoclean24.com\\\/de\\\/produkte\\\/nanoclean-air-20l-zitrusfruechte\\\/#breadcrumb\",\"itemListElement\":[{\"@type\":\"ListItem\",\"position\":1,\"name\":\"Strona g\u0142\u00f3wna\",\"item\":\"https:\\\/\\\/nanoclean24.com\\\/de\\\/\"},{\"@type\":\"ListItem\",\"position\":2,\"name\":\"Shop\",\"item\":\"https:\\\/\\\/nanoclean24.com\\\/de\\\/shop\\\/\"},{\"@type\":\"ListItem\",\"position\":3,\"name\":\"NANOCLEAN\u00ae AIR 20l Zitrusfr\u00fcchte\"}]},{\"@type\":\"WebSite\",\"@id\":\"https:\\\/\\\/nanoclean24.com\\\/de\\\/#website\",\"url\":\"https:\\\/\\\/nanoclean24.com\\\/de\\\/\",\"name\":\"NanoClean\",\"description\":\"\",\"publisher\":{\"@id\":\"https:\\\/\\\/nanoclean24.com\\\/de\\\/#organization\"},\"potentialAction\":[{\"@type\":\"SearchAction\",\"target\":{\"@type\":\"EntryPoint\",\"urlTemplate\":\"https:\\\/\\\/nanoclean24.com\\\/de\\\/?s={search_term_string}\"},\"query-input\":{\"@type\":\"PropertyValueSpecification\",\"valueRequired\":true,\"valueName\":\"search_term_string\"}}],\"inLanguage\":\"de\"},{\"@type\":\"Organization\",\"@id\":\"https:\\\/\\\/nanoclean24.com\\\/de\\\/#organization\",\"name\":\"NanoClean\",\"url\":\"https:\\\/\\\/nanoclean24.com\\\/de\\\/\",\"logo\":{\"@type\":\"ImageObject\",\"inLanguage\":\"de\",\"@id\":\"https:\\\/\\\/nanoclean24.com\\\/de\\\/#\\\/schema\\\/logo\\\/image\\\/\",\"url\":\"https:\\\/\\\/nanoclean24.com\\\/wp-content\\\/uploads\\\/2025\\\/07\\\/logo-2.jpg\",\"contentUrl\":\"https:\\\/\\\/nanoclean24.com\\\/wp-content\\\/uploads\\\/2025\\\/07\\\/logo-2.jpg\",\"width\":1068,\"height\":224,\"caption\":\"NanoClean\"},\"image\":{\"@id\":\"https:\\\/\\\/nanoclean24.com\\\/de\\\/#\\\/schema\\\/logo\\\/image\\\/\"}}]}<\/script>\n<!-- \/ Yoast SEO plugin. -->","yoast_head_json":{"title":"NANOCLEAN\u00ae AIR 20l Zitrusfr\u00fcchte - NANOCLEAN","robots":{"index":"index","follow":"follow","max-snippet":"max-snippet:-1","max-image-preview":"max-image-preview:large","max-video-preview":"max-video-preview:-1"},"canonical":"https:\/\/nanoclean24.com\/de\/produkte\/nanoclean-air-20l-zitrusfruechte\/","og_locale":"de_DE","og_type":"article","og_title":"NANOCLEAN\u00ae AIR 20l Zitrusfr\u00fcchte - NANOCLEAN","og_description":"Das einzige Produkt auf dem Markt f\u00fcr die Reinigung, Auffrischung, Entrauchung und Desinfektion von Verdampfern und Kondensatoren von Klimaanlagen und anderen Klimaanlagenund k\u00e4ltetechnischen HVAC-Ger\u00e4ten mit einem VOLLEN BIOBODIFIZIERENDEN SPECTRE in bis zu 15 Minuten.Entfernt wirksam alle Verunreinigungen, die die Qualit\u00e4t der Luft selbst beeintr\u00e4chtigen k\u00f6nnen. Hinterl\u00e4sst einen erfrischenden Duft. REINIGUNG, KLIMAANLAGEN-ERFRISCHUNG KLIMAANLAGEN-DESINFEKTION UND -REINIGUNG ZEITERSPARNIS...","og_url":"https:\/\/nanoclean24.com\/de\/produkte\/nanoclean-air-20l-zitrusfruechte\/","og_site_name":"NANOCLEAN","article_modified_time":"2025-10-28T15:04:49+00:00","twitter_card":"summary_large_image","twitter_misc":{"Gesch\u00e4tzte Lesezeit":"1\u00a0Minute"},"schema":{"@context":"https:\/\/schema.org","@graph":[{"@type":"WebPage","@id":"https:\/\/nanoclean24.com\/de\/produkte\/nanoclean-air-20l-zitrusfruechte\/","url":"https:\/\/nanoclean24.com\/de\/produkte\/nanoclean-air-20l-zitrusfruechte\/","name":"NANOCLEAN\u00ae AIR 20l Zitrusfr\u00fcchte - NANOCLEAN","isPartOf":{"@id":"https:\/\/nanoclean24.com\/de\/#website"},"primaryImageOfPage":{"@id":"https:\/\/nanoclean24.com\/de\/produkte\/nanoclean-air-20l-zitrusfruechte\/#primaryimage"},"image":{"@id":"https:\/\/nanoclean24.com\/de\/produkte\/nanoclean-air-20l-zitrusfruechte\/#primaryimage"},"thumbnailUrl":"https:\/\/nanoclean24.com\/wp-content\/uploads\/2025\/10\/20l-granatowe1.png","datePublished":"2025-10-28T15:04:48+00:00","dateModified":"2025-10-28T15:04:49+00:00","breadcrumb":{"@id":"https:\/\/nanoclean24.com\/de\/produkte\/nanoclean-air-20l-zitrusfruechte\/#breadcrumb"},"inLanguage":"de","potentialAction":[{"@type":"ReadAction","target":["https:\/\/nanoclean24.com\/de\/produkte\/nanoclean-air-20l-zitrusfruechte\/"]}]},{"@type":"ImageObject","inLanguage":"de","@id":"https:\/\/nanoclean24.com\/de\/produkte\/nanoclean-air-20l-zitrusfruechte\/#primaryimage","url":"https:\/\/nanoclean24.com\/wp-content\/uploads\/2025\/10\/20l-granatowe1.png","contentUrl":"https:\/\/nanoclean24.com\/wp-content\/uploads\/2025\/10\/20l-granatowe1.png","width":2048,"height":2048},{"@type":"BreadcrumbList","@id":"https:\/\/nanoclean24.com\/de\/produkte\/nanoclean-air-20l-zitrusfruechte\/#breadcrumb","itemListElement":[{"@type":"ListItem","position":1,"name":"Strona g\u0142\u00f3wna","item":"https:\/\/nanoclean24.com\/de\/"},{"@type":"ListItem","position":2,"name":"Shop","item":"https:\/\/nanoclean24.com\/de\/shop\/"},{"@type":"ListItem","position":3,"name":"NANOCLEAN\u00ae AIR 20l Zitrusfr\u00fcchte"}]},{"@type":"WebSite","@id":"https:\/\/nanoclean24.com\/de\/#website","url":"https:\/\/nanoclean24.com\/de\/","name":"NanoClean","description":"","publisher":{"@id":"https:\/\/nanoclean24.com\/de\/#organization"},"potentialAction":[{"@type":"SearchAction","target":{"@type":"EntryPoint","urlTemplate":"https:\/\/nanoclean24.com\/de\/?s={search_term_string}"},"query-input":{"@type":"PropertyValueSpecification","valueRequired":true,"valueName":"search_term_string"}}],"inLanguage":"de"},{"@type":"Organization","@id":"https:\/\/nanoclean24.com\/de\/#organization","name":"NanoClean","url":"https:\/\/nanoclean24.com\/de\/","logo":{"@type":"ImageObject","inLanguage":"de","@id":"https:\/\/nanoclean24.com\/de\/#\/schema\/logo\/image\/","url":"https:\/\/nanoclean24.com\/wp-content\/uploads\/2025\/07\/logo-2.jpg","contentUrl":"https:\/\/nanoclean24.com\/wp-content\/uploads\/2025\/07\/logo-2.jpg","width":1068,"height":224,"caption":"NanoClean"},"image":{"@id":"https:\/\/nanoclean24.com\/de\/#\/schema\/logo\/image\/"}}]}},"taxonomy_info":{"product_cat":[{"value":122,"label":"HVAC PRO"}]},"featured_image_src_large":["https:\/\/nanoclean24.com\/wp-content\/uploads\/2025\/10\/20l-granatowe1-1024x1024.png",1024,1024,true],"author_info":[],"comment_info":"","_links":{"self":[{"href":"https:\/\/nanoclean24.com\/de\/wp-json\/wp\/v2\/product\/8177","targetHints":{"allow":["GET"]}}],"collection":[{"href":"https:\/\/nanoclean24.com\/de\/wp-json\/wp\/v2\/product"}],"about":[{"href":"https:\/\/nanoclean24.com\/de\/wp-json\/wp\/v2\/types\/product"}],"wp:featuredmedia":[{"embeddable":true,"href":"https:\/\/nanoclean24.com\/de\/wp-json\/wp\/v2\/media\/13976"}],"wp:attachment":[{"href":"https:\/\/nanoclean24.com\/de\/wp-json\/wp\/v2\/media?parent=8177"}],"wp:term":[{"taxonomy":"product_brand","embeddable":true,"href":"https:\/\/nanoclean24.com\/de\/wp-json\/wp\/v2\/product_brand?post=8177"},{"taxonomy":"product_cat","embeddable":true,"href":"https:\/\/nanoclean24.com\/de\/wp-json\/wp\/v2\/product_cat?post=8177"},{"taxonomy":"product_tag","embeddable":true,"href":"https:\/\/nanoclean24.com\/de\/wp-json\/wp\/v2\/product_tag?post=8177"}],"curies":[{"name":"wp","href":"https:\/\/api.w.org\/{rel}","templated":true}]}}