{"id":8130,"date":"2025-09-26T10:31:11","date_gmt":"2025-09-26T08:31:11","guid":{"rendered":"https:\/\/nanoclean24.com\/produkt\/nu807r-ac-waschen-rtu\/"},"modified":"2025-10-24T14:35:13","modified_gmt":"2025-10-24T12:35:13","slug":"nu807r-ac-waschen-rtu","status":"publish","type":"product","link":"https:\/\/nanoclean24.com\/de\/produkte\/nu807r-ac-waschen-rtu\/","title":{"rendered":"U807 AC WASH GEBRAUCHSFERTIG 500ML"},"content":{"rendered":"<p>Sorgen Sie mit NANOCLEAN AC WASH RTU f\u00fcr die Sauberkeit von Klimaanlagen im Innen- und Au\u00dfenbereich. Dieser gebrauchsfertige Reiniger auf der Basis nat\u00fcrlicher Zitrusextrakte wurde entwickelt, um Klimaanlagen im Innen- und Au\u00dfenbereich wirksam zu reinigen, ohne dass daf\u00fcr Wasser ben\u00f6tigt wird. Ideal f\u00fcr die Reinigung von Kondensatoren, Geh\u00e4usen, Ventilatoren, Verdampfern, Auffangwannen und anderen Komponenten von Klimaanlagen.  <\/p>\n<h3><strong>Ideal f\u00fcr den Einsatz bei<\/strong><\/h3>\n<p>Klimager\u00e4te f\u00fcr den Au\u00dfenbereich: Verfl\u00fcssiger, Geh\u00e4use, Ventilatoren und Kondensatpumpen.<br \/>\nKlimager\u00e4te f\u00fcr Innenr\u00e4ume: Verdampfer, Ventilatoren, Geh\u00e4use, Wannen und Entw\u00e4sserungssysteme.<\/p>\n<h3><strong>\ud83d\udccb Wie zu verwenden<\/strong><\/h3>\n<p>Anwendung: Spr\u00fchen Sie den Reiniger direkt auf die zu reinigende Oberfl\u00e4che.<br \/>\nWirkung: Lassen Sie das Produkt einige Minuten einwirken, um eine optimale Wirkung zu erzielen.<br \/>\nReinigung: Bei hartn\u00e4ckigen Flecken verwenden Sie eine B\u00fcrste, um die Oberfl\u00e4che zu schrubben.<br \/>\nAbsp\u00fclen (optional): Mit Wasser absp\u00fclen oder die Oberfl\u00e4che trocknen, falls erforderlich.<\/p>\n<h3><strong>Sicherheit und Umweltvorteile<\/strong><\/h3>\n<ul>\n<li>Biologisch abbaubar: Das Produkt zersetzt sich auf nat\u00fcrliche Weise und ist somit umweltfreundlich.<\/li>\n<li>Nicht korrosiv: Sicher f\u00fcr eine Vielzahl von Materialien, einschlie\u00dflich Metalle, Kunststoffe und Gewebe.<\/li>\n<li>Sichere Verwendung: Kontakt mit Augen und Haut vermeiden. Bei Kontakt gr\u00fcndlich mit Wasser absp\u00fclen. <\/li>\n<\/ul>\n<h3><strong>Produktspezifikationen<\/strong><\/h3>\n<p>Farbe: Transparent<br \/>\nGeruch: Leichter Zitrusduft<br \/>\npH-Wert: alkalisch<\/p>\n<h3><strong>Lagerung und Vorsichtsma\u00dfnahmen<\/strong><\/h3>\n<p>Lagerung: An einem k\u00fchlen, trockenen Ort, vor Hitze und direkter Sonneneinstrahlung gesch\u00fctzt lagern.<br \/>\nWarnhinweise: Kontakt mit Augen und Haut vermeiden. Bei Kontakt mit Wasser sp\u00fclen. <\/p>\n<p>NANOCLEAN AC WASH RTU ist die ideale L\u00f6sung, um Klimaanlagen in hervorragendem Zustand zu halten, ihre Leistung zu verbessern und eine saubere, frische Umgebung zu schaffen. Sicher, effektiv und gebrauchsfertig &#8211; ein Klimaanlagenreiniger, auf den Sie sich verlassen k\u00f6nnen! <\/p>\n","protected":false},"excerpt":{"rendered":"<h3>A\/C-Reiniger<\/h3>\n<p><strong>\u2705 Effektive Reinigungswirkung <\/strong>&#8211; Entfernt wirksam Schmutz, Fett, \u00d6le, Staub, Holzharz, Leimreste, Nikotinflecken und andere Verunreinigungen.<\/p>\n<p>\u2705 <strong>Mehrzweckanwendung<\/strong> &#8211; Hervorragend geeignet zur Entfernung von industriellen und lebensmittelbezogenen Verunreinigungen.<\/p>\n<p>\u2705 <strong>Gebrauchsfertig <\/strong>&#8211; keine Verd\u00fcnnung oder Wasser erforderlich. Es wird zwar empfohlen, nach der Anwendung mit Wasser zu sp\u00fclen, dies ist jedoch nicht erforderlich. <\/p>\n<p>\u2705 <strong>Antistatische Wirkung <\/strong>&#8211; H\u00e4lt die Oberfl\u00e4chen l\u00e4nger sauber, da sich kein Staub ansammelt.<\/p>\n<p>\u2705 <strong>Sicher f\u00fcr Metalle <\/strong>&#8211; Nicht korrosiv und sicher f\u00fcr Aluminium und unedle Metalle.<\/p>\n<p>\u2705 <strong>Biologisch abbaubar <\/strong>&#8211; Umweltfreundliche Formel, die <strong>biologisch abbaubar <\/strong> ist.<\/p>\n<p>\u2705 <strong>Oberfl\u00e4chenvertr\u00e4glichkeit <\/strong>&#8211; Sicher f\u00fcr eine Vielzahl von Oberfl\u00e4chen, einschlie\u00dflich Farbe, Kunststoffe, Kunststoffteile, Elastomere, Gewebe, Holz, Keramik und Metalle.<\/p>\n","protected":false},"featured_media":14553,"template":"","meta":{"_kad_blocks_custom_css":"","_kad_blocks_head_custom_js":"","_kad_blocks_body_custom_js":"","_kad_blocks_footer_custom_js":"","_kad_post_transparent":"","_kad_post_title":"","_kad_post_layout":"","_kad_post_sidebar_id":"","_kad_post_content_style":"","_kad_post_vertical_padding":"","_kad_post_feature":"","_kad_post_feature_position":"","_kad_post_header":false,"_kad_post_footer":false,"_kad_post_classname":""},"product_brand":[],"product_cat":[122],"product_tag":[],"class_list":{"0":"post-8130","1":"product","2":"type-product","3":"status-publish","4":"has-post-thumbnail","6":"product_cat-hvac-de","8":"first","9":"outofstock","10":"taxable","11":"shipping-taxable","12":"purchasable","13":"product-type-simple","14":"entry","15":"content-bg","16":"loop-entry"},"yoast_head":"<!-- This site is optimized with the Yoast SEO plugin v27.2 - https:\/\/yoast.com\/product\/yoast-seo-wordpress\/ -->\n<title>U807 AC WASH GEBRAUCHSFERTIG 500ML - NANOCLEAN<\/title>\n<meta name=\"robots\" content=\"index, follow, max-snippet:-1, max-image-preview:large, max-video-preview:-1\" \/>\n<link rel=\"canonical\" href=\"https:\/\/nanoclean24.com\/de\/produkte\/nu807r-ac-waschen-rtu\/\" \/>\n<meta property=\"og:locale\" content=\"de_DE\" \/>\n<meta property=\"og:type\" content=\"article\" \/>\n<meta property=\"og:title\" content=\"U807 AC WASH GEBRAUCHSFERTIG 500ML - NANOCLEAN\" \/>\n<meta property=\"og:description\" content=\"A\/C-Reiniger \u2705 Effektive Reinigungswirkung - Entfernt wirksam Schmutz, Fett, \u00d6le, Staub, Holzharz, Leimreste, Nikotinflecken und andere Verunreinigungen. \u2705 Mehrzweckanwendung - Hervorragend geeignet zur Entfernung von industriellen und lebensmittelbezogenen Verunreinigungen. \u2705 Gebrauchsfertig - keine Verd\u00fcnnung oder Wasser erforderlich. Es wird zwar empfohlen, nach der Anwendung mit Wasser zu sp\u00fclen, dies ist jedoch nicht erforderlich.  \u2705 Antistatische Wirkung - H\u00e4lt die Oberfl\u00e4chen l\u00e4nger sauber, da sich kein Staub ansammelt. \u2705 Sicher f\u00fcr Metalle - Nicht korrosiv und sicher f\u00fcr Aluminium und unedle Metalle. \u2705 Biologisch abbaubar - Umweltfreundliche Formel, die biologisch abbaubar ist. \u2705 Oberfl\u00e4chenvertr\u00e4glichkeit - Sicher f\u00fcr eine Vielzahl von Oberfl\u00e4chen, einschlie\u00dflich Farbe, Kunststoffe, Kunststoffteile, Elastomere, Gewebe, Holz, Keramik und Metalle.\" \/>\n<meta property=\"og:url\" content=\"https:\/\/nanoclean24.com\/de\/produkte\/nu807r-ac-waschen-rtu\/\" \/>\n<meta property=\"og:site_name\" content=\"NANOCLEAN\" \/>\n<meta property=\"article:modified_time\" content=\"2025-10-24T12:35:13+00:00\" \/>\n<meta property=\"og:image\" content=\"https:\/\/nanoclean24.com\/wp-content\/uploads\/2025\/09\/U807-3.png\" \/>\n\t<meta property=\"og:image:width\" content=\"1200\" \/>\n\t<meta property=\"og:image:height\" content=\"1200\" \/>\n\t<meta property=\"og:image:type\" content=\"image\/png\" \/>\n<meta name=\"twitter:card\" content=\"summary_large_image\" \/>\n<meta name=\"twitter:label1\" content=\"Gesch\u00e4tzte Lesezeit\" \/>\n\t<meta name=\"twitter:data1\" content=\"1\u00a0Minute\" \/>\n<script type=\"application\/ld+json\" class=\"yoast-schema-graph\">{\"@context\":\"https:\/\/schema.org\",\"@graph\":[{\"@type\":\"WebPage\",\"@id\":\"https:\/\/nanoclean24.com\/de\/produkte\/nu807r-ac-waschen-rtu\/\",\"url\":\"https:\/\/nanoclean24.com\/de\/produkte\/nu807r-ac-waschen-rtu\/\",\"name\":\"U807 AC WASH GEBRAUCHSFERTIG 500ML - NANOCLEAN\",\"isPartOf\":{\"@id\":\"https:\/\/nanoclean24.com\/de\/#website\"},\"primaryImageOfPage\":{\"@id\":\"https:\/\/nanoclean24.com\/de\/produkte\/nu807r-ac-waschen-rtu\/#primaryimage\"},\"image\":{\"@id\":\"https:\/\/nanoclean24.com\/de\/produkte\/nu807r-ac-waschen-rtu\/#primaryimage\"},\"thumbnailUrl\":\"https:\/\/nanoclean24.com\/wp-content\/uploads\/2025\/09\/U807-4.png\",\"datePublished\":\"2025-09-26T08:31:11+00:00\",\"dateModified\":\"2025-10-24T12:35:13+00:00\",\"breadcrumb\":{\"@id\":\"https:\/\/nanoclean24.com\/de\/produkte\/nu807r-ac-waschen-rtu\/#breadcrumb\"},\"inLanguage\":\"de\",\"potentialAction\":[{\"@type\":\"ReadAction\",\"target\":[\"https:\/\/nanoclean24.com\/de\/produkte\/nu807r-ac-waschen-rtu\/\"]}]},{\"@type\":\"ImageObject\",\"inLanguage\":\"de\",\"@id\":\"https:\/\/nanoclean24.com\/de\/produkte\/nu807r-ac-waschen-rtu\/#primaryimage\",\"url\":\"https:\/\/nanoclean24.com\/wp-content\/uploads\/2025\/09\/U807-4.png\",\"contentUrl\":\"https:\/\/nanoclean24.com\/wp-content\/uploads\/2025\/09\/U807-4.png\",\"width\":1200,\"height\":1200},{\"@type\":\"BreadcrumbList\",\"@id\":\"https:\/\/nanoclean24.com\/de\/produkte\/nu807r-ac-waschen-rtu\/#breadcrumb\",\"itemListElement\":[{\"@type\":\"ListItem\",\"position\":1,\"name\":\"Strona g\u0142\u00f3wna\",\"item\":\"https:\/\/nanoclean24.com\/de\/\"},{\"@type\":\"ListItem\",\"position\":2,\"name\":\"Shop\",\"item\":\"https:\/\/nanoclean24.com\/de\/shop\/\"},{\"@type\":\"ListItem\",\"position\":3,\"name\":\"U807 AC WASH GEBRAUCHSFERTIG 500ML\"}]},{\"@type\":\"WebSite\",\"@id\":\"https:\/\/nanoclean24.com\/de\/#website\",\"url\":\"https:\/\/nanoclean24.com\/de\/\",\"name\":\"NanoClean\",\"description\":\"\",\"publisher\":{\"@id\":\"https:\/\/nanoclean24.com\/de\/#organization\"},\"potentialAction\":[{\"@type\":\"SearchAction\",\"target\":{\"@type\":\"EntryPoint\",\"urlTemplate\":\"https:\/\/nanoclean24.com\/de\/?s={search_term_string}\"},\"query-input\":{\"@type\":\"PropertyValueSpecification\",\"valueRequired\":true,\"valueName\":\"search_term_string\"}}],\"inLanguage\":\"de\"},{\"@type\":\"Organization\",\"@id\":\"https:\/\/nanoclean24.com\/de\/#organization\",\"name\":\"NanoClean\",\"url\":\"https:\/\/nanoclean24.com\/de\/\",\"logo\":{\"@type\":\"ImageObject\",\"inLanguage\":\"de\",\"@id\":\"https:\/\/nanoclean24.com\/de\/#\/schema\/logo\/image\/\",\"url\":\"https:\/\/nanoclean24.com\/wp-content\/uploads\/2025\/07\/logo-2.jpg\",\"contentUrl\":\"https:\/\/nanoclean24.com\/wp-content\/uploads\/2025\/07\/logo-2.jpg\",\"width\":1068,\"height\":224,\"caption\":\"NanoClean\"},\"image\":{\"@id\":\"https:\/\/nanoclean24.com\/de\/#\/schema\/logo\/image\/\"}}]}<\/script>\n<!-- \/ Yoast SEO plugin. -->","yoast_head_json":{"title":"U807 AC WASH GEBRAUCHSFERTIG 500ML - NANOCLEAN","robots":{"index":"index","follow":"follow","max-snippet":"max-snippet:-1","max-image-preview":"max-image-preview:large","max-video-preview":"max-video-preview:-1"},"canonical":"https:\/\/nanoclean24.com\/de\/produkte\/nu807r-ac-waschen-rtu\/","og_locale":"de_DE","og_type":"article","og_title":"U807 AC WASH GEBRAUCHSFERTIG 500ML - NANOCLEAN","og_description":"A\/C-Reiniger \u2705 Effektive Reinigungswirkung - Entfernt wirksam Schmutz, Fett, \u00d6le, Staub, Holzharz, Leimreste, Nikotinflecken und andere Verunreinigungen. \u2705 Mehrzweckanwendung - Hervorragend geeignet zur Entfernung von industriellen und lebensmittelbezogenen Verunreinigungen. \u2705 Gebrauchsfertig - keine Verd\u00fcnnung oder Wasser erforderlich. Es wird zwar empfohlen, nach der Anwendung mit Wasser zu sp\u00fclen, dies ist jedoch nicht erforderlich.  \u2705 Antistatische Wirkung - H\u00e4lt die Oberfl\u00e4chen l\u00e4nger sauber, da sich kein Staub ansammelt. \u2705 Sicher f\u00fcr Metalle - Nicht korrosiv und sicher f\u00fcr Aluminium und unedle Metalle. \u2705 Biologisch abbaubar - Umweltfreundliche Formel, die biologisch abbaubar ist. \u2705 Oberfl\u00e4chenvertr\u00e4glichkeit - Sicher f\u00fcr eine Vielzahl von Oberfl\u00e4chen, einschlie\u00dflich Farbe, Kunststoffe, Kunststoffteile, Elastomere, Gewebe, Holz, Keramik und Metalle.","og_url":"https:\/\/nanoclean24.com\/de\/produkte\/nu807r-ac-waschen-rtu\/","og_site_name":"NANOCLEAN","article_modified_time":"2025-10-24T12:35:13+00:00","og_image":[{"width":1200,"height":1200,"url":"https:\/\/nanoclean24.com\/wp-content\/uploads\/2025\/09\/U807-3.png","type":"image\/png"}],"twitter_card":"summary_large_image","twitter_misc":{"Gesch\u00e4tzte Lesezeit":"1\u00a0Minute"},"schema":{"@context":"https:\/\/schema.org","@graph":[{"@type":"WebPage","@id":"https:\/\/nanoclean24.com\/de\/produkte\/nu807r-ac-waschen-rtu\/","url":"https:\/\/nanoclean24.com\/de\/produkte\/nu807r-ac-waschen-rtu\/","name":"U807 AC WASH GEBRAUCHSFERTIG 500ML - NANOCLEAN","isPartOf":{"@id":"https:\/\/nanoclean24.com\/de\/#website"},"primaryImageOfPage":{"@id":"https:\/\/nanoclean24.com\/de\/produkte\/nu807r-ac-waschen-rtu\/#primaryimage"},"image":{"@id":"https:\/\/nanoclean24.com\/de\/produkte\/nu807r-ac-waschen-rtu\/#primaryimage"},"thumbnailUrl":"https:\/\/nanoclean24.com\/wp-content\/uploads\/2025\/09\/U807-4.png","datePublished":"2025-09-26T08:31:11+00:00","dateModified":"2025-10-24T12:35:13+00:00","breadcrumb":{"@id":"https:\/\/nanoclean24.com\/de\/produkte\/nu807r-ac-waschen-rtu\/#breadcrumb"},"inLanguage":"de","potentialAction":[{"@type":"ReadAction","target":["https:\/\/nanoclean24.com\/de\/produkte\/nu807r-ac-waschen-rtu\/"]}]},{"@type":"ImageObject","inLanguage":"de","@id":"https:\/\/nanoclean24.com\/de\/produkte\/nu807r-ac-waschen-rtu\/#primaryimage","url":"https:\/\/nanoclean24.com\/wp-content\/uploads\/2025\/09\/U807-4.png","contentUrl":"https:\/\/nanoclean24.com\/wp-content\/uploads\/2025\/09\/U807-4.png","width":1200,"height":1200},{"@type":"BreadcrumbList","@id":"https:\/\/nanoclean24.com\/de\/produkte\/nu807r-ac-waschen-rtu\/#breadcrumb","itemListElement":[{"@type":"ListItem","position":1,"name":"Strona g\u0142\u00f3wna","item":"https:\/\/nanoclean24.com\/de\/"},{"@type":"ListItem","position":2,"name":"Shop","item":"https:\/\/nanoclean24.com\/de\/shop\/"},{"@type":"ListItem","position":3,"name":"U807 AC WASH GEBRAUCHSFERTIG 500ML"}]},{"@type":"WebSite","@id":"https:\/\/nanoclean24.com\/de\/#website","url":"https:\/\/nanoclean24.com\/de\/","name":"NanoClean","description":"","publisher":{"@id":"https:\/\/nanoclean24.com\/de\/#organization"},"potentialAction":[{"@type":"SearchAction","target":{"@type":"EntryPoint","urlTemplate":"https:\/\/nanoclean24.com\/de\/?s={search_term_string}"},"query-input":{"@type":"PropertyValueSpecification","valueRequired":true,"valueName":"search_term_string"}}],"inLanguage":"de"},{"@type":"Organization","@id":"https:\/\/nanoclean24.com\/de\/#organization","name":"NanoClean","url":"https:\/\/nanoclean24.com\/de\/","logo":{"@type":"ImageObject","inLanguage":"de","@id":"https:\/\/nanoclean24.com\/de\/#\/schema\/logo\/image\/","url":"https:\/\/nanoclean24.com\/wp-content\/uploads\/2025\/07\/logo-2.jpg","contentUrl":"https:\/\/nanoclean24.com\/wp-content\/uploads\/2025\/07\/logo-2.jpg","width":1068,"height":224,"caption":"NanoClean"},"image":{"@id":"https:\/\/nanoclean24.com\/de\/#\/schema\/logo\/image\/"}}]}},"taxonomy_info":{"product_cat":[{"value":122,"label":"HVAC PRO"}]},"featured_image_src_large":["https:\/\/nanoclean24.com\/wp-content\/uploads\/2025\/09\/U807-4-1024x1024.png",1024,1024,true],"author_info":[],"comment_info":"","_links":{"self":[{"href":"https:\/\/nanoclean24.com\/de\/wp-json\/wp\/v2\/product\/8130","targetHints":{"allow":["GET"]}}],"collection":[{"href":"https:\/\/nanoclean24.com\/de\/wp-json\/wp\/v2\/product"}],"about":[{"href":"https:\/\/nanoclean24.com\/de\/wp-json\/wp\/v2\/types\/product"}],"wp:featuredmedia":[{"embeddable":true,"href":"https:\/\/nanoclean24.com\/de\/wp-json\/wp\/v2\/media\/14553"}],"wp:attachment":[{"href":"https:\/\/nanoclean24.com\/de\/wp-json\/wp\/v2\/media?parent=8130"}],"wp:term":[{"taxonomy":"product_brand","embeddable":true,"href":"https:\/\/nanoclean24.com\/de\/wp-json\/wp\/v2\/product_brand?post=8130"},{"taxonomy":"product_cat","embeddable":true,"href":"https:\/\/nanoclean24.com\/de\/wp-json\/wp\/v2\/product_cat?post=8130"},{"taxonomy":"product_tag","embeddable":true,"href":"https:\/\/nanoclean24.com\/de\/wp-json\/wp\/v2\/product_tag?post=8130"}],"curies":[{"name":"wp","href":"https:\/\/api.w.org\/{rel}","templated":true}]}}