{"id":8127,"date":"2025-09-26T10:31:11","date_gmt":"2025-09-26T08:31:11","guid":{"rendered":"https:\/\/nanoclean24.com\/produkt\/nanoclean-ac-rostentferner-rtu\/"},"modified":"2026-02-27T12:53:29","modified_gmt":"2026-02-27T11:53:29","slug":"nanoclean-ac-rostentferner-rtu","status":"publish","type":"product","link":"https:\/\/nanoclean24.com\/de\/produkte\/nanoclean-ac-rostentferner-rtu\/","title":{"rendered":"NANOCLEAN AC ROSTENTFERNER RTU"},"content":{"rendered":"<p>Wirksame Reinigung von Au\u00dfenklimaanlagen und W\u00e4rmepumpen<\/p>\n<p>NANOCLEAN AC RUST REMOVER RTU ist eine fortschrittliche, gebrauchsfertige Formulierung zur Entfernung von Rost, Korrosion, Kalkablagerungen und Kesselstein von Au\u00dfenklimaanlagen und W\u00e4rmepumpen. Seine einzigartige s\u00e4urebasierte Formulierung stellt die Leistung und \u00c4sthetik der Ger\u00e4te effektiv wieder her und beseitigt schwer zu entfernende Verunreinigungen.<\/p>\n<h3><strong>Anwendung<\/strong><\/h3>\n<p>Au\u00dfenklimager\u00e4te und W\u00e4rmepumpen (Kondensatoren)<br \/>\nKondensatauffangwannen<br \/>\nMetall- und Kunststoffoberfl\u00e4chen<br \/>\nBel\u00fcftungssysteme<br \/>\nTrockenk\u00fchler und andere Ger\u00e4te, die anf\u00e4llig f\u00fcr Rost und Ablagerungen sind<br \/>\nStahlkonstruktionen, Fassaden und B\u00f6den<\/p>\n<h3><strong>Warum NANOCLEAN AC RUST REMOVER RTU w\u00e4hlen?<\/strong><\/h3>\n<p>Entfernt wirksam schwierige Verschmutzungen: Entfernt wirksam Rost, Kalkablagerungen, Kalkstein und andere schwierige Verunreinigungen, die die Leistung der Klimaanlage beeintr\u00e4chtigen k\u00f6nnen.<br \/>\nStellt die Funktionalit\u00e4t und das Aussehen wieder her: Die regelm\u00e4\u00dfige Anwendung von NANOCLEAN AC RUST REMOVER RTU h\u00e4lt die Klimaanlagen in einem perfekten technischen und \u00e4sthetischen Zustand.<br \/>\nEinfache und sichere Anwendung: Das Produkt ist einfach aufzutragen und erfordert keine komplizierten Ger\u00e4te oder besonderen Verfahren.<br \/>\nSchutz der Umwelt: Dank seiner umweltfreundlichen Formel ist das Produkt sowohl f\u00fcr den Benutzer als auch f\u00fcr die Umwelt sicher.<\/p>\n<h3><strong>\ud83d\udccb Verwendung<\/strong><\/h3>\n<ol>\n<li>Spr\u00fchen Sie NANOCLEAN AC RUST REMOVER RTU auf die zu reinigende Oberfl\u00e4che und achten Sie dabei besonders auf Bereiche mit Rost und Ablagerungen.<\/li>\n<li>Lassen Sie das Produkt 1-5 Minuten einwirken, um den Schmutz zu l\u00f6sen. Sanftes B\u00fcrsten kann den Reinigungsprozess beschleunigen.<\/li>\n<li>Sp\u00fclen Sie die Oberfl\u00e4che gr\u00fcndlich mit Wasser ab, vorzugsweise unter Druck, um alle R\u00fcckst\u00e4nde zu entfernen.<\/li>\n<li>Wiederholen Sie gegebenenfalls den Reinigungsvorgang.<\/li>\n<\/ol>\n<p><strong>Sofort einsatzbereit. Entfernt Rost, Korrosion, Ablagerungen und Flecken. Stellen Sie die Leistung und \u00c4sthetik Ihrer Klimaanlage noch heute mit NANOCLEAN AC RUST REMOVER RTU wieder her. <\/strong><\/p>\n","protected":false},"excerpt":{"rendered":"<h3>Wirksames Mittel zur Entfernung von Rost, Ablagerungen und Kesselstein von Au\u00dfenklimaanlagen<\/h3>\n<p>\u2705<strong> Starke saure Wirkung:<\/strong> Mit einem pH-Wert von 1 entfernt NANOCLEAN AC RUST REMOVER RTU effektiv Rost, Kalkablagerungen, Kesselstein und andere Mineralien f\u00fcr eine optimale Leistung der Ger\u00e4te.<\/p>\n<p><strong>Unbedenklich f\u00fcr Materialien:<\/strong> Trotz seiner starken Wirksamkeit ist das Produkt unbedenklich f\u00fcr die Verwendung auf Metallen (einschlie\u00dflich Kupfer und Zink), Kunststoffen und Beschichtungen, so dass es auf einer Vielzahl von Oberfl\u00e4chen verwendet werden kann, ohne dass die Gefahr einer Besch\u00e4digung besteht.<\/p>\n<p>\u2705 <strong>Einfache Anwendung:<\/strong> das Produkt einfach auf die Oberfl\u00e4che spr\u00fchen, 1-5 Minuten warten und dann mit Wasser absp\u00fclen. Es sind keine komplizierten Verfahren oder Spezialwerkzeuge erforderlich.<\/p>\n<p>\u2705 <strong>Umweltfreundliche Formulierung:<\/strong> NANOCLEAN AC RUST REMOVER RTU ist gem\u00e4\u00df den OECD-Kriterien biologisch abbaubar und somit umweltvertr\u00e4glich.<\/p>\n<p>\u2705 <strong>Bequeme Anwendung:<\/strong> Die 360\u00b0-Spr\u00fchflasche erm\u00f6glicht eine einfache Anwendung aus jeder Position und gew\u00e4hrleistet eine effektive Reinigung.<\/p>\n","protected":false},"featured_media":2941,"template":"","meta":{"_kad_blocks_custom_css":"","_kad_blocks_head_custom_js":"","_kad_blocks_body_custom_js":"","_kad_blocks_footer_custom_js":"","_kad_post_transparent":"","_kad_post_title":"","_kad_post_layout":"","_kad_post_sidebar_id":"","_kad_post_content_style":"","_kad_post_vertical_padding":"","_kad_post_feature":"","_kad_post_feature_position":"","_kad_post_header":false,"_kad_post_footer":false,"_kad_post_classname":""},"product_brand":[],"product_cat":[122],"product_tag":[],"class_list":{"0":"post-8127","1":"product","2":"type-product","3":"status-publish","4":"has-post-thumbnail","6":"product_cat-hvac-de","8":"first","9":"instock","10":"taxable","11":"shipping-taxable","12":"purchasable","13":"product-type-simple","14":"entry","15":"content-bg","16":"loop-entry"},"yoast_head":"<!-- This site is optimized with the Yoast SEO plugin v27.2 - https:\/\/yoast.com\/product\/yoast-seo-wordpress\/ -->\n<title>NANOCLEAN AC ROSTENTFERNER RTU - NANOCLEAN<\/title>\n<meta name=\"description\" content=\"Wirksame Reinigung von Au\u00dfenklimaanlagen und W\u00e4rmepumpenNANOCLEAN AC RUST REMOVER RTU ist eine fortschrittliche, gebrauchsfertige Formulierung zur Entfernung von Rost, Korrosion, Kalkablagerungen und Kesselstein von Au\u00dfenklimaanlagen und W\u00e4rmepumpen. Seine einzigartige s\u00e4urebasierte Formulierung stellt die Leistung und \u00c4sthetik der Ger\u00e4te effektiv wieder her und beseitigt schwer zu entfernende Verunreinigungen.AnwendungAu\u00dfenklimager\u00e4te und W\u00e4rmepumpen (Kondensatoren)KondensatauffangwannenMetall- und Kunststoffoberfl\u00e4chenBel\u00fcftungssystemeTrockenk\u00fchler und andere Ger\u00e4te, die anf\u00e4llig f\u00fcr Rost und Ablagerungen sindStahlkonstruktionen, Fassaden und B\u00f6denWarum NANOCLEAN AC RUST REMOVER RTU W\u00e4hlen?Entfernt wirksam schwierige Verschmutzungen: Entfernt wirksam Rost, Kalkablagerungen, Kalkstein und andere schwierige Verunreinigungen, die die Leistung der Klimaanlage beeintr\u00e4chtigen k\u00f6nnen.Stellt die Funktionalit\u00e4t und das Aussehen wieder her: Die regelm\u00e4\u00dfige Anwendung von NANOCLEAN AC RUST REMOVER RTU h\u00e4lt die Klimaanlagen in einem perfekten technischen und \u00e4sthetischen Zustand.Einfache und sichere Anwendung: Das Produkt ist einfach aufzutragen und erfordert keine komplizierten Ger\u00e4te oder besonderen Verfahren.Schutz der Umwelt: Dank seiner umweltfreundlichen Formel ist das Produkt sowohl f\u00fcr den Benutzer als auch f\u00fcr die Umwelt sicher.\ud83d\udccb VerwendungSpr\u00fchen Sie NANOCLEAN AC RUST REMOVER RTU auf die zu reinigende Oberfl\u00e4che und achten Sie dabei besonders auf Bereiche mit Rost und Ablagerungen.Lassen Sie das Produkt 1-5 Minuten einwirken, um den Schmutz zu l\u00f6sen. Sanftes B\u00fcrsten kann den Reinigungsprozess beschleunigen.Sp\u00fclen Sie die Oberfl\u00e4che gr\u00fcndlich mit Wasser ab, vorzugsweise unter Druck, um alle R\u00fcckst\u00e4nde zu entfernen.Wiederholen Sie gegebenenfalls den Reinigungsvorgang.Sofort einsatzbereit. Entfernt Rost, Korrosion, Ablagerungen und Flecken. Stellen Sie die Leistung und \u00c4sthetik Ihrer Klimaanlage noch heute mit NANOCLEAN AC RUST REMOVER RTU wieder her.\" \/>\n<meta name=\"robots\" content=\"index, follow, max-snippet:-1, max-image-preview:large, max-video-preview:-1\" \/>\n<link rel=\"canonical\" href=\"https:\/\/nanoclean24.com\/de\/produkte\/nanoclean-ac-rostentferner-rtu\/\" \/>\n<meta property=\"og:locale\" content=\"de_DE\" \/>\n<meta property=\"og:type\" content=\"article\" \/>\n<meta property=\"og:title\" content=\"NANOCLEAN AC ROSTENTFERNER RTU - NANOCLEAN\" \/>\n<meta property=\"og:description\" content=\"Wirksame Reinigung von Au\u00dfenklimaanlagen und W\u00e4rmepumpenNANOCLEAN AC RUST REMOVER RTU ist eine fortschrittliche, gebrauchsfertige Formulierung zur Entfernung von Rost, Korrosion, Kalkablagerungen und Kesselstein von Au\u00dfenklimaanlagen und W\u00e4rmepumpen. Seine einzigartige s\u00e4urebasierte Formulierung stellt die Leistung und \u00c4sthetik der Ger\u00e4te effektiv wieder her und beseitigt schwer zu entfernende Verunreinigungen.AnwendungAu\u00dfenklimager\u00e4te und W\u00e4rmepumpen (Kondensatoren)KondensatauffangwannenMetall- und Kunststoffoberfl\u00e4chenBel\u00fcftungssystemeTrockenk\u00fchler und andere Ger\u00e4te, die anf\u00e4llig f\u00fcr Rost und Ablagerungen sindStahlkonstruktionen, Fassaden und B\u00f6denWarum NANOCLEAN AC RUST REMOVER RTU W\u00e4hlen?Entfernt wirksam schwierige Verschmutzungen: Entfernt wirksam Rost, Kalkablagerungen, Kalkstein und andere schwierige Verunreinigungen, die die Leistung der Klimaanlage beeintr\u00e4chtigen k\u00f6nnen.Stellt die Funktionalit\u00e4t und das Aussehen wieder her: Die regelm\u00e4\u00dfige Anwendung von NANOCLEAN AC RUST REMOVER RTU h\u00e4lt die Klimaanlagen in einem perfekten technischen und \u00e4sthetischen Zustand.Einfache und sichere Anwendung: Das Produkt ist einfach aufzutragen und erfordert keine komplizierten Ger\u00e4te oder besonderen Verfahren.Schutz der Umwelt: Dank seiner umweltfreundlichen Formel ist das Produkt sowohl f\u00fcr den Benutzer als auch f\u00fcr die Umwelt sicher.\ud83d\udccb VerwendungSpr\u00fchen Sie NANOCLEAN AC RUST REMOVER RTU auf die zu reinigende Oberfl\u00e4che und achten Sie dabei besonders auf Bereiche mit Rost und Ablagerungen.Lassen Sie das Produkt 1-5 Minuten einwirken, um den Schmutz zu l\u00f6sen. Sanftes B\u00fcrsten kann den Reinigungsprozess beschleunigen.Sp\u00fclen Sie die Oberfl\u00e4che gr\u00fcndlich mit Wasser ab, vorzugsweise unter Druck, um alle R\u00fcckst\u00e4nde zu entfernen.Wiederholen Sie gegebenenfalls den Reinigungsvorgang.Sofort einsatzbereit. Entfernt Rost, Korrosion, Ablagerungen und Flecken. Stellen Sie die Leistung und \u00c4sthetik Ihrer Klimaanlage noch heute mit NANOCLEAN AC RUST REMOVER RTU wieder her.\" \/>\n<meta property=\"og:url\" content=\"https:\/\/nanoclean24.com\/de\/produkte\/nanoclean-ac-rostentferner-rtu\/\" \/>\n<meta property=\"og:site_name\" content=\"NANOCLEAN\" \/>\n<meta property=\"article:modified_time\" content=\"2026-02-27T11:53:29+00:00\" \/>\n<meta property=\"og:image\" content=\"https:\/\/nanoclean24.com\/wp-content\/uploads\/2025\/07\/U812R.jpg\" \/>\n\t<meta property=\"og:image:width\" content=\"1200\" \/>\n\t<meta property=\"og:image:height\" content=\"1200\" \/>\n\t<meta property=\"og:image:type\" content=\"image\/jpeg\" \/>\n<meta name=\"twitter:card\" content=\"summary_large_image\" \/>\n<meta name=\"twitter:label1\" content=\"Gesch\u00e4tzte Lesezeit\" \/>\n\t<meta name=\"twitter:data1\" content=\"2\u00a0Minuten\" \/>\n<script type=\"application\/ld+json\" class=\"yoast-schema-graph\">{\"@context\":\"https:\/\/schema.org\",\"@graph\":[{\"@type\":\"WebPage\",\"@id\":\"https:\/\/nanoclean24.com\/de\/produkte\/nanoclean-ac-rostentferner-rtu\/\",\"url\":\"https:\/\/nanoclean24.com\/de\/produkte\/nanoclean-ac-rostentferner-rtu\/\",\"name\":\"NANOCLEAN AC ROSTENTFERNER RTU - NANOCLEAN\",\"isPartOf\":{\"@id\":\"https:\/\/nanoclean24.com\/de\/#website\"},\"primaryImageOfPage\":{\"@id\":\"https:\/\/nanoclean24.com\/de\/produkte\/nanoclean-ac-rostentferner-rtu\/#primaryimage\"},\"image\":{\"@id\":\"https:\/\/nanoclean24.com\/de\/produkte\/nanoclean-ac-rostentferner-rtu\/#primaryimage\"},\"thumbnailUrl\":\"https:\/\/nanoclean24.com\/wp-content\/uploads\/2025\/07\/U812R.jpg\",\"datePublished\":\"2025-09-26T08:31:11+00:00\",\"dateModified\":\"2026-02-27T11:53:29+00:00\",\"description\":\"Wirksame Reinigung von Au\u00dfenklimaanlagen und W\u00e4rmepumpenNANOCLEAN AC RUST REMOVER RTU ist eine fortschrittliche, gebrauchsfertige Formulierung zur Entfernung von Rost, Korrosion, Kalkablagerungen und Kesselstein von Au\u00dfenklimaanlagen und W\u00e4rmepumpen. Seine einzigartige s\u00e4urebasierte Formulierung stellt die Leistung und \u00c4sthetik der Ger\u00e4te effektiv wieder her und beseitigt schwer zu entfernende Verunreinigungen.AnwendungAu\u00dfenklimager\u00e4te und W\u00e4rmepumpen (Kondensatoren)KondensatauffangwannenMetall- und Kunststoffoberfl\u00e4chenBel\u00fcftungssystemeTrockenk\u00fchler und andere Ger\u00e4te, die anf\u00e4llig f\u00fcr Rost und Ablagerungen sindStahlkonstruktionen, Fassaden und B\u00f6denWarum NANOCLEAN AC RUST REMOVER RTU W\u00e4hlen?Entfernt wirksam schwierige Verschmutzungen: Entfernt wirksam Rost, Kalkablagerungen, Kalkstein und andere schwierige Verunreinigungen, die die Leistung der Klimaanlage beeintr\u00e4chtigen k\u00f6nnen.Stellt die Funktionalit\u00e4t und das Aussehen wieder her: Die regelm\u00e4\u00dfige Anwendung von NANOCLEAN AC RUST REMOVER RTU h\u00e4lt die Klimaanlagen in einem perfekten technischen und \u00e4sthetischen Zustand.Einfache und sichere Anwendung: Das Produkt ist einfach aufzutragen und erfordert keine komplizierten Ger\u00e4te oder besonderen Verfahren.Schutz der Umwelt: Dank seiner umweltfreundlichen Formel ist das Produkt sowohl f\u00fcr den Benutzer als auch f\u00fcr die Umwelt sicher.\ud83d\udccb VerwendungSpr\u00fchen Sie NANOCLEAN AC RUST REMOVER RTU auf die zu reinigende Oberfl\u00e4che und achten Sie dabei besonders auf Bereiche mit Rost und Ablagerungen.Lassen Sie das Produkt 1-5 Minuten einwirken, um den Schmutz zu l\u00f6sen. Sanftes B\u00fcrsten kann den Reinigungsprozess beschleunigen.Sp\u00fclen Sie die Oberfl\u00e4che gr\u00fcndlich mit Wasser ab, vorzugsweise unter Druck, um alle R\u00fcckst\u00e4nde zu entfernen.Wiederholen Sie gegebenenfalls den Reinigungsvorgang.Sofort einsatzbereit. Entfernt Rost, Korrosion, Ablagerungen und Flecken. Stellen Sie die Leistung und \u00c4sthetik Ihrer Klimaanlage noch heute mit NANOCLEAN AC RUST REMOVER RTU wieder her.\",\"breadcrumb\":{\"@id\":\"https:\/\/nanoclean24.com\/de\/produkte\/nanoclean-ac-rostentferner-rtu\/#breadcrumb\"},\"inLanguage\":\"de\",\"potentialAction\":[{\"@type\":\"ReadAction\",\"target\":[\"https:\/\/nanoclean24.com\/de\/produkte\/nanoclean-ac-rostentferner-rtu\/\"]}]},{\"@type\":\"ImageObject\",\"inLanguage\":\"de\",\"@id\":\"https:\/\/nanoclean24.com\/de\/produkte\/nanoclean-ac-rostentferner-rtu\/#primaryimage\",\"url\":\"https:\/\/nanoclean24.com\/wp-content\/uploads\/2025\/07\/U812R.jpg\",\"contentUrl\":\"https:\/\/nanoclean24.com\/wp-content\/uploads\/2025\/07\/U812R.jpg\",\"width\":1200,\"height\":1200},{\"@type\":\"BreadcrumbList\",\"@id\":\"https:\/\/nanoclean24.com\/de\/produkte\/nanoclean-ac-rostentferner-rtu\/#breadcrumb\",\"itemListElement\":[{\"@type\":\"ListItem\",\"position\":1,\"name\":\"Strona g\u0142\u00f3wna\",\"item\":\"https:\/\/nanoclean24.com\/de\/\"},{\"@type\":\"ListItem\",\"position\":2,\"name\":\"Shop\",\"item\":\"https:\/\/nanoclean24.com\/de\/shop\/\"},{\"@type\":\"ListItem\",\"position\":3,\"name\":\"NANOCLEAN AC ROSTENTFERNER RTU\"}]},{\"@type\":\"WebSite\",\"@id\":\"https:\/\/nanoclean24.com\/de\/#website\",\"url\":\"https:\/\/nanoclean24.com\/de\/\",\"name\":\"NanoClean\",\"description\":\"\",\"publisher\":{\"@id\":\"https:\/\/nanoclean24.com\/de\/#organization\"},\"potentialAction\":[{\"@type\":\"SearchAction\",\"target\":{\"@type\":\"EntryPoint\",\"urlTemplate\":\"https:\/\/nanoclean24.com\/de\/?s={search_term_string}\"},\"query-input\":{\"@type\":\"PropertyValueSpecification\",\"valueRequired\":true,\"valueName\":\"search_term_string\"}}],\"inLanguage\":\"de\"},{\"@type\":\"Organization\",\"@id\":\"https:\/\/nanoclean24.com\/de\/#organization\",\"name\":\"NanoClean\",\"url\":\"https:\/\/nanoclean24.com\/de\/\",\"logo\":{\"@type\":\"ImageObject\",\"inLanguage\":\"de\",\"@id\":\"https:\/\/nanoclean24.com\/de\/#\/schema\/logo\/image\/\",\"url\":\"https:\/\/nanoclean24.com\/wp-content\/uploads\/2025\/07\/logo-2.jpg\",\"contentUrl\":\"https:\/\/nanoclean24.com\/wp-content\/uploads\/2025\/07\/logo-2.jpg\",\"width\":1068,\"height\":224,\"caption\":\"NanoClean\"},\"image\":{\"@id\":\"https:\/\/nanoclean24.com\/de\/#\/schema\/logo\/image\/\"}}]}<\/script>\n<!-- \/ Yoast SEO plugin. -->","yoast_head_json":{"title":"NANOCLEAN AC ROSTENTFERNER RTU - NANOCLEAN","description":"Wirksame Reinigung von Au\u00dfenklimaanlagen und W\u00e4rmepumpenNANOCLEAN AC RUST REMOVER RTU ist eine fortschrittliche, gebrauchsfertige Formulierung zur Entfernung von Rost, Korrosion, Kalkablagerungen und Kesselstein von Au\u00dfenklimaanlagen und W\u00e4rmepumpen. Seine einzigartige s\u00e4urebasierte Formulierung stellt die Leistung und \u00c4sthetik der Ger\u00e4te effektiv wieder her und beseitigt schwer zu entfernende Verunreinigungen.AnwendungAu\u00dfenklimager\u00e4te und W\u00e4rmepumpen (Kondensatoren)KondensatauffangwannenMetall- und Kunststoffoberfl\u00e4chenBel\u00fcftungssystemeTrockenk\u00fchler und andere Ger\u00e4te, die anf\u00e4llig f\u00fcr Rost und Ablagerungen sindStahlkonstruktionen, Fassaden und B\u00f6denWarum NANOCLEAN AC RUST REMOVER RTU W\u00e4hlen?Entfernt wirksam schwierige Verschmutzungen: Entfernt wirksam Rost, Kalkablagerungen, Kalkstein und andere schwierige Verunreinigungen, die die Leistung der Klimaanlage beeintr\u00e4chtigen k\u00f6nnen.Stellt die Funktionalit\u00e4t und das Aussehen wieder her: Die regelm\u00e4\u00dfige Anwendung von NANOCLEAN AC RUST REMOVER RTU h\u00e4lt die Klimaanlagen in einem perfekten technischen und \u00e4sthetischen Zustand.Einfache und sichere Anwendung: Das Produkt ist einfach aufzutragen und erfordert keine komplizierten Ger\u00e4te oder besonderen Verfahren.Schutz der Umwelt: Dank seiner umweltfreundlichen Formel ist das Produkt sowohl f\u00fcr den Benutzer als auch f\u00fcr die Umwelt sicher.\ud83d\udccb VerwendungSpr\u00fchen Sie NANOCLEAN AC RUST REMOVER RTU auf die zu reinigende Oberfl\u00e4che und achten Sie dabei besonders auf Bereiche mit Rost und Ablagerungen.Lassen Sie das Produkt 1-5 Minuten einwirken, um den Schmutz zu l\u00f6sen. Sanftes B\u00fcrsten kann den Reinigungsprozess beschleunigen.Sp\u00fclen Sie die Oberfl\u00e4che gr\u00fcndlich mit Wasser ab, vorzugsweise unter Druck, um alle R\u00fcckst\u00e4nde zu entfernen.Wiederholen Sie gegebenenfalls den Reinigungsvorgang.Sofort einsatzbereit. Entfernt Rost, Korrosion, Ablagerungen und Flecken. Stellen Sie die Leistung und \u00c4sthetik Ihrer Klimaanlage noch heute mit NANOCLEAN AC RUST REMOVER RTU wieder her.","robots":{"index":"index","follow":"follow","max-snippet":"max-snippet:-1","max-image-preview":"max-image-preview:large","max-video-preview":"max-video-preview:-1"},"canonical":"https:\/\/nanoclean24.com\/de\/produkte\/nanoclean-ac-rostentferner-rtu\/","og_locale":"de_DE","og_type":"article","og_title":"NANOCLEAN AC ROSTENTFERNER RTU - NANOCLEAN","og_description":"Wirksame Reinigung von Au\u00dfenklimaanlagen und W\u00e4rmepumpenNANOCLEAN AC RUST REMOVER RTU ist eine fortschrittliche, gebrauchsfertige Formulierung zur Entfernung von Rost, Korrosion, Kalkablagerungen und Kesselstein von Au\u00dfenklimaanlagen und W\u00e4rmepumpen. Seine einzigartige s\u00e4urebasierte Formulierung stellt die Leistung und \u00c4sthetik der Ger\u00e4te effektiv wieder her und beseitigt schwer zu entfernende Verunreinigungen.AnwendungAu\u00dfenklimager\u00e4te und W\u00e4rmepumpen (Kondensatoren)KondensatauffangwannenMetall- und Kunststoffoberfl\u00e4chenBel\u00fcftungssystemeTrockenk\u00fchler und andere Ger\u00e4te, die anf\u00e4llig f\u00fcr Rost und Ablagerungen sindStahlkonstruktionen, Fassaden und B\u00f6denWarum NANOCLEAN AC RUST REMOVER RTU W\u00e4hlen?Entfernt wirksam schwierige Verschmutzungen: Entfernt wirksam Rost, Kalkablagerungen, Kalkstein und andere schwierige Verunreinigungen, die die Leistung der Klimaanlage beeintr\u00e4chtigen k\u00f6nnen.Stellt die Funktionalit\u00e4t und das Aussehen wieder her: Die regelm\u00e4\u00dfige Anwendung von NANOCLEAN AC RUST REMOVER RTU h\u00e4lt die Klimaanlagen in einem perfekten technischen und \u00e4sthetischen Zustand.Einfache und sichere Anwendung: Das Produkt ist einfach aufzutragen und erfordert keine komplizierten Ger\u00e4te oder besonderen Verfahren.Schutz der Umwelt: Dank seiner umweltfreundlichen Formel ist das Produkt sowohl f\u00fcr den Benutzer als auch f\u00fcr die Umwelt sicher.\ud83d\udccb VerwendungSpr\u00fchen Sie NANOCLEAN AC RUST REMOVER RTU auf die zu reinigende Oberfl\u00e4che und achten Sie dabei besonders auf Bereiche mit Rost und Ablagerungen.Lassen Sie das Produkt 1-5 Minuten einwirken, um den Schmutz zu l\u00f6sen. Sanftes B\u00fcrsten kann den Reinigungsprozess beschleunigen.Sp\u00fclen Sie die Oberfl\u00e4che gr\u00fcndlich mit Wasser ab, vorzugsweise unter Druck, um alle R\u00fcckst\u00e4nde zu entfernen.Wiederholen Sie gegebenenfalls den Reinigungsvorgang.Sofort einsatzbereit. Entfernt Rost, Korrosion, Ablagerungen und Flecken. Stellen Sie die Leistung und \u00c4sthetik Ihrer Klimaanlage noch heute mit NANOCLEAN AC RUST REMOVER RTU wieder her.","og_url":"https:\/\/nanoclean24.com\/de\/produkte\/nanoclean-ac-rostentferner-rtu\/","og_site_name":"NANOCLEAN","article_modified_time":"2026-02-27T11:53:29+00:00","og_image":[{"width":1200,"height":1200,"url":"https:\/\/nanoclean24.com\/wp-content\/uploads\/2025\/07\/U812R.jpg","type":"image\/jpeg"}],"twitter_card":"summary_large_image","twitter_misc":{"Gesch\u00e4tzte Lesezeit":"2\u00a0Minuten"},"schema":{"@context":"https:\/\/schema.org","@graph":[{"@type":"WebPage","@id":"https:\/\/nanoclean24.com\/de\/produkte\/nanoclean-ac-rostentferner-rtu\/","url":"https:\/\/nanoclean24.com\/de\/produkte\/nanoclean-ac-rostentferner-rtu\/","name":"NANOCLEAN AC ROSTENTFERNER RTU - NANOCLEAN","isPartOf":{"@id":"https:\/\/nanoclean24.com\/de\/#website"},"primaryImageOfPage":{"@id":"https:\/\/nanoclean24.com\/de\/produkte\/nanoclean-ac-rostentferner-rtu\/#primaryimage"},"image":{"@id":"https:\/\/nanoclean24.com\/de\/produkte\/nanoclean-ac-rostentferner-rtu\/#primaryimage"},"thumbnailUrl":"https:\/\/nanoclean24.com\/wp-content\/uploads\/2025\/07\/U812R.jpg","datePublished":"2025-09-26T08:31:11+00:00","dateModified":"2026-02-27T11:53:29+00:00","description":"Wirksame Reinigung von Au\u00dfenklimaanlagen und W\u00e4rmepumpenNANOCLEAN AC RUST REMOVER RTU ist eine fortschrittliche, gebrauchsfertige Formulierung zur Entfernung von Rost, Korrosion, Kalkablagerungen und Kesselstein von Au\u00dfenklimaanlagen und W\u00e4rmepumpen. Seine einzigartige s\u00e4urebasierte Formulierung stellt die Leistung und \u00c4sthetik der Ger\u00e4te effektiv wieder her und beseitigt schwer zu entfernende Verunreinigungen.AnwendungAu\u00dfenklimager\u00e4te und W\u00e4rmepumpen (Kondensatoren)KondensatauffangwannenMetall- und Kunststoffoberfl\u00e4chenBel\u00fcftungssystemeTrockenk\u00fchler und andere Ger\u00e4te, die anf\u00e4llig f\u00fcr Rost und Ablagerungen sindStahlkonstruktionen, Fassaden und B\u00f6denWarum NANOCLEAN AC RUST REMOVER RTU W\u00e4hlen?Entfernt wirksam schwierige Verschmutzungen: Entfernt wirksam Rost, Kalkablagerungen, Kalkstein und andere schwierige Verunreinigungen, die die Leistung der Klimaanlage beeintr\u00e4chtigen k\u00f6nnen.Stellt die Funktionalit\u00e4t und das Aussehen wieder her: Die regelm\u00e4\u00dfige Anwendung von NANOCLEAN AC RUST REMOVER RTU h\u00e4lt die Klimaanlagen in einem perfekten technischen und \u00e4sthetischen Zustand.Einfache und sichere Anwendung: Das Produkt ist einfach aufzutragen und erfordert keine komplizierten Ger\u00e4te oder besonderen Verfahren.Schutz der Umwelt: Dank seiner umweltfreundlichen Formel ist das Produkt sowohl f\u00fcr den Benutzer als auch f\u00fcr die Umwelt sicher.\ud83d\udccb VerwendungSpr\u00fchen Sie NANOCLEAN AC RUST REMOVER RTU auf die zu reinigende Oberfl\u00e4che und achten Sie dabei besonders auf Bereiche mit Rost und Ablagerungen.Lassen Sie das Produkt 1-5 Minuten einwirken, um den Schmutz zu l\u00f6sen. Sanftes B\u00fcrsten kann den Reinigungsprozess beschleunigen.Sp\u00fclen Sie die Oberfl\u00e4che gr\u00fcndlich mit Wasser ab, vorzugsweise unter Druck, um alle R\u00fcckst\u00e4nde zu entfernen.Wiederholen Sie gegebenenfalls den Reinigungsvorgang.Sofort einsatzbereit. Entfernt Rost, Korrosion, Ablagerungen und Flecken. Stellen Sie die Leistung und \u00c4sthetik Ihrer Klimaanlage noch heute mit NANOCLEAN AC RUST REMOVER RTU wieder her.","breadcrumb":{"@id":"https:\/\/nanoclean24.com\/de\/produkte\/nanoclean-ac-rostentferner-rtu\/#breadcrumb"},"inLanguage":"de","potentialAction":[{"@type":"ReadAction","target":["https:\/\/nanoclean24.com\/de\/produkte\/nanoclean-ac-rostentferner-rtu\/"]}]},{"@type":"ImageObject","inLanguage":"de","@id":"https:\/\/nanoclean24.com\/de\/produkte\/nanoclean-ac-rostentferner-rtu\/#primaryimage","url":"https:\/\/nanoclean24.com\/wp-content\/uploads\/2025\/07\/U812R.jpg","contentUrl":"https:\/\/nanoclean24.com\/wp-content\/uploads\/2025\/07\/U812R.jpg","width":1200,"height":1200},{"@type":"BreadcrumbList","@id":"https:\/\/nanoclean24.com\/de\/produkte\/nanoclean-ac-rostentferner-rtu\/#breadcrumb","itemListElement":[{"@type":"ListItem","position":1,"name":"Strona g\u0142\u00f3wna","item":"https:\/\/nanoclean24.com\/de\/"},{"@type":"ListItem","position":2,"name":"Shop","item":"https:\/\/nanoclean24.com\/de\/shop\/"},{"@type":"ListItem","position":3,"name":"NANOCLEAN AC ROSTENTFERNER RTU"}]},{"@type":"WebSite","@id":"https:\/\/nanoclean24.com\/de\/#website","url":"https:\/\/nanoclean24.com\/de\/","name":"NanoClean","description":"","publisher":{"@id":"https:\/\/nanoclean24.com\/de\/#organization"},"potentialAction":[{"@type":"SearchAction","target":{"@type":"EntryPoint","urlTemplate":"https:\/\/nanoclean24.com\/de\/?s={search_term_string}"},"query-input":{"@type":"PropertyValueSpecification","valueRequired":true,"valueName":"search_term_string"}}],"inLanguage":"de"},{"@type":"Organization","@id":"https:\/\/nanoclean24.com\/de\/#organization","name":"NanoClean","url":"https:\/\/nanoclean24.com\/de\/","logo":{"@type":"ImageObject","inLanguage":"de","@id":"https:\/\/nanoclean24.com\/de\/#\/schema\/logo\/image\/","url":"https:\/\/nanoclean24.com\/wp-content\/uploads\/2025\/07\/logo-2.jpg","contentUrl":"https:\/\/nanoclean24.com\/wp-content\/uploads\/2025\/07\/logo-2.jpg","width":1068,"height":224,"caption":"NanoClean"},"image":{"@id":"https:\/\/nanoclean24.com\/de\/#\/schema\/logo\/image\/"}}]}},"taxonomy_info":{"product_cat":[{"value":122,"label":"HVAC PRO"}]},"featured_image_src_large":["https:\/\/nanoclean24.com\/wp-content\/uploads\/2025\/07\/U812R-1024x1024.jpg",1024,1024,true],"author_info":[],"comment_info":"","_links":{"self":[{"href":"https:\/\/nanoclean24.com\/de\/wp-json\/wp\/v2\/product\/8127","targetHints":{"allow":["GET"]}}],"collection":[{"href":"https:\/\/nanoclean24.com\/de\/wp-json\/wp\/v2\/product"}],"about":[{"href":"https:\/\/nanoclean24.com\/de\/wp-json\/wp\/v2\/types\/product"}],"wp:featuredmedia":[{"embeddable":true,"href":"https:\/\/nanoclean24.com\/de\/wp-json\/wp\/v2\/media\/2941"}],"wp:attachment":[{"href":"https:\/\/nanoclean24.com\/de\/wp-json\/wp\/v2\/media?parent=8127"}],"wp:term":[{"taxonomy":"product_brand","embeddable":true,"href":"https:\/\/nanoclean24.com\/de\/wp-json\/wp\/v2\/product_brand?post=8127"},{"taxonomy":"product_cat","embeddable":true,"href":"https:\/\/nanoclean24.com\/de\/wp-json\/wp\/v2\/product_cat?post=8127"},{"taxonomy":"product_tag","embeddable":true,"href":"https:\/\/nanoclean24.com\/de\/wp-json\/wp\/v2\/product_tag?post=8127"}],"curies":[{"name":"wp","href":"https:\/\/api.w.org\/{rel}","templated":true}]}}