{"id":8113,"date":"2025-09-26T10:31:11","date_gmt":"2025-09-26T08:31:11","guid":{"rendered":"https:\/\/nanoclean24.com\/produkt\/nu704-gaslecksuchgeraet\/"},"modified":"2025-10-24T14:42:33","modified_gmt":"2025-10-24T12:42:33","slug":"nu704-gaslecksuchgeraet","status":"publish","type":"product","link":"https:\/\/nanoclean24.com\/de\/produkte\/nu704-gaslecksuchgeraet\/","title":{"rendered":"U704 GASLECKSUCHER AEROSOL 500ML"},"content":{"rendered":"<p>Gew\u00e4hrleisten Sie die Sicherheit und Leistung Ihrer Gas-, Pneumatik- und K\u00fchlsysteme mit NANOCLEAN GAS LEAK DETECTOR. Dieses effektive Lecksuchspray wurde entwickelt, um selbst kleinste Gaslecks in einer Vielzahl von Industrie-, Automobil- und K\u00fchlsystemen schnell und genau zu identifizieren. Ganz gleich, ob Sie Rohre, Anschl\u00fcsse, Ventile, Kompressoren, Klimaanlagen oder Industrieanlagen \u00fcberpr\u00fcfen, dieses einfach zu verwendende Spray bietet eine wirksame L\u00f6sung zur Lecksuche ab einem Druck von nur &lt;7 mbar.  <\/p>\n<h3><strong>\ud83d\udccb Gebrauchsanweisung<\/strong><\/h3>\n<ol>\n<li>Sch\u00fctteln Sie die Spr\u00fchdose vor Gebrauch gut.<\/li>\n<li>Spr\u00fchen Sie aus einem Abstand von 15-30 cm auf die zu testenden Stellen.<\/li>\n<li>An der Leckstelle bilden sich Blasen, die den Ort des Gaslecks deutlich anzeigen.<\/li>\n<li>Das spezielle 360\u00b0-Ventil erm\u00f6glicht die Anwendung in verschiedenen Richtungen, unter verschiedenen Dr\u00fccken und aus verschiedenen Entfernungen.<\/li>\n<\/ol>\n<p>Ob f\u00fcr Industrieanlagen, Automobilsysteme oder K\u00fchlaggregate, der NANOCLEAN GAS LEAK DETECTOR bietet eine schnelle, effiziente und umweltfreundliche L\u00f6sung zur Gaslecksuche.<\/p>\n","protected":false},"excerpt":{"rendered":"<h3>GASLECKSUCHER<\/h3>\n<p>\u2705 <strong>Hocheffektiv:<\/strong> ortet Lecks pr\u00e4zise, auch kleinste Lecks (&lt;7 mbar).<\/p>\n<p>\u2705 <strong>Vielseitig einsetzbar:<\/strong> ideal f\u00fcr Gas-, Pneumatik-, Automobil-, K\u00fchl- und Industrieanlagen, einschlie\u00dflich Energie, Bergbau, Automobil-, Bau-, Schiffbau-, Papier- und Chemieindustrie.<\/p>\n<p>\u2705 <strong>Einfache Anwendung:<\/strong> Das praktische Aerosol mit 360\u00b0-Ventil erm\u00f6glicht die Anwendung in jeder Position und bietet Flexibilit\u00e4t in jeder Situation.<\/p>\n<p>\u2705 <strong>Ungiftig und nicht \u00e4tzend:<\/strong> Sicher f\u00fcr den Benutzer und die Ausr\u00fcstung, ohne sch\u00e4dliche oder \u00e4tzende Auswirkungen.<\/p>\n<p>\u2705 <strong>Umweltvertr\u00e4glich:<\/strong> Das Tr\u00e4gergas ist \u00f6kologisch unbedenklich.<\/p>\n<p>\u2705 <strong>Nicht brennbar und nicht reizend:<\/strong> Eine Formulierung, die unter einer Vielzahl von Bedingungen sicher verwendet werden kann, ohne dass ein Brand- oder Reizungsrisiko besteht.<\/p>\n<p>\u2705 <strong>DVGW-konform:<\/strong> Erf\u00fcllt die h\u00f6chsten Industriestandards f\u00fcr Gassicherheit.<\/p>\n","protected":false},"featured_media":14534,"template":"","meta":{"_kad_blocks_custom_css":"","_kad_blocks_head_custom_js":"","_kad_blocks_body_custom_js":"","_kad_blocks_footer_custom_js":"","_kad_post_transparent":"","_kad_post_title":"","_kad_post_layout":"","_kad_post_sidebar_id":"","_kad_post_content_style":"","_kad_post_vertical_padding":"","_kad_post_feature":"","_kad_post_feature_position":"","_kad_post_header":false,"_kad_post_footer":false,"_kad_post_classname":""},"product_brand":[],"product_cat":[122],"product_tag":[],"class_list":{"0":"post-8113","1":"product","2":"type-product","3":"status-publish","4":"has-post-thumbnail","6":"product_cat-hvac-de","8":"first","9":"outofstock","10":"taxable","11":"shipping-taxable","12":"purchasable","13":"product-type-simple","14":"entry","15":"content-bg","16":"loop-entry"},"yoast_head":"<!-- This site is optimized with the Yoast SEO plugin v27.2 - https:\/\/yoast.com\/product\/yoast-seo-wordpress\/ -->\n<title>U704 GASLECKSUCHER AEROSOL 500ML - NANOCLEAN<\/title>\n<meta name=\"robots\" content=\"index, follow, max-snippet:-1, max-image-preview:large, max-video-preview:-1\" \/>\n<link rel=\"canonical\" href=\"https:\/\/nanoclean24.com\/de\/produkte\/nu704-gaslecksuchgeraet\/\" \/>\n<meta property=\"og:locale\" content=\"de_DE\" \/>\n<meta property=\"og:type\" content=\"article\" \/>\n<meta property=\"og:title\" content=\"U704 GASLECKSUCHER AEROSOL 500ML - NANOCLEAN\" \/>\n<meta property=\"og:description\" content=\"GASLECKSUCHER \u2705 Hocheffektiv: ortet Lecks pr\u00e4zise, auch kleinste Lecks (&lt;7 mbar). \u2705 Vielseitig einsetzbar: ideal f\u00fcr Gas-, Pneumatik-, Automobil-, K\u00fchl- und Industrieanlagen, einschlie\u00dflich Energie, Bergbau, Automobil-, Bau-, Schiffbau-, Papier- und Chemieindustrie. \u2705 Einfache Anwendung: Das praktische Aerosol mit 360\u00b0-Ventil erm\u00f6glicht die Anwendung in jeder Position und bietet Flexibilit\u00e4t in jeder Situation. \u2705 Ungiftig und nicht \u00e4tzend: Sicher f\u00fcr den Benutzer und die Ausr\u00fcstung, ohne sch\u00e4dliche oder \u00e4tzende Auswirkungen. \u2705 Umweltvertr\u00e4glich: Das Tr\u00e4gergas ist \u00f6kologisch unbedenklich. \u2705 Nicht brennbar und nicht reizend: Eine Formulierung, die unter einer Vielzahl von Bedingungen sicher verwendet werden kann, ohne dass ein Brand- oder Reizungsrisiko besteht. \u2705 DVGW-konform: Erf\u00fcllt die h\u00f6chsten Industriestandards f\u00fcr Gassicherheit.\" \/>\n<meta property=\"og:url\" content=\"https:\/\/nanoclean24.com\/de\/produkte\/nu704-gaslecksuchgeraet\/\" \/>\n<meta property=\"og:site_name\" content=\"NANOCLEAN\" \/>\n<meta property=\"article:modified_time\" content=\"2025-10-24T12:42:33+00:00\" \/>\n<meta property=\"og:image\" content=\"https:\/\/nanoclean24.com\/wp-content\/uploads\/2025\/09\/U704-4.png\" \/>\n\t<meta property=\"og:image:width\" content=\"1200\" \/>\n\t<meta property=\"og:image:height\" content=\"1200\" \/>\n\t<meta property=\"og:image:type\" content=\"image\/png\" \/>\n<meta name=\"twitter:card\" content=\"summary_large_image\" \/>\n<meta name=\"twitter:label1\" content=\"Gesch\u00e4tzte Lesezeit\" \/>\n\t<meta name=\"twitter:data1\" content=\"1\u00a0Minute\" \/>\n<script type=\"application\/ld+json\" class=\"yoast-schema-graph\">{\"@context\":\"https:\/\/schema.org\",\"@graph\":[{\"@type\":\"WebPage\",\"@id\":\"https:\/\/nanoclean24.com\/de\/produkte\/nu704-gaslecksuchgeraet\/\",\"url\":\"https:\/\/nanoclean24.com\/de\/produkte\/nu704-gaslecksuchgeraet\/\",\"name\":\"U704 GASLECKSUCHER AEROSOL 500ML - NANOCLEAN\",\"isPartOf\":{\"@id\":\"https:\/\/nanoclean24.com\/de\/#website\"},\"primaryImageOfPage\":{\"@id\":\"https:\/\/nanoclean24.com\/de\/produkte\/nu704-gaslecksuchgeraet\/#primaryimage\"},\"image\":{\"@id\":\"https:\/\/nanoclean24.com\/de\/produkte\/nu704-gaslecksuchgeraet\/#primaryimage\"},\"thumbnailUrl\":\"https:\/\/nanoclean24.com\/wp-content\/uploads\/2025\/09\/U704-4.png\",\"datePublished\":\"2025-09-26T08:31:11+00:00\",\"dateModified\":\"2025-10-24T12:42:33+00:00\",\"breadcrumb\":{\"@id\":\"https:\/\/nanoclean24.com\/de\/produkte\/nu704-gaslecksuchgeraet\/#breadcrumb\"},\"inLanguage\":\"de\",\"potentialAction\":[{\"@type\":\"ReadAction\",\"target\":[\"https:\/\/nanoclean24.com\/de\/produkte\/nu704-gaslecksuchgeraet\/\"]}]},{\"@type\":\"ImageObject\",\"inLanguage\":\"de\",\"@id\":\"https:\/\/nanoclean24.com\/de\/produkte\/nu704-gaslecksuchgeraet\/#primaryimage\",\"url\":\"https:\/\/nanoclean24.com\/wp-content\/uploads\/2025\/09\/U704-4.png\",\"contentUrl\":\"https:\/\/nanoclean24.com\/wp-content\/uploads\/2025\/09\/U704-4.png\",\"width\":1200,\"height\":1200},{\"@type\":\"BreadcrumbList\",\"@id\":\"https:\/\/nanoclean24.com\/de\/produkte\/nu704-gaslecksuchgeraet\/#breadcrumb\",\"itemListElement\":[{\"@type\":\"ListItem\",\"position\":1,\"name\":\"Strona g\u0142\u00f3wna\",\"item\":\"https:\/\/nanoclean24.com\/de\/\"},{\"@type\":\"ListItem\",\"position\":2,\"name\":\"Shop\",\"item\":\"https:\/\/nanoclean24.com\/de\/shop\/\"},{\"@type\":\"ListItem\",\"position\":3,\"name\":\"U704 GASLECKSUCHER AEROSOL 500ML\"}]},{\"@type\":\"WebSite\",\"@id\":\"https:\/\/nanoclean24.com\/de\/#website\",\"url\":\"https:\/\/nanoclean24.com\/de\/\",\"name\":\"NanoClean\",\"description\":\"\",\"publisher\":{\"@id\":\"https:\/\/nanoclean24.com\/de\/#organization\"},\"potentialAction\":[{\"@type\":\"SearchAction\",\"target\":{\"@type\":\"EntryPoint\",\"urlTemplate\":\"https:\/\/nanoclean24.com\/de\/?s={search_term_string}\"},\"query-input\":{\"@type\":\"PropertyValueSpecification\",\"valueRequired\":true,\"valueName\":\"search_term_string\"}}],\"inLanguage\":\"de\"},{\"@type\":\"Organization\",\"@id\":\"https:\/\/nanoclean24.com\/de\/#organization\",\"name\":\"NanoClean\",\"url\":\"https:\/\/nanoclean24.com\/de\/\",\"logo\":{\"@type\":\"ImageObject\",\"inLanguage\":\"de\",\"@id\":\"https:\/\/nanoclean24.com\/de\/#\/schema\/logo\/image\/\",\"url\":\"https:\/\/nanoclean24.com\/wp-content\/uploads\/2025\/07\/logo-2.jpg\",\"contentUrl\":\"https:\/\/nanoclean24.com\/wp-content\/uploads\/2025\/07\/logo-2.jpg\",\"width\":1068,\"height\":224,\"caption\":\"NanoClean\"},\"image\":{\"@id\":\"https:\/\/nanoclean24.com\/de\/#\/schema\/logo\/image\/\"}}]}<\/script>\n<!-- \/ Yoast SEO plugin. -->","yoast_head_json":{"title":"U704 GASLECKSUCHER AEROSOL 500ML - NANOCLEAN","robots":{"index":"index","follow":"follow","max-snippet":"max-snippet:-1","max-image-preview":"max-image-preview:large","max-video-preview":"max-video-preview:-1"},"canonical":"https:\/\/nanoclean24.com\/de\/produkte\/nu704-gaslecksuchgeraet\/","og_locale":"de_DE","og_type":"article","og_title":"U704 GASLECKSUCHER AEROSOL 500ML - NANOCLEAN","og_description":"GASLECKSUCHER \u2705 Hocheffektiv: ortet Lecks pr\u00e4zise, auch kleinste Lecks (&lt;7 mbar). \u2705 Vielseitig einsetzbar: ideal f\u00fcr Gas-, Pneumatik-, Automobil-, K\u00fchl- und Industrieanlagen, einschlie\u00dflich Energie, Bergbau, Automobil-, Bau-, Schiffbau-, Papier- und Chemieindustrie. \u2705 Einfache Anwendung: Das praktische Aerosol mit 360\u00b0-Ventil erm\u00f6glicht die Anwendung in jeder Position und bietet Flexibilit\u00e4t in jeder Situation. \u2705 Ungiftig und nicht \u00e4tzend: Sicher f\u00fcr den Benutzer und die Ausr\u00fcstung, ohne sch\u00e4dliche oder \u00e4tzende Auswirkungen. \u2705 Umweltvertr\u00e4glich: Das Tr\u00e4gergas ist \u00f6kologisch unbedenklich. \u2705 Nicht brennbar und nicht reizend: Eine Formulierung, die unter einer Vielzahl von Bedingungen sicher verwendet werden kann, ohne dass ein Brand- oder Reizungsrisiko besteht. \u2705 DVGW-konform: Erf\u00fcllt die h\u00f6chsten Industriestandards f\u00fcr Gassicherheit.","og_url":"https:\/\/nanoclean24.com\/de\/produkte\/nu704-gaslecksuchgeraet\/","og_site_name":"NANOCLEAN","article_modified_time":"2025-10-24T12:42:33+00:00","og_image":[{"width":1200,"height":1200,"url":"https:\/\/nanoclean24.com\/wp-content\/uploads\/2025\/09\/U704-4.png","type":"image\/png"}],"twitter_card":"summary_large_image","twitter_misc":{"Gesch\u00e4tzte Lesezeit":"1\u00a0Minute"},"schema":{"@context":"https:\/\/schema.org","@graph":[{"@type":"WebPage","@id":"https:\/\/nanoclean24.com\/de\/produkte\/nu704-gaslecksuchgeraet\/","url":"https:\/\/nanoclean24.com\/de\/produkte\/nu704-gaslecksuchgeraet\/","name":"U704 GASLECKSUCHER AEROSOL 500ML - NANOCLEAN","isPartOf":{"@id":"https:\/\/nanoclean24.com\/de\/#website"},"primaryImageOfPage":{"@id":"https:\/\/nanoclean24.com\/de\/produkte\/nu704-gaslecksuchgeraet\/#primaryimage"},"image":{"@id":"https:\/\/nanoclean24.com\/de\/produkte\/nu704-gaslecksuchgeraet\/#primaryimage"},"thumbnailUrl":"https:\/\/nanoclean24.com\/wp-content\/uploads\/2025\/09\/U704-4.png","datePublished":"2025-09-26T08:31:11+00:00","dateModified":"2025-10-24T12:42:33+00:00","breadcrumb":{"@id":"https:\/\/nanoclean24.com\/de\/produkte\/nu704-gaslecksuchgeraet\/#breadcrumb"},"inLanguage":"de","potentialAction":[{"@type":"ReadAction","target":["https:\/\/nanoclean24.com\/de\/produkte\/nu704-gaslecksuchgeraet\/"]}]},{"@type":"ImageObject","inLanguage":"de","@id":"https:\/\/nanoclean24.com\/de\/produkte\/nu704-gaslecksuchgeraet\/#primaryimage","url":"https:\/\/nanoclean24.com\/wp-content\/uploads\/2025\/09\/U704-4.png","contentUrl":"https:\/\/nanoclean24.com\/wp-content\/uploads\/2025\/09\/U704-4.png","width":1200,"height":1200},{"@type":"BreadcrumbList","@id":"https:\/\/nanoclean24.com\/de\/produkte\/nu704-gaslecksuchgeraet\/#breadcrumb","itemListElement":[{"@type":"ListItem","position":1,"name":"Strona g\u0142\u00f3wna","item":"https:\/\/nanoclean24.com\/de\/"},{"@type":"ListItem","position":2,"name":"Shop","item":"https:\/\/nanoclean24.com\/de\/shop\/"},{"@type":"ListItem","position":3,"name":"U704 GASLECKSUCHER AEROSOL 500ML"}]},{"@type":"WebSite","@id":"https:\/\/nanoclean24.com\/de\/#website","url":"https:\/\/nanoclean24.com\/de\/","name":"NanoClean","description":"","publisher":{"@id":"https:\/\/nanoclean24.com\/de\/#organization"},"potentialAction":[{"@type":"SearchAction","target":{"@type":"EntryPoint","urlTemplate":"https:\/\/nanoclean24.com\/de\/?s={search_term_string}"},"query-input":{"@type":"PropertyValueSpecification","valueRequired":true,"valueName":"search_term_string"}}],"inLanguage":"de"},{"@type":"Organization","@id":"https:\/\/nanoclean24.com\/de\/#organization","name":"NanoClean","url":"https:\/\/nanoclean24.com\/de\/","logo":{"@type":"ImageObject","inLanguage":"de","@id":"https:\/\/nanoclean24.com\/de\/#\/schema\/logo\/image\/","url":"https:\/\/nanoclean24.com\/wp-content\/uploads\/2025\/07\/logo-2.jpg","contentUrl":"https:\/\/nanoclean24.com\/wp-content\/uploads\/2025\/07\/logo-2.jpg","width":1068,"height":224,"caption":"NanoClean"},"image":{"@id":"https:\/\/nanoclean24.com\/de\/#\/schema\/logo\/image\/"}}]}},"taxonomy_info":{"product_cat":[{"value":122,"label":"HVAC PRO"}]},"featured_image_src_large":["https:\/\/nanoclean24.com\/wp-content\/uploads\/2025\/09\/U704-4-1024x1024.png",1024,1024,true],"author_info":[],"comment_info":"","_links":{"self":[{"href":"https:\/\/nanoclean24.com\/de\/wp-json\/wp\/v2\/product\/8113","targetHints":{"allow":["GET"]}}],"collection":[{"href":"https:\/\/nanoclean24.com\/de\/wp-json\/wp\/v2\/product"}],"about":[{"href":"https:\/\/nanoclean24.com\/de\/wp-json\/wp\/v2\/types\/product"}],"wp:featuredmedia":[{"embeddable":true,"href":"https:\/\/nanoclean24.com\/de\/wp-json\/wp\/v2\/media\/14534"}],"wp:attachment":[{"href":"https:\/\/nanoclean24.com\/de\/wp-json\/wp\/v2\/media?parent=8113"}],"wp:term":[{"taxonomy":"product_brand","embeddable":true,"href":"https:\/\/nanoclean24.com\/de\/wp-json\/wp\/v2\/product_brand?post=8113"},{"taxonomy":"product_cat","embeddable":true,"href":"https:\/\/nanoclean24.com\/de\/wp-json\/wp\/v2\/product_cat?post=8113"},{"taxonomy":"product_tag","embeddable":true,"href":"https:\/\/nanoclean24.com\/de\/wp-json\/wp\/v2\/product_tag?post=8113"}],"curies":[{"name":"wp","href":"https:\/\/api.w.org\/{rel}","templated":true}]}}