{"id":8106,"date":"2025-09-26T10:27:45","date_gmt":"2025-09-26T08:27:45","guid":{"rendered":"https:\/\/nanoclean24.com\/produkt\/nanoreinigungstuecher\/"},"modified":"2025-09-26T10:27:45","modified_gmt":"2025-09-26T08:27:45","slug":"nanoreinigungstuecher","status":"publish","type":"product","link":"https:\/\/nanoclean24.com\/de\/produkte\/nanoreinigungstuecher\/","title":{"rendered":"NANOREINIGUNGST\u00dcCHER"},"content":{"rendered":"<p>Wirksames Desinfektionsmittel gegen das neue Coronavirus (SARS-CoV-2)<br \/>\nPatentiertes und bew\u00e4hrtes Pr\u00e4parat zur sporiziden Desinfektion. Enth\u00e4lt keinen Alkohol, keine Chlorverbindungen und keine Aldehyde. Hochwirksames Reinigungs- und Desinfektionspr\u00e4parat gegen bakterielle Sporen, Mykobakterien, Bakterien, Pilze und Viren. Das Produkt wurde entwickelt, um das Risiko einer Kreuzkontamination durch Sporen, Mykobakterien, Viren, Pilze und Bakterien zu beseitigen. Es inaktiviert Mikroorganismen und t\u00f6tet sie nachweislich durch Unterbrechung der RNA-Kette der Mikroorganismen ab.    <\/p>\n<p>NANOCLEAN\u00ae AIR Wischt\u00fccher k\u00f6nnen auf jeder Oberfl\u00e4che sicher verwendet werden, da sie mit einer geruchlosen und farblosen Fl\u00fcssigkeit getr\u00e4nkt sind. Ideal f\u00fcr die Beseitigung biologischer Gefahren im Lebensmittelbereich, in der Industrie und in \u00f6ffentlichen Einrichtungen, einschlie\u00dflich Fitnesszentren, Spas, Friseursalons, Sch\u00f6nheitssalons und Massagesalons. Geeignet f\u00fcr die Desinfektion von W\u00e4nden und B\u00f6den von R\u00e4umen, Einrichtungen und Ger\u00e4ten sowie Fl\u00e4chen im medizinischen Bereich. Geeignet f\u00fcr die Desinfektion von Einrichtungen, Ausr\u00fcstungen und allen Fl\u00e4chen, die mit Lebensmitteln in Ber\u00fchrung kommen, im medizinischen Bereich, in der Lebensmittelindustrie und in Einrichtungen.    <\/p>\n<p>Ges\u00e4ttigte, gebrauchsfertige NANOCLEAN\u00ae AIR T\u00fccher sind ideal f\u00fcr die Reinigung und Desinfektion von harten Oberfl\u00e4chen, W\u00e4nden, B\u00f6den und Glaswaren.<\/p>\n","protected":false},"excerpt":{"rendered":"<h3>Gebrauchsfertige T\u00fccher<\/h3>\n<p>\u2705 <strong>Reinigung und Desinfektion<\/strong> in einem Arbeitsgang.<\/p>\n<p>\u2705 <strong>Enth\u00e4lt keinen Alkohol,<\/strong> keine gef\u00e4hrlichen Aldehyde<br \/>\nund keine chlorabspaltenden Stoffe.<\/p>\n<p><strong>Wirksam gegen Bakteriensporen<\/strong> von Clostridium difficile,<br \/>\nBacillus subtilis, Clostridium perfringens, Bacillus cereus.<\/p>\n<p><strong>\u2705 Wirksam gegen ein breites Spektrum von Krankheitserregern<\/strong>, darunter Mykobakterien,<br \/>\nViren, Bakterien, Pilze, Hefen und Schimmelpilze, einschlie\u00dflich MRSA,<br \/>\nHBV, HCV, HIV.<\/p>\n<p>\u2705 <strong>Kann auf allen<\/strong> harten und weichen Oberfl\u00e4chen <strong>verwendet werden<\/strong><br \/>\n.<\/p>\n<p>\u2705 <strong>Verursacht keine Korrosion.<\/strong><\/p>\n<p>\u2705 <strong>Nicht bindende Verunreinigungen.<\/strong><\/p>\n<p>\u2705 <strong>Kein Aktivator erforderlich.<\/strong><\/p>\n<p>\u2705 <strong>Keine D\u00e4mpfe.<\/strong><\/p>\n<p>\u2705 <strong>Biozid-Produkt.<\/strong><\/p>\n","protected":false},"featured_media":2850,"template":"","meta":{"_kad_blocks_custom_css":"","_kad_blocks_head_custom_js":"","_kad_blocks_body_custom_js":"","_kad_blocks_footer_custom_js":"","_kad_post_transparent":"","_kad_post_title":"","_kad_post_layout":"","_kad_post_sidebar_id":"","_kad_post_content_style":"","_kad_post_vertical_padding":"","_kad_post_feature":"","_kad_post_feature_position":"","_kad_post_header":false,"_kad_post_footer":false,"_kad_post_classname":""},"product_brand":[],"product_cat":[130],"product_tag":[],"class_list":{"0":"post-8106","1":"product","2":"type-product","3":"status-publish","4":"has-post-thumbnail","6":"product_cat-med-de","8":"first","9":"outofstock","10":"taxable","11":"shipping-taxable","12":"product-type-simple","13":"entry","14":"content-bg","15":"loop-entry"},"yoast_head":"<!-- This site is optimized with the Yoast SEO plugin v27.4 - https:\/\/yoast.com\/product\/yoast-seo-wordpress\/ -->\n<title>NANOREINIGUNGST\u00dcCHER - NANOCLEAN<\/title>\n<meta name=\"robots\" content=\"index, follow, max-snippet:-1, max-image-preview:large, max-video-preview:-1\" \/>\n<link rel=\"canonical\" href=\"https:\/\/nanoclean24.com\/de\/produkte\/nanoreinigungstuecher\/\" \/>\n<meta property=\"og:locale\" content=\"de_DE\" \/>\n<meta property=\"og:type\" content=\"article\" \/>\n<meta property=\"og:title\" content=\"NANOREINIGUNGST\u00dcCHER - NANOCLEAN\" \/>\n<meta property=\"og:description\" content=\"Gebrauchsfertige T\u00fccher \u2705 Reinigung und Desinfektion in einem Arbeitsgang. \u2705 Enth\u00e4lt keinen Alkohol, keine gef\u00e4hrlichen Aldehyde und keine chlorabspaltenden Stoffe. Wirksam gegen Bakteriensporen von Clostridium difficile, Bacillus subtilis, Clostridium perfringens, Bacillus cereus. \u2705 Wirksam gegen ein breites Spektrum von Krankheitserregern, darunter Mykobakterien, Viren, Bakterien, Pilze, Hefen und Schimmelpilze, einschlie\u00dflich MRSA, HBV, HCV, HIV. \u2705 Kann auf allen harten und weichen Oberfl\u00e4chen verwendet werden . \u2705 Verursacht keine Korrosion. \u2705 Nicht bindende Verunreinigungen. \u2705 Kein Aktivator erforderlich. \u2705 Keine D\u00e4mpfe. \u2705 Biozid-Produkt.\" \/>\n<meta property=\"og:url\" content=\"https:\/\/nanoclean24.com\/de\/produkte\/nanoreinigungstuecher\/\" \/>\n<meta property=\"og:site_name\" content=\"NANOCLEAN\" \/>\n<meta property=\"og:image\" content=\"https:\/\/nanoclean24.com\/wp-content\/uploads\/2025\/07\/wipes_pl.jpg\" \/>\n\t<meta property=\"og:image:width\" content=\"1200\" \/>\n\t<meta property=\"og:image:height\" content=\"1200\" \/>\n\t<meta property=\"og:image:type\" content=\"image\/jpeg\" \/>\n<meta name=\"twitter:card\" content=\"summary_large_image\" \/>\n<meta name=\"twitter:label1\" content=\"Gesch\u00e4tzte Lesezeit\" \/>\n\t<meta name=\"twitter:data1\" content=\"1\u00a0Minute\" \/>\n<script type=\"application\/ld+json\" class=\"yoast-schema-graph\">{\"@context\":\"https:\\\/\\\/schema.org\",\"@graph\":[{\"@type\":\"WebPage\",\"@id\":\"https:\\\/\\\/nanoclean24.com\\\/de\\\/produkte\\\/nanoreinigungstuecher\\\/\",\"url\":\"https:\\\/\\\/nanoclean24.com\\\/de\\\/produkte\\\/nanoreinigungstuecher\\\/\",\"name\":\"NANOREINIGUNGST\u00dcCHER - NANOCLEAN\",\"isPartOf\":{\"@id\":\"https:\\\/\\\/nanoclean24.com\\\/de\\\/#website\"},\"primaryImageOfPage\":{\"@id\":\"https:\\\/\\\/nanoclean24.com\\\/de\\\/produkte\\\/nanoreinigungstuecher\\\/#primaryimage\"},\"image\":{\"@id\":\"https:\\\/\\\/nanoclean24.com\\\/de\\\/produkte\\\/nanoreinigungstuecher\\\/#primaryimage\"},\"thumbnailUrl\":\"https:\\\/\\\/nanoclean24.com\\\/wp-content\\\/uploads\\\/2025\\\/07\\\/wipes_pl.jpg\",\"datePublished\":\"2025-09-26T08:27:45+00:00\",\"breadcrumb\":{\"@id\":\"https:\\\/\\\/nanoclean24.com\\\/de\\\/produkte\\\/nanoreinigungstuecher\\\/#breadcrumb\"},\"inLanguage\":\"de\",\"potentialAction\":[{\"@type\":\"ReadAction\",\"target\":[\"https:\\\/\\\/nanoclean24.com\\\/de\\\/produkte\\\/nanoreinigungstuecher\\\/\"]}]},{\"@type\":\"ImageObject\",\"inLanguage\":\"de\",\"@id\":\"https:\\\/\\\/nanoclean24.com\\\/de\\\/produkte\\\/nanoreinigungstuecher\\\/#primaryimage\",\"url\":\"https:\\\/\\\/nanoclean24.com\\\/wp-content\\\/uploads\\\/2025\\\/07\\\/wipes_pl.jpg\",\"contentUrl\":\"https:\\\/\\\/nanoclean24.com\\\/wp-content\\\/uploads\\\/2025\\\/07\\\/wipes_pl.jpg\",\"width\":1200,\"height\":1200},{\"@type\":\"BreadcrumbList\",\"@id\":\"https:\\\/\\\/nanoclean24.com\\\/de\\\/produkte\\\/nanoreinigungstuecher\\\/#breadcrumb\",\"itemListElement\":[{\"@type\":\"ListItem\",\"position\":1,\"name\":\"Strona g\u0142\u00f3wna\",\"item\":\"https:\\\/\\\/nanoclean24.com\\\/de\\\/\"},{\"@type\":\"ListItem\",\"position\":2,\"name\":\"Shop\",\"item\":\"https:\\\/\\\/nanoclean24.com\\\/de\\\/shop\\\/\"},{\"@type\":\"ListItem\",\"position\":3,\"name\":\"NANOREINIGUNGST\u00dcCHER\"}]},{\"@type\":\"WebSite\",\"@id\":\"https:\\\/\\\/nanoclean24.com\\\/de\\\/#website\",\"url\":\"https:\\\/\\\/nanoclean24.com\\\/de\\\/\",\"name\":\"NanoClean\",\"description\":\"\",\"publisher\":{\"@id\":\"https:\\\/\\\/nanoclean24.com\\\/de\\\/#organization\"},\"potentialAction\":[{\"@type\":\"SearchAction\",\"target\":{\"@type\":\"EntryPoint\",\"urlTemplate\":\"https:\\\/\\\/nanoclean24.com\\\/de\\\/?s={search_term_string}\"},\"query-input\":{\"@type\":\"PropertyValueSpecification\",\"valueRequired\":true,\"valueName\":\"search_term_string\"}}],\"inLanguage\":\"de\"},{\"@type\":\"Organization\",\"@id\":\"https:\\\/\\\/nanoclean24.com\\\/de\\\/#organization\",\"name\":\"NanoClean\",\"url\":\"https:\\\/\\\/nanoclean24.com\\\/de\\\/\",\"logo\":{\"@type\":\"ImageObject\",\"inLanguage\":\"de\",\"@id\":\"https:\\\/\\\/nanoclean24.com\\\/de\\\/#\\\/schema\\\/logo\\\/image\\\/\",\"url\":\"https:\\\/\\\/nanoclean24.com\\\/wp-content\\\/uploads\\\/2025\\\/07\\\/logo-2.jpg\",\"contentUrl\":\"https:\\\/\\\/nanoclean24.com\\\/wp-content\\\/uploads\\\/2025\\\/07\\\/logo-2.jpg\",\"width\":1068,\"height\":224,\"caption\":\"NanoClean\"},\"image\":{\"@id\":\"https:\\\/\\\/nanoclean24.com\\\/de\\\/#\\\/schema\\\/logo\\\/image\\\/\"}}]}<\/script>\n<!-- \/ Yoast SEO plugin. -->","yoast_head_json":{"title":"NANOREINIGUNGST\u00dcCHER - NANOCLEAN","robots":{"index":"index","follow":"follow","max-snippet":"max-snippet:-1","max-image-preview":"max-image-preview:large","max-video-preview":"max-video-preview:-1"},"canonical":"https:\/\/nanoclean24.com\/de\/produkte\/nanoreinigungstuecher\/","og_locale":"de_DE","og_type":"article","og_title":"NANOREINIGUNGST\u00dcCHER - NANOCLEAN","og_description":"Gebrauchsfertige T\u00fccher \u2705 Reinigung und Desinfektion in einem Arbeitsgang. \u2705 Enth\u00e4lt keinen Alkohol, keine gef\u00e4hrlichen Aldehyde und keine chlorabspaltenden Stoffe. Wirksam gegen Bakteriensporen von Clostridium difficile, Bacillus subtilis, Clostridium perfringens, Bacillus cereus. \u2705 Wirksam gegen ein breites Spektrum von Krankheitserregern, darunter Mykobakterien, Viren, Bakterien, Pilze, Hefen und Schimmelpilze, einschlie\u00dflich MRSA, HBV, HCV, HIV. \u2705 Kann auf allen harten und weichen Oberfl\u00e4chen verwendet werden . \u2705 Verursacht keine Korrosion. \u2705 Nicht bindende Verunreinigungen. \u2705 Kein Aktivator erforderlich. \u2705 Keine D\u00e4mpfe. \u2705 Biozid-Produkt.","og_url":"https:\/\/nanoclean24.com\/de\/produkte\/nanoreinigungstuecher\/","og_site_name":"NANOCLEAN","og_image":[{"width":1200,"height":1200,"url":"https:\/\/nanoclean24.com\/wp-content\/uploads\/2025\/07\/wipes_pl.jpg","type":"image\/jpeg"}],"twitter_card":"summary_large_image","twitter_misc":{"Gesch\u00e4tzte Lesezeit":"1\u00a0Minute"},"schema":{"@context":"https:\/\/schema.org","@graph":[{"@type":"WebPage","@id":"https:\/\/nanoclean24.com\/de\/produkte\/nanoreinigungstuecher\/","url":"https:\/\/nanoclean24.com\/de\/produkte\/nanoreinigungstuecher\/","name":"NANOREINIGUNGST\u00dcCHER - NANOCLEAN","isPartOf":{"@id":"https:\/\/nanoclean24.com\/de\/#website"},"primaryImageOfPage":{"@id":"https:\/\/nanoclean24.com\/de\/produkte\/nanoreinigungstuecher\/#primaryimage"},"image":{"@id":"https:\/\/nanoclean24.com\/de\/produkte\/nanoreinigungstuecher\/#primaryimage"},"thumbnailUrl":"https:\/\/nanoclean24.com\/wp-content\/uploads\/2025\/07\/wipes_pl.jpg","datePublished":"2025-09-26T08:27:45+00:00","breadcrumb":{"@id":"https:\/\/nanoclean24.com\/de\/produkte\/nanoreinigungstuecher\/#breadcrumb"},"inLanguage":"de","potentialAction":[{"@type":"ReadAction","target":["https:\/\/nanoclean24.com\/de\/produkte\/nanoreinigungstuecher\/"]}]},{"@type":"ImageObject","inLanguage":"de","@id":"https:\/\/nanoclean24.com\/de\/produkte\/nanoreinigungstuecher\/#primaryimage","url":"https:\/\/nanoclean24.com\/wp-content\/uploads\/2025\/07\/wipes_pl.jpg","contentUrl":"https:\/\/nanoclean24.com\/wp-content\/uploads\/2025\/07\/wipes_pl.jpg","width":1200,"height":1200},{"@type":"BreadcrumbList","@id":"https:\/\/nanoclean24.com\/de\/produkte\/nanoreinigungstuecher\/#breadcrumb","itemListElement":[{"@type":"ListItem","position":1,"name":"Strona g\u0142\u00f3wna","item":"https:\/\/nanoclean24.com\/de\/"},{"@type":"ListItem","position":2,"name":"Shop","item":"https:\/\/nanoclean24.com\/de\/shop\/"},{"@type":"ListItem","position":3,"name":"NANOREINIGUNGST\u00dcCHER"}]},{"@type":"WebSite","@id":"https:\/\/nanoclean24.com\/de\/#website","url":"https:\/\/nanoclean24.com\/de\/","name":"NanoClean","description":"","publisher":{"@id":"https:\/\/nanoclean24.com\/de\/#organization"},"potentialAction":[{"@type":"SearchAction","target":{"@type":"EntryPoint","urlTemplate":"https:\/\/nanoclean24.com\/de\/?s={search_term_string}"},"query-input":{"@type":"PropertyValueSpecification","valueRequired":true,"valueName":"search_term_string"}}],"inLanguage":"de"},{"@type":"Organization","@id":"https:\/\/nanoclean24.com\/de\/#organization","name":"NanoClean","url":"https:\/\/nanoclean24.com\/de\/","logo":{"@type":"ImageObject","inLanguage":"de","@id":"https:\/\/nanoclean24.com\/de\/#\/schema\/logo\/image\/","url":"https:\/\/nanoclean24.com\/wp-content\/uploads\/2025\/07\/logo-2.jpg","contentUrl":"https:\/\/nanoclean24.com\/wp-content\/uploads\/2025\/07\/logo-2.jpg","width":1068,"height":224,"caption":"NanoClean"},"image":{"@id":"https:\/\/nanoclean24.com\/de\/#\/schema\/logo\/image\/"}}]}},"taxonomy_info":{"product_cat":[{"value":130,"label":"MED PRO"}]},"featured_image_src_large":["https:\/\/nanoclean24.com\/wp-content\/uploads\/2025\/07\/wipes_pl-1024x1024.jpg",1024,1024,true],"author_info":[],"comment_info":"","_links":{"self":[{"href":"https:\/\/nanoclean24.com\/de\/wp-json\/wp\/v2\/product\/8106","targetHints":{"allow":["GET"]}}],"collection":[{"href":"https:\/\/nanoclean24.com\/de\/wp-json\/wp\/v2\/product"}],"about":[{"href":"https:\/\/nanoclean24.com\/de\/wp-json\/wp\/v2\/types\/product"}],"wp:featuredmedia":[{"embeddable":true,"href":"https:\/\/nanoclean24.com\/de\/wp-json\/wp\/v2\/media\/2850"}],"wp:attachment":[{"href":"https:\/\/nanoclean24.com\/de\/wp-json\/wp\/v2\/media?parent=8106"}],"wp:term":[{"taxonomy":"product_brand","embeddable":true,"href":"https:\/\/nanoclean24.com\/de\/wp-json\/wp\/v2\/product_brand?post=8106"},{"taxonomy":"product_cat","embeddable":true,"href":"https:\/\/nanoclean24.com\/de\/wp-json\/wp\/v2\/product_cat?post=8106"},{"taxonomy":"product_tag","embeddable":true,"href":"https:\/\/nanoclean24.com\/de\/wp-json\/wp\/v2\/product_tag?post=8106"}],"curies":[{"name":"wp","href":"https:\/\/api.w.org\/{rel}","templated":true}]}}