{"id":8098,"date":"2025-09-26T10:27:45","date_gmt":"2025-09-26T08:27:45","guid":{"rendered":"https:\/\/nanoclean24.com\/produkt\/nanoclean-gun\/"},"modified":"2025-10-24T15:12:45","modified_gmt":"2025-10-24T13:12:45","slug":"nanoclean-gun","status":"publish","type":"product","link":"https:\/\/nanoclean24.com\/de\/produkte\/nanoclean-gun\/","title":{"rendered":"NANOCLEAN GUN Druckpistole"},"content":{"rendered":"<p style=\"margin-bottom: 32px\"><strong>Anwendung<\/strong><\/p>\n<p>Das Kit ist ideal f\u00fcr B\u00fcros, Bildungseinrichtungen, Kliniken, Gesch\u00e4fte, Aufz\u00fcge, Warter\u00e4ume, \u00f6ffentliche Verkehrsmittel und \u00fcberall dort, wo eine wirksame und schnelle Desinfektion erforderlich ist.<\/p>\n<h3><strong>\ud83d\udccb Beschreibung des Vernebelungsprozesses<\/strong><\/h3>\n<p>Mit einer Nebelpistole, die an ein Druckluftsystem oder einen Kompressor angeschlossen wird, wird ein ultrafeiner Nebel (1-10 \u03bcm) erzeugt, der den Raum gleichm\u00e4\u00dfig ausf\u00fcllt und sowohl die Oberfl\u00e4chen als auch die Raumluft desinfiziert. Der Vernebelungsprozess ist schnell und effektiv und dauert nur 1 Minute pro 5 m\u00b2 (15 m\u00b3) Raum. In der Praxis wird ein Raum mit einem Volumen von 10 m\u00b2 (30 m\u00b3) in nur 2 Minuten vernebelt.  <\/p>\n<p>&nbsp;<\/p>\n","protected":false},"excerpt":{"rendered":"<h3>Kit zur Fl\u00e4chendesinfektion mit Trockennebel<\/h3>\n<p><strong>K\u00fcrzeste Desinfektionszeit<\/strong> &#8211; Vernebelung eines Raumes in etwa 15 Minuten.<\/p>\n<p><strong>\u2705 Gepr\u00fcfte Wirksamkeit<\/strong> &#8211; volles biozides Spektrum in 5 Minuten.<\/p>\n<p>\u2705 <strong>Gleichm\u00e4\u00dfig verteilter Nebel,<\/strong> auch an schwer zug\u00e4nglichen Stellen.<\/p>\n<p><strong>\u2705 Nach dem Auftragen muss die Oberfl\u00e4che nicht abgewischt werden<\/strong> &#8211; der Nebel hinterl\u00e4sst keine Feuchtigkeit.<\/p>\n<p>\u2705 <strong>Wirtschaftliche L\u00f6sung<\/strong> &#8211; geringer Fl\u00fcssigkeitsverbrauch und schnelle Anwendung.<\/p>\n<p>\u2705 <strong>Sicher und einfach in der Anwendung<\/strong> &#8211; keine brennbaren Stoffe, benutzerfreundlich.<\/p>\n","protected":false},"featured_media":2866,"template":"","meta":{"_kad_blocks_custom_css":"","_kad_blocks_head_custom_js":"","_kad_blocks_body_custom_js":"","_kad_blocks_footer_custom_js":"","_kad_post_transparent":"","_kad_post_title":"","_kad_post_layout":"","_kad_post_sidebar_id":"","_kad_post_content_style":"","_kad_post_vertical_padding":"","_kad_post_feature":"","_kad_post_feature_position":"","_kad_post_header":false,"_kad_post_footer":false,"_kad_post_classname":""},"product_brand":[],"product_cat":[130],"product_tag":[],"class_list":{"0":"post-8098","1":"product","2":"type-product","3":"status-publish","4":"has-post-thumbnail","6":"product_cat-med-de","8":"first","9":"outofstock","10":"taxable","11":"shipping-taxable","12":"product-type-simple","13":"entry","14":"content-bg","15":"loop-entry"},"yoast_head":"<!-- This site is optimized with the Yoast SEO plugin v27.4 - https:\/\/yoast.com\/product\/yoast-seo-wordpress\/ -->\n<title>NANOCLEAN GUN Druckpistole - NANOCLEAN<\/title>\n<meta name=\"robots\" content=\"index, follow, max-snippet:-1, max-image-preview:large, max-video-preview:-1\" \/>\n<link rel=\"canonical\" href=\"https:\/\/nanoclean24.com\/de\/produkte\/nanoclean-gun\/\" \/>\n<meta property=\"og:locale\" content=\"de_DE\" \/>\n<meta property=\"og:type\" content=\"article\" \/>\n<meta property=\"og:title\" content=\"NANOCLEAN GUN Druckpistole - NANOCLEAN\" \/>\n<meta property=\"og:description\" content=\"Kit zur Fl\u00e4chendesinfektion mit Trockennebel K\u00fcrzeste Desinfektionszeit - Vernebelung eines Raumes in etwa 15 Minuten. \u2705 Gepr\u00fcfte Wirksamkeit - volles biozides Spektrum in 5 Minuten. \u2705 Gleichm\u00e4\u00dfig verteilter Nebel, auch an schwer zug\u00e4nglichen Stellen. \u2705 Nach dem Auftragen muss die Oberfl\u00e4che nicht abgewischt werden - der Nebel hinterl\u00e4sst keine Feuchtigkeit. \u2705 Wirtschaftliche L\u00f6sung - geringer Fl\u00fcssigkeitsverbrauch und schnelle Anwendung. \u2705 Sicher und einfach in der Anwendung - keine brennbaren Stoffe, benutzerfreundlich.\" \/>\n<meta property=\"og:url\" content=\"https:\/\/nanoclean24.com\/de\/produkte\/nanoclean-gun\/\" \/>\n<meta property=\"og:site_name\" content=\"NANOCLEAN\" \/>\n<meta property=\"article:modified_time\" content=\"2025-10-24T13:12:45+00:00\" \/>\n<meta property=\"og:image\" content=\"https:\/\/nanoclean24.com\/wp-content\/uploads\/2025\/07\/gun_pl.jpg\" \/>\n\t<meta property=\"og:image:width\" content=\"1200\" \/>\n\t<meta property=\"og:image:height\" content=\"1200\" \/>\n\t<meta property=\"og:image:type\" content=\"image\/jpeg\" \/>\n<meta name=\"twitter:card\" content=\"summary_large_image\" \/>\n<meta name=\"twitter:label1\" content=\"Gesch\u00e4tzte Lesezeit\" \/>\n\t<meta name=\"twitter:data1\" content=\"1\u00a0Minute\" \/>\n<script type=\"application\/ld+json\" class=\"yoast-schema-graph\">{\"@context\":\"https:\\\/\\\/schema.org\",\"@graph\":[{\"@type\":\"WebPage\",\"@id\":\"https:\\\/\\\/nanoclean24.com\\\/de\\\/produkte\\\/nanoclean-gun\\\/\",\"url\":\"https:\\\/\\\/nanoclean24.com\\\/de\\\/produkte\\\/nanoclean-gun\\\/\",\"name\":\"NANOCLEAN GUN Druckpistole - NANOCLEAN\",\"isPartOf\":{\"@id\":\"https:\\\/\\\/nanoclean24.com\\\/de\\\/#website\"},\"primaryImageOfPage\":{\"@id\":\"https:\\\/\\\/nanoclean24.com\\\/de\\\/produkte\\\/nanoclean-gun\\\/#primaryimage\"},\"image\":{\"@id\":\"https:\\\/\\\/nanoclean24.com\\\/de\\\/produkte\\\/nanoclean-gun\\\/#primaryimage\"},\"thumbnailUrl\":\"https:\\\/\\\/nanoclean24.com\\\/wp-content\\\/uploads\\\/2025\\\/07\\\/gun_pl.jpg\",\"datePublished\":\"2025-09-26T08:27:45+00:00\",\"dateModified\":\"2025-10-24T13:12:45+00:00\",\"breadcrumb\":{\"@id\":\"https:\\\/\\\/nanoclean24.com\\\/de\\\/produkte\\\/nanoclean-gun\\\/#breadcrumb\"},\"inLanguage\":\"de\",\"potentialAction\":[{\"@type\":\"ReadAction\",\"target\":[\"https:\\\/\\\/nanoclean24.com\\\/de\\\/produkte\\\/nanoclean-gun\\\/\"]}]},{\"@type\":\"ImageObject\",\"inLanguage\":\"de\",\"@id\":\"https:\\\/\\\/nanoclean24.com\\\/de\\\/produkte\\\/nanoclean-gun\\\/#primaryimage\",\"url\":\"https:\\\/\\\/nanoclean24.com\\\/wp-content\\\/uploads\\\/2025\\\/07\\\/gun_pl.jpg\",\"contentUrl\":\"https:\\\/\\\/nanoclean24.com\\\/wp-content\\\/uploads\\\/2025\\\/07\\\/gun_pl.jpg\",\"width\":1200,\"height\":1200},{\"@type\":\"BreadcrumbList\",\"@id\":\"https:\\\/\\\/nanoclean24.com\\\/de\\\/produkte\\\/nanoclean-gun\\\/#breadcrumb\",\"itemListElement\":[{\"@type\":\"ListItem\",\"position\":1,\"name\":\"Strona g\u0142\u00f3wna\",\"item\":\"https:\\\/\\\/nanoclean24.com\\\/de\\\/\"},{\"@type\":\"ListItem\",\"position\":2,\"name\":\"Shop\",\"item\":\"https:\\\/\\\/nanoclean24.com\\\/de\\\/shop\\\/\"},{\"@type\":\"ListItem\",\"position\":3,\"name\":\"NANOCLEAN GUN Druckpistole\"}]},{\"@type\":\"WebSite\",\"@id\":\"https:\\\/\\\/nanoclean24.com\\\/de\\\/#website\",\"url\":\"https:\\\/\\\/nanoclean24.com\\\/de\\\/\",\"name\":\"NanoClean\",\"description\":\"\",\"publisher\":{\"@id\":\"https:\\\/\\\/nanoclean24.com\\\/de\\\/#organization\"},\"potentialAction\":[{\"@type\":\"SearchAction\",\"target\":{\"@type\":\"EntryPoint\",\"urlTemplate\":\"https:\\\/\\\/nanoclean24.com\\\/de\\\/?s={search_term_string}\"},\"query-input\":{\"@type\":\"PropertyValueSpecification\",\"valueRequired\":true,\"valueName\":\"search_term_string\"}}],\"inLanguage\":\"de\"},{\"@type\":\"Organization\",\"@id\":\"https:\\\/\\\/nanoclean24.com\\\/de\\\/#organization\",\"name\":\"NanoClean\",\"url\":\"https:\\\/\\\/nanoclean24.com\\\/de\\\/\",\"logo\":{\"@type\":\"ImageObject\",\"inLanguage\":\"de\",\"@id\":\"https:\\\/\\\/nanoclean24.com\\\/de\\\/#\\\/schema\\\/logo\\\/image\\\/\",\"url\":\"https:\\\/\\\/nanoclean24.com\\\/wp-content\\\/uploads\\\/2025\\\/07\\\/logo-2.jpg\",\"contentUrl\":\"https:\\\/\\\/nanoclean24.com\\\/wp-content\\\/uploads\\\/2025\\\/07\\\/logo-2.jpg\",\"width\":1068,\"height\":224,\"caption\":\"NanoClean\"},\"image\":{\"@id\":\"https:\\\/\\\/nanoclean24.com\\\/de\\\/#\\\/schema\\\/logo\\\/image\\\/\"}}]}<\/script>\n<!-- \/ Yoast SEO plugin. -->","yoast_head_json":{"title":"NANOCLEAN GUN Druckpistole - NANOCLEAN","robots":{"index":"index","follow":"follow","max-snippet":"max-snippet:-1","max-image-preview":"max-image-preview:large","max-video-preview":"max-video-preview:-1"},"canonical":"https:\/\/nanoclean24.com\/de\/produkte\/nanoclean-gun\/","og_locale":"de_DE","og_type":"article","og_title":"NANOCLEAN GUN Druckpistole - NANOCLEAN","og_description":"Kit zur Fl\u00e4chendesinfektion mit Trockennebel K\u00fcrzeste Desinfektionszeit - Vernebelung eines Raumes in etwa 15 Minuten. \u2705 Gepr\u00fcfte Wirksamkeit - volles biozides Spektrum in 5 Minuten. \u2705 Gleichm\u00e4\u00dfig verteilter Nebel, auch an schwer zug\u00e4nglichen Stellen. \u2705 Nach dem Auftragen muss die Oberfl\u00e4che nicht abgewischt werden - der Nebel hinterl\u00e4sst keine Feuchtigkeit. \u2705 Wirtschaftliche L\u00f6sung - geringer Fl\u00fcssigkeitsverbrauch und schnelle Anwendung. \u2705 Sicher und einfach in der Anwendung - keine brennbaren Stoffe, benutzerfreundlich.","og_url":"https:\/\/nanoclean24.com\/de\/produkte\/nanoclean-gun\/","og_site_name":"NANOCLEAN","article_modified_time":"2025-10-24T13:12:45+00:00","og_image":[{"width":1200,"height":1200,"url":"https:\/\/nanoclean24.com\/wp-content\/uploads\/2025\/07\/gun_pl.jpg","type":"image\/jpeg"}],"twitter_card":"summary_large_image","twitter_misc":{"Gesch\u00e4tzte Lesezeit":"1\u00a0Minute"},"schema":{"@context":"https:\/\/schema.org","@graph":[{"@type":"WebPage","@id":"https:\/\/nanoclean24.com\/de\/produkte\/nanoclean-gun\/","url":"https:\/\/nanoclean24.com\/de\/produkte\/nanoclean-gun\/","name":"NANOCLEAN GUN Druckpistole - NANOCLEAN","isPartOf":{"@id":"https:\/\/nanoclean24.com\/de\/#website"},"primaryImageOfPage":{"@id":"https:\/\/nanoclean24.com\/de\/produkte\/nanoclean-gun\/#primaryimage"},"image":{"@id":"https:\/\/nanoclean24.com\/de\/produkte\/nanoclean-gun\/#primaryimage"},"thumbnailUrl":"https:\/\/nanoclean24.com\/wp-content\/uploads\/2025\/07\/gun_pl.jpg","datePublished":"2025-09-26T08:27:45+00:00","dateModified":"2025-10-24T13:12:45+00:00","breadcrumb":{"@id":"https:\/\/nanoclean24.com\/de\/produkte\/nanoclean-gun\/#breadcrumb"},"inLanguage":"de","potentialAction":[{"@type":"ReadAction","target":["https:\/\/nanoclean24.com\/de\/produkte\/nanoclean-gun\/"]}]},{"@type":"ImageObject","inLanguage":"de","@id":"https:\/\/nanoclean24.com\/de\/produkte\/nanoclean-gun\/#primaryimage","url":"https:\/\/nanoclean24.com\/wp-content\/uploads\/2025\/07\/gun_pl.jpg","contentUrl":"https:\/\/nanoclean24.com\/wp-content\/uploads\/2025\/07\/gun_pl.jpg","width":1200,"height":1200},{"@type":"BreadcrumbList","@id":"https:\/\/nanoclean24.com\/de\/produkte\/nanoclean-gun\/#breadcrumb","itemListElement":[{"@type":"ListItem","position":1,"name":"Strona g\u0142\u00f3wna","item":"https:\/\/nanoclean24.com\/de\/"},{"@type":"ListItem","position":2,"name":"Shop","item":"https:\/\/nanoclean24.com\/de\/shop\/"},{"@type":"ListItem","position":3,"name":"NANOCLEAN GUN Druckpistole"}]},{"@type":"WebSite","@id":"https:\/\/nanoclean24.com\/de\/#website","url":"https:\/\/nanoclean24.com\/de\/","name":"NanoClean","description":"","publisher":{"@id":"https:\/\/nanoclean24.com\/de\/#organization"},"potentialAction":[{"@type":"SearchAction","target":{"@type":"EntryPoint","urlTemplate":"https:\/\/nanoclean24.com\/de\/?s={search_term_string}"},"query-input":{"@type":"PropertyValueSpecification","valueRequired":true,"valueName":"search_term_string"}}],"inLanguage":"de"},{"@type":"Organization","@id":"https:\/\/nanoclean24.com\/de\/#organization","name":"NanoClean","url":"https:\/\/nanoclean24.com\/de\/","logo":{"@type":"ImageObject","inLanguage":"de","@id":"https:\/\/nanoclean24.com\/de\/#\/schema\/logo\/image\/","url":"https:\/\/nanoclean24.com\/wp-content\/uploads\/2025\/07\/logo-2.jpg","contentUrl":"https:\/\/nanoclean24.com\/wp-content\/uploads\/2025\/07\/logo-2.jpg","width":1068,"height":224,"caption":"NanoClean"},"image":{"@id":"https:\/\/nanoclean24.com\/de\/#\/schema\/logo\/image\/"}}]}},"taxonomy_info":{"product_cat":[{"value":130,"label":"MED PRO"}]},"featured_image_src_large":["https:\/\/nanoclean24.com\/wp-content\/uploads\/2025\/07\/gun_pl-1024x1024.jpg",1024,1024,true],"author_info":[],"comment_info":"","_links":{"self":[{"href":"https:\/\/nanoclean24.com\/de\/wp-json\/wp\/v2\/product\/8098","targetHints":{"allow":["GET"]}}],"collection":[{"href":"https:\/\/nanoclean24.com\/de\/wp-json\/wp\/v2\/product"}],"about":[{"href":"https:\/\/nanoclean24.com\/de\/wp-json\/wp\/v2\/types\/product"}],"wp:featuredmedia":[{"embeddable":true,"href":"https:\/\/nanoclean24.com\/de\/wp-json\/wp\/v2\/media\/2866"}],"wp:attachment":[{"href":"https:\/\/nanoclean24.com\/de\/wp-json\/wp\/v2\/media?parent=8098"}],"wp:term":[{"taxonomy":"product_brand","embeddable":true,"href":"https:\/\/nanoclean24.com\/de\/wp-json\/wp\/v2\/product_brand?post=8098"},{"taxonomy":"product_cat","embeddable":true,"href":"https:\/\/nanoclean24.com\/de\/wp-json\/wp\/v2\/product_cat?post=8098"},{"taxonomy":"product_tag","embeddable":true,"href":"https:\/\/nanoclean24.com\/de\/wp-json\/wp\/v2\/product_tag?post=8098"}],"curies":[{"name":"wp","href":"https:\/\/api.w.org\/{rel}","templated":true}]}}