{"id":8085,"date":"2025-09-26T10:26:00","date_gmt":"2025-09-26T08:26:00","guid":{"rendered":"https:\/\/nanoclean24.com\/produkt\/v46-powerwash-ultimate-konzentrat\/"},"modified":"2025-09-26T10:26:00","modified_gmt":"2025-09-26T08:26:00","slug":"v46-powerwash-ultimate-konzentrat","status":"publish","type":"product","link":"https:\/\/nanoclean24.com\/de\/produkte\/v46-powerwash-ultimate-konzentrat\/","title":{"rendered":"V46 POWERWASH ULTIMATE KONZENTRAT"},"content":{"rendered":"<p><strong>POWERWASH ULTIMATE KONZENTRAT<\/strong><\/p>\n<p>V46 POWERWASH ULTIMATE CONCENTRATE ist ein hochkonzentrierter, hochwirksamer alkalischer Aktivschaumreiniger (pH:13,5). Entfernt wirksam Fett, Schmutz, \u00d6l und industrielle Verunreinigungen von Lastwagen, Baumaschinen, Baggern, Z\u00fcgen und Schiffen. Er ist mit Hochdruckreinigern, Schaumsystemen und der manuellen Reinigung kompatibel und bietet maximale Reinigungskraft bei gleichzeitiger Sicherheit f\u00fcr lackierte und metallische Oberfl\u00e4chen. Seine schnell wirkende Formel garantiert eine effiziente Reinigung mit minimalem Aufwand.   <\/p>\n","protected":false},"excerpt":{"rendered":"<h3>Entwickelt f\u00fcr die professionelle Lkw-Reinigung<\/h3>\n<p>\u2705 <strong>Starke Entfettungskraft<\/strong> &#8211; entfernt starken Schmutz, \u00d6l und Stra\u00dfenablagerungen.<\/p>\n<p>\u2705 <strong>Vielseitig einsetzbar<\/strong> &#8211; funktioniert mit Schaumlanzen, Spr\u00fchger\u00e4ten und bei der Reinigung per Hand.<\/p>\n<p>\u2705 <strong>Sicher f\u00fcr alle Au\u00dfenfl\u00e4chen<\/strong> &#8211; geeignet f\u00fcr Lack, Kunststoff, Metall und Gummi.<\/p>\n<p><strong>Hochkonzentriert und wirtschaftlich<\/strong> &#8211; wirksame Reinigung bei Verd\u00fcnnungen von nur 1 %.<\/p>\n<p>\u2705 <strong>Biologisch abbaubare Formel<\/strong> &#8211; stark und umweltfreundlich.<\/p>\n","protected":false},"featured_media":2829,"template":"","meta":{"_kad_blocks_custom_css":"","_kad_blocks_head_custom_js":"","_kad_blocks_body_custom_js":"","_kad_blocks_footer_custom_js":"","_kad_post_transparent":"","_kad_post_title":"","_kad_post_layout":"","_kad_post_sidebar_id":"","_kad_post_content_style":"","_kad_post_vertical_padding":"","_kad_post_feature":"","_kad_post_feature_position":"","_kad_post_header":false,"_kad_post_footer":false,"_kad_post_classname":""},"product_brand":[],"product_cat":[133],"product_tag":[],"class_list":{"0":"post-8085","1":"product","2":"type-product","3":"status-publish","4":"has-post-thumbnail","6":"product_cat-truck-de","8":"first","9":"outofstock","10":"taxable","11":"shipping-taxable","12":"product-type-simple","13":"entry","14":"content-bg","15":"loop-entry"},"yoast_head":"<!-- This site is optimized with the Yoast SEO plugin v27.4 - https:\/\/yoast.com\/product\/yoast-seo-wordpress\/ -->\n<title>V46 POWERWASH ULTIMATE KONZENTRAT - NANOCLEAN<\/title>\n<meta name=\"robots\" content=\"index, follow, max-snippet:-1, max-image-preview:large, max-video-preview:-1\" \/>\n<link rel=\"canonical\" href=\"https:\/\/nanoclean24.com\/de\/produkte\/v46-powerwash-ultimate-konzentrat\/\" \/>\n<meta property=\"og:locale\" content=\"de_DE\" \/>\n<meta property=\"og:type\" content=\"article\" \/>\n<meta property=\"og:title\" content=\"V46 POWERWASH ULTIMATE KONZENTRAT - NANOCLEAN\" \/>\n<meta property=\"og:description\" content=\"Entwickelt f\u00fcr die professionelle Lkw-Reinigung \u2705 Starke Entfettungskraft - entfernt starken Schmutz, \u00d6l und Stra\u00dfenablagerungen. \u2705 Vielseitig einsetzbar - funktioniert mit Schaumlanzen, Spr\u00fchger\u00e4ten und bei der Reinigung per Hand. \u2705 Sicher f\u00fcr alle Au\u00dfenfl\u00e4chen - geeignet f\u00fcr Lack, Kunststoff, Metall und Gummi. Hochkonzentriert und wirtschaftlich - wirksame Reinigung bei Verd\u00fcnnungen von nur 1 %. \u2705 Biologisch abbaubare Formel - stark und umweltfreundlich.\" \/>\n<meta property=\"og:url\" content=\"https:\/\/nanoclean24.com\/de\/produkte\/v46-powerwash-ultimate-konzentrat\/\" \/>\n<meta property=\"og:site_name\" content=\"NANOCLEAN\" \/>\n<meta property=\"og:image\" content=\"https:\/\/nanoclean24.com\/wp-content\/uploads\/2025\/07\/V46.jpg\" \/>\n\t<meta property=\"og:image:width\" content=\"1200\" \/>\n\t<meta property=\"og:image:height\" content=\"1200\" \/>\n\t<meta property=\"og:image:type\" content=\"image\/jpeg\" \/>\n<meta name=\"twitter:card\" content=\"summary_large_image\" \/>\n<script type=\"application\/ld+json\" class=\"yoast-schema-graph\">{\"@context\":\"https:\\\/\\\/schema.org\",\"@graph\":[{\"@type\":\"WebPage\",\"@id\":\"https:\\\/\\\/nanoclean24.com\\\/de\\\/produkte\\\/v46-powerwash-ultimate-konzentrat\\\/\",\"url\":\"https:\\\/\\\/nanoclean24.com\\\/de\\\/produkte\\\/v46-powerwash-ultimate-konzentrat\\\/\",\"name\":\"V46 POWERWASH ULTIMATE KONZENTRAT - NANOCLEAN\",\"isPartOf\":{\"@id\":\"https:\\\/\\\/nanoclean24.com\\\/de\\\/#website\"},\"primaryImageOfPage\":{\"@id\":\"https:\\\/\\\/nanoclean24.com\\\/de\\\/produkte\\\/v46-powerwash-ultimate-konzentrat\\\/#primaryimage\"},\"image\":{\"@id\":\"https:\\\/\\\/nanoclean24.com\\\/de\\\/produkte\\\/v46-powerwash-ultimate-konzentrat\\\/#primaryimage\"},\"thumbnailUrl\":\"https:\\\/\\\/nanoclean24.com\\\/wp-content\\\/uploads\\\/2025\\\/07\\\/V46.jpg\",\"datePublished\":\"2025-09-26T08:26:00+00:00\",\"breadcrumb\":{\"@id\":\"https:\\\/\\\/nanoclean24.com\\\/de\\\/produkte\\\/v46-powerwash-ultimate-konzentrat\\\/#breadcrumb\"},\"inLanguage\":\"de\",\"potentialAction\":[{\"@type\":\"ReadAction\",\"target\":[\"https:\\\/\\\/nanoclean24.com\\\/de\\\/produkte\\\/v46-powerwash-ultimate-konzentrat\\\/\"]}]},{\"@type\":\"ImageObject\",\"inLanguage\":\"de\",\"@id\":\"https:\\\/\\\/nanoclean24.com\\\/de\\\/produkte\\\/v46-powerwash-ultimate-konzentrat\\\/#primaryimage\",\"url\":\"https:\\\/\\\/nanoclean24.com\\\/wp-content\\\/uploads\\\/2025\\\/07\\\/V46.jpg\",\"contentUrl\":\"https:\\\/\\\/nanoclean24.com\\\/wp-content\\\/uploads\\\/2025\\\/07\\\/V46.jpg\",\"width\":1200,\"height\":1200},{\"@type\":\"BreadcrumbList\",\"@id\":\"https:\\\/\\\/nanoclean24.com\\\/de\\\/produkte\\\/v46-powerwash-ultimate-konzentrat\\\/#breadcrumb\",\"itemListElement\":[{\"@type\":\"ListItem\",\"position\":1,\"name\":\"Strona g\u0142\u00f3wna\",\"item\":\"https:\\\/\\\/nanoclean24.com\\\/de\\\/\"},{\"@type\":\"ListItem\",\"position\":2,\"name\":\"Shop\",\"item\":\"https:\\\/\\\/nanoclean24.com\\\/de\\\/shop\\\/\"},{\"@type\":\"ListItem\",\"position\":3,\"name\":\"V46 POWERWASH ULTIMATE KONZENTRAT\"}]},{\"@type\":\"WebSite\",\"@id\":\"https:\\\/\\\/nanoclean24.com\\\/de\\\/#website\",\"url\":\"https:\\\/\\\/nanoclean24.com\\\/de\\\/\",\"name\":\"NanoClean\",\"description\":\"\",\"publisher\":{\"@id\":\"https:\\\/\\\/nanoclean24.com\\\/de\\\/#organization\"},\"potentialAction\":[{\"@type\":\"SearchAction\",\"target\":{\"@type\":\"EntryPoint\",\"urlTemplate\":\"https:\\\/\\\/nanoclean24.com\\\/de\\\/?s={search_term_string}\"},\"query-input\":{\"@type\":\"PropertyValueSpecification\",\"valueRequired\":true,\"valueName\":\"search_term_string\"}}],\"inLanguage\":\"de\"},{\"@type\":\"Organization\",\"@id\":\"https:\\\/\\\/nanoclean24.com\\\/de\\\/#organization\",\"name\":\"NanoClean\",\"url\":\"https:\\\/\\\/nanoclean24.com\\\/de\\\/\",\"logo\":{\"@type\":\"ImageObject\",\"inLanguage\":\"de\",\"@id\":\"https:\\\/\\\/nanoclean24.com\\\/de\\\/#\\\/schema\\\/logo\\\/image\\\/\",\"url\":\"https:\\\/\\\/nanoclean24.com\\\/wp-content\\\/uploads\\\/2025\\\/07\\\/logo-2.jpg\",\"contentUrl\":\"https:\\\/\\\/nanoclean24.com\\\/wp-content\\\/uploads\\\/2025\\\/07\\\/logo-2.jpg\",\"width\":1068,\"height\":224,\"caption\":\"NanoClean\"},\"image\":{\"@id\":\"https:\\\/\\\/nanoclean24.com\\\/de\\\/#\\\/schema\\\/logo\\\/image\\\/\"}}]}<\/script>\n<!-- \/ Yoast SEO plugin. -->","yoast_head_json":{"title":"V46 POWERWASH ULTIMATE KONZENTRAT - NANOCLEAN","robots":{"index":"index","follow":"follow","max-snippet":"max-snippet:-1","max-image-preview":"max-image-preview:large","max-video-preview":"max-video-preview:-1"},"canonical":"https:\/\/nanoclean24.com\/de\/produkte\/v46-powerwash-ultimate-konzentrat\/","og_locale":"de_DE","og_type":"article","og_title":"V46 POWERWASH ULTIMATE KONZENTRAT - NANOCLEAN","og_description":"Entwickelt f\u00fcr die professionelle Lkw-Reinigung \u2705 Starke Entfettungskraft - entfernt starken Schmutz, \u00d6l und Stra\u00dfenablagerungen. \u2705 Vielseitig einsetzbar - funktioniert mit Schaumlanzen, Spr\u00fchger\u00e4ten und bei der Reinigung per Hand. \u2705 Sicher f\u00fcr alle Au\u00dfenfl\u00e4chen - geeignet f\u00fcr Lack, Kunststoff, Metall und Gummi. Hochkonzentriert und wirtschaftlich - wirksame Reinigung bei Verd\u00fcnnungen von nur 1 %. \u2705 Biologisch abbaubare Formel - stark und umweltfreundlich.","og_url":"https:\/\/nanoclean24.com\/de\/produkte\/v46-powerwash-ultimate-konzentrat\/","og_site_name":"NANOCLEAN","og_image":[{"width":1200,"height":1200,"url":"https:\/\/nanoclean24.com\/wp-content\/uploads\/2025\/07\/V46.jpg","type":"image\/jpeg"}],"twitter_card":"summary_large_image","schema":{"@context":"https:\/\/schema.org","@graph":[{"@type":"WebPage","@id":"https:\/\/nanoclean24.com\/de\/produkte\/v46-powerwash-ultimate-konzentrat\/","url":"https:\/\/nanoclean24.com\/de\/produkte\/v46-powerwash-ultimate-konzentrat\/","name":"V46 POWERWASH ULTIMATE KONZENTRAT - NANOCLEAN","isPartOf":{"@id":"https:\/\/nanoclean24.com\/de\/#website"},"primaryImageOfPage":{"@id":"https:\/\/nanoclean24.com\/de\/produkte\/v46-powerwash-ultimate-konzentrat\/#primaryimage"},"image":{"@id":"https:\/\/nanoclean24.com\/de\/produkte\/v46-powerwash-ultimate-konzentrat\/#primaryimage"},"thumbnailUrl":"https:\/\/nanoclean24.com\/wp-content\/uploads\/2025\/07\/V46.jpg","datePublished":"2025-09-26T08:26:00+00:00","breadcrumb":{"@id":"https:\/\/nanoclean24.com\/de\/produkte\/v46-powerwash-ultimate-konzentrat\/#breadcrumb"},"inLanguage":"de","potentialAction":[{"@type":"ReadAction","target":["https:\/\/nanoclean24.com\/de\/produkte\/v46-powerwash-ultimate-konzentrat\/"]}]},{"@type":"ImageObject","inLanguage":"de","@id":"https:\/\/nanoclean24.com\/de\/produkte\/v46-powerwash-ultimate-konzentrat\/#primaryimage","url":"https:\/\/nanoclean24.com\/wp-content\/uploads\/2025\/07\/V46.jpg","contentUrl":"https:\/\/nanoclean24.com\/wp-content\/uploads\/2025\/07\/V46.jpg","width":1200,"height":1200},{"@type":"BreadcrumbList","@id":"https:\/\/nanoclean24.com\/de\/produkte\/v46-powerwash-ultimate-konzentrat\/#breadcrumb","itemListElement":[{"@type":"ListItem","position":1,"name":"Strona g\u0142\u00f3wna","item":"https:\/\/nanoclean24.com\/de\/"},{"@type":"ListItem","position":2,"name":"Shop","item":"https:\/\/nanoclean24.com\/de\/shop\/"},{"@type":"ListItem","position":3,"name":"V46 POWERWASH ULTIMATE KONZENTRAT"}]},{"@type":"WebSite","@id":"https:\/\/nanoclean24.com\/de\/#website","url":"https:\/\/nanoclean24.com\/de\/","name":"NanoClean","description":"","publisher":{"@id":"https:\/\/nanoclean24.com\/de\/#organization"},"potentialAction":[{"@type":"SearchAction","target":{"@type":"EntryPoint","urlTemplate":"https:\/\/nanoclean24.com\/de\/?s={search_term_string}"},"query-input":{"@type":"PropertyValueSpecification","valueRequired":true,"valueName":"search_term_string"}}],"inLanguage":"de"},{"@type":"Organization","@id":"https:\/\/nanoclean24.com\/de\/#organization","name":"NanoClean","url":"https:\/\/nanoclean24.com\/de\/","logo":{"@type":"ImageObject","inLanguage":"de","@id":"https:\/\/nanoclean24.com\/de\/#\/schema\/logo\/image\/","url":"https:\/\/nanoclean24.com\/wp-content\/uploads\/2025\/07\/logo-2.jpg","contentUrl":"https:\/\/nanoclean24.com\/wp-content\/uploads\/2025\/07\/logo-2.jpg","width":1068,"height":224,"caption":"NanoClean"},"image":{"@id":"https:\/\/nanoclean24.com\/de\/#\/schema\/logo\/image\/"}}]}},"taxonomy_info":{"product_cat":[{"value":133,"label":"TRUCK"}]},"featured_image_src_large":["https:\/\/nanoclean24.com\/wp-content\/uploads\/2025\/07\/V46-1024x1024.jpg",1024,1024,true],"author_info":[],"comment_info":"","_links":{"self":[{"href":"https:\/\/nanoclean24.com\/de\/wp-json\/wp\/v2\/product\/8085","targetHints":{"allow":["GET"]}}],"collection":[{"href":"https:\/\/nanoclean24.com\/de\/wp-json\/wp\/v2\/product"}],"about":[{"href":"https:\/\/nanoclean24.com\/de\/wp-json\/wp\/v2\/types\/product"}],"wp:featuredmedia":[{"embeddable":true,"href":"https:\/\/nanoclean24.com\/de\/wp-json\/wp\/v2\/media\/2829"}],"wp:attachment":[{"href":"https:\/\/nanoclean24.com\/de\/wp-json\/wp\/v2\/media?parent=8085"}],"wp:term":[{"taxonomy":"product_brand","embeddable":true,"href":"https:\/\/nanoclean24.com\/de\/wp-json\/wp\/v2\/product_brand?post=8085"},{"taxonomy":"product_cat","embeddable":true,"href":"https:\/\/nanoclean24.com\/de\/wp-json\/wp\/v2\/product_cat?post=8085"},{"taxonomy":"product_tag","embeddable":true,"href":"https:\/\/nanoclean24.com\/de\/wp-json\/wp\/v2\/product_tag?post=8085"}],"curies":[{"name":"wp","href":"https:\/\/api.w.org\/{rel}","templated":true}]}}