{"id":8069,"date":"2025-09-26T10:24:50","date_gmt":"2025-09-26T08:24:50","guid":{"rendered":"https:\/\/nanoclean24.com\/produkt\/b50-kettenschmiermittel-off-road\/"},"modified":"2025-09-26T10:24:50","modified_gmt":"2025-09-26T08:24:50","slug":"b50-kettenschmiermittel-off-road","status":"publish","type":"product","link":"https:\/\/nanoclean24.com\/de\/produkte\/b50-kettenschmiermittel-off-road\/","title":{"rendered":"B50 KETTENSCHMIERMITTEL OFF ROAD"},"content":{"rendered":"<p>B50 CHAIN LUBE OFF ROAD wurde entwickelt, um die besten Offroad-Schmierstoffe auf dem Markt zu \u00fcbertreffen, und bietet hervorragenden Schutz und minimales Spritzen &#8211; selbst bei hohen Geschwindigkeiten. Unsere fortschrittliche Mischung aus synthetischen Ester- und PAO-\u00d6len, angereichert mit AW-, EP- und FM-Additiven sowie speziellen Haftpolymeren, bildet eine robuste Barriere gegen Schlamm, Wasser und extreme Belastungen. Mit organischem Molybd\u00e4n sorgt es f\u00fcr extrem niedrige Reibung, was die Lebensdauer der Kette erheblich verl\u00e4ngert und die Leistung im Gel\u00e4nde verbessert.  <\/p>\n","protected":false},"excerpt":{"rendered":"<h3>Extrem-Kettenschmiermittel mit organischem Molybd\u00e4n<\/h3>\n<p>\u2705 <strong>Haftung bei hohen Geschwindigkeiten<\/strong> &#8211; Innovative Polymere widerstehen den Zentrifugalkr\u00e4ften und halten den Schmierstoff auf der Kette.<\/p>\n<p><strong>Organische Molybd\u00e4n-Technologie<\/strong> &#8211; Minimiert die Reibung f\u00fcr eine reibungslosere Kraft\u00fcbertragung.<\/p>\n<p>\u2705 <strong>Langlebigkeit<\/strong> im Gel\u00e4nde &#8211; weist Wasser, Schlamm und Sand ab und sch\u00fctzt vor Korrosion und vorzeitigem Verschlei\u00df.<\/p>\n<p>\u2705 <strong>Verl\u00e4ngerte Lebensdauer der Kette<\/strong> &#8211; Langlebige Hochleistungsbeschichtung zur Reduzierung von Wartung und Ausfallzeiten.<\/p>\n","protected":false},"featured_media":15841,"template":"","meta":{"_kad_blocks_custom_css":"","_kad_blocks_head_custom_js":"","_kad_blocks_body_custom_js":"","_kad_blocks_footer_custom_js":"","_kad_post_transparent":"","_kad_post_title":"","_kad_post_layout":"","_kad_post_sidebar_id":"","_kad_post_content_style":"","_kad_post_vertical_padding":"","_kad_post_feature":"","_kad_post_feature_position":"","_kad_post_header":false,"_kad_post_footer":false,"_kad_post_classname":""},"product_brand":[],"product_cat":[111],"product_tag":[],"class_list":{"0":"post-8069","1":"product","2":"type-product","3":"status-publish","4":"has-post-thumbnail","6":"product_cat-moto-de","8":"first","9":"outofstock","10":"taxable","11":"shipping-taxable","12":"purchasable","13":"product-type-simple","14":"entry","15":"content-bg","16":"loop-entry"},"yoast_head":"<!-- This site is optimized with the Yoast SEO plugin v27.4 - https:\/\/yoast.com\/product\/yoast-seo-wordpress\/ -->\n<title>B50 KETTENSCHMIERMITTEL OFF ROAD - NANOCLEAN<\/title>\n<meta name=\"robots\" content=\"index, follow, max-snippet:-1, max-image-preview:large, max-video-preview:-1\" \/>\n<link rel=\"canonical\" href=\"https:\/\/nanoclean24.com\/de\/produkte\/b50-kettenschmiermittel-off-road\/\" \/>\n<meta property=\"og:locale\" content=\"de_DE\" \/>\n<meta property=\"og:type\" content=\"article\" \/>\n<meta property=\"og:title\" content=\"B50 KETTENSCHMIERMITTEL OFF ROAD - NANOCLEAN\" \/>\n<meta property=\"og:description\" content=\"Extrem-Kettenschmiermittel mit organischem Molybd\u00e4n \u2705 Haftung bei hohen Geschwindigkeiten - Innovative Polymere widerstehen den Zentrifugalkr\u00e4ften und halten den Schmierstoff auf der Kette. Organische Molybd\u00e4n-Technologie - Minimiert die Reibung f\u00fcr eine reibungslosere Kraft\u00fcbertragung. \u2705 Langlebigkeit im Gel\u00e4nde - weist Wasser, Schlamm und Sand ab und sch\u00fctzt vor Korrosion und vorzeitigem Verschlei\u00df. \u2705 Verl\u00e4ngerte Lebensdauer der Kette - Langlebige Hochleistungsbeschichtung zur Reduzierung von Wartung und Ausfallzeiten.\" \/>\n<meta property=\"og:url\" content=\"https:\/\/nanoclean24.com\/de\/produkte\/b50-kettenschmiermittel-off-road\/\" \/>\n<meta property=\"og:site_name\" content=\"NANOCLEAN\" \/>\n<meta property=\"og:image\" content=\"https:\/\/nanoclean24.com\/wp-content\/uploads\/2025\/07\/B50.jpg\" \/>\n\t<meta property=\"og:image:width\" content=\"1200\" \/>\n\t<meta property=\"og:image:height\" content=\"1200\" \/>\n\t<meta property=\"og:image:type\" content=\"image\/jpeg\" \/>\n<meta name=\"twitter:card\" content=\"summary_large_image\" \/>\n<script type=\"application\/ld+json\" class=\"yoast-schema-graph\">{\"@context\":\"https:\\\/\\\/schema.org\",\"@graph\":[{\"@type\":\"WebPage\",\"@id\":\"https:\\\/\\\/nanoclean24.com\\\/de\\\/produkte\\\/b50-kettenschmiermittel-off-road\\\/\",\"url\":\"https:\\\/\\\/nanoclean24.com\\\/de\\\/produkte\\\/b50-kettenschmiermittel-off-road\\\/\",\"name\":\"B50 KETTENSCHMIERMITTEL OFF ROAD - NANOCLEAN\",\"isPartOf\":{\"@id\":\"https:\\\/\\\/nanoclean24.com\\\/de\\\/#website\"},\"primaryImageOfPage\":{\"@id\":\"https:\\\/\\\/nanoclean24.com\\\/de\\\/produkte\\\/b50-kettenschmiermittel-off-road\\\/#primaryimage\"},\"image\":{\"@id\":\"https:\\\/\\\/nanoclean24.com\\\/de\\\/produkte\\\/b50-kettenschmiermittel-off-road\\\/#primaryimage\"},\"thumbnailUrl\":\"https:\\\/\\\/nanoclean24.com\\\/wp-content\\\/uploads\\\/2025\\\/09\\\/B50.webp\",\"datePublished\":\"2025-09-26T08:24:50+00:00\",\"breadcrumb\":{\"@id\":\"https:\\\/\\\/nanoclean24.com\\\/de\\\/produkte\\\/b50-kettenschmiermittel-off-road\\\/#breadcrumb\"},\"inLanguage\":\"de\",\"potentialAction\":[{\"@type\":\"ReadAction\",\"target\":[\"https:\\\/\\\/nanoclean24.com\\\/de\\\/produkte\\\/b50-kettenschmiermittel-off-road\\\/\"]}]},{\"@type\":\"ImageObject\",\"inLanguage\":\"de\",\"@id\":\"https:\\\/\\\/nanoclean24.com\\\/de\\\/produkte\\\/b50-kettenschmiermittel-off-road\\\/#primaryimage\",\"url\":\"https:\\\/\\\/nanoclean24.com\\\/wp-content\\\/uploads\\\/2025\\\/09\\\/B50.webp\",\"contentUrl\":\"https:\\\/\\\/nanoclean24.com\\\/wp-content\\\/uploads\\\/2025\\\/09\\\/B50.webp\",\"width\":1200,\"height\":1200},{\"@type\":\"BreadcrumbList\",\"@id\":\"https:\\\/\\\/nanoclean24.com\\\/de\\\/produkte\\\/b50-kettenschmiermittel-off-road\\\/#breadcrumb\",\"itemListElement\":[{\"@type\":\"ListItem\",\"position\":1,\"name\":\"Strona g\u0142\u00f3wna\",\"item\":\"https:\\\/\\\/nanoclean24.com\\\/de\\\/\"},{\"@type\":\"ListItem\",\"position\":2,\"name\":\"Shop\",\"item\":\"https:\\\/\\\/nanoclean24.com\\\/de\\\/shop\\\/\"},{\"@type\":\"ListItem\",\"position\":3,\"name\":\"B50 KETTENSCHMIERMITTEL OFF ROAD\"}]},{\"@type\":\"WebSite\",\"@id\":\"https:\\\/\\\/nanoclean24.com\\\/de\\\/#website\",\"url\":\"https:\\\/\\\/nanoclean24.com\\\/de\\\/\",\"name\":\"NanoClean\",\"description\":\"\",\"publisher\":{\"@id\":\"https:\\\/\\\/nanoclean24.com\\\/de\\\/#organization\"},\"potentialAction\":[{\"@type\":\"SearchAction\",\"target\":{\"@type\":\"EntryPoint\",\"urlTemplate\":\"https:\\\/\\\/nanoclean24.com\\\/de\\\/?s={search_term_string}\"},\"query-input\":{\"@type\":\"PropertyValueSpecification\",\"valueRequired\":true,\"valueName\":\"search_term_string\"}}],\"inLanguage\":\"de\"},{\"@type\":\"Organization\",\"@id\":\"https:\\\/\\\/nanoclean24.com\\\/de\\\/#organization\",\"name\":\"NanoClean\",\"url\":\"https:\\\/\\\/nanoclean24.com\\\/de\\\/\",\"logo\":{\"@type\":\"ImageObject\",\"inLanguage\":\"de\",\"@id\":\"https:\\\/\\\/nanoclean24.com\\\/de\\\/#\\\/schema\\\/logo\\\/image\\\/\",\"url\":\"https:\\\/\\\/nanoclean24.com\\\/wp-content\\\/uploads\\\/2025\\\/07\\\/logo-2.jpg\",\"contentUrl\":\"https:\\\/\\\/nanoclean24.com\\\/wp-content\\\/uploads\\\/2025\\\/07\\\/logo-2.jpg\",\"width\":1068,\"height\":224,\"caption\":\"NanoClean\"},\"image\":{\"@id\":\"https:\\\/\\\/nanoclean24.com\\\/de\\\/#\\\/schema\\\/logo\\\/image\\\/\"}}]}<\/script>\n<!-- \/ Yoast SEO plugin. -->","yoast_head_json":{"title":"B50 KETTENSCHMIERMITTEL OFF ROAD - NANOCLEAN","robots":{"index":"index","follow":"follow","max-snippet":"max-snippet:-1","max-image-preview":"max-image-preview:large","max-video-preview":"max-video-preview:-1"},"canonical":"https:\/\/nanoclean24.com\/de\/produkte\/b50-kettenschmiermittel-off-road\/","og_locale":"de_DE","og_type":"article","og_title":"B50 KETTENSCHMIERMITTEL OFF ROAD - NANOCLEAN","og_description":"Extrem-Kettenschmiermittel mit organischem Molybd\u00e4n \u2705 Haftung bei hohen Geschwindigkeiten - Innovative Polymere widerstehen den Zentrifugalkr\u00e4ften und halten den Schmierstoff auf der Kette. Organische Molybd\u00e4n-Technologie - Minimiert die Reibung f\u00fcr eine reibungslosere Kraft\u00fcbertragung. \u2705 Langlebigkeit im Gel\u00e4nde - weist Wasser, Schlamm und Sand ab und sch\u00fctzt vor Korrosion und vorzeitigem Verschlei\u00df. \u2705 Verl\u00e4ngerte Lebensdauer der Kette - Langlebige Hochleistungsbeschichtung zur Reduzierung von Wartung und Ausfallzeiten.","og_url":"https:\/\/nanoclean24.com\/de\/produkte\/b50-kettenschmiermittel-off-road\/","og_site_name":"NANOCLEAN","og_image":[{"width":1200,"height":1200,"url":"https:\/\/nanoclean24.com\/wp-content\/uploads\/2025\/07\/B50.jpg","type":"image\/jpeg"}],"twitter_card":"summary_large_image","schema":{"@context":"https:\/\/schema.org","@graph":[{"@type":"WebPage","@id":"https:\/\/nanoclean24.com\/de\/produkte\/b50-kettenschmiermittel-off-road\/","url":"https:\/\/nanoclean24.com\/de\/produkte\/b50-kettenschmiermittel-off-road\/","name":"B50 KETTENSCHMIERMITTEL OFF ROAD - NANOCLEAN","isPartOf":{"@id":"https:\/\/nanoclean24.com\/de\/#website"},"primaryImageOfPage":{"@id":"https:\/\/nanoclean24.com\/de\/produkte\/b50-kettenschmiermittel-off-road\/#primaryimage"},"image":{"@id":"https:\/\/nanoclean24.com\/de\/produkte\/b50-kettenschmiermittel-off-road\/#primaryimage"},"thumbnailUrl":"https:\/\/nanoclean24.com\/wp-content\/uploads\/2025\/09\/B50.webp","datePublished":"2025-09-26T08:24:50+00:00","breadcrumb":{"@id":"https:\/\/nanoclean24.com\/de\/produkte\/b50-kettenschmiermittel-off-road\/#breadcrumb"},"inLanguage":"de","potentialAction":[{"@type":"ReadAction","target":["https:\/\/nanoclean24.com\/de\/produkte\/b50-kettenschmiermittel-off-road\/"]}]},{"@type":"ImageObject","inLanguage":"de","@id":"https:\/\/nanoclean24.com\/de\/produkte\/b50-kettenschmiermittel-off-road\/#primaryimage","url":"https:\/\/nanoclean24.com\/wp-content\/uploads\/2025\/09\/B50.webp","contentUrl":"https:\/\/nanoclean24.com\/wp-content\/uploads\/2025\/09\/B50.webp","width":1200,"height":1200},{"@type":"BreadcrumbList","@id":"https:\/\/nanoclean24.com\/de\/produkte\/b50-kettenschmiermittel-off-road\/#breadcrumb","itemListElement":[{"@type":"ListItem","position":1,"name":"Strona g\u0142\u00f3wna","item":"https:\/\/nanoclean24.com\/de\/"},{"@type":"ListItem","position":2,"name":"Shop","item":"https:\/\/nanoclean24.com\/de\/shop\/"},{"@type":"ListItem","position":3,"name":"B50 KETTENSCHMIERMITTEL OFF ROAD"}]},{"@type":"WebSite","@id":"https:\/\/nanoclean24.com\/de\/#website","url":"https:\/\/nanoclean24.com\/de\/","name":"NanoClean","description":"","publisher":{"@id":"https:\/\/nanoclean24.com\/de\/#organization"},"potentialAction":[{"@type":"SearchAction","target":{"@type":"EntryPoint","urlTemplate":"https:\/\/nanoclean24.com\/de\/?s={search_term_string}"},"query-input":{"@type":"PropertyValueSpecification","valueRequired":true,"valueName":"search_term_string"}}],"inLanguage":"de"},{"@type":"Organization","@id":"https:\/\/nanoclean24.com\/de\/#organization","name":"NanoClean","url":"https:\/\/nanoclean24.com\/de\/","logo":{"@type":"ImageObject","inLanguage":"de","@id":"https:\/\/nanoclean24.com\/de\/#\/schema\/logo\/image\/","url":"https:\/\/nanoclean24.com\/wp-content\/uploads\/2025\/07\/logo-2.jpg","contentUrl":"https:\/\/nanoclean24.com\/wp-content\/uploads\/2025\/07\/logo-2.jpg","width":1068,"height":224,"caption":"NanoClean"},"image":{"@id":"https:\/\/nanoclean24.com\/de\/#\/schema\/logo\/image\/"}}]}},"taxonomy_info":{"product_cat":[{"value":111,"label":"BIKE&amp;MOTO"}]},"featured_image_src_large":["https:\/\/nanoclean24.com\/wp-content\/uploads\/2025\/09\/B50-1024x1024.webp",1024,1024,true],"author_info":[],"comment_info":"","_links":{"self":[{"href":"https:\/\/nanoclean24.com\/de\/wp-json\/wp\/v2\/product\/8069","targetHints":{"allow":["GET"]}}],"collection":[{"href":"https:\/\/nanoclean24.com\/de\/wp-json\/wp\/v2\/product"}],"about":[{"href":"https:\/\/nanoclean24.com\/de\/wp-json\/wp\/v2\/types\/product"}],"wp:featuredmedia":[{"embeddable":true,"href":"https:\/\/nanoclean24.com\/de\/wp-json\/wp\/v2\/media\/15841"}],"wp:attachment":[{"href":"https:\/\/nanoclean24.com\/de\/wp-json\/wp\/v2\/media?parent=8069"}],"wp:term":[{"taxonomy":"product_brand","embeddable":true,"href":"https:\/\/nanoclean24.com\/de\/wp-json\/wp\/v2\/product_brand?post=8069"},{"taxonomy":"product_cat","embeddable":true,"href":"https:\/\/nanoclean24.com\/de\/wp-json\/wp\/v2\/product_cat?post=8069"},{"taxonomy":"product_tag","embeddable":true,"href":"https:\/\/nanoclean24.com\/de\/wp-json\/wp\/v2\/product_tag?post=8069"}],"curies":[{"name":"wp","href":"https:\/\/api.w.org\/{rel}","templated":true}]}}