{"id":8053,"date":"2025-09-26T10:24:50","date_gmt":"2025-09-26T08:24:50","guid":{"rendered":"https:\/\/nanoclean24.com\/produkt\/b31-visier-und-helmreiniger\/"},"modified":"2025-09-26T10:24:50","modified_gmt":"2025-09-26T08:24:50","slug":"b31-visier-und-helmreiniger","status":"publish","type":"product","link":"https:\/\/nanoclean24.com\/de\/produkte\/b31-visier-und-helmreiniger\/","title":{"rendered":"B31 VISIER- UND HELMREINIGER"},"content":{"rendered":"<p>B31 VISOR &amp; HELMET CLEANER ist ein spezieller Helm-, Visier- und Windschutzscheibenreiniger, der f\u00fcr maximale Sicht bei allen Wetterbedingungen sorgt. Seine hydrophobe Nano Rain Stop-Formel bildet eine unsichtbare Schutzschicht, die Regen, Feuchtigkeit und Schmutz abweist und Ihr Visier l\u00e4nger sauber h\u00e4lt. Die schnell wirkende Formel entfernt effektiv Insekten, Staub und Flecken und hinterl\u00e4sst eine perfekt saubere, schlierenfreie Oberfl\u00e4che.  <\/p>\n","protected":false},"excerpt":{"rendered":"<h3>Kristallklare Sicht und Regenschutz f\u00fcr Ihren Helm<\/h3>\n<p>\u2705  <strong>Entfernt sofort<\/strong> Insekten, Schmutz und Schlieren<\/p>\n<p>\u2705 <strong>Hydrophobe Wirkung<\/strong> &#8211; weist Wasser und Feuchtigkeit ab<\/p>\n<p>\u2705 <strong>Verbessert die Sicht<\/strong> bei allen Bedingungen<\/p>\n<p>\u2705<strong> Sicher f\u00fcr alle<\/strong> Visierbeschichtungen und Helmoberfl\u00e4chen<\/p>\n<p>\u2705 <strong>Schnelle und einfache Anwendung<\/strong> &#8211; spr\u00fchen und wischen<\/p>\n","protected":false},"featured_media":15797,"template":"","meta":{"_kad_blocks_custom_css":"","_kad_blocks_head_custom_js":"","_kad_blocks_body_custom_js":"","_kad_blocks_footer_custom_js":"","_kad_post_transparent":"","_kad_post_title":"","_kad_post_layout":"","_kad_post_sidebar_id":"","_kad_post_content_style":"","_kad_post_vertical_padding":"","_kad_post_feature":"","_kad_post_feature_position":"","_kad_post_header":false,"_kad_post_footer":false,"_kad_post_classname":""},"product_brand":[],"product_cat":[111],"product_tag":[],"class_list":{"0":"post-8053","1":"product","2":"type-product","3":"status-publish","4":"has-post-thumbnail","6":"product_cat-moto-de","8":"first","9":"instock","10":"taxable","11":"shipping-taxable","12":"purchasable","13":"product-type-simple","14":"entry","15":"content-bg","16":"loop-entry"},"yoast_head":"<!-- This site is optimized with the Yoast SEO plugin v27.4 - https:\/\/yoast.com\/product\/yoast-seo-wordpress\/ -->\n<title>B31 VISIER- UND HELMREINIGER - NANOCLEAN<\/title>\n<meta name=\"robots\" content=\"index, follow, max-snippet:-1, max-image-preview:large, max-video-preview:-1\" \/>\n<link rel=\"canonical\" href=\"https:\/\/nanoclean24.com\/de\/produkte\/b31-visier-und-helmreiniger\/\" \/>\n<meta property=\"og:locale\" content=\"de_DE\" \/>\n<meta property=\"og:type\" content=\"article\" \/>\n<meta property=\"og:title\" content=\"B31 VISIER- UND HELMREINIGER - NANOCLEAN\" \/>\n<meta property=\"og:description\" content=\"Kristallklare Sicht und Regenschutz f\u00fcr Ihren Helm \u2705 Entfernt sofort Insekten, Schmutz und Schlieren \u2705 Hydrophobe Wirkung - weist Wasser und Feuchtigkeit ab \u2705 Verbessert die Sicht bei allen Bedingungen \u2705 Sicher f\u00fcr alle Visierbeschichtungen und Helmoberfl\u00e4chen \u2705 Schnelle und einfache Anwendung - spr\u00fchen und wischen\" \/>\n<meta property=\"og:url\" content=\"https:\/\/nanoclean24.com\/de\/produkte\/b31-visier-und-helmreiniger\/\" \/>\n<meta property=\"og:site_name\" content=\"NANOCLEAN\" \/>\n<meta property=\"og:image\" content=\"https:\/\/nanoclean24.com\/wp-content\/uploads\/2025\/07\/B31.jpg\" \/>\n\t<meta property=\"og:image:width\" content=\"1200\" \/>\n\t<meta property=\"og:image:height\" content=\"1200\" \/>\n\t<meta property=\"og:image:type\" content=\"image\/jpeg\" \/>\n<meta name=\"twitter:card\" content=\"summary_large_image\" \/>\n<script type=\"application\/ld+json\" class=\"yoast-schema-graph\">{\"@context\":\"https:\\\/\\\/schema.org\",\"@graph\":[{\"@type\":\"WebPage\",\"@id\":\"https:\\\/\\\/nanoclean24.com\\\/de\\\/produkte\\\/b31-visier-und-helmreiniger\\\/\",\"url\":\"https:\\\/\\\/nanoclean24.com\\\/de\\\/produkte\\\/b31-visier-und-helmreiniger\\\/\",\"name\":\"B31 VISIER- UND HELMREINIGER - NANOCLEAN\",\"isPartOf\":{\"@id\":\"https:\\\/\\\/nanoclean24.com\\\/de\\\/#website\"},\"primaryImageOfPage\":{\"@id\":\"https:\\\/\\\/nanoclean24.com\\\/de\\\/produkte\\\/b31-visier-und-helmreiniger\\\/#primaryimage\"},\"image\":{\"@id\":\"https:\\\/\\\/nanoclean24.com\\\/de\\\/produkte\\\/b31-visier-und-helmreiniger\\\/#primaryimage\"},\"thumbnailUrl\":\"https:\\\/\\\/nanoclean24.com\\\/wp-content\\\/uploads\\\/2025\\\/09\\\/B31.webp\",\"datePublished\":\"2025-09-26T08:24:50+00:00\",\"breadcrumb\":{\"@id\":\"https:\\\/\\\/nanoclean24.com\\\/de\\\/produkte\\\/b31-visier-und-helmreiniger\\\/#breadcrumb\"},\"inLanguage\":\"de\",\"potentialAction\":[{\"@type\":\"ReadAction\",\"target\":[\"https:\\\/\\\/nanoclean24.com\\\/de\\\/produkte\\\/b31-visier-und-helmreiniger\\\/\"]}]},{\"@type\":\"ImageObject\",\"inLanguage\":\"de\",\"@id\":\"https:\\\/\\\/nanoclean24.com\\\/de\\\/produkte\\\/b31-visier-und-helmreiniger\\\/#primaryimage\",\"url\":\"https:\\\/\\\/nanoclean24.com\\\/wp-content\\\/uploads\\\/2025\\\/09\\\/B31.webp\",\"contentUrl\":\"https:\\\/\\\/nanoclean24.com\\\/wp-content\\\/uploads\\\/2025\\\/09\\\/B31.webp\",\"width\":1200,\"height\":1200},{\"@type\":\"BreadcrumbList\",\"@id\":\"https:\\\/\\\/nanoclean24.com\\\/de\\\/produkte\\\/b31-visier-und-helmreiniger\\\/#breadcrumb\",\"itemListElement\":[{\"@type\":\"ListItem\",\"position\":1,\"name\":\"Strona g\u0142\u00f3wna\",\"item\":\"https:\\\/\\\/nanoclean24.com\\\/de\\\/\"},{\"@type\":\"ListItem\",\"position\":2,\"name\":\"Shop\",\"item\":\"https:\\\/\\\/nanoclean24.com\\\/de\\\/shop\\\/\"},{\"@type\":\"ListItem\",\"position\":3,\"name\":\"B31 VISIER- UND HELMREINIGER\"}]},{\"@type\":\"WebSite\",\"@id\":\"https:\\\/\\\/nanoclean24.com\\\/de\\\/#website\",\"url\":\"https:\\\/\\\/nanoclean24.com\\\/de\\\/\",\"name\":\"NanoClean\",\"description\":\"\",\"publisher\":{\"@id\":\"https:\\\/\\\/nanoclean24.com\\\/de\\\/#organization\"},\"potentialAction\":[{\"@type\":\"SearchAction\",\"target\":{\"@type\":\"EntryPoint\",\"urlTemplate\":\"https:\\\/\\\/nanoclean24.com\\\/de\\\/?s={search_term_string}\"},\"query-input\":{\"@type\":\"PropertyValueSpecification\",\"valueRequired\":true,\"valueName\":\"search_term_string\"}}],\"inLanguage\":\"de\"},{\"@type\":\"Organization\",\"@id\":\"https:\\\/\\\/nanoclean24.com\\\/de\\\/#organization\",\"name\":\"NanoClean\",\"url\":\"https:\\\/\\\/nanoclean24.com\\\/de\\\/\",\"logo\":{\"@type\":\"ImageObject\",\"inLanguage\":\"de\",\"@id\":\"https:\\\/\\\/nanoclean24.com\\\/de\\\/#\\\/schema\\\/logo\\\/image\\\/\",\"url\":\"https:\\\/\\\/nanoclean24.com\\\/wp-content\\\/uploads\\\/2025\\\/07\\\/logo-2.jpg\",\"contentUrl\":\"https:\\\/\\\/nanoclean24.com\\\/wp-content\\\/uploads\\\/2025\\\/07\\\/logo-2.jpg\",\"width\":1068,\"height\":224,\"caption\":\"NanoClean\"},\"image\":{\"@id\":\"https:\\\/\\\/nanoclean24.com\\\/de\\\/#\\\/schema\\\/logo\\\/image\\\/\"}}]}<\/script>\n<!-- \/ Yoast SEO plugin. -->","yoast_head_json":{"title":"B31 VISIER- UND HELMREINIGER - NANOCLEAN","robots":{"index":"index","follow":"follow","max-snippet":"max-snippet:-1","max-image-preview":"max-image-preview:large","max-video-preview":"max-video-preview:-1"},"canonical":"https:\/\/nanoclean24.com\/de\/produkte\/b31-visier-und-helmreiniger\/","og_locale":"de_DE","og_type":"article","og_title":"B31 VISIER- UND HELMREINIGER - NANOCLEAN","og_description":"Kristallklare Sicht und Regenschutz f\u00fcr Ihren Helm \u2705 Entfernt sofort Insekten, Schmutz und Schlieren \u2705 Hydrophobe Wirkung - weist Wasser und Feuchtigkeit ab \u2705 Verbessert die Sicht bei allen Bedingungen \u2705 Sicher f\u00fcr alle Visierbeschichtungen und Helmoberfl\u00e4chen \u2705 Schnelle und einfache Anwendung - spr\u00fchen und wischen","og_url":"https:\/\/nanoclean24.com\/de\/produkte\/b31-visier-und-helmreiniger\/","og_site_name":"NANOCLEAN","og_image":[{"width":1200,"height":1200,"url":"https:\/\/nanoclean24.com\/wp-content\/uploads\/2025\/07\/B31.jpg","type":"image\/jpeg"}],"twitter_card":"summary_large_image","schema":{"@context":"https:\/\/schema.org","@graph":[{"@type":"WebPage","@id":"https:\/\/nanoclean24.com\/de\/produkte\/b31-visier-und-helmreiniger\/","url":"https:\/\/nanoclean24.com\/de\/produkte\/b31-visier-und-helmreiniger\/","name":"B31 VISIER- UND HELMREINIGER - NANOCLEAN","isPartOf":{"@id":"https:\/\/nanoclean24.com\/de\/#website"},"primaryImageOfPage":{"@id":"https:\/\/nanoclean24.com\/de\/produkte\/b31-visier-und-helmreiniger\/#primaryimage"},"image":{"@id":"https:\/\/nanoclean24.com\/de\/produkte\/b31-visier-und-helmreiniger\/#primaryimage"},"thumbnailUrl":"https:\/\/nanoclean24.com\/wp-content\/uploads\/2025\/09\/B31.webp","datePublished":"2025-09-26T08:24:50+00:00","breadcrumb":{"@id":"https:\/\/nanoclean24.com\/de\/produkte\/b31-visier-und-helmreiniger\/#breadcrumb"},"inLanguage":"de","potentialAction":[{"@type":"ReadAction","target":["https:\/\/nanoclean24.com\/de\/produkte\/b31-visier-und-helmreiniger\/"]}]},{"@type":"ImageObject","inLanguage":"de","@id":"https:\/\/nanoclean24.com\/de\/produkte\/b31-visier-und-helmreiniger\/#primaryimage","url":"https:\/\/nanoclean24.com\/wp-content\/uploads\/2025\/09\/B31.webp","contentUrl":"https:\/\/nanoclean24.com\/wp-content\/uploads\/2025\/09\/B31.webp","width":1200,"height":1200},{"@type":"BreadcrumbList","@id":"https:\/\/nanoclean24.com\/de\/produkte\/b31-visier-und-helmreiniger\/#breadcrumb","itemListElement":[{"@type":"ListItem","position":1,"name":"Strona g\u0142\u00f3wna","item":"https:\/\/nanoclean24.com\/de\/"},{"@type":"ListItem","position":2,"name":"Shop","item":"https:\/\/nanoclean24.com\/de\/shop\/"},{"@type":"ListItem","position":3,"name":"B31 VISIER- UND HELMREINIGER"}]},{"@type":"WebSite","@id":"https:\/\/nanoclean24.com\/de\/#website","url":"https:\/\/nanoclean24.com\/de\/","name":"NanoClean","description":"","publisher":{"@id":"https:\/\/nanoclean24.com\/de\/#organization"},"potentialAction":[{"@type":"SearchAction","target":{"@type":"EntryPoint","urlTemplate":"https:\/\/nanoclean24.com\/de\/?s={search_term_string}"},"query-input":{"@type":"PropertyValueSpecification","valueRequired":true,"valueName":"search_term_string"}}],"inLanguage":"de"},{"@type":"Organization","@id":"https:\/\/nanoclean24.com\/de\/#organization","name":"NanoClean","url":"https:\/\/nanoclean24.com\/de\/","logo":{"@type":"ImageObject","inLanguage":"de","@id":"https:\/\/nanoclean24.com\/de\/#\/schema\/logo\/image\/","url":"https:\/\/nanoclean24.com\/wp-content\/uploads\/2025\/07\/logo-2.jpg","contentUrl":"https:\/\/nanoclean24.com\/wp-content\/uploads\/2025\/07\/logo-2.jpg","width":1068,"height":224,"caption":"NanoClean"},"image":{"@id":"https:\/\/nanoclean24.com\/de\/#\/schema\/logo\/image\/"}}]}},"taxonomy_info":{"product_cat":[{"value":111,"label":"BIKE&amp;MOTO"}]},"featured_image_src_large":["https:\/\/nanoclean24.com\/wp-content\/uploads\/2025\/09\/B31-1024x1024.webp",1024,1024,true],"author_info":[],"comment_info":"","_links":{"self":[{"href":"https:\/\/nanoclean24.com\/de\/wp-json\/wp\/v2\/product\/8053","targetHints":{"allow":["GET"]}}],"collection":[{"href":"https:\/\/nanoclean24.com\/de\/wp-json\/wp\/v2\/product"}],"about":[{"href":"https:\/\/nanoclean24.com\/de\/wp-json\/wp\/v2\/types\/product"}],"wp:featuredmedia":[{"embeddable":true,"href":"https:\/\/nanoclean24.com\/de\/wp-json\/wp\/v2\/media\/15797"}],"wp:attachment":[{"href":"https:\/\/nanoclean24.com\/de\/wp-json\/wp\/v2\/media?parent=8053"}],"wp:term":[{"taxonomy":"product_brand","embeddable":true,"href":"https:\/\/nanoclean24.com\/de\/wp-json\/wp\/v2\/product_brand?post=8053"},{"taxonomy":"product_cat","embeddable":true,"href":"https:\/\/nanoclean24.com\/de\/wp-json\/wp\/v2\/product_cat?post=8053"},{"taxonomy":"product_tag","embeddable":true,"href":"https:\/\/nanoclean24.com\/de\/wp-json\/wp\/v2\/product_tag?post=8053"}],"curies":[{"name":"wp","href":"https:\/\/api.w.org\/{rel}","templated":true}]}}