{"id":8044,"date":"2025-09-26T10:22:02","date_gmt":"2025-09-26T08:22:02","guid":{"rendered":"https:\/\/nanoclean24.com\/produkt\/t71-kompressoroel-zusatz\/"},"modified":"2025-10-24T15:21:11","modified_gmt":"2025-10-24T13:21:11","slug":"t71-kompressoroel-zusatz","status":"publish","type":"product","link":"https:\/\/nanoclean24.com\/de\/produkte\/t71-kompressoroel-zusatz\/","title":{"rendered":"T71 KOMPRESSOR\u00d6L-ZUSATZ 50ML"},"content":{"rendered":"<p>Dieses Additiv reduziert effektiv den Energieverbrauch, verl\u00e4ngert die Lebensdauer des \u00d6ls und verbessert den Schutz der geschmierten Komponenten in Kompressoren. Dank seiner einzigartigen Formulierung mit organischem Molybd\u00e4n reduziert es die Reibung, was zu einem geringeren Energieverbrauch und niedrigeren Betriebstemperaturen f\u00fchrt. Dar\u00fcber hinaus tr\u00e4gt es dazu bei, die Lebensdauer des \u00d6ls zu verl\u00e4ngern, die Betriebskosten zu senken und die Stabilit\u00e4t auch unter schwierigen Betriebsbedingungen zu gew\u00e4hrleisten.  <\/p>\n","protected":false},"excerpt":{"rendered":"<h3>Hochleistungs-Kompressor\u00f6l-Additiv f\u00fcr mehr Schutz und Effizienz<\/h3>\n<p>\u2705 <strong>Reduziert den Energieverbrauch um 1-3% durch Verringerung der Reibung<\/strong>.<br \/>\n<strong> Reduziert den Reibungskoeffizienten um 60-65%<\/strong> im Vergleich zu \u00d6len ohne Additive.<br \/>\n\u2705 <strong>Reduziert die Betriebstemperaturen des Kompressors und die mechanischen Verluste.<\/strong><br \/>\n\u2705 <strong>Verl\u00e4ngert die Lebensdauer des \u00d6ls<\/strong> aufgrund der thermischen Stabilit\u00e4t und der antioxidativen Eigenschaften <strong>.<\/strong><br \/>\n\u2705 <strong>Einfache Dosierung<\/strong> &#8211; von 0,1 % bis 1 % \u00d6lvolumen.<\/p>\n","protected":false},"featured_media":2797,"template":"","meta":{"_kad_blocks_custom_css":"","_kad_blocks_head_custom_js":"","_kad_blocks_body_custom_js":"","_kad_blocks_footer_custom_js":"","_kad_post_transparent":"","_kad_post_title":"","_kad_post_layout":"","_kad_post_sidebar_id":"","_kad_post_content_style":"","_kad_post_vertical_padding":"","_kad_post_feature":"","_kad_post_feature_position":"","_kad_post_header":false,"_kad_post_footer":false,"_kad_post_classname":""},"product_brand":[],"product_cat":[136],"product_tag":[],"class_list":{"0":"post-8044","1":"product","2":"type-product","3":"status-publish","4":"has-post-thumbnail","6":"product_cat-tuning-racing-de","8":"first","9":"instock","10":"featured","11":"taxable","12":"shipping-taxable","13":"purchasable","14":"product-type-simple","15":"entry","16":"content-bg","17":"loop-entry"},"yoast_head":"<!-- This site is optimized with the Yoast SEO plugin v27.4 - https:\/\/yoast.com\/product\/yoast-seo-wordpress\/ -->\n<title>T71 KOMPRESSOR\u00d6L-ZUSATZ 50ML - NANOCLEAN<\/title>\n<meta name=\"robots\" content=\"index, follow, max-snippet:-1, max-image-preview:large, max-video-preview:-1\" \/>\n<link rel=\"canonical\" href=\"https:\/\/nanoclean24.com\/de\/produkte\/t71-kompressoroel-zusatz\/\" \/>\n<meta property=\"og:locale\" content=\"de_DE\" \/>\n<meta property=\"og:type\" content=\"article\" \/>\n<meta property=\"og:title\" content=\"T71 KOMPRESSOR\u00d6L-ZUSATZ 50ML - NANOCLEAN\" \/>\n<meta property=\"og:description\" content=\"Hochleistungs-Kompressor\u00f6l-Additiv f\u00fcr mehr Schutz und Effizienz \u2705 Reduziert den Energieverbrauch um 1-3% durch Verringerung der Reibung. Reduziert den Reibungskoeffizienten um 60-65% im Vergleich zu \u00d6len ohne Additive. \u2705 Reduziert die Betriebstemperaturen des Kompressors und die mechanischen Verluste. \u2705 Verl\u00e4ngert die Lebensdauer des \u00d6ls aufgrund der thermischen Stabilit\u00e4t und der antioxidativen Eigenschaften . \u2705 Einfache Dosierung - von 0,1 % bis 1 % \u00d6lvolumen.\" \/>\n<meta property=\"og:url\" content=\"https:\/\/nanoclean24.com\/de\/produkte\/t71-kompressoroel-zusatz\/\" \/>\n<meta property=\"og:site_name\" content=\"NANOCLEAN\" \/>\n<meta property=\"article:modified_time\" content=\"2025-10-24T13:21:11+00:00\" \/>\n<meta property=\"og:image\" content=\"https:\/\/nanoclean24.com\/wp-content\/uploads\/2025\/07\/T71.jpg\" \/>\n\t<meta property=\"og:image:width\" content=\"1200\" \/>\n\t<meta property=\"og:image:height\" content=\"1200\" \/>\n\t<meta property=\"og:image:type\" content=\"image\/jpeg\" \/>\n<meta name=\"twitter:card\" content=\"summary_large_image\" \/>\n<script type=\"application\/ld+json\" class=\"yoast-schema-graph\">{\"@context\":\"https:\\\/\\\/schema.org\",\"@graph\":[{\"@type\":\"WebPage\",\"@id\":\"https:\\\/\\\/nanoclean24.com\\\/de\\\/produkte\\\/t71-kompressoroel-zusatz\\\/\",\"url\":\"https:\\\/\\\/nanoclean24.com\\\/de\\\/produkte\\\/t71-kompressoroel-zusatz\\\/\",\"name\":\"T71 KOMPRESSOR\u00d6L-ZUSATZ 50ML - NANOCLEAN\",\"isPartOf\":{\"@id\":\"https:\\\/\\\/nanoclean24.com\\\/de\\\/#website\"},\"primaryImageOfPage\":{\"@id\":\"https:\\\/\\\/nanoclean24.com\\\/de\\\/produkte\\\/t71-kompressoroel-zusatz\\\/#primaryimage\"},\"image\":{\"@id\":\"https:\\\/\\\/nanoclean24.com\\\/de\\\/produkte\\\/t71-kompressoroel-zusatz\\\/#primaryimage\"},\"thumbnailUrl\":\"https:\\\/\\\/nanoclean24.com\\\/wp-content\\\/uploads\\\/2025\\\/07\\\/T71.jpg\",\"datePublished\":\"2025-09-26T08:22:02+00:00\",\"dateModified\":\"2025-10-24T13:21:11+00:00\",\"breadcrumb\":{\"@id\":\"https:\\\/\\\/nanoclean24.com\\\/de\\\/produkte\\\/t71-kompressoroel-zusatz\\\/#breadcrumb\"},\"inLanguage\":\"de\",\"potentialAction\":[{\"@type\":\"ReadAction\",\"target\":[\"https:\\\/\\\/nanoclean24.com\\\/de\\\/produkte\\\/t71-kompressoroel-zusatz\\\/\"]}]},{\"@type\":\"ImageObject\",\"inLanguage\":\"de\",\"@id\":\"https:\\\/\\\/nanoclean24.com\\\/de\\\/produkte\\\/t71-kompressoroel-zusatz\\\/#primaryimage\",\"url\":\"https:\\\/\\\/nanoclean24.com\\\/wp-content\\\/uploads\\\/2025\\\/07\\\/T71.jpg\",\"contentUrl\":\"https:\\\/\\\/nanoclean24.com\\\/wp-content\\\/uploads\\\/2025\\\/07\\\/T71.jpg\",\"width\":1200,\"height\":1200},{\"@type\":\"BreadcrumbList\",\"@id\":\"https:\\\/\\\/nanoclean24.com\\\/de\\\/produkte\\\/t71-kompressoroel-zusatz\\\/#breadcrumb\",\"itemListElement\":[{\"@type\":\"ListItem\",\"position\":1,\"name\":\"Strona g\u0142\u00f3wna\",\"item\":\"https:\\\/\\\/nanoclean24.com\\\/de\\\/\"},{\"@type\":\"ListItem\",\"position\":2,\"name\":\"Shop\",\"item\":\"https:\\\/\\\/nanoclean24.com\\\/de\\\/shop\\\/\"},{\"@type\":\"ListItem\",\"position\":3,\"name\":\"T71 KOMPRESSOR\u00d6L-ZUSATZ 50ML\"}]},{\"@type\":\"WebSite\",\"@id\":\"https:\\\/\\\/nanoclean24.com\\\/de\\\/#website\",\"url\":\"https:\\\/\\\/nanoclean24.com\\\/de\\\/\",\"name\":\"NanoClean\",\"description\":\"\",\"publisher\":{\"@id\":\"https:\\\/\\\/nanoclean24.com\\\/de\\\/#organization\"},\"potentialAction\":[{\"@type\":\"SearchAction\",\"target\":{\"@type\":\"EntryPoint\",\"urlTemplate\":\"https:\\\/\\\/nanoclean24.com\\\/de\\\/?s={search_term_string}\"},\"query-input\":{\"@type\":\"PropertyValueSpecification\",\"valueRequired\":true,\"valueName\":\"search_term_string\"}}],\"inLanguage\":\"de\"},{\"@type\":\"Organization\",\"@id\":\"https:\\\/\\\/nanoclean24.com\\\/de\\\/#organization\",\"name\":\"NanoClean\",\"url\":\"https:\\\/\\\/nanoclean24.com\\\/de\\\/\",\"logo\":{\"@type\":\"ImageObject\",\"inLanguage\":\"de\",\"@id\":\"https:\\\/\\\/nanoclean24.com\\\/de\\\/#\\\/schema\\\/logo\\\/image\\\/\",\"url\":\"https:\\\/\\\/nanoclean24.com\\\/wp-content\\\/uploads\\\/2025\\\/07\\\/logo-2.jpg\",\"contentUrl\":\"https:\\\/\\\/nanoclean24.com\\\/wp-content\\\/uploads\\\/2025\\\/07\\\/logo-2.jpg\",\"width\":1068,\"height\":224,\"caption\":\"NanoClean\"},\"image\":{\"@id\":\"https:\\\/\\\/nanoclean24.com\\\/de\\\/#\\\/schema\\\/logo\\\/image\\\/\"}}]}<\/script>\n<!-- \/ Yoast SEO plugin. -->","yoast_head_json":{"title":"T71 KOMPRESSOR\u00d6L-ZUSATZ 50ML - NANOCLEAN","robots":{"index":"index","follow":"follow","max-snippet":"max-snippet:-1","max-image-preview":"max-image-preview:large","max-video-preview":"max-video-preview:-1"},"canonical":"https:\/\/nanoclean24.com\/de\/produkte\/t71-kompressoroel-zusatz\/","og_locale":"de_DE","og_type":"article","og_title":"T71 KOMPRESSOR\u00d6L-ZUSATZ 50ML - NANOCLEAN","og_description":"Hochleistungs-Kompressor\u00f6l-Additiv f\u00fcr mehr Schutz und Effizienz \u2705 Reduziert den Energieverbrauch um 1-3% durch Verringerung der Reibung. Reduziert den Reibungskoeffizienten um 60-65% im Vergleich zu \u00d6len ohne Additive. \u2705 Reduziert die Betriebstemperaturen des Kompressors und die mechanischen Verluste. \u2705 Verl\u00e4ngert die Lebensdauer des \u00d6ls aufgrund der thermischen Stabilit\u00e4t und der antioxidativen Eigenschaften . \u2705 Einfache Dosierung - von 0,1 % bis 1 % \u00d6lvolumen.","og_url":"https:\/\/nanoclean24.com\/de\/produkte\/t71-kompressoroel-zusatz\/","og_site_name":"NANOCLEAN","article_modified_time":"2025-10-24T13:21:11+00:00","og_image":[{"width":1200,"height":1200,"url":"https:\/\/nanoclean24.com\/wp-content\/uploads\/2025\/07\/T71.jpg","type":"image\/jpeg"}],"twitter_card":"summary_large_image","schema":{"@context":"https:\/\/schema.org","@graph":[{"@type":"WebPage","@id":"https:\/\/nanoclean24.com\/de\/produkte\/t71-kompressoroel-zusatz\/","url":"https:\/\/nanoclean24.com\/de\/produkte\/t71-kompressoroel-zusatz\/","name":"T71 KOMPRESSOR\u00d6L-ZUSATZ 50ML - NANOCLEAN","isPartOf":{"@id":"https:\/\/nanoclean24.com\/de\/#website"},"primaryImageOfPage":{"@id":"https:\/\/nanoclean24.com\/de\/produkte\/t71-kompressoroel-zusatz\/#primaryimage"},"image":{"@id":"https:\/\/nanoclean24.com\/de\/produkte\/t71-kompressoroel-zusatz\/#primaryimage"},"thumbnailUrl":"https:\/\/nanoclean24.com\/wp-content\/uploads\/2025\/07\/T71.jpg","datePublished":"2025-09-26T08:22:02+00:00","dateModified":"2025-10-24T13:21:11+00:00","breadcrumb":{"@id":"https:\/\/nanoclean24.com\/de\/produkte\/t71-kompressoroel-zusatz\/#breadcrumb"},"inLanguage":"de","potentialAction":[{"@type":"ReadAction","target":["https:\/\/nanoclean24.com\/de\/produkte\/t71-kompressoroel-zusatz\/"]}]},{"@type":"ImageObject","inLanguage":"de","@id":"https:\/\/nanoclean24.com\/de\/produkte\/t71-kompressoroel-zusatz\/#primaryimage","url":"https:\/\/nanoclean24.com\/wp-content\/uploads\/2025\/07\/T71.jpg","contentUrl":"https:\/\/nanoclean24.com\/wp-content\/uploads\/2025\/07\/T71.jpg","width":1200,"height":1200},{"@type":"BreadcrumbList","@id":"https:\/\/nanoclean24.com\/de\/produkte\/t71-kompressoroel-zusatz\/#breadcrumb","itemListElement":[{"@type":"ListItem","position":1,"name":"Strona g\u0142\u00f3wna","item":"https:\/\/nanoclean24.com\/de\/"},{"@type":"ListItem","position":2,"name":"Shop","item":"https:\/\/nanoclean24.com\/de\/shop\/"},{"@type":"ListItem","position":3,"name":"T71 KOMPRESSOR\u00d6L-ZUSATZ 50ML"}]},{"@type":"WebSite","@id":"https:\/\/nanoclean24.com\/de\/#website","url":"https:\/\/nanoclean24.com\/de\/","name":"NanoClean","description":"","publisher":{"@id":"https:\/\/nanoclean24.com\/de\/#organization"},"potentialAction":[{"@type":"SearchAction","target":{"@type":"EntryPoint","urlTemplate":"https:\/\/nanoclean24.com\/de\/?s={search_term_string}"},"query-input":{"@type":"PropertyValueSpecification","valueRequired":true,"valueName":"search_term_string"}}],"inLanguage":"de"},{"@type":"Organization","@id":"https:\/\/nanoclean24.com\/de\/#organization","name":"NanoClean","url":"https:\/\/nanoclean24.com\/de\/","logo":{"@type":"ImageObject","inLanguage":"de","@id":"https:\/\/nanoclean24.com\/de\/#\/schema\/logo\/image\/","url":"https:\/\/nanoclean24.com\/wp-content\/uploads\/2025\/07\/logo-2.jpg","contentUrl":"https:\/\/nanoclean24.com\/wp-content\/uploads\/2025\/07\/logo-2.jpg","width":1068,"height":224,"caption":"NanoClean"},"image":{"@id":"https:\/\/nanoclean24.com\/de\/#\/schema\/logo\/image\/"}}]}},"taxonomy_info":{"product_cat":[{"value":136,"label":"TUNING &amp; RACING"}]},"featured_image_src_large":["https:\/\/nanoclean24.com\/wp-content\/uploads\/2025\/07\/T71-1024x1024.jpg",1024,1024,true],"author_info":[],"comment_info":"","_links":{"self":[{"href":"https:\/\/nanoclean24.com\/de\/wp-json\/wp\/v2\/product\/8044","targetHints":{"allow":["GET"]}}],"collection":[{"href":"https:\/\/nanoclean24.com\/de\/wp-json\/wp\/v2\/product"}],"about":[{"href":"https:\/\/nanoclean24.com\/de\/wp-json\/wp\/v2\/types\/product"}],"wp:featuredmedia":[{"embeddable":true,"href":"https:\/\/nanoclean24.com\/de\/wp-json\/wp\/v2\/media\/2797"}],"wp:attachment":[{"href":"https:\/\/nanoclean24.com\/de\/wp-json\/wp\/v2\/media?parent=8044"}],"wp:term":[{"taxonomy":"product_brand","embeddable":true,"href":"https:\/\/nanoclean24.com\/de\/wp-json\/wp\/v2\/product_brand?post=8044"},{"taxonomy":"product_cat","embeddable":true,"href":"https:\/\/nanoclean24.com\/de\/wp-json\/wp\/v2\/product_cat?post=8044"},{"taxonomy":"product_tag","embeddable":true,"href":"https:\/\/nanoclean24.com\/de\/wp-json\/wp\/v2\/product_tag?post=8044"}],"curies":[{"name":"wp","href":"https:\/\/api.w.org\/{rel}","templated":true}]}}