{"id":8040,"date":"2025-09-26T10:22:01","date_gmt":"2025-09-26T08:22:01","guid":{"rendered":"https:\/\/nanoclean24.com\/produkt\/u90-eht-lagerfett\/"},"modified":"2025-10-24T15:33:03","modified_gmt":"2025-10-24T13:33:03","slug":"u90-eht-lagerfett","status":"publish","type":"product","link":"https:\/\/nanoclean24.com\/de\/produkte\/u90-eht-lagerfett\/","title":{"rendered":"U90 EHT LAGERFETT 450ML"},"content":{"rendered":"<p>NANOCLEAN U90 EHT BEARING GREASE ist ein synthetisches Schmierfett mit verl\u00e4ngerter Lebensdauer, das f\u00fcr Anwendungen bei extremen Temperaturen und hohen Geschwindigkeiten entwickelt wurde. Es wurde f\u00fcr Rennfahrzeuge, Lastwagen und Industriemaschinen entwickelt und bietet au\u00dfergew\u00f6hnliche Schmierung und Schutz unter den anspruchsvollsten Bedingungen. Mit der organischen Molybd\u00e4n-OMX-Technologie und synthetischen Ether- (ADE) und Ester-Grund\u00f6len, einem fortschrittlichen Diurea-Verdicker und einer au\u00dfergew\u00f6hnlichen Oxidationsstabilit\u00e4t bietet NANOCLEAN U90 eine 2-3 mal l\u00e4ngere Lebensdauer als herk\u00f6mmliche synthetische Schmierstoffe, wodurch Kosten und Ausfallzeiten erheblich reduziert werden.  <\/p>\n","protected":false},"excerpt":{"rendered":"<h3>Ideales Lagerfett f\u00fcr extreme Bedingungen und hohe Geschwindigkeiten<\/h3>\n<p>\u2705 <strong>Au\u00dfergew\u00f6hnliche Temperaturbest\u00e4ndigkeit<\/strong> &#8211; funktioniert unter extremen Bedingungen von -40\u00b0C bis 200\u00b0C, mit einem Tropfpunkt \u00fcber 260\u00b0C.<\/p>\n<p>\u2705 S<strong>ehr geringe Reibung und Verschlei\u00dfschutz<\/strong> &#8211; reduziert den Rollwiderstand und optimiert die Kraft\u00fcbertragung.<\/p>\n<p>\u2705 <strong>Verl\u00e4ngerte Lebensdauer der Lager<\/strong> &#8211; fett- und korrosionshemmende Zus\u00e4tze sorgen f\u00fcr einen reibungslosen Betrieb und eine lange Lebensdauer.<\/p>\n<p><strong>Ausgezeichnete Wasser- und Chemikalienbest\u00e4ndigkeit<\/strong> &#8211; sch\u00fctzt vor Feuchtigkeit, Schmutz und aggressiven Umgebungen.<\/p>\n<p>\u2705 <strong>L\u00e4ngere Schmierintervalle<\/strong> &#8211; bis zu 10x l\u00e4ngere Nachschmierintervalle, die die Wartungsh\u00e4ufigkeit und die Kosten reduzieren.<\/p>\n<p>\u2705 <strong>Ideal f\u00fcr Hochleistungslager<\/strong> &#8211; perfekt f\u00fcr Radnaben, Lichtmaschinen, F\u00fchrungsrollen und Rennsportanwendungen.<\/p>\n","protected":false},"featured_media":2766,"template":"","meta":{"_kad_blocks_custom_css":"","_kad_blocks_head_custom_js":"","_kad_blocks_body_custom_js":"","_kad_blocks_footer_custom_js":"","_kad_post_transparent":"","_kad_post_title":"","_kad_post_layout":"","_kad_post_sidebar_id":"","_kad_post_content_style":"","_kad_post_vertical_padding":"","_kad_post_feature":"","_kad_post_feature_position":"","_kad_post_header":false,"_kad_post_footer":false,"_kad_post_classname":""},"product_brand":[],"product_cat":[136],"product_tag":[],"class_list":{"0":"post-8040","1":"product","2":"type-product","3":"status-publish","4":"has-post-thumbnail","6":"product_cat-tuning-racing-de","8":"first","9":"instock","10":"taxable","11":"shipping-taxable","12":"purchasable","13":"product-type-simple","14":"entry","15":"content-bg","16":"loop-entry"},"yoast_head":"<!-- This site is optimized with the Yoast SEO plugin v27.2 - https:\/\/yoast.com\/product\/yoast-seo-wordpress\/ -->\n<title>U90 EHT LAGERFETT 450ML - NANOCLEAN<\/title>\n<meta name=\"robots\" content=\"index, follow, max-snippet:-1, max-image-preview:large, max-video-preview:-1\" \/>\n<link rel=\"canonical\" href=\"https:\/\/nanoclean24.com\/de\/produkte\/u90-eht-lagerfett\/\" \/>\n<meta property=\"og:locale\" content=\"de_DE\" \/>\n<meta property=\"og:type\" content=\"article\" \/>\n<meta property=\"og:title\" content=\"U90 EHT LAGERFETT 450ML - NANOCLEAN\" \/>\n<meta property=\"og:description\" content=\"Ideales Lagerfett f\u00fcr extreme Bedingungen und hohe Geschwindigkeiten \u2705 Au\u00dfergew\u00f6hnliche Temperaturbest\u00e4ndigkeit - funktioniert unter extremen Bedingungen von -40\u00b0C bis 200\u00b0C, mit einem Tropfpunkt \u00fcber 260\u00b0C. \u2705 Sehr geringe Reibung und Verschlei\u00dfschutz - reduziert den Rollwiderstand und optimiert die Kraft\u00fcbertragung. \u2705 Verl\u00e4ngerte Lebensdauer der Lager - fett- und korrosionshemmende Zus\u00e4tze sorgen f\u00fcr einen reibungslosen Betrieb und eine lange Lebensdauer. Ausgezeichnete Wasser- und Chemikalienbest\u00e4ndigkeit - sch\u00fctzt vor Feuchtigkeit, Schmutz und aggressiven Umgebungen. \u2705 L\u00e4ngere Schmierintervalle - bis zu 10x l\u00e4ngere Nachschmierintervalle, die die Wartungsh\u00e4ufigkeit und die Kosten reduzieren. \u2705 Ideal f\u00fcr Hochleistungslager - perfekt f\u00fcr Radnaben, Lichtmaschinen, F\u00fchrungsrollen und Rennsportanwendungen.\" \/>\n<meta property=\"og:url\" content=\"https:\/\/nanoclean24.com\/de\/produkte\/u90-eht-lagerfett\/\" \/>\n<meta property=\"og:site_name\" content=\"NANOCLEAN\" \/>\n<meta property=\"article:modified_time\" content=\"2025-10-24T13:33:03+00:00\" \/>\n<meta property=\"og:image\" content=\"https:\/\/nanoclean24.com\/wp-content\/uploads\/2025\/07\/U90.jpg\" \/>\n\t<meta property=\"og:image:width\" content=\"1200\" \/>\n\t<meta property=\"og:image:height\" content=\"1200\" \/>\n\t<meta property=\"og:image:type\" content=\"image\/jpeg\" \/>\n<meta name=\"twitter:card\" content=\"summary_large_image\" \/>\n<script type=\"application\/ld+json\" class=\"yoast-schema-graph\">{\"@context\":\"https:\/\/schema.org\",\"@graph\":[{\"@type\":\"WebPage\",\"@id\":\"https:\/\/nanoclean24.com\/de\/produkte\/u90-eht-lagerfett\/\",\"url\":\"https:\/\/nanoclean24.com\/de\/produkte\/u90-eht-lagerfett\/\",\"name\":\"U90 EHT LAGERFETT 450ML - NANOCLEAN\",\"isPartOf\":{\"@id\":\"https:\/\/nanoclean24.com\/de\/#website\"},\"primaryImageOfPage\":{\"@id\":\"https:\/\/nanoclean24.com\/de\/produkte\/u90-eht-lagerfett\/#primaryimage\"},\"image\":{\"@id\":\"https:\/\/nanoclean24.com\/de\/produkte\/u90-eht-lagerfett\/#primaryimage\"},\"thumbnailUrl\":\"https:\/\/nanoclean24.com\/wp-content\/uploads\/2025\/07\/U90.jpg\",\"datePublished\":\"2025-09-26T08:22:01+00:00\",\"dateModified\":\"2025-10-24T13:33:03+00:00\",\"breadcrumb\":{\"@id\":\"https:\/\/nanoclean24.com\/de\/produkte\/u90-eht-lagerfett\/#breadcrumb\"},\"inLanguage\":\"de\",\"potentialAction\":[{\"@type\":\"ReadAction\",\"target\":[\"https:\/\/nanoclean24.com\/de\/produkte\/u90-eht-lagerfett\/\"]}]},{\"@type\":\"ImageObject\",\"inLanguage\":\"de\",\"@id\":\"https:\/\/nanoclean24.com\/de\/produkte\/u90-eht-lagerfett\/#primaryimage\",\"url\":\"https:\/\/nanoclean24.com\/wp-content\/uploads\/2025\/07\/U90.jpg\",\"contentUrl\":\"https:\/\/nanoclean24.com\/wp-content\/uploads\/2025\/07\/U90.jpg\",\"width\":1200,\"height\":1200},{\"@type\":\"BreadcrumbList\",\"@id\":\"https:\/\/nanoclean24.com\/de\/produkte\/u90-eht-lagerfett\/#breadcrumb\",\"itemListElement\":[{\"@type\":\"ListItem\",\"position\":1,\"name\":\"Strona g\u0142\u00f3wna\",\"item\":\"https:\/\/nanoclean24.com\/de\/\"},{\"@type\":\"ListItem\",\"position\":2,\"name\":\"Shop\",\"item\":\"https:\/\/nanoclean24.com\/de\/shop\/\"},{\"@type\":\"ListItem\",\"position\":3,\"name\":\"U90 EHT LAGERFETT 450ML\"}]},{\"@type\":\"WebSite\",\"@id\":\"https:\/\/nanoclean24.com\/de\/#website\",\"url\":\"https:\/\/nanoclean24.com\/de\/\",\"name\":\"NanoClean\",\"description\":\"\",\"publisher\":{\"@id\":\"https:\/\/nanoclean24.com\/de\/#organization\"},\"potentialAction\":[{\"@type\":\"SearchAction\",\"target\":{\"@type\":\"EntryPoint\",\"urlTemplate\":\"https:\/\/nanoclean24.com\/de\/?s={search_term_string}\"},\"query-input\":{\"@type\":\"PropertyValueSpecification\",\"valueRequired\":true,\"valueName\":\"search_term_string\"}}],\"inLanguage\":\"de\"},{\"@type\":\"Organization\",\"@id\":\"https:\/\/nanoclean24.com\/de\/#organization\",\"name\":\"NanoClean\",\"url\":\"https:\/\/nanoclean24.com\/de\/\",\"logo\":{\"@type\":\"ImageObject\",\"inLanguage\":\"de\",\"@id\":\"https:\/\/nanoclean24.com\/de\/#\/schema\/logo\/image\/\",\"url\":\"https:\/\/nanoclean24.com\/wp-content\/uploads\/2025\/07\/logo-2.jpg\",\"contentUrl\":\"https:\/\/nanoclean24.com\/wp-content\/uploads\/2025\/07\/logo-2.jpg\",\"width\":1068,\"height\":224,\"caption\":\"NanoClean\"},\"image\":{\"@id\":\"https:\/\/nanoclean24.com\/de\/#\/schema\/logo\/image\/\"}}]}<\/script>\n<!-- \/ Yoast SEO plugin. -->","yoast_head_json":{"title":"U90 EHT LAGERFETT 450ML - NANOCLEAN","robots":{"index":"index","follow":"follow","max-snippet":"max-snippet:-1","max-image-preview":"max-image-preview:large","max-video-preview":"max-video-preview:-1"},"canonical":"https:\/\/nanoclean24.com\/de\/produkte\/u90-eht-lagerfett\/","og_locale":"de_DE","og_type":"article","og_title":"U90 EHT LAGERFETT 450ML - NANOCLEAN","og_description":"Ideales Lagerfett f\u00fcr extreme Bedingungen und hohe Geschwindigkeiten \u2705 Au\u00dfergew\u00f6hnliche Temperaturbest\u00e4ndigkeit - funktioniert unter extremen Bedingungen von -40\u00b0C bis 200\u00b0C, mit einem Tropfpunkt \u00fcber 260\u00b0C. \u2705 Sehr geringe Reibung und Verschlei\u00dfschutz - reduziert den Rollwiderstand und optimiert die Kraft\u00fcbertragung. \u2705 Verl\u00e4ngerte Lebensdauer der Lager - fett- und korrosionshemmende Zus\u00e4tze sorgen f\u00fcr einen reibungslosen Betrieb und eine lange Lebensdauer. Ausgezeichnete Wasser- und Chemikalienbest\u00e4ndigkeit - sch\u00fctzt vor Feuchtigkeit, Schmutz und aggressiven Umgebungen. \u2705 L\u00e4ngere Schmierintervalle - bis zu 10x l\u00e4ngere Nachschmierintervalle, die die Wartungsh\u00e4ufigkeit und die Kosten reduzieren. \u2705 Ideal f\u00fcr Hochleistungslager - perfekt f\u00fcr Radnaben, Lichtmaschinen, F\u00fchrungsrollen und Rennsportanwendungen.","og_url":"https:\/\/nanoclean24.com\/de\/produkte\/u90-eht-lagerfett\/","og_site_name":"NANOCLEAN","article_modified_time":"2025-10-24T13:33:03+00:00","og_image":[{"width":1200,"height":1200,"url":"https:\/\/nanoclean24.com\/wp-content\/uploads\/2025\/07\/U90.jpg","type":"image\/jpeg"}],"twitter_card":"summary_large_image","schema":{"@context":"https:\/\/schema.org","@graph":[{"@type":"WebPage","@id":"https:\/\/nanoclean24.com\/de\/produkte\/u90-eht-lagerfett\/","url":"https:\/\/nanoclean24.com\/de\/produkte\/u90-eht-lagerfett\/","name":"U90 EHT LAGERFETT 450ML - NANOCLEAN","isPartOf":{"@id":"https:\/\/nanoclean24.com\/de\/#website"},"primaryImageOfPage":{"@id":"https:\/\/nanoclean24.com\/de\/produkte\/u90-eht-lagerfett\/#primaryimage"},"image":{"@id":"https:\/\/nanoclean24.com\/de\/produkte\/u90-eht-lagerfett\/#primaryimage"},"thumbnailUrl":"https:\/\/nanoclean24.com\/wp-content\/uploads\/2025\/07\/U90.jpg","datePublished":"2025-09-26T08:22:01+00:00","dateModified":"2025-10-24T13:33:03+00:00","breadcrumb":{"@id":"https:\/\/nanoclean24.com\/de\/produkte\/u90-eht-lagerfett\/#breadcrumb"},"inLanguage":"de","potentialAction":[{"@type":"ReadAction","target":["https:\/\/nanoclean24.com\/de\/produkte\/u90-eht-lagerfett\/"]}]},{"@type":"ImageObject","inLanguage":"de","@id":"https:\/\/nanoclean24.com\/de\/produkte\/u90-eht-lagerfett\/#primaryimage","url":"https:\/\/nanoclean24.com\/wp-content\/uploads\/2025\/07\/U90.jpg","contentUrl":"https:\/\/nanoclean24.com\/wp-content\/uploads\/2025\/07\/U90.jpg","width":1200,"height":1200},{"@type":"BreadcrumbList","@id":"https:\/\/nanoclean24.com\/de\/produkte\/u90-eht-lagerfett\/#breadcrumb","itemListElement":[{"@type":"ListItem","position":1,"name":"Strona g\u0142\u00f3wna","item":"https:\/\/nanoclean24.com\/de\/"},{"@type":"ListItem","position":2,"name":"Shop","item":"https:\/\/nanoclean24.com\/de\/shop\/"},{"@type":"ListItem","position":3,"name":"U90 EHT LAGERFETT 450ML"}]},{"@type":"WebSite","@id":"https:\/\/nanoclean24.com\/de\/#website","url":"https:\/\/nanoclean24.com\/de\/","name":"NanoClean","description":"","publisher":{"@id":"https:\/\/nanoclean24.com\/de\/#organization"},"potentialAction":[{"@type":"SearchAction","target":{"@type":"EntryPoint","urlTemplate":"https:\/\/nanoclean24.com\/de\/?s={search_term_string}"},"query-input":{"@type":"PropertyValueSpecification","valueRequired":true,"valueName":"search_term_string"}}],"inLanguage":"de"},{"@type":"Organization","@id":"https:\/\/nanoclean24.com\/de\/#organization","name":"NanoClean","url":"https:\/\/nanoclean24.com\/de\/","logo":{"@type":"ImageObject","inLanguage":"de","@id":"https:\/\/nanoclean24.com\/de\/#\/schema\/logo\/image\/","url":"https:\/\/nanoclean24.com\/wp-content\/uploads\/2025\/07\/logo-2.jpg","contentUrl":"https:\/\/nanoclean24.com\/wp-content\/uploads\/2025\/07\/logo-2.jpg","width":1068,"height":224,"caption":"NanoClean"},"image":{"@id":"https:\/\/nanoclean24.com\/de\/#\/schema\/logo\/image\/"}}]}},"taxonomy_info":{"product_cat":[{"value":136,"label":"TUNING &amp; RACING"}]},"featured_image_src_large":["https:\/\/nanoclean24.com\/wp-content\/uploads\/2025\/07\/U90-1024x1024.jpg",1024,1024,true],"author_info":[],"comment_info":"","_links":{"self":[{"href":"https:\/\/nanoclean24.com\/de\/wp-json\/wp\/v2\/product\/8040","targetHints":{"allow":["GET"]}}],"collection":[{"href":"https:\/\/nanoclean24.com\/de\/wp-json\/wp\/v2\/product"}],"about":[{"href":"https:\/\/nanoclean24.com\/de\/wp-json\/wp\/v2\/types\/product"}],"wp:featuredmedia":[{"embeddable":true,"href":"https:\/\/nanoclean24.com\/de\/wp-json\/wp\/v2\/media\/2766"}],"wp:attachment":[{"href":"https:\/\/nanoclean24.com\/de\/wp-json\/wp\/v2\/media?parent=8040"}],"wp:term":[{"taxonomy":"product_brand","embeddable":true,"href":"https:\/\/nanoclean24.com\/de\/wp-json\/wp\/v2\/product_brand?post=8040"},{"taxonomy":"product_cat","embeddable":true,"href":"https:\/\/nanoclean24.com\/de\/wp-json\/wp\/v2\/product_cat?post=8040"},{"taxonomy":"product_tag","embeddable":true,"href":"https:\/\/nanoclean24.com\/de\/wp-json\/wp\/v2\/product_tag?post=8040"}],"curies":[{"name":"wp","href":"https:\/\/api.w.org\/{rel}","templated":true}]}}