{"id":7977,"date":"2025-09-23T22:19:57","date_gmt":"2025-09-23T20:19:57","guid":{"rendered":"https:\/\/nanoclean24.com\/produkt\/nanoclean-air-fuer-zu-hause-500ml-lavendel\/"},"modified":"2025-10-24T16:56:34","modified_gmt":"2025-10-24T14:56:34","slug":"nanoclean-air-fuer-zu-hause-500ml-lavendel","status":"publish","type":"product","link":"https:\/\/nanoclean24.com\/de\/produkte\/nanoclean-air-fuer-zu-hause-500ml-lavendel\/","title":{"rendered":"NANOCLEAN\u00ae AIR f\u00fcr den Haushalt in der Spr\u00fchflasche mit Lavendelduft 500ML"},"content":{"rendered":"\n<h3 class=\"wp-block-heading\"><strong>Anwendung<\/strong><\/h3>\n\n<p><br\/>Reinigung, Auffrischung, Entrauchung und Desinfektion von Klimaanlagen<br\/>und L\u00fcftungsanlagen:<\/p>\n\n<ul class=\"wp-block-list\">\n<li>Verdampfer von Klimager\u00e4ten<\/li>\n\n\n\n<li>Klimager\u00e4te<\/li>\n\n\n\n<li>Luftk\u00fchler<\/li>\n\n\n\n<li>W\u00e4rmetauscher<\/li>\n\n\n\n<li>L\u00fcftungskan\u00e4le<\/li>\n\n\n\n<li>Fan-Coil<\/li>\n\n\n\n<li>Rekuperatoren<\/li>\n\n\n\n<li>Luftverteilungskan\u00e4le in W\u00e4rmepumpen<\/li>\n\n\n\n<li>Reinigung von Haushaltsklimager\u00e4ten<\/li>\n\n\n\n<li>Klima- und K\u00e4ltetechnik in der HLK-Industrie<\/li>\n\n\n\n<li>alle Oberfl\u00e4chen am Arbeitsplatz des Installateurs, auch in der Lebensmittel- und Medizinbranche<br\/>(das Pr\u00e4parat hat eine Zulassung f\u00fcr den Kontakt mit Lebensmitteln)<\/li>\n<\/ul>\n\n<figure class=\"wp-block-embed is-type-video is-provider-youtube wp-block-embed-youtube wp-embed-aspect-16-9 wp-has-aspect-ratio\"><div class=\"wp-block-embed__wrapper\">\n<iframe title=\"NANOCLEAN\u00ae AIR - Nowy standard dezynfekcji klimatyzacji ALL IN ONE\" width=\"720\" height=\"405\" src=\"https:\/\/www.youtube.com\/embed\/qi8AKuJ2bXY?feature=oembed\" frameborder=\"0\" allow=\"accelerometer; autoplay; clipboard-write; encrypted-media; gyroscope; picture-in-picture; web-share\" referrerpolicy=\"strict-origin-when-cross-origin\" allowfullscreen><\/iframe>\n<\/div><\/figure>\n\n<p><\/p>\n\n<p>Biozidprodukt-Zulassung Nr. 7406\/18<\/p>\n\n<p>PZH-Zertifikat Nr. B.BK.60112.0333.2023.l<\/p>\n\n<p><\/p>\n","protected":false},"excerpt":{"rendered":"<h3>Pr\u00e4parat zur Schimmelentfernung in Klimaanlagen und L\u00fcftungsanlagen im Haushalt<\/h3>\n<p><strong>\u2705 Reinigt wirksam die Klimaanlagen im Haus<\/strong> <strong>\u2705 T\u00f6tet alle Viren<\/strong>, Bakterien, Pilze, Hefen, Sporen, Mykobakterien in kurzer Zeit. <strong>\u2705 T\u00f6tet<\/strong> Legionella Pneumophila <strong>Bakterien<\/strong> in 1 Minute <strong>ab<\/strong>. <strong>\u2705 Bequem und einfach in der Anwendung<\/strong><\/p>\n","protected":false},"featured_media":6828,"template":"","meta":{"_kad_blocks_custom_css":"","_kad_blocks_head_custom_js":"","_kad_blocks_body_custom_js":"","_kad_blocks_footer_custom_js":"","_kad_post_transparent":"","_kad_post_title":"","_kad_post_layout":"","_kad_post_sidebar_id":"","_kad_post_content_style":"","_kad_post_vertical_padding":"","_kad_post_feature":"","_kad_post_feature_position":"","_kad_post_header":false,"_kad_post_footer":false,"_kad_post_classname":""},"product_brand":[],"product_cat":[97],"product_tag":[],"class_list":{"0":"post-7977","1":"product","2":"type-product","3":"status-publish","4":"has-post-thumbnail","6":"product_cat-home-de","8":"first","9":"outofstock","10":"taxable","11":"shipping-taxable","12":"purchasable","13":"product-type-simple","14":"entry","15":"content-bg","16":"loop-entry"},"yoast_head":"<!-- This site is optimized with the Yoast SEO plugin v27.4 - https:\/\/yoast.com\/product\/yoast-seo-wordpress\/ -->\n<title>NANOCLEAN\u00ae AIR f\u00fcr den Haushalt in der Spr\u00fchflasche mit Lavendelduft 500ML - NANOCLEAN<\/title>\n<meta name=\"robots\" content=\"index, follow, max-snippet:-1, max-image-preview:large, max-video-preview:-1\" \/>\n<link rel=\"canonical\" href=\"https:\/\/nanoclean24.com\/de\/produkte\/nanoclean-air-fuer-zu-hause-500ml-lavendel\/\" \/>\n<meta property=\"og:locale\" content=\"de_DE\" \/>\n<meta property=\"og:type\" content=\"article\" \/>\n<meta property=\"og:title\" content=\"NANOCLEAN\u00ae AIR f\u00fcr den Haushalt in der Spr\u00fchflasche mit Lavendelduft 500ML - NANOCLEAN\" \/>\n<meta property=\"og:description\" content=\"Pr\u00e4parat zur Schimmelentfernung in Klimaanlagen und L\u00fcftungsanlagen im Haushalt \u2705 Reinigt wirksam die Klimaanlagen im Haus \u2705 T\u00f6tet alle Viren, Bakterien, Pilze, Hefen, Sporen, Mykobakterien in kurzer Zeit. \u2705 T\u00f6tet Legionella Pneumophila Bakterien in 1 Minute ab. \u2705 Bequem und einfach in der Anwendung\" \/>\n<meta property=\"og:url\" content=\"https:\/\/nanoclean24.com\/de\/produkte\/nanoclean-air-fuer-zu-hause-500ml-lavendel\/\" \/>\n<meta property=\"og:site_name\" content=\"NANOCLEAN\" \/>\n<meta property=\"article:modified_time\" content=\"2025-10-24T14:56:34+00:00\" \/>\n<meta property=\"og:image\" content=\"https:\/\/nanoclean24.com\/wp-content\/uploads\/2025\/09\/NANOCLEAN\u00ae-AIR-dla-domu.webp\" \/>\n\t<meta property=\"og:image:width\" content=\"900\" \/>\n\t<meta property=\"og:image:height\" content=\"900\" \/>\n\t<meta property=\"og:image:type\" content=\"image\/webp\" \/>\n<meta name=\"twitter:card\" content=\"summary_large_image\" \/>\n<script type=\"application\/ld+json\" class=\"yoast-schema-graph\">{\"@context\":\"https:\\\/\\\/schema.org\",\"@graph\":[{\"@type\":\"WebPage\",\"@id\":\"https:\\\/\\\/nanoclean24.com\\\/de\\\/produkte\\\/nanoclean-air-fuer-zu-hause-500ml-lavendel\\\/\",\"url\":\"https:\\\/\\\/nanoclean24.com\\\/de\\\/produkte\\\/nanoclean-air-fuer-zu-hause-500ml-lavendel\\\/\",\"name\":\"NANOCLEAN\u00ae AIR f\u00fcr den Haushalt in der Spr\u00fchflasche mit Lavendelduft 500ML - NANOCLEAN\",\"isPartOf\":{\"@id\":\"https:\\\/\\\/nanoclean24.com\\\/de\\\/#website\"},\"primaryImageOfPage\":{\"@id\":\"https:\\\/\\\/nanoclean24.com\\\/de\\\/produkte\\\/nanoclean-air-fuer-zu-hause-500ml-lavendel\\\/#primaryimage\"},\"image\":{\"@id\":\"https:\\\/\\\/nanoclean24.com\\\/de\\\/produkte\\\/nanoclean-air-fuer-zu-hause-500ml-lavendel\\\/#primaryimage\"},\"thumbnailUrl\":\"https:\\\/\\\/nanoclean24.com\\\/wp-content\\\/uploads\\\/2025\\\/09\\\/NANOCLEAN\u00ae-AIR-dla-domu.webp\",\"datePublished\":\"2025-09-23T20:19:57+00:00\",\"dateModified\":\"2025-10-24T14:56:34+00:00\",\"breadcrumb\":{\"@id\":\"https:\\\/\\\/nanoclean24.com\\\/de\\\/produkte\\\/nanoclean-air-fuer-zu-hause-500ml-lavendel\\\/#breadcrumb\"},\"inLanguage\":\"de\",\"potentialAction\":[{\"@type\":\"ReadAction\",\"target\":[\"https:\\\/\\\/nanoclean24.com\\\/de\\\/produkte\\\/nanoclean-air-fuer-zu-hause-500ml-lavendel\\\/\"]}]},{\"@type\":\"ImageObject\",\"inLanguage\":\"de\",\"@id\":\"https:\\\/\\\/nanoclean24.com\\\/de\\\/produkte\\\/nanoclean-air-fuer-zu-hause-500ml-lavendel\\\/#primaryimage\",\"url\":\"https:\\\/\\\/nanoclean24.com\\\/wp-content\\\/uploads\\\/2025\\\/09\\\/NANOCLEAN\u00ae-AIR-dla-domu.webp\",\"contentUrl\":\"https:\\\/\\\/nanoclean24.com\\\/wp-content\\\/uploads\\\/2025\\\/09\\\/NANOCLEAN\u00ae-AIR-dla-domu.webp\",\"width\":900,\"height\":900},{\"@type\":\"BreadcrumbList\",\"@id\":\"https:\\\/\\\/nanoclean24.com\\\/de\\\/produkte\\\/nanoclean-air-fuer-zu-hause-500ml-lavendel\\\/#breadcrumb\",\"itemListElement\":[{\"@type\":\"ListItem\",\"position\":1,\"name\":\"Strona g\u0142\u00f3wna\",\"item\":\"https:\\\/\\\/nanoclean24.com\\\/de\\\/\"},{\"@type\":\"ListItem\",\"position\":2,\"name\":\"Shop\",\"item\":\"https:\\\/\\\/nanoclean24.com\\\/de\\\/shop\\\/\"},{\"@type\":\"ListItem\",\"position\":3,\"name\":\"NANOCLEAN\u00ae AIR f\u00fcr den Haushalt in der Spr\u00fchflasche mit Lavendelduft 500ML\"}]},{\"@type\":\"WebSite\",\"@id\":\"https:\\\/\\\/nanoclean24.com\\\/de\\\/#website\",\"url\":\"https:\\\/\\\/nanoclean24.com\\\/de\\\/\",\"name\":\"NanoClean\",\"description\":\"\",\"publisher\":{\"@id\":\"https:\\\/\\\/nanoclean24.com\\\/de\\\/#organization\"},\"potentialAction\":[{\"@type\":\"SearchAction\",\"target\":{\"@type\":\"EntryPoint\",\"urlTemplate\":\"https:\\\/\\\/nanoclean24.com\\\/de\\\/?s={search_term_string}\"},\"query-input\":{\"@type\":\"PropertyValueSpecification\",\"valueRequired\":true,\"valueName\":\"search_term_string\"}}],\"inLanguage\":\"de\"},{\"@type\":\"Organization\",\"@id\":\"https:\\\/\\\/nanoclean24.com\\\/de\\\/#organization\",\"name\":\"NanoClean\",\"url\":\"https:\\\/\\\/nanoclean24.com\\\/de\\\/\",\"logo\":{\"@type\":\"ImageObject\",\"inLanguage\":\"de\",\"@id\":\"https:\\\/\\\/nanoclean24.com\\\/de\\\/#\\\/schema\\\/logo\\\/image\\\/\",\"url\":\"https:\\\/\\\/nanoclean24.com\\\/wp-content\\\/uploads\\\/2025\\\/07\\\/logo-2.jpg\",\"contentUrl\":\"https:\\\/\\\/nanoclean24.com\\\/wp-content\\\/uploads\\\/2025\\\/07\\\/logo-2.jpg\",\"width\":1068,\"height\":224,\"caption\":\"NanoClean\"},\"image\":{\"@id\":\"https:\\\/\\\/nanoclean24.com\\\/de\\\/#\\\/schema\\\/logo\\\/image\\\/\"}}]}<\/script>\n<!-- \/ Yoast SEO plugin. -->","yoast_head_json":{"title":"NANOCLEAN\u00ae AIR f\u00fcr den Haushalt in der Spr\u00fchflasche mit Lavendelduft 500ML - NANOCLEAN","robots":{"index":"index","follow":"follow","max-snippet":"max-snippet:-1","max-image-preview":"max-image-preview:large","max-video-preview":"max-video-preview:-1"},"canonical":"https:\/\/nanoclean24.com\/de\/produkte\/nanoclean-air-fuer-zu-hause-500ml-lavendel\/","og_locale":"de_DE","og_type":"article","og_title":"NANOCLEAN\u00ae AIR f\u00fcr den Haushalt in der Spr\u00fchflasche mit Lavendelduft 500ML - NANOCLEAN","og_description":"Pr\u00e4parat zur Schimmelentfernung in Klimaanlagen und L\u00fcftungsanlagen im Haushalt \u2705 Reinigt wirksam die Klimaanlagen im Haus \u2705 T\u00f6tet alle Viren, Bakterien, Pilze, Hefen, Sporen, Mykobakterien in kurzer Zeit. \u2705 T\u00f6tet Legionella Pneumophila Bakterien in 1 Minute ab. \u2705 Bequem und einfach in der Anwendung","og_url":"https:\/\/nanoclean24.com\/de\/produkte\/nanoclean-air-fuer-zu-hause-500ml-lavendel\/","og_site_name":"NANOCLEAN","article_modified_time":"2025-10-24T14:56:34+00:00","og_image":[{"width":900,"height":900,"url":"https:\/\/nanoclean24.com\/wp-content\/uploads\/2025\/09\/NANOCLEAN\u00ae-AIR-dla-domu.webp","type":"image\/webp"}],"twitter_card":"summary_large_image","schema":{"@context":"https:\/\/schema.org","@graph":[{"@type":"WebPage","@id":"https:\/\/nanoclean24.com\/de\/produkte\/nanoclean-air-fuer-zu-hause-500ml-lavendel\/","url":"https:\/\/nanoclean24.com\/de\/produkte\/nanoclean-air-fuer-zu-hause-500ml-lavendel\/","name":"NANOCLEAN\u00ae AIR f\u00fcr den Haushalt in der Spr\u00fchflasche mit Lavendelduft 500ML - NANOCLEAN","isPartOf":{"@id":"https:\/\/nanoclean24.com\/de\/#website"},"primaryImageOfPage":{"@id":"https:\/\/nanoclean24.com\/de\/produkte\/nanoclean-air-fuer-zu-hause-500ml-lavendel\/#primaryimage"},"image":{"@id":"https:\/\/nanoclean24.com\/de\/produkte\/nanoclean-air-fuer-zu-hause-500ml-lavendel\/#primaryimage"},"thumbnailUrl":"https:\/\/nanoclean24.com\/wp-content\/uploads\/2025\/09\/NANOCLEAN\u00ae-AIR-dla-domu.webp","datePublished":"2025-09-23T20:19:57+00:00","dateModified":"2025-10-24T14:56:34+00:00","breadcrumb":{"@id":"https:\/\/nanoclean24.com\/de\/produkte\/nanoclean-air-fuer-zu-hause-500ml-lavendel\/#breadcrumb"},"inLanguage":"de","potentialAction":[{"@type":"ReadAction","target":["https:\/\/nanoclean24.com\/de\/produkte\/nanoclean-air-fuer-zu-hause-500ml-lavendel\/"]}]},{"@type":"ImageObject","inLanguage":"de","@id":"https:\/\/nanoclean24.com\/de\/produkte\/nanoclean-air-fuer-zu-hause-500ml-lavendel\/#primaryimage","url":"https:\/\/nanoclean24.com\/wp-content\/uploads\/2025\/09\/NANOCLEAN\u00ae-AIR-dla-domu.webp","contentUrl":"https:\/\/nanoclean24.com\/wp-content\/uploads\/2025\/09\/NANOCLEAN\u00ae-AIR-dla-domu.webp","width":900,"height":900},{"@type":"BreadcrumbList","@id":"https:\/\/nanoclean24.com\/de\/produkte\/nanoclean-air-fuer-zu-hause-500ml-lavendel\/#breadcrumb","itemListElement":[{"@type":"ListItem","position":1,"name":"Strona g\u0142\u00f3wna","item":"https:\/\/nanoclean24.com\/de\/"},{"@type":"ListItem","position":2,"name":"Shop","item":"https:\/\/nanoclean24.com\/de\/shop\/"},{"@type":"ListItem","position":3,"name":"NANOCLEAN\u00ae AIR f\u00fcr den Haushalt in der Spr\u00fchflasche mit Lavendelduft 500ML"}]},{"@type":"WebSite","@id":"https:\/\/nanoclean24.com\/de\/#website","url":"https:\/\/nanoclean24.com\/de\/","name":"NanoClean","description":"","publisher":{"@id":"https:\/\/nanoclean24.com\/de\/#organization"},"potentialAction":[{"@type":"SearchAction","target":{"@type":"EntryPoint","urlTemplate":"https:\/\/nanoclean24.com\/de\/?s={search_term_string}"},"query-input":{"@type":"PropertyValueSpecification","valueRequired":true,"valueName":"search_term_string"}}],"inLanguage":"de"},{"@type":"Organization","@id":"https:\/\/nanoclean24.com\/de\/#organization","name":"NanoClean","url":"https:\/\/nanoclean24.com\/de\/","logo":{"@type":"ImageObject","inLanguage":"de","@id":"https:\/\/nanoclean24.com\/de\/#\/schema\/logo\/image\/","url":"https:\/\/nanoclean24.com\/wp-content\/uploads\/2025\/07\/logo-2.jpg","contentUrl":"https:\/\/nanoclean24.com\/wp-content\/uploads\/2025\/07\/logo-2.jpg","width":1068,"height":224,"caption":"NanoClean"},"image":{"@id":"https:\/\/nanoclean24.com\/de\/#\/schema\/logo\/image\/"}}]}},"taxonomy_info":{"product_cat":[{"value":97,"label":"AC8 HOME"}]},"featured_image_src_large":["https:\/\/nanoclean24.com\/wp-content\/uploads\/2025\/09\/NANOCLEAN\u00ae-AIR-dla-domu.webp",900,900,false],"author_info":[],"comment_info":"","_links":{"self":[{"href":"https:\/\/nanoclean24.com\/de\/wp-json\/wp\/v2\/product\/7977","targetHints":{"allow":["GET"]}}],"collection":[{"href":"https:\/\/nanoclean24.com\/de\/wp-json\/wp\/v2\/product"}],"about":[{"href":"https:\/\/nanoclean24.com\/de\/wp-json\/wp\/v2\/types\/product"}],"wp:featuredmedia":[{"embeddable":true,"href":"https:\/\/nanoclean24.com\/de\/wp-json\/wp\/v2\/media\/6828"}],"wp:attachment":[{"href":"https:\/\/nanoclean24.com\/de\/wp-json\/wp\/v2\/media?parent=7977"}],"wp:term":[{"taxonomy":"product_brand","embeddable":true,"href":"https:\/\/nanoclean24.com\/de\/wp-json\/wp\/v2\/product_brand?post=7977"},{"taxonomy":"product_cat","embeddable":true,"href":"https:\/\/nanoclean24.com\/de\/wp-json\/wp\/v2\/product_cat?post=7977"},{"taxonomy":"product_tag","embeddable":true,"href":"https:\/\/nanoclean24.com\/de\/wp-json\/wp\/v2\/product_tag?post=7977"}],"curies":[{"name":"wp","href":"https:\/\/api.w.org\/{rel}","templated":true}]}}