{"id":7968,"date":"2025-09-23T21:56:56","date_gmt":"2025-09-23T19:56:56","guid":{"rendered":"https:\/\/nanoclean24.com\/produkt\/nanoclean-nylon-ac160-flexible-nylonlanze-360\/"},"modified":"2025-10-22T13:39:07","modified_gmt":"2025-10-22T11:39:07","slug":"nanoclean-nylon-ac160-flexible-nylonlanze-360","status":"publish","type":"product","link":"https:\/\/nanoclean24.com\/de\/produkte\/nanoclean-nylon-ac160-flexible-nylonlanze-360\/","title":{"rendered":"NANOCLEAN\u00ae NYLON AC160 Flexible Nylonlanze 360\u00b0"},"content":{"rendered":"\n<h3 class=\"wp-block-heading\"><strong>Anwendung<\/strong><\/h3>\n\n<p><br\/>Die Lanze NANOCLEAN\u00ae NYLON AC160 (AC-69NYLON) + NANOCLEAN\u00ae AIR + NANOCLEAN\u00ae GUN (AC-69GUN) ist eine effektive L\u00f6sung f\u00fcr die Reinigung, Entrauchung und Desinfektion von Klimakan\u00e4len, wenn der Zugang zum Verdampfer schwierig ist.<\/p>\n\n<p>Dank der Verwendung einer Drucklanze und des direkten Kontakts zwischen der NANOCLEAN AIR Fl\u00fcssigkeit und dem Verdampfer ist eine gr\u00fcndliche Druckreinigung der verschmutzten Bereiche des Verdampfers und eine Desinfektion mit dem gesamten bioziden Spektrum, einschlie\u00dflich der Entrauchung der Klimaanlage, gew\u00e4hrleistet. Die Ozonbehandlung reinigt den Verdampfer nicht, sondern maskiert lediglich unangenehme Ger\u00fcche f\u00fcr kurze Zeit, dringt in die Sitzmaterialien ein und wirkt oxidierend auf die Elektronik in Fahrzeugen, was im Laufe der Zeit zu elektronischen Problemen f\u00fchrt.<\/p>\n\n<h3 class=\"wp-block-heading\">ANWENDUNG<\/h3>\n\n<ol class=\"wp-block-list\">\n<li>Befestigen Sie die NANOCLEAN NYLON Lanze (AC-69NYLON) mit der speziellen Schnellkupplung an der NANOCLEAN GUN, die mit NANOCLEAN AIR Fl\u00fcssigkeit gef\u00fcllt ist.<\/li>\n\n\n\n<li>Passen Sie die Lanze an den Klimaanlagenkanal an, um den Verdampfer im Auto zu erreichen (die Lanze kann in jede beliebige Richtung gebogen werden).<\/li>\n\n\n\n<li>F\u00fchren Sie die Reinigung und Desinfektion des Klimaanlagenverdampfers mit dem NANOCLEAN AIR Pr\u00e4parat in einem Arbeitsgang durch, wodurch Sie unangenehme Ger\u00fcche dauerhaft entfernen und einen angenehmen Duft f\u00fcr l\u00e4ngere Zeit hinterlassen.<\/li>\n<\/ol>\n","protected":false},"excerpt":{"rendered":"<p>NANOCLEAN\u00ae NYLON AC160 (AC-69NYLON) ist eine 160 cm lange, flexible Nylonlanze mit einer 360\u00b0-Multidirektionald\u00fcse zur Reinigung, Auffrischung, Entrauchung und Desinfektion von schwer zug\u00e4nglichen Stellen in Klimakan\u00e4len. Wird verwendet, wenn die NANOCLEAN\u00ae INOX AC45 (AC-69INOX) Lanze keinen Zugang zum Verdampfer hat. <\/p>\n<p>&nbsp;<\/p>\n","protected":false},"featured_media":6821,"template":"","meta":{"_kad_blocks_custom_css":"","_kad_blocks_head_custom_js":"","_kad_blocks_body_custom_js":"","_kad_blocks_footer_custom_js":"","_kad_post_transparent":"","_kad_post_title":"","_kad_post_layout":"","_kad_post_sidebar_id":"","_kad_post_content_style":"","_kad_post_vertical_padding":"","_kad_post_feature":"","_kad_post_feature_position":"","_kad_post_header":false,"_kad_post_footer":false,"_kad_post_classname":""},"product_brand":[],"product_cat":[176],"product_tag":[],"class_list":{"0":"post-7968","1":"product","2":"type-product","3":"status-publish","4":"has-post-thumbnail","6":"product_cat-car-ac-pro","8":"first","9":"instock","10":"taxable","11":"shipping-taxable","12":"purchasable","13":"product-type-simple","14":"entry","15":"content-bg","16":"loop-entry"},"yoast_head":"<!-- This site is optimized with the Yoast SEO plugin v27.4 - https:\/\/yoast.com\/product\/yoast-seo-wordpress\/ -->\n<title>NANOCLEAN\u00ae NYLON AC160 Flexible Nylonlanze 360\u00b0 - NANOCLEAN<\/title>\n<meta name=\"robots\" content=\"index, follow, max-snippet:-1, max-image-preview:large, max-video-preview:-1\" \/>\n<link rel=\"canonical\" href=\"https:\/\/nanoclean24.com\/de\/produkte\/nanoclean-nylon-ac160-flexible-nylonlanze-360\/\" \/>\n<meta property=\"og:locale\" content=\"de_DE\" \/>\n<meta property=\"og:type\" content=\"article\" \/>\n<meta property=\"og:title\" content=\"NANOCLEAN\u00ae NYLON AC160 Flexible Nylonlanze 360\u00b0 - NANOCLEAN\" \/>\n<meta property=\"og:description\" content=\"NANOCLEAN\u00ae NYLON AC160 (AC-69NYLON) ist eine 160 cm lange, flexible Nylonlanze mit einer 360\u00b0-Multidirektionald\u00fcse zur Reinigung, Auffrischung, Entrauchung und Desinfektion von schwer zug\u00e4nglichen Stellen in Klimakan\u00e4len. Wird verwendet, wenn die NANOCLEAN\u00ae INOX AC45 (AC-69INOX) Lanze keinen Zugang zum Verdampfer hat.  &nbsp;\" \/>\n<meta property=\"og:url\" content=\"https:\/\/nanoclean24.com\/de\/produkte\/nanoclean-nylon-ac160-flexible-nylonlanze-360\/\" \/>\n<meta property=\"og:site_name\" content=\"NANOCLEAN\" \/>\n<meta property=\"article:modified_time\" content=\"2025-10-22T11:39:07+00:00\" \/>\n<meta property=\"og:image\" content=\"https:\/\/nanoclean24.com\/wp-content\/uploads\/2025\/09\/AC-69NYLON.webp\" \/>\n\t<meta property=\"og:image:width\" content=\"900\" \/>\n\t<meta property=\"og:image:height\" content=\"900\" \/>\n\t<meta property=\"og:image:type\" content=\"image\/webp\" \/>\n<meta name=\"twitter:card\" content=\"summary_large_image\" \/>\n<meta name=\"twitter:label1\" content=\"Gesch\u00e4tzte Lesezeit\" \/>\n\t<meta name=\"twitter:data1\" content=\"1\u00a0Minute\" \/>\n<script type=\"application\/ld+json\" class=\"yoast-schema-graph\">{\"@context\":\"https:\\\/\\\/schema.org\",\"@graph\":[{\"@type\":\"WebPage\",\"@id\":\"https:\\\/\\\/nanoclean24.com\\\/de\\\/produkte\\\/nanoclean-nylon-ac160-flexible-nylonlanze-360\\\/\",\"url\":\"https:\\\/\\\/nanoclean24.com\\\/de\\\/produkte\\\/nanoclean-nylon-ac160-flexible-nylonlanze-360\\\/\",\"name\":\"NANOCLEAN\u00ae NYLON AC160 Flexible Nylonlanze 360\u00b0 - NANOCLEAN\",\"isPartOf\":{\"@id\":\"https:\\\/\\\/nanoclean24.com\\\/de\\\/#website\"},\"primaryImageOfPage\":{\"@id\":\"https:\\\/\\\/nanoclean24.com\\\/de\\\/produkte\\\/nanoclean-nylon-ac160-flexible-nylonlanze-360\\\/#primaryimage\"},\"image\":{\"@id\":\"https:\\\/\\\/nanoclean24.com\\\/de\\\/produkte\\\/nanoclean-nylon-ac160-flexible-nylonlanze-360\\\/#primaryimage\"},\"thumbnailUrl\":\"https:\\\/\\\/nanoclean24.com\\\/wp-content\\\/uploads\\\/2025\\\/09\\\/AC-69NYLON.webp\",\"datePublished\":\"2025-09-23T19:56:56+00:00\",\"dateModified\":\"2025-10-22T11:39:07+00:00\",\"breadcrumb\":{\"@id\":\"https:\\\/\\\/nanoclean24.com\\\/de\\\/produkte\\\/nanoclean-nylon-ac160-flexible-nylonlanze-360\\\/#breadcrumb\"},\"inLanguage\":\"de\",\"potentialAction\":[{\"@type\":\"ReadAction\",\"target\":[\"https:\\\/\\\/nanoclean24.com\\\/de\\\/produkte\\\/nanoclean-nylon-ac160-flexible-nylonlanze-360\\\/\"]}]},{\"@type\":\"ImageObject\",\"inLanguage\":\"de\",\"@id\":\"https:\\\/\\\/nanoclean24.com\\\/de\\\/produkte\\\/nanoclean-nylon-ac160-flexible-nylonlanze-360\\\/#primaryimage\",\"url\":\"https:\\\/\\\/nanoclean24.com\\\/wp-content\\\/uploads\\\/2025\\\/09\\\/AC-69NYLON.webp\",\"contentUrl\":\"https:\\\/\\\/nanoclean24.com\\\/wp-content\\\/uploads\\\/2025\\\/09\\\/AC-69NYLON.webp\",\"width\":900,\"height\":900},{\"@type\":\"BreadcrumbList\",\"@id\":\"https:\\\/\\\/nanoclean24.com\\\/de\\\/produkte\\\/nanoclean-nylon-ac160-flexible-nylonlanze-360\\\/#breadcrumb\",\"itemListElement\":[{\"@type\":\"ListItem\",\"position\":1,\"name\":\"Strona g\u0142\u00f3wna\",\"item\":\"https:\\\/\\\/nanoclean24.com\\\/de\\\/\"},{\"@type\":\"ListItem\",\"position\":2,\"name\":\"Shop\",\"item\":\"https:\\\/\\\/nanoclean24.com\\\/de\\\/shop\\\/\"},{\"@type\":\"ListItem\",\"position\":3,\"name\":\"NANOCLEAN\u00ae NYLON AC160 Flexible Nylonlanze 360\u00b0\"}]},{\"@type\":\"WebSite\",\"@id\":\"https:\\\/\\\/nanoclean24.com\\\/de\\\/#website\",\"url\":\"https:\\\/\\\/nanoclean24.com\\\/de\\\/\",\"name\":\"NanoClean\",\"description\":\"\",\"publisher\":{\"@id\":\"https:\\\/\\\/nanoclean24.com\\\/de\\\/#organization\"},\"potentialAction\":[{\"@type\":\"SearchAction\",\"target\":{\"@type\":\"EntryPoint\",\"urlTemplate\":\"https:\\\/\\\/nanoclean24.com\\\/de\\\/?s={search_term_string}\"},\"query-input\":{\"@type\":\"PropertyValueSpecification\",\"valueRequired\":true,\"valueName\":\"search_term_string\"}}],\"inLanguage\":\"de\"},{\"@type\":\"Organization\",\"@id\":\"https:\\\/\\\/nanoclean24.com\\\/de\\\/#organization\",\"name\":\"NanoClean\",\"url\":\"https:\\\/\\\/nanoclean24.com\\\/de\\\/\",\"logo\":{\"@type\":\"ImageObject\",\"inLanguage\":\"de\",\"@id\":\"https:\\\/\\\/nanoclean24.com\\\/de\\\/#\\\/schema\\\/logo\\\/image\\\/\",\"url\":\"https:\\\/\\\/nanoclean24.com\\\/wp-content\\\/uploads\\\/2025\\\/07\\\/logo-2.jpg\",\"contentUrl\":\"https:\\\/\\\/nanoclean24.com\\\/wp-content\\\/uploads\\\/2025\\\/07\\\/logo-2.jpg\",\"width\":1068,\"height\":224,\"caption\":\"NanoClean\"},\"image\":{\"@id\":\"https:\\\/\\\/nanoclean24.com\\\/de\\\/#\\\/schema\\\/logo\\\/image\\\/\"}}]}<\/script>\n<!-- \/ Yoast SEO plugin. -->","yoast_head_json":{"title":"NANOCLEAN\u00ae NYLON AC160 Flexible Nylonlanze 360\u00b0 - NANOCLEAN","robots":{"index":"index","follow":"follow","max-snippet":"max-snippet:-1","max-image-preview":"max-image-preview:large","max-video-preview":"max-video-preview:-1"},"canonical":"https:\/\/nanoclean24.com\/de\/produkte\/nanoclean-nylon-ac160-flexible-nylonlanze-360\/","og_locale":"de_DE","og_type":"article","og_title":"NANOCLEAN\u00ae NYLON AC160 Flexible Nylonlanze 360\u00b0 - NANOCLEAN","og_description":"NANOCLEAN\u00ae NYLON AC160 (AC-69NYLON) ist eine 160 cm lange, flexible Nylonlanze mit einer 360\u00b0-Multidirektionald\u00fcse zur Reinigung, Auffrischung, Entrauchung und Desinfektion von schwer zug\u00e4nglichen Stellen in Klimakan\u00e4len. Wird verwendet, wenn die NANOCLEAN\u00ae INOX AC45 (AC-69INOX) Lanze keinen Zugang zum Verdampfer hat.  &nbsp;","og_url":"https:\/\/nanoclean24.com\/de\/produkte\/nanoclean-nylon-ac160-flexible-nylonlanze-360\/","og_site_name":"NANOCLEAN","article_modified_time":"2025-10-22T11:39:07+00:00","og_image":[{"width":900,"height":900,"url":"https:\/\/nanoclean24.com\/wp-content\/uploads\/2025\/09\/AC-69NYLON.webp","type":"image\/webp"}],"twitter_card":"summary_large_image","twitter_misc":{"Gesch\u00e4tzte Lesezeit":"1\u00a0Minute"},"schema":{"@context":"https:\/\/schema.org","@graph":[{"@type":"WebPage","@id":"https:\/\/nanoclean24.com\/de\/produkte\/nanoclean-nylon-ac160-flexible-nylonlanze-360\/","url":"https:\/\/nanoclean24.com\/de\/produkte\/nanoclean-nylon-ac160-flexible-nylonlanze-360\/","name":"NANOCLEAN\u00ae NYLON AC160 Flexible Nylonlanze 360\u00b0 - NANOCLEAN","isPartOf":{"@id":"https:\/\/nanoclean24.com\/de\/#website"},"primaryImageOfPage":{"@id":"https:\/\/nanoclean24.com\/de\/produkte\/nanoclean-nylon-ac160-flexible-nylonlanze-360\/#primaryimage"},"image":{"@id":"https:\/\/nanoclean24.com\/de\/produkte\/nanoclean-nylon-ac160-flexible-nylonlanze-360\/#primaryimage"},"thumbnailUrl":"https:\/\/nanoclean24.com\/wp-content\/uploads\/2025\/09\/AC-69NYLON.webp","datePublished":"2025-09-23T19:56:56+00:00","dateModified":"2025-10-22T11:39:07+00:00","breadcrumb":{"@id":"https:\/\/nanoclean24.com\/de\/produkte\/nanoclean-nylon-ac160-flexible-nylonlanze-360\/#breadcrumb"},"inLanguage":"de","potentialAction":[{"@type":"ReadAction","target":["https:\/\/nanoclean24.com\/de\/produkte\/nanoclean-nylon-ac160-flexible-nylonlanze-360\/"]}]},{"@type":"ImageObject","inLanguage":"de","@id":"https:\/\/nanoclean24.com\/de\/produkte\/nanoclean-nylon-ac160-flexible-nylonlanze-360\/#primaryimage","url":"https:\/\/nanoclean24.com\/wp-content\/uploads\/2025\/09\/AC-69NYLON.webp","contentUrl":"https:\/\/nanoclean24.com\/wp-content\/uploads\/2025\/09\/AC-69NYLON.webp","width":900,"height":900},{"@type":"BreadcrumbList","@id":"https:\/\/nanoclean24.com\/de\/produkte\/nanoclean-nylon-ac160-flexible-nylonlanze-360\/#breadcrumb","itemListElement":[{"@type":"ListItem","position":1,"name":"Strona g\u0142\u00f3wna","item":"https:\/\/nanoclean24.com\/de\/"},{"@type":"ListItem","position":2,"name":"Shop","item":"https:\/\/nanoclean24.com\/de\/shop\/"},{"@type":"ListItem","position":3,"name":"NANOCLEAN\u00ae NYLON AC160 Flexible Nylonlanze 360\u00b0"}]},{"@type":"WebSite","@id":"https:\/\/nanoclean24.com\/de\/#website","url":"https:\/\/nanoclean24.com\/de\/","name":"NanoClean","description":"","publisher":{"@id":"https:\/\/nanoclean24.com\/de\/#organization"},"potentialAction":[{"@type":"SearchAction","target":{"@type":"EntryPoint","urlTemplate":"https:\/\/nanoclean24.com\/de\/?s={search_term_string}"},"query-input":{"@type":"PropertyValueSpecification","valueRequired":true,"valueName":"search_term_string"}}],"inLanguage":"de"},{"@type":"Organization","@id":"https:\/\/nanoclean24.com\/de\/#organization","name":"NanoClean","url":"https:\/\/nanoclean24.com\/de\/","logo":{"@type":"ImageObject","inLanguage":"de","@id":"https:\/\/nanoclean24.com\/de\/#\/schema\/logo\/image\/","url":"https:\/\/nanoclean24.com\/wp-content\/uploads\/2025\/07\/logo-2.jpg","contentUrl":"https:\/\/nanoclean24.com\/wp-content\/uploads\/2025\/07\/logo-2.jpg","width":1068,"height":224,"caption":"NanoClean"},"image":{"@id":"https:\/\/nanoclean24.com\/de\/#\/schema\/logo\/image\/"}}]}},"taxonomy_info":{"product_cat":[{"value":176,"label":"CAR AC PRO"}]},"featured_image_src_large":["https:\/\/nanoclean24.com\/wp-content\/uploads\/2025\/09\/AC-69NYLON.webp",900,900,false],"author_info":[],"comment_info":"","_links":{"self":[{"href":"https:\/\/nanoclean24.com\/de\/wp-json\/wp\/v2\/product\/7968","targetHints":{"allow":["GET"]}}],"collection":[{"href":"https:\/\/nanoclean24.com\/de\/wp-json\/wp\/v2\/product"}],"about":[{"href":"https:\/\/nanoclean24.com\/de\/wp-json\/wp\/v2\/types\/product"}],"wp:featuredmedia":[{"embeddable":true,"href":"https:\/\/nanoclean24.com\/de\/wp-json\/wp\/v2\/media\/6821"}],"wp:attachment":[{"href":"https:\/\/nanoclean24.com\/de\/wp-json\/wp\/v2\/media?parent=7968"}],"wp:term":[{"taxonomy":"product_brand","embeddable":true,"href":"https:\/\/nanoclean24.com\/de\/wp-json\/wp\/v2\/product_brand?post=7968"},{"taxonomy":"product_cat","embeddable":true,"href":"https:\/\/nanoclean24.com\/de\/wp-json\/wp\/v2\/product_cat?post=7968"},{"taxonomy":"product_tag","embeddable":true,"href":"https:\/\/nanoclean24.com\/de\/wp-json\/wp\/v2\/product_tag?post=7968"}],"curies":[{"name":"wp","href":"https:\/\/api.w.org\/{rel}","templated":true}]}}