{"id":7797,"date":"2025-07-20T16:08:30","date_gmt":"2025-07-20T14:08:30","guid":{"rendered":"https:\/\/nanoclean24.com\/produkt\/nanoclean-ac8-kit-fuer-die-reinigung-und-pflege-von-grabsteinen\/"},"modified":"2025-10-14T09:52:10","modified_gmt":"2025-10-14T07:52:10","slug":"nanoclean-ac8-kit-fuer-die-reinigung-und-pflege-von-grabsteinen","status":"publish","type":"product","link":"https:\/\/nanoclean24.com\/de\/produkte\/nanoclean-ac8-kit-fuer-die-reinigung-und-pflege-von-grabsteinen\/","title":{"rendered":"Nanoclean AC8 Kit f\u00fcr die Reinigung und Pflege von Grabsteinen"},"content":{"rendered":"<p><strong>Der Bausatz enth\u00e4lt<\/strong><\/p>\n<ol>\n<li><strong>Nanoclean AC8 Grabsteinreinigung (5904917904626)<\/strong><br \/>\nDieses Produkt mit seiner innovativen Formel entfernt effektiv jeglichen Schmutz von Grabsteinen aus Stein, Marmor, Terrazzo, Granit und Beton. Dank seiner Reinigungskraft wird es mit hartn\u00e4ckigem Schmutz, Vogelkot und anderen Verunreinigungen fertig, ohne die Oberfl\u00e4che des Denkmals zu besch\u00e4digen oder zu verf\u00e4rben. <\/li>\n<li><strong>Nanoclean AC8 Rust and Sediment (5904917904633)<\/strong><br \/>\nEin Produkt zur Beseitigung von Rost und Ablagerungen, das Grabsteinen ihren urspr\u00fcnglichen Glanz zur\u00fcckgibt. Seine Formel erm\u00f6glicht eine effektive Wirkung ohne Schrubben und ist daher leicht anzuwenden. Es ist f\u00fcr alle Arten von Stein geeignet und sch\u00fctzt die Oberfl\u00e4che vor zuk\u00fcnftigen Verunreinigungen.  <\/li>\n<li><strong>Nanoclean AC8 Glanz und Schutz (5904917904640)<\/strong><br \/>\nPr\u00e4parat, das nicht nur gl\u00e4nzt, sondern auch Grabsteine vor Witterung und Schmutz sch\u00fctzt. Erzeugt eine dauerhafte Schutzschicht, die die \u00c4sthetik von Grabsteinen l\u00e4nger erh\u00e4lt. Es wird empfohlen, den Grabstein vor der Verwendung gr\u00fcndlich mit einem Reinigungsmittel zu waschen.  <\/li>\n<\/ol>\n<p><strong>Anwendung<\/strong><br \/>\nDas Set ist ideal f\u00fcr Grabsteine aus Granit, Marmor, Terrazzo, Stein und Beton und bietet umfassende Unterst\u00fctzung bei deren Pflege und Instandhaltung.<\/p>\n<h3>STUFE I &#8211; REINIGUNG<\/h3>\n<p>Die erste Stufe der Grabsteinreinigung ist ein wichtiger Schritt, der die Oberfl\u00e4che gr\u00fcndlich auf die weitere Pflege vorbereitet. NANOCLEAN AC8 CLEANER ist ein spezielles Pr\u00e4parat, das f\u00fcr die erste Entfernung von Staub, Schmutz und leichten Verunreinigungen von Grabsteinoberfl\u00e4chen entwickelt wurde. Dank seiner neutralen Formel ist es f\u00fcr verschiedene Steinarten wie Granit, Marmor, Sandstein und Beton geeignet und bereitet die Oberfl\u00e4che wirksam auf eine gr\u00fcndliche Reinigung und den Schutz vor.  <\/p>\n<p>Warum NANOCLEAN AC8 verwenden?<\/p>\n<ul>\n<li><strong>Effektive Oberfl\u00e4chenreinigung<\/strong>: Das Produkt entfernt gr\u00fcndlich Erstverschmutzungen wie Staub, Schmutz und leichte Verunreinigungen, ohne die Steinstruktur anzugreifen.<\/li>\n<li><strong>Sicher f\u00fcr Materialien<\/strong>: Die neutrale Formel des Produkts ist sicher f\u00fcr verschiedene Arten von Stein, ohne Verf\u00e4rbungen oder Sch\u00e4den zu verursachen.<\/li>\n<li><strong>Optimale Vorbereitung<\/strong>: Wenn Sie das Produkt vor der Verwendung von st\u00e4rkeren Reinigungsmitteln anwenden, erzielen Sie bessere Ergebnisse bei den nachfolgenden Pflegeschritten.<\/li>\n<\/ul>\n<p><strong>Anweisungen f\u00fcr den Gebrauch<\/strong><\/p>\n<ol>\n<li>Spr\u00fchen Sie gleichm\u00e4\u00dfig auf die gesamte Oberfl\u00e4che des Grabsteins.<\/li>\n<li>Lassen Sie das Produkt eine Weile einwirken, damit es den Schmutz aufl\u00f6st.<\/li>\n<li>Verwenden Sie einen weichen Schwamm oder ein Tuch, um die Oberfl\u00e4che vorsichtig abzuwischen.<\/li>\n<li>Gr\u00fcndlich mit Wasser aussp\u00fclen.<\/li>\n<\/ol>\n<h3>SCHRITT II &#8211; ROST- UND SCHLAMMENTFERNUNG<\/h3>\n<p>Die zweite Stufe der Grabsteinreinigung konzentriert sich auf die fortgeschrittene Entfernung von hartn\u00e4ckigen Verschmutzungen wie Kalkablagerungen, Rost und korrosiven Ablagerungen. NANOCLEAN AC8 RUST AND OSCOLATE ist ein spezieller Schaumreiniger auf Basis einer lebensmittelechten S\u00e4ure, der hartn\u00e4ckige Verschmutzungen effektiv entfernt und dabei sicher f\u00fcr die Oberfl\u00e4chen bleibt. Dank seiner biologisch abbaubaren Formel ist er umweltfreundlich und dennoch \u00e4u\u00dferst effektiv in seiner Wirkung.  <\/p>\n<p>Warum sollten Sie sich f\u00fcr NANOCLEAN AC8 entscheiden?<\/p>\n<ul>\n<li><strong>Effizienz bei der Entfernung von Ablagerungen<\/strong>: Das Produkt eignet sich hervorragend zur Beseitigung von Kalkablagerungen und zur Wiederherstellung der Sauberkeit von Steinoberfl\u00e4chen.<\/li>\n<li><strong>L\u00f6st Rost und Korrosion<\/strong>: Beseitigt schnell Rostablagerungen und Korrosionsspuren und gibt den Grabsteinen ihr urspr\u00fcngliches Aussehen zur\u00fcck.<\/li>\n<li><strong>Unbedenklich f\u00fcr Materialien<\/strong>: Dank seiner Formel auf der Basis von S\u00e4uren in Lebensmittelqualit\u00e4t ist es f\u00fcr eine Vielzahl von Materialien wie Granit, Marmor, Sandstein oder Beton unbedenklich, sofern die entsprechenden Vorsichtsma\u00dfnahmen getroffen werden.<\/li>\n<li><strong>Nat\u00fcrliche Inhaltsstoffe<\/strong>: Die Verwendung nat\u00fcrlicher S\u00e4uren macht die Formulierung schonend f\u00fcr die Umwelt, aber wirksam gegen schwierige Verunreinigungen.<\/li>\n<\/ul>\n<p><strong>Anweisungen f\u00fcr den Gebrauch<\/strong><\/p>\n<ol>\n<li>Spr\u00fchen Sie die verschmutzten Stellen mit dem Produkt ein.<\/li>\n<li>Lassen Sie das Produkt einige Minuten einwirken, damit sich Ablagerungen und Rost l\u00f6sen k\u00f6nnen.<\/li>\n<li>Wischen Sie die Oberfl\u00e4che sanft mit einem Schwamm oder einer B\u00fcrste ab.<\/li>\n<li>Gr\u00fcndlich mit Wasser absp\u00fclen, um Produkt- und Schmutzreste zu entfernen.<\/li>\n<\/ol>\n<h3>SCHRITT III &#8211; GLANZ UND SCHUTZ<\/h3>\n<p>Die dritte Stufe der Grabsteinreinigung ist ein Schl\u00fcsselmoment, der den Oberfl\u00e4chen nicht nur einen sch\u00f6nen Glanz verleiht, sondern sie auch lang anhaltend sch\u00fctzt. NANOCLEAN AC8 SHINE AND PROTECTION ist eine innovative Formulierung auf Silikonbasis, die die Oberfl\u00e4che von Grabsteinen wirksam versiegelt und eine Barriere gegen Wasser, Schmutz, Korrosion und sch\u00e4dliche Witterungseinfl\u00fcsse wie Frost bildet. <\/p>\n<p><strong>Warum sollten Sie sich f\u00fcr NANOCLEAN AC8 entscheiden?<\/strong><\/p>\n<ul>\n<li>Glanz <strong>und Schutz<\/strong>: Verleiht Grabsteinen ein sch\u00f6nes, gl\u00e4nzendes Aussehen und bildet gleichzeitig eine Barriere zum Schutz vor Schmutz, Staub, Vogelkot und Wachsablagerungen.<\/li>\n<li><strong>Silikon-Formel<\/strong>: Bildet eine Schutzschicht, die das Eindringen von Feuchtigkeit verhindert und vor Frost, Korrosion und anderen ung\u00fcnstigen Faktoren sch\u00fctzt.<\/li>\n<li><strong>Langanhaltender Schutz<\/strong>: Dank der dauerhaften Schutzschicht bleibt der Grabstein l\u00e4nger gesch\u00fctzt, so dass er viele Monate lang \u00e4sthetisch ansprechend aussieht.<\/li>\n<li><strong>Vielseitigkeit<\/strong>: Das Produkt kann auf verschiedenen Steinarten wie Granit, Marmor, Sandstein oder Beton verwendet werden.<\/li>\n<\/ul>\n<p><strong>Anweisungen f\u00fcr den Gebrauch<\/strong><\/p>\n<ol>\n<li>Stellen Sie sicher, dass die Oberfl\u00e4che des Grabsteins sauber und trocken ist.<\/li>\n<li>Spr\u00fchen Sie das Produkt gleichm\u00e4\u00dfig auf den Grabstein.<\/li>\n<li>Mit einem weichen Tuch oder Schwamm auftragen und sanft einreiben, damit es vollst\u00e4ndig einziehen kann.<\/li>\n<li>Wischen Sie die Oberfl\u00e4che ab, um einen Glanzeffekt zu erzielen.<\/li>\n<li>F\u00fcr einen zus\u00e4tzlichen Korrosionsschutz tragen Sie einfach eine zus\u00e4tzliche Schicht des Produkts auf und schaffen so eine Schutzbarriere.<\/li>\n<\/ol>\n","protected":false},"excerpt":{"rendered":"<p><strong>3 professionelle Pr\u00e4parate f\u00fcr die umfassende Grabsteinpflege (Reinigung und Wartung) + 2 Mikrofasert\u00fccher + Nitrilhandschuhe<br \/>\n<\/strong><\/p>\n<ol>\n<li><strong>Nanoclean AC8 Reinigung von Grabsteinen<\/strong><\/li>\n<li><strong>Nanoclean AC8 Rost und Ablagerungen<br \/>\n<\/strong><\/li>\n<li><strong>Nanoclean AC8 Polieren und Schutz<br \/>\n<\/strong><\/li>\n<li><strong>2x Mikrofasertuch 40x40mm<\/strong><\/li>\n<li><strong>1x Nitril-Handschuhe<\/strong><\/li>\n<\/ol>\n","protected":false},"featured_media":3638,"template":"","meta":{"_kad_blocks_custom_css":"","_kad_blocks_head_custom_js":"","_kad_blocks_body_custom_js":"","_kad_blocks_footer_custom_js":"","_kad_post_transparent":"","_kad_post_title":"","_kad_post_layout":"","_kad_post_sidebar_id":"","_kad_post_content_style":"","_kad_post_vertical_padding":"","_kad_post_feature":"","_kad_post_feature_position":"","_kad_post_header":false,"_kad_post_footer":false,"_kad_post_classname":""},"product_brand":[],"product_cat":[97],"product_tag":[],"class_list":{"0":"post-7797","1":"product","2":"type-product","3":"status-publish","4":"has-post-thumbnail","6":"product_cat-home-de","8":"first","9":"instock","10":"taxable","11":"shipping-taxable","12":"purchasable","13":"product-type-simple","14":"entry","15":"content-bg","16":"loop-entry"},"yoast_head":"<!-- This site is optimized with the Yoast SEO plugin v27.4 - https:\/\/yoast.com\/product\/yoast-seo-wordpress\/ -->\n<title>Nanoclean AC8 Kit f\u00fcr die Reinigung und Pflege von Grabsteinen - NANOCLEAN<\/title>\n<meta name=\"robots\" content=\"index, follow, max-snippet:-1, max-image-preview:large, max-video-preview:-1\" \/>\n<link rel=\"canonical\" href=\"https:\/\/nanoclean24.com\/de\/produkte\/nanoclean-ac8-kit-fuer-die-reinigung-und-pflege-von-grabsteinen\/\" \/>\n<meta property=\"og:locale\" content=\"de_DE\" \/>\n<meta property=\"og:type\" content=\"article\" \/>\n<meta property=\"og:title\" content=\"Nanoclean AC8 Kit f\u00fcr die Reinigung und Pflege von Grabsteinen - NANOCLEAN\" \/>\n<meta property=\"og:description\" content=\"3 professionelle Pr\u00e4parate f\u00fcr die umfassende Grabsteinpflege (Reinigung und Wartung) + 2 Mikrofasert\u00fccher + Nitrilhandschuhe   Nanoclean AC8 Reinigung von Grabsteinen  Nanoclean AC8 Rost und Ablagerungen  Nanoclean AC8 Polieren und Schutz  2x Mikrofasertuch 40x40mm  1x Nitril-Handschuhe\" \/>\n<meta property=\"og:url\" content=\"https:\/\/nanoclean24.com\/de\/produkte\/nanoclean-ac8-kit-fuer-die-reinigung-und-pflege-von-grabsteinen\/\" \/>\n<meta property=\"og:site_name\" content=\"NANOCLEAN\" \/>\n<meta property=\"article:modified_time\" content=\"2025-10-14T07:52:10+00:00\" \/>\n<meta property=\"og:image\" content=\"https:\/\/nanoclean24.com\/wp-content\/uploads\/2025\/07\/Zestaw-Nanoclean-AC8-do-czyszczenia-i-konserwacji-nagrobkow.webp\" \/>\n\t<meta property=\"og:image:width\" content=\"900\" \/>\n\t<meta property=\"og:image:height\" content=\"900\" \/>\n\t<meta property=\"og:image:type\" content=\"image\/webp\" \/>\n<meta name=\"twitter:card\" content=\"summary_large_image\" \/>\n<meta name=\"twitter:label1\" content=\"Gesch\u00e4tzte Lesezeit\" \/>\n\t<meta name=\"twitter:data1\" content=\"4\u00a0Minuten\" \/>\n<script type=\"application\/ld+json\" class=\"yoast-schema-graph\">{\"@context\":\"https:\\\/\\\/schema.org\",\"@graph\":[{\"@type\":\"WebPage\",\"@id\":\"https:\\\/\\\/nanoclean24.com\\\/de\\\/produkte\\\/nanoclean-ac8-kit-fuer-die-reinigung-und-pflege-von-grabsteinen\\\/\",\"url\":\"https:\\\/\\\/nanoclean24.com\\\/de\\\/produkte\\\/nanoclean-ac8-kit-fuer-die-reinigung-und-pflege-von-grabsteinen\\\/\",\"name\":\"Nanoclean AC8 Kit f\u00fcr die Reinigung und Pflege von Grabsteinen - NANOCLEAN\",\"isPartOf\":{\"@id\":\"https:\\\/\\\/nanoclean24.com\\\/de\\\/#website\"},\"primaryImageOfPage\":{\"@id\":\"https:\\\/\\\/nanoclean24.com\\\/de\\\/produkte\\\/nanoclean-ac8-kit-fuer-die-reinigung-und-pflege-von-grabsteinen\\\/#primaryimage\"},\"image\":{\"@id\":\"https:\\\/\\\/nanoclean24.com\\\/de\\\/produkte\\\/nanoclean-ac8-kit-fuer-die-reinigung-und-pflege-von-grabsteinen\\\/#primaryimage\"},\"thumbnailUrl\":\"https:\\\/\\\/nanoclean24.com\\\/wp-content\\\/uploads\\\/2025\\\/07\\\/Zestaw-Nanoclean-AC8-do-czyszczenia-i-konserwacji-nagrobkow.webp\",\"datePublished\":\"2025-07-20T14:08:30+00:00\",\"dateModified\":\"2025-10-14T07:52:10+00:00\",\"breadcrumb\":{\"@id\":\"https:\\\/\\\/nanoclean24.com\\\/de\\\/produkte\\\/nanoclean-ac8-kit-fuer-die-reinigung-und-pflege-von-grabsteinen\\\/#breadcrumb\"},\"inLanguage\":\"de\",\"potentialAction\":[{\"@type\":\"ReadAction\",\"target\":[\"https:\\\/\\\/nanoclean24.com\\\/de\\\/produkte\\\/nanoclean-ac8-kit-fuer-die-reinigung-und-pflege-von-grabsteinen\\\/\"]}]},{\"@type\":\"ImageObject\",\"inLanguage\":\"de\",\"@id\":\"https:\\\/\\\/nanoclean24.com\\\/de\\\/produkte\\\/nanoclean-ac8-kit-fuer-die-reinigung-und-pflege-von-grabsteinen\\\/#primaryimage\",\"url\":\"https:\\\/\\\/nanoclean24.com\\\/wp-content\\\/uploads\\\/2025\\\/07\\\/Zestaw-Nanoclean-AC8-do-czyszczenia-i-konserwacji-nagrobkow.webp\",\"contentUrl\":\"https:\\\/\\\/nanoclean24.com\\\/wp-content\\\/uploads\\\/2025\\\/07\\\/Zestaw-Nanoclean-AC8-do-czyszczenia-i-konserwacji-nagrobkow.webp\",\"width\":900,\"height\":900},{\"@type\":\"BreadcrumbList\",\"@id\":\"https:\\\/\\\/nanoclean24.com\\\/de\\\/produkte\\\/nanoclean-ac8-kit-fuer-die-reinigung-und-pflege-von-grabsteinen\\\/#breadcrumb\",\"itemListElement\":[{\"@type\":\"ListItem\",\"position\":1,\"name\":\"Strona g\u0142\u00f3wna\",\"item\":\"https:\\\/\\\/nanoclean24.com\\\/de\\\/\"},{\"@type\":\"ListItem\",\"position\":2,\"name\":\"Shop\",\"item\":\"https:\\\/\\\/nanoclean24.com\\\/de\\\/shop\\\/\"},{\"@type\":\"ListItem\",\"position\":3,\"name\":\"Nanoclean AC8 Kit f\u00fcr die Reinigung und Pflege von Grabsteinen\"}]},{\"@type\":\"WebSite\",\"@id\":\"https:\\\/\\\/nanoclean24.com\\\/de\\\/#website\",\"url\":\"https:\\\/\\\/nanoclean24.com\\\/de\\\/\",\"name\":\"NanoClean\",\"description\":\"\",\"publisher\":{\"@id\":\"https:\\\/\\\/nanoclean24.com\\\/de\\\/#organization\"},\"potentialAction\":[{\"@type\":\"SearchAction\",\"target\":{\"@type\":\"EntryPoint\",\"urlTemplate\":\"https:\\\/\\\/nanoclean24.com\\\/de\\\/?s={search_term_string}\"},\"query-input\":{\"@type\":\"PropertyValueSpecification\",\"valueRequired\":true,\"valueName\":\"search_term_string\"}}],\"inLanguage\":\"de\"},{\"@type\":\"Organization\",\"@id\":\"https:\\\/\\\/nanoclean24.com\\\/de\\\/#organization\",\"name\":\"NanoClean\",\"url\":\"https:\\\/\\\/nanoclean24.com\\\/de\\\/\",\"logo\":{\"@type\":\"ImageObject\",\"inLanguage\":\"de\",\"@id\":\"https:\\\/\\\/nanoclean24.com\\\/de\\\/#\\\/schema\\\/logo\\\/image\\\/\",\"url\":\"https:\\\/\\\/nanoclean24.com\\\/wp-content\\\/uploads\\\/2025\\\/07\\\/logo-2.jpg\",\"contentUrl\":\"https:\\\/\\\/nanoclean24.com\\\/wp-content\\\/uploads\\\/2025\\\/07\\\/logo-2.jpg\",\"width\":1068,\"height\":224,\"caption\":\"NanoClean\"},\"image\":{\"@id\":\"https:\\\/\\\/nanoclean24.com\\\/de\\\/#\\\/schema\\\/logo\\\/image\\\/\"}}]}<\/script>\n<!-- \/ Yoast SEO plugin. -->","yoast_head_json":{"title":"Nanoclean AC8 Kit f\u00fcr die Reinigung und Pflege von Grabsteinen - NANOCLEAN","robots":{"index":"index","follow":"follow","max-snippet":"max-snippet:-1","max-image-preview":"max-image-preview:large","max-video-preview":"max-video-preview:-1"},"canonical":"https:\/\/nanoclean24.com\/de\/produkte\/nanoclean-ac8-kit-fuer-die-reinigung-und-pflege-von-grabsteinen\/","og_locale":"de_DE","og_type":"article","og_title":"Nanoclean AC8 Kit f\u00fcr die Reinigung und Pflege von Grabsteinen - NANOCLEAN","og_description":"3 professionelle Pr\u00e4parate f\u00fcr die umfassende Grabsteinpflege (Reinigung und Wartung) + 2 Mikrofasert\u00fccher + Nitrilhandschuhe   Nanoclean AC8 Reinigung von Grabsteinen  Nanoclean AC8 Rost und Ablagerungen  Nanoclean AC8 Polieren und Schutz  2x Mikrofasertuch 40x40mm  1x Nitril-Handschuhe","og_url":"https:\/\/nanoclean24.com\/de\/produkte\/nanoclean-ac8-kit-fuer-die-reinigung-und-pflege-von-grabsteinen\/","og_site_name":"NANOCLEAN","article_modified_time":"2025-10-14T07:52:10+00:00","og_image":[{"width":900,"height":900,"url":"https:\/\/nanoclean24.com\/wp-content\/uploads\/2025\/07\/Zestaw-Nanoclean-AC8-do-czyszczenia-i-konserwacji-nagrobkow.webp","type":"image\/webp"}],"twitter_card":"summary_large_image","twitter_misc":{"Gesch\u00e4tzte Lesezeit":"4\u00a0Minuten"},"schema":{"@context":"https:\/\/schema.org","@graph":[{"@type":"WebPage","@id":"https:\/\/nanoclean24.com\/de\/produkte\/nanoclean-ac8-kit-fuer-die-reinigung-und-pflege-von-grabsteinen\/","url":"https:\/\/nanoclean24.com\/de\/produkte\/nanoclean-ac8-kit-fuer-die-reinigung-und-pflege-von-grabsteinen\/","name":"Nanoclean AC8 Kit f\u00fcr die Reinigung und Pflege von Grabsteinen - NANOCLEAN","isPartOf":{"@id":"https:\/\/nanoclean24.com\/de\/#website"},"primaryImageOfPage":{"@id":"https:\/\/nanoclean24.com\/de\/produkte\/nanoclean-ac8-kit-fuer-die-reinigung-und-pflege-von-grabsteinen\/#primaryimage"},"image":{"@id":"https:\/\/nanoclean24.com\/de\/produkte\/nanoclean-ac8-kit-fuer-die-reinigung-und-pflege-von-grabsteinen\/#primaryimage"},"thumbnailUrl":"https:\/\/nanoclean24.com\/wp-content\/uploads\/2025\/07\/Zestaw-Nanoclean-AC8-do-czyszczenia-i-konserwacji-nagrobkow.webp","datePublished":"2025-07-20T14:08:30+00:00","dateModified":"2025-10-14T07:52:10+00:00","breadcrumb":{"@id":"https:\/\/nanoclean24.com\/de\/produkte\/nanoclean-ac8-kit-fuer-die-reinigung-und-pflege-von-grabsteinen\/#breadcrumb"},"inLanguage":"de","potentialAction":[{"@type":"ReadAction","target":["https:\/\/nanoclean24.com\/de\/produkte\/nanoclean-ac8-kit-fuer-die-reinigung-und-pflege-von-grabsteinen\/"]}]},{"@type":"ImageObject","inLanguage":"de","@id":"https:\/\/nanoclean24.com\/de\/produkte\/nanoclean-ac8-kit-fuer-die-reinigung-und-pflege-von-grabsteinen\/#primaryimage","url":"https:\/\/nanoclean24.com\/wp-content\/uploads\/2025\/07\/Zestaw-Nanoclean-AC8-do-czyszczenia-i-konserwacji-nagrobkow.webp","contentUrl":"https:\/\/nanoclean24.com\/wp-content\/uploads\/2025\/07\/Zestaw-Nanoclean-AC8-do-czyszczenia-i-konserwacji-nagrobkow.webp","width":900,"height":900},{"@type":"BreadcrumbList","@id":"https:\/\/nanoclean24.com\/de\/produkte\/nanoclean-ac8-kit-fuer-die-reinigung-und-pflege-von-grabsteinen\/#breadcrumb","itemListElement":[{"@type":"ListItem","position":1,"name":"Strona g\u0142\u00f3wna","item":"https:\/\/nanoclean24.com\/de\/"},{"@type":"ListItem","position":2,"name":"Shop","item":"https:\/\/nanoclean24.com\/de\/shop\/"},{"@type":"ListItem","position":3,"name":"Nanoclean AC8 Kit f\u00fcr die Reinigung und Pflege von Grabsteinen"}]},{"@type":"WebSite","@id":"https:\/\/nanoclean24.com\/de\/#website","url":"https:\/\/nanoclean24.com\/de\/","name":"NanoClean","description":"","publisher":{"@id":"https:\/\/nanoclean24.com\/de\/#organization"},"potentialAction":[{"@type":"SearchAction","target":{"@type":"EntryPoint","urlTemplate":"https:\/\/nanoclean24.com\/de\/?s={search_term_string}"},"query-input":{"@type":"PropertyValueSpecification","valueRequired":true,"valueName":"search_term_string"}}],"inLanguage":"de"},{"@type":"Organization","@id":"https:\/\/nanoclean24.com\/de\/#organization","name":"NanoClean","url":"https:\/\/nanoclean24.com\/de\/","logo":{"@type":"ImageObject","inLanguage":"de","@id":"https:\/\/nanoclean24.com\/de\/#\/schema\/logo\/image\/","url":"https:\/\/nanoclean24.com\/wp-content\/uploads\/2025\/07\/logo-2.jpg","contentUrl":"https:\/\/nanoclean24.com\/wp-content\/uploads\/2025\/07\/logo-2.jpg","width":1068,"height":224,"caption":"NanoClean"},"image":{"@id":"https:\/\/nanoclean24.com\/de\/#\/schema\/logo\/image\/"}}]}},"taxonomy_info":{"product_cat":[{"value":97,"label":"AC8 HOME"}]},"featured_image_src_large":["https:\/\/nanoclean24.com\/wp-content\/uploads\/2025\/07\/Zestaw-Nanoclean-AC8-do-czyszczenia-i-konserwacji-nagrobkow.webp",900,900,false],"author_info":[],"comment_info":"","_links":{"self":[{"href":"https:\/\/nanoclean24.com\/de\/wp-json\/wp\/v2\/product\/7797","targetHints":{"allow":["GET"]}}],"collection":[{"href":"https:\/\/nanoclean24.com\/de\/wp-json\/wp\/v2\/product"}],"about":[{"href":"https:\/\/nanoclean24.com\/de\/wp-json\/wp\/v2\/types\/product"}],"wp:featuredmedia":[{"embeddable":true,"href":"https:\/\/nanoclean24.com\/de\/wp-json\/wp\/v2\/media\/3638"}],"wp:attachment":[{"href":"https:\/\/nanoclean24.com\/de\/wp-json\/wp\/v2\/media?parent=7797"}],"wp:term":[{"taxonomy":"product_brand","embeddable":true,"href":"https:\/\/nanoclean24.com\/de\/wp-json\/wp\/v2\/product_brand?post=7797"},{"taxonomy":"product_cat","embeddable":true,"href":"https:\/\/nanoclean24.com\/de\/wp-json\/wp\/v2\/product_cat?post=7797"},{"taxonomy":"product_tag","embeddable":true,"href":"https:\/\/nanoclean24.com\/de\/wp-json\/wp\/v2\/product_tag?post=7797"}],"curies":[{"name":"wp","href":"https:\/\/api.w.org\/{rel}","templated":true}]}}