{"id":7776,"date":"2025-07-20T16:19:30","date_gmt":"2025-07-20T14:19:30","guid":{"rendered":"https:\/\/nanoclean24.com\/produkt\/nanoclean-ac8-home-materac-reinigungs-und-desinfektionsmittel-kanister-mit-lavendelduft-5l\/"},"modified":"2025-10-24T16:18:24","modified_gmt":"2025-10-24T14:18:24","slug":"nanoclean-ac8-home-materac-reinigungs-und-desinfektionsmittel-kanister-mit-lavendelduft-5l","status":"publish","type":"product","link":"https:\/\/nanoclean24.com\/de\/produkte\/nanoclean-ac8-home-materac-reinigungs-und-desinfektionsmittel-kanister-mit-lavendelduft-5l\/","title":{"rendered":"NANOCLEAN\u00ae AC8 HOME MATRATZE Reinigungs- und Desinfektionsfl\u00fcssigkeit im Kanister mit Lavendelduft 5L"},"content":{"rendered":"<p>Entdecken Sie NANOCLEAN AC8 FOR CLEANING AND DISINFECTING MATERIALS, ein innovatives 5-in-1-Produkt f\u00fcr die umfassende Pflege Ihrer Matratze. Dieses einzigartige Produkt reinigt, erfrischt, entraucht, desinfiziert und sch\u00fctzt vor dem Wachstum von Milben, Schimmel und unangenehmen Ger\u00fcchen und garantiert so tadellose Sauberkeit und Hygiene. <\/p>\n<div class=\"entry-content-asset videofit\"><iframe title=\"Jak u\u017cywa\u0107 Nanoclean do materaca - instrukcja krok po kroku\" width=\"720\" height=\"405\" src=\"https:\/\/www.youtube.com\/embed\/hZ3dcLzJVIc?feature=oembed\" frameborder=\"0\" allow=\"accelerometer; autoplay; clipboard-write; encrypted-media; gyroscope; picture-in-picture; web-share\" referrerpolicy=\"strict-origin-when-cross-origin\" allowfullscreen><\/iframe><\/div>\n<p>&nbsp;<\/p>\n<section id=\"section_1641531591\" class=\"section\">\n<div class=\"section-content relative\">\n<div id=\"row-2057485610\" class=\"row\">\n<div id=\"col-100090470\" class=\"col small-12 large-12\">\n<div class=\"col-inner\">\n<h3><strong>Anweisungen f\u00fcr den Gebrauch<\/strong><\/h3>\n<ol>\n<li>Hinweis: Befolgen Sie stets die Anweisungen des Matratzenherstellers.<\/li>\n<li>Entfernen Sie das Bettzeug und alle Schutzbez\u00fcge von der Matratze.<\/li>\n<li>Spr\u00fchen Sie NANOCLEAN AC8 FOR CLEANING AND DISINFECTING MATERIALS auf alle Oberfl\u00e4chen der Matratze, einschlie\u00dflich der Seiten und des Bodens, und warten Sie 5-15 Minuten, um alle Oberfl\u00e4chen zu dekontaminieren.<\/li>\n<li>Falls erforderlich, wischen Sie die Matratzenoberfl\u00e4chen mit einem sauberen, feuchten Tuch ab, um Produktreste zu entfernen.<\/li>\n<li>Lassen Sie die Matratze gr\u00fcndlich trocknen, bevor Sie das Bettzeug wieder auflegen.<\/li>\n<\/ol>\n<p>&nbsp;<\/p>\n<div id=\"image_1527104276\" class=\"img has-hover x md-x lg-x y md-y lg-y\">\n<div class=\"img-inner dark\"><img fetchpriority=\"high\" decoding=\"async\" class=\"attachment-large size-large lazy-load-active\" src=\"https:\/\/ac8.pl\/wp-content\/uploads\/2024\/06\/materac-1024x512.png\" alt=\"\" width=\"1020\" height=\"510\" data-src=\"https:\/\/ac8.pl\/wp-content\/uploads\/2024\/06\/materac-1024x512.png\" data-srcset=\"https:\/\/ac8.pl\/wp-content\/uploads\/2024\/06\/materac-1024x512.png 1024w, https:\/\/ac8.pl\/wp-content\/uploads\/2024\/06\/materac-300x150.png 300w, https:\/\/ac8.pl\/wp-content\/uploads\/2024\/06\/materac-768x384.png 768w, https:\/\/ac8.pl\/wp-content\/uploads\/2024\/06\/materac-1320x660.png 1320w, https:\/\/ac8.pl\/wp-content\/uploads\/2024\/06\/materac-510x255.png 510w, https:\/\/ac8.pl\/wp-content\/uploads\/2024\/06\/materac.png 1382w\"><\/div>\n<\/div>\n<\/div>\n<\/div>\n<\/div>\n<\/div>\n<\/section>\n<section id=\"section_1567167773\" class=\"section\">\n<div class=\"section-bg fill\"><\/div>\n<div class=\"section-content relative\">\n<div id=\"row-755021617\" class=\"row\">\n<div id=\"col-2051988575\" class=\"col small-12 large-12\">\n<div class=\"col-inner\">\n<p>Hinweis: NANOCLEAN AC8 eignet sich auch f\u00fcr Notf\u00e4lle. Es beseitigt sofort unangenehme Ger\u00fcche, reinigt und desinfiziert, wenn die Matratze mit Lebensmitteln, Urin, F\u00e4kalien usw. verunreinigt wurde. <\/p>\n<p>Biozidprodukte sollten mit Vorsicht verwendet werden. Lesen Sie vor jeder Anwendung das Etikett und die Produktinformationen. <\/p>\n<h3><strong>Zulassungen<\/strong><\/h3>\n<ul>\n<li>Genehmigung f\u00fcr das Inverkehrbringen von Biozid-Produkten: Nr. 7406\/18.<\/li>\n<li>PZH-Zulassung: Nr. B.BK.60112.0333.2023.<\/li>\n<li>NICHT entflammbar: alkoholfreie Formel auf Wasserbasis, nicht entflammbar, frei von S\u00e4uren, Phenolen, frei von organischen L\u00f6sungsmitteln.<\/li>\n<\/ul>\n<h3><strong>Ratschl\u00e4ge f\u00fcr Matratzenbenutzer<\/strong><\/h3>\n<ul>\n<li>Regelm\u00e4\u00dfige Reinigung: Reinigen Sie Ihre Matratze regelm\u00e4\u00dfig, um zu verhindern, dass sich Staub und Allergene ansammeln, was zu einer besseren Schlafqualit\u00e4t und einer l\u00e4ngeren Lebensdauer Ihrer Matratze f\u00fchrt.<\/li>\n<li>Verwenden Sie Schutzauflagen: Schutzauflagen tragen dazu bei, die Matratze vor Flecken und Schmutz zu sch\u00fctzen und sie leichter sauber zu halten.<\/li>\n<li>Regelm\u00e4\u00dfiges Umdrehen: Drehen Sie die Matratze alle paar Monate um, um eine gleichm\u00e4\u00dfige Abnutzung zu gew\u00e4hrleisten und ihre Lebensdauer zu verl\u00e4ngern.<\/li>\n<li>Bel\u00fcftung: L\u00fcften Sie die Matratze regelm\u00e4\u00dfig, um Feuchtigkeitsstau und Schimmelbildung zu vermeiden.<\/li>\n<\/ul>\n<p>Entscheiden Sie sich f\u00fcr NANOCLEAN AC8 FOR CLEANING AND DISINFECTING MATERIALS und bieten Sie Ihrer Matratze eine umfassende Pflege und ein H\u00f6chstma\u00df an Hygiene. Pflegen Sie Ihre Matratze mit NANOCLEAN AC8 und genie\u00dfen Sie jeden Tag Sauberkeit und Frische. <\/p>\n<p>Kaufen Sie jetzt und erleben Sie den Unterschied.<\/p>\n<\/div>\n<\/div>\n<\/div>\n<\/div>\n<\/section>\n","protected":false},"excerpt":{"rendered":"<h3>5in1: Reinigung, Erfrischung, Entr\u00e4ucherung, Desinfektion, Schutz<\/h3>\n<p>\u2705 <strong>Sofortige Geruchsneutralisierung<\/strong>: Entfernt unangenehme Ger\u00fcche und macht die Matratze frisch und einsatzbereit.<\/p>\n<p><strong>\u2705 Effektive Reinigung<\/strong>: Entfernt effektiv Flecken, Staub und Ablagerungen und h\u00e4lt alle Teile der Matratze sauber.<\/p>\n<p><strong>\u2705 Entr\u00e4ucherung und Desinfektion<\/strong>: Die umfassende Formel erm\u00f6glicht eine vollst\u00e4ndige Entr\u00e4ucherung und Desinfektion in einem einzigen Prozess und eliminiert so biologische Gefahren.<\/p>\n<p>\u2705 <strong>Schimmel- und Hausstaubmilbenvorbeugung<\/strong>: Schafft eine Schutzbarriere, die das Wachstum von Schimmel und Mikroorganismen verhindert und so f\u00fcr lang anhaltende Hygiene sorgt.<\/p>\n<p><strong>\u2705 Verl\u00e4ngerung der Lebensdauer<\/strong>: Verl\u00e4ngert die Lebensdauer der Matratze, indem sie hygienisch sauber gehalten wird<\/p>\n","protected":false},"featured_media":9881,"template":"","meta":{"_kad_blocks_custom_css":"","_kad_blocks_head_custom_js":"","_kad_blocks_body_custom_js":"","_kad_blocks_footer_custom_js":"","_kad_post_transparent":"","_kad_post_title":"","_kad_post_layout":"","_kad_post_sidebar_id":"","_kad_post_content_style":"","_kad_post_vertical_padding":"","_kad_post_feature":"","_kad_post_feature_position":"","_kad_post_header":false,"_kad_post_footer":false,"_kad_post_classname":""},"product_brand":[],"product_cat":[97],"product_tag":[],"class_list":{"0":"post-7776","1":"product","2":"type-product","3":"status-publish","4":"has-post-thumbnail","6":"product_cat-home-de","8":"first","9":"instock","10":"taxable","11":"shipping-taxable","12":"purchasable","13":"product-type-simple","14":"entry","15":"content-bg","16":"loop-entry"},"yoast_head":"<!-- This site is optimized with the Yoast SEO plugin v27.4 - https:\/\/yoast.com\/product\/yoast-seo-wordpress\/ -->\n<title>NANOCLEAN\u00ae AC8 HOME MATRATZE Reinigungs- und Desinfektionsfl\u00fcssigkeit im Kanister mit Lavendelduft 5L - NANOCLEAN<\/title>\n<meta name=\"robots\" content=\"index, follow, max-snippet:-1, max-image-preview:large, max-video-preview:-1\" \/>\n<link rel=\"canonical\" href=\"https:\/\/nanoclean24.com\/de\/produkte\/nanoclean-ac8-home-materac-reinigungs-und-desinfektionsmittel-kanister-mit-lavendelduft-5l\/\" \/>\n<meta property=\"og:locale\" content=\"de_DE\" \/>\n<meta property=\"og:type\" content=\"article\" \/>\n<meta property=\"og:title\" content=\"NANOCLEAN\u00ae AC8 HOME MATRATZE Reinigungs- und Desinfektionsfl\u00fcssigkeit im Kanister mit Lavendelduft 5L - NANOCLEAN\" \/>\n<meta property=\"og:description\" content=\"5in1: Reinigung, Erfrischung, Entr\u00e4ucherung, Desinfektion, Schutz \u2705 Sofortige Geruchsneutralisierung: Entfernt unangenehme Ger\u00fcche und macht die Matratze frisch und einsatzbereit. \u2705 Effektive Reinigung: Entfernt effektiv Flecken, Staub und Ablagerungen und h\u00e4lt alle Teile der Matratze sauber. \u2705 Entr\u00e4ucherung und Desinfektion: Die umfassende Formel erm\u00f6glicht eine vollst\u00e4ndige Entr\u00e4ucherung und Desinfektion in einem einzigen Prozess und eliminiert so biologische Gefahren. \u2705 Schimmel- und Hausstaubmilbenvorbeugung: Schafft eine Schutzbarriere, die das Wachstum von Schimmel und Mikroorganismen verhindert und so f\u00fcr lang anhaltende Hygiene sorgt. \u2705 Verl\u00e4ngerung der Lebensdauer: Verl\u00e4ngert die Lebensdauer der Matratze, indem sie hygienisch sauber gehalten wird\" \/>\n<meta property=\"og:url\" content=\"https:\/\/nanoclean24.com\/de\/produkte\/nanoclean-ac8-home-materac-reinigungs-und-desinfektionsmittel-kanister-mit-lavendelduft-5l\/\" \/>\n<meta property=\"og:site_name\" content=\"NANOCLEAN\" \/>\n<meta property=\"article:modified_time\" content=\"2025-10-24T14:18:24+00:00\" \/>\n<meta property=\"og:image\" content=\"https:\/\/nanoclean24.com\/wp-content\/uploads\/2025\/07\/ac8-materac-5l.png\" \/>\n\t<meta property=\"og:image:width\" content=\"1010\" \/>\n\t<meta property=\"og:image:height\" content=\"1010\" \/>\n\t<meta property=\"og:image:type\" content=\"image\/png\" \/>\n<meta name=\"twitter:card\" content=\"summary_large_image\" \/>\n<meta name=\"twitter:label1\" content=\"Gesch\u00e4tzte Lesezeit\" \/>\n\t<meta name=\"twitter:data1\" content=\"2\u00a0Minuten\" \/>\n<script type=\"application\/ld+json\" class=\"yoast-schema-graph\">{\"@context\":\"https:\\\/\\\/schema.org\",\"@graph\":[{\"@type\":\"WebPage\",\"@id\":\"https:\\\/\\\/nanoclean24.com\\\/de\\\/produkte\\\/nanoclean-ac8-home-materac-reinigungs-und-desinfektionsmittel-kanister-mit-lavendelduft-5l\\\/\",\"url\":\"https:\\\/\\\/nanoclean24.com\\\/de\\\/produkte\\\/nanoclean-ac8-home-materac-reinigungs-und-desinfektionsmittel-kanister-mit-lavendelduft-5l\\\/\",\"name\":\"NANOCLEAN\u00ae AC8 HOME MATRATZE Reinigungs- und Desinfektionsfl\u00fcssigkeit im Kanister mit Lavendelduft 5L - NANOCLEAN\",\"isPartOf\":{\"@id\":\"https:\\\/\\\/nanoclean24.com\\\/de\\\/#website\"},\"primaryImageOfPage\":{\"@id\":\"https:\\\/\\\/nanoclean24.com\\\/de\\\/produkte\\\/nanoclean-ac8-home-materac-reinigungs-und-desinfektionsmittel-kanister-mit-lavendelduft-5l\\\/#primaryimage\"},\"image\":{\"@id\":\"https:\\\/\\\/nanoclean24.com\\\/de\\\/produkte\\\/nanoclean-ac8-home-materac-reinigungs-und-desinfektionsmittel-kanister-mit-lavendelduft-5l\\\/#primaryimage\"},\"thumbnailUrl\":\"https:\\\/\\\/nanoclean24.com\\\/wp-content\\\/uploads\\\/2025\\\/07\\\/ac8-materac-5l.png\",\"datePublished\":\"2025-07-20T14:19:30+00:00\",\"dateModified\":\"2025-10-24T14:18:24+00:00\",\"breadcrumb\":{\"@id\":\"https:\\\/\\\/nanoclean24.com\\\/de\\\/produkte\\\/nanoclean-ac8-home-materac-reinigungs-und-desinfektionsmittel-kanister-mit-lavendelduft-5l\\\/#breadcrumb\"},\"inLanguage\":\"de\",\"potentialAction\":[{\"@type\":\"ReadAction\",\"target\":[\"https:\\\/\\\/nanoclean24.com\\\/de\\\/produkte\\\/nanoclean-ac8-home-materac-reinigungs-und-desinfektionsmittel-kanister-mit-lavendelduft-5l\\\/\"]}]},{\"@type\":\"ImageObject\",\"inLanguage\":\"de\",\"@id\":\"https:\\\/\\\/nanoclean24.com\\\/de\\\/produkte\\\/nanoclean-ac8-home-materac-reinigungs-und-desinfektionsmittel-kanister-mit-lavendelduft-5l\\\/#primaryimage\",\"url\":\"https:\\\/\\\/nanoclean24.com\\\/wp-content\\\/uploads\\\/2025\\\/07\\\/ac8-materac-5l.png\",\"contentUrl\":\"https:\\\/\\\/nanoclean24.com\\\/wp-content\\\/uploads\\\/2025\\\/07\\\/ac8-materac-5l.png\",\"width\":1010,\"height\":1010},{\"@type\":\"BreadcrumbList\",\"@id\":\"https:\\\/\\\/nanoclean24.com\\\/de\\\/produkte\\\/nanoclean-ac8-home-materac-reinigungs-und-desinfektionsmittel-kanister-mit-lavendelduft-5l\\\/#breadcrumb\",\"itemListElement\":[{\"@type\":\"ListItem\",\"position\":1,\"name\":\"Strona g\u0142\u00f3wna\",\"item\":\"https:\\\/\\\/nanoclean24.com\\\/de\\\/\"},{\"@type\":\"ListItem\",\"position\":2,\"name\":\"Shop\",\"item\":\"https:\\\/\\\/nanoclean24.com\\\/de\\\/shop\\\/\"},{\"@type\":\"ListItem\",\"position\":3,\"name\":\"NANOCLEAN\u00ae AC8 HOME MATRATZE Reinigungs- und Desinfektionsfl\u00fcssigkeit im Kanister mit Lavendelduft 5L\"}]},{\"@type\":\"WebSite\",\"@id\":\"https:\\\/\\\/nanoclean24.com\\\/de\\\/#website\",\"url\":\"https:\\\/\\\/nanoclean24.com\\\/de\\\/\",\"name\":\"NanoClean\",\"description\":\"\",\"publisher\":{\"@id\":\"https:\\\/\\\/nanoclean24.com\\\/de\\\/#organization\"},\"potentialAction\":[{\"@type\":\"SearchAction\",\"target\":{\"@type\":\"EntryPoint\",\"urlTemplate\":\"https:\\\/\\\/nanoclean24.com\\\/de\\\/?s={search_term_string}\"},\"query-input\":{\"@type\":\"PropertyValueSpecification\",\"valueRequired\":true,\"valueName\":\"search_term_string\"}}],\"inLanguage\":\"de\"},{\"@type\":\"Organization\",\"@id\":\"https:\\\/\\\/nanoclean24.com\\\/de\\\/#organization\",\"name\":\"NanoClean\",\"url\":\"https:\\\/\\\/nanoclean24.com\\\/de\\\/\",\"logo\":{\"@type\":\"ImageObject\",\"inLanguage\":\"de\",\"@id\":\"https:\\\/\\\/nanoclean24.com\\\/de\\\/#\\\/schema\\\/logo\\\/image\\\/\",\"url\":\"https:\\\/\\\/nanoclean24.com\\\/wp-content\\\/uploads\\\/2025\\\/07\\\/logo-2.jpg\",\"contentUrl\":\"https:\\\/\\\/nanoclean24.com\\\/wp-content\\\/uploads\\\/2025\\\/07\\\/logo-2.jpg\",\"width\":1068,\"height\":224,\"caption\":\"NanoClean\"},\"image\":{\"@id\":\"https:\\\/\\\/nanoclean24.com\\\/de\\\/#\\\/schema\\\/logo\\\/image\\\/\"}}]}<\/script>\n<!-- \/ Yoast SEO plugin. -->","yoast_head_json":{"title":"NANOCLEAN\u00ae AC8 HOME MATRATZE Reinigungs- und Desinfektionsfl\u00fcssigkeit im Kanister mit Lavendelduft 5L - NANOCLEAN","robots":{"index":"index","follow":"follow","max-snippet":"max-snippet:-1","max-image-preview":"max-image-preview:large","max-video-preview":"max-video-preview:-1"},"canonical":"https:\/\/nanoclean24.com\/de\/produkte\/nanoclean-ac8-home-materac-reinigungs-und-desinfektionsmittel-kanister-mit-lavendelduft-5l\/","og_locale":"de_DE","og_type":"article","og_title":"NANOCLEAN\u00ae AC8 HOME MATRATZE Reinigungs- und Desinfektionsfl\u00fcssigkeit im Kanister mit Lavendelduft 5L - NANOCLEAN","og_description":"5in1: Reinigung, Erfrischung, Entr\u00e4ucherung, Desinfektion, Schutz \u2705 Sofortige Geruchsneutralisierung: Entfernt unangenehme Ger\u00fcche und macht die Matratze frisch und einsatzbereit. \u2705 Effektive Reinigung: Entfernt effektiv Flecken, Staub und Ablagerungen und h\u00e4lt alle Teile der Matratze sauber. \u2705 Entr\u00e4ucherung und Desinfektion: Die umfassende Formel erm\u00f6glicht eine vollst\u00e4ndige Entr\u00e4ucherung und Desinfektion in einem einzigen Prozess und eliminiert so biologische Gefahren. \u2705 Schimmel- und Hausstaubmilbenvorbeugung: Schafft eine Schutzbarriere, die das Wachstum von Schimmel und Mikroorganismen verhindert und so f\u00fcr lang anhaltende Hygiene sorgt. \u2705 Verl\u00e4ngerung der Lebensdauer: Verl\u00e4ngert die Lebensdauer der Matratze, indem sie hygienisch sauber gehalten wird","og_url":"https:\/\/nanoclean24.com\/de\/produkte\/nanoclean-ac8-home-materac-reinigungs-und-desinfektionsmittel-kanister-mit-lavendelduft-5l\/","og_site_name":"NANOCLEAN","article_modified_time":"2025-10-24T14:18:24+00:00","og_image":[{"width":1010,"height":1010,"url":"https:\/\/nanoclean24.com\/wp-content\/uploads\/2025\/07\/ac8-materac-5l.png","type":"image\/png"}],"twitter_card":"summary_large_image","twitter_misc":{"Gesch\u00e4tzte Lesezeit":"2\u00a0Minuten"},"schema":{"@context":"https:\/\/schema.org","@graph":[{"@type":"WebPage","@id":"https:\/\/nanoclean24.com\/de\/produkte\/nanoclean-ac8-home-materac-reinigungs-und-desinfektionsmittel-kanister-mit-lavendelduft-5l\/","url":"https:\/\/nanoclean24.com\/de\/produkte\/nanoclean-ac8-home-materac-reinigungs-und-desinfektionsmittel-kanister-mit-lavendelduft-5l\/","name":"NANOCLEAN\u00ae AC8 HOME MATRATZE Reinigungs- und Desinfektionsfl\u00fcssigkeit im Kanister mit Lavendelduft 5L - NANOCLEAN","isPartOf":{"@id":"https:\/\/nanoclean24.com\/de\/#website"},"primaryImageOfPage":{"@id":"https:\/\/nanoclean24.com\/de\/produkte\/nanoclean-ac8-home-materac-reinigungs-und-desinfektionsmittel-kanister-mit-lavendelduft-5l\/#primaryimage"},"image":{"@id":"https:\/\/nanoclean24.com\/de\/produkte\/nanoclean-ac8-home-materac-reinigungs-und-desinfektionsmittel-kanister-mit-lavendelduft-5l\/#primaryimage"},"thumbnailUrl":"https:\/\/nanoclean24.com\/wp-content\/uploads\/2025\/07\/ac8-materac-5l.png","datePublished":"2025-07-20T14:19:30+00:00","dateModified":"2025-10-24T14:18:24+00:00","breadcrumb":{"@id":"https:\/\/nanoclean24.com\/de\/produkte\/nanoclean-ac8-home-materac-reinigungs-und-desinfektionsmittel-kanister-mit-lavendelduft-5l\/#breadcrumb"},"inLanguage":"de","potentialAction":[{"@type":"ReadAction","target":["https:\/\/nanoclean24.com\/de\/produkte\/nanoclean-ac8-home-materac-reinigungs-und-desinfektionsmittel-kanister-mit-lavendelduft-5l\/"]}]},{"@type":"ImageObject","inLanguage":"de","@id":"https:\/\/nanoclean24.com\/de\/produkte\/nanoclean-ac8-home-materac-reinigungs-und-desinfektionsmittel-kanister-mit-lavendelduft-5l\/#primaryimage","url":"https:\/\/nanoclean24.com\/wp-content\/uploads\/2025\/07\/ac8-materac-5l.png","contentUrl":"https:\/\/nanoclean24.com\/wp-content\/uploads\/2025\/07\/ac8-materac-5l.png","width":1010,"height":1010},{"@type":"BreadcrumbList","@id":"https:\/\/nanoclean24.com\/de\/produkte\/nanoclean-ac8-home-materac-reinigungs-und-desinfektionsmittel-kanister-mit-lavendelduft-5l\/#breadcrumb","itemListElement":[{"@type":"ListItem","position":1,"name":"Strona g\u0142\u00f3wna","item":"https:\/\/nanoclean24.com\/de\/"},{"@type":"ListItem","position":2,"name":"Shop","item":"https:\/\/nanoclean24.com\/de\/shop\/"},{"@type":"ListItem","position":3,"name":"NANOCLEAN\u00ae AC8 HOME MATRATZE Reinigungs- und Desinfektionsfl\u00fcssigkeit im Kanister mit Lavendelduft 5L"}]},{"@type":"WebSite","@id":"https:\/\/nanoclean24.com\/de\/#website","url":"https:\/\/nanoclean24.com\/de\/","name":"NanoClean","description":"","publisher":{"@id":"https:\/\/nanoclean24.com\/de\/#organization"},"potentialAction":[{"@type":"SearchAction","target":{"@type":"EntryPoint","urlTemplate":"https:\/\/nanoclean24.com\/de\/?s={search_term_string}"},"query-input":{"@type":"PropertyValueSpecification","valueRequired":true,"valueName":"search_term_string"}}],"inLanguage":"de"},{"@type":"Organization","@id":"https:\/\/nanoclean24.com\/de\/#organization","name":"NanoClean","url":"https:\/\/nanoclean24.com\/de\/","logo":{"@type":"ImageObject","inLanguage":"de","@id":"https:\/\/nanoclean24.com\/de\/#\/schema\/logo\/image\/","url":"https:\/\/nanoclean24.com\/wp-content\/uploads\/2025\/07\/logo-2.jpg","contentUrl":"https:\/\/nanoclean24.com\/wp-content\/uploads\/2025\/07\/logo-2.jpg","width":1068,"height":224,"caption":"NanoClean"},"image":{"@id":"https:\/\/nanoclean24.com\/de\/#\/schema\/logo\/image\/"}}]}},"taxonomy_info":{"product_cat":[{"value":97,"label":"AC8 HOME"}]},"featured_image_src_large":["https:\/\/nanoclean24.com\/wp-content\/uploads\/2025\/07\/ac8-materac-5l.png",1010,1010,false],"author_info":[],"comment_info":"","_links":{"self":[{"href":"https:\/\/nanoclean24.com\/de\/wp-json\/wp\/v2\/product\/7776","targetHints":{"allow":["GET"]}}],"collection":[{"href":"https:\/\/nanoclean24.com\/de\/wp-json\/wp\/v2\/product"}],"about":[{"href":"https:\/\/nanoclean24.com\/de\/wp-json\/wp\/v2\/types\/product"}],"wp:featuredmedia":[{"embeddable":true,"href":"https:\/\/nanoclean24.com\/de\/wp-json\/wp\/v2\/media\/9881"}],"wp:attachment":[{"href":"https:\/\/nanoclean24.com\/de\/wp-json\/wp\/v2\/media?parent=7776"}],"wp:term":[{"taxonomy":"product_brand","embeddable":true,"href":"https:\/\/nanoclean24.com\/de\/wp-json\/wp\/v2\/product_brand?post=7776"},{"taxonomy":"product_cat","embeddable":true,"href":"https:\/\/nanoclean24.com\/de\/wp-json\/wp\/v2\/product_cat?post=7776"},{"taxonomy":"product_tag","embeddable":true,"href":"https:\/\/nanoclean24.com\/de\/wp-json\/wp\/v2\/product_tag?post=7776"}],"curies":[{"name":"wp","href":"https:\/\/api.w.org\/{rel}","templated":true}]}}