{"id":7763,"date":"2025-07-20T15:51:31","date_gmt":"2025-07-20T13:51:31","guid":{"rendered":"https:\/\/nanoclean24.com\/?post_type=product&#038;p=7763"},"modified":"2026-01-05T15:50:24","modified_gmt":"2026-01-05T14:50:24","slug":"nanoclean-kit-katze-matratze-kuhlschrank","status":"publish","type":"product","link":"https:\/\/nanoclean24.com\/de\/produkte\/nanoclean-kit-katze-matratze-kuhlschrank\/","title":{"rendered":"Nanoclean-Kit Katze, Matratze, K\u00fchlschrank"},"content":{"rendered":"<h3 style=\"text-align: center\"><strong>Nanoclean AC8 f\u00fcr Matratzen &#8211; Eine Revolution in Sachen Sauberkeit und Hygiene<\/strong><\/h3>\n<section id=\"section_1090632781\" class=\"section\">\n<div class=\"section-content relative\">\n<div id=\"row-843682668\" class=\"row\">\n<div id=\"col-1221031683\" class=\"col small-12 large-12\">\n<div class=\"col-inner\">\n<h3><strong>Anweisungen f\u00fcr den Gebrauch<\/strong><\/h3>\n<ol>\n<li>Hinweis: Befolgen Sie stets die Anweisungen des Matratzenherstellers.<\/li>\n<li>Entfernen Sie das Bettzeug und alle Schutzbez\u00fcge von der Matratze.<\/li>\n<li>Spr\u00fchen Sie NANOCLEAN AC8 FOR CLEANING AND DISINFECTING MATERIALS auf alle Oberfl\u00e4chen der Matratze, einschlie\u00dflich der Seiten und des Bodens, und warten Sie 5-15 Minuten, um alle Oberfl\u00e4chen zu dekontaminieren.<\/li>\n<li>Falls erforderlich, wischen Sie die Matratzenoberfl\u00e4chen mit einem sauberen, feuchten Tuch ab, um Produktreste zu entfernen.<\/li>\n<li>Lassen Sie die Matratze gr\u00fcndlich trocknen, bevor Sie das Bettzeug wieder auflegen.<\/li>\n<\/ol>\n<div id=\"image_905135812\" class=\"img has-hover x md-x lg-x y md-y lg-y\">\n<div class=\"img-inner dark\"><img fetchpriority=\"high\" decoding=\"async\" class=\"attachment-large size-large lazy-load-active\" src=\"https:\/\/ac8.pl\/wp-content\/uploads\/2024\/06\/materac-1024x512.png\" alt=\"\" width=\"1020\" height=\"510\" data-src=\"https:\/\/ac8.pl\/wp-content\/uploads\/2024\/06\/materac-1024x512.png\" data-srcset=\"https:\/\/ac8.pl\/wp-content\/uploads\/2024\/06\/materac-1024x512.png 1024w, https:\/\/ac8.pl\/wp-content\/uploads\/2024\/06\/materac-300x150.png 300w, https:\/\/ac8.pl\/wp-content\/uploads\/2024\/06\/materac-768x384.png 768w, https:\/\/ac8.pl\/wp-content\/uploads\/2024\/06\/materac-1320x660.png 1320w, https:\/\/ac8.pl\/wp-content\/uploads\/2024\/06\/materac-510x255.png 510w, https:\/\/ac8.pl\/wp-content\/uploads\/2024\/06\/materac.png 1382w\"><\/div>\n<\/div>\n<\/div>\n<\/div>\n<\/div>\n<\/div>\n<\/section>\n<section id=\"section_998321781\" class=\"section\">\n<div class=\"section-bg fill\"><\/div>\n<div class=\"section-content relative\">\n<div id=\"row-509657592\" class=\"row\">\n<div id=\"col-1432806284\" class=\"col small-12 large-12\">\n<div class=\"col-inner\">\n<p>Hinweis: NANOCLEAN AC8 eignet sich auch f\u00fcr Notf\u00e4lle. Es beseitigt sofort unangenehme Ger\u00fcche, reinigt und desinfiziert, wenn die Matratze mit Lebensmitteln, Urin, F\u00e4kalien usw. verunreinigt wurde. <\/p>\n<p>Biozidprodukte sollten mit Vorsicht verwendet werden. Lesen Sie vor jeder Anwendung das Etikett und die Produktinformationen. <\/p>\n<h3><strong>Zulassungen<\/strong><\/h3>\n<ul>\n<li>Genehmigung f\u00fcr das Inverkehrbringen von Biozid-Produkten: Nr. 7406\/18.<\/li>\n<li>PZH-Zulassung: Nr. B.BK.60112.0333.2023.<\/li>\n<li>NICHT entflammbar: alkoholfreie Formel auf Wasserbasis, nicht entflammbar, frei von S\u00e4uren, Phenolen, frei von organischen L\u00f6sungsmitteln.<\/li>\n<\/ul>\n<h3 style=\"text-align: center\"><strong>Nanoclean AC8 f\u00fcr Katzen &#8211; Eine Revolution in Sachen Sauberkeit und Hygiene<\/strong><\/h3>\n<section id=\"section_634285725\" class=\"section\">\n<div class=\"section-content relative\">\n<div id=\"row-1173411539\" class=\"row\">\n<div id=\"col-105906051\" class=\"col small-12 large-12\">\n<div class=\"col-inner\">\n<h3><strong>Anweisungen f\u00fcr den Gebrauch<\/strong><\/h3>\n<p>Hinweis: Befolgen Sie stets die Anweisungen des Herstellers der Tierausr\u00fcstung.<\/p>\n<ol>\n<li>R\u00e4umen Sie den Platz der Katze von Gegenst\u00e4nden frei, die die Reinigung behindern k\u00f6nnten.<\/li>\n<li>Spr\u00fchen Sie NANOCLEAN AC8 FOR CAT auf alle Oberfl\u00e4chen, einschlie\u00dflich Katzenbett, Spielzeug, N\u00e4pfe und andere Bereiche, und warten Sie 5-15 Minuten, um alle Oberfl\u00e4chen zu dekontaminieren.<\/li>\n<li>Falls erforderlich, wischen Sie die Oberfl\u00e4chen mit einem sauberen, feuchten Tuch ab, um Produktreste zu entfernen.<\/li>\n<li>Lassen Sie die Oberfl\u00e4chen vor der Wiederverwendung gr\u00fcndlich trocknen.<\/li>\n<\/ol>\n<h3><strong>Einzigartige Eigenschaften<\/strong><\/h3>\n<ul>\n<li><strong>Innovative chlorfreie und alkoholfreie Formel:<\/strong> Arbeitet ohne sch\u00e4dliche D\u00e4mpfe, sicher f\u00fcr die Gesundheit Ihrer Katze.<\/li>\n<li><strong>Beseitigung von Schimmel und Bakterien:<\/strong> Full Biocidal Spectrum ist die einzige L\u00f6sung auf dem Markt, die Bakterien, Viren, Pilze, Schimmel, Sporen und Mykobakterien wirksam beseitigt und so ein H\u00f6chstma\u00df an Hygiene gew\u00e4hrleistet.<\/li>\n<li><strong>Sicher f\u00fcr die Verwendung auf Oberfl\u00e4chen:<\/strong> Formuliert, um die empfindlichen Elemente des Katzenraums zu behandeln, ohne das Risiko einer Besch\u00e4digung.<\/li>\n<\/ul>\n<div id=\"image_2063294331\" class=\"img has-hover x md-x lg-x y md-y lg-y\">\n<div class=\"img-inner dark\"><img decoding=\"async\" class=\"attachment-large size-large lazy-load-active\" src=\"https:\/\/ac8.pl\/wp-content\/uploads\/2024\/06\/kot-1024x512.png\" alt=\"\" width=\"1020\" height=\"510\" data-src=\"https:\/\/ac8.pl\/wp-content\/uploads\/2024\/06\/kot-1024x512.png\" data-srcset=\"https:\/\/ac8.pl\/wp-content\/uploads\/2024\/06\/kot-1024x512.png 1024w, https:\/\/ac8.pl\/wp-content\/uploads\/2024\/06\/kot-300x150.png 300w, https:\/\/ac8.pl\/wp-content\/uploads\/2024\/06\/kot-768x384.png 768w, https:\/\/ac8.pl\/wp-content\/uploads\/2024\/06\/kot-1320x660.png 1320w, https:\/\/ac8.pl\/wp-content\/uploads\/2024\/06\/kot-510x255.png 510w, https:\/\/ac8.pl\/wp-content\/uploads\/2024\/06\/kot.png 1382w\"><\/div>\n<\/div>\n<\/div>\n<\/div>\n<\/div>\n<\/div>\n<\/section>\n<section id=\"section_360511651\" class=\"section\">\n<div class=\"section-bg fill\"><\/div>\n<div class=\"section-content relative\">\n<div id=\"row-1751254688\" class=\"row\">\n<div id=\"col-2144245726\" class=\"col small-12 large-12\">\n<div class=\"col-inner\">\n<p>Hinweis: NANOCLEAN AC8 bew\u00e4hrt sich auch in Notf\u00e4llen. Es beseitigt sofort unangenehme Ger\u00fcche, reinigt und desinfiziert, wenn der Katzenplatz mit Schimmel oder anderem organischen Schmutz verunreinigt ist.<\/p>\n<p>Biozidprodukte sollten mit Vorsicht verwendet werden. Lesen Sie vor jeder Anwendung das Etikett und die Produktinformationen. <\/p>\n<h3><strong>Zulassungen<\/strong><\/h3>\n<ul>\n<li>Genehmigung f\u00fcr das Inverkehrbringen von Biozid-Produkten: Nr. 7406\/18.<\/li>\n<li>PZH-Zulassung: Nr. B.BK.60112.0333.2023.<\/li>\n<li>NICHT entflammbar: alkoholfreie Formel auf Wasserbasis, nicht entflammbar, frei von S\u00e4uren, Phenolen, frei von organischen L\u00f6sungsmitteln.<\/li>\n<\/ul>\n<\/div>\n<h3 style=\"text-align: center\"><strong>Nanoclean AC8 f\u00fcr K\u00fchlschr\u00e4nke &#8211; Eine Revolution in Sachen Sauberkeit und Hygiene<\/strong><\/h3>\n<section id=\"section_1061128747\" class=\"section\">\n<div class=\"section-content relative\">\n<div id=\"row-625207180\" class=\"row\">\n<div id=\"col-844796543\" class=\"col small-12 large-12\">\n<div class=\"col-inner\">\n<section id=\"section_1123377278\" class=\"section\">\n<div class=\"section-content relative\">\n<div id=\"row-1015133765\" class=\"row\">\n<div id=\"col-297737058\" class=\"col small-12 large-12\">\n<div class=\"col-inner\">\n<h3><strong>Anweisungen f\u00fcr den Gebrauch<\/strong><\/h3>\n<p>Hinweis: Beachten Sie stets die Anweisungen des K\u00fchlschrankherstellers.<br \/>\n2. den K\u00fchlschrank entleeren und alle Lebensmittel herausnehmen.<br \/>\n3. alle Oberfl\u00e4chen im Inneren des K\u00fchlschranks mit NANOCLEAN AIR FOR fridge einspr\u00fchen.<br \/>\n4. 5-15 Minuten zur Entrauchung und Desinfektion warten.<br \/>\n5. Die bespr\u00fchten Fl\u00e4chen mit einem sauberen Schwamm oder Mikrofasertuch abwischen, dann mit Wasser absp\u00fclen und alle Fl\u00e4chen, die mit Lebensmitteln in Ber\u00fchrung kommen, trocken wischen.<br \/>\n6 Falls erforderlich, sp\u00fclen Sie die Einlegeb\u00f6den und andere abnehmbare Teile unter flie\u00dfendem Wasser ab und wischen Sie sie trocken.<br \/>\n7 Bauen Sie alle Teile wieder in den K\u00fchlschrank ein und legen Sie die Lebensmittel hinein.<\/p>\n<div id=\"image_950331876\" class=\"img has-hover x md-x lg-x y md-y lg-y\">\n<div class=\"img-inner dark\"><img decoding=\"async\" class=\"attachment-large size-large lazy-load-active\" src=\"https:\/\/ac8.pl\/wp-content\/uploads\/2024\/05\/lodowka-1024x512.png\" alt=\"\" width=\"1020\" height=\"510\" data-src=\"https:\/\/ac8.pl\/wp-content\/uploads\/2024\/05\/lodowka-1024x512.png\" data-srcset=\"https:\/\/ac8.pl\/wp-content\/uploads\/2024\/05\/lodowka-1024x512.png 1024w, https:\/\/ac8.pl\/wp-content\/uploads\/2024\/05\/lodowka-510x255.png 510w, https:\/\/ac8.pl\/wp-content\/uploads\/2024\/05\/lodowka-300x150.png 300w, https:\/\/ac8.pl\/wp-content\/uploads\/2024\/05\/lodowka-768x384.png 768w, https:\/\/ac8.pl\/wp-content\/uploads\/2024\/05\/lodowka-1536x768.png 1536w, https:\/\/ac8.pl\/wp-content\/uploads\/2024\/05\/lodowka-2048x1024.png 2048w, https:\/\/ac8.pl\/wp-content\/uploads\/2024\/05\/lodowka-1320x660.png 1320w\"><\/div>\n<\/div>\n<\/div>\n<\/div>\n<\/div>\n<\/div>\n<\/section>\n<section id=\"section_1857599755\" class=\"section\">\n<div class=\"section-bg fill\"><\/div>\n<div class=\"section-content relative\">\n<div id=\"row-2089850250\" class=\"row\">\n<div id=\"col-399327953\" class=\"col small-12 large-12\">\n<div class=\"col-inner\">\n<p>Nanoclean AC8 ist eine unverzichtbare L\u00f6sung, um K\u00fchlschr\u00e4nke sauber und hygienisch zu halten. Die regelm\u00e4\u00dfige Anwendung dieses Produkts sorgt f\u00fcr Frische, Hygiene und sichere Bedingungen f\u00fcr die Lagerung von Lebensmitteln in Ihrem K\u00fchlschrank, was zu einer besseren Qualit\u00e4t und l\u00e4ngeren Haltbarkeit von Lebensmitteln f\u00fchrt. <\/p>\n<p>Biozidprodukte sollten mit Vorsicht verwendet werden. Lesen Sie vor jeder Anwendung das Etikett und die Produktinformationen. <\/p>\n<\/div>\n<\/div>\n<\/div>\n<\/div>\n<\/section>\n<\/div>\n<\/div>\n<\/div>\n<\/div>\n<\/section>\n<\/div>\n<\/div>\n<\/div>\n<\/section>\n<\/div>\n<\/div>\n<\/div>\n<\/div>\n<\/section>\n","protected":false},"excerpt":{"rendered":"<p><strong>Gebrauchsfertiges Nanoclean-Kit bestehend aus:<\/strong><\/p>\n<ul>\n<li>\n<p class=\"product-title product_title entry-title\">NANOCLEAN\u00ae AC8 Matratzenreiniger und -desinfektionsmittel f\u00fcr zu Hause<\/p>\n<\/li>\n<li>\n<p class=\"product-title product_title entry-title\">NANOCLEAN\u00ae AC8 Home f\u00fcr Katzen<\/p>\n<\/li>\n<li>\n<p class=\"product-title product_title entry-title\">Reinigungs- und Desinfektionsmittel f\u00fcr K\u00fchlschr\u00e4nke NANOCLEAN\u00ae AC8 Home<\/p>\n<\/li>\n<\/ul>\n","protected":false},"featured_media":3623,"template":"","meta":{"_kad_blocks_custom_css":"","_kad_blocks_head_custom_js":"","_kad_blocks_body_custom_js":"","_kad_blocks_footer_custom_js":"","_kad_post_transparent":"","_kad_post_title":"","_kad_post_layout":"","_kad_post_sidebar_id":"","_kad_post_content_style":"","_kad_post_vertical_padding":"","_kad_post_feature":"","_kad_post_feature_position":"","_kad_post_header":false,"_kad_post_footer":false,"_kad_post_classname":""},"product_brand":[],"product_cat":[97],"product_tag":[],"class_list":{"0":"post-7763","1":"product","2":"type-product","3":"status-publish","4":"has-post-thumbnail","6":"product_cat-home-de","8":"first","9":"instock","10":"taxable","11":"shipping-taxable","12":"purchasable","13":"product-type-simple","14":"entry","15":"content-bg","16":"loop-entry"},"yoast_head":"<!-- This site is optimized with the Yoast SEO plugin v27.2 - https:\/\/yoast.com\/product\/yoast-seo-wordpress\/ -->\n<title>Nanoclean-Kit Katze, Matratze, K\u00fchlschrank - NANOCLEAN<\/title>\n<meta name=\"robots\" content=\"index, follow, max-snippet:-1, max-image-preview:large, max-video-preview:-1\" \/>\n<link rel=\"canonical\" href=\"https:\/\/nanoclean24.com\/de\/produkte\/nanoclean-kit-katze-matratze-kuhlschrank\/\" \/>\n<meta property=\"og:locale\" content=\"de_DE\" \/>\n<meta property=\"og:type\" content=\"article\" \/>\n<meta property=\"og:title\" content=\"Nanoclean-Kit Katze, Matratze, K\u00fchlschrank - NANOCLEAN\" \/>\n<meta property=\"og:description\" content=\"Gebrauchsfertiges Nanoclean-Kit bestehend aus:   NANOCLEAN\u00ae AC8 Matratzenreiniger und -desinfektionsmittel f\u00fcr zu Hause   NANOCLEAN\u00ae AC8 Home f\u00fcr Katzen   Reinigungs- und Desinfektionsmittel f\u00fcr K\u00fchlschr\u00e4nke NANOCLEAN\u00ae AC8 Home\" \/>\n<meta property=\"og:url\" content=\"https:\/\/nanoclean24.com\/de\/produkte\/nanoclean-kit-katze-matratze-kuhlschrank\/\" \/>\n<meta property=\"og:site_name\" content=\"NANOCLEAN\" \/>\n<meta property=\"article:modified_time\" content=\"2026-01-05T14:50:24+00:00\" \/>\n<meta property=\"og:image\" content=\"https:\/\/nanoclean24.com\/wp-content\/uploads\/2025\/07\/Zestaw-Nanoclean-kot-materac-lodowka.webp\" \/>\n\t<meta property=\"og:image:width\" content=\"1080\" \/>\n\t<meta property=\"og:image:height\" content=\"1080\" \/>\n\t<meta property=\"og:image:type\" content=\"image\/webp\" \/>\n<meta name=\"twitter:card\" content=\"summary_large_image\" \/>\n<meta name=\"twitter:label1\" content=\"Gesch\u00e4tzte Lesezeit\" \/>\n\t<meta name=\"twitter:data1\" content=\"3\u00a0Minuten\" \/>\n<script type=\"application\/ld+json\" class=\"yoast-schema-graph\">{\"@context\":\"https:\/\/schema.org\",\"@graph\":[{\"@type\":\"WebPage\",\"@id\":\"https:\/\/nanoclean24.com\/de\/produkte\/nanoclean-kit-katze-matratze-kuhlschrank\/\",\"url\":\"https:\/\/nanoclean24.com\/de\/produkte\/nanoclean-kit-katze-matratze-kuhlschrank\/\",\"name\":\"Nanoclean-Kit Katze, Matratze, K\u00fchlschrank - NANOCLEAN\",\"isPartOf\":{\"@id\":\"https:\/\/nanoclean24.com\/de\/#website\"},\"primaryImageOfPage\":{\"@id\":\"https:\/\/nanoclean24.com\/de\/produkte\/nanoclean-kit-katze-matratze-kuhlschrank\/#primaryimage\"},\"image\":{\"@id\":\"https:\/\/nanoclean24.com\/de\/produkte\/nanoclean-kit-katze-matratze-kuhlschrank\/#primaryimage\"},\"thumbnailUrl\":\"https:\/\/nanoclean24.com\/wp-content\/uploads\/2025\/07\/Zestaw-Nanoclean-kot-materac-lodowka.webp\",\"datePublished\":\"2025-07-20T13:51:31+00:00\",\"dateModified\":\"2026-01-05T14:50:24+00:00\",\"breadcrumb\":{\"@id\":\"https:\/\/nanoclean24.com\/de\/produkte\/nanoclean-kit-katze-matratze-kuhlschrank\/#breadcrumb\"},\"inLanguage\":\"de\",\"potentialAction\":[{\"@type\":\"ReadAction\",\"target\":[\"https:\/\/nanoclean24.com\/de\/produkte\/nanoclean-kit-katze-matratze-kuhlschrank\/\"]}]},{\"@type\":\"ImageObject\",\"inLanguage\":\"de\",\"@id\":\"https:\/\/nanoclean24.com\/de\/produkte\/nanoclean-kit-katze-matratze-kuhlschrank\/#primaryimage\",\"url\":\"https:\/\/nanoclean24.com\/wp-content\/uploads\/2025\/07\/Zestaw-Nanoclean-kot-materac-lodowka.webp\",\"contentUrl\":\"https:\/\/nanoclean24.com\/wp-content\/uploads\/2025\/07\/Zestaw-Nanoclean-kot-materac-lodowka.webp\",\"width\":1080,\"height\":1080},{\"@type\":\"BreadcrumbList\",\"@id\":\"https:\/\/nanoclean24.com\/de\/produkte\/nanoclean-kit-katze-matratze-kuhlschrank\/#breadcrumb\",\"itemListElement\":[{\"@type\":\"ListItem\",\"position\":1,\"name\":\"Strona g\u0142\u00f3wna\",\"item\":\"https:\/\/nanoclean24.com\/de\/\"},{\"@type\":\"ListItem\",\"position\":2,\"name\":\"Shop\",\"item\":\"https:\/\/nanoclean24.com\/de\/shop\/\"},{\"@type\":\"ListItem\",\"position\":3,\"name\":\"Nanoclean-Kit Katze, Matratze, K\u00fchlschrank\"}]},{\"@type\":\"WebSite\",\"@id\":\"https:\/\/nanoclean24.com\/de\/#website\",\"url\":\"https:\/\/nanoclean24.com\/de\/\",\"name\":\"NanoClean\",\"description\":\"\",\"publisher\":{\"@id\":\"https:\/\/nanoclean24.com\/de\/#organization\"},\"potentialAction\":[{\"@type\":\"SearchAction\",\"target\":{\"@type\":\"EntryPoint\",\"urlTemplate\":\"https:\/\/nanoclean24.com\/de\/?s={search_term_string}\"},\"query-input\":{\"@type\":\"PropertyValueSpecification\",\"valueRequired\":true,\"valueName\":\"search_term_string\"}}],\"inLanguage\":\"de\"},{\"@type\":\"Organization\",\"@id\":\"https:\/\/nanoclean24.com\/de\/#organization\",\"name\":\"NanoClean\",\"url\":\"https:\/\/nanoclean24.com\/de\/\",\"logo\":{\"@type\":\"ImageObject\",\"inLanguage\":\"de\",\"@id\":\"https:\/\/nanoclean24.com\/de\/#\/schema\/logo\/image\/\",\"url\":\"https:\/\/nanoclean24.com\/wp-content\/uploads\/2025\/07\/logo-2.jpg\",\"contentUrl\":\"https:\/\/nanoclean24.com\/wp-content\/uploads\/2025\/07\/logo-2.jpg\",\"width\":1068,\"height\":224,\"caption\":\"NanoClean\"},\"image\":{\"@id\":\"https:\/\/nanoclean24.com\/de\/#\/schema\/logo\/image\/\"}}]}<\/script>\n<!-- \/ Yoast SEO plugin. -->","yoast_head_json":{"title":"Nanoclean-Kit Katze, Matratze, K\u00fchlschrank - NANOCLEAN","robots":{"index":"index","follow":"follow","max-snippet":"max-snippet:-1","max-image-preview":"max-image-preview:large","max-video-preview":"max-video-preview:-1"},"canonical":"https:\/\/nanoclean24.com\/de\/produkte\/nanoclean-kit-katze-matratze-kuhlschrank\/","og_locale":"de_DE","og_type":"article","og_title":"Nanoclean-Kit Katze, Matratze, K\u00fchlschrank - NANOCLEAN","og_description":"Gebrauchsfertiges Nanoclean-Kit bestehend aus:   NANOCLEAN\u00ae AC8 Matratzenreiniger und -desinfektionsmittel f\u00fcr zu Hause   NANOCLEAN\u00ae AC8 Home f\u00fcr Katzen   Reinigungs- und Desinfektionsmittel f\u00fcr K\u00fchlschr\u00e4nke NANOCLEAN\u00ae AC8 Home","og_url":"https:\/\/nanoclean24.com\/de\/produkte\/nanoclean-kit-katze-matratze-kuhlschrank\/","og_site_name":"NANOCLEAN","article_modified_time":"2026-01-05T14:50:24+00:00","og_image":[{"width":1080,"height":1080,"url":"https:\/\/nanoclean24.com\/wp-content\/uploads\/2025\/07\/Zestaw-Nanoclean-kot-materac-lodowka.webp","type":"image\/webp"}],"twitter_card":"summary_large_image","twitter_misc":{"Gesch\u00e4tzte Lesezeit":"3\u00a0Minuten"},"schema":{"@context":"https:\/\/schema.org","@graph":[{"@type":"WebPage","@id":"https:\/\/nanoclean24.com\/de\/produkte\/nanoclean-kit-katze-matratze-kuhlschrank\/","url":"https:\/\/nanoclean24.com\/de\/produkte\/nanoclean-kit-katze-matratze-kuhlschrank\/","name":"Nanoclean-Kit Katze, Matratze, K\u00fchlschrank - NANOCLEAN","isPartOf":{"@id":"https:\/\/nanoclean24.com\/de\/#website"},"primaryImageOfPage":{"@id":"https:\/\/nanoclean24.com\/de\/produkte\/nanoclean-kit-katze-matratze-kuhlschrank\/#primaryimage"},"image":{"@id":"https:\/\/nanoclean24.com\/de\/produkte\/nanoclean-kit-katze-matratze-kuhlschrank\/#primaryimage"},"thumbnailUrl":"https:\/\/nanoclean24.com\/wp-content\/uploads\/2025\/07\/Zestaw-Nanoclean-kot-materac-lodowka.webp","datePublished":"2025-07-20T13:51:31+00:00","dateModified":"2026-01-05T14:50:24+00:00","breadcrumb":{"@id":"https:\/\/nanoclean24.com\/de\/produkte\/nanoclean-kit-katze-matratze-kuhlschrank\/#breadcrumb"},"inLanguage":"de","potentialAction":[{"@type":"ReadAction","target":["https:\/\/nanoclean24.com\/de\/produkte\/nanoclean-kit-katze-matratze-kuhlschrank\/"]}]},{"@type":"ImageObject","inLanguage":"de","@id":"https:\/\/nanoclean24.com\/de\/produkte\/nanoclean-kit-katze-matratze-kuhlschrank\/#primaryimage","url":"https:\/\/nanoclean24.com\/wp-content\/uploads\/2025\/07\/Zestaw-Nanoclean-kot-materac-lodowka.webp","contentUrl":"https:\/\/nanoclean24.com\/wp-content\/uploads\/2025\/07\/Zestaw-Nanoclean-kot-materac-lodowka.webp","width":1080,"height":1080},{"@type":"BreadcrumbList","@id":"https:\/\/nanoclean24.com\/de\/produkte\/nanoclean-kit-katze-matratze-kuhlschrank\/#breadcrumb","itemListElement":[{"@type":"ListItem","position":1,"name":"Strona g\u0142\u00f3wna","item":"https:\/\/nanoclean24.com\/de\/"},{"@type":"ListItem","position":2,"name":"Shop","item":"https:\/\/nanoclean24.com\/de\/shop\/"},{"@type":"ListItem","position":3,"name":"Nanoclean-Kit Katze, Matratze, K\u00fchlschrank"}]},{"@type":"WebSite","@id":"https:\/\/nanoclean24.com\/de\/#website","url":"https:\/\/nanoclean24.com\/de\/","name":"NanoClean","description":"","publisher":{"@id":"https:\/\/nanoclean24.com\/de\/#organization"},"potentialAction":[{"@type":"SearchAction","target":{"@type":"EntryPoint","urlTemplate":"https:\/\/nanoclean24.com\/de\/?s={search_term_string}"},"query-input":{"@type":"PropertyValueSpecification","valueRequired":true,"valueName":"search_term_string"}}],"inLanguage":"de"},{"@type":"Organization","@id":"https:\/\/nanoclean24.com\/de\/#organization","name":"NanoClean","url":"https:\/\/nanoclean24.com\/de\/","logo":{"@type":"ImageObject","inLanguage":"de","@id":"https:\/\/nanoclean24.com\/de\/#\/schema\/logo\/image\/","url":"https:\/\/nanoclean24.com\/wp-content\/uploads\/2025\/07\/logo-2.jpg","contentUrl":"https:\/\/nanoclean24.com\/wp-content\/uploads\/2025\/07\/logo-2.jpg","width":1068,"height":224,"caption":"NanoClean"},"image":{"@id":"https:\/\/nanoclean24.com\/de\/#\/schema\/logo\/image\/"}}]}},"taxonomy_info":{"product_cat":[{"value":97,"label":"AC8 HOME"}]},"featured_image_src_large":["https:\/\/nanoclean24.com\/wp-content\/uploads\/2025\/07\/Zestaw-Nanoclean-kot-materac-lodowka-1024x1024.webp",1024,1024,true],"author_info":[],"comment_info":"","_links":{"self":[{"href":"https:\/\/nanoclean24.com\/de\/wp-json\/wp\/v2\/product\/7763","targetHints":{"allow":["GET"]}}],"collection":[{"href":"https:\/\/nanoclean24.com\/de\/wp-json\/wp\/v2\/product"}],"about":[{"href":"https:\/\/nanoclean24.com\/de\/wp-json\/wp\/v2\/types\/product"}],"wp:featuredmedia":[{"embeddable":true,"href":"https:\/\/nanoclean24.com\/de\/wp-json\/wp\/v2\/media\/3623"}],"wp:attachment":[{"href":"https:\/\/nanoclean24.com\/de\/wp-json\/wp\/v2\/media?parent=7763"}],"wp:term":[{"taxonomy":"product_brand","embeddable":true,"href":"https:\/\/nanoclean24.com\/de\/wp-json\/wp\/v2\/product_brand?post=7763"},{"taxonomy":"product_cat","embeddable":true,"href":"https:\/\/nanoclean24.com\/de\/wp-json\/wp\/v2\/product_cat?post=7763"},{"taxonomy":"product_tag","embeddable":true,"href":"https:\/\/nanoclean24.com\/de\/wp-json\/wp\/v2\/product_tag?post=7763"}],"curies":[{"name":"wp","href":"https:\/\/api.w.org\/{rel}","templated":true}]}}