{"id":6160,"date":"2025-07-19T22:31:55","date_gmt":"2025-07-19T20:31:55","guid":{"rendered":"https:\/\/nanoclean24.com\/produkt\/c30-tyre-shine\/"},"modified":"2025-10-24T17:30:59","modified_gmt":"2025-10-24T15:30:59","slug":"c30-tyre-shine","status":"publish","type":"product","link":"https:\/\/nanoclean24.com\/de\/produkte\/c30-tyre-shine\/","title":{"rendered":"C30 TYRE SHINE 500ML"},"content":{"rendered":"<p>C30 TYRE SHINE ist ein professionelles Pr\u00e4parat, das das Aussehen eines neuen Reifens wiederherstellt, Gummi- und Kunststoffteile erneuert, regeneriert und sch\u00fctzt. Das Produkt ist ideal f\u00fcr die Restaurierung von Reifen, unlackierten Sto\u00dfstangen, Kunststoff- und Gummikarosserieteilen und Komponenten unter der Motorhaube. Damit erhalten Ihre Reifen ihre intensive schwarze Farbe zur\u00fcck und Kunststoff- und Gummioberfl\u00e4chen erhalten ein \u00e4sthetisch ansprechendes, frisches Aussehen.  <\/p>\n<p>C30 TYRE SHINE verhindert wirksam die schnelle Verschmutzung von Oberfl\u00e4chen und sch\u00fctzt vor Verf\u00e4rbungen und negativen Auswirkungen von Salz. Dar\u00fcber hinaus verleiht das Produkt ein \u00e4sthetisch ansprechendes mattes Aussehen oder, je nach Anwendung, einen intensiven Glanzeffekt. Es ist ein einfach anzuwendendes Pr\u00e4parat, das eine lang anhaltende Wirkung garantiert und das Aussehen des Fahrzeugs verbessert.  <\/p>\n<h3><strong>\ud83d\udccb Gebrauchsanweisung<\/strong><\/h3>\n<ol>\n<li>Tragen Sie das Produkt durch Spr\u00fchen oder mit einem getr\u00e4nkten Schwamm auf eine saubere Oberfl\u00e4che (Reifen, Sto\u00dfstange, Kunststoff) auf.<\/li>\n<li>Gleichm\u00e4\u00dfig verteilen und trocknen lassen.<\/li>\n<li>Wenn Sie einen Glanzeffekt w\u00fcnschen, lassen Sie das Produkt ohne Abwischen einwirken.<\/li>\n<\/ol>\n","protected":false},"excerpt":{"rendered":"<h3>Vorbereitung zum Gl\u00e4nzen von Reifen, Gummi- und Kunststoffteilen | NANOCLEAN<\/h3>\n<p>\u2705 <strong>Stellt den Effekt eines<\/strong> neuen schwarzen Reifens <strong>wieder her<\/strong><\/p>\n<p><strong> \u2705 Restauriert und \u00fcberholt<\/strong> Gummi- und Kunststoffteile des Fahrzeugs<\/p>\n<p>\u2705 S <strong>ch\u00fctzt<\/strong> vor Schmutz und Verf\u00e4rbung<\/p>\n<p>\u2705 S <strong>ch\u00fctzt<\/strong> vor den Auswirkungen von Salz<\/p>\n<p>\u2705 <strong>M\u00f6glichkeit, einen matten oder gl\u00e4nzenden Effekt zu erzielen<\/strong><\/p>\n<p>\u2705 <strong>Leicht aufzutragen,<\/strong> aufspr\u00fchen und abwischen<\/p>\n","protected":false},"featured_media":3166,"template":"","meta":{"_kad_blocks_custom_css":"","_kad_blocks_head_custom_js":"","_kad_blocks_body_custom_js":"","_kad_blocks_footer_custom_js":"","_kad_post_transparent":"default","_kad_post_title":"","_kad_post_layout":"default","_kad_post_sidebar_id":"","_kad_post_content_style":"default","_kad_post_vertical_padding":"default","_kad_post_feature":"","_kad_post_feature_position":"","_kad_post_header":false,"_kad_post_footer":false,"_kad_post_classname":""},"product_brand":[],"product_cat":[107],"product_tag":[],"class_list":{"0":"post-6160","1":"product","2":"type-product","3":"status-publish","4":"has-post-thumbnail","6":"product_cat-car-de","8":"first","9":"instock","10":"taxable","11":"shipping-taxable","12":"purchasable","13":"product-type-simple","14":"entry","15":"content-bg","16":"loop-entry"},"yoast_head":"<!-- This site is optimized with the Yoast SEO plugin v27.4 - https:\/\/yoast.com\/product\/yoast-seo-wordpress\/ -->\n<title>C30 TYRE SHINE 500ML - NANOCLEAN<\/title>\n<meta name=\"robots\" content=\"index, follow, max-snippet:-1, max-image-preview:large, max-video-preview:-1\" \/>\n<link rel=\"canonical\" href=\"https:\/\/nanoclean24.com\/de\/produkte\/c30-tyre-shine\/\" \/>\n<meta property=\"og:locale\" content=\"de_DE\" \/>\n<meta property=\"og:type\" content=\"article\" \/>\n<meta property=\"og:title\" content=\"C30 TYRE SHINE 500ML - NANOCLEAN\" \/>\n<meta property=\"og:description\" content=\"Vorbereitung zum Gl\u00e4nzen von Reifen, Gummi- und Kunststoffteilen | NANOCLEAN \u2705 Stellt den Effekt eines neuen schwarzen Reifens wieder her   \u2705 Restauriert und \u00fcberholt Gummi- und Kunststoffteile des Fahrzeugs  \u2705 S ch\u00fctzt vor Schmutz und Verf\u00e4rbung  \u2705 S ch\u00fctzt vor den Auswirkungen von Salz  \u2705 M\u00f6glichkeit, einen matten oder gl\u00e4nzenden Effekt zu erzielen  \u2705 Leicht aufzutragen, aufspr\u00fchen und abwischen\" \/>\n<meta property=\"og:url\" content=\"https:\/\/nanoclean24.com\/de\/produkte\/c30-tyre-shine\/\" \/>\n<meta property=\"og:site_name\" content=\"NANOCLEAN\" \/>\n<meta property=\"article:modified_time\" content=\"2025-10-24T15:30:59+00:00\" \/>\n<meta property=\"og:image\" content=\"https:\/\/nanoclean24.com\/wp-content\/uploads\/2025\/07\/c30.jpg\" \/>\n\t<meta property=\"og:image:width\" content=\"1200\" \/>\n\t<meta property=\"og:image:height\" content=\"1200\" \/>\n\t<meta property=\"og:image:type\" content=\"image\/jpeg\" \/>\n<meta name=\"twitter:card\" content=\"summary_large_image\" \/>\n<meta name=\"twitter:label1\" content=\"Gesch\u00e4tzte Lesezeit\" \/>\n\t<meta name=\"twitter:data1\" content=\"1\u00a0Minute\" \/>\n<script type=\"application\/ld+json\" class=\"yoast-schema-graph\">{\"@context\":\"https:\\\/\\\/schema.org\",\"@graph\":[{\"@type\":\"WebPage\",\"@id\":\"https:\\\/\\\/nanoclean24.com\\\/de\\\/produkte\\\/c30-tyre-shine\\\/\",\"url\":\"https:\\\/\\\/nanoclean24.com\\\/de\\\/produkte\\\/c30-tyre-shine\\\/\",\"name\":\"C30 TYRE SHINE 500ML - NANOCLEAN\",\"isPartOf\":{\"@id\":\"https:\\\/\\\/nanoclean24.com\\\/de\\\/#website\"},\"primaryImageOfPage\":{\"@id\":\"https:\\\/\\\/nanoclean24.com\\\/de\\\/produkte\\\/c30-tyre-shine\\\/#primaryimage\"},\"image\":{\"@id\":\"https:\\\/\\\/nanoclean24.com\\\/de\\\/produkte\\\/c30-tyre-shine\\\/#primaryimage\"},\"thumbnailUrl\":\"https:\\\/\\\/nanoclean24.com\\\/wp-content\\\/uploads\\\/2025\\\/07\\\/c30.jpg\",\"datePublished\":\"2025-07-19T20:31:55+00:00\",\"dateModified\":\"2025-10-24T15:30:59+00:00\",\"breadcrumb\":{\"@id\":\"https:\\\/\\\/nanoclean24.com\\\/de\\\/produkte\\\/c30-tyre-shine\\\/#breadcrumb\"},\"inLanguage\":\"de\",\"potentialAction\":[{\"@type\":\"ReadAction\",\"target\":[\"https:\\\/\\\/nanoclean24.com\\\/de\\\/produkte\\\/c30-tyre-shine\\\/\"]}]},{\"@type\":\"ImageObject\",\"inLanguage\":\"de\",\"@id\":\"https:\\\/\\\/nanoclean24.com\\\/de\\\/produkte\\\/c30-tyre-shine\\\/#primaryimage\",\"url\":\"https:\\\/\\\/nanoclean24.com\\\/wp-content\\\/uploads\\\/2025\\\/07\\\/c30.jpg\",\"contentUrl\":\"https:\\\/\\\/nanoclean24.com\\\/wp-content\\\/uploads\\\/2025\\\/07\\\/c30.jpg\",\"width\":1200,\"height\":1200},{\"@type\":\"BreadcrumbList\",\"@id\":\"https:\\\/\\\/nanoclean24.com\\\/de\\\/produkte\\\/c30-tyre-shine\\\/#breadcrumb\",\"itemListElement\":[{\"@type\":\"ListItem\",\"position\":1,\"name\":\"Strona g\u0142\u00f3wna\",\"item\":\"https:\\\/\\\/nanoclean24.com\\\/de\\\/\"},{\"@type\":\"ListItem\",\"position\":2,\"name\":\"Shop\",\"item\":\"https:\\\/\\\/nanoclean24.com\\\/de\\\/shop\\\/\"},{\"@type\":\"ListItem\",\"position\":3,\"name\":\"C30 TYRE SHINE 500ML\"}]},{\"@type\":\"WebSite\",\"@id\":\"https:\\\/\\\/nanoclean24.com\\\/de\\\/#website\",\"url\":\"https:\\\/\\\/nanoclean24.com\\\/de\\\/\",\"name\":\"NanoClean\",\"description\":\"\",\"publisher\":{\"@id\":\"https:\\\/\\\/nanoclean24.com\\\/de\\\/#organization\"},\"potentialAction\":[{\"@type\":\"SearchAction\",\"target\":{\"@type\":\"EntryPoint\",\"urlTemplate\":\"https:\\\/\\\/nanoclean24.com\\\/de\\\/?s={search_term_string}\"},\"query-input\":{\"@type\":\"PropertyValueSpecification\",\"valueRequired\":true,\"valueName\":\"search_term_string\"}}],\"inLanguage\":\"de\"},{\"@type\":\"Organization\",\"@id\":\"https:\\\/\\\/nanoclean24.com\\\/de\\\/#organization\",\"name\":\"NanoClean\",\"url\":\"https:\\\/\\\/nanoclean24.com\\\/de\\\/\",\"logo\":{\"@type\":\"ImageObject\",\"inLanguage\":\"de\",\"@id\":\"https:\\\/\\\/nanoclean24.com\\\/de\\\/#\\\/schema\\\/logo\\\/image\\\/\",\"url\":\"https:\\\/\\\/nanoclean24.com\\\/wp-content\\\/uploads\\\/2025\\\/07\\\/logo-2.jpg\",\"contentUrl\":\"https:\\\/\\\/nanoclean24.com\\\/wp-content\\\/uploads\\\/2025\\\/07\\\/logo-2.jpg\",\"width\":1068,\"height\":224,\"caption\":\"NanoClean\"},\"image\":{\"@id\":\"https:\\\/\\\/nanoclean24.com\\\/de\\\/#\\\/schema\\\/logo\\\/image\\\/\"}}]}<\/script>\n<!-- \/ Yoast SEO plugin. -->","yoast_head_json":{"title":"C30 TYRE SHINE 500ML - NANOCLEAN","robots":{"index":"index","follow":"follow","max-snippet":"max-snippet:-1","max-image-preview":"max-image-preview:large","max-video-preview":"max-video-preview:-1"},"canonical":"https:\/\/nanoclean24.com\/de\/produkte\/c30-tyre-shine\/","og_locale":"de_DE","og_type":"article","og_title":"C30 TYRE SHINE 500ML - NANOCLEAN","og_description":"Vorbereitung zum Gl\u00e4nzen von Reifen, Gummi- und Kunststoffteilen | NANOCLEAN \u2705 Stellt den Effekt eines neuen schwarzen Reifens wieder her   \u2705 Restauriert und \u00fcberholt Gummi- und Kunststoffteile des Fahrzeugs  \u2705 S ch\u00fctzt vor Schmutz und Verf\u00e4rbung  \u2705 S ch\u00fctzt vor den Auswirkungen von Salz  \u2705 M\u00f6glichkeit, einen matten oder gl\u00e4nzenden Effekt zu erzielen  \u2705 Leicht aufzutragen, aufspr\u00fchen und abwischen","og_url":"https:\/\/nanoclean24.com\/de\/produkte\/c30-tyre-shine\/","og_site_name":"NANOCLEAN","article_modified_time":"2025-10-24T15:30:59+00:00","og_image":[{"width":1200,"height":1200,"url":"https:\/\/nanoclean24.com\/wp-content\/uploads\/2025\/07\/c30.jpg","type":"image\/jpeg"}],"twitter_card":"summary_large_image","twitter_misc":{"Gesch\u00e4tzte Lesezeit":"1\u00a0Minute"},"schema":{"@context":"https:\/\/schema.org","@graph":[{"@type":"WebPage","@id":"https:\/\/nanoclean24.com\/de\/produkte\/c30-tyre-shine\/","url":"https:\/\/nanoclean24.com\/de\/produkte\/c30-tyre-shine\/","name":"C30 TYRE SHINE 500ML - NANOCLEAN","isPartOf":{"@id":"https:\/\/nanoclean24.com\/de\/#website"},"primaryImageOfPage":{"@id":"https:\/\/nanoclean24.com\/de\/produkte\/c30-tyre-shine\/#primaryimage"},"image":{"@id":"https:\/\/nanoclean24.com\/de\/produkte\/c30-tyre-shine\/#primaryimage"},"thumbnailUrl":"https:\/\/nanoclean24.com\/wp-content\/uploads\/2025\/07\/c30.jpg","datePublished":"2025-07-19T20:31:55+00:00","dateModified":"2025-10-24T15:30:59+00:00","breadcrumb":{"@id":"https:\/\/nanoclean24.com\/de\/produkte\/c30-tyre-shine\/#breadcrumb"},"inLanguage":"de","potentialAction":[{"@type":"ReadAction","target":["https:\/\/nanoclean24.com\/de\/produkte\/c30-tyre-shine\/"]}]},{"@type":"ImageObject","inLanguage":"de","@id":"https:\/\/nanoclean24.com\/de\/produkte\/c30-tyre-shine\/#primaryimage","url":"https:\/\/nanoclean24.com\/wp-content\/uploads\/2025\/07\/c30.jpg","contentUrl":"https:\/\/nanoclean24.com\/wp-content\/uploads\/2025\/07\/c30.jpg","width":1200,"height":1200},{"@type":"BreadcrumbList","@id":"https:\/\/nanoclean24.com\/de\/produkte\/c30-tyre-shine\/#breadcrumb","itemListElement":[{"@type":"ListItem","position":1,"name":"Strona g\u0142\u00f3wna","item":"https:\/\/nanoclean24.com\/de\/"},{"@type":"ListItem","position":2,"name":"Shop","item":"https:\/\/nanoclean24.com\/de\/shop\/"},{"@type":"ListItem","position":3,"name":"C30 TYRE SHINE 500ML"}]},{"@type":"WebSite","@id":"https:\/\/nanoclean24.com\/de\/#website","url":"https:\/\/nanoclean24.com\/de\/","name":"NanoClean","description":"","publisher":{"@id":"https:\/\/nanoclean24.com\/de\/#organization"},"potentialAction":[{"@type":"SearchAction","target":{"@type":"EntryPoint","urlTemplate":"https:\/\/nanoclean24.com\/de\/?s={search_term_string}"},"query-input":{"@type":"PropertyValueSpecification","valueRequired":true,"valueName":"search_term_string"}}],"inLanguage":"de"},{"@type":"Organization","@id":"https:\/\/nanoclean24.com\/de\/#organization","name":"NanoClean","url":"https:\/\/nanoclean24.com\/de\/","logo":{"@type":"ImageObject","inLanguage":"de","@id":"https:\/\/nanoclean24.com\/de\/#\/schema\/logo\/image\/","url":"https:\/\/nanoclean24.com\/wp-content\/uploads\/2025\/07\/logo-2.jpg","contentUrl":"https:\/\/nanoclean24.com\/wp-content\/uploads\/2025\/07\/logo-2.jpg","width":1068,"height":224,"caption":"NanoClean"},"image":{"@id":"https:\/\/nanoclean24.com\/de\/#\/schema\/logo\/image\/"}}]}},"taxonomy_info":{"product_cat":[{"value":107,"label":"CAR"}]},"featured_image_src_large":["https:\/\/nanoclean24.com\/wp-content\/uploads\/2025\/07\/c30-1024x1024.jpg",1024,1024,true],"author_info":[],"comment_info":"","_links":{"self":[{"href":"https:\/\/nanoclean24.com\/de\/wp-json\/wp\/v2\/product\/6160","targetHints":{"allow":["GET"]}}],"collection":[{"href":"https:\/\/nanoclean24.com\/de\/wp-json\/wp\/v2\/product"}],"about":[{"href":"https:\/\/nanoclean24.com\/de\/wp-json\/wp\/v2\/types\/product"}],"wp:featuredmedia":[{"embeddable":true,"href":"https:\/\/nanoclean24.com\/de\/wp-json\/wp\/v2\/media\/3166"}],"wp:attachment":[{"href":"https:\/\/nanoclean24.com\/de\/wp-json\/wp\/v2\/media?parent=6160"}],"wp:term":[{"taxonomy":"product_brand","embeddable":true,"href":"https:\/\/nanoclean24.com\/de\/wp-json\/wp\/v2\/product_brand?post=6160"},{"taxonomy":"product_cat","embeddable":true,"href":"https:\/\/nanoclean24.com\/de\/wp-json\/wp\/v2\/product_cat?post=6160"},{"taxonomy":"product_tag","embeddable":true,"href":"https:\/\/nanoclean24.com\/de\/wp-json\/wp\/v2\/product_tag?post=6160"}],"curies":[{"name":"wp","href":"https:\/\/api.w.org\/{rel}","templated":true}]}}